{"id":21803,"date":"2020-01-03T16:38:31","date_gmt":"2020-01-03T16:38:31","guid":{"rendered":"https:\/\/www.accuratereviews.com\/?page_id=21803"},"modified":"2021-05-18T14:56:00","modified_gmt":"2021-05-18T14:56:00","slug":"holistics-recensione","status":"publish","type":"page","link":"https:\/\/www.accuratereviews.com\/it\/business-intelligence\/holistics-recensione\/","title":{"rendered":"Holistics"},"content":{"rendered":"<p><strong>Holistics<\/strong> \u00e8 un&#8217;<strong>applicazione di business intelligence (BI)<\/strong> basata su <strong>cloud<\/strong> con strumenti integrati di reportistica e preparazione dei dati. La soluzione funziona in un ambiente basato su SQL e consente alle aziende di connettere pi\u00f9 database SQL, eseguire query ad hoc, prevedere le tendenze e visualizzare i dati.\u00a0Il sistema crea automaticamente report su base periodica per query regolari. I rapporti generati sono personalizzabili e i dati all&#8217;interno di questi report possono essere configurati in base alle esigenze.\u00a0La dashboard di <strong>Holistics<\/strong> combina e visualizza i dati di pi\u00f9 report utilizzando diagrammi e grafici dinamici. La funzione di pianificazione della posta elettronica invia periodicamente resoconti e istantanee delle dashboard agli utenti.<\/p>\n<h2>HOLISTICS &#8211; TUTORIAL<\/h2>\n<p>Questo video spiega come unificare e modificare i dati da fonti diverse e come creare report su\u00a0dashboard con questo <strong>programma di Business Intelligence<\/strong>:<\/p>\n<div id=\"fluid-wrapper-counter-1\" class=\"g1-fluid-wrapper \" style=\"width:686px;\">\n<div style=\"padding-bottom:56.268221574344%;\"><iframe loading=\"lazy\" title=\"Holistics Full Overview Video\" width=\"686\" height=\"386\" src=\"https:\/\/www.youtube.com\/embed\/POhcv45-jh0?feature=oembed&amp;wmode=transparent&amp;autohide=1&amp;autoplay=0&amp;disablekb=0&amp;fs=1&amp;loop=0&amp;enablejsapi=1&amp;rel=0&amp;controls=2&amp;showinfo=0&amp;wmode=transparent&amp;autohide=2&amp;autoplay=0&amp;disablekb=0&amp;fs=1&amp;loop=0&amp;enablejsapi=1&amp;rel=0&amp;controls=2&amp;showinfo=1\" frameborder=\"0\" allow=\"accelerometer; autoplay; encrypted-media; gyroscope; picture-in-picture\" allowfullscreen><\/iframe><\/div>\n<\/div>\n<h3>HOLISTICS &#8211; CARATTERISTICHE<\/h3>\n<ul>\n<li><strong>Rapporti e grafici<\/strong>: visualizza e accedi ai dati in tempo reale dal tuo database online e filtra i dati necessari per ottenere approfondimenti e prendere decisioni<\/li>\n<li><strong>Metriche<\/strong>: le metriche automatizzano le misure aziendali chiave, per aiutarti a confrontare le loro prestazioni in un periodo di tempo a tua scelta<\/li>\n<li><strong>Filtri personalizzati e modelli di query<\/strong>: i filtri e i modelli di query rendono dinamici i dashboard, consentendo valori personalizzati in base alle diverse selezioni dell&#8217;utente, nonch\u00e9 frammenti SQL riutilizzabili per ridurre la duplicazione del lavoro durante la personalizzazione dei widget di reporting<\/li>\n<li><strong>Controlli delle autorizzazioni di accesso<\/strong>: il sistema di autorizzazioni flessibile e potente consente di personalizzare l&#8217;accesso per i gruppi di utenti a livello di report, origini dati e persino record<\/li>\n<li><strong>Pianificazioni email<\/strong>: le programmazioni email consentono di pianificare automaticamente e periodicamente dashboard email da inviare a dipendenti, clienti o partner<\/li>\n<li><strong>Dashboard incorporati:<\/strong> aggiungi dashboard personalizzati alla tua app. Ogni dashboard \u00a0fornisce un iframe sicuro che pu\u00f2 essere incorporato in qualsiasi pagina web<\/li>\n<li><strong>Collegamenti condivisibili:<\/strong> i collegamenti condivisibili sono collegamenti URL univoci che consentono di condividere le dashboard con parti interessate esterne e partner affinch\u00e9 possano esplorare facilmente le tue creazioni<\/li>\n<li><strong>Modalit\u00e0 di aggiornamento automatico<\/strong>: quando desideri proiettare la dashboard su un monitor a grande schermo per mantenere il tuo team sempre aggiornato, la modalit\u00e0 di aggiornamento automatico crea automaticamente le dashboard operative con gli ultimi dati, a un intervallo di tempo a tua scelta (minuti, base oraria, ecc.)<\/li>\n<li><strong>Dashboard PDF:<\/strong> \u00e8 possibile esportare \/ pianificare e-mail qualsiasi report \/ dashboard in file PDF. Supporta il formato PDF per: Programma e-mail, Programma lento, Esportazione diretta.<\/li>\n<\/ul>\n<h4>LE RECENSIONI DEGLI UTENTI<\/h4>\n<h4>Amrt S. &#8220;Grande facilit\u00e0 d&#8217;uso e centralit\u00e0 del cliente&#8221;<\/h4>\n<p><strong>Commenti<\/strong>: Siamo stati in grado di ridimensionare i report operativi e il processo decisionale grazie a Holistics<\/p>\n<p><strong>Vantaggi<\/strong>: facile da configurare. Supporto per dashboard basato su SQL MongoDB. Autorizzazione di accesso granulare<\/p>\n<p><strong>Inconvenienti<\/strong>: NA<\/p>\n<h4>Yong xiang P. &#8220;Uno dei migliori strumenti di BI sia per il team di dati che per gli utenti finali&#8221;<\/h4>\n<p><strong>Vantaggi<\/strong>: Holistics semplifica la creazione e la gestione di diversi dashboard e report per i team di dati, con modelli di query per semplificare la gestione dei codici di query SQL tra report diversi. Avere un&#8217;opzione ETL rende un grande vantaggio avere una soluzione full-stack. Una costante sorpresa che Holistics d\u00e0 sempre \u00e8 che le funzionalit\u00e0 sviluppate dal team sono sempre puntuali e ci\u00f2 che volevamo davvero. Il team di supporto \u00e8 reattivo anche nei fine settimana. Continua cos\u00ec! La maggior parte degli strumenti di BI ha in mente gli utenti finali e spesso \u00e8 un incubo per il team di dati creare e gestire i diversi dashboard e report. Eravamo su RJMetrics e abbiamo provato a cercare altre soluzioni come Lookr, Mode e nessuna delle alternative era migliore di RJ Metrics. La decisione di procedere con Holistics \u00e8 stata presa entro 10 minuti. Offre<\/p>\n<p><strong>Inconvenienti<\/strong>: l&#8217;interfaccia utente del dashboard non \u00e8 buona come gli altri strumenti di BI. Sebbene il dashboard delle metriche sia un buon ideale, non consentire ai modelli di query di funzionare nel dashboard delle metriche non \u00e8 possibile utilizzarlo come dashboard giornaliero.<\/p>\n<h4>Matt W. &#8220;Il miglior software di BI sul mercato&#8221;<\/h4>\n<p><strong>Commenti<\/strong>: Ottima esperienza nel complesso. Ha aiutato molto la nostra attivit\u00e0. Abbiamo pensato che il loro supporto ai clienti sarebbe stato un problema dato che si trovano in un fuso orario diverso in Asia, ma ci hanno piacevolmente sorpreso con risposte molto approfondite e reattive.<\/p>\n<p><strong>Vantaggi<\/strong>: caratteristiche \/ funzionalit\u00e0. Abbiamo testato circa una dozzina di software BI fino a quando non abbiamo finalmente finito con Holistics. Uno dei principali vantaggi di Holistics sono le caratteristiche \/ funzionalit\u00e0 che alcune delle altre aziende non supportano o hanno solo implementato in modo completamente diverso (in modi che non hanno molto senso). Inoltre, la loro nuova funzionalit\u00e0 di modifica dei dati sembra molto meglio del livello di modifica dei dati eccessivamente complicato di Looker (un&#8217;altra societ\u00e0 che abbiamo considerato).<\/p>\n<p><strong>Inconvenienti<\/strong>: Non ci sono molte cose brutte da dire, altrimenti non ci saremmo iscritti<\/p>\n","protected":false},"excerpt":{"rendered":"<p>Holistics \u00e8 un&#8217;applicazione di business intelligence (BI) basata su cloud con strumenti integrati di reportistica e preparazione dei dati. La soluzione funziona in un ambiente basato su SQL e consente alle aziende di connettere pi\u00f9 database SQL, eseguire query ad hoc, prevedere le tendenze e visualizzare i dati.\u00a0<\/p>\n","protected":false},"author":19,"featured_media":21806,"parent":32646,"menu_order":0,"comment_status":"open","ping_status":"closed","template":"g1_template_page_review_new.php","meta":{"_acf_changed":false,"cwp_meta_box_check":"Yes","cwp_rev_product_name":"","cwp_rev_product_image":"","wppr_links":[],"cwp_rev_price":"","wppr_options":[],"wppr_pros":[],"wppr_cons":[],"_monsterinsights_skip_tracking":false,"_monsterinsights_sitenote_active":false,"_monsterinsights_sitenote_note":"","_monsterinsights_sitenote_category":0,"footnotes":""},"categories":[1555],"tags":[1621,1565,1643,1557,1556,1558],"features":[],"class_list":{"0":"post-21803","1":"page","2":"type-page","3":"status-publish","4":"has-post-thumbnail","6":"category-business-intelligence-it","7":"tag-analisi-dati","8":"tag-business-intelligence","9":"tag-holistics","10":"tag-programma-business-intelligence","11":"tag-software-business-intelligence","12":"tag-soluzione-business-intelligence"},"wppr_data":{"cwp_meta_box_check":"Yes","cwp_rev_product_name":"","cwp_rev_product_image":"","cwp_image_link":"image","cwp_rev_price":"","wppr_rating":"0.00"},"acf":[],"yoast_head":"<!-- This site is optimized with the Yoast SEO plugin v27.4 - https:\/\/yoast.com\/product\/yoast-seo-wordpress\/ -->\n<title>Holistics: recensione software Business Intelligence - Accurate Reviews<\/title>\n<meta name=\"description\" content=\"Holistics: recensione applicazione di business intelligence (BI) basata su cloud con strumenti integrati di reportistica e preparazione dei dati.\" \/>\n<meta name=\"robots\" content=\"index, follow, max-snippet:-1, max-image-preview:large, max-video-preview:-1\" \/>\n<link rel=\"canonical\" href=\"https:\/\/www.accuratereviews.com\/it\/business-intelligence\/holistics-recensione\/\" \/>\n<meta property=\"og:locale\" content=\"it_IT\" \/>\n<meta property=\"og:type\" content=\"article\" \/>\n<meta property=\"og:title\" content=\"Holistics: recensione software Business Intelligence - Accurate Reviews\" \/>\n<meta property=\"og:description\" content=\"Holistics: recensione applicazione di business intelligence (BI) basata su cloud con strumenti integrati di reportistica e preparazione dei dati.\" \/>\n<meta property=\"og:url\" content=\"https:\/\/www.accuratereviews.com\/it\/business-intelligence\/holistics-recensione\/\" \/>\n<meta property=\"og:site_name\" content=\"Accurate Reviews\" \/>\n<meta property=\"article:modified_time\" content=\"2021-05-18T14:56:00+00:00\" \/>\n<meta property=\"og:image\" content=\"https:\/\/www.accuratereviews.com\/wp-content\/uploads\/2020\/01\/Holistics.png\" \/>\n\t<meta property=\"og:image:width\" content=\"250\" \/>\n\t<meta property=\"og:image:height\" content=\"250\" \/>\n\t<meta property=\"og:image:type\" content=\"image\/png\" \/>\n<meta name=\"twitter:card\" content=\"summary_large_image\" \/>\n<meta name=\"twitter:label1\" content=\"Tempo di lettura stimato\" \/>\n\t<meta name=\"twitter:data1\" content=\"4 minuti\" \/>\n<script type=\"application\/ld+json\" class=\"yoast-schema-graph\">{\"@context\":\"https:\\\/\\\/schema.org\",\"@graph\":[{\"@type\":\"WebPage\",\"@id\":\"https:\\\/\\\/www.accuratereviews.com\\\/it\\\/business-intelligence\\\/holistics-recensione\\\/\",\"url\":\"https:\\\/\\\/www.accuratereviews.com\\\/it\\\/business-intelligence\\\/holistics-recensione\\\/\",\"name\":\"Holistics: recensione software Business Intelligence - Accurate Reviews\",\"isPartOf\":{\"@id\":\"https:\\\/\\\/www.accuratereviews.com\\\/it\\\/#website\"},\"primaryImageOfPage\":{\"@id\":\"https:\\\/\\\/www.accuratereviews.com\\\/it\\\/business-intelligence\\\/holistics-recensione\\\/#primaryimage\"},\"image\":{\"@id\":\"https:\\\/\\\/www.accuratereviews.com\\\/it\\\/business-intelligence\\\/holistics-recensione\\\/#primaryimage\"},\"thumbnailUrl\":\"https:\\\/\\\/www.accuratereviews.com\\\/wp-content\\\/uploads\\\/2020\\\/01\\\/Holistics.png\",\"datePublished\":\"2020-01-03T16:38:31+00:00\",\"dateModified\":\"2021-05-18T14:56:00+00:00\",\"description\":\"Holistics: recensione applicazione di business intelligence (BI) basata su cloud con strumenti integrati di reportistica e preparazione dei dati.\",\"breadcrumb\":{\"@id\":\"https:\\\/\\\/www.accuratereviews.com\\\/it\\\/business-intelligence\\\/holistics-recensione\\\/#breadcrumb\"},\"inLanguage\":\"it-IT\",\"potentialAction\":[{\"@type\":\"ReadAction\",\"target\":[\"https:\\\/\\\/www.accuratereviews.com\\\/it\\\/business-intelligence\\\/holistics-recensione\\\/\"]}]},{\"@type\":\"ImageObject\",\"inLanguage\":\"it-IT\",\"@id\":\"https:\\\/\\\/www.accuratereviews.com\\\/it\\\/business-intelligence\\\/holistics-recensione\\\/#primaryimage\",\"url\":\"https:\\\/\\\/www.accuratereviews.com\\\/wp-content\\\/uploads\\\/2020\\\/01\\\/Holistics.png\",\"contentUrl\":\"https:\\\/\\\/www.accuratereviews.com\\\/wp-content\\\/uploads\\\/2020\\\/01\\\/Holistics.png\",\"width\":250,\"height\":250},{\"@type\":\"BreadcrumbList\",\"@id\":\"https:\\\/\\\/www.accuratereviews.com\\\/it\\\/business-intelligence\\\/holistics-recensione\\\/#breadcrumb\",\"itemListElement\":[{\"@type\":\"ListItem\",\"position\":1,\"name\":\"Home\",\"item\":\"https:\\\/\\\/www.accuratereviews.com\\\/it\\\/\"},{\"@type\":\"ListItem\",\"position\":2,\"name\":\"Business intelligence\",\"item\":\"https:\\\/\\\/www.accuratereviews.com\\\/it\\\/business-intelligence\\\/\"},{\"@type\":\"ListItem\",\"position\":3,\"name\":\"Holistics\"}]},{\"@type\":\"WebSite\",\"@id\":\"https:\\\/\\\/www.accuratereviews.com\\\/it\\\/#website\",\"url\":\"https:\\\/\\\/www.accuratereviews.com\\\/it\\\/\",\"name\":\"Accurate Reviews\",\"description\":\"\",\"potentialAction\":[{\"@type\":\"SearchAction\",\"target\":{\"@type\":\"EntryPoint\",\"urlTemplate\":\"https:\\\/\\\/www.accuratereviews.com\\\/it\\\/?s={search_term_string}\"},\"query-input\":{\"@type\":\"PropertyValueSpecification\",\"valueRequired\":true,\"valueName\":\"search_term_string\"}}],\"inLanguage\":\"it-IT\"}]}<\/script>\n<!-- \/ Yoast SEO plugin. -->","yoast_head_json":{"title":"Holistics: recensione software Business Intelligence - Accurate Reviews","description":"Holistics: recensione applicazione di business intelligence (BI) basata su cloud con strumenti integrati di reportistica e preparazione dei dati.","robots":{"index":"index","follow":"follow","max-snippet":"max-snippet:-1","max-image-preview":"max-image-preview:large","max-video-preview":"max-video-preview:-1"},"canonical":"https:\/\/www.accuratereviews.com\/it\/business-intelligence\/holistics-recensione\/","og_locale":"it_IT","og_type":"article","og_title":"Holistics: recensione software Business Intelligence - Accurate Reviews","og_description":"Holistics: recensione applicazione di business intelligence (BI) basata su cloud con strumenti integrati di reportistica e preparazione dei dati.","og_url":"https:\/\/www.accuratereviews.com\/it\/business-intelligence\/holistics-recensione\/","og_site_name":"Accurate Reviews","article_modified_time":"2021-05-18T14:56:00+00:00","og_image":[{"width":250,"height":250,"url":"https:\/\/www.accuratereviews.com\/wp-content\/uploads\/2020\/01\/Holistics.png","type":"image\/png"}],"twitter_card":"summary_large_image","twitter_misc":{"Tempo di lettura stimato":"4 minuti"},"schema":{"@context":"https:\/\/schema.org","@graph":[{"@type":"WebPage","@id":"https:\/\/www.accuratereviews.com\/it\/business-intelligence\/holistics-recensione\/","url":"https:\/\/www.accuratereviews.com\/it\/business-intelligence\/holistics-recensione\/","name":"Holistics: recensione software Business Intelligence - Accurate Reviews","isPartOf":{"@id":"https:\/\/www.accuratereviews.com\/it\/#website"},"primaryImageOfPage":{"@id":"https:\/\/www.accuratereviews.com\/it\/business-intelligence\/holistics-recensione\/#primaryimage"},"image":{"@id":"https:\/\/www.accuratereviews.com\/it\/business-intelligence\/holistics-recensione\/#primaryimage"},"thumbnailUrl":"https:\/\/www.accuratereviews.com\/wp-content\/uploads\/2020\/01\/Holistics.png","datePublished":"2020-01-03T16:38:31+00:00","dateModified":"2021-05-18T14:56:00+00:00","description":"Holistics: recensione applicazione di business intelligence (BI) basata su cloud con strumenti integrati di reportistica e preparazione dei dati.","breadcrumb":{"@id":"https:\/\/www.accuratereviews.com\/it\/business-intelligence\/holistics-recensione\/#breadcrumb"},"inLanguage":"it-IT","potentialAction":[{"@type":"ReadAction","target":["https:\/\/www.accuratereviews.com\/it\/business-intelligence\/holistics-recensione\/"]}]},{"@type":"ImageObject","inLanguage":"it-IT","@id":"https:\/\/www.accuratereviews.com\/it\/business-intelligence\/holistics-recensione\/#primaryimage","url":"https:\/\/www.accuratereviews.com\/wp-content\/uploads\/2020\/01\/Holistics.png","contentUrl":"https:\/\/www.accuratereviews.com\/wp-content\/uploads\/2020\/01\/Holistics.png","width":250,"height":250},{"@type":"BreadcrumbList","@id":"https:\/\/www.accuratereviews.com\/it\/business-intelligence\/holistics-recensione\/#breadcrumb","itemListElement":[{"@type":"ListItem","position":1,"name":"Home","item":"https:\/\/www.accuratereviews.com\/it\/"},{"@type":"ListItem","position":2,"name":"Business intelligence","item":"https:\/\/www.accuratereviews.com\/it\/business-intelligence\/"},{"@type":"ListItem","position":3,"name":"Holistics"}]},{"@type":"WebSite","@id":"https:\/\/www.accuratereviews.com\/it\/#website","url":"https:\/\/www.accuratereviews.com\/it\/","name":"Accurate Reviews","description":"","potentialAction":[{"@type":"SearchAction","target":{"@type":"EntryPoint","urlTemplate":"https:\/\/www.accuratereviews.com\/it\/?s={search_term_string}"},"query-input":{"@type":"PropertyValueSpecification","valueRequired":true,"valueName":"search_term_string"}}],"inLanguage":"it-IT"}]}},"_links":{"self":[{"href":"https:\/\/www.accuratereviews.com\/it\/wp-json\/wp\/v2\/pages\/21803","targetHints":{"allow":["GET"]}}],"collection":[{"href":"https:\/\/www.accuratereviews.com\/it\/wp-json\/wp\/v2\/pages"}],"about":[{"href":"https:\/\/www.accuratereviews.com\/it\/wp-json\/wp\/v2\/types\/page"}],"author":[{"embeddable":true,"href":"https:\/\/www.accuratereviews.com\/it\/wp-json\/wp\/v2\/users\/19"}],"replies":[{"embeddable":true,"href":"https:\/\/www.accuratereviews.com\/it\/wp-json\/wp\/v2\/comments?post=21803"}],"version-history":[{"count":10,"href":"https:\/\/www.accuratereviews.com\/it\/wp-json\/wp\/v2\/pages\/21803\/revisions"}],"predecessor-version":[{"id":42938,"href":"https:\/\/www.accuratereviews.com\/it\/wp-json\/wp\/v2\/pages\/21803\/revisions\/42938"}],"up":[{"embeddable":true,"href":"https:\/\/www.accuratereviews.com\/it\/wp-json\/wp\/v2\/pages\/32646"}],"wp:featuredmedia":[{"embeddable":true,"href":"https:\/\/www.accuratereviews.com\/it\/wp-json\/wp\/v2\/media\/21806"}],"wp:attachment":[{"href":"https:\/\/www.accuratereviews.com\/it\/wp-json\/wp\/v2\/media?parent=21803"}],"wp:term":[{"taxonomy":"category","embeddable":true,"href":"https:\/\/www.accuratereviews.com\/it\/wp-json\/wp\/v2\/categories?post=21803"},{"taxonomy":"post_tag","embeddable":true,"href":"https:\/\/www.accuratereviews.com\/it\/wp-json\/wp\/v2\/tags?post=21803"},{"taxonomy":"features","embeddable":true,"href":"https:\/\/www.accuratereviews.com\/it\/wp-json\/wp\/v2\/features?post=21803"}],"curies":[{"name":"wp","href":"https:\/\/api.w.org\/{rel}","templated":true}]}}