{"id":21813,"date":"2020-01-03T16:40:49","date_gmt":"2020-01-03T16:40:49","guid":{"rendered":"https:\/\/www.accuratereviews.com\/?page_id=21813"},"modified":"2020-01-03T16:40:49","modified_gmt":"2020-01-03T16:40:49","slug":"oracle-business-intelligence-recensione","status":"publish","type":"page","link":"https:\/\/www.accuratereviews.com\/it\/oracle-business-intelligence-recensione\/","title":{"rendered":"Oracle Business Intelligence"},"content":{"rendered":"<p class=\"h2 mb-0\"><strong>Oracle Business Intelligence<\/strong> \u00e8 una piattaforma che ti consente di semplificare le tue strategie di analisi utilizzando gli <strong>strumenti di business intelligence<\/strong> adeguati. Potrete creare una storia analitica ponderata, avvincente e visivamente sbalorditiva utilizzando le estensioni di <strong>visualizzazione dei dati<\/strong>. Inoltre, grazie all&#8217;analisi avanzata, chiunque sar\u00e0 in grado di trovare rapidamente le risposte alle domande predittive e statistiche. Si tratta di un vero e proprio portfolio tecnologico che include il primo sistema integrato di gestione delle prestazioni aziendali end-to-end del settore.<\/p>\n<h2>COME FUNZIONA ORACLE BUSINESS INTELLIGENCE &#8211; TUTORIAL<\/h2>\n<p>Diamo un&#8217;occhiata a questo video tutorial per capire come utilizzare questo software:<\/p>\n<div id=\"fluid-wrapper-counter-1\" class=\"g1-fluid-wrapper \" style=\"width:686px;\">\n<div style=\"padding-bottom:56.268221574344%;\"><iframe loading=\"lazy\" title=\"Obiee 12c | Obiee Tutorial For Beginners | Oracle Business Intelligence | Intellipaat\" width=\"686\" height=\"386\" src=\"https:\/\/www.youtube.com\/embed\/Ajh_ePwlf88?feature=oembed&amp;wmode=transparent&amp;autohide=1&amp;autoplay=0&amp;disablekb=0&amp;fs=1&amp;loop=0&amp;enablejsapi=1&amp;rel=0&amp;controls=2&amp;showinfo=0&amp;wmode=transparent&amp;autohide=2&amp;autoplay=0&amp;disablekb=0&amp;fs=1&amp;loop=0&amp;enablejsapi=1&amp;rel=0&amp;controls=2&amp;showinfo=1\" frameborder=\"0\" allow=\"accelerometer; autoplay; clipboard-write; encrypted-media; gyroscope; picture-in-picture\" allowfullscreen><\/iframe><\/div>\n<\/div>\n<h3>ORACLE BUSINESS INTELLIGENCE &#8211; CARATTERISTICHE<\/h3>\n<p>Ecco le sue principali caratteristiche:<\/p>\n<ul>\n<li><strong>Strumenti di analisi<\/strong>: ti vengono fornite informazioni precise e tempestive mostrate con approcci intelligenti e approfonditi per consentire agli utenti di eseguire operazioni senza interruzioni<\/li>\n<li><strong>Panoramica delle attivit\u00e0<\/strong>: semplifica i piani di analisi attraverso la standardizzazione dei dati in un&#8217;unica piattaforma integrata per ottenere un&#8217;immagine completa della tua attivit\u00e0<\/li>\n<li><strong>Cloud storage<\/strong>: consenti agli utenti di accedere in sicurezza e di elaborare i dati da qualsiasi luogo con cloud storage e dispositivi mobili<\/li>\n<li><strong>Integrazioni<\/strong>: crea analisi di ampia portata e di alta qualit\u00e0 attraverso l&#8217;integrazione con Big Data e altre app Oracle<\/li>\n<li><strong>Visualizzazione dei dati<\/strong>: fornisci analisi esteticamente gradevoli per creare una buona storia e una presentazione con i tuoi dati aziendali. Rivela i modelli di dati nascosti scegliendo tra un&#8217;ampia gamma di supporti visivi. Utilizza flussi di lavoro visivi semplici per aumentare l&#8217;efficienza.<\/li>\n<\/ul>\n<h3>LE RECENSIONI DEGLI UTENTI<\/h3>\n<p><strong>&#8220;Oracle OBIEE&#8221;<\/strong><br \/>\nIN GENERALE: le mie esperienze generali con il prodotto non sono male, perch\u00e9 \u00e8 completamente facile da usare.<br \/>\nPRO: S\u00ec, \u00e8 un ottimo strumento analitico, possiamo facilmente gestire la nostra dashboard e i nostri report e anche un&#8217;ottima interfaccia grafica (GUI).<br \/>\nCONTRO: Attualmente sto riscontrando un singolo problema in questo prodotto, perch\u00e9 la funzione di visualizzazione diapositive non \u00e8 presente in questo prodotto.<br \/>\n<strong>&#8220;Recensione di Oracle OBIEE&#8221;<\/strong><br \/>\nPRO: il prodotto si \u00e8 evoluto abbastanza bene con le esigenze dei clienti e le tecnologie in via di sviluppo. Dal punto di vista del progettista e dell&#8217;amministratore, i vantaggi principali sono la variet\u00e0 di componenti disponibili per diverse attivit\u00e0, ad es. BIPublisher, Desktop di visualizzazione dati, Agenti, Framework di azioni e dashboard interattivi. C&#8217;\u00e8 una ricca libreria di visualizzazione e l&#8217;opzione per l&#8217;integrazione anche con librerie di terze parti.<br \/>\nCONTRO: rispetto ad altri strumenti di BI, OBIEE richiede un&#8217;infrastruttura significativa e una pianificazione dettagliata per implementare e gestire nel tempo. Questo \u00e8 vero per la versione on-premise. Non necessariamente per la versione Cloud, che \u00e8 molto pi\u00f9 rapida da configurare e utilizzare.<\/p>\n<p><strong>&#8220;Oracle Business Intelligence \u00e8 uno strumento eccezionale per aziende di qualsiasi dimensione&#8221;<\/strong><br \/>\nIN GENERALE: sono stato coinvolto in progetti in cui le esigenze di reporting delle soluzioni OBIEE per le imprese finanziarie, \u00e8 possibile eseguire un&#8217;integrazione ODI per la soluzione ETL per aiutare i dati\/le informazioni a essere disponibili nel modo in cui le aree tematiche per i report necessitano di pupilli.<br \/>\nPRO: Oracle Business Intelligence \u00e8 un tipo di soluzione scalabile, puoi iniziare da un modulo seme e quindi ridimensionare per aggiungere pi\u00f9 componenti. Fornisce una relativa GUI di facile utilizzo per l&#8217;analisi del servizio automatico e con le ultime versioni di OBIEE \u00e8 possibile ottenere gli ultimi grafici e animazioni. Per quanto riguarda la mia esperienza, le migrazioni dalle versioni precedenti sono relativamente facili da eseguire, Oracle offre una buona documentazione sul processo e molti blog su eventuali problemi del processo. I principali prodotti che ho usato su questi strumenti sono:<br \/>\n* Dashboard interattivi: porta una soluzione di analisi per i manager, possiamo mettere su dashboard qualsiasi tipo di analisi, report, grafici, comprese le geolocalizzazione.<br \/>\n* OBIP: Publisher offre un potente strumento di reportistica per documenti formattati e la possibilit\u00e0 di esportare in una variet\u00e0 di formati come pdf, word, xml, html, ecc.<br \/>\n* Query ad hoc: una buona soluzione per i servizi auto, i gestori come utenti finali possono costruire le proprie risposte per domande aziendali\/operative, semplicemente estraendo le variabili aziendali e combinando grafici e abitudini in uno strumento intuitivo.<br \/>\n* Fornisce: aiuta a pianificare analisi, avvisi e consegna contenuti per filtrare obiettivi configurati.<br \/>\nCONTRO: Oracle offre uno strumento completo, i contro sono solo limitati per migliorare l&#8217;esperienza dell&#8217;utente quando si lavora con dimensioni temporali, Oracle pu\u00f2 lavorare per ridurre lo sforzo per questo.<\/p>\n","protected":false},"excerpt":{"rendered":"<p>Oracle Business Intelligence \u00e8 una piattaforma che ti consente di semplificare le tue strategie di analisi utilizzando gli strumenti di business intelligence adeguati. Potrete creare una storia analitica ponderata, avvincente e visivamente sbalorditiva utilizzando le estensioni di visualizzazione dei dati.<\/p>\n","protected":false},"author":17,"featured_media":21814,"parent":0,"menu_order":0,"comment_status":"open","ping_status":"closed","template":"g1_template_page_review_new.php","meta":{"_acf_changed":false,"cwp_meta_box_check":"Yes","cwp_rev_product_name":"","cwp_rev_product_image":"","wppr_links":[],"cwp_rev_price":"","wppr_options":[],"wppr_pros":[],"wppr_cons":[],"_monsterinsights_skip_tracking":false,"_monsterinsights_sitenote_active":false,"_monsterinsights_sitenote_note":"","_monsterinsights_sitenote_category":0,"footnotes":""},"categories":[1555],"tags":[1565,1564,1521,1557],"features":[],"class_list":{"0":"post-21813","1":"page","2":"type-page","3":"status-publish","4":"has-post-thumbnail","6":"category-business-intelligence-it","7":"tag-business-intelligence","8":"tag-business-intelligence-software","9":"tag-piattaforma-di-business-intelligence","10":"tag-programma-business-intelligence"},"wppr_data":{"cwp_meta_box_check":"Yes","cwp_rev_product_name":"","cwp_rev_product_image":"","cwp_image_link":"image","cwp_rev_price":"","wppr_rating":"0.00"},"acf":[],"yoast_head":"<!-- This site is optimized with the Yoast SEO plugin v27.4 - https:\/\/yoast.com\/product\/yoast-seo-wordpress\/ -->\n<title>Oracle Business Intelligence: recensione - Accurate Reviews<\/title>\n<meta name=\"description\" content=\"Oracle Business Intelligence \u00e8 una piattaforma che ti consente di semplificare le tue strategie di analisi utilizzando gli strumenti adeguati.\" \/>\n<meta name=\"robots\" content=\"index, follow, max-snippet:-1, max-image-preview:large, max-video-preview:-1\" \/>\n<link rel=\"canonical\" href=\"https:\/\/www.accuratereviews.com\/it\/oracle-business-intelligence-recensione\/\" \/>\n<meta property=\"og:locale\" content=\"it_IT\" \/>\n<meta property=\"og:type\" content=\"article\" \/>\n<meta property=\"og:title\" content=\"Oracle Business Intelligence: recensione - Accurate Reviews\" \/>\n<meta property=\"og:description\" content=\"Oracle Business Intelligence \u00e8 una piattaforma che ti consente di semplificare le tue strategie di analisi utilizzando gli strumenti adeguati.\" \/>\n<meta property=\"og:url\" content=\"https:\/\/www.accuratereviews.com\/it\/oracle-business-intelligence-recensione\/\" \/>\n<meta property=\"og:site_name\" content=\"Accurate Reviews\" \/>\n<meta property=\"og:image\" content=\"https:\/\/www.accuratereviews.com\/wp-content\/uploads\/2020\/01\/oracle_bi_logo_.png\" \/>\n\t<meta property=\"og:image:width\" content=\"600\" \/>\n\t<meta property=\"og:image:height\" content=\"228\" \/>\n\t<meta property=\"og:image:type\" content=\"image\/png\" \/>\n<meta name=\"twitter:card\" content=\"summary_large_image\" \/>\n<meta name=\"twitter:label1\" content=\"Tempo di lettura stimato\" \/>\n\t<meta name=\"twitter:data1\" content=\"4 minuti\" \/>\n<script type=\"application\/ld+json\" class=\"yoast-schema-graph\">{\"@context\":\"https:\\\/\\\/schema.org\",\"@graph\":[{\"@type\":\"WebPage\",\"@id\":\"https:\\\/\\\/www.accuratereviews.com\\\/it\\\/oracle-business-intelligence-recensione\\\/\",\"url\":\"https:\\\/\\\/www.accuratereviews.com\\\/it\\\/oracle-business-intelligence-recensione\\\/\",\"name\":\"Oracle Business Intelligence: recensione - Accurate Reviews\",\"isPartOf\":{\"@id\":\"https:\\\/\\\/www.accuratereviews.com\\\/it\\\/#website\"},\"primaryImageOfPage\":{\"@id\":\"https:\\\/\\\/www.accuratereviews.com\\\/it\\\/oracle-business-intelligence-recensione\\\/#primaryimage\"},\"image\":{\"@id\":\"https:\\\/\\\/www.accuratereviews.com\\\/it\\\/oracle-business-intelligence-recensione\\\/#primaryimage\"},\"thumbnailUrl\":\"https:\\\/\\\/www.accuratereviews.com\\\/wp-content\\\/uploads\\\/2020\\\/01\\\/oracle_bi_logo_.png\",\"datePublished\":\"2020-01-03T16:40:49+00:00\",\"description\":\"Oracle Business Intelligence \u00e8 una piattaforma che ti consente di semplificare le tue strategie di analisi utilizzando gli strumenti adeguati.\",\"breadcrumb\":{\"@id\":\"https:\\\/\\\/www.accuratereviews.com\\\/it\\\/oracle-business-intelligence-recensione\\\/#breadcrumb\"},\"inLanguage\":\"it-IT\",\"potentialAction\":[{\"@type\":\"ReadAction\",\"target\":[\"https:\\\/\\\/www.accuratereviews.com\\\/it\\\/oracle-business-intelligence-recensione\\\/\"]}]},{\"@type\":\"ImageObject\",\"inLanguage\":\"it-IT\",\"@id\":\"https:\\\/\\\/www.accuratereviews.com\\\/it\\\/oracle-business-intelligence-recensione\\\/#primaryimage\",\"url\":\"https:\\\/\\\/www.accuratereviews.com\\\/wp-content\\\/uploads\\\/2020\\\/01\\\/oracle_bi_logo_.png\",\"contentUrl\":\"https:\\\/\\\/www.accuratereviews.com\\\/wp-content\\\/uploads\\\/2020\\\/01\\\/oracle_bi_logo_.png\",\"width\":600,\"height\":228},{\"@type\":\"BreadcrumbList\",\"@id\":\"https:\\\/\\\/www.accuratereviews.com\\\/it\\\/oracle-business-intelligence-recensione\\\/#breadcrumb\",\"itemListElement\":[{\"@type\":\"ListItem\",\"position\":1,\"name\":\"Home\",\"item\":\"https:\\\/\\\/www.accuratereviews.com\\\/it\\\/\"},{\"@type\":\"ListItem\",\"position\":2,\"name\":\"Oracle Business Intelligence\"}]},{\"@type\":\"WebSite\",\"@id\":\"https:\\\/\\\/www.accuratereviews.com\\\/it\\\/#website\",\"url\":\"https:\\\/\\\/www.accuratereviews.com\\\/it\\\/\",\"name\":\"Accurate Reviews\",\"description\":\"\",\"potentialAction\":[{\"@type\":\"SearchAction\",\"target\":{\"@type\":\"EntryPoint\",\"urlTemplate\":\"https:\\\/\\\/www.accuratereviews.com\\\/it\\\/?s={search_term_string}\"},\"query-input\":{\"@type\":\"PropertyValueSpecification\",\"valueRequired\":true,\"valueName\":\"search_term_string\"}}],\"inLanguage\":\"it-IT\"}]}<\/script>\n<!-- \/ Yoast SEO plugin. -->","yoast_head_json":{"title":"Oracle Business Intelligence: recensione - Accurate Reviews","description":"Oracle Business Intelligence \u00e8 una piattaforma che ti consente di semplificare le tue strategie di analisi utilizzando gli strumenti adeguati.","robots":{"index":"index","follow":"follow","max-snippet":"max-snippet:-1","max-image-preview":"max-image-preview:large","max-video-preview":"max-video-preview:-1"},"canonical":"https:\/\/www.accuratereviews.com\/it\/oracle-business-intelligence-recensione\/","og_locale":"it_IT","og_type":"article","og_title":"Oracle Business Intelligence: recensione - Accurate Reviews","og_description":"Oracle Business Intelligence \u00e8 una piattaforma che ti consente di semplificare le tue strategie di analisi utilizzando gli strumenti adeguati.","og_url":"https:\/\/www.accuratereviews.com\/it\/oracle-business-intelligence-recensione\/","og_site_name":"Accurate Reviews","og_image":[{"width":600,"height":228,"url":"https:\/\/www.accuratereviews.com\/wp-content\/uploads\/2020\/01\/oracle_bi_logo_.png","type":"image\/png"}],"twitter_card":"summary_large_image","twitter_misc":{"Tempo di lettura stimato":"4 minuti"},"schema":{"@context":"https:\/\/schema.org","@graph":[{"@type":"WebPage","@id":"https:\/\/www.accuratereviews.com\/it\/oracle-business-intelligence-recensione\/","url":"https:\/\/www.accuratereviews.com\/it\/oracle-business-intelligence-recensione\/","name":"Oracle Business Intelligence: recensione - Accurate Reviews","isPartOf":{"@id":"https:\/\/www.accuratereviews.com\/it\/#website"},"primaryImageOfPage":{"@id":"https:\/\/www.accuratereviews.com\/it\/oracle-business-intelligence-recensione\/#primaryimage"},"image":{"@id":"https:\/\/www.accuratereviews.com\/it\/oracle-business-intelligence-recensione\/#primaryimage"},"thumbnailUrl":"https:\/\/www.accuratereviews.com\/wp-content\/uploads\/2020\/01\/oracle_bi_logo_.png","datePublished":"2020-01-03T16:40:49+00:00","description":"Oracle Business Intelligence \u00e8 una piattaforma che ti consente di semplificare le tue strategie di analisi utilizzando gli strumenti adeguati.","breadcrumb":{"@id":"https:\/\/www.accuratereviews.com\/it\/oracle-business-intelligence-recensione\/#breadcrumb"},"inLanguage":"it-IT","potentialAction":[{"@type":"ReadAction","target":["https:\/\/www.accuratereviews.com\/it\/oracle-business-intelligence-recensione\/"]}]},{"@type":"ImageObject","inLanguage":"it-IT","@id":"https:\/\/www.accuratereviews.com\/it\/oracle-business-intelligence-recensione\/#primaryimage","url":"https:\/\/www.accuratereviews.com\/wp-content\/uploads\/2020\/01\/oracle_bi_logo_.png","contentUrl":"https:\/\/www.accuratereviews.com\/wp-content\/uploads\/2020\/01\/oracle_bi_logo_.png","width":600,"height":228},{"@type":"BreadcrumbList","@id":"https:\/\/www.accuratereviews.com\/it\/oracle-business-intelligence-recensione\/#breadcrumb","itemListElement":[{"@type":"ListItem","position":1,"name":"Home","item":"https:\/\/www.accuratereviews.com\/it\/"},{"@type":"ListItem","position":2,"name":"Oracle Business Intelligence"}]},{"@type":"WebSite","@id":"https:\/\/www.accuratereviews.com\/it\/#website","url":"https:\/\/www.accuratereviews.com\/it\/","name":"Accurate Reviews","description":"","potentialAction":[{"@type":"SearchAction","target":{"@type":"EntryPoint","urlTemplate":"https:\/\/www.accuratereviews.com\/it\/?s={search_term_string}"},"query-input":{"@type":"PropertyValueSpecification","valueRequired":true,"valueName":"search_term_string"}}],"inLanguage":"it-IT"}]}},"_links":{"self":[{"href":"https:\/\/www.accuratereviews.com\/it\/wp-json\/wp\/v2\/pages\/21813","targetHints":{"allow":["GET"]}}],"collection":[{"href":"https:\/\/www.accuratereviews.com\/it\/wp-json\/wp\/v2\/pages"}],"about":[{"href":"https:\/\/www.accuratereviews.com\/it\/wp-json\/wp\/v2\/types\/page"}],"author":[{"embeddable":true,"href":"https:\/\/www.accuratereviews.com\/it\/wp-json\/wp\/v2\/users\/17"}],"replies":[{"embeddable":true,"href":"https:\/\/www.accuratereviews.com\/it\/wp-json\/wp\/v2\/comments?post=21813"}],"version-history":[{"count":9,"href":"https:\/\/www.accuratereviews.com\/it\/wp-json\/wp\/v2\/pages\/21813\/revisions"}],"predecessor-version":[{"id":32267,"href":"https:\/\/www.accuratereviews.com\/it\/wp-json\/wp\/v2\/pages\/21813\/revisions\/32267"}],"wp:featuredmedia":[{"embeddable":true,"href":"https:\/\/www.accuratereviews.com\/it\/wp-json\/wp\/v2\/media\/21814"}],"wp:attachment":[{"href":"https:\/\/www.accuratereviews.com\/it\/wp-json\/wp\/v2\/media?parent=21813"}],"wp:term":[{"taxonomy":"category","embeddable":true,"href":"https:\/\/www.accuratereviews.com\/it\/wp-json\/wp\/v2\/categories?post=21813"},{"taxonomy":"post_tag","embeddable":true,"href":"https:\/\/www.accuratereviews.com\/it\/wp-json\/wp\/v2\/tags?post=21813"},{"taxonomy":"features","embeddable":true,"href":"https:\/\/www.accuratereviews.com\/it\/wp-json\/wp\/v2\/features?post=21813"}],"curies":[{"name":"wp","href":"https:\/\/api.w.org\/{rel}","templated":true}]}}