{"id":21837,"date":"2020-01-07T09:24:52","date_gmt":"2020-01-07T09:24:52","guid":{"rendered":"https:\/\/www.accuratereviews.com\/?page_id=21837"},"modified":"2020-01-07T16:19:12","modified_gmt":"2020-01-07T16:19:12","slug":"numetric-recensione","status":"publish","type":"page","link":"https:\/\/www.accuratereviews.com\/it\/numetric-recensione\/","title":{"rendered":"Numetric"},"content":{"rendered":"<p><strong>Numetric<\/strong> \u00e8 un <strong>sistema di business intelligence (BI)<\/strong> basato su <strong>cloud<\/strong> che offre una gestione del data warehousing aiutando gli utenti ad automatizzare le operazioni di pulizia e mappatura per la costruzione di un magazzino. Inoltre, consente agli utenti non tecnici di definire le operazioni ETL per la creazione di database utilizzando processi e modelli predefiniti. I clienti possono definire regole di trasformazione personalizzate, come istruzioni if-then, formule e operazioni di ricerca e sostituzione. Con l&#8217;aiuto di una funzione di dizionario, gli utenti possono garantire relazioni coerenti tra i database e possono creare diverse disposizioni del set di dati. <strong>Numetric<\/strong> \u00e8 compatibile con software di analisi dati, come Salesforce, Dropbox, Amazon Redshift, Marketo, Microsoft SQL Server e Netsuite.<\/p>\n<h2>NUMETRIC &#8211; TUTORIAL<\/h2>\n<p>Questo tutorial mostra le funzioni principali di questo<strong> software di Business Intelligence:<\/strong><\/p>\n<div id=\"fluid-wrapper-counter-1\" class=\"g1-fluid-wrapper \" style=\"width:686px;\">\n<div style=\"padding-bottom:56.268221574344%;\"><iframe loading=\"lazy\" title=\"Numetric&#039;s Project Design App: Bringing Order to Concept-Level Cost Estimates\" width=\"515\" height=\"386\" src=\"https:\/\/www.youtube.com\/embed\/Opg1eN-whpw?feature=oembed&amp;wmode=transparent&amp;autohide=1&amp;autoplay=0&amp;disablekb=0&amp;fs=1&amp;loop=0&amp;enablejsapi=1&amp;rel=0&amp;controls=2&amp;showinfo=0&amp;wmode=transparent&amp;autohide=2&amp;autoplay=0&amp;disablekb=0&amp;fs=1&amp;loop=0&amp;enablejsapi=1&amp;rel=0&amp;controls=2&amp;showinfo=1\" frameborder=\"0\" allow=\"accelerometer; autoplay; encrypted-media; gyroscope; picture-in-picture\" allowfullscreen><\/iframe><\/div>\n<\/div>\n<h3>NUMETRIC &#8211; CARATTERISTICHE<\/h3>\n<ul>\n<li><strong>Competenza nei dati:<\/strong> combina e sblocca la potenza presente in tutti i tuoi tipi di dati con l&#8217;aiuto del team di data scientist incentrato sulla sicurezza del traffico di questo software<\/li>\n<li><strong>App appositamente studiate:<\/strong> esegui analisi affidabili in pochi secondi, grazie alla suite di app creata appositamente per supportare le funzioni dei professionisti della sicurezza del traffico come te<\/li>\n<li><strong>Facile condivisione dei dati<\/strong>: aggiungi i membri del team e crea dashboard personalizzate, portali basati su cloud e generatori di report rapidi<\/li>\n<li><strong>Analisi rapida e semplice<\/strong>: elabora istantaneamente i dati con strumenti intuitivi che chiunque pu\u00f2 usare.<\/li>\n<\/ul>\n<h4>LE RECENSIONI DEGLI UTENTI<\/h4>\n<h4>Austin B. &#8220;Numetric &#8211; Potente Analytics&#8221;<\/h4>\n<p><strong>Commenti<\/strong>: Complessivamente, Numetric ha fornito alla mia azienda grandi spunti, non posso fare a meno di pensare che avrei ottenuto di pi\u00f9 da questo se avessi saputo fare alcune delle caratteristiche pi\u00f9 tecniche.<\/p>\n<p><strong>Vantaggi<\/strong>: Numetric \u00e8 ricco di funzionalit\u00e0 avanzate che mi consentono di ottenere analisi veloci sui miei dati. Posso affidare che i miei dati saranno ben curati e, soprattutto, al sicuro con Numeric.<\/p>\n<p><strong>Inconvenienti<\/strong>: comprendere a fondo e utilizzare tutte le funzionalit\u00e0 di questo software \u00e8 un compito in s\u00e9. All&#8217;inizio ero sopraffatto da ci\u00f2 che potevo effettivamente fare con i miei dati.<\/p>\n<h4>Hitesh K. &#8220;Aiuta a colmare il divario comunicativo utilizzando i dati&#8221;<\/h4>\n<p><strong>Commenti<\/strong>: Nel complesso questo strumento ci ha aiutato ad analizzare e migliorare i nostri progetti in modo positivo.<\/p>\n<p><strong>Vantaggi<\/strong>: Questo strumento consente di distribuire i dati a tutti gli azionisti e di interagire quotidianamente con essi. Combina i dati di tutti i tipi di database e prepara un modello di relazione che crea un \/ formato grafico per una facile comprensione.<br \/>\n&#8211; Usando questo strumento possiamo fare analisi di sicurezza per tutti i tipi di progetti.<\/p>\n<p><strong>Inconvenienti<\/strong>: &#8211; Molto difficile e richiede molto tempo per iniziare e\u00a0richiede molti dati storici per iniziare con l&#8217;analisi.<\/p>\n<h4>Nick G. &#8220;Amazing BI Tool&#8221;<\/h4>\n<p><strong>Commenti<\/strong>: Lavorare con lo staff di Numetric \u00e8 stato facile e in dolore. Numetric \u00e8 ancora in crescita e migliora con ogni aggiornamento. Lungo la strada, il personale \u00e8 stato eccezionale nell&#8217;inviare e aiutarci a risolvere i nostri problemi o nel prendere i nostri suggerimenti e applicarli in futuri aggiornamenti. La nostra esperienza complessiva con Numetric \u00e8 stata buona.<\/p>\n<p><strong>Vantaggi<\/strong>: l&#8217;aspetto di Numetric \u00e8 invitante e facile da guardare.<\/p>\n<p><strong>Inconvenienti<\/strong>: ci sono ancora tweek e modifiche che devono essere apportate per passare da una buona soluzione di BI a una soluzione di grande bi.<\/p>\n<p>&nbsp;<\/p>\n","protected":false},"excerpt":{"rendered":"<p>Numetric \u00e8 un sistema di business intelligence (BI) basato su cloud\u00a0offre una gestione del data warehousing, che aiuta gli utenti ad automatizzare le operazioni di pulizia e mappatura per la costruzione di un magazzino. Inoltre, consente agli utenti non tecnici di definire le operazioni ETL per la creazione di database utilizzando processi e modelli predefiniti.<\/p>\n","protected":false},"author":19,"featured_media":21841,"parent":0,"menu_order":0,"comment_status":"open","ping_status":"closed","template":"g1_template_page_review_new.php","meta":{"_acf_changed":false,"cwp_meta_box_check":"Yes","cwp_rev_product_name":"","cwp_rev_product_image":"","wppr_links":[],"cwp_rev_price":"","wppr_options":[],"wppr_pros":[],"wppr_cons":[],"_monsterinsights_skip_tracking":false,"_monsterinsights_sitenote_active":false,"_monsterinsights_sitenote_note":"","_monsterinsights_sitenote_category":0,"footnotes":""},"categories":[1555],"tags":[1621,1644,1560,1557,1556,1558],"features":[],"class_list":{"0":"post-21837","1":"page","2":"type-page","3":"status-publish","4":"has-post-thumbnail","6":"category-business-intelligence-it","7":"tag-analisi-dati","8":"tag-numetric","9":"tag-piattaforma-business-intelligence","10":"tag-programma-business-intelligence","11":"tag-software-business-intelligence","12":"tag-soluzione-business-intelligence"},"wppr_data":{"cwp_meta_box_check":"Yes","cwp_rev_product_name":"","cwp_rev_product_image":"","cwp_image_link":"image","cwp_rev_price":"","wppr_rating":"0.00"},"acf":[],"yoast_head":"<!-- This site is optimized with the Yoast SEO plugin v27.4 - https:\/\/yoast.com\/product\/yoast-seo-wordpress\/ -->\n<title>Numetric: recensione software Business Intelligence - Accurate Reviews<\/title>\n<meta name=\"description\" content=\"Numetric: recensione sistema di business intelligence (BI) basato su cloud checonsente agli utenti non tecnici di definire le operazioni ETL.\" \/>\n<meta name=\"robots\" content=\"index, follow, max-snippet:-1, max-image-preview:large, max-video-preview:-1\" \/>\n<link rel=\"canonical\" href=\"https:\/\/www.accuratereviews.com\/it\/numetric-recensione\/\" \/>\n<meta property=\"og:locale\" content=\"it_IT\" \/>\n<meta property=\"og:type\" content=\"article\" \/>\n<meta property=\"og:title\" content=\"Numetric: recensione software Business Intelligence - Accurate Reviews\" \/>\n<meta property=\"og:description\" content=\"Numetric: recensione sistema di business intelligence (BI) basato su cloud checonsente agli utenti non tecnici di definire le operazioni ETL.\" \/>\n<meta property=\"og:url\" content=\"https:\/\/www.accuratereviews.com\/it\/numetric-recensione\/\" \/>\n<meta property=\"og:site_name\" content=\"Accurate Reviews\" \/>\n<meta property=\"article:modified_time\" content=\"2020-01-07T16:19:12+00:00\" \/>\n<meta property=\"og:image\" content=\"https:\/\/www.accuratereviews.com\/wp-content\/uploads\/2020\/01\/Numetric_Logo.jpg\" \/>\n\t<meta property=\"og:image:width\" content=\"1200\" \/>\n\t<meta property=\"og:image:height\" content=\"627\" \/>\n\t<meta property=\"og:image:type\" content=\"image\/jpeg\" \/>\n<meta name=\"twitter:card\" content=\"summary_large_image\" \/>\n<meta name=\"twitter:label1\" content=\"Tempo di lettura stimato\" \/>\n\t<meta name=\"twitter:data1\" content=\"3 minuti\" \/>\n<script type=\"application\/ld+json\" class=\"yoast-schema-graph\">{\"@context\":\"https:\\\/\\\/schema.org\",\"@graph\":[{\"@type\":\"WebPage\",\"@id\":\"https:\\\/\\\/www.accuratereviews.com\\\/it\\\/numetric-recensione\\\/\",\"url\":\"https:\\\/\\\/www.accuratereviews.com\\\/it\\\/numetric-recensione\\\/\",\"name\":\"Numetric: recensione software Business Intelligence - Accurate Reviews\",\"isPartOf\":{\"@id\":\"https:\\\/\\\/www.accuratereviews.com\\\/it\\\/#website\"},\"primaryImageOfPage\":{\"@id\":\"https:\\\/\\\/www.accuratereviews.com\\\/it\\\/numetric-recensione\\\/#primaryimage\"},\"image\":{\"@id\":\"https:\\\/\\\/www.accuratereviews.com\\\/it\\\/numetric-recensione\\\/#primaryimage\"},\"thumbnailUrl\":\"https:\\\/\\\/www.accuratereviews.com\\\/wp-content\\\/uploads\\\/2020\\\/01\\\/Numetric_Logo.jpg\",\"datePublished\":\"2020-01-07T09:24:52+00:00\",\"dateModified\":\"2020-01-07T16:19:12+00:00\",\"description\":\"Numetric: recensione sistema di business intelligence (BI) basato su cloud checonsente agli utenti non tecnici di definire le operazioni ETL.\",\"breadcrumb\":{\"@id\":\"https:\\\/\\\/www.accuratereviews.com\\\/it\\\/numetric-recensione\\\/#breadcrumb\"},\"inLanguage\":\"it-IT\",\"potentialAction\":[{\"@type\":\"ReadAction\",\"target\":[\"https:\\\/\\\/www.accuratereviews.com\\\/it\\\/numetric-recensione\\\/\"]}]},{\"@type\":\"ImageObject\",\"inLanguage\":\"it-IT\",\"@id\":\"https:\\\/\\\/www.accuratereviews.com\\\/it\\\/numetric-recensione\\\/#primaryimage\",\"url\":\"https:\\\/\\\/www.accuratereviews.com\\\/wp-content\\\/uploads\\\/2020\\\/01\\\/Numetric_Logo.jpg\",\"contentUrl\":\"https:\\\/\\\/www.accuratereviews.com\\\/wp-content\\\/uploads\\\/2020\\\/01\\\/Numetric_Logo.jpg\",\"width\":1200,\"height\":627},{\"@type\":\"BreadcrumbList\",\"@id\":\"https:\\\/\\\/www.accuratereviews.com\\\/it\\\/numetric-recensione\\\/#breadcrumb\",\"itemListElement\":[{\"@type\":\"ListItem\",\"position\":1,\"name\":\"Home\",\"item\":\"https:\\\/\\\/www.accuratereviews.com\\\/it\\\/\"},{\"@type\":\"ListItem\",\"position\":2,\"name\":\"Numetric\"}]},{\"@type\":\"WebSite\",\"@id\":\"https:\\\/\\\/www.accuratereviews.com\\\/it\\\/#website\",\"url\":\"https:\\\/\\\/www.accuratereviews.com\\\/it\\\/\",\"name\":\"Accurate Reviews\",\"description\":\"\",\"potentialAction\":[{\"@type\":\"SearchAction\",\"target\":{\"@type\":\"EntryPoint\",\"urlTemplate\":\"https:\\\/\\\/www.accuratereviews.com\\\/it\\\/?s={search_term_string}\"},\"query-input\":{\"@type\":\"PropertyValueSpecification\",\"valueRequired\":true,\"valueName\":\"search_term_string\"}}],\"inLanguage\":\"it-IT\"}]}<\/script>\n<!-- \/ Yoast SEO plugin. -->","yoast_head_json":{"title":"Numetric: recensione software Business Intelligence - Accurate Reviews","description":"Numetric: recensione sistema di business intelligence (BI) basato su cloud checonsente agli utenti non tecnici di definire le operazioni ETL.","robots":{"index":"index","follow":"follow","max-snippet":"max-snippet:-1","max-image-preview":"max-image-preview:large","max-video-preview":"max-video-preview:-1"},"canonical":"https:\/\/www.accuratereviews.com\/it\/numetric-recensione\/","og_locale":"it_IT","og_type":"article","og_title":"Numetric: recensione software Business Intelligence - Accurate Reviews","og_description":"Numetric: recensione sistema di business intelligence (BI) basato su cloud checonsente agli utenti non tecnici di definire le operazioni ETL.","og_url":"https:\/\/www.accuratereviews.com\/it\/numetric-recensione\/","og_site_name":"Accurate Reviews","article_modified_time":"2020-01-07T16:19:12+00:00","og_image":[{"width":1200,"height":627,"url":"https:\/\/www.accuratereviews.com\/wp-content\/uploads\/2020\/01\/Numetric_Logo.jpg","type":"image\/jpeg"}],"twitter_card":"summary_large_image","twitter_misc":{"Tempo di lettura stimato":"3 minuti"},"schema":{"@context":"https:\/\/schema.org","@graph":[{"@type":"WebPage","@id":"https:\/\/www.accuratereviews.com\/it\/numetric-recensione\/","url":"https:\/\/www.accuratereviews.com\/it\/numetric-recensione\/","name":"Numetric: recensione software Business Intelligence - Accurate Reviews","isPartOf":{"@id":"https:\/\/www.accuratereviews.com\/it\/#website"},"primaryImageOfPage":{"@id":"https:\/\/www.accuratereviews.com\/it\/numetric-recensione\/#primaryimage"},"image":{"@id":"https:\/\/www.accuratereviews.com\/it\/numetric-recensione\/#primaryimage"},"thumbnailUrl":"https:\/\/www.accuratereviews.com\/wp-content\/uploads\/2020\/01\/Numetric_Logo.jpg","datePublished":"2020-01-07T09:24:52+00:00","dateModified":"2020-01-07T16:19:12+00:00","description":"Numetric: recensione sistema di business intelligence (BI) basato su cloud checonsente agli utenti non tecnici di definire le operazioni ETL.","breadcrumb":{"@id":"https:\/\/www.accuratereviews.com\/it\/numetric-recensione\/#breadcrumb"},"inLanguage":"it-IT","potentialAction":[{"@type":"ReadAction","target":["https:\/\/www.accuratereviews.com\/it\/numetric-recensione\/"]}]},{"@type":"ImageObject","inLanguage":"it-IT","@id":"https:\/\/www.accuratereviews.com\/it\/numetric-recensione\/#primaryimage","url":"https:\/\/www.accuratereviews.com\/wp-content\/uploads\/2020\/01\/Numetric_Logo.jpg","contentUrl":"https:\/\/www.accuratereviews.com\/wp-content\/uploads\/2020\/01\/Numetric_Logo.jpg","width":1200,"height":627},{"@type":"BreadcrumbList","@id":"https:\/\/www.accuratereviews.com\/it\/numetric-recensione\/#breadcrumb","itemListElement":[{"@type":"ListItem","position":1,"name":"Home","item":"https:\/\/www.accuratereviews.com\/it\/"},{"@type":"ListItem","position":2,"name":"Numetric"}]},{"@type":"WebSite","@id":"https:\/\/www.accuratereviews.com\/it\/#website","url":"https:\/\/www.accuratereviews.com\/it\/","name":"Accurate Reviews","description":"","potentialAction":[{"@type":"SearchAction","target":{"@type":"EntryPoint","urlTemplate":"https:\/\/www.accuratereviews.com\/it\/?s={search_term_string}"},"query-input":{"@type":"PropertyValueSpecification","valueRequired":true,"valueName":"search_term_string"}}],"inLanguage":"it-IT"}]}},"_links":{"self":[{"href":"https:\/\/www.accuratereviews.com\/it\/wp-json\/wp\/v2\/pages\/21837","targetHints":{"allow":["GET"]}}],"collection":[{"href":"https:\/\/www.accuratereviews.com\/it\/wp-json\/wp\/v2\/pages"}],"about":[{"href":"https:\/\/www.accuratereviews.com\/it\/wp-json\/wp\/v2\/types\/page"}],"author":[{"embeddable":true,"href":"https:\/\/www.accuratereviews.com\/it\/wp-json\/wp\/v2\/users\/19"}],"replies":[{"embeddable":true,"href":"https:\/\/www.accuratereviews.com\/it\/wp-json\/wp\/v2\/comments?post=21837"}],"version-history":[{"count":10,"href":"https:\/\/www.accuratereviews.com\/it\/wp-json\/wp\/v2\/pages\/21837\/revisions"}],"predecessor-version":[{"id":21875,"href":"https:\/\/www.accuratereviews.com\/it\/wp-json\/wp\/v2\/pages\/21837\/revisions\/21875"}],"wp:featuredmedia":[{"embeddable":true,"href":"https:\/\/www.accuratereviews.com\/it\/wp-json\/wp\/v2\/media\/21841"}],"wp:attachment":[{"href":"https:\/\/www.accuratereviews.com\/it\/wp-json\/wp\/v2\/media?parent=21837"}],"wp:term":[{"taxonomy":"category","embeddable":true,"href":"https:\/\/www.accuratereviews.com\/it\/wp-json\/wp\/v2\/categories?post=21837"},{"taxonomy":"post_tag","embeddable":true,"href":"https:\/\/www.accuratereviews.com\/it\/wp-json\/wp\/v2\/tags?post=21837"},{"taxonomy":"features","embeddable":true,"href":"https:\/\/www.accuratereviews.com\/it\/wp-json\/wp\/v2\/features?post=21837"}],"curies":[{"name":"wp","href":"https:\/\/api.w.org\/{rel}","templated":true}]}}