{"id":21865,"date":"2020-01-07T16:19:17","date_gmt":"2020-01-07T16:19:17","guid":{"rendered":"https:\/\/www.accuratereviews.com\/?page_id=21865"},"modified":"2021-05-18T14:57:19","modified_gmt":"2021-05-18T14:57:19","slug":"host-analytics-recensione","status":"publish","type":"page","link":"https:\/\/www.accuratereviews.com\/it\/business-intelligence\/host-analytics-recensione\/","title":{"rendered":"Host Analytics"},"content":{"rendered":"<div class=\"tlid-input input\">\n<div class=\"source-wrap\">\n<div class=\"input-full-height-wrapper tlid-input-full-height-wrapper\">\n<div class=\"source-input\">\n<div class=\"source-footer-wrap source-or-target-footer\">\n<div class=\"character-count tlid-character-count\"><\/div>\n<div class=\"source-footer\">\n<div class=\"speech-wrap source-or-target-footer-button left-positioned\">\n<div id=\"gt-speech\" class=\"speech-button goog-toolbar-button\" tabindex=\"0\" role=\"button\" aria-label=\"Attiva l'input vocale\" data-tooltip-align=\"t,c\" aria-pressed=\"false\" aria-disabled=\"false\" data-tooltip=\"Attiva l'input vocale\"><strong>Host Analytics<\/strong> \u00e8 una <strong>piattaforma online di business intelligence<\/strong>, basata su cloud e che si pone come obiettivo quello di soddisfare le esigenze dei team finanziari e di quelli contabili. L&#8217;idea \u00e8 quella di poter <strong>migliorare la gestione dell&#8217;attivit\u00e0<\/strong>, riuscendo a ottimizzare quei processi aziendali che normalmente richiedono molto pi\u00f9 tempo. Questo programma offre <strong>strumenti di business intelligenc<\/strong>e di pianificazione completa dell&#8217;azienda, basata su budget e su previsioni annuali o continuative. Inoltre dispone di un <strong>sistema di reportistica<\/strong> molto efficiente e che include funzionalit\u00e0 avanzate come il tipo di carattere, il colore del carattere, la formattazione dell&#8217;intestazione, il colore dei bordi aggiuntivi e altri ancora, tutti da scoprire.<\/div>\n<\/div>\n<\/div>\n<\/div>\n<\/div>\n<\/div>\n<\/div>\n<\/div>\n<h2>COME FUNZIONA HOST ANALYTICS &#8211; TUTORIAL<\/h2>\n<p>Ecco un video che ci mostra come utilizzare questo software:<\/p>\n<div id=\"fluid-wrapper-counter-1\" class=\"g1-fluid-wrapper \" style=\"width:686px;\">\n<div style=\"padding-bottom:56.268221574344%;\"><iframe loading=\"lazy\" title=\"Host Analytics Planning Demo\" width=\"686\" height=\"386\" src=\"https:\/\/www.youtube.com\/embed\/PqSNGFd1ViU?feature=oembed&amp;wmode=transparent&amp;autohide=1&amp;autoplay=0&amp;disablekb=0&amp;fs=1&amp;loop=0&amp;enablejsapi=1&amp;rel=0&amp;controls=2&amp;showinfo=0&amp;wmode=transparent&amp;autohide=2&amp;autoplay=0&amp;disablekb=0&amp;fs=1&amp;loop=0&amp;enablejsapi=1&amp;rel=0&amp;controls=2&amp;showinfo=1\" frameborder=\"0\" allow=\"accelerometer; autoplay; encrypted-media; gyroscope; picture-in-picture\" allowfullscreen><\/iframe><\/div>\n<\/div>\n<h3>HOST ANALYTICS &#8211; CARATTERISTICHE<\/h3>\n<p>Di seguito le sue principali caratteristiche:<\/p>\n<ul>\n<li><strong>Sistema reportistico<\/strong>: ampie funzionalit\u00e0 di reporting per consentire la gestione finanziaria dell&#8217;azienda. Scegli il tipo di carattere, il colore del carattere, la formattazione dell&#8217;intestazione, il colore dei bordi aggiuntivi per realizzare un ottimo report<\/li>\n<li><strong>Host Analytics Modeling<\/strong>: include funzioni di modellazione avanzate e scenari di modellazione flessibili espressi utilizzando il linguaggio delle formule di Excel e l&#8217;esperienza utente<\/li>\n<li><strong>Host Planning<\/strong>: applicazione completa per il budget, la pianificazione e la previsione con solide capacit\u00e0 di reporting e analisi<\/li>\n<li><strong>Conversione di valuta<\/strong>: rivedi i tassi di cambio e lascia che la piattaforma calcoli automaticamente la conversione di valuta e il CTA<\/li>\n<li><strong>Aggiornamento automatico dei dati<\/strong><\/li>\n<li><strong>Consolidamento finanziario<\/strong>: offre sicurezza basata sul ruolo, flusso di lavoro, log di audit e percorsi di audit che forniscono la tua unica fonte di verit\u00e0 finanziaria.<\/li>\n<\/ul>\n<h3>LE RECENSIONI DEGLI UTENTI<\/h3>\n<p><strong>&#8220;Prodotto facile da usare. Ottimo supporto clienti&#8221;<\/strong><br \/>\nIN GENERALE: generiamo il nostro pacchetto di reportistica pi\u00f9 rapidamente e con meno errori. Il nostro processo di pianificazione viene eseguito in modo pi\u00f9 fluido ed efficiente con meno errori. Siamo in grado di consolidare i nostri piani pi\u00f9 rapidamente.<br \/>\nPRO: quanto \u00e8 facile creare report di base e personalizzare e distribuire pianificato. Interfaccia programmata di notte per popolare automaticamente Host con i dati del nostro G\/L. Il consolidamento del nostro piano \u00e8 pi\u00f9 efficiente e tempestivo, quindi i cambiamenti non sono un incubo da realizzare.<br \/>\nCONTRO: le versioni trimestrali sono fantastiche, ma non ti danno abbastanza tempo per testarle prima che vengano automaticamente messe in produzione.<\/p>\n<p><strong>&#8220;Nel complesso \u00e8 un ottimo strumento per la facilit\u00e0 di standardizzazione e gestione dei nostri report&#8221;.<\/strong><br \/>\nIN GENERALE: il nostro processo di segnalazione \u00e8 diventato pi\u00f9 semplice per gli utenti finali. Il team di supporto e CFL di Host ci ha anche aiutato moltissimo per i nostri utenti di giorno in giorno !!<br \/>\nPRO: l&#8217;applicazione ha fatto la segnalazione di un gioco da ragazzi con distribuzione automatizzata. Lo strumento di pianificazione ci ha aiutato a standardizzare il nostro processo di budget e siamo rimasti molto colpiti dal modulo di pianificazione della forza lavoro che ci ha aiutato a gestire facilmente il nostro personale e la nostra stima dei compensi.<br \/>\nCONTRO: non l&#8217;applicazione pi\u00f9 user friendly a scopo di budget. L&#8217;accesso \u00e8 stato semplificato con la soluzione SSO, ma il problema del timeout ha provocato i reclami dei clienti.<\/p>\n<p><strong>&#8220;Piattaforma di rendicontazione finanziaria di alta qualit\u00e0&#8221;<\/strong><br \/>\nIN GENERALE: utilizzato questo software per semplificare la reportistica di 8 societ\u00e0 con diversi piani contabili e 10.000 account in un&#8217;unica struttura di reporting comparabile. Riduzione degli sforzi e del tempo spesi per il consolidamento e la preparazione delle relazioni finanziarie.<br \/>\nPRO: i report dinamici e la capacit\u00e0 di ottenere le informazioni finanziarie precise di cui hai bisogno, con funzionalit\u00e0 di drill down \u00e8 un enorme vantaggio. Pu\u00f2 includere collegamenti a immagini dei documenti di origine delle transazioni, offrendo una grande trasparenza nei report. Il componente aggiuntivo Spotlight per Excel per lo sviluppo di report personalizzati e aggiornabili \u00e8 di grande aiuto. Anche gli strumenti di previsione e budget sono buoni.<br \/>\nCONTRO: La curva di apprendimento dell&#8217;implementazione di un nuovo software per la rendicontazione finanziaria sar\u00e0 sempre in qualche modo significativa, ma ci sono diverse stranezze nel caricamento dei dati e nell&#8217;elaborazione dei report che rendono le cose pi\u00f9 difficili di quanto dovrebbero essere.<\/p>\n","protected":false},"excerpt":{"rendered":"<p>Host Analytics \u00e8 una piattaforma online di business intelligence, basata su cloud e che si pone come obiettivo quello di soddisfare le esigenze dei team finanziari e di quelli contabili. L&#8217;idea \u00e8 quella di poter migliorare la gestione dell&#8217;attivit\u00e0, riuscendo a ottimizzare quei processi aziendali che normalmente richiedono molto pi\u00f9 tempo.\u00a0<\/p>\n","protected":false},"author":17,"featured_media":21867,"parent":32646,"menu_order":0,"comment_status":"open","ping_status":"closed","template":"g1_template_page_review_new.php","meta":{"_acf_changed":false,"cwp_meta_box_check":"Yes","cwp_rev_product_name":"","cwp_rev_product_image":"","wppr_links":[],"cwp_rev_price":"","wppr_options":[],"wppr_pros":[],"wppr_cons":[],"_monsterinsights_skip_tracking":false,"_monsterinsights_sitenote_active":false,"_monsterinsights_sitenote_note":"","_monsterinsights_sitenote_category":0,"footnotes":""},"categories":[1555],"tags":[1565,1564,1557,1558],"features":[],"class_list":{"0":"post-21865","1":"page","2":"type-page","3":"status-publish","4":"has-post-thumbnail","6":"category-business-intelligence-it","7":"tag-business-intelligence","8":"tag-business-intelligence-software","9":"tag-programma-business-intelligence","10":"tag-soluzione-business-intelligence"},"wppr_data":{"cwp_meta_box_check":"Yes","cwp_rev_product_name":"","cwp_rev_product_image":"","cwp_image_link":"image","cwp_rev_price":"","wppr_rating":"0.00"},"acf":[],"yoast_head":"<!-- This site is optimized with the Yoast SEO plugin v27.4 - https:\/\/yoast.com\/product\/yoast-seo-wordpress\/ -->\n<title>Host Analytics: recensione business intelligence - Accurate Reviews<\/title>\n<meta name=\"description\" content=\"Host Analytics: recensione della piattaforma online di business intelligence che si pone come obiettivo quello di soddisfare le esigenze delle aziende.\" \/>\n<meta name=\"robots\" content=\"index, follow, max-snippet:-1, max-image-preview:large, max-video-preview:-1\" \/>\n<link rel=\"canonical\" href=\"https:\/\/www.accuratereviews.com\/it\/business-intelligence\/host-analytics-recensione\/\" \/>\n<meta property=\"og:locale\" content=\"it_IT\" \/>\n<meta property=\"og:type\" content=\"article\" \/>\n<meta property=\"og:title\" content=\"Host Analytics: recensione business intelligence - Accurate Reviews\" \/>\n<meta property=\"og:description\" content=\"Host Analytics: recensione della piattaforma online di business intelligence che si pone come obiettivo quello di soddisfare le esigenze delle aziende.\" \/>\n<meta property=\"og:url\" content=\"https:\/\/www.accuratereviews.com\/it\/business-intelligence\/host-analytics-recensione\/\" \/>\n<meta property=\"og:site_name\" content=\"Accurate Reviews\" \/>\n<meta property=\"article:modified_time\" content=\"2021-05-18T14:57:19+00:00\" \/>\n<meta property=\"og:image\" content=\"https:\/\/www.accuratereviews.com\/wp-content\/uploads\/2020\/01\/L2mWJpSg.png\" \/>\n\t<meta property=\"og:image:width\" content=\"337\" \/>\n\t<meta property=\"og:image:height\" content=\"337\" \/>\n\t<meta property=\"og:image:type\" content=\"image\/png\" \/>\n<meta name=\"twitter:card\" content=\"summary_large_image\" \/>\n<meta name=\"twitter:label1\" content=\"Tempo di lettura stimato\" \/>\n\t<meta name=\"twitter:data1\" content=\"3 minuti\" \/>\n<script type=\"application\/ld+json\" class=\"yoast-schema-graph\">{\"@context\":\"https:\\\/\\\/schema.org\",\"@graph\":[{\"@type\":\"WebPage\",\"@id\":\"https:\\\/\\\/www.accuratereviews.com\\\/it\\\/business-intelligence\\\/host-analytics-recensione\\\/\",\"url\":\"https:\\\/\\\/www.accuratereviews.com\\\/it\\\/business-intelligence\\\/host-analytics-recensione\\\/\",\"name\":\"Host Analytics: recensione business intelligence - Accurate Reviews\",\"isPartOf\":{\"@id\":\"https:\\\/\\\/www.accuratereviews.com\\\/it\\\/#website\"},\"primaryImageOfPage\":{\"@id\":\"https:\\\/\\\/www.accuratereviews.com\\\/it\\\/business-intelligence\\\/host-analytics-recensione\\\/#primaryimage\"},\"image\":{\"@id\":\"https:\\\/\\\/www.accuratereviews.com\\\/it\\\/business-intelligence\\\/host-analytics-recensione\\\/#primaryimage\"},\"thumbnailUrl\":\"https:\\\/\\\/www.accuratereviews.com\\\/wp-content\\\/uploads\\\/2020\\\/01\\\/L2mWJpSg.png\",\"datePublished\":\"2020-01-07T16:19:17+00:00\",\"dateModified\":\"2021-05-18T14:57:19+00:00\",\"description\":\"Host Analytics: recensione della piattaforma online di business intelligence che si pone come obiettivo quello di soddisfare le esigenze delle aziende.\",\"breadcrumb\":{\"@id\":\"https:\\\/\\\/www.accuratereviews.com\\\/it\\\/business-intelligence\\\/host-analytics-recensione\\\/#breadcrumb\"},\"inLanguage\":\"it-IT\",\"potentialAction\":[{\"@type\":\"ReadAction\",\"target\":[\"https:\\\/\\\/www.accuratereviews.com\\\/it\\\/business-intelligence\\\/host-analytics-recensione\\\/\"]}]},{\"@type\":\"ImageObject\",\"inLanguage\":\"it-IT\",\"@id\":\"https:\\\/\\\/www.accuratereviews.com\\\/it\\\/business-intelligence\\\/host-analytics-recensione\\\/#primaryimage\",\"url\":\"https:\\\/\\\/www.accuratereviews.com\\\/wp-content\\\/uploads\\\/2020\\\/01\\\/L2mWJpSg.png\",\"contentUrl\":\"https:\\\/\\\/www.accuratereviews.com\\\/wp-content\\\/uploads\\\/2020\\\/01\\\/L2mWJpSg.png\",\"width\":337,\"height\":337},{\"@type\":\"BreadcrumbList\",\"@id\":\"https:\\\/\\\/www.accuratereviews.com\\\/it\\\/business-intelligence\\\/host-analytics-recensione\\\/#breadcrumb\",\"itemListElement\":[{\"@type\":\"ListItem\",\"position\":1,\"name\":\"Home\",\"item\":\"https:\\\/\\\/www.accuratereviews.com\\\/it\\\/\"},{\"@type\":\"ListItem\",\"position\":2,\"name\":\"Business intelligence\",\"item\":\"https:\\\/\\\/www.accuratereviews.com\\\/it\\\/business-intelligence\\\/\"},{\"@type\":\"ListItem\",\"position\":3,\"name\":\"Host Analytics\"}]},{\"@type\":\"WebSite\",\"@id\":\"https:\\\/\\\/www.accuratereviews.com\\\/it\\\/#website\",\"url\":\"https:\\\/\\\/www.accuratereviews.com\\\/it\\\/\",\"name\":\"Accurate Reviews\",\"description\":\"\",\"potentialAction\":[{\"@type\":\"SearchAction\",\"target\":{\"@type\":\"EntryPoint\",\"urlTemplate\":\"https:\\\/\\\/www.accuratereviews.com\\\/it\\\/?s={search_term_string}\"},\"query-input\":{\"@type\":\"PropertyValueSpecification\",\"valueRequired\":true,\"valueName\":\"search_term_string\"}}],\"inLanguage\":\"it-IT\"}]}<\/script>\n<!-- \/ Yoast SEO plugin. -->","yoast_head_json":{"title":"Host Analytics: recensione business intelligence - Accurate Reviews","description":"Host Analytics: recensione della piattaforma online di business intelligence che si pone come obiettivo quello di soddisfare le esigenze delle aziende.","robots":{"index":"index","follow":"follow","max-snippet":"max-snippet:-1","max-image-preview":"max-image-preview:large","max-video-preview":"max-video-preview:-1"},"canonical":"https:\/\/www.accuratereviews.com\/it\/business-intelligence\/host-analytics-recensione\/","og_locale":"it_IT","og_type":"article","og_title":"Host Analytics: recensione business intelligence - Accurate Reviews","og_description":"Host Analytics: recensione della piattaforma online di business intelligence che si pone come obiettivo quello di soddisfare le esigenze delle aziende.","og_url":"https:\/\/www.accuratereviews.com\/it\/business-intelligence\/host-analytics-recensione\/","og_site_name":"Accurate Reviews","article_modified_time":"2021-05-18T14:57:19+00:00","og_image":[{"width":337,"height":337,"url":"https:\/\/www.accuratereviews.com\/wp-content\/uploads\/2020\/01\/L2mWJpSg.png","type":"image\/png"}],"twitter_card":"summary_large_image","twitter_misc":{"Tempo di lettura stimato":"3 minuti"},"schema":{"@context":"https:\/\/schema.org","@graph":[{"@type":"WebPage","@id":"https:\/\/www.accuratereviews.com\/it\/business-intelligence\/host-analytics-recensione\/","url":"https:\/\/www.accuratereviews.com\/it\/business-intelligence\/host-analytics-recensione\/","name":"Host Analytics: recensione business intelligence - Accurate Reviews","isPartOf":{"@id":"https:\/\/www.accuratereviews.com\/it\/#website"},"primaryImageOfPage":{"@id":"https:\/\/www.accuratereviews.com\/it\/business-intelligence\/host-analytics-recensione\/#primaryimage"},"image":{"@id":"https:\/\/www.accuratereviews.com\/it\/business-intelligence\/host-analytics-recensione\/#primaryimage"},"thumbnailUrl":"https:\/\/www.accuratereviews.com\/wp-content\/uploads\/2020\/01\/L2mWJpSg.png","datePublished":"2020-01-07T16:19:17+00:00","dateModified":"2021-05-18T14:57:19+00:00","description":"Host Analytics: recensione della piattaforma online di business intelligence che si pone come obiettivo quello di soddisfare le esigenze delle aziende.","breadcrumb":{"@id":"https:\/\/www.accuratereviews.com\/it\/business-intelligence\/host-analytics-recensione\/#breadcrumb"},"inLanguage":"it-IT","potentialAction":[{"@type":"ReadAction","target":["https:\/\/www.accuratereviews.com\/it\/business-intelligence\/host-analytics-recensione\/"]}]},{"@type":"ImageObject","inLanguage":"it-IT","@id":"https:\/\/www.accuratereviews.com\/it\/business-intelligence\/host-analytics-recensione\/#primaryimage","url":"https:\/\/www.accuratereviews.com\/wp-content\/uploads\/2020\/01\/L2mWJpSg.png","contentUrl":"https:\/\/www.accuratereviews.com\/wp-content\/uploads\/2020\/01\/L2mWJpSg.png","width":337,"height":337},{"@type":"BreadcrumbList","@id":"https:\/\/www.accuratereviews.com\/it\/business-intelligence\/host-analytics-recensione\/#breadcrumb","itemListElement":[{"@type":"ListItem","position":1,"name":"Home","item":"https:\/\/www.accuratereviews.com\/it\/"},{"@type":"ListItem","position":2,"name":"Business intelligence","item":"https:\/\/www.accuratereviews.com\/it\/business-intelligence\/"},{"@type":"ListItem","position":3,"name":"Host Analytics"}]},{"@type":"WebSite","@id":"https:\/\/www.accuratereviews.com\/it\/#website","url":"https:\/\/www.accuratereviews.com\/it\/","name":"Accurate Reviews","description":"","potentialAction":[{"@type":"SearchAction","target":{"@type":"EntryPoint","urlTemplate":"https:\/\/www.accuratereviews.com\/it\/?s={search_term_string}"},"query-input":{"@type":"PropertyValueSpecification","valueRequired":true,"valueName":"search_term_string"}}],"inLanguage":"it-IT"}]}},"_links":{"self":[{"href":"https:\/\/www.accuratereviews.com\/it\/wp-json\/wp\/v2\/pages\/21865","targetHints":{"allow":["GET"]}}],"collection":[{"href":"https:\/\/www.accuratereviews.com\/it\/wp-json\/wp\/v2\/pages"}],"about":[{"href":"https:\/\/www.accuratereviews.com\/it\/wp-json\/wp\/v2\/types\/page"}],"author":[{"embeddable":true,"href":"https:\/\/www.accuratereviews.com\/it\/wp-json\/wp\/v2\/users\/17"}],"replies":[{"embeddable":true,"href":"https:\/\/www.accuratereviews.com\/it\/wp-json\/wp\/v2\/comments?post=21865"}],"version-history":[{"count":6,"href":"https:\/\/www.accuratereviews.com\/it\/wp-json\/wp\/v2\/pages\/21865\/revisions"}],"predecessor-version":[{"id":42940,"href":"https:\/\/www.accuratereviews.com\/it\/wp-json\/wp\/v2\/pages\/21865\/revisions\/42940"}],"up":[{"embeddable":true,"href":"https:\/\/www.accuratereviews.com\/it\/wp-json\/wp\/v2\/pages\/32646"}],"wp:featuredmedia":[{"embeddable":true,"href":"https:\/\/www.accuratereviews.com\/it\/wp-json\/wp\/v2\/media\/21867"}],"wp:attachment":[{"href":"https:\/\/www.accuratereviews.com\/it\/wp-json\/wp\/v2\/media?parent=21865"}],"wp:term":[{"taxonomy":"category","embeddable":true,"href":"https:\/\/www.accuratereviews.com\/it\/wp-json\/wp\/v2\/categories?post=21865"},{"taxonomy":"post_tag","embeddable":true,"href":"https:\/\/www.accuratereviews.com\/it\/wp-json\/wp\/v2\/tags?post=21865"},{"taxonomy":"features","embeddable":true,"href":"https:\/\/www.accuratereviews.com\/it\/wp-json\/wp\/v2\/features?post=21865"}],"curies":[{"name":"wp","href":"https:\/\/api.w.org\/{rel}","templated":true}]}}