{"id":21877,"date":"2020-01-08T12:43:27","date_gmt":"2020-01-08T12:43:27","guid":{"rendered":"https:\/\/www.accuratereviews.com\/?page_id=21877"},"modified":"2020-01-08T12:43:27","modified_gmt":"2020-01-08T12:43:27","slug":"octelas-recensione","status":"publish","type":"page","link":"https:\/\/www.accuratereviews.com\/it\/octelas-recensione\/","title":{"rendered":"OCTELAS"},"content":{"rendered":"<p><strong>OCTELAS<\/strong> \u00e8 un <strong>software di business intelligence<\/strong> studiato per le aziende PMI che utilizzano la contabilit\u00e0 o i sistemi ERP per gestire i processi aziendali. L&#8217;obiettivo del programma \u00e8 quello di offrire degli ottimi strumenti che riescano ad ottimizzare quelle attivit\u00e0 gestionali che normalmente richiedono lo sforzo in termini di energia, ma anche in termini di tempo. Puoi ottenere i <strong>report<\/strong> che ti servono ogni giorno per gestire la tua attivit\u00e0 nel modo pi\u00f9 efficiente possibile, migliorando i profitti e risparmiando tempo. Questo<strong> programma di business intelligence<\/strong> \u00e8 progettato per tenerti costantemente aggiornato sui movimenti della tua azienda, inviandoti automaticamente avvisi ed email che ti aiutino nella gestione del tutto. Si tratta di una piattaforma intuitiva e semplice da usare, disponibile per <strong>Windows<\/strong>.<\/p>\n<h2>COME FUNZIONA OCTELAS &#8211; TUTORIAL<\/h2>\n<p>Ecco un video che potr\u00e0 spiegarci qualcosa di pi\u00f9 al riguardo:<\/p>\n<div id=\"fluid-wrapper-counter-1\" class=\"g1-fluid-wrapper \" style=\"width:686px;\">\n<div style=\"padding-bottom:56.268221574344%;\"><iframe loading=\"lazy\" title=\"Octelas Dental Daily Practice Schedule (Part 1 of 3)\" width=\"686\" height=\"386\" src=\"https:\/\/www.youtube.com\/embed\/oDl1mb4ElJA?feature=oembed&amp;wmode=transparent&amp;autohide=1&amp;autoplay=0&amp;disablekb=0&amp;fs=1&amp;loop=0&amp;enablejsapi=1&amp;rel=0&amp;controls=2&amp;showinfo=0&amp;wmode=transparent&amp;autohide=2&amp;autoplay=0&amp;disablekb=0&amp;fs=1&amp;loop=0&amp;enablejsapi=1&amp;rel=0&amp;controls=2&amp;showinfo=1\" frameborder=\"0\" allow=\"accelerometer; autoplay; encrypted-media; gyroscope; picture-in-picture\" allowfullscreen><\/iframe><\/div>\n<\/div>\n<h3>OCTELAS &#8211; CARATTERISTICHE<\/h3>\n<p>Di seguito elenchiamo le sue principali caratteristiche:<\/p>\n<ul>\n<li><strong>Accesso ai dati<\/strong>: grazie all&#8217;estrazione automatica dei dati aziendali, potrai ottenere report immediati<\/li>\n<li><strong>Report dinamici<\/strong>: guarda i tuoi dati da ogni angolazione, filtra e approfondisci i report dettagliati<\/li>\n<li><strong>Aumento dei profitti<\/strong>: usa i tuoi dati aziendali per scoprire opportunit\u00e0 nascoste e aumentare i profitti<\/li>\n<li><strong>Strumenti di business intelligence<\/strong>: utilizzando questi strumenti, potrai risparmiare tempo e risorse<\/li>\n<li><strong>Accesso personalizzato<\/strong>: consenti o limita l&#8217;accesso di utenti e gruppi a determinate aree di dati<\/li>\n<li><strong>Assistenza tecnica<\/strong>: per qualsiasi dubbio, potrai contattare il team di sviluppatori qualificati, disponibile a risolvere ogni tuo problema.<\/li>\n<\/ul>\n<h3>LE RECENSIONI DEGLI UTENTI<\/h3>\n<p><strong>&#8220;Il miglior software per la manipolazione dei dati rapida ed efficiente&#8221;<\/strong><br \/>\nPRO: La facilit\u00e0 d&#8217;uso \u00e8 eccezionale, prende i dati due volte al giorno dal nostro sistema Dynamics, da SQL ci ha fornito informazioni aggiornate, senza alcuna nuova codifica. Il servizio clienti \u00e8 incredibile.<br \/>\nCONTRO: Niente di veramente antipatico, fa quello che ha detto che avrebbe fatto. L&#8217;accesso dell&#8217;utente per alcune attivit\u00e0 di base all&#8217;interno dell&#8217;area di filtraggio del software dovrebbe essere pi\u00f9 personalizzabile.<\/p>\n<p><strong>&#8220;Interfaccia molto intuitiva, facile da imparare e da insegnare agli altri.&#8221;<\/strong><br \/>\nPRO: impostazione dei preferiti per una navigazione rapida.<br \/>\nAdattabile.<br \/>\nVisualizza la quantit\u00e0 minima o maggiore di informazioni che desideri con un clic<br \/>\nCONTRO: Non mi viene in mente molto, l&#8217;unica cosa da dire \u00e8 che quando non si deselezionano i rappresentanti di vendita che guardano le vendite in un anno, ad esempio, i dati possono sovraccaricare alcuni browser e farli funzionare lentamente.<\/p>\n<p><strong>&#8220;Trasformazione del software&#8221;<\/strong><br \/>\nIN GENERALE: enormi guadagni di efficienza. La nostra esperienza \u00e8 straordinariamente positiva e, con l&#8217;uso, sta diventando sempre pi\u00f9 critica per il business con il passare dei mesi.<br \/>\nPRO: Quello che mi piace di pi\u00f9 \u00e8 che posso fare le cose con Octelas in pochi secondi, in precedenza impiegavo minuti ed era impossibile per la maggior parte dei miei utenti. La disponibilit\u00e0 dei dati \u00e8 stata trasformata dall&#8217;introduzione di Octelas, il che significa che le decisioni sono migliori e prese pi\u00f9 rapidamente.<\/p>\n","protected":false},"excerpt":{"rendered":"<p>OCTELAS \u00e8 un software di business intelligence studiato per le aziende PMI che utilizzano la contabilit\u00e0 o i sistemi ERP per gestire i processi aziendali. L&#8217;obiettivo del programma \u00e8 quello di offrire degli ottimi strumenti che riescano ad ottimizzare quelle attivit\u00e0 gestionali che normalmente richiedono lo sforzo in termini di energia, ma anche in termini di tempo.<\/p>\n","protected":false},"author":17,"featured_media":21885,"parent":0,"menu_order":0,"comment_status":"open","ping_status":"closed","template":"g1_template_page_review_new.php","meta":{"_acf_changed":false,"cwp_meta_box_check":"Yes","cwp_rev_product_name":"","cwp_rev_product_image":"","wppr_links":[],"cwp_rev_price":"","wppr_options":[],"wppr_pros":[],"wppr_cons":[],"_monsterinsights_skip_tracking":false,"_monsterinsights_sitenote_active":false,"_monsterinsights_sitenote_note":"","_monsterinsights_sitenote_category":0,"footnotes":""},"categories":[1555],"tags":[1561,1565,1564,1557,1558],"features":[],"class_list":{"0":"post-21877","1":"page","2":"type-page","3":"status-publish","4":"has-post-thumbnail","6":"category-business-intelligence-it","7":"tag-bi","8":"tag-business-intelligence","9":"tag-business-intelligence-software","10":"tag-programma-business-intelligence","11":"tag-soluzione-business-intelligence"},"wppr_data":{"cwp_meta_box_check":"Yes","cwp_rev_product_name":"","cwp_rev_product_image":"","cwp_image_link":"image","cwp_rev_price":"","wppr_rating":"0.00"},"acf":[],"yoast_head":"<!-- This site is optimized with the Yoast SEO plugin v27.4 - https:\/\/yoast.com\/product\/yoast-seo-wordpress\/ -->\n<title>OCTELAS: recensione business intelligence sotware - Accurate Reviews<\/title>\n<meta name=\"description\" content=\"OCTELAS: recensione del software di business intelligence studiato per le aziende PMI che vogliono aumentare i profitti risparmiando tempo.\" \/>\n<meta name=\"robots\" content=\"index, follow, max-snippet:-1, max-image-preview:large, max-video-preview:-1\" \/>\n<link rel=\"canonical\" href=\"https:\/\/www.accuratereviews.com\/it\/octelas-recensione\/\" \/>\n<meta property=\"og:locale\" content=\"it_IT\" \/>\n<meta property=\"og:type\" content=\"article\" \/>\n<meta property=\"og:title\" content=\"OCTELAS: recensione business intelligence sotware - Accurate Reviews\" \/>\n<meta property=\"og:description\" content=\"OCTELAS: recensione del software di business intelligence studiato per le aziende PMI che vogliono aumentare i profitti risparmiando tempo.\" \/>\n<meta property=\"og:url\" content=\"https:\/\/www.accuratereviews.com\/it\/octelas-recensione\/\" \/>\n<meta property=\"og:site_name\" content=\"Accurate Reviews\" \/>\n<meta property=\"og:image\" content=\"https:\/\/www.accuratereviews.com\/wp-content\/uploads\/2020\/01\/picture.png\" \/>\n\t<meta property=\"og:image:width\" content=\"200\" \/>\n\t<meta property=\"og:image:height\" content=\"200\" \/>\n\t<meta property=\"og:image:type\" content=\"image\/png\" \/>\n<meta name=\"twitter:card\" content=\"summary_large_image\" \/>\n<meta name=\"twitter:label1\" content=\"Tempo di lettura stimato\" \/>\n\t<meta name=\"twitter:data1\" content=\"2 minuti\" \/>\n<script type=\"application\/ld+json\" class=\"yoast-schema-graph\">{\"@context\":\"https:\\\/\\\/schema.org\",\"@graph\":[{\"@type\":\"WebPage\",\"@id\":\"https:\\\/\\\/www.accuratereviews.com\\\/it\\\/octelas-recensione\\\/\",\"url\":\"https:\\\/\\\/www.accuratereviews.com\\\/it\\\/octelas-recensione\\\/\",\"name\":\"OCTELAS: recensione business intelligence sotware - Accurate Reviews\",\"isPartOf\":{\"@id\":\"https:\\\/\\\/www.accuratereviews.com\\\/it\\\/#website\"},\"primaryImageOfPage\":{\"@id\":\"https:\\\/\\\/www.accuratereviews.com\\\/it\\\/octelas-recensione\\\/#primaryimage\"},\"image\":{\"@id\":\"https:\\\/\\\/www.accuratereviews.com\\\/it\\\/octelas-recensione\\\/#primaryimage\"},\"thumbnailUrl\":\"https:\\\/\\\/www.accuratereviews.com\\\/wp-content\\\/uploads\\\/2020\\\/01\\\/picture.png\",\"datePublished\":\"2020-01-08T12:43:27+00:00\",\"description\":\"OCTELAS: recensione del software di business intelligence studiato per le aziende PMI che vogliono aumentare i profitti risparmiando tempo.\",\"breadcrumb\":{\"@id\":\"https:\\\/\\\/www.accuratereviews.com\\\/it\\\/octelas-recensione\\\/#breadcrumb\"},\"inLanguage\":\"it-IT\",\"potentialAction\":[{\"@type\":\"ReadAction\",\"target\":[\"https:\\\/\\\/www.accuratereviews.com\\\/it\\\/octelas-recensione\\\/\"]}]},{\"@type\":\"ImageObject\",\"inLanguage\":\"it-IT\",\"@id\":\"https:\\\/\\\/www.accuratereviews.com\\\/it\\\/octelas-recensione\\\/#primaryimage\",\"url\":\"https:\\\/\\\/www.accuratereviews.com\\\/wp-content\\\/uploads\\\/2020\\\/01\\\/picture.png\",\"contentUrl\":\"https:\\\/\\\/www.accuratereviews.com\\\/wp-content\\\/uploads\\\/2020\\\/01\\\/picture.png\",\"width\":200,\"height\":200},{\"@type\":\"BreadcrumbList\",\"@id\":\"https:\\\/\\\/www.accuratereviews.com\\\/it\\\/octelas-recensione\\\/#breadcrumb\",\"itemListElement\":[{\"@type\":\"ListItem\",\"position\":1,\"name\":\"Home\",\"item\":\"https:\\\/\\\/www.accuratereviews.com\\\/it\\\/\"},{\"@type\":\"ListItem\",\"position\":2,\"name\":\"OCTELAS\"}]},{\"@type\":\"WebSite\",\"@id\":\"https:\\\/\\\/www.accuratereviews.com\\\/it\\\/#website\",\"url\":\"https:\\\/\\\/www.accuratereviews.com\\\/it\\\/\",\"name\":\"Accurate Reviews\",\"description\":\"\",\"potentialAction\":[{\"@type\":\"SearchAction\",\"target\":{\"@type\":\"EntryPoint\",\"urlTemplate\":\"https:\\\/\\\/www.accuratereviews.com\\\/it\\\/?s={search_term_string}\"},\"query-input\":{\"@type\":\"PropertyValueSpecification\",\"valueRequired\":true,\"valueName\":\"search_term_string\"}}],\"inLanguage\":\"it-IT\"}]}<\/script>\n<!-- \/ Yoast SEO plugin. -->","yoast_head_json":{"title":"OCTELAS: recensione business intelligence sotware - Accurate Reviews","description":"OCTELAS: recensione del software di business intelligence studiato per le aziende PMI che vogliono aumentare i profitti risparmiando tempo.","robots":{"index":"index","follow":"follow","max-snippet":"max-snippet:-1","max-image-preview":"max-image-preview:large","max-video-preview":"max-video-preview:-1"},"canonical":"https:\/\/www.accuratereviews.com\/it\/octelas-recensione\/","og_locale":"it_IT","og_type":"article","og_title":"OCTELAS: recensione business intelligence sotware - Accurate Reviews","og_description":"OCTELAS: recensione del software di business intelligence studiato per le aziende PMI che vogliono aumentare i profitti risparmiando tempo.","og_url":"https:\/\/www.accuratereviews.com\/it\/octelas-recensione\/","og_site_name":"Accurate Reviews","og_image":[{"width":200,"height":200,"url":"https:\/\/www.accuratereviews.com\/wp-content\/uploads\/2020\/01\/picture.png","type":"image\/png"}],"twitter_card":"summary_large_image","twitter_misc":{"Tempo di lettura stimato":"2 minuti"},"schema":{"@context":"https:\/\/schema.org","@graph":[{"@type":"WebPage","@id":"https:\/\/www.accuratereviews.com\/it\/octelas-recensione\/","url":"https:\/\/www.accuratereviews.com\/it\/octelas-recensione\/","name":"OCTELAS: recensione business intelligence sotware - Accurate Reviews","isPartOf":{"@id":"https:\/\/www.accuratereviews.com\/it\/#website"},"primaryImageOfPage":{"@id":"https:\/\/www.accuratereviews.com\/it\/octelas-recensione\/#primaryimage"},"image":{"@id":"https:\/\/www.accuratereviews.com\/it\/octelas-recensione\/#primaryimage"},"thumbnailUrl":"https:\/\/www.accuratereviews.com\/wp-content\/uploads\/2020\/01\/picture.png","datePublished":"2020-01-08T12:43:27+00:00","description":"OCTELAS: recensione del software di business intelligence studiato per le aziende PMI che vogliono aumentare i profitti risparmiando tempo.","breadcrumb":{"@id":"https:\/\/www.accuratereviews.com\/it\/octelas-recensione\/#breadcrumb"},"inLanguage":"it-IT","potentialAction":[{"@type":"ReadAction","target":["https:\/\/www.accuratereviews.com\/it\/octelas-recensione\/"]}]},{"@type":"ImageObject","inLanguage":"it-IT","@id":"https:\/\/www.accuratereviews.com\/it\/octelas-recensione\/#primaryimage","url":"https:\/\/www.accuratereviews.com\/wp-content\/uploads\/2020\/01\/picture.png","contentUrl":"https:\/\/www.accuratereviews.com\/wp-content\/uploads\/2020\/01\/picture.png","width":200,"height":200},{"@type":"BreadcrumbList","@id":"https:\/\/www.accuratereviews.com\/it\/octelas-recensione\/#breadcrumb","itemListElement":[{"@type":"ListItem","position":1,"name":"Home","item":"https:\/\/www.accuratereviews.com\/it\/"},{"@type":"ListItem","position":2,"name":"OCTELAS"}]},{"@type":"WebSite","@id":"https:\/\/www.accuratereviews.com\/it\/#website","url":"https:\/\/www.accuratereviews.com\/it\/","name":"Accurate Reviews","description":"","potentialAction":[{"@type":"SearchAction","target":{"@type":"EntryPoint","urlTemplate":"https:\/\/www.accuratereviews.com\/it\/?s={search_term_string}"},"query-input":{"@type":"PropertyValueSpecification","valueRequired":true,"valueName":"search_term_string"}}],"inLanguage":"it-IT"}]}},"_links":{"self":[{"href":"https:\/\/www.accuratereviews.com\/it\/wp-json\/wp\/v2\/pages\/21877","targetHints":{"allow":["GET"]}}],"collection":[{"href":"https:\/\/www.accuratereviews.com\/it\/wp-json\/wp\/v2\/pages"}],"about":[{"href":"https:\/\/www.accuratereviews.com\/it\/wp-json\/wp\/v2\/types\/page"}],"author":[{"embeddable":true,"href":"https:\/\/www.accuratereviews.com\/it\/wp-json\/wp\/v2\/users\/17"}],"replies":[{"embeddable":true,"href":"https:\/\/www.accuratereviews.com\/it\/wp-json\/wp\/v2\/comments?post=21877"}],"version-history":[{"count":3,"href":"https:\/\/www.accuratereviews.com\/it\/wp-json\/wp\/v2\/pages\/21877\/revisions"}],"predecessor-version":[{"id":21899,"href":"https:\/\/www.accuratereviews.com\/it\/wp-json\/wp\/v2\/pages\/21877\/revisions\/21899"}],"wp:featuredmedia":[{"embeddable":true,"href":"https:\/\/www.accuratereviews.com\/it\/wp-json\/wp\/v2\/media\/21885"}],"wp:attachment":[{"href":"https:\/\/www.accuratereviews.com\/it\/wp-json\/wp\/v2\/media?parent=21877"}],"wp:term":[{"taxonomy":"category","embeddable":true,"href":"https:\/\/www.accuratereviews.com\/it\/wp-json\/wp\/v2\/categories?post=21877"},{"taxonomy":"post_tag","embeddable":true,"href":"https:\/\/www.accuratereviews.com\/it\/wp-json\/wp\/v2\/tags?post=21877"},{"taxonomy":"features","embeddable":true,"href":"https:\/\/www.accuratereviews.com\/it\/wp-json\/wp\/v2\/features?post=21877"}],"curies":[{"name":"wp","href":"https:\/\/api.w.org\/{rel}","templated":true}]}}