{"id":21893,"date":"2020-01-08T12:43:11","date_gmt":"2020-01-08T12:43:11","guid":{"rendered":"https:\/\/www.accuratereviews.com\/?page_id=21893"},"modified":"2020-01-08T12:43:11","modified_gmt":"2020-01-08T12:43:11","slug":"matomo-analytics-recensione","status":"publish","type":"page","link":"https:\/\/www.accuratereviews.com\/it\/matomo-analytics-recensione\/","title":{"rendered":"Matomo Analytics"},"content":{"rendered":"<p><strong>Matomo Analytics<\/strong> \u00e8 una piattaforma di analisi web che offre molti<strong> strumenti di business intelligenc<\/strong>e che ti permettono di avere il pieno controllo sui tuoi dati. Si tratta di un software che garantisce la<strong> protezione della privacy, la propriet\u00e0 dei dati al 100% e nessun campionamento dei dati<\/strong>. \u00c8 infatti studiato soprattutto per le aziende e le industrie che sono sottoposte a rigorose normative sulla conformit\u00e0 e sulla privacy dei dati. Puoi utilizzare <strong>Matomo on-premise<\/strong> salvando i dati direttamente sui tuoi server godendo della massima flessibilit\u00e0 e ottenendo intuizioni potenti che facciano crescere la tua azienda o utilizzare il <strong>cloud<\/strong> evitando di scaricare il programma e installarlo sul tuo server. Inoltre \u00e8 <strong>open source<\/strong> quindi potrai apportare tutte le modifiche che vorrai in modo tale da personalizzarlo come preferisci.<\/p>\n<h2>COME FUNZIONA MATOMO ANALYTICS &#8211; TUTORIAL<\/h2>\n<p>Diamo uno sguardo a questo video tutorial per capire come utilizzare questo software:<\/p>\n<div id=\"fluid-wrapper-counter-1\" class=\"g1-fluid-wrapper \" style=\"width:686px;\">\n<div style=\"padding-bottom:56.268221574344%;\"><iframe loading=\"lazy\" title=\"How to track single page websites with Matomo Analytics? SIngle Page App\" width=\"686\" height=\"386\" src=\"https:\/\/www.youtube.com\/embed\/BwHEqdD4YZo?feature=oembed&amp;wmode=transparent&amp;autohide=1&amp;autoplay=0&amp;disablekb=0&amp;fs=1&amp;loop=0&amp;enablejsapi=1&amp;rel=0&amp;controls=2&amp;showinfo=0&amp;wmode=transparent&amp;autohide=2&amp;autoplay=0&amp;disablekb=0&amp;fs=1&amp;loop=0&amp;enablejsapi=1&amp;rel=0&amp;controls=2&amp;showinfo=1\" frameborder=\"0\" allow=\"accelerometer; autoplay; encrypted-media; gyroscope; picture-in-picture\" allowfullscreen><\/iframe><\/div>\n<\/div>\n<h3>MATOMO ANALYTICS &#8211; CARATTERISTICHE<\/h3>\n<p>Ecco le sue principali caratteristiche:<\/p>\n<ul>\n<li>Nessun campionamento dei dati<\/li>\n<li>Media Analytics<\/li>\n<li>Interazioni di contenuto<\/li>\n<li>Transizioni<\/li>\n<li>Funzioni di ottimizzazione delle conversioni<\/li>\n<li>Profili dei visitatori<\/li>\n<li>Ottimizzazione SEO<\/li>\n<li>Report personalizzati<\/li>\n<li>Monitoraggio della campagna<\/li>\n<li>Report roll-up (combina i rapporti di pi\u00f9 siti web)<\/li>\n<li>Etichetta bianca (white label)<\/li>\n<\/ul>\n<h3>LE RECENSIONI DEGLI UTENTI<\/h3>\n<p><strong>&#8220;Fantastica alternativa open source e attenta alla privacy di Google Analytics&#8221;<\/strong><br \/>\nIN GENERALE: Nel complesso, Matomo \u00e8 la mia piattaforma di analisi preferita. Fa tutto ci\u00f2 di cui io e i miei clienti abbiamo bisogno. La piattaforma esiste da molto tempo (precedentemente Piwik) e si \u00e8 dimostrata molto affidabile. L&#8217;uso dell&#8217;API per creare report personalizzati \u00e8 anche facile e super utile.<br \/>\nPRO: Matomo \u00e8 open source e self-hosted. \u00c8 facile da configurare, gestire e implementare il monitoraggio. Include molte delle funzionalit\u00e0 avanzate che ti aspetteresti in una piattaforma di analisi. La parte migliore \u00e8 che hai il controllo dei tuoi dati e della privacy.<br \/>\nCONTRO: ci sono molte funzionalit\u00e0 premium che sono piuttosto costose. Vorrei che alcuni di questi fossero open source, funzionalit\u00e0 standard del software, ma credo che gli sviluppatori debbano mangiare!<\/p>\n<p><strong>&#8220;Un eccellente strumento di telemetria&#8221;<\/strong><br \/>\nPRO: ho apprezzato molto la facilit\u00e0 di installazione, sia come soluzione che per la distribuzione sui miei siti. Se hai gi\u00e0 utilizzato soluzioni concorrenti, l&#8217;operazione \u00e8 intuitiva.<br \/>\nCONTRO: la community \u00e8 pi\u00f9 piccola rispetto ad altre soluzioni, quindi ci sono molti meno articoli per spiegare come sfruttare appieno lo strumento. Detto questo, gli articoli esistenti sono ben scritti e completi.<\/p>\n<p><strong>&#8220;Analisi straordinarie per gli auto-sostenitori&#8221;<\/strong><br \/>\nIN GENERALE: Matomo offre una configurazione semplice, un&#8217;enorme quantit\u00e0 di funzionalit\u00e0, aggiornamenti costanti e rispetta la privacy dei miei utenti. Adoro Matomo.<br \/>\nPRO: &#8211; Gratuito per ospitare on-premise<br \/>\n&#8211; Molte societ\u00e0 di hosting offrono un&#8217;installazione con 1 clic per Matomo<br \/>\n&#8211; Installazione semplice e diretta<br \/>\n&#8211; UX completa<br \/>\nCONTRO: &#8211; Integrazione con Google, Facebook e Bing Ads non ancora pronta (ma verr\u00e0 rilasciata molto presto)<\/p>\n","protected":false},"excerpt":{"rendered":"<p>Matomo Analytics \u00e8 una piattaforma di analisi web che offre molti strumenti di business intelligence che ti permettono di avere il pieno controllo sui tuoi dati. Si tratta di un software che garantisce la protezione della privacy, la propriet\u00e0 dei dati al 100% e nessun campionamento dei dati.<\/p>\n","protected":false},"author":17,"featured_media":21894,"parent":0,"menu_order":0,"comment_status":"open","ping_status":"closed","template":"g1_template_page_review_new.php","meta":{"_acf_changed":false,"cwp_meta_box_check":"Yes","cwp_rev_product_name":"","cwp_rev_product_image":"","wppr_links":[],"cwp_rev_price":"","wppr_options":[],"wppr_pros":[],"wppr_cons":[],"_monsterinsights_skip_tracking":false,"_monsterinsights_sitenote_active":false,"_monsterinsights_sitenote_note":"","_monsterinsights_sitenote_category":0,"footnotes":""},"categories":[1555],"tags":[1561,1565,1560,1566],"features":[],"class_list":{"0":"post-21893","1":"page","2":"type-page","3":"status-publish","4":"has-post-thumbnail","6":"category-business-intelligence-it","7":"tag-bi","8":"tag-business-intelligence","9":"tag-piattaforma-business-intelligence","10":"tag-programma-di-business-intelligence"},"wppr_data":{"cwp_meta_box_check":"Yes","cwp_rev_product_name":"","cwp_rev_product_image":"","cwp_image_link":"image","cwp_rev_price":"","wppr_rating":"0.00"},"acf":[],"yoast_head":"<!-- This site is optimized with the Yoast SEO plugin v27.4 - https:\/\/yoast.com\/product\/yoast-seo-wordpress\/ -->\n<title>Matomo Analytics: recensione business intelligence - Accurate Reviews<\/title>\n<meta name=\"description\" content=\"Matomo Analytics: recensione della piattaforma di analisi web che offre molti strumenti di business intelligence per un pieno controllo sui tuoi dati.\" \/>\n<meta name=\"robots\" content=\"index, follow, max-snippet:-1, max-image-preview:large, max-video-preview:-1\" \/>\n<link rel=\"canonical\" href=\"https:\/\/www.accuratereviews.com\/it\/matomo-analytics-recensione\/\" \/>\n<meta property=\"og:locale\" content=\"it_IT\" \/>\n<meta property=\"og:type\" content=\"article\" \/>\n<meta property=\"og:title\" content=\"Matomo Analytics: recensione business intelligence - Accurate Reviews\" \/>\n<meta property=\"og:description\" content=\"Matomo Analytics: recensione della piattaforma di analisi web che offre molti strumenti di business intelligence per un pieno controllo sui tuoi dati.\" \/>\n<meta property=\"og:url\" content=\"https:\/\/www.accuratereviews.com\/it\/matomo-analytics-recensione\/\" \/>\n<meta property=\"og:site_name\" content=\"Accurate Reviews\" \/>\n<meta property=\"og:image\" content=\"https:\/\/www.accuratereviews.com\/wp-content\/uploads\/2020\/01\/matomo-logo-5-colours.jpg\" \/>\n\t<meta property=\"og:image:width\" content=\"1500\" \/>\n\t<meta property=\"og:image:height\" content=\"413\" \/>\n\t<meta property=\"og:image:type\" content=\"image\/jpeg\" \/>\n<meta name=\"twitter:card\" content=\"summary_large_image\" \/>\n<meta name=\"twitter:label1\" content=\"Tempo di lettura stimato\" \/>\n\t<meta name=\"twitter:data1\" content=\"2 minuti\" \/>\n<script type=\"application\/ld+json\" class=\"yoast-schema-graph\">{\"@context\":\"https:\\\/\\\/schema.org\",\"@graph\":[{\"@type\":\"WebPage\",\"@id\":\"https:\\\/\\\/www.accuratereviews.com\\\/it\\\/matomo-analytics-recensione\\\/\",\"url\":\"https:\\\/\\\/www.accuratereviews.com\\\/it\\\/matomo-analytics-recensione\\\/\",\"name\":\"Matomo Analytics: recensione business intelligence - Accurate Reviews\",\"isPartOf\":{\"@id\":\"https:\\\/\\\/www.accuratereviews.com\\\/it\\\/#website\"},\"primaryImageOfPage\":{\"@id\":\"https:\\\/\\\/www.accuratereviews.com\\\/it\\\/matomo-analytics-recensione\\\/#primaryimage\"},\"image\":{\"@id\":\"https:\\\/\\\/www.accuratereviews.com\\\/it\\\/matomo-analytics-recensione\\\/#primaryimage\"},\"thumbnailUrl\":\"https:\\\/\\\/www.accuratereviews.com\\\/wp-content\\\/uploads\\\/2020\\\/01\\\/matomo-logo-5-colours.jpg\",\"datePublished\":\"2020-01-08T12:43:11+00:00\",\"description\":\"Matomo Analytics: recensione della piattaforma di analisi web che offre molti strumenti di business intelligence per un pieno controllo sui tuoi dati.\",\"breadcrumb\":{\"@id\":\"https:\\\/\\\/www.accuratereviews.com\\\/it\\\/matomo-analytics-recensione\\\/#breadcrumb\"},\"inLanguage\":\"it-IT\",\"potentialAction\":[{\"@type\":\"ReadAction\",\"target\":[\"https:\\\/\\\/www.accuratereviews.com\\\/it\\\/matomo-analytics-recensione\\\/\"]}]},{\"@type\":\"ImageObject\",\"inLanguage\":\"it-IT\",\"@id\":\"https:\\\/\\\/www.accuratereviews.com\\\/it\\\/matomo-analytics-recensione\\\/#primaryimage\",\"url\":\"https:\\\/\\\/www.accuratereviews.com\\\/wp-content\\\/uploads\\\/2020\\\/01\\\/matomo-logo-5-colours.jpg\",\"contentUrl\":\"https:\\\/\\\/www.accuratereviews.com\\\/wp-content\\\/uploads\\\/2020\\\/01\\\/matomo-logo-5-colours.jpg\",\"width\":1500,\"height\":413},{\"@type\":\"BreadcrumbList\",\"@id\":\"https:\\\/\\\/www.accuratereviews.com\\\/it\\\/matomo-analytics-recensione\\\/#breadcrumb\",\"itemListElement\":[{\"@type\":\"ListItem\",\"position\":1,\"name\":\"Home\",\"item\":\"https:\\\/\\\/www.accuratereviews.com\\\/it\\\/\"},{\"@type\":\"ListItem\",\"position\":2,\"name\":\"Matomo Analytics\"}]},{\"@type\":\"WebSite\",\"@id\":\"https:\\\/\\\/www.accuratereviews.com\\\/it\\\/#website\",\"url\":\"https:\\\/\\\/www.accuratereviews.com\\\/it\\\/\",\"name\":\"Accurate Reviews\",\"description\":\"\",\"potentialAction\":[{\"@type\":\"SearchAction\",\"target\":{\"@type\":\"EntryPoint\",\"urlTemplate\":\"https:\\\/\\\/www.accuratereviews.com\\\/it\\\/?s={search_term_string}\"},\"query-input\":{\"@type\":\"PropertyValueSpecification\",\"valueRequired\":true,\"valueName\":\"search_term_string\"}}],\"inLanguage\":\"it-IT\"}]}<\/script>\n<!-- \/ Yoast SEO plugin. -->","yoast_head_json":{"title":"Matomo Analytics: recensione business intelligence - Accurate Reviews","description":"Matomo Analytics: recensione della piattaforma di analisi web che offre molti strumenti di business intelligence per un pieno controllo sui tuoi dati.","robots":{"index":"index","follow":"follow","max-snippet":"max-snippet:-1","max-image-preview":"max-image-preview:large","max-video-preview":"max-video-preview:-1"},"canonical":"https:\/\/www.accuratereviews.com\/it\/matomo-analytics-recensione\/","og_locale":"it_IT","og_type":"article","og_title":"Matomo Analytics: recensione business intelligence - Accurate Reviews","og_description":"Matomo Analytics: recensione della piattaforma di analisi web che offre molti strumenti di business intelligence per un pieno controllo sui tuoi dati.","og_url":"https:\/\/www.accuratereviews.com\/it\/matomo-analytics-recensione\/","og_site_name":"Accurate Reviews","og_image":[{"width":1500,"height":413,"url":"https:\/\/www.accuratereviews.com\/wp-content\/uploads\/2020\/01\/matomo-logo-5-colours.jpg","type":"image\/jpeg"}],"twitter_card":"summary_large_image","twitter_misc":{"Tempo di lettura stimato":"2 minuti"},"schema":{"@context":"https:\/\/schema.org","@graph":[{"@type":"WebPage","@id":"https:\/\/www.accuratereviews.com\/it\/matomo-analytics-recensione\/","url":"https:\/\/www.accuratereviews.com\/it\/matomo-analytics-recensione\/","name":"Matomo Analytics: recensione business intelligence - Accurate Reviews","isPartOf":{"@id":"https:\/\/www.accuratereviews.com\/it\/#website"},"primaryImageOfPage":{"@id":"https:\/\/www.accuratereviews.com\/it\/matomo-analytics-recensione\/#primaryimage"},"image":{"@id":"https:\/\/www.accuratereviews.com\/it\/matomo-analytics-recensione\/#primaryimage"},"thumbnailUrl":"https:\/\/www.accuratereviews.com\/wp-content\/uploads\/2020\/01\/matomo-logo-5-colours.jpg","datePublished":"2020-01-08T12:43:11+00:00","description":"Matomo Analytics: recensione della piattaforma di analisi web che offre molti strumenti di business intelligence per un pieno controllo sui tuoi dati.","breadcrumb":{"@id":"https:\/\/www.accuratereviews.com\/it\/matomo-analytics-recensione\/#breadcrumb"},"inLanguage":"it-IT","potentialAction":[{"@type":"ReadAction","target":["https:\/\/www.accuratereviews.com\/it\/matomo-analytics-recensione\/"]}]},{"@type":"ImageObject","inLanguage":"it-IT","@id":"https:\/\/www.accuratereviews.com\/it\/matomo-analytics-recensione\/#primaryimage","url":"https:\/\/www.accuratereviews.com\/wp-content\/uploads\/2020\/01\/matomo-logo-5-colours.jpg","contentUrl":"https:\/\/www.accuratereviews.com\/wp-content\/uploads\/2020\/01\/matomo-logo-5-colours.jpg","width":1500,"height":413},{"@type":"BreadcrumbList","@id":"https:\/\/www.accuratereviews.com\/it\/matomo-analytics-recensione\/#breadcrumb","itemListElement":[{"@type":"ListItem","position":1,"name":"Home","item":"https:\/\/www.accuratereviews.com\/it\/"},{"@type":"ListItem","position":2,"name":"Matomo Analytics"}]},{"@type":"WebSite","@id":"https:\/\/www.accuratereviews.com\/it\/#website","url":"https:\/\/www.accuratereviews.com\/it\/","name":"Accurate Reviews","description":"","potentialAction":[{"@type":"SearchAction","target":{"@type":"EntryPoint","urlTemplate":"https:\/\/www.accuratereviews.com\/it\/?s={search_term_string}"},"query-input":{"@type":"PropertyValueSpecification","valueRequired":true,"valueName":"search_term_string"}}],"inLanguage":"it-IT"}]}},"_links":{"self":[{"href":"https:\/\/www.accuratereviews.com\/it\/wp-json\/wp\/v2\/pages\/21893","targetHints":{"allow":["GET"]}}],"collection":[{"href":"https:\/\/www.accuratereviews.com\/it\/wp-json\/wp\/v2\/pages"}],"about":[{"href":"https:\/\/www.accuratereviews.com\/it\/wp-json\/wp\/v2\/types\/page"}],"author":[{"embeddable":true,"href":"https:\/\/www.accuratereviews.com\/it\/wp-json\/wp\/v2\/users\/17"}],"replies":[{"embeddable":true,"href":"https:\/\/www.accuratereviews.com\/it\/wp-json\/wp\/v2\/comments?post=21893"}],"version-history":[{"count":4,"href":"https:\/\/www.accuratereviews.com\/it\/wp-json\/wp\/v2\/pages\/21893\/revisions"}],"predecessor-version":[{"id":21902,"href":"https:\/\/www.accuratereviews.com\/it\/wp-json\/wp\/v2\/pages\/21893\/revisions\/21902"}],"wp:featuredmedia":[{"embeddable":true,"href":"https:\/\/www.accuratereviews.com\/it\/wp-json\/wp\/v2\/media\/21894"}],"wp:attachment":[{"href":"https:\/\/www.accuratereviews.com\/it\/wp-json\/wp\/v2\/media?parent=21893"}],"wp:term":[{"taxonomy":"category","embeddable":true,"href":"https:\/\/www.accuratereviews.com\/it\/wp-json\/wp\/v2\/categories?post=21893"},{"taxonomy":"post_tag","embeddable":true,"href":"https:\/\/www.accuratereviews.com\/it\/wp-json\/wp\/v2\/tags?post=21893"},{"taxonomy":"features","embeddable":true,"href":"https:\/\/www.accuratereviews.com\/it\/wp-json\/wp\/v2\/features?post=21893"}],"curies":[{"name":"wp","href":"https:\/\/api.w.org\/{rel}","templated":true}]}}