{"id":21906,"date":"2020-01-08T14:07:27","date_gmt":"2020-01-08T14:07:27","guid":{"rendered":"https:\/\/www.accuratereviews.com\/?page_id=21906"},"modified":"2020-01-08T14:07:27","modified_gmt":"2020-01-08T14:07:27","slug":"yellowfin-recensione","status":"publish","type":"page","link":"https:\/\/www.accuratereviews.com\/it\/yellowfin-recensione\/","title":{"rendered":"Yellowfin"},"content":{"rendered":"<p><strong>Yellowfin<\/strong> \u00e8 un <strong>software di business intelligence<\/strong> che mira ad accelerare il processo di acquisizione di informazioni fruibili e previsioni basate sui dati dalle prestazioni della tua azienda. Sebbene possa essere utilizzata per identificare i risultati delle tue attivit\u00e0 operative, questa piattaforma di analisi integrata fa un ulteriore passo in avanti fornendo spiegazioni approfondite sul perch\u00e9 hai ottenuto questi risultati. In questo modo, \u00e8 pi\u00f9 facile ottenere informazioni pi\u00f9 approfondite sui dati e massimizzare tali informazioni prendendo decisioni aziendali pi\u00f9 intelligenti.\u00a0Come soluzione di analisi end-to-end, Yellowfin offre uno stack BI completo separando un prodotto per l&#8217;analisi e un altro per la trasformazione dei dati. La sua suite di soluzioni include anche strumenti di collaborazione leader del mercato e approfondimenti automatizzati. Con i suoi strumenti ETL completamente integrati, basati sul web e di preparazione dei dati visivi, \u00e8 possibile inviare immediatamente i dati per l&#8217;analisi.<\/p>\n<h2>YELLOWFIN &#8211; TUTORIAL<\/h2>\n<p>Il tutorial che seguir\u00e0 mostra come utilizzare questo<strong> software di business intelligence<\/strong>\u00a0sul propio dispositivo mobile:<\/p>\n<div id=\"fluid-wrapper-counter-1\" class=\"g1-fluid-wrapper \" style=\"width:686px;\">\n<div style=\"padding-bottom:56.268221574344%;\"><iframe loading=\"lazy\" title=\"Yellowfin Mobile App\" width=\"686\" height=\"386\" src=\"https:\/\/www.youtube.com\/embed\/qpjD2Dkt4nw?feature=oembed&amp;wmode=transparent&amp;autohide=1&amp;autoplay=0&amp;disablekb=0&amp;fs=1&amp;loop=0&amp;enablejsapi=1&amp;rel=0&amp;controls=2&amp;showinfo=0&amp;wmode=transparent&amp;autohide=2&amp;autoplay=0&amp;disablekb=0&amp;fs=1&amp;loop=0&amp;enablejsapi=1&amp;rel=0&amp;controls=2&amp;showinfo=1\" frameborder=\"0\" allow=\"accelerometer; autoplay; encrypted-media; gyroscope; picture-in-picture\" allowfullscreen><\/iframe><\/div>\n<\/div>\n<h3>YELLOWFIN &#8211; CARATTERISTICHE<\/h3>\n<ul>\n<li>Modernizza i tuoi strumenti di reporting e crea un approccio al processo decisionale basato sui dati in tutta l&#8217;azienda<\/li>\n<li>Automatizza il processo di rilevazione dei dati per identificare ogni cambiamento critico per la tua attivit\u00e0 e avvisare immediatamente gli utenti.<\/li>\n<li>Utilizza i dati per creare prodotti e servizi innovativi che colmano le lacune del mercato e generano nuovi flussi di entrate.<\/li>\n<li>Collegati a file, database e origini dati API<br \/>\nTrasforma i tuoi dati attraverso ETL semplice da usare<br \/>\nPubblica un catalogo di dati e confida nel fatto vengano utilizzati correttamente e coerentemente<\/li>\n<li>Esporta in fogli di calcolo<\/li>\n<li>Design perfetto per i pixel o modelli semplificati<\/li>\n<li>Rilevamento dati manuale o guidato<\/li>\n<li>Rilevamento automatico dei dati<\/li>\n<li>Incorporare i risultati in dashboard e report esecutivi<\/li>\n<\/ul>\n<h4>LE RECENSIONI DEGLI UTENTI<\/h4>\n<h4>Oliver elijah L. &#8220;Yellowfin \u00e8 integrato con strumenti predittivi e di elaborazione dei Big Data.&#8221;<\/h4>\n<p><strong>Commenti<\/strong>: Il team VSV sviluppa report e dashboard in modo rapido, semplice e dinamico. Yellowfin ha un&#8217;interfaccia utente facile da usare e intuitiva (i clienti non hanno bisogno di una formazione approfondita). Siamo riusciti a creare report e pannelli con le mappe grazie alla location intelligence. Inoltre, l&#8217;integrazione di Yellowfin con strumenti analitici predittivi e l&#8217;elaborazione di Big Data come R, UDF, Spark sono ideali per la creazione di applicazioni avanzate per gli utenti finali. Yellowfin consente la connessione di pi\u00f9 origini dati.<\/p>\n<p><strong>Vantaggi<\/strong>: Yellowfin \u00e8 un prodotto molto veloce e molto semplice per creare report e pannelli. Siamo stati in grado di ridurre notevolmente i tempi di risposta delle apparecchiature VSV e quando i clienti VSV richiedono nuovi report personalizzati. \u00c8 inoltre eccellente che i clienti non richiedano una formazione approfondita. La capacit\u00e0 di integrazione di Yellowfin con Big Data \u00e8 eccellente.<\/p>\n<p><strong>Inconvenienti<\/strong>: abbiamo ottenuto grandi risultati positivi con Yellowfin. Ad essere sincero, ritengo che soddisfi le aspettative. \u00c8 molto semplice e veloce, \u00e8 integrato con i Big Data, i clienti non richiedono una formazione eccezionale. Funziona e basta.<\/p>\n<h4>Gustav P. &#8220;Yellowfin &#8211; fantastico lavorare con !!&#8221;<\/h4>\n<p><strong>Commenti<\/strong>: Avendo pi\u00f9 di 40 dei nostri clienti che utilizzano Yellowifn, per lo pi\u00f9 integrati, abbiamo ricevuto un ottimo feedback da questi clienti e un ottimo rapporto di collaborazione con Yellowfin<\/p>\n<p><strong>Vantaggi<\/strong>: facile da usare, molte fonti di dati e connettori con resort \/ dashboard pre-build. Basso costo di propriet\u00e0.<\/p>\n<p><strong>Inconvenienti<\/strong>: problemi di rilascio e bug nelle versioni precedenti.<\/p>\n<h4>Randy T. &#8220;Recensione YellowFin&#8221;<\/h4>\n<p><strong>Vantaggi<\/strong>: Questo \u00e8 ci\u00f2 che rende grande Yellowfin: &#8211; Collaborazione &#8211; Preparazione dei dati &#8211; Facile da usare &#8211; Governance dei dati &#8211; Splendide dashboard<\/p>\n<p><strong>Inconvenienti<\/strong>: Non mi piaceva come personalizzare i colori stesse scrivendo codice o selezioni specifiche, non mi piaceva come non si potesse facilmente creare &#8220;campi personalizzati&#8221; o formule. Il sistema era un po &#8216;pi\u00f9 lento di quanto mi sarebbe piaciuto, ma credo che sia dovuto principalmente al modo in cui i dati venivano estratti. Il sistema era piuttosto intuitivo, ma aveva problemi con la visualizzazione del nostro set di dati e l&#8217;estrazione dei dati dal nostro sistema facilmente.<\/p>\n","protected":false},"excerpt":{"rendered":"<p>Yellowfin \u00e8 un software di business intelligence che mira ad accelerare il processo di acquisizione di informazioni fruibili e previsioni basate sui dati dalle prestazioni della tua azienda. Sebbene possa essere utilizzata per identificare i risultati delle tue attivit\u00e0 operative, questa piattaforma di analisi integrata fa un ulteriore passo in avanti fornendo spiegazioni approfondite sul perch\u00e9 hai ottenuto questi risultati.<\/p>\n","protected":false},"author":19,"featured_media":21907,"parent":0,"menu_order":0,"comment_status":"open","ping_status":"closed","template":"g1_template_page_review_new.php","meta":{"_acf_changed":false,"cwp_meta_box_check":"No","cwp_rev_product_name":"","cwp_rev_product_image":"","wppr_links":[],"cwp_rev_price":"","wppr_options":[],"wppr_pros":[],"wppr_cons":[],"_monsterinsights_skip_tracking":false,"_monsterinsights_sitenote_active":false,"_monsterinsights_sitenote_note":"","_monsterinsights_sitenote_category":0,"footnotes":""},"categories":[1555],"tags":[1621,1557,1556,1558,1646],"features":[],"class_list":{"0":"post-21906","1":"page","2":"type-page","3":"status-publish","4":"has-post-thumbnail","6":"category-business-intelligence-it","7":"tag-analisi-dati","8":"tag-programma-business-intelligence","9":"tag-software-business-intelligence","10":"tag-soluzione-business-intelligence","11":"tag-yellowfin"},"wppr_data":{"cwp_meta_box_check":"No"},"acf":[],"yoast_head":"<!-- This site is optimized with the Yoast SEO plugin v27.4 - https:\/\/yoast.com\/product\/yoast-seo-wordpress\/ -->\n<title>Yellowfin: recensione software business intelligence - Accurate Reviews<\/title>\n<meta name=\"description\" content=\"Yellowfin: recensione software di business intelligence che mira ad accelerare il processo di acquisizione di informazioni e previsioni basate sui dati\" \/>\n<meta name=\"robots\" content=\"index, follow, max-snippet:-1, max-image-preview:large, max-video-preview:-1\" \/>\n<link rel=\"canonical\" href=\"https:\/\/www.accuratereviews.com\/it\/yellowfin-recensione\/\" \/>\n<meta property=\"og:locale\" content=\"it_IT\" \/>\n<meta property=\"og:type\" content=\"article\" \/>\n<meta property=\"og:title\" content=\"Yellowfin: recensione software business intelligence - Accurate Reviews\" \/>\n<meta property=\"og:description\" content=\"Yellowfin: recensione software di business intelligence che mira ad accelerare il processo di acquisizione di informazioni e previsioni basate sui dati\" \/>\n<meta property=\"og:url\" content=\"https:\/\/www.accuratereviews.com\/it\/yellowfin-recensione\/\" \/>\n<meta property=\"og:site_name\" content=\"Accurate Reviews\" \/>\n<meta property=\"og:image\" content=\"https:\/\/www.accuratereviews.com\/wp-content\/uploads\/2020\/01\/yellowfin-logo.png\" \/>\n\t<meta property=\"og:image:width\" content=\"900\" \/>\n\t<meta property=\"og:image:height\" content=\"500\" \/>\n\t<meta property=\"og:image:type\" content=\"image\/png\" \/>\n<meta name=\"twitter:card\" content=\"summary_large_image\" \/>\n<meta name=\"twitter:label1\" content=\"Tempo di lettura stimato\" \/>\n\t<meta name=\"twitter:data1\" content=\"3 minuti\" \/>\n<script type=\"application\/ld+json\" class=\"yoast-schema-graph\">{\"@context\":\"https:\\\/\\\/schema.org\",\"@graph\":[{\"@type\":\"WebPage\",\"@id\":\"https:\\\/\\\/www.accuratereviews.com\\\/it\\\/yellowfin-recensione\\\/\",\"url\":\"https:\\\/\\\/www.accuratereviews.com\\\/it\\\/yellowfin-recensione\\\/\",\"name\":\"Yellowfin: recensione software business intelligence - Accurate Reviews\",\"isPartOf\":{\"@id\":\"https:\\\/\\\/www.accuratereviews.com\\\/it\\\/#website\"},\"primaryImageOfPage\":{\"@id\":\"https:\\\/\\\/www.accuratereviews.com\\\/it\\\/yellowfin-recensione\\\/#primaryimage\"},\"image\":{\"@id\":\"https:\\\/\\\/www.accuratereviews.com\\\/it\\\/yellowfin-recensione\\\/#primaryimage\"},\"thumbnailUrl\":\"https:\\\/\\\/www.accuratereviews.com\\\/wp-content\\\/uploads\\\/2020\\\/01\\\/yellowfin-logo.png\",\"datePublished\":\"2020-01-08T14:07:27+00:00\",\"description\":\"Yellowfin: recensione software di business intelligence che mira ad accelerare il processo di acquisizione di informazioni e previsioni basate sui dati\",\"breadcrumb\":{\"@id\":\"https:\\\/\\\/www.accuratereviews.com\\\/it\\\/yellowfin-recensione\\\/#breadcrumb\"},\"inLanguage\":\"it-IT\",\"potentialAction\":[{\"@type\":\"ReadAction\",\"target\":[\"https:\\\/\\\/www.accuratereviews.com\\\/it\\\/yellowfin-recensione\\\/\"]}]},{\"@type\":\"ImageObject\",\"inLanguage\":\"it-IT\",\"@id\":\"https:\\\/\\\/www.accuratereviews.com\\\/it\\\/yellowfin-recensione\\\/#primaryimage\",\"url\":\"https:\\\/\\\/www.accuratereviews.com\\\/wp-content\\\/uploads\\\/2020\\\/01\\\/yellowfin-logo.png\",\"contentUrl\":\"https:\\\/\\\/www.accuratereviews.com\\\/wp-content\\\/uploads\\\/2020\\\/01\\\/yellowfin-logo.png\",\"width\":900,\"height\":500},{\"@type\":\"BreadcrumbList\",\"@id\":\"https:\\\/\\\/www.accuratereviews.com\\\/it\\\/yellowfin-recensione\\\/#breadcrumb\",\"itemListElement\":[{\"@type\":\"ListItem\",\"position\":1,\"name\":\"Home\",\"item\":\"https:\\\/\\\/www.accuratereviews.com\\\/it\\\/\"},{\"@type\":\"ListItem\",\"position\":2,\"name\":\"Yellowfin\"}]},{\"@type\":\"WebSite\",\"@id\":\"https:\\\/\\\/www.accuratereviews.com\\\/it\\\/#website\",\"url\":\"https:\\\/\\\/www.accuratereviews.com\\\/it\\\/\",\"name\":\"Accurate Reviews\",\"description\":\"\",\"potentialAction\":[{\"@type\":\"SearchAction\",\"target\":{\"@type\":\"EntryPoint\",\"urlTemplate\":\"https:\\\/\\\/www.accuratereviews.com\\\/it\\\/?s={search_term_string}\"},\"query-input\":{\"@type\":\"PropertyValueSpecification\",\"valueRequired\":true,\"valueName\":\"search_term_string\"}}],\"inLanguage\":\"it-IT\"}]}<\/script>\n<!-- \/ Yoast SEO plugin. -->","yoast_head_json":{"title":"Yellowfin: recensione software business intelligence - Accurate Reviews","description":"Yellowfin: recensione software di business intelligence che mira ad accelerare il processo di acquisizione di informazioni e previsioni basate sui dati","robots":{"index":"index","follow":"follow","max-snippet":"max-snippet:-1","max-image-preview":"max-image-preview:large","max-video-preview":"max-video-preview:-1"},"canonical":"https:\/\/www.accuratereviews.com\/it\/yellowfin-recensione\/","og_locale":"it_IT","og_type":"article","og_title":"Yellowfin: recensione software business intelligence - Accurate Reviews","og_description":"Yellowfin: recensione software di business intelligence che mira ad accelerare il processo di acquisizione di informazioni e previsioni basate sui dati","og_url":"https:\/\/www.accuratereviews.com\/it\/yellowfin-recensione\/","og_site_name":"Accurate Reviews","og_image":[{"width":900,"height":500,"url":"https:\/\/www.accuratereviews.com\/wp-content\/uploads\/2020\/01\/yellowfin-logo.png","type":"image\/png"}],"twitter_card":"summary_large_image","twitter_misc":{"Tempo di lettura stimato":"3 minuti"},"schema":{"@context":"https:\/\/schema.org","@graph":[{"@type":"WebPage","@id":"https:\/\/www.accuratereviews.com\/it\/yellowfin-recensione\/","url":"https:\/\/www.accuratereviews.com\/it\/yellowfin-recensione\/","name":"Yellowfin: recensione software business intelligence - Accurate Reviews","isPartOf":{"@id":"https:\/\/www.accuratereviews.com\/it\/#website"},"primaryImageOfPage":{"@id":"https:\/\/www.accuratereviews.com\/it\/yellowfin-recensione\/#primaryimage"},"image":{"@id":"https:\/\/www.accuratereviews.com\/it\/yellowfin-recensione\/#primaryimage"},"thumbnailUrl":"https:\/\/www.accuratereviews.com\/wp-content\/uploads\/2020\/01\/yellowfin-logo.png","datePublished":"2020-01-08T14:07:27+00:00","description":"Yellowfin: recensione software di business intelligence che mira ad accelerare il processo di acquisizione di informazioni e previsioni basate sui dati","breadcrumb":{"@id":"https:\/\/www.accuratereviews.com\/it\/yellowfin-recensione\/#breadcrumb"},"inLanguage":"it-IT","potentialAction":[{"@type":"ReadAction","target":["https:\/\/www.accuratereviews.com\/it\/yellowfin-recensione\/"]}]},{"@type":"ImageObject","inLanguage":"it-IT","@id":"https:\/\/www.accuratereviews.com\/it\/yellowfin-recensione\/#primaryimage","url":"https:\/\/www.accuratereviews.com\/wp-content\/uploads\/2020\/01\/yellowfin-logo.png","contentUrl":"https:\/\/www.accuratereviews.com\/wp-content\/uploads\/2020\/01\/yellowfin-logo.png","width":900,"height":500},{"@type":"BreadcrumbList","@id":"https:\/\/www.accuratereviews.com\/it\/yellowfin-recensione\/#breadcrumb","itemListElement":[{"@type":"ListItem","position":1,"name":"Home","item":"https:\/\/www.accuratereviews.com\/it\/"},{"@type":"ListItem","position":2,"name":"Yellowfin"}]},{"@type":"WebSite","@id":"https:\/\/www.accuratereviews.com\/it\/#website","url":"https:\/\/www.accuratereviews.com\/it\/","name":"Accurate Reviews","description":"","potentialAction":[{"@type":"SearchAction","target":{"@type":"EntryPoint","urlTemplate":"https:\/\/www.accuratereviews.com\/it\/?s={search_term_string}"},"query-input":{"@type":"PropertyValueSpecification","valueRequired":true,"valueName":"search_term_string"}}],"inLanguage":"it-IT"}]}},"_links":{"self":[{"href":"https:\/\/www.accuratereviews.com\/it\/wp-json\/wp\/v2\/pages\/21906","targetHints":{"allow":["GET"]}}],"collection":[{"href":"https:\/\/www.accuratereviews.com\/it\/wp-json\/wp\/v2\/pages"}],"about":[{"href":"https:\/\/www.accuratereviews.com\/it\/wp-json\/wp\/v2\/types\/page"}],"author":[{"embeddable":true,"href":"https:\/\/www.accuratereviews.com\/it\/wp-json\/wp\/v2\/users\/19"}],"replies":[{"embeddable":true,"href":"https:\/\/www.accuratereviews.com\/it\/wp-json\/wp\/v2\/comments?post=21906"}],"version-history":[{"count":3,"href":"https:\/\/www.accuratereviews.com\/it\/wp-json\/wp\/v2\/pages\/21906\/revisions"}],"predecessor-version":[{"id":21914,"href":"https:\/\/www.accuratereviews.com\/it\/wp-json\/wp\/v2\/pages\/21906\/revisions\/21914"}],"wp:featuredmedia":[{"embeddable":true,"href":"https:\/\/www.accuratereviews.com\/it\/wp-json\/wp\/v2\/media\/21907"}],"wp:attachment":[{"href":"https:\/\/www.accuratereviews.com\/it\/wp-json\/wp\/v2\/media?parent=21906"}],"wp:term":[{"taxonomy":"category","embeddable":true,"href":"https:\/\/www.accuratereviews.com\/it\/wp-json\/wp\/v2\/categories?post=21906"},{"taxonomy":"post_tag","embeddable":true,"href":"https:\/\/www.accuratereviews.com\/it\/wp-json\/wp\/v2\/tags?post=21906"},{"taxonomy":"features","embeddable":true,"href":"https:\/\/www.accuratereviews.com\/it\/wp-json\/wp\/v2\/features?post=21906"}],"curies":[{"name":"wp","href":"https:\/\/api.w.org\/{rel}","templated":true}]}}