{"id":21918,"date":"2020-01-09T13:43:51","date_gmt":"2020-01-09T13:43:51","guid":{"rendered":"https:\/\/www.accuratereviews.com\/?page_id=21918"},"modified":"2020-01-09T13:43:51","modified_gmt":"2020-01-09T13:43:51","slug":"xtraction-recensione","status":"publish","type":"page","link":"https:\/\/www.accuratereviews.com\/it\/xtraction-recensione\/","title":{"rendered":"Xtraction"},"content":{"rendered":"<p><strong>Xtraction<\/strong>\u00a0\u00e8 un sistema che genera preziose <strong>informazioni di business<\/strong> per diverse aziende per creare report accurati e tempestivi e per prendere decisioni aziendali intelligenti. La business intelligence \u00e8 tuttavia solo una parte della suite di produttivit\u00e0 del sistema, in cui i clienti possono trovare molti servizi diversi che soddisfano le loro esigenze e requisiti. Inoltre, il software rendere le operazioni aziendali pi\u00f9 gestibili, ed \u00e8 in questo modo che offre gestione del tempo e self-service.\u00a0Con il self-service delle soluzioni <strong>Xtraction<\/strong>, gli utenti possono generare report di alto livello con elementi visivi ricchi in pochissimo tempo. Tutti i risultati vengono visualizzati in modo completo e non vi \u00e8 alcun rischio che gli utenti non esperti non li capiscano. L&#8217;assistenza clienti interattiva rende l&#8217;azienda affidabile nell&#8217;affrontare tutti i problemi di programmazione.<\/p>\n<h2>XTRACTION &#8211; TUTORIAL<\/h2>\n<p>Guardiamo il tutorial che segue per imparare come creare dashboard con questo <strong>software di Business Intelligence<\/strong>:<\/p>\n<div id=\"fluid-wrapper-counter-1\" class=\"g1-fluid-wrapper \" style=\"width:686px;\">\n<div style=\"padding-bottom:56.268221574344%;\"><iframe loading=\"lazy\" title=\"Creating a new Dashbaord with Xtraction\" width=\"686\" height=\"386\" src=\"https:\/\/www.youtube.com\/embed\/aeeuHR42FRs?feature=oembed&amp;wmode=transparent&amp;autohide=1&amp;autoplay=0&amp;disablekb=0&amp;fs=1&amp;loop=0&amp;enablejsapi=1&amp;rel=0&amp;controls=2&amp;showinfo=0&amp;wmode=transparent&amp;autohide=2&amp;autoplay=0&amp;disablekb=0&amp;fs=1&amp;loop=0&amp;enablejsapi=1&amp;rel=0&amp;controls=2&amp;showinfo=1\" frameborder=\"0\" allow=\"accelerometer; autoplay; encrypted-media; gyroscope; picture-in-picture\" allowfullscreen><\/iframe><\/div>\n<\/div>\n<h3>XTRACTION &#8211; CARATTERISTICHE<\/h3>\n<ul>\n<li><strong>Mostra ci\u00f2 che \u00e8 importante<\/strong>: il tuo reparto IT \u00e8 prezioso quindi assicurati che tutti possano vedere le metriche<\/li>\n<li><strong>Rapporti veloci<\/strong>: scopri come ottenere un&#8217;immagine completa da tutti i tuoi dati in pochi minuti e non in giorni<\/li>\n<li><strong>Informazioni in tempo reale<\/strong>: ottieni tutti i dati e le analisi IT aziendali di cui hai bisogno, in un unico posto<\/li>\n<li><strong>Trasparenza<\/strong>: Condividi dashboard, pianifica rapporti o esporta facilmente in formati di file. Monitora o imposta avvisi sugli eventi per agire pi\u00f9 rapidamente<\/li>\n<li><strong>Informazioni integrative per tutti attraverso ogni strumenti<\/strong>: con i connettori predefiniti per tutti gli strumenti IT che usi, puoi sperimentare dashboard e analisi IT completi e tempestivi. Trova attraverso la massa di dati le informazioni critiche che contano. Individua tendenze, rischi e impatto finanziario per rispondere alla velocit\u00e0 del business<\/li>\n<li><strong>Analisi profonda<\/strong>: scegli i dati che visualizzi ed esplori. Interagisci e concentrati su specifiche che soddisfano le esigenze individuali.<\/li>\n<\/ul>\n<h4>LE RECENSIONI DEGLI UTENTI<\/h4>\n<h4>Andrew J. &#8220;Ottimo strumento per i rapporti sulla gestione dei servizi&#8221;<\/h4>\n<p><strong>Commenti<\/strong>: Xtraction \u00e8 un&#8217;ottima soluzione che fornisce dati storici e in tempo reale da diversi strumenti utilizzati dalla nostra organizzazione IT. Lo usiamo pesantemente con i nostri sistemi ITSM e ACD per ottenere una migliore comprensione del nostro ambiente, il che ci consente di migliorare le nostre prestazioni e le nostre decisioni tattiche e strategiche. Anche la capacit\u00e0 di reporting self-service \u00e8 estremamente preziosa e riduce notevolmente le spese generali necessarie per fornire informazioni fruibili agli altri team.<\/p>\n<p><strong>Vantaggi:<\/strong> facilit\u00e0 d&#8217;uso e ricco set di funzionalit\u00e0.<\/p>\n<p><strong>Inconvenienti:<\/strong> Sarebbe bello vedere uno sviluppo continuo sui moduli esistenti che sono stati acquistati e che questo possa essere implementato in un modo che non influirebbe sulle modifiche del modello di dati personalizzati.<\/p>\n<h4>Daphine E. &#8220;Xtraction &#8211; Ottimo per Dashboard &#8230; Se \u00e8 quello che cerchi.&#8221;<\/h4>\n<p><strong>Commenti<\/strong>: Anche se nel complesso mi piace l&#8217;applicazione, ci sono alcune cose che potrebbero essere migliori di questo prodotto. Potrebbe essere un po &#8216;pi\u00f9 facile da usare. Se non si ha molta esperienza di reporting, questa applicazione pu\u00f2 essere impegnativa. Potrebbe anche essere pi\u00f9 adatto ai report &#8230; la premessa di Xtraction \u00e8 che \u00e8 ad alta intensit\u00e0 di dashboard. Se questo \u00e8 quello che vuoi sono le dashboard &#8230; questo \u00e8 sicuramente lo strumento migliore per farlo, ma se vuoi creare facilmente report &#8230; Non succeder\u00e0. La direzione superiore \u00e8 molto colpita dalle sue capacit\u00e0 grafiche, ma quando si tratta di report comparativi e analitici questo strumento \u00e8 fondamentalmente privo di capacit\u00e0.<\/p>\n<p><strong>Vantaggi<\/strong>: la possibilit\u00e0 di creare dashboard<\/p>\n<p><strong>Inconvenienti<\/strong>: l&#8217;impossibilit\u00e0 di creare report comparativi e analitici o creare report in cui \u00e8 possibile creare righe \/ colonne e trascinare \/ rilasciare risultati. \u00c8 molto difficile creare query utilizzando questa applicazione e il generatore di report \u00e8 difficile da capire.<\/p>\n<h4>Keth E. &#8220;Xtraction &#8211; un enorme risparmio di tempo&#8221;<\/h4>\n<p><strong>Commenti<\/strong>: Xtraction \u00e8 stato facile da installare e il 99% di ci\u00f2 di cui avevamo bisogno (o chiunque) \u00e8 pronto per l&#8217;uso immediato. Al fine di riferire su vari campi personalizzati (l&#8217;altro 1%) sono stato in grado di capire come apportare le modifiche di configurazione richieste al &#8220;modello di dati&#8221; e se posso farlo chiunque pu\u00f2. Inoltre, i rapporti Xtraction sono facilmente accessibili da altri ogni volta che hanno bisogno di vedere qualcosa, possono modificare intervalli di date, esportare, ecc. Posso anche pianificare i rapporti da eseguire in orari \/ date specifici che vengono poi inviati via email o esportati in una cartella condivisa, questo \u00e8 ottimo per i manager che cercano un rapido aggiornamento dello stato. In passato, questo genere di cose era qualcosa che avrei dovuto eseguire manualmente con Crystal (Business Objects) e ho perso tempo. Inoltre, posso creare un rapporto in pochi minuti, lo stesso rapporto richiederebbe un&#8217;ora in pi\u00f9 con Crystal.<\/p>\n<p><strong>Vantaggi<\/strong>: funziona, \u00e8 facile da gestire, funziona su un server virtuale e posso creare rapidamente report con facilit\u00e0.<\/p>\n<p><strong>Inconvenienti<\/strong>: quando Xtraction fu acquistata da Landesk, il supporto sembr\u00f2 scivolare un po &#8216;. Forse c&#8217;era una curva di apprendimento e ora le cose vanno meglio.<\/p>\n<p>&nbsp;<\/p>\n","protected":false},"excerpt":{"rendered":"<p>Xtraction\u00a0\u00e8 un sistema che genera preziose informazioni di business per diverse aziende per creare report accurati e tempestivi e per prendere decisioni aziendali intelligenti. La business intelligence \u00e8 tuttavia solo una parte della suite di produttivit\u00e0 del sistema, in cui i clienti possono trovare molti servizi diversi che soddisfano le loro esigenze e requisiti.<\/p>\n","protected":false},"author":19,"featured_media":21923,"parent":0,"menu_order":0,"comment_status":"open","ping_status":"closed","template":"g1_template_page_review_new.php","meta":{"_acf_changed":false,"cwp_meta_box_check":"No","cwp_rev_product_name":"","cwp_rev_product_image":"","wppr_links":[],"cwp_rev_price":"","wppr_options":[],"wppr_pros":[],"wppr_cons":[],"_monsterinsights_skip_tracking":false,"_monsterinsights_sitenote_active":false,"_monsterinsights_sitenote_note":"","_monsterinsights_sitenote_category":0,"footnotes":""},"categories":[1555],"tags":[1621,1647,1557,1556,1558,1648],"features":[],"class_list":{"0":"post-21918","1":"page","2":"type-page","3":"status-publish","4":"has-post-thumbnail","6":"category-business-intelligence-it","7":"tag-analisi-dati","8":"tag-dashboard","9":"tag-programma-business-intelligence","10":"tag-software-business-intelligence","11":"tag-soluzione-business-intelligence","12":"tag-xtraction"},"wppr_data":{"cwp_meta_box_check":"No"},"acf":[],"yoast_head":"<!-- This site is optimized with the Yoast SEO plugin v27.4 - https:\/\/yoast.com\/product\/yoast-seo-wordpress\/ -->\n<title>Xtraction: recensione software Business Intelligence - Accurate Reviews<\/title>\n<meta name=\"description\" content=\"Xtraction: recensione sistema che genera preziose informazioni di business per creare report accurati e tempestivi per prendere decisioni intelligenti.\" \/>\n<meta name=\"robots\" content=\"index, follow, max-snippet:-1, max-image-preview:large, max-video-preview:-1\" \/>\n<link rel=\"canonical\" href=\"https:\/\/www.accuratereviews.com\/it\/xtraction-recensione\/\" \/>\n<meta property=\"og:locale\" content=\"it_IT\" \/>\n<meta property=\"og:type\" content=\"article\" \/>\n<meta property=\"og:title\" content=\"Xtraction: recensione software Business Intelligence - Accurate Reviews\" \/>\n<meta property=\"og:description\" content=\"Xtraction: recensione sistema che genera preziose informazioni di business per creare report accurati e tempestivi per prendere decisioni intelligenti.\" \/>\n<meta property=\"og:url\" content=\"https:\/\/www.accuratereviews.com\/it\/xtraction-recensione\/\" \/>\n<meta property=\"og:site_name\" content=\"Accurate Reviews\" \/>\n<meta property=\"og:image\" content=\"https:\/\/www.accuratereviews.com\/wp-content\/uploads\/2020\/01\/xtraction.jpg\" \/>\n\t<meta property=\"og:image:width\" content=\"600\" \/>\n\t<meta property=\"og:image:height\" content=\"315\" \/>\n\t<meta property=\"og:image:type\" content=\"image\/jpeg\" \/>\n<meta name=\"twitter:card\" content=\"summary_large_image\" \/>\n<meta name=\"twitter:label1\" content=\"Tempo di lettura stimato\" \/>\n\t<meta name=\"twitter:data1\" content=\"4 minuti\" \/>\n<script type=\"application\/ld+json\" class=\"yoast-schema-graph\">{\"@context\":\"https:\\\/\\\/schema.org\",\"@graph\":[{\"@type\":\"WebPage\",\"@id\":\"https:\\\/\\\/www.accuratereviews.com\\\/it\\\/xtraction-recensione\\\/\",\"url\":\"https:\\\/\\\/www.accuratereviews.com\\\/it\\\/xtraction-recensione\\\/\",\"name\":\"Xtraction: recensione software Business Intelligence - Accurate Reviews\",\"isPartOf\":{\"@id\":\"https:\\\/\\\/www.accuratereviews.com\\\/it\\\/#website\"},\"primaryImageOfPage\":{\"@id\":\"https:\\\/\\\/www.accuratereviews.com\\\/it\\\/xtraction-recensione\\\/#primaryimage\"},\"image\":{\"@id\":\"https:\\\/\\\/www.accuratereviews.com\\\/it\\\/xtraction-recensione\\\/#primaryimage\"},\"thumbnailUrl\":\"https:\\\/\\\/www.accuratereviews.com\\\/wp-content\\\/uploads\\\/2020\\\/01\\\/xtraction.jpg\",\"datePublished\":\"2020-01-09T13:43:51+00:00\",\"description\":\"Xtraction: recensione sistema che genera preziose informazioni di business per creare report accurati e tempestivi per prendere decisioni intelligenti.\",\"breadcrumb\":{\"@id\":\"https:\\\/\\\/www.accuratereviews.com\\\/it\\\/xtraction-recensione\\\/#breadcrumb\"},\"inLanguage\":\"it-IT\",\"potentialAction\":[{\"@type\":\"ReadAction\",\"target\":[\"https:\\\/\\\/www.accuratereviews.com\\\/it\\\/xtraction-recensione\\\/\"]}]},{\"@type\":\"ImageObject\",\"inLanguage\":\"it-IT\",\"@id\":\"https:\\\/\\\/www.accuratereviews.com\\\/it\\\/xtraction-recensione\\\/#primaryimage\",\"url\":\"https:\\\/\\\/www.accuratereviews.com\\\/wp-content\\\/uploads\\\/2020\\\/01\\\/xtraction.jpg\",\"contentUrl\":\"https:\\\/\\\/www.accuratereviews.com\\\/wp-content\\\/uploads\\\/2020\\\/01\\\/xtraction.jpg\",\"width\":600,\"height\":315},{\"@type\":\"BreadcrumbList\",\"@id\":\"https:\\\/\\\/www.accuratereviews.com\\\/it\\\/xtraction-recensione\\\/#breadcrumb\",\"itemListElement\":[{\"@type\":\"ListItem\",\"position\":1,\"name\":\"Home\",\"item\":\"https:\\\/\\\/www.accuratereviews.com\\\/it\\\/\"},{\"@type\":\"ListItem\",\"position\":2,\"name\":\"Xtraction\"}]},{\"@type\":\"WebSite\",\"@id\":\"https:\\\/\\\/www.accuratereviews.com\\\/it\\\/#website\",\"url\":\"https:\\\/\\\/www.accuratereviews.com\\\/it\\\/\",\"name\":\"Accurate Reviews\",\"description\":\"\",\"potentialAction\":[{\"@type\":\"SearchAction\",\"target\":{\"@type\":\"EntryPoint\",\"urlTemplate\":\"https:\\\/\\\/www.accuratereviews.com\\\/it\\\/?s={search_term_string}\"},\"query-input\":{\"@type\":\"PropertyValueSpecification\",\"valueRequired\":true,\"valueName\":\"search_term_string\"}}],\"inLanguage\":\"it-IT\"}]}<\/script>\n<!-- \/ Yoast SEO plugin. -->","yoast_head_json":{"title":"Xtraction: recensione software Business Intelligence - Accurate Reviews","description":"Xtraction: recensione sistema che genera preziose informazioni di business per creare report accurati e tempestivi per prendere decisioni intelligenti.","robots":{"index":"index","follow":"follow","max-snippet":"max-snippet:-1","max-image-preview":"max-image-preview:large","max-video-preview":"max-video-preview:-1"},"canonical":"https:\/\/www.accuratereviews.com\/it\/xtraction-recensione\/","og_locale":"it_IT","og_type":"article","og_title":"Xtraction: recensione software Business Intelligence - Accurate Reviews","og_description":"Xtraction: recensione sistema che genera preziose informazioni di business per creare report accurati e tempestivi per prendere decisioni intelligenti.","og_url":"https:\/\/www.accuratereviews.com\/it\/xtraction-recensione\/","og_site_name":"Accurate Reviews","og_image":[{"width":600,"height":315,"url":"https:\/\/www.accuratereviews.com\/wp-content\/uploads\/2020\/01\/xtraction.jpg","type":"image\/jpeg"}],"twitter_card":"summary_large_image","twitter_misc":{"Tempo di lettura stimato":"4 minuti"},"schema":{"@context":"https:\/\/schema.org","@graph":[{"@type":"WebPage","@id":"https:\/\/www.accuratereviews.com\/it\/xtraction-recensione\/","url":"https:\/\/www.accuratereviews.com\/it\/xtraction-recensione\/","name":"Xtraction: recensione software Business Intelligence - Accurate Reviews","isPartOf":{"@id":"https:\/\/www.accuratereviews.com\/it\/#website"},"primaryImageOfPage":{"@id":"https:\/\/www.accuratereviews.com\/it\/xtraction-recensione\/#primaryimage"},"image":{"@id":"https:\/\/www.accuratereviews.com\/it\/xtraction-recensione\/#primaryimage"},"thumbnailUrl":"https:\/\/www.accuratereviews.com\/wp-content\/uploads\/2020\/01\/xtraction.jpg","datePublished":"2020-01-09T13:43:51+00:00","description":"Xtraction: recensione sistema che genera preziose informazioni di business per creare report accurati e tempestivi per prendere decisioni intelligenti.","breadcrumb":{"@id":"https:\/\/www.accuratereviews.com\/it\/xtraction-recensione\/#breadcrumb"},"inLanguage":"it-IT","potentialAction":[{"@type":"ReadAction","target":["https:\/\/www.accuratereviews.com\/it\/xtraction-recensione\/"]}]},{"@type":"ImageObject","inLanguage":"it-IT","@id":"https:\/\/www.accuratereviews.com\/it\/xtraction-recensione\/#primaryimage","url":"https:\/\/www.accuratereviews.com\/wp-content\/uploads\/2020\/01\/xtraction.jpg","contentUrl":"https:\/\/www.accuratereviews.com\/wp-content\/uploads\/2020\/01\/xtraction.jpg","width":600,"height":315},{"@type":"BreadcrumbList","@id":"https:\/\/www.accuratereviews.com\/it\/xtraction-recensione\/#breadcrumb","itemListElement":[{"@type":"ListItem","position":1,"name":"Home","item":"https:\/\/www.accuratereviews.com\/it\/"},{"@type":"ListItem","position":2,"name":"Xtraction"}]},{"@type":"WebSite","@id":"https:\/\/www.accuratereviews.com\/it\/#website","url":"https:\/\/www.accuratereviews.com\/it\/","name":"Accurate Reviews","description":"","potentialAction":[{"@type":"SearchAction","target":{"@type":"EntryPoint","urlTemplate":"https:\/\/www.accuratereviews.com\/it\/?s={search_term_string}"},"query-input":{"@type":"PropertyValueSpecification","valueRequired":true,"valueName":"search_term_string"}}],"inLanguage":"it-IT"}]}},"_links":{"self":[{"href":"https:\/\/www.accuratereviews.com\/it\/wp-json\/wp\/v2\/pages\/21918","targetHints":{"allow":["GET"]}}],"collection":[{"href":"https:\/\/www.accuratereviews.com\/it\/wp-json\/wp\/v2\/pages"}],"about":[{"href":"https:\/\/www.accuratereviews.com\/it\/wp-json\/wp\/v2\/types\/page"}],"author":[{"embeddable":true,"href":"https:\/\/www.accuratereviews.com\/it\/wp-json\/wp\/v2\/users\/19"}],"replies":[{"embeddable":true,"href":"https:\/\/www.accuratereviews.com\/it\/wp-json\/wp\/v2\/comments?post=21918"}],"version-history":[{"count":12,"href":"https:\/\/www.accuratereviews.com\/it\/wp-json\/wp\/v2\/pages\/21918\/revisions"}],"predecessor-version":[{"id":21951,"href":"https:\/\/www.accuratereviews.com\/it\/wp-json\/wp\/v2\/pages\/21918\/revisions\/21951"}],"wp:featuredmedia":[{"embeddable":true,"href":"https:\/\/www.accuratereviews.com\/it\/wp-json\/wp\/v2\/media\/21923"}],"wp:attachment":[{"href":"https:\/\/www.accuratereviews.com\/it\/wp-json\/wp\/v2\/media?parent=21918"}],"wp:term":[{"taxonomy":"category","embeddable":true,"href":"https:\/\/www.accuratereviews.com\/it\/wp-json\/wp\/v2\/categories?post=21918"},{"taxonomy":"post_tag","embeddable":true,"href":"https:\/\/www.accuratereviews.com\/it\/wp-json\/wp\/v2\/tags?post=21918"},{"taxonomy":"features","embeddable":true,"href":"https:\/\/www.accuratereviews.com\/it\/wp-json\/wp\/v2\/features?post=21918"}],"curies":[{"name":"wp","href":"https:\/\/api.w.org\/{rel}","templated":true}]}}