{"id":21933,"date":"2020-01-09T13:44:28","date_gmt":"2020-01-09T13:44:28","guid":{"rendered":"https:\/\/www.accuratereviews.com\/?page_id=21933"},"modified":"2021-05-18T14:22:51","modified_gmt":"2021-05-18T14:22:51","slug":"owox-bi-recensione","status":"publish","type":"page","link":"https:\/\/www.accuratereviews.com\/it\/business-intelligence\/owox-bi-recensione\/","title":{"rendered":"Owox Bi"},"content":{"rendered":"<p><strong>OWOX BI<\/strong> \u00e8 una potente <strong>suite di business intelligence<\/strong> progettata per analisi di marketing. Aiuta i CMO a pianificare il loro marchio, la loro campagna e la loro strategia di marketing, prevedere accuratamente le stime dei costi e identificare le opportunit\u00e0 di crescita estraendo e consolidando i dati da una variet\u00e0 di fonti.\u00a0Il programma \u00e8 costituito da tre pacchetti: BI Smart Data, BI Attribution e BI Pipeline.\u00a0Il sistema unisce dati diversi provenienti da varie fonti in un unico set di dati che puoi incanalare in Google BigQuery. Puoi generare rapporti automaticamente per analizzare le tue iniziative di marketing, tra cui previsioni sugli obiettivi, analisi della crescita e movimenti delle quote di mercato.<\/p>\n<h2>OWOX BI &#8211; TUTORIAL<\/h2>\n<p>Esaminiamo insieme questo tutorial per capire meglio come funziona questo <strong>software di business intelligence<\/strong>:<\/p>\n<div id=\"fluid-wrapper-counter-1\" class=\"g1-fluid-wrapper \" style=\"width:686px;\">\n<div style=\"padding-bottom:56.268221574344%;\"><iframe loading=\"lazy\" title=\"OWOX BI Data Upload Add-on\" width=\"686\" height=\"386\" src=\"https:\/\/www.youtube.com\/embed\/RZTA5Z67FIU?feature=oembed&amp;wmode=transparent&amp;autohide=1&amp;autoplay=0&amp;disablekb=0&amp;fs=1&amp;loop=0&amp;enablejsapi=1&amp;rel=0&amp;controls=2&amp;showinfo=0&amp;wmode=transparent&amp;autohide=2&amp;autoplay=0&amp;disablekb=0&amp;fs=1&amp;loop=0&amp;enablejsapi=1&amp;rel=0&amp;controls=2&amp;showinfo=1\" frameborder=\"0\" allow=\"accelerometer; autoplay; clipboard-write; encrypted-media; gyroscope; picture-in-picture\" allowfullscreen><\/iframe><\/div>\n<\/div>\n<h3>OWOX BI &#8211; CARATTERISTICHE<\/h3>\n<ul>\n<li>Trova aree di crescita e identifica i tuoi rischi<\/li>\n<li>Ottieni una previsione basata sull&#8217;intelligenza artificiale delle prestazioni del tuo piano di marketing<\/li>\n<li>Ricevi rapporti attuabili per ogni dipendente<\/li>\n<li>Crea la tua strategia di marketing basata sui dati<\/li>\n<li>Sistemi di elaborazione dei dati<\/li>\n<li>Raccogli dati dal tuo sistema CRM, dai servizi pubblicitari e dal tuo sito web. Quindi ottenere report su tutti gli indicatori di marketing (o seguirli in tempo reale)<\/li>\n<li>Monitora l&#8217;efficacia della pubblicit\u00e0 con la frequenza di cui hai bisogno. Gestisci le tue offerte basate sui dati e disattiva le campagne non redditizie. Salva il tuo budget senza perdere contatti<\/li>\n<li>Giustifica la spesa pubblicitaria e altre decisioni con report visivi. Mostra come il marketing influisce sulle vendite, anche offline. Impressionare la gestione e convincerli ad aumentare il budget pubblicitario<\/li>\n<\/ul>\n<h4>LE RECENSIONI DEGLI UTENTI<\/h4>\n<h4>Alex K. &#8220;Una soluzione per ridurre i tempi sulla routine di analisi di marketing quotidiana&#8221;<\/h4>\n<p><strong>Commenti<\/strong>: Prima di tutto cercavamo una soluzione al nostro problema quotidiano di routine. I nostri analisti di marketing stavano dedicando molto tempo a lavori noiosi come la raccolta dei dati necessari. A volte hanno dovuto rifare il lavoro che hanno svolto per diverse ore in caso di problemi tecnici, ecc. Naturalmente la loro produttivit\u00e0 \u00e8 diminuita e abbiamo dovuto cambiare l&#8217;intero processo. OWOX BI \u00e8 diventata un&#8217;ottima scelta! Ci hanno aiutato a ridurre la routine quotidiana in modo che i nostri analisti avessero pi\u00f9 tempo su lavori pi\u00f9 interessanti che possano portare pi\u00f9 vantaggi.<\/p>\n<p><strong>Vantaggi<\/strong>: \u00e8 cos\u00ec bello che ora non abbiamo bisogno di dedicare cos\u00ec tanto tempo alla raccolta e al trattamento dei dati! OWOX BI fa tutto questo senza il nostro costante controllo. Tutto quello che dovevamo fare era creare le condutture necessarie.<\/p>\n<p><strong>Inconvenienti<\/strong>: niente! Ottimo strumento, grande squadra, grandi risultati!<\/p>\n<h4>Tetyana G. &#8220;Un servizio utile per le analisi di marketing&#8221;<\/h4>\n<p><strong>Commenti<\/strong>: \u00e8 un servizio super utile per il nostro team di marketing. Risparmia ore di orario di lavoro ed elimina il lavoro manuale con i dati. Ora raccolgo tutte le metriche necessarie da circa una dozzina di fonti di traffico, app mobili e costruisco report all-in-one per visualizzare i risultati. Ora vedo un&#8217;immagine reale della nostra spesa di bilancio.<\/p>\n<p><strong>Vantaggi<\/strong>: uno strumento molto utile per un operatore di marketing che vuole risparmiare tempo sull&#8217;analisi dei dati e sui report. OWOX BI gestisce enormi quantit\u00e0 di dati da varie fonti e li elabora in un&#8217;unica interfaccia. Inoltre, si integra con gli strumenti CRM e altre piattaforme API. Ci\u00f2 significa non avere pi\u00f9 mal di testa con caricamenti manuali e raccolta dati.<\/p>\n<p><strong>Inconvenienti<\/strong>: ero confuso con alcune opzioni di filtro quando ho creato il mio primo rapporto e ho dovuto contattare l&#8217;assistenza. Mi hanno aiutato nel minor tempo possibile.<\/p>\n<h4>Kate K. &#8220;Davvero un ottimo strumento per ogni operatore di marketing&#8221;<\/h4>\n<p><strong>Commenti<\/strong>: Ora prendiamo tutte le decisioni cruciali sulla base di dati, non di previsioni. Ci\u00f2 ha completamente cambiato i nostri sforzi di marketing.<\/p>\n<p><strong>Vantaggi<\/strong>: OWOX BI ha aiutato la nostra azienda a implementare il sistema di analisi end-to-end poich\u00e9 volevamo valutare correttamente tutte le nostre campagne pubblicitarie. E anche le vendite offline sono state molto importanti per noi, quindi volevamo tenerne conto. Il team OWOX BI ha risolto tutti i nostri problemi e ha contribuito a raccogliere, elaborare e combinare tutti i dati necessari.<\/p>\n<p><strong>Inconvenienti<\/strong>: siamo completamente soddisfatti della nostra collaborazione con OWOX BI e di solito supportiamo le risposte dei team a tutte le nostre domande molto rapidamente e risolviamo tutti i problemi in breve tempo.<\/p>\n","protected":false},"excerpt":{"rendered":"<p>OWOX BI \u00e8 una potente suite di business intelligence progettata per analisi di marketing. Aiuta i CMO a pianificare il loro marchio, la loro campagna e la loro strategia di marketing, prevedere accuratamente le stime dei costi e identificare le opportunit\u00e0 di crescita estraendo e consolidando i dati da una variet\u00e0 di fonti.\u00a0<\/p>\n","protected":false},"author":19,"featured_media":21938,"parent":32646,"menu_order":0,"comment_status":"open","ping_status":"closed","template":"g1_template_page_review_new.php","meta":{"_acf_changed":false,"cwp_meta_box_check":"No","cwp_rev_product_name":"","cwp_rev_product_image":"","wppr_links":[],"cwp_rev_price":"","wppr_options":[],"wppr_pros":[],"wppr_cons":[],"_monsterinsights_skip_tracking":false,"_monsterinsights_sitenote_active":false,"_monsterinsights_sitenote_note":"","_monsterinsights_sitenote_category":0,"footnotes":""},"categories":[1555],"tags":[1512,1523,1560,1556,1558,1649],"features":[],"class_list":{"0":"post-21933","1":"page","2":"type-page","3":"status-publish","4":"has-post-thumbnail","6":"category-business-intelligence-it","7":"tag-analisi-marketing","8":"tag-owox-bi","9":"tag-piattaforma-business-intelligence","10":"tag-software-business-intelligence","11":"tag-soluzione-business-intelligence","12":"tag-suite-di-business-intelligence"},"wppr_data":{"cwp_meta_box_check":"No"},"acf":[],"yoast_head":"<!-- This site is optimized with the Yoast SEO plugin v27.4 - https:\/\/yoast.com\/product\/yoast-seo-wordpress\/ -->\n<title>Owox Bi: recensione software Business Intelligence - Accurate Reviews<\/title>\n<meta name=\"description\" content=\"OWOX BI: recensione software di business intelligence progettata per analisi di marketing pianificare la tua campagna e la tua strategia di marketing\" \/>\n<meta name=\"robots\" content=\"index, follow, max-snippet:-1, max-image-preview:large, max-video-preview:-1\" \/>\n<link rel=\"canonical\" href=\"https:\/\/www.accuratereviews.com\/it\/business-intelligence\/owox-bi-recensione\/\" \/>\n<meta property=\"og:locale\" content=\"it_IT\" \/>\n<meta property=\"og:type\" content=\"article\" \/>\n<meta property=\"og:title\" content=\"Owox Bi: recensione software Business Intelligence - Accurate Reviews\" \/>\n<meta property=\"og:description\" content=\"OWOX BI: recensione software di business intelligence progettata per analisi di marketing pianificare la tua campagna e la tua strategia di marketing\" \/>\n<meta property=\"og:url\" content=\"https:\/\/www.accuratereviews.com\/it\/business-intelligence\/owox-bi-recensione\/\" \/>\n<meta property=\"og:site_name\" content=\"Accurate Reviews\" \/>\n<meta property=\"article:modified_time\" content=\"2021-05-18T14:22:51+00:00\" \/>\n<meta property=\"og:image\" content=\"https:\/\/www.accuratereviews.com\/wp-content\/uploads\/2020\/01\/owox_bi_LOGO.png\" \/>\n\t<meta property=\"og:image:width\" content=\"310\" \/>\n\t<meta property=\"og:image:height\" content=\"255\" \/>\n\t<meta property=\"og:image:type\" content=\"image\/png\" \/>\n<meta name=\"twitter:card\" content=\"summary_large_image\" \/>\n<meta name=\"twitter:label1\" content=\"Tempo di lettura stimato\" \/>\n\t<meta name=\"twitter:data1\" content=\"4 minuti\" \/>\n<script type=\"application\/ld+json\" class=\"yoast-schema-graph\">{\"@context\":\"https:\\\/\\\/schema.org\",\"@graph\":[{\"@type\":\"WebPage\",\"@id\":\"https:\\\/\\\/www.accuratereviews.com\\\/it\\\/business-intelligence\\\/owox-bi-recensione\\\/\",\"url\":\"https:\\\/\\\/www.accuratereviews.com\\\/it\\\/business-intelligence\\\/owox-bi-recensione\\\/\",\"name\":\"Owox Bi: recensione software Business Intelligence - Accurate Reviews\",\"isPartOf\":{\"@id\":\"https:\\\/\\\/www.accuratereviews.com\\\/it\\\/#website\"},\"primaryImageOfPage\":{\"@id\":\"https:\\\/\\\/www.accuratereviews.com\\\/it\\\/business-intelligence\\\/owox-bi-recensione\\\/#primaryimage\"},\"image\":{\"@id\":\"https:\\\/\\\/www.accuratereviews.com\\\/it\\\/business-intelligence\\\/owox-bi-recensione\\\/#primaryimage\"},\"thumbnailUrl\":\"https:\\\/\\\/www.accuratereviews.com\\\/wp-content\\\/uploads\\\/2020\\\/01\\\/owox_bi_LOGO.png\",\"datePublished\":\"2020-01-09T13:44:28+00:00\",\"dateModified\":\"2021-05-18T14:22:51+00:00\",\"description\":\"OWOX BI: recensione software di business intelligence progettata per analisi di marketing pianificare la tua campagna e la tua strategia di marketing\",\"breadcrumb\":{\"@id\":\"https:\\\/\\\/www.accuratereviews.com\\\/it\\\/business-intelligence\\\/owox-bi-recensione\\\/#breadcrumb\"},\"inLanguage\":\"it-IT\",\"potentialAction\":[{\"@type\":\"ReadAction\",\"target\":[\"https:\\\/\\\/www.accuratereviews.com\\\/it\\\/business-intelligence\\\/owox-bi-recensione\\\/\"]}]},{\"@type\":\"ImageObject\",\"inLanguage\":\"it-IT\",\"@id\":\"https:\\\/\\\/www.accuratereviews.com\\\/it\\\/business-intelligence\\\/owox-bi-recensione\\\/#primaryimage\",\"url\":\"https:\\\/\\\/www.accuratereviews.com\\\/wp-content\\\/uploads\\\/2020\\\/01\\\/owox_bi_LOGO.png\",\"contentUrl\":\"https:\\\/\\\/www.accuratereviews.com\\\/wp-content\\\/uploads\\\/2020\\\/01\\\/owox_bi_LOGO.png\",\"width\":310,\"height\":255},{\"@type\":\"BreadcrumbList\",\"@id\":\"https:\\\/\\\/www.accuratereviews.com\\\/it\\\/business-intelligence\\\/owox-bi-recensione\\\/#breadcrumb\",\"itemListElement\":[{\"@type\":\"ListItem\",\"position\":1,\"name\":\"Home\",\"item\":\"https:\\\/\\\/www.accuratereviews.com\\\/it\\\/\"},{\"@type\":\"ListItem\",\"position\":2,\"name\":\"Business intelligence\",\"item\":\"https:\\\/\\\/www.accuratereviews.com\\\/it\\\/business-intelligence\\\/\"},{\"@type\":\"ListItem\",\"position\":3,\"name\":\"Owox Bi\"}]},{\"@type\":\"WebSite\",\"@id\":\"https:\\\/\\\/www.accuratereviews.com\\\/it\\\/#website\",\"url\":\"https:\\\/\\\/www.accuratereviews.com\\\/it\\\/\",\"name\":\"Accurate Reviews\",\"description\":\"\",\"potentialAction\":[{\"@type\":\"SearchAction\",\"target\":{\"@type\":\"EntryPoint\",\"urlTemplate\":\"https:\\\/\\\/www.accuratereviews.com\\\/it\\\/?s={search_term_string}\"},\"query-input\":{\"@type\":\"PropertyValueSpecification\",\"valueRequired\":true,\"valueName\":\"search_term_string\"}}],\"inLanguage\":\"it-IT\"}]}<\/script>\n<!-- \/ Yoast SEO plugin. -->","yoast_head_json":{"title":"Owox Bi: recensione software Business Intelligence - Accurate Reviews","description":"OWOX BI: recensione software di business intelligence progettata per analisi di marketing pianificare la tua campagna e la tua strategia di marketing","robots":{"index":"index","follow":"follow","max-snippet":"max-snippet:-1","max-image-preview":"max-image-preview:large","max-video-preview":"max-video-preview:-1"},"canonical":"https:\/\/www.accuratereviews.com\/it\/business-intelligence\/owox-bi-recensione\/","og_locale":"it_IT","og_type":"article","og_title":"Owox Bi: recensione software Business Intelligence - Accurate Reviews","og_description":"OWOX BI: recensione software di business intelligence progettata per analisi di marketing pianificare la tua campagna e la tua strategia di marketing","og_url":"https:\/\/www.accuratereviews.com\/it\/business-intelligence\/owox-bi-recensione\/","og_site_name":"Accurate Reviews","article_modified_time":"2021-05-18T14:22:51+00:00","og_image":[{"width":310,"height":255,"url":"https:\/\/www.accuratereviews.com\/wp-content\/uploads\/2020\/01\/owox_bi_LOGO.png","type":"image\/png"}],"twitter_card":"summary_large_image","twitter_misc":{"Tempo di lettura stimato":"4 minuti"},"schema":{"@context":"https:\/\/schema.org","@graph":[{"@type":"WebPage","@id":"https:\/\/www.accuratereviews.com\/it\/business-intelligence\/owox-bi-recensione\/","url":"https:\/\/www.accuratereviews.com\/it\/business-intelligence\/owox-bi-recensione\/","name":"Owox Bi: recensione software Business Intelligence - Accurate Reviews","isPartOf":{"@id":"https:\/\/www.accuratereviews.com\/it\/#website"},"primaryImageOfPage":{"@id":"https:\/\/www.accuratereviews.com\/it\/business-intelligence\/owox-bi-recensione\/#primaryimage"},"image":{"@id":"https:\/\/www.accuratereviews.com\/it\/business-intelligence\/owox-bi-recensione\/#primaryimage"},"thumbnailUrl":"https:\/\/www.accuratereviews.com\/wp-content\/uploads\/2020\/01\/owox_bi_LOGO.png","datePublished":"2020-01-09T13:44:28+00:00","dateModified":"2021-05-18T14:22:51+00:00","description":"OWOX BI: recensione software di business intelligence progettata per analisi di marketing pianificare la tua campagna e la tua strategia di marketing","breadcrumb":{"@id":"https:\/\/www.accuratereviews.com\/it\/business-intelligence\/owox-bi-recensione\/#breadcrumb"},"inLanguage":"it-IT","potentialAction":[{"@type":"ReadAction","target":["https:\/\/www.accuratereviews.com\/it\/business-intelligence\/owox-bi-recensione\/"]}]},{"@type":"ImageObject","inLanguage":"it-IT","@id":"https:\/\/www.accuratereviews.com\/it\/business-intelligence\/owox-bi-recensione\/#primaryimage","url":"https:\/\/www.accuratereviews.com\/wp-content\/uploads\/2020\/01\/owox_bi_LOGO.png","contentUrl":"https:\/\/www.accuratereviews.com\/wp-content\/uploads\/2020\/01\/owox_bi_LOGO.png","width":310,"height":255},{"@type":"BreadcrumbList","@id":"https:\/\/www.accuratereviews.com\/it\/business-intelligence\/owox-bi-recensione\/#breadcrumb","itemListElement":[{"@type":"ListItem","position":1,"name":"Home","item":"https:\/\/www.accuratereviews.com\/it\/"},{"@type":"ListItem","position":2,"name":"Business intelligence","item":"https:\/\/www.accuratereviews.com\/it\/business-intelligence\/"},{"@type":"ListItem","position":3,"name":"Owox Bi"}]},{"@type":"WebSite","@id":"https:\/\/www.accuratereviews.com\/it\/#website","url":"https:\/\/www.accuratereviews.com\/it\/","name":"Accurate Reviews","description":"","potentialAction":[{"@type":"SearchAction","target":{"@type":"EntryPoint","urlTemplate":"https:\/\/www.accuratereviews.com\/it\/?s={search_term_string}"},"query-input":{"@type":"PropertyValueSpecification","valueRequired":true,"valueName":"search_term_string"}}],"inLanguage":"it-IT"}]}},"_links":{"self":[{"href":"https:\/\/www.accuratereviews.com\/it\/wp-json\/wp\/v2\/pages\/21933","targetHints":{"allow":["GET"]}}],"collection":[{"href":"https:\/\/www.accuratereviews.com\/it\/wp-json\/wp\/v2\/pages"}],"about":[{"href":"https:\/\/www.accuratereviews.com\/it\/wp-json\/wp\/v2\/types\/page"}],"author":[{"embeddable":true,"href":"https:\/\/www.accuratereviews.com\/it\/wp-json\/wp\/v2\/users\/19"}],"replies":[{"embeddable":true,"href":"https:\/\/www.accuratereviews.com\/it\/wp-json\/wp\/v2\/comments?post=21933"}],"version-history":[{"count":12,"href":"https:\/\/www.accuratereviews.com\/it\/wp-json\/wp\/v2\/pages\/21933\/revisions"}],"predecessor-version":[{"id":42907,"href":"https:\/\/www.accuratereviews.com\/it\/wp-json\/wp\/v2\/pages\/21933\/revisions\/42907"}],"up":[{"embeddable":true,"href":"https:\/\/www.accuratereviews.com\/it\/wp-json\/wp\/v2\/pages\/32646"}],"wp:featuredmedia":[{"embeddable":true,"href":"https:\/\/www.accuratereviews.com\/it\/wp-json\/wp\/v2\/media\/21938"}],"wp:attachment":[{"href":"https:\/\/www.accuratereviews.com\/it\/wp-json\/wp\/v2\/media?parent=21933"}],"wp:term":[{"taxonomy":"category","embeddable":true,"href":"https:\/\/www.accuratereviews.com\/it\/wp-json\/wp\/v2\/categories?post=21933"},{"taxonomy":"post_tag","embeddable":true,"href":"https:\/\/www.accuratereviews.com\/it\/wp-json\/wp\/v2\/tags?post=21933"},{"taxonomy":"features","embeddable":true,"href":"https:\/\/www.accuratereviews.com\/it\/wp-json\/wp\/v2\/features?post=21933"}],"curies":[{"name":"wp","href":"https:\/\/api.w.org\/{rel}","templated":true}]}}