{"id":21936,"date":"2020-01-09T17:00:35","date_gmt":"2020-01-09T17:00:35","guid":{"rendered":"https:\/\/www.accuratereviews.com\/?page_id=21936"},"modified":"2020-01-09T17:00:35","modified_gmt":"2020-01-09T17:00:35","slug":"answerrocket-recensione","status":"publish","type":"page","link":"https:\/\/www.accuratereviews.com\/it\/answerrocket-recensione\/","title":{"rendered":"AnswerRocket"},"content":{"rendered":"<p><strong>AnswerRocket<\/strong> \u00e8 una <strong>soluzione di business intelligence<\/strong> progettata principalmente promuovere il valore aziendale di team di dati e analisi. Si tratta di una piattaforma flessibile e aperta che vuole garantire e offrire prestazioni sicure e scalabili che consentano di migliorare e<strong> automatizzare i processi aziendali<\/strong> al fine di risparmiare tempo ed energie. Utilizza questo programma per ottenere delle risposte veloci a tutte le richiesta aziendali, accedi direttamente alla casella di ricerca e digita o pronuncia la tua domanda. Grazie all&#8217;<strong>intelligenza artificiale<\/strong> e agli strumenti di analisi avanzati, <strong>AnswerRocket<\/strong> sar\u00e0 in grado di recuperare i dati rilevanti, fare delle ricerche e degli approfondimenti per poi presentarti i risultati in pochi minuti.<\/p>\n<h2>COME FUNZIONA ANSWERROCKET &#8211; TUTORIAL<\/h2>\n<p>Ecco un video che ci mostra come utilizzare questo programma:<\/p>\n<div id=\"fluid-wrapper-counter-1\" class=\"g1-fluid-wrapper \" style=\"width:686px;\">\n<div style=\"padding-bottom:56.268221574344%;\"><iframe loading=\"lazy\" title=\"AnswerRocket: Natural Language, How Does It Work?\" width=\"515\" height=\"386\" src=\"https:\/\/www.youtube.com\/embed\/CLmaSic5DAc?feature=oembed&amp;wmode=transparent&amp;autohide=1&amp;autoplay=0&amp;disablekb=0&amp;fs=1&amp;loop=0&amp;enablejsapi=1&amp;rel=0&amp;controls=2&amp;showinfo=0&amp;wmode=transparent&amp;autohide=2&amp;autoplay=0&amp;disablekb=0&amp;fs=1&amp;loop=0&amp;enablejsapi=1&amp;rel=0&amp;controls=2&amp;showinfo=1\" frameborder=\"0\" allow=\"accelerometer; autoplay; encrypted-media; gyroscope; picture-in-picture\" allowfullscreen><\/iframe><\/div>\n<\/div>\n<h3>ANSWERROCKET &#8211; CARATTERISTICHE<\/h3>\n<p>Di seguito elenchiamo le sue principali caratteristiche:<\/p>\n<ul>\n<li><strong>Ricerca vocale<\/strong>: digita o pronuncia la domanda che vuoi formulare e il programma ti dar\u00e0 la risposta in pochi secondi<\/li>\n<li><strong>Drill down<\/strong>: utilizza la funzionalit\u00e0 di drill down nel grafico per trovare ulteriori approfondimenti o risposte all&#8217;interno dei dati<\/li>\n<li><strong>Domande correlate<\/strong>: oltre alle tue domande, potrai prendere in considerazione anche quelle correlate, un insieme di domande generate automatica dal sistema<\/li>\n<li><strong>Ampia scelta di connettori dati<\/strong>: connetti i tuoi dati da Salesforce, Adobe Analytics, Microsoft SQL Server, Excel, MySQL, Google Analytics, Oracle, SAP HANA, Amazon Redshift<\/li>\n<li><strong>Integrazioni<\/strong>: AnswerRocket pu\u00f2 essere integrato ad altre piattaforme di business intelligence come H2O, Tensorflow e Caffe<\/li>\n<li><strong>Condivisione<\/strong>: condividi le risposte e i report ottenuti via mail ai tuoi colleghi.<\/li>\n<\/ul>\n<h3>LE RECENSIONI DEGLI UTENTI<\/h3>\n<p><strong>&#8220;Ottimo software di analisi dei dati!&#8221;<\/strong><br \/>\nIN GENERALE: il team di supporto di AR \u00e8 pronto a rispondere e di solito ammette quando c&#8217;\u00e8 un bug che devono risolvere. Il supporto complessivo \u00e8 stato fantastico!<br \/>\nPRO: per un product manager o qualsiasi direttore, questo software \u00e8 fondamentale per acquisire informazioni sui comportamenti dei clienti. Se la tua azienda non ha modo di conoscere le informazioni fornite dai dati dei clienti, Answer Rocket \u00e8 un ottimo strumento. Una volta connesso al tuo ERP, puoi chiedergli di interrogare cose come la spesa del cliente per periodo di tempo e le vendite di determinati prodotti per insiemi di clienti definiti. Questo \u00e8 uno strumento straordinario per comprendere i comportamenti dei tuoi clienti e persino per ottenere un elenco di clienti per le tue campagne di marketing.<br \/>\nCONTRO: Ci sono alcune funzionalit\u00e0 che sarebbe comunque bello avere &#8211; come una definizione definita per i calendari fiscali e l&#8217;interfaccia utente ha alcuni bug irritanti, ma non influisce sui dati di output e di solito sono abbastanza veloci da risolvere.<\/p>\n<p><strong>&#8220;Complessivamente soddisfatto della capacit\u00e0 di AR. Quando si eseguono gli aggiornamenti, il processo deve essere pi\u00f9 fluido.&#8221;<\/strong><br \/>\nIN GENERALE: capacit\u00e0 di reperire facilmente i dati chiave da SAP, che aiutano a identificare le tendenze e influenzare le decisioni aziendali chiave.<br \/>\nPRO: come il nuovo formato del software. Una volta che sei abituato al layout, \u00e8 una struttura molto migliore. Il sistema di cartelle \u00e8 pi\u00f9 intuitivo. Mi piace molto il concetto di dashboard con tutti i report corrispondenti nelle schede.<br \/>\nCONTRO: il software \u00e8 ancora &#8220;difettoso&#8221;. Ci sono momenti casuali in cui non \u00e8 accessibile. L&#8217;ultimo aggiornamento importante \u00e8 stata una brutta esperienza. Ci sono stati diversi giorni\/settimane in cui l&#8217;accesso all&#8217;AR era a dir poco discutibile. Migliora il processo di aggiornamento del software. La nuova dashboard \u00e8 buona, ma rende le informazioni tutorial pi\u00f9 disponibili per aiutare le persone a capire i cambiamenti quando sono cos\u00ec significativi. Fornisce pi\u00f9 possibilit\u00e0 di spostare le cartelle.<\/p>\n<p><strong>&#8220;Rispondi alla recensione dell&#8217;utente Rocket&#8221;<\/strong><br \/>\nIN GENERALE: finora la risposta a Rocket \u00e8 stata grandiosa. Il servizio clienti \u00e8 stato sorprendente e le funzionalit\u00e0, i miglioramenti e le reazioni al feedback e alle richieste aggiunti sono stati eccellenti da vedere in queste prime fasi. Sono davvero entusiasta di ci\u00f2 in cui questo set di strumenti sta crescendo.<br \/>\nPRO: la semplicit\u00e0 d&#8217;uso e la facilit\u00e0 di personalizzazione<br \/>\nCONTRO: Penso ancora che alcune cose dell&#8217;interfaccia utente e le interazioni siano un po&#8217; goffe o non intuitive e non so se sia possibile migliorarle, i tempi di attesa su alcune query sarebbero molto migliori se fossero pi\u00f9 brevi.<\/p>\n","protected":false},"excerpt":{"rendered":"<p>AnswerRocket \u00e8 una soluzione di business intelligence progettata principalmente promuovere il valore aziendale di team di dati e analisi. Si tratta di una piattaforma flessibile e aperta che vuole garantire e offrire prestazioni sicure e scalabili che consentano di migliorare e automatizzare i processi aziendali al fine di risparmiare tempo ed energie.\u00a0<\/p>\n","protected":false},"author":17,"featured_media":21947,"parent":0,"menu_order":0,"comment_status":"open","ping_status":"closed","template":"g1_template_page_review_new.php","meta":{"_acf_changed":false,"cwp_meta_box_check":"Yes","cwp_rev_product_name":"","cwp_rev_product_image":"","wppr_links":[],"cwp_rev_price":"","wppr_options":[],"wppr_pros":[],"wppr_cons":[],"_monsterinsights_skip_tracking":false,"_monsterinsights_sitenote_active":false,"_monsterinsights_sitenote_note":"","_monsterinsights_sitenote_category":0,"footnotes":""},"categories":[1555],"tags":[1565,1564,1557,1558],"features":[],"class_list":{"0":"post-21936","1":"page","2":"type-page","3":"status-publish","4":"has-post-thumbnail","6":"category-business-intelligence-it","7":"tag-business-intelligence","8":"tag-business-intelligence-software","9":"tag-programma-business-intelligence","10":"tag-soluzione-business-intelligence"},"wppr_data":{"cwp_meta_box_check":"Yes","cwp_rev_product_name":"","cwp_rev_product_image":"","cwp_image_link":"image","cwp_rev_price":"","wppr_rating":"0.00"},"acf":[],"yoast_head":"<!-- This site is optimized with the Yoast SEO plugin v27.4 - https:\/\/yoast.com\/product\/yoast-seo-wordpress\/ -->\n<title>AnswerRocket: recensione business intelligence - Accurate Reviews<\/title>\n<meta name=\"description\" content=\"AnswerRocket: recensione della soluzione di business intelligence progettata principalmente promuovere il valore aziendale di team di dati e analisi.\" \/>\n<meta name=\"robots\" content=\"index, follow, max-snippet:-1, max-image-preview:large, max-video-preview:-1\" \/>\n<link rel=\"canonical\" href=\"https:\/\/www.accuratereviews.com\/it\/answerrocket-recensione\/\" \/>\n<meta property=\"og:locale\" content=\"it_IT\" \/>\n<meta property=\"og:type\" content=\"article\" \/>\n<meta property=\"og:title\" content=\"AnswerRocket: recensione business intelligence - Accurate Reviews\" \/>\n<meta property=\"og:description\" content=\"AnswerRocket: recensione della soluzione di business intelligence progettata principalmente promuovere il valore aziendale di team di dati e analisi.\" \/>\n<meta property=\"og:url\" content=\"https:\/\/www.accuratereviews.com\/it\/answerrocket-recensione\/\" \/>\n<meta property=\"og:site_name\" content=\"Accurate Reviews\" \/>\n<meta property=\"og:image\" content=\"https:\/\/www.accuratereviews.com\/wp-content\/uploads\/2020\/01\/answerrocket-vector-logo.png\" \/>\n\t<meta property=\"og:image:width\" content=\"900\" \/>\n\t<meta property=\"og:image:height\" content=\"500\" \/>\n\t<meta property=\"og:image:type\" content=\"image\/png\" \/>\n<meta name=\"twitter:card\" content=\"summary_large_image\" \/>\n<meta name=\"twitter:label1\" content=\"Tempo di lettura stimato\" \/>\n\t<meta name=\"twitter:data1\" content=\"3 minuti\" \/>\n<script type=\"application\/ld+json\" class=\"yoast-schema-graph\">{\"@context\":\"https:\\\/\\\/schema.org\",\"@graph\":[{\"@type\":\"WebPage\",\"@id\":\"https:\\\/\\\/www.accuratereviews.com\\\/it\\\/answerrocket-recensione\\\/\",\"url\":\"https:\\\/\\\/www.accuratereviews.com\\\/it\\\/answerrocket-recensione\\\/\",\"name\":\"AnswerRocket: recensione business intelligence - Accurate Reviews\",\"isPartOf\":{\"@id\":\"https:\\\/\\\/www.accuratereviews.com\\\/it\\\/#website\"},\"primaryImageOfPage\":{\"@id\":\"https:\\\/\\\/www.accuratereviews.com\\\/it\\\/answerrocket-recensione\\\/#primaryimage\"},\"image\":{\"@id\":\"https:\\\/\\\/www.accuratereviews.com\\\/it\\\/answerrocket-recensione\\\/#primaryimage\"},\"thumbnailUrl\":\"https:\\\/\\\/www.accuratereviews.com\\\/wp-content\\\/uploads\\\/2020\\\/01\\\/answerrocket-vector-logo.png\",\"datePublished\":\"2020-01-09T17:00:35+00:00\",\"description\":\"AnswerRocket: recensione della soluzione di business intelligence progettata principalmente promuovere il valore aziendale di team di dati e analisi.\",\"breadcrumb\":{\"@id\":\"https:\\\/\\\/www.accuratereviews.com\\\/it\\\/answerrocket-recensione\\\/#breadcrumb\"},\"inLanguage\":\"it-IT\",\"potentialAction\":[{\"@type\":\"ReadAction\",\"target\":[\"https:\\\/\\\/www.accuratereviews.com\\\/it\\\/answerrocket-recensione\\\/\"]}]},{\"@type\":\"ImageObject\",\"inLanguage\":\"it-IT\",\"@id\":\"https:\\\/\\\/www.accuratereviews.com\\\/it\\\/answerrocket-recensione\\\/#primaryimage\",\"url\":\"https:\\\/\\\/www.accuratereviews.com\\\/wp-content\\\/uploads\\\/2020\\\/01\\\/answerrocket-vector-logo.png\",\"contentUrl\":\"https:\\\/\\\/www.accuratereviews.com\\\/wp-content\\\/uploads\\\/2020\\\/01\\\/answerrocket-vector-logo.png\",\"width\":900,\"height\":500},{\"@type\":\"BreadcrumbList\",\"@id\":\"https:\\\/\\\/www.accuratereviews.com\\\/it\\\/answerrocket-recensione\\\/#breadcrumb\",\"itemListElement\":[{\"@type\":\"ListItem\",\"position\":1,\"name\":\"Home\",\"item\":\"https:\\\/\\\/www.accuratereviews.com\\\/it\\\/\"},{\"@type\":\"ListItem\",\"position\":2,\"name\":\"AnswerRocket\"}]},{\"@type\":\"WebSite\",\"@id\":\"https:\\\/\\\/www.accuratereviews.com\\\/it\\\/#website\",\"url\":\"https:\\\/\\\/www.accuratereviews.com\\\/it\\\/\",\"name\":\"Accurate Reviews\",\"description\":\"\",\"potentialAction\":[{\"@type\":\"SearchAction\",\"target\":{\"@type\":\"EntryPoint\",\"urlTemplate\":\"https:\\\/\\\/www.accuratereviews.com\\\/it\\\/?s={search_term_string}\"},\"query-input\":{\"@type\":\"PropertyValueSpecification\",\"valueRequired\":true,\"valueName\":\"search_term_string\"}}],\"inLanguage\":\"it-IT\"}]}<\/script>\n<!-- \/ Yoast SEO plugin. -->","yoast_head_json":{"title":"AnswerRocket: recensione business intelligence - Accurate Reviews","description":"AnswerRocket: recensione della soluzione di business intelligence progettata principalmente promuovere il valore aziendale di team di dati e analisi.","robots":{"index":"index","follow":"follow","max-snippet":"max-snippet:-1","max-image-preview":"max-image-preview:large","max-video-preview":"max-video-preview:-1"},"canonical":"https:\/\/www.accuratereviews.com\/it\/answerrocket-recensione\/","og_locale":"it_IT","og_type":"article","og_title":"AnswerRocket: recensione business intelligence - Accurate Reviews","og_description":"AnswerRocket: recensione della soluzione di business intelligence progettata principalmente promuovere il valore aziendale di team di dati e analisi.","og_url":"https:\/\/www.accuratereviews.com\/it\/answerrocket-recensione\/","og_site_name":"Accurate Reviews","og_image":[{"width":900,"height":500,"url":"https:\/\/www.accuratereviews.com\/wp-content\/uploads\/2020\/01\/answerrocket-vector-logo.png","type":"image\/png"}],"twitter_card":"summary_large_image","twitter_misc":{"Tempo di lettura stimato":"3 minuti"},"schema":{"@context":"https:\/\/schema.org","@graph":[{"@type":"WebPage","@id":"https:\/\/www.accuratereviews.com\/it\/answerrocket-recensione\/","url":"https:\/\/www.accuratereviews.com\/it\/answerrocket-recensione\/","name":"AnswerRocket: recensione business intelligence - Accurate Reviews","isPartOf":{"@id":"https:\/\/www.accuratereviews.com\/it\/#website"},"primaryImageOfPage":{"@id":"https:\/\/www.accuratereviews.com\/it\/answerrocket-recensione\/#primaryimage"},"image":{"@id":"https:\/\/www.accuratereviews.com\/it\/answerrocket-recensione\/#primaryimage"},"thumbnailUrl":"https:\/\/www.accuratereviews.com\/wp-content\/uploads\/2020\/01\/answerrocket-vector-logo.png","datePublished":"2020-01-09T17:00:35+00:00","description":"AnswerRocket: recensione della soluzione di business intelligence progettata principalmente promuovere il valore aziendale di team di dati e analisi.","breadcrumb":{"@id":"https:\/\/www.accuratereviews.com\/it\/answerrocket-recensione\/#breadcrumb"},"inLanguage":"it-IT","potentialAction":[{"@type":"ReadAction","target":["https:\/\/www.accuratereviews.com\/it\/answerrocket-recensione\/"]}]},{"@type":"ImageObject","inLanguage":"it-IT","@id":"https:\/\/www.accuratereviews.com\/it\/answerrocket-recensione\/#primaryimage","url":"https:\/\/www.accuratereviews.com\/wp-content\/uploads\/2020\/01\/answerrocket-vector-logo.png","contentUrl":"https:\/\/www.accuratereviews.com\/wp-content\/uploads\/2020\/01\/answerrocket-vector-logo.png","width":900,"height":500},{"@type":"BreadcrumbList","@id":"https:\/\/www.accuratereviews.com\/it\/answerrocket-recensione\/#breadcrumb","itemListElement":[{"@type":"ListItem","position":1,"name":"Home","item":"https:\/\/www.accuratereviews.com\/it\/"},{"@type":"ListItem","position":2,"name":"AnswerRocket"}]},{"@type":"WebSite","@id":"https:\/\/www.accuratereviews.com\/it\/#website","url":"https:\/\/www.accuratereviews.com\/it\/","name":"Accurate Reviews","description":"","potentialAction":[{"@type":"SearchAction","target":{"@type":"EntryPoint","urlTemplate":"https:\/\/www.accuratereviews.com\/it\/?s={search_term_string}"},"query-input":{"@type":"PropertyValueSpecification","valueRequired":true,"valueName":"search_term_string"}}],"inLanguage":"it-IT"}]}},"_links":{"self":[{"href":"https:\/\/www.accuratereviews.com\/it\/wp-json\/wp\/v2\/pages\/21936","targetHints":{"allow":["GET"]}}],"collection":[{"href":"https:\/\/www.accuratereviews.com\/it\/wp-json\/wp\/v2\/pages"}],"about":[{"href":"https:\/\/www.accuratereviews.com\/it\/wp-json\/wp\/v2\/types\/page"}],"author":[{"embeddable":true,"href":"https:\/\/www.accuratereviews.com\/it\/wp-json\/wp\/v2\/users\/17"}],"replies":[{"embeddable":true,"href":"https:\/\/www.accuratereviews.com\/it\/wp-json\/wp\/v2\/comments?post=21936"}],"version-history":[{"count":7,"href":"https:\/\/www.accuratereviews.com\/it\/wp-json\/wp\/v2\/pages\/21936\/revisions"}],"predecessor-version":[{"id":21971,"href":"https:\/\/www.accuratereviews.com\/it\/wp-json\/wp\/v2\/pages\/21936\/revisions\/21971"}],"wp:featuredmedia":[{"embeddable":true,"href":"https:\/\/www.accuratereviews.com\/it\/wp-json\/wp\/v2\/media\/21947"}],"wp:attachment":[{"href":"https:\/\/www.accuratereviews.com\/it\/wp-json\/wp\/v2\/media?parent=21936"}],"wp:term":[{"taxonomy":"category","embeddable":true,"href":"https:\/\/www.accuratereviews.com\/it\/wp-json\/wp\/v2\/categories?post=21936"},{"taxonomy":"post_tag","embeddable":true,"href":"https:\/\/www.accuratereviews.com\/it\/wp-json\/wp\/v2\/tags?post=21936"},{"taxonomy":"features","embeddable":true,"href":"https:\/\/www.accuratereviews.com\/it\/wp-json\/wp\/v2\/features?post=21936"}],"curies":[{"name":"wp","href":"https:\/\/api.w.org\/{rel}","templated":true}]}}