{"id":21959,"date":"2020-01-09T16:56:53","date_gmt":"2020-01-09T16:56:53","guid":{"rendered":"https:\/\/www.accuratereviews.com\/?page_id=21959"},"modified":"2020-01-09T16:56:53","modified_gmt":"2020-01-09T16:56:53","slug":"pinpoint-recensione","status":"publish","type":"page","link":"https:\/\/www.accuratereviews.com\/it\/pinpoint-recensione\/","title":{"rendered":"PINpoint"},"content":{"rendered":"<p><strong>PINpoint<\/strong> \u00e8 un software che, sfruttando l&#8217;<strong>intelligenza artificiale<\/strong>, ti permette di monitorare e ottimizzare le operazioni di produzione dei tuoi clienti. Puoi stabilire degli obiettivi, utilizzare i dati in tempo reale, apportare delle modifiche e prendere delle decisioni migliori, riuscendo a raggiungere una maggiore produttivit\u00e0 in meno tempo. Si tratta di una <strong>soluzione di business intelligence<\/strong> disponibile in pi\u00f9 lingue e utilizzato infatti da moltissime aziende in tutto il mondo (es. Navistar, Ford, Polaris, Toyota, Nissan, JMC China ecc.).\u00a0<strong>PINpoint<\/strong> aiuta le aziende di piccole e grandi dimensioni a ottimizzare la propria catena di montaggio, rilevando i difetti del prodotto e verificando l&#8217;esistenza di eventuali errori.<\/p>\n<h2>COME FUNZIONA PINPOINT &#8211; TUTORIAL<\/h2>\n<p>Ecco un video che potrebbe spiegarci qualcosa di pi\u00f9 al riguardo:<\/p>\n<div id=\"fluid-wrapper-counter-1\" class=\"g1-fluid-wrapper \" style=\"width:686px;\">\n<div style=\"padding-bottom:56.268221574344%;\"><iframe loading=\"lazy\" title=\"PINpoint MES Systems | Production Analytics Demonstration - Part 2 (Microsoft Excel)\" width=\"686\" height=\"386\" src=\"https:\/\/www.youtube.com\/embed\/Icil16Vc0AI?feature=oembed&amp;wmode=transparent&amp;autohide=1&amp;autoplay=0&amp;disablekb=0&amp;fs=1&amp;loop=0&amp;enablejsapi=1&amp;rel=0&amp;controls=2&amp;showinfo=0&amp;wmode=transparent&amp;autohide=2&amp;autoplay=0&amp;disablekb=0&amp;fs=1&amp;loop=0&amp;enablejsapi=1&amp;rel=0&amp;controls=2&amp;showinfo=1\" frameborder=\"0\" allow=\"accelerometer; autoplay; encrypted-media; gyroscope; picture-in-picture\" allowfullscreen><\/iframe><\/div>\n<\/div>\n<h3>PINPOINT &#8211; CARATTERISTICHE<\/h3>\n<p>Diamo uno sguardo alle sue principali caratteristiche:<\/p>\n<ul>\n<li><strong>Strumenti di business intelligence<\/strong>: sfrutta la conoscenza di ogni azione sulla linea di assemblaggio per orientare l&#8217;OEE in tempo reale e persino per prevedere ci\u00f2 che probabilmente costruirai prima della fine della giornata<\/li>\n<li><strong>Rilevamento degli errori<\/strong>: utilizza questi strumenti per comprendere se sono presenti eventuali errori<\/li>\n<li><strong>Modello a 5 secchi<\/strong>: questa funzionalit\u00e0 consente di isolare rapidamente i problemi, facilitare e valutare l&#8217;efficacia delle decisioni di gestione ed evidenziare le tendenze a lungo termine<\/li>\n<li><strong>Metriche di produzione<\/strong>: identifica il momento in cui si discosta dal piano e esegui il drill down per capire quali eventi hanno causato il calo delle prestazioni e apporta le modifiche che sono necessarie.<\/li>\n<\/ul>\n<h3>LE RECENSIONI DEGLI UTENTI<\/h3>\n<p><strong>&#8220;Con l&#8217;implementazione di PINpoint 6 anni fa, abbiamo scoperto un&#8217;applicazione utile e robusta&#8221;<\/strong><br \/>\nPRO: il software \u00e8 altamente configurabile e il team PINpoint ci ha aiutato a sviluppare le nostre competenze per gestirlo da soli. Fornisce molte funzionalit\u00e0 che possono essere implementate gradualmente. Le funzionalit\u00e0 pi\u00f9 utilizzate sono il controllo degli utensili dinamometrici, l&#8217;interfaccia PLC, le liste di controllo, gli avvisi di qualit\u00e0 e il sistema con blocco del processo. Il software ha dimostrato di essere affidabile con tempi di inattivit\u00e0 molto bassi e quando abbiamo affrontato eccezionalmente un problema critico, il team di PINpoint \u00e8 stato molto reattivo nel gestirlo e fornire una soluzione. Le funzionalit\u00e0 di reporting sono notevolmente migliorate con l&#8217;ultima versione e aiutano a identificare la debolezza del processo che deve essere affrontata per migliorare la nostra produttivit\u00e0.<br \/>\nCONTRO: le correzioni di problemi minori sono talvolta molto lunghe e gli aggiornamenti principali sono complessi e possono causare alcuni problemi.<\/p>\n<p><strong>&#8220;L&#8217;esperienza complessiva con software, installazione e supporto \u00e8 stata positiva&#8221;<\/strong><br \/>\nIN GENERALE: correzione degli errori e accuratezza della build dell&#8217;assemblaggio e validazione della build storica.<br \/>\nPRO: facilit\u00e0 d&#8217;uso, accodamento visivo, capacit\u00e0 multilingue di interfacciamento con controller, strumenti e funzioni di stampa.<br \/>\nCONTRO: ci sono occasioni in cui il software deve essere in grado di tenere conto dell&#8217;attivit\u00e0 di rete e di altre anomalie e rispondere in modo autoregolante. (Ma quando si presentano questi problemi sono in grado di adattarsi). Abbiamo dovuto fare un po&#8217; di ottimizzazione del database per ottimizzare le transazioni del DB.<\/p>\n<p><strong>&#8220;Uso questo software da 7 anni, ottima responsabilit\u00e0&#8221;<\/strong><br \/>\nIN GENERALE: principalmente la tracciabilit\u00e0 dei dati dei numeri di serie e la conformit\u00e0 al processo di assemblaggio.<br \/>\nPRO: la quantit\u00e0 di dati acquisiti era estremamente grande. Buono per l&#8217;acquisizione di dati di misura e dati di coppia. Tracciabilit\u00e0 molto buona.<br \/>\nCONTRO: l&#8217;ordinamento attraverso i dati non \u00e8 stato facile come le versioni precedenti. I dispositivi hardware meno recenti sono rimasti nel database ed \u00e8 stato difficile eliminarli per sempre.<\/p>\n","protected":false},"excerpt":{"rendered":"<p>PINpoint \u00e8 un software che, sfruttando l&#8217;intelligenza artificiale, ti permette di monitorare e ottimizzare le operazioni di produzione dei tuoi clienti. Puoi stabilire degli obiettivi, utilizzare i dati in tempo reale, apportare delle modifiche e prendere delle decisioni migliori, riuscendo a raggiungere una maggiore produttivit\u00e0 in meno tempo.<\/p>\n","protected":false},"author":17,"featured_media":21963,"parent":0,"menu_order":0,"comment_status":"open","ping_status":"closed","template":"g1_template_page_review_new.php","meta":{"_acf_changed":false,"cwp_meta_box_check":"Yes","cwp_rev_product_name":"","cwp_rev_product_image":"","wppr_links":[],"cwp_rev_price":"","wppr_options":[],"wppr_pros":[],"wppr_cons":[],"_monsterinsights_skip_tracking":false,"_monsterinsights_sitenote_active":false,"_monsterinsights_sitenote_note":"","_monsterinsights_sitenote_category":0,"footnotes":""},"categories":[1555],"tags":[1565,1521,1557,1558],"features":[],"class_list":{"0":"post-21959","1":"page","2":"type-page","3":"status-publish","4":"has-post-thumbnail","6":"category-business-intelligence-it","7":"tag-business-intelligence","8":"tag-piattaforma-di-business-intelligence","9":"tag-programma-business-intelligence","10":"tag-soluzione-business-intelligence"},"wppr_data":{"cwp_meta_box_check":"Yes","cwp_rev_product_name":"","cwp_rev_product_image":"","cwp_image_link":"image","cwp_rev_price":"","wppr_rating":"0.00"},"acf":[],"yoast_head":"<!-- This site is optimized with the Yoast SEO plugin v27.4 - https:\/\/yoast.com\/product\/yoast-seo-wordpress\/ -->\n<title>PINpoint: recensione business intelligence software - Accurate Reviews<\/title>\n<meta name=\"description\" content=\"PINpoint: recensione del software che sfruttando l&#039;intelligenza artificiale ti permette di monitorare e ottimizzare le operazioni di produzione dei clienti.\" \/>\n<meta name=\"robots\" content=\"index, follow, max-snippet:-1, max-image-preview:large, max-video-preview:-1\" \/>\n<link rel=\"canonical\" href=\"https:\/\/www.accuratereviews.com\/it\/pinpoint-recensione\/\" \/>\n<meta property=\"og:locale\" content=\"it_IT\" \/>\n<meta property=\"og:type\" content=\"article\" \/>\n<meta property=\"og:title\" content=\"PINpoint: recensione business intelligence software - Accurate Reviews\" \/>\n<meta property=\"og:description\" content=\"PINpoint: recensione del software che sfruttando l&#039;intelligenza artificiale ti permette di monitorare e ottimizzare le operazioni di produzione dei clienti.\" \/>\n<meta property=\"og:url\" content=\"https:\/\/www.accuratereviews.com\/it\/pinpoint-recensione\/\" \/>\n<meta property=\"og:site_name\" content=\"Accurate Reviews\" \/>\n<meta property=\"og:image\" content=\"https:\/\/www.accuratereviews.com\/wp-content\/uploads\/2020\/01\/hqdefault-1.jpg\" \/>\n\t<meta property=\"og:image:width\" content=\"477\" \/>\n\t<meta property=\"og:image:height\" content=\"238\" \/>\n\t<meta property=\"og:image:type\" content=\"image\/jpeg\" \/>\n<meta name=\"twitter:card\" content=\"summary_large_image\" \/>\n<meta name=\"twitter:label1\" content=\"Tempo di lettura stimato\" \/>\n\t<meta name=\"twitter:data1\" content=\"3 minuti\" \/>\n<script type=\"application\/ld+json\" class=\"yoast-schema-graph\">{\"@context\":\"https:\\\/\\\/schema.org\",\"@graph\":[{\"@type\":\"WebPage\",\"@id\":\"https:\\\/\\\/www.accuratereviews.com\\\/it\\\/pinpoint-recensione\\\/\",\"url\":\"https:\\\/\\\/www.accuratereviews.com\\\/it\\\/pinpoint-recensione\\\/\",\"name\":\"PINpoint: recensione business intelligence software - Accurate Reviews\",\"isPartOf\":{\"@id\":\"https:\\\/\\\/www.accuratereviews.com\\\/it\\\/#website\"},\"primaryImageOfPage\":{\"@id\":\"https:\\\/\\\/www.accuratereviews.com\\\/it\\\/pinpoint-recensione\\\/#primaryimage\"},\"image\":{\"@id\":\"https:\\\/\\\/www.accuratereviews.com\\\/it\\\/pinpoint-recensione\\\/#primaryimage\"},\"thumbnailUrl\":\"https:\\\/\\\/www.accuratereviews.com\\\/wp-content\\\/uploads\\\/2020\\\/01\\\/hqdefault-1.jpg\",\"datePublished\":\"2020-01-09T16:56:53+00:00\",\"description\":\"PINpoint: recensione del software che sfruttando l'intelligenza artificiale ti permette di monitorare e ottimizzare le operazioni di produzione dei clienti.\",\"breadcrumb\":{\"@id\":\"https:\\\/\\\/www.accuratereviews.com\\\/it\\\/pinpoint-recensione\\\/#breadcrumb\"},\"inLanguage\":\"it-IT\",\"potentialAction\":[{\"@type\":\"ReadAction\",\"target\":[\"https:\\\/\\\/www.accuratereviews.com\\\/it\\\/pinpoint-recensione\\\/\"]}]},{\"@type\":\"ImageObject\",\"inLanguage\":\"it-IT\",\"@id\":\"https:\\\/\\\/www.accuratereviews.com\\\/it\\\/pinpoint-recensione\\\/#primaryimage\",\"url\":\"https:\\\/\\\/www.accuratereviews.com\\\/wp-content\\\/uploads\\\/2020\\\/01\\\/hqdefault-1.jpg\",\"contentUrl\":\"https:\\\/\\\/www.accuratereviews.com\\\/wp-content\\\/uploads\\\/2020\\\/01\\\/hqdefault-1.jpg\",\"width\":477,\"height\":238},{\"@type\":\"BreadcrumbList\",\"@id\":\"https:\\\/\\\/www.accuratereviews.com\\\/it\\\/pinpoint-recensione\\\/#breadcrumb\",\"itemListElement\":[{\"@type\":\"ListItem\",\"position\":1,\"name\":\"Home\",\"item\":\"https:\\\/\\\/www.accuratereviews.com\\\/it\\\/\"},{\"@type\":\"ListItem\",\"position\":2,\"name\":\"PINpoint\"}]},{\"@type\":\"WebSite\",\"@id\":\"https:\\\/\\\/www.accuratereviews.com\\\/it\\\/#website\",\"url\":\"https:\\\/\\\/www.accuratereviews.com\\\/it\\\/\",\"name\":\"Accurate Reviews\",\"description\":\"\",\"potentialAction\":[{\"@type\":\"SearchAction\",\"target\":{\"@type\":\"EntryPoint\",\"urlTemplate\":\"https:\\\/\\\/www.accuratereviews.com\\\/it\\\/?s={search_term_string}\"},\"query-input\":{\"@type\":\"PropertyValueSpecification\",\"valueRequired\":true,\"valueName\":\"search_term_string\"}}],\"inLanguage\":\"it-IT\"}]}<\/script>\n<!-- \/ Yoast SEO plugin. -->","yoast_head_json":{"title":"PINpoint: recensione business intelligence software - Accurate Reviews","description":"PINpoint: recensione del software che sfruttando l'intelligenza artificiale ti permette di monitorare e ottimizzare le operazioni di produzione dei clienti.","robots":{"index":"index","follow":"follow","max-snippet":"max-snippet:-1","max-image-preview":"max-image-preview:large","max-video-preview":"max-video-preview:-1"},"canonical":"https:\/\/www.accuratereviews.com\/it\/pinpoint-recensione\/","og_locale":"it_IT","og_type":"article","og_title":"PINpoint: recensione business intelligence software - Accurate Reviews","og_description":"PINpoint: recensione del software che sfruttando l'intelligenza artificiale ti permette di monitorare e ottimizzare le operazioni di produzione dei clienti.","og_url":"https:\/\/www.accuratereviews.com\/it\/pinpoint-recensione\/","og_site_name":"Accurate Reviews","og_image":[{"width":477,"height":238,"url":"https:\/\/www.accuratereviews.com\/wp-content\/uploads\/2020\/01\/hqdefault-1.jpg","type":"image\/jpeg"}],"twitter_card":"summary_large_image","twitter_misc":{"Tempo di lettura stimato":"3 minuti"},"schema":{"@context":"https:\/\/schema.org","@graph":[{"@type":"WebPage","@id":"https:\/\/www.accuratereviews.com\/it\/pinpoint-recensione\/","url":"https:\/\/www.accuratereviews.com\/it\/pinpoint-recensione\/","name":"PINpoint: recensione business intelligence software - Accurate Reviews","isPartOf":{"@id":"https:\/\/www.accuratereviews.com\/it\/#website"},"primaryImageOfPage":{"@id":"https:\/\/www.accuratereviews.com\/it\/pinpoint-recensione\/#primaryimage"},"image":{"@id":"https:\/\/www.accuratereviews.com\/it\/pinpoint-recensione\/#primaryimage"},"thumbnailUrl":"https:\/\/www.accuratereviews.com\/wp-content\/uploads\/2020\/01\/hqdefault-1.jpg","datePublished":"2020-01-09T16:56:53+00:00","description":"PINpoint: recensione del software che sfruttando l'intelligenza artificiale ti permette di monitorare e ottimizzare le operazioni di produzione dei clienti.","breadcrumb":{"@id":"https:\/\/www.accuratereviews.com\/it\/pinpoint-recensione\/#breadcrumb"},"inLanguage":"it-IT","potentialAction":[{"@type":"ReadAction","target":["https:\/\/www.accuratereviews.com\/it\/pinpoint-recensione\/"]}]},{"@type":"ImageObject","inLanguage":"it-IT","@id":"https:\/\/www.accuratereviews.com\/it\/pinpoint-recensione\/#primaryimage","url":"https:\/\/www.accuratereviews.com\/wp-content\/uploads\/2020\/01\/hqdefault-1.jpg","contentUrl":"https:\/\/www.accuratereviews.com\/wp-content\/uploads\/2020\/01\/hqdefault-1.jpg","width":477,"height":238},{"@type":"BreadcrumbList","@id":"https:\/\/www.accuratereviews.com\/it\/pinpoint-recensione\/#breadcrumb","itemListElement":[{"@type":"ListItem","position":1,"name":"Home","item":"https:\/\/www.accuratereviews.com\/it\/"},{"@type":"ListItem","position":2,"name":"PINpoint"}]},{"@type":"WebSite","@id":"https:\/\/www.accuratereviews.com\/it\/#website","url":"https:\/\/www.accuratereviews.com\/it\/","name":"Accurate Reviews","description":"","potentialAction":[{"@type":"SearchAction","target":{"@type":"EntryPoint","urlTemplate":"https:\/\/www.accuratereviews.com\/it\/?s={search_term_string}"},"query-input":{"@type":"PropertyValueSpecification","valueRequired":true,"valueName":"search_term_string"}}],"inLanguage":"it-IT"}]}},"_links":{"self":[{"href":"https:\/\/www.accuratereviews.com\/it\/wp-json\/wp\/v2\/pages\/21959","targetHints":{"allow":["GET"]}}],"collection":[{"href":"https:\/\/www.accuratereviews.com\/it\/wp-json\/wp\/v2\/pages"}],"about":[{"href":"https:\/\/www.accuratereviews.com\/it\/wp-json\/wp\/v2\/types\/page"}],"author":[{"embeddable":true,"href":"https:\/\/www.accuratereviews.com\/it\/wp-json\/wp\/v2\/users\/17"}],"replies":[{"embeddable":true,"href":"https:\/\/www.accuratereviews.com\/it\/wp-json\/wp\/v2\/comments?post=21959"}],"version-history":[{"count":5,"href":"https:\/\/www.accuratereviews.com\/it\/wp-json\/wp\/v2\/pages\/21959\/revisions"}],"predecessor-version":[{"id":21972,"href":"https:\/\/www.accuratereviews.com\/it\/wp-json\/wp\/v2\/pages\/21959\/revisions\/21972"}],"wp:featuredmedia":[{"embeddable":true,"href":"https:\/\/www.accuratereviews.com\/it\/wp-json\/wp\/v2\/media\/21963"}],"wp:attachment":[{"href":"https:\/\/www.accuratereviews.com\/it\/wp-json\/wp\/v2\/media?parent=21959"}],"wp:term":[{"taxonomy":"category","embeddable":true,"href":"https:\/\/www.accuratereviews.com\/it\/wp-json\/wp\/v2\/categories?post=21959"},{"taxonomy":"post_tag","embeddable":true,"href":"https:\/\/www.accuratereviews.com\/it\/wp-json\/wp\/v2\/tags?post=21959"},{"taxonomy":"features","embeddable":true,"href":"https:\/\/www.accuratereviews.com\/it\/wp-json\/wp\/v2\/features?post=21959"}],"curies":[{"name":"wp","href":"https:\/\/api.w.org\/{rel}","templated":true}]}}