{"id":21973,"date":"2020-01-10T17:11:56","date_gmt":"2020-01-10T17:11:56","guid":{"rendered":"https:\/\/www.accuratereviews.com\/?page_id=21973"},"modified":"2021-05-18T14:50:36","modified_gmt":"2021-05-18T14:50:36","slug":"gooddata-recensione","status":"publish","type":"page","link":"https:\/\/www.accuratereviews.com\/it\/business-intelligence\/gooddata-recensione\/","title":{"rendered":"GoodData"},"content":{"rendered":"<p><strong>GoodData<\/strong> \u00e8 un<strong> software di Business Intelligence<\/strong>\u00a0che fornisce analisi avanzate per le aziende per creare nuovi flussi di entrate. Il suo punto di forza \u00e8 aiutare gli esperti di marketing e i fornitori di software indipendenti a comprendere il comportamento e le esigenze dei loro clienti. Con questa soluzioni ottieni preziose analisi di marketing per comprendere il percorso di acquisto dei tuoi clienti, aumentare il ritorno sugli investimenti delle campagne di formazione multi-touch e utilizzare l&#8217;analisi social per collegare le spese pubblicitarie della tua azienda alle entrate. Si integra con un gran numero di app e fornitori di servizi per consentire ai dati di fluire senza soluzione di continuit\u00e0 nell&#8217;ecosistema software aziendale.<\/p>\n<h2>GOODDATA &#8211; TUTORIAL<\/h2>\n<p>Ecco un tutorial per vedere come analizzare l&#8217;andamento della tua azienda con questo <strong>programma di Business Intelligence:<\/strong><\/p>\n<div id=\"fluid-wrapper-counter-1\" class=\"g1-fluid-wrapper \" style=\"width:686px;\">\n<div style=\"padding-bottom:56.268221574344%;\"><iframe loading=\"lazy\" title=\"GoodData Analytical Designer\" width=\"686\" height=\"386\" src=\"https:\/\/www.youtube.com\/embed\/QCJ-EO0BHBg?feature=oembed&amp;wmode=transparent&amp;autohide=1&amp;autoplay=0&amp;disablekb=0&amp;fs=1&amp;loop=0&amp;enablejsapi=1&amp;rel=0&amp;controls=2&amp;showinfo=0&amp;wmode=transparent&amp;autohide=2&amp;autoplay=0&amp;disablekb=0&amp;fs=1&amp;loop=0&amp;enablejsapi=1&amp;rel=0&amp;controls=2&amp;showinfo=1\" frameborder=\"0\" allow=\"accelerometer; autoplay; encrypted-media; gyroscope; picture-in-picture\" allowfullscreen><\/iframe><\/div>\n<\/div>\n<h3>GOODDATA &#8211; CARATTERISTICHE<\/h3>\n<ul>\n<li>Analisi dei clienti che misurano l&#8217;impatto del marketing sull&#8217;azienda<\/li>\n<li>Approfondimenti operativi che migliorano l&#8217;efficienza del processo decisionale<\/li>\n<li>Opportunit\u00e0 per generare nuovi flussi di entrate attraverso l&#8217;analisi incorporata<\/li>\n<li>La condivisione e la collaborazione via email semplifica la personalizzazione e la condivisione degli approfondimenti scoperti all&#8217;interno del sistema con tutti i principali soggetti interessati all&#8217;interno dell&#8217;organizzazione<\/li>\n<li>Gli analisti di dati mantengono la propriet\u00e0 dei sistemi di origine e la visibilit\u00e0 della discendenza di dati attraverso l&#8217;intera pipeline<\/li>\n<li>La gestione flessibile dell&#8217;area di lavoro consente una produttivit\u00e0 decentralizzata degli analisti mantenendo al contempo il controllo ambientale a livello di produzione centralizzata.<\/li>\n<\/ul>\n<h4>LE RECENSIONI DEGLI UTENTI<\/h4>\n<h4>Iris R. &#8220;Recensione GoodData&#8221;<\/h4>\n<p><strong>Vantaggi<\/strong>: i modelli front-end e back-end sono entrambi disponibili. Mi piace la soluzione cloud e il servizio clienti.<\/p>\n<p><strong>Inconvenienti<\/strong>: alcune funzioni devono ancora essere migliorate per i report di BI. Manca alcune funzionalit\u00e0 chiave rispetto a Tableau.<\/p>\n<h4>Sam D. &#8220;GoodData &#8211; La bellezza della comodit\u00e0&#8221;<\/h4>\n<p><strong>Vantaggi<\/strong>: lo strumento ti consente di creare bellissimi report e dashboard. Tuttavia, la vera bellezza di questo prodotto sta nel modo in cui si creano report e dashboard. Non selezionare una piattaforma di analisi senza passare il tempo nel generatore di report! E se lo fai, scoprirai che GoodData fa quella parte meglio di chiunque altro. Mi piace anche come GoodData stia lavorando con altri fornitori per essere all&#8217;avanguardia nel movimento IT incentrato sull&#8217;utente. Questo, per me, fa ben sperare per le prospettive e la visione a lungo termine per questa azienda. Si preoccupano dell&#8217;esperienza dell&#8217;utente finale e questo si mostra nel loro prodotto.<\/p>\n<p><strong>Inconvenienti<\/strong>: bellezza, potenza, flessibilit\u00e0 e una soluzione completa hanno un prezzo. Sebbene non siano pi\u00f9 costosi di altri prodotti della stessa categoria, non \u00e8 una soluzione economica.<\/p>\n<h4>David P. &#8220;Rapporti sui dati dei nostri team di supporto&#8221;<\/h4>\n<p><strong>Vantaggi<\/strong>: \u00e8 molto facile usare il prodotto. Non ho esperienza con il venditore.<\/p>\n<p><strong>Inconvenienti<\/strong>: ha un&#8217;API difficile. Non sono stato in grado di estrarre i dati da GoodData.<\/p>\n","protected":false},"excerpt":{"rendered":"<p>GoodData \u00e8 un software di Business Intelligence\u00a0che fornisce analisi avanzate per le aziende per creare nuovi flussi di entrate. Il suo punto di forza \u00e8 aiutare gli esperti di marketing e i fornitori di software indipendenti a comprendere il comportamento e le esigenze dei loro clienti.<\/p>\n","protected":false},"author":19,"featured_media":21974,"parent":32646,"menu_order":0,"comment_status":"open","ping_status":"closed","template":"g1_template_page_review_new.php","meta":{"_acf_changed":false,"cwp_meta_box_check":"Yes","cwp_rev_product_name":"","cwp_rev_product_image":"","wppr_links":[],"cwp_rev_price":"","wppr_options":[],"wppr_pros":[],"wppr_cons":[],"_monsterinsights_skip_tracking":false,"_monsterinsights_sitenote_active":false,"_monsterinsights_sitenote_note":"","_monsterinsights_sitenote_category":0,"footnotes":""},"categories":[1555],"tags":[1621,1565,1650,1557,1556,1558],"features":[],"class_list":{"0":"post-21973","1":"page","2":"type-page","3":"status-publish","4":"has-post-thumbnail","6":"category-business-intelligence-it","7":"tag-analisi-dati","8":"tag-business-intelligence","9":"tag-gooddata","10":"tag-programma-business-intelligence","11":"tag-software-business-intelligence","12":"tag-soluzione-business-intelligence"},"wppr_data":{"cwp_meta_box_check":"Yes","cwp_rev_product_name":"","cwp_rev_product_image":"","cwp_image_link":"image","cwp_rev_price":"","wppr_rating":"0.00"},"acf":[],"yoast_head":"<!-- This site is optimized with the Yoast SEO plugin v27.4 - https:\/\/yoast.com\/product\/yoast-seo-wordpress\/ -->\n<title>Gooddata: recensione software Business Intelligence- Accurate Reviews<\/title>\n<meta name=\"description\" content=\"GoodData: recensione software di Business Intelligence\u00a0che fornisce analisi avanzate per le aziende per creare nuovi flussi di entrate.\" \/>\n<meta name=\"robots\" content=\"index, follow, max-snippet:-1, max-image-preview:large, max-video-preview:-1\" \/>\n<link rel=\"canonical\" href=\"https:\/\/www.accuratereviews.com\/it\/business-intelligence\/gooddata-recensione\/\" \/>\n<meta property=\"og:locale\" content=\"it_IT\" \/>\n<meta property=\"og:type\" content=\"article\" \/>\n<meta property=\"og:title\" content=\"Gooddata: recensione software Business Intelligence- Accurate Reviews\" \/>\n<meta property=\"og:description\" content=\"GoodData: recensione software di Business Intelligence\u00a0che fornisce analisi avanzate per le aziende per creare nuovi flussi di entrate.\" \/>\n<meta property=\"og:url\" content=\"https:\/\/www.accuratereviews.com\/it\/business-intelligence\/gooddata-recensione\/\" \/>\n<meta property=\"og:site_name\" content=\"Accurate Reviews\" \/>\n<meta property=\"article:modified_time\" content=\"2021-05-18T14:50:36+00:00\" \/>\n<meta property=\"og:image\" content=\"https:\/\/www.accuratereviews.com\/wp-content\/uploads\/2020\/01\/gooddata-logo.png\" \/>\n\t<meta property=\"og:image:width\" content=\"900\" \/>\n\t<meta property=\"og:image:height\" content=\"500\" \/>\n\t<meta property=\"og:image:type\" content=\"image\/png\" \/>\n<meta name=\"twitter:card\" content=\"summary_large_image\" \/>\n<meta name=\"twitter:label1\" content=\"Tempo di lettura stimato\" \/>\n\t<meta name=\"twitter:data1\" content=\"2 minuti\" \/>\n<script type=\"application\/ld+json\" class=\"yoast-schema-graph\">{\"@context\":\"https:\\\/\\\/schema.org\",\"@graph\":[{\"@type\":\"WebPage\",\"@id\":\"https:\\\/\\\/www.accuratereviews.com\\\/it\\\/business-intelligence\\\/gooddata-recensione\\\/\",\"url\":\"https:\\\/\\\/www.accuratereviews.com\\\/it\\\/business-intelligence\\\/gooddata-recensione\\\/\",\"name\":\"Gooddata: recensione software Business Intelligence- Accurate Reviews\",\"isPartOf\":{\"@id\":\"https:\\\/\\\/www.accuratereviews.com\\\/it\\\/#website\"},\"primaryImageOfPage\":{\"@id\":\"https:\\\/\\\/www.accuratereviews.com\\\/it\\\/business-intelligence\\\/gooddata-recensione\\\/#primaryimage\"},\"image\":{\"@id\":\"https:\\\/\\\/www.accuratereviews.com\\\/it\\\/business-intelligence\\\/gooddata-recensione\\\/#primaryimage\"},\"thumbnailUrl\":\"https:\\\/\\\/www.accuratereviews.com\\\/wp-content\\\/uploads\\\/2020\\\/01\\\/gooddata-logo.png\",\"datePublished\":\"2020-01-10T17:11:56+00:00\",\"dateModified\":\"2021-05-18T14:50:36+00:00\",\"description\":\"GoodData: recensione software di Business Intelligence\u00a0che fornisce analisi avanzate per le aziende per creare nuovi flussi di entrate.\",\"breadcrumb\":{\"@id\":\"https:\\\/\\\/www.accuratereviews.com\\\/it\\\/business-intelligence\\\/gooddata-recensione\\\/#breadcrumb\"},\"inLanguage\":\"it-IT\",\"potentialAction\":[{\"@type\":\"ReadAction\",\"target\":[\"https:\\\/\\\/www.accuratereviews.com\\\/it\\\/business-intelligence\\\/gooddata-recensione\\\/\"]}]},{\"@type\":\"ImageObject\",\"inLanguage\":\"it-IT\",\"@id\":\"https:\\\/\\\/www.accuratereviews.com\\\/it\\\/business-intelligence\\\/gooddata-recensione\\\/#primaryimage\",\"url\":\"https:\\\/\\\/www.accuratereviews.com\\\/wp-content\\\/uploads\\\/2020\\\/01\\\/gooddata-logo.png\",\"contentUrl\":\"https:\\\/\\\/www.accuratereviews.com\\\/wp-content\\\/uploads\\\/2020\\\/01\\\/gooddata-logo.png\",\"width\":900,\"height\":500},{\"@type\":\"BreadcrumbList\",\"@id\":\"https:\\\/\\\/www.accuratereviews.com\\\/it\\\/business-intelligence\\\/gooddata-recensione\\\/#breadcrumb\",\"itemListElement\":[{\"@type\":\"ListItem\",\"position\":1,\"name\":\"Home\",\"item\":\"https:\\\/\\\/www.accuratereviews.com\\\/it\\\/\"},{\"@type\":\"ListItem\",\"position\":2,\"name\":\"Business intelligence\",\"item\":\"https:\\\/\\\/www.accuratereviews.com\\\/it\\\/business-intelligence\\\/\"},{\"@type\":\"ListItem\",\"position\":3,\"name\":\"GoodData\"}]},{\"@type\":\"WebSite\",\"@id\":\"https:\\\/\\\/www.accuratereviews.com\\\/it\\\/#website\",\"url\":\"https:\\\/\\\/www.accuratereviews.com\\\/it\\\/\",\"name\":\"Accurate Reviews\",\"description\":\"\",\"potentialAction\":[{\"@type\":\"SearchAction\",\"target\":{\"@type\":\"EntryPoint\",\"urlTemplate\":\"https:\\\/\\\/www.accuratereviews.com\\\/it\\\/?s={search_term_string}\"},\"query-input\":{\"@type\":\"PropertyValueSpecification\",\"valueRequired\":true,\"valueName\":\"search_term_string\"}}],\"inLanguage\":\"it-IT\"}]}<\/script>\n<!-- \/ Yoast SEO plugin. -->","yoast_head_json":{"title":"Gooddata: recensione software Business Intelligence- Accurate Reviews","description":"GoodData: recensione software di Business Intelligence\u00a0che fornisce analisi avanzate per le aziende per creare nuovi flussi di entrate.","robots":{"index":"index","follow":"follow","max-snippet":"max-snippet:-1","max-image-preview":"max-image-preview:large","max-video-preview":"max-video-preview:-1"},"canonical":"https:\/\/www.accuratereviews.com\/it\/business-intelligence\/gooddata-recensione\/","og_locale":"it_IT","og_type":"article","og_title":"Gooddata: recensione software Business Intelligence- Accurate Reviews","og_description":"GoodData: recensione software di Business Intelligence\u00a0che fornisce analisi avanzate per le aziende per creare nuovi flussi di entrate.","og_url":"https:\/\/www.accuratereviews.com\/it\/business-intelligence\/gooddata-recensione\/","og_site_name":"Accurate Reviews","article_modified_time":"2021-05-18T14:50:36+00:00","og_image":[{"width":900,"height":500,"url":"https:\/\/www.accuratereviews.com\/wp-content\/uploads\/2020\/01\/gooddata-logo.png","type":"image\/png"}],"twitter_card":"summary_large_image","twitter_misc":{"Tempo di lettura stimato":"2 minuti"},"schema":{"@context":"https:\/\/schema.org","@graph":[{"@type":"WebPage","@id":"https:\/\/www.accuratereviews.com\/it\/business-intelligence\/gooddata-recensione\/","url":"https:\/\/www.accuratereviews.com\/it\/business-intelligence\/gooddata-recensione\/","name":"Gooddata: recensione software Business Intelligence- Accurate Reviews","isPartOf":{"@id":"https:\/\/www.accuratereviews.com\/it\/#website"},"primaryImageOfPage":{"@id":"https:\/\/www.accuratereviews.com\/it\/business-intelligence\/gooddata-recensione\/#primaryimage"},"image":{"@id":"https:\/\/www.accuratereviews.com\/it\/business-intelligence\/gooddata-recensione\/#primaryimage"},"thumbnailUrl":"https:\/\/www.accuratereviews.com\/wp-content\/uploads\/2020\/01\/gooddata-logo.png","datePublished":"2020-01-10T17:11:56+00:00","dateModified":"2021-05-18T14:50:36+00:00","description":"GoodData: recensione software di Business Intelligence\u00a0che fornisce analisi avanzate per le aziende per creare nuovi flussi di entrate.","breadcrumb":{"@id":"https:\/\/www.accuratereviews.com\/it\/business-intelligence\/gooddata-recensione\/#breadcrumb"},"inLanguage":"it-IT","potentialAction":[{"@type":"ReadAction","target":["https:\/\/www.accuratereviews.com\/it\/business-intelligence\/gooddata-recensione\/"]}]},{"@type":"ImageObject","inLanguage":"it-IT","@id":"https:\/\/www.accuratereviews.com\/it\/business-intelligence\/gooddata-recensione\/#primaryimage","url":"https:\/\/www.accuratereviews.com\/wp-content\/uploads\/2020\/01\/gooddata-logo.png","contentUrl":"https:\/\/www.accuratereviews.com\/wp-content\/uploads\/2020\/01\/gooddata-logo.png","width":900,"height":500},{"@type":"BreadcrumbList","@id":"https:\/\/www.accuratereviews.com\/it\/business-intelligence\/gooddata-recensione\/#breadcrumb","itemListElement":[{"@type":"ListItem","position":1,"name":"Home","item":"https:\/\/www.accuratereviews.com\/it\/"},{"@type":"ListItem","position":2,"name":"Business intelligence","item":"https:\/\/www.accuratereviews.com\/it\/business-intelligence\/"},{"@type":"ListItem","position":3,"name":"GoodData"}]},{"@type":"WebSite","@id":"https:\/\/www.accuratereviews.com\/it\/#website","url":"https:\/\/www.accuratereviews.com\/it\/","name":"Accurate Reviews","description":"","potentialAction":[{"@type":"SearchAction","target":{"@type":"EntryPoint","urlTemplate":"https:\/\/www.accuratereviews.com\/it\/?s={search_term_string}"},"query-input":{"@type":"PropertyValueSpecification","valueRequired":true,"valueName":"search_term_string"}}],"inLanguage":"it-IT"}]}},"_links":{"self":[{"href":"https:\/\/www.accuratereviews.com\/it\/wp-json\/wp\/v2\/pages\/21973","targetHints":{"allow":["GET"]}}],"collection":[{"href":"https:\/\/www.accuratereviews.com\/it\/wp-json\/wp\/v2\/pages"}],"about":[{"href":"https:\/\/www.accuratereviews.com\/it\/wp-json\/wp\/v2\/types\/page"}],"author":[{"embeddable":true,"href":"https:\/\/www.accuratereviews.com\/it\/wp-json\/wp\/v2\/users\/19"}],"replies":[{"embeddable":true,"href":"https:\/\/www.accuratereviews.com\/it\/wp-json\/wp\/v2\/comments?post=21973"}],"version-history":[{"count":6,"href":"https:\/\/www.accuratereviews.com\/it\/wp-json\/wp\/v2\/pages\/21973\/revisions"}],"predecessor-version":[{"id":42932,"href":"https:\/\/www.accuratereviews.com\/it\/wp-json\/wp\/v2\/pages\/21973\/revisions\/42932"}],"up":[{"embeddable":true,"href":"https:\/\/www.accuratereviews.com\/it\/wp-json\/wp\/v2\/pages\/32646"}],"wp:featuredmedia":[{"embeddable":true,"href":"https:\/\/www.accuratereviews.com\/it\/wp-json\/wp\/v2\/media\/21974"}],"wp:attachment":[{"href":"https:\/\/www.accuratereviews.com\/it\/wp-json\/wp\/v2\/media?parent=21973"}],"wp:term":[{"taxonomy":"category","embeddable":true,"href":"https:\/\/www.accuratereviews.com\/it\/wp-json\/wp\/v2\/categories?post=21973"},{"taxonomy":"post_tag","embeddable":true,"href":"https:\/\/www.accuratereviews.com\/it\/wp-json\/wp\/v2\/tags?post=21973"},{"taxonomy":"features","embeddable":true,"href":"https:\/\/www.accuratereviews.com\/it\/wp-json\/wp\/v2\/features?post=21973"}],"curies":[{"name":"wp","href":"https:\/\/api.w.org\/{rel}","templated":true}]}}