{"id":21987,"date":"2020-01-10T17:13:03","date_gmt":"2020-01-10T17:13:03","guid":{"rendered":"https:\/\/www.accuratereviews.com\/?page_id=21987"},"modified":"2021-05-14T15:30:18","modified_gmt":"2021-05-14T15:30:18","slug":"datapine-recensione","status":"publish","type":"page","link":"https:\/\/www.accuratereviews.com\/it\/business-intelligence\/datapine-recensione\/","title":{"rendered":"Datapine"},"content":{"rendered":"<p><strong>Datapine<\/strong> \u00e8 una <strong>soluzione Business Intelligence<\/strong> che ti fornisce una piattaforma per collegare ogni origine dati della tua azienda e di metterli tutti in un&#8217;unica posizione. Grazie alla sua capacit\u00e0 di integrazione dei dati intuitiva, anche gli utenti non tecnici sono in grado di utilizzare il software e analizzare i dati senza sforzo tramite diverse connessioni dati.\u00a0Con questo programma, puoi collegare il tuo data warehouse a molte origini dati, inclusi canali di social media, API, CRM, ERP e altri sistemi aziendali. Le\u00a0moderni dashboards aziendali di <strong>Datapine<\/strong> sono dotati di funzionalit\u00e0 all&#8217;avanguardia che mostrano i livelli di dati, offrendoti un&#8217;immagine nitida della tua attivit\u00e0 in modo che tu sappia cosa fare dopo. Tutti gli utenti possono accedere ai propri dati e generare splendide visualizzazioni che sono facili da comprendere e su cui agire.<\/p>\n<h2>DATAPINE &#8211; TUTORIAL<\/h2>\n<p>Con questo tutorial imparerai a\u00a0impostare gli avvisi sui dati e prendi il pieno controllo dei<strong> tuoi KPI<\/strong> per farti sapere non appena accade qualcosa di importante.<\/p>\n<div id=\"fluid-wrapper-counter-1\" class=\"g1-fluid-wrapper \" style=\"width:686px;\">\n<div style=\"padding-bottom:56.268221574344%;\"><iframe loading=\"lazy\" title=\"Intelligent Data Alarms Tutorial (2019) | datapine\" width=\"686\" height=\"386\" src=\"https:\/\/www.youtube.com\/embed\/pHvavzy2_7Y?feature=oembed&amp;wmode=transparent&amp;autohide=1&amp;autoplay=0&amp;disablekb=0&amp;fs=1&amp;loop=0&amp;enablejsapi=1&amp;rel=0&amp;controls=2&amp;showinfo=0&amp;wmode=transparent&amp;autohide=2&amp;autoplay=0&amp;disablekb=0&amp;fs=1&amp;loop=0&amp;enablejsapi=1&amp;rel=0&amp;controls=2&amp;showinfo=1\" frameborder=\"0\" allow=\"accelerometer; autoplay; clipboard-write; encrypted-media; gyroscope; picture-in-picture\" allowfullscreen><\/iframe><\/div>\n<\/div>\n<h3>DATAPINE &#8211; CARATTERISTICHE<\/h3>\n<ul>\n<li><strong>Utilizzabile ovunque<\/strong>: questa soluzione di business intelligenceoffre una grande flessibilit\u00e0 in quanto pu\u00f2 essere utilizzata da qualsiasi luogo in cui sia presente una connessione Internet. Si carica direttamente sul browser, quindi non \u00e8 necessario installare alcun software. Con funzionalit\u00e0 aggiuntive, tuttavia, pu\u00f2 essere utilizzato anche su numerosi dispositivi tra cui tablet, telefoni cellulari, laptop e desktop in una variet\u00e0 di diversi sistemi operativi e app. Questo tipo di scalabilit\u00e0 e flessibilit\u00e0 offre alle aziende l&#8217;opportunit\u00e0 di eliminare costose installazioni interne e manutenzione del software<\/li>\n<li><strong>Interfaccia <\/strong><b>Drag-and-drop<\/b>: la caratteristica principale che rende gli strumenti SaaS BI cos\u00ec sorprendenti e facili \u00e8 la sua interfaccia di trascinamento della selezione intuitiva, che consente agli utenti di scegliere letteralmente da una serie di opzioni per disporli e organizzarli come preferiscono<\/li>\n<li><strong>Integrazione rapida<\/strong>: gli strumenti di BI self-service possono essere configurati e pronti all&#8217;uso in meno di 10 minuti. Inoltre, con strumenti moderni hai la possibilit\u00e0 di connettere una vasta gamma di database (MySQL, SQLServer, Oracle, Maria DB, PostgreSQL, Heroku, Amazon Aurora ecc.) Nonch\u00e9 file flat, analisi di marketing, piattaforme social, CRM- o Sistemi ERP e combinare tutti i dati in un&#8217;unica posizione centralizzata<\/li>\n<li><strong>Collaborazione<\/strong>: promuovi la collaborazione all&#8217;interno dei tuoi team garantendo ai tuoi colleghi l&#8217;accesso a dashboard e report e lavorando insieme su di essi<\/li>\n<li><strong>Informazioni<\/strong>: con un software KPI professionale \u00e8 possibile compilare incredibili risultati di analisi come grafici interattivi e dashboard, inviandoli automaticamente ai destinatari selezionati. \u00c8 possibile condividere i report del dashboard selezionando il formato in cui si desidera inviarli (PDF, XLS, PNG) e impostare una data pianificata in cui i destinatari riceveranno sempre un&#8217;e-mail con la versione aggiornata dei report.<\/li>\n<\/ul>\n<h4>LE RECENSIONI DEGLI UTENTI<\/h4>\n<h4>Carlo C &#8220;Approfondimenti attuabili per le risorse umane&#8221;<\/h4>\n<p><strong>Vantaggi<\/strong>: lavorare nelle risorse umane significa utilizzare vari canali per supportare i dipendenti interni e assumere i migliori candidati possibili. Avevamo bisogno di un potente strumento in grado di mettere tutti i nostri dati sotto un unico tetto e fornirci informazioni aggiornate e preziose. Abbiamo impostato 2 processi fondamentali: creazione di dashboard live e report automatizzati. Non sono un analista ma la facilit\u00e0 d&#8217;uso mi ha fatto credere di esserlo davvero! La creazione, ad esempio, di una dashboard di reclutamento \u00e8 un processo semplice e rapido se si conoscono gli indicatori KPI da implementare e la pianificazione dei report richiede solo pochi clic. Ogni persona del dipartimento ha aumentato la propria produttivit\u00e0 e le nostre riunioni sono ora piene di dati in tempo reale con uno sguardo istantaneo al passato semplicemente facendo clic su una delle loro opzioni del pannello. Per non parlare di quanto tempo abbiamo risparmiato. Consiglio vivamente il datapine.<\/p>\n<p><strong>Inconvenienti<\/strong>: se vuoi guardare la dashboard sul tuo telefonino, devi regolare la vista nella versione desktop.<\/p>\n<h4>Clemens D. &#8220;Ottimo prodotto!&#8221;<\/h4>\n<p><strong>Commenti<\/strong>: All&#8217;inizio il sito web dello strumento era piuttosto lento, ma il servizio migliorava costantemente. In questo momento sono molto felice.<\/p>\n<p><strong>Vantaggi<\/strong>: mi piace l&#8217;usabilit\u00e0 del prodotto. L&#8217;interfaccia utente e la UX sono fantastiche, l&#8217;assistenza clienti \u00e8 buona e stanno lanciando nuove funzionalit\u00e0 abbastanza spesso.<\/p>\n<h4>Mary M. &#8220;Software BI all-in-one per l&#8217;intera azienda&#8221;<\/h4>\n<p><strong>Vantaggi<\/strong>: sono un responsabile della BI in un&#8217;azienda di vendita al dettaglio di medie dimensioni. Abbiamo lottato a lungo per ottenere tutti i nostri dati di vendita al dettaglio (online e offline) in un&#8217;unica piattaforma di analisi centrale, da cui possiamo condividere facilmente i nostri risultati di analisi all&#8217;interno dell&#8217;azienda con diversi dipartimenti (vendite, marketing, servizio clienti, approvvigionamento, ecc.) . Abbiamo provato diverse soluzioni sul mercato e alla fine abbiamo deciso di creare un datapine perch\u00e9 offrono una potente soluzione di analisi, in cui la maggior parte delle funzionalit\u00e0 sono anche facili da usare. Per gli utenti aziendali non tecnici, l&#8217;interfaccia intuitiva di trascinamento della selezione semplifica la visualizzazione dei dati da sola. Ma anche l&#8217;interfaccia del dashboard \u00e8 eccezionale, che offre agli spettatori un sacco di funzioni per dare un&#8217;occhiata pi\u00f9 da vicino ai dati per rispondere a domande aziendali concrete ad hoc. Per gli analisti come me, esiste anche una &#8220;modalit\u00e0 SQL&#8221;, in cui posso scrivere query sul database da solo o semplicemente copiare e incollare quelle esistenti.<br \/>\nInoltre, il datapine offre funzionalit\u00e0 abbastanza moderne come analisi predittiva e avvisi di dati intelligenti. Anche queste funzionalit\u00e0 avanzate sono abbastanza facili da configurare con pochi clic e non \u00e8 necessario creare i propri modelli di dati in quanto \u00e8 possibile sfruttare i loro algoritmi intelligenti basati sull&#8217;apprendimento automatico o sulle reti neurali. Per noi, le loro previsioni e gli avvisi di dati automatizzati erano abbastanza precisi. Questo ci ha aiutato ad automatizzare molti processi di analisi \/ monitoraggio, che sono stati eseguiti manualmente in precedenza.<\/p>\n<p><strong>Inconvenienti<\/strong>: non \u00e8 possibile testare una versione locale (personalizzata) gratuitamente. La loro prova gratuita standard di 14 giorni si riferisce solo alla loro soluzione SaaS.<\/p>\n","protected":false},"excerpt":{"rendered":"<p>Datapine \u00e8 una soluzione Business Intelligence che ti fornisce una piattaforma per collegare ogni origine dati della tua azienda e di metterli tutti in un&#8217;unica posizione. Grazie alla sua capacit\u00e0 di integrazione dei dati intuitiva, anche gli utenti non tecnici sono in grado di utilizzare il software e analizzare i dati senza sforzo tramite diverse connessioni dati.\u00a0<\/p>\n","protected":false},"author":19,"featured_media":21988,"parent":32646,"menu_order":0,"comment_status":"open","ping_status":"closed","template":"g1_template_page_review_new.php","meta":{"_acf_changed":false,"cwp_meta_box_check":"Yes","cwp_rev_product_name":"","cwp_rev_product_image":"","wppr_links":[],"cwp_rev_price":"","wppr_options":[],"wppr_pros":[],"wppr_cons":[],"_monsterinsights_skip_tracking":false,"_monsterinsights_sitenote_active":false,"_monsterinsights_sitenote_note":"","_monsterinsights_sitenote_category":0,"footnotes":""},"categories":[1555],"tags":[1621,1651,1557,1556,1558],"features":[],"class_list":{"0":"post-21987","1":"page","2":"type-page","3":"status-publish","4":"has-post-thumbnail","6":"category-business-intelligence-it","7":"tag-analisi-dati","8":"tag-datapine","9":"tag-programma-business-intelligence","10":"tag-software-business-intelligence","11":"tag-soluzione-business-intelligence"},"wppr_data":{"cwp_meta_box_check":"Yes","cwp_rev_product_name":"","cwp_rev_product_image":"","cwp_image_link":"image","cwp_rev_price":"","wppr_rating":"0.00"},"acf":[],"yoast_head":"<!-- This site is optimized with the Yoast SEO plugin v27.4 - https:\/\/yoast.com\/product\/yoast-seo-wordpress\/ -->\n<title>Datapine: recensione software Business Intelligence - Accurate Reviews<\/title>\n<meta name=\"description\" content=\"Datapine: recensione soluzione Business Intelligence che aiuta le aziende a comprendere i propri dati e a scoprire approfondimenti di qualit\u00e0.\" \/>\n<meta name=\"robots\" content=\"index, follow, max-snippet:-1, max-image-preview:large, max-video-preview:-1\" \/>\n<link rel=\"canonical\" href=\"https:\/\/www.accuratereviews.com\/it\/business-intelligence\/datapine-recensione\/\" \/>\n<meta property=\"og:locale\" content=\"it_IT\" \/>\n<meta property=\"og:type\" content=\"article\" \/>\n<meta property=\"og:title\" content=\"Datapine: recensione software Business Intelligence - Accurate Reviews\" \/>\n<meta property=\"og:description\" content=\"Datapine: recensione soluzione Business Intelligence che aiuta le aziende a comprendere i propri dati e a scoprire approfondimenti di qualit\u00e0.\" \/>\n<meta property=\"og:url\" content=\"https:\/\/www.accuratereviews.com\/it\/business-intelligence\/datapine-recensione\/\" \/>\n<meta property=\"og:site_name\" content=\"Accurate Reviews\" \/>\n<meta property=\"article:modified_time\" content=\"2021-05-14T15:30:18+00:00\" \/>\n<meta property=\"og:image\" content=\"https:\/\/www.accuratereviews.com\/wp-content\/uploads\/2020\/01\/datapine_logo.jpg\" \/>\n\t<meta property=\"og:image:width\" content=\"800\" \/>\n\t<meta property=\"og:image:height\" content=\"400\" \/>\n\t<meta property=\"og:image:type\" content=\"image\/jpeg\" \/>\n<meta name=\"twitter:card\" content=\"summary_large_image\" \/>\n<meta name=\"twitter:label1\" content=\"Tempo di lettura stimato\" \/>\n\t<meta name=\"twitter:data1\" content=\"5 minuti\" \/>\n<script type=\"application\/ld+json\" class=\"yoast-schema-graph\">{\"@context\":\"https:\\\/\\\/schema.org\",\"@graph\":[{\"@type\":\"WebPage\",\"@id\":\"https:\\\/\\\/www.accuratereviews.com\\\/it\\\/business-intelligence\\\/datapine-recensione\\\/\",\"url\":\"https:\\\/\\\/www.accuratereviews.com\\\/it\\\/business-intelligence\\\/datapine-recensione\\\/\",\"name\":\"Datapine: recensione software Business Intelligence - Accurate Reviews\",\"isPartOf\":{\"@id\":\"https:\\\/\\\/www.accuratereviews.com\\\/it\\\/#website\"},\"primaryImageOfPage\":{\"@id\":\"https:\\\/\\\/www.accuratereviews.com\\\/it\\\/business-intelligence\\\/datapine-recensione\\\/#primaryimage\"},\"image\":{\"@id\":\"https:\\\/\\\/www.accuratereviews.com\\\/it\\\/business-intelligence\\\/datapine-recensione\\\/#primaryimage\"},\"thumbnailUrl\":\"https:\\\/\\\/www.accuratereviews.com\\\/wp-content\\\/uploads\\\/2020\\\/01\\\/datapine_logo.jpg\",\"datePublished\":\"2020-01-10T17:13:03+00:00\",\"dateModified\":\"2021-05-14T15:30:18+00:00\",\"description\":\"Datapine: recensione soluzione Business Intelligence che aiuta le aziende a comprendere i propri dati e a scoprire approfondimenti di qualit\u00e0.\",\"breadcrumb\":{\"@id\":\"https:\\\/\\\/www.accuratereviews.com\\\/it\\\/business-intelligence\\\/datapine-recensione\\\/#breadcrumb\"},\"inLanguage\":\"it-IT\",\"potentialAction\":[{\"@type\":\"ReadAction\",\"target\":[\"https:\\\/\\\/www.accuratereviews.com\\\/it\\\/business-intelligence\\\/datapine-recensione\\\/\"]}]},{\"@type\":\"ImageObject\",\"inLanguage\":\"it-IT\",\"@id\":\"https:\\\/\\\/www.accuratereviews.com\\\/it\\\/business-intelligence\\\/datapine-recensione\\\/#primaryimage\",\"url\":\"https:\\\/\\\/www.accuratereviews.com\\\/wp-content\\\/uploads\\\/2020\\\/01\\\/datapine_logo.jpg\",\"contentUrl\":\"https:\\\/\\\/www.accuratereviews.com\\\/wp-content\\\/uploads\\\/2020\\\/01\\\/datapine_logo.jpg\",\"width\":800,\"height\":400},{\"@type\":\"BreadcrumbList\",\"@id\":\"https:\\\/\\\/www.accuratereviews.com\\\/it\\\/business-intelligence\\\/datapine-recensione\\\/#breadcrumb\",\"itemListElement\":[{\"@type\":\"ListItem\",\"position\":1,\"name\":\"Home\",\"item\":\"https:\\\/\\\/www.accuratereviews.com\\\/it\\\/\"},{\"@type\":\"ListItem\",\"position\":2,\"name\":\"Business intelligence\",\"item\":\"https:\\\/\\\/www.accuratereviews.com\\\/it\\\/business-intelligence\\\/\"},{\"@type\":\"ListItem\",\"position\":3,\"name\":\"Datapine\"}]},{\"@type\":\"WebSite\",\"@id\":\"https:\\\/\\\/www.accuratereviews.com\\\/it\\\/#website\",\"url\":\"https:\\\/\\\/www.accuratereviews.com\\\/it\\\/\",\"name\":\"Accurate Reviews\",\"description\":\"\",\"potentialAction\":[{\"@type\":\"SearchAction\",\"target\":{\"@type\":\"EntryPoint\",\"urlTemplate\":\"https:\\\/\\\/www.accuratereviews.com\\\/it\\\/?s={search_term_string}\"},\"query-input\":{\"@type\":\"PropertyValueSpecification\",\"valueRequired\":true,\"valueName\":\"search_term_string\"}}],\"inLanguage\":\"it-IT\"}]}<\/script>\n<!-- \/ Yoast SEO plugin. -->","yoast_head_json":{"title":"Datapine: recensione software Business Intelligence - Accurate Reviews","description":"Datapine: recensione soluzione Business Intelligence che aiuta le aziende a comprendere i propri dati e a scoprire approfondimenti di qualit\u00e0.","robots":{"index":"index","follow":"follow","max-snippet":"max-snippet:-1","max-image-preview":"max-image-preview:large","max-video-preview":"max-video-preview:-1"},"canonical":"https:\/\/www.accuratereviews.com\/it\/business-intelligence\/datapine-recensione\/","og_locale":"it_IT","og_type":"article","og_title":"Datapine: recensione software Business Intelligence - Accurate Reviews","og_description":"Datapine: recensione soluzione Business Intelligence che aiuta le aziende a comprendere i propri dati e a scoprire approfondimenti di qualit\u00e0.","og_url":"https:\/\/www.accuratereviews.com\/it\/business-intelligence\/datapine-recensione\/","og_site_name":"Accurate Reviews","article_modified_time":"2021-05-14T15:30:18+00:00","og_image":[{"width":800,"height":400,"url":"https:\/\/www.accuratereviews.com\/wp-content\/uploads\/2020\/01\/datapine_logo.jpg","type":"image\/jpeg"}],"twitter_card":"summary_large_image","twitter_misc":{"Tempo di lettura stimato":"5 minuti"},"schema":{"@context":"https:\/\/schema.org","@graph":[{"@type":"WebPage","@id":"https:\/\/www.accuratereviews.com\/it\/business-intelligence\/datapine-recensione\/","url":"https:\/\/www.accuratereviews.com\/it\/business-intelligence\/datapine-recensione\/","name":"Datapine: recensione software Business Intelligence - Accurate Reviews","isPartOf":{"@id":"https:\/\/www.accuratereviews.com\/it\/#website"},"primaryImageOfPage":{"@id":"https:\/\/www.accuratereviews.com\/it\/business-intelligence\/datapine-recensione\/#primaryimage"},"image":{"@id":"https:\/\/www.accuratereviews.com\/it\/business-intelligence\/datapine-recensione\/#primaryimage"},"thumbnailUrl":"https:\/\/www.accuratereviews.com\/wp-content\/uploads\/2020\/01\/datapine_logo.jpg","datePublished":"2020-01-10T17:13:03+00:00","dateModified":"2021-05-14T15:30:18+00:00","description":"Datapine: recensione soluzione Business Intelligence che aiuta le aziende a comprendere i propri dati e a scoprire approfondimenti di qualit\u00e0.","breadcrumb":{"@id":"https:\/\/www.accuratereviews.com\/it\/business-intelligence\/datapine-recensione\/#breadcrumb"},"inLanguage":"it-IT","potentialAction":[{"@type":"ReadAction","target":["https:\/\/www.accuratereviews.com\/it\/business-intelligence\/datapine-recensione\/"]}]},{"@type":"ImageObject","inLanguage":"it-IT","@id":"https:\/\/www.accuratereviews.com\/it\/business-intelligence\/datapine-recensione\/#primaryimage","url":"https:\/\/www.accuratereviews.com\/wp-content\/uploads\/2020\/01\/datapine_logo.jpg","contentUrl":"https:\/\/www.accuratereviews.com\/wp-content\/uploads\/2020\/01\/datapine_logo.jpg","width":800,"height":400},{"@type":"BreadcrumbList","@id":"https:\/\/www.accuratereviews.com\/it\/business-intelligence\/datapine-recensione\/#breadcrumb","itemListElement":[{"@type":"ListItem","position":1,"name":"Home","item":"https:\/\/www.accuratereviews.com\/it\/"},{"@type":"ListItem","position":2,"name":"Business intelligence","item":"https:\/\/www.accuratereviews.com\/it\/business-intelligence\/"},{"@type":"ListItem","position":3,"name":"Datapine"}]},{"@type":"WebSite","@id":"https:\/\/www.accuratereviews.com\/it\/#website","url":"https:\/\/www.accuratereviews.com\/it\/","name":"Accurate Reviews","description":"","potentialAction":[{"@type":"SearchAction","target":{"@type":"EntryPoint","urlTemplate":"https:\/\/www.accuratereviews.com\/it\/?s={search_term_string}"},"query-input":{"@type":"PropertyValueSpecification","valueRequired":true,"valueName":"search_term_string"}}],"inLanguage":"it-IT"}]}},"_links":{"self":[{"href":"https:\/\/www.accuratereviews.com\/it\/wp-json\/wp\/v2\/pages\/21987","targetHints":{"allow":["GET"]}}],"collection":[{"href":"https:\/\/www.accuratereviews.com\/it\/wp-json\/wp\/v2\/pages"}],"about":[{"href":"https:\/\/www.accuratereviews.com\/it\/wp-json\/wp\/v2\/types\/page"}],"author":[{"embeddable":true,"href":"https:\/\/www.accuratereviews.com\/it\/wp-json\/wp\/v2\/users\/19"}],"replies":[{"embeddable":true,"href":"https:\/\/www.accuratereviews.com\/it\/wp-json\/wp\/v2\/comments?post=21987"}],"version-history":[{"count":10,"href":"https:\/\/www.accuratereviews.com\/it\/wp-json\/wp\/v2\/pages\/21987\/revisions"}],"predecessor-version":[{"id":42731,"href":"https:\/\/www.accuratereviews.com\/it\/wp-json\/wp\/v2\/pages\/21987\/revisions\/42731"}],"up":[{"embeddable":true,"href":"https:\/\/www.accuratereviews.com\/it\/wp-json\/wp\/v2\/pages\/32646"}],"wp:featuredmedia":[{"embeddable":true,"href":"https:\/\/www.accuratereviews.com\/it\/wp-json\/wp\/v2\/media\/21988"}],"wp:attachment":[{"href":"https:\/\/www.accuratereviews.com\/it\/wp-json\/wp\/v2\/media?parent=21987"}],"wp:term":[{"taxonomy":"category","embeddable":true,"href":"https:\/\/www.accuratereviews.com\/it\/wp-json\/wp\/v2\/categories?post=21987"},{"taxonomy":"post_tag","embeddable":true,"href":"https:\/\/www.accuratereviews.com\/it\/wp-json\/wp\/v2\/tags?post=21987"},{"taxonomy":"features","embeddable":true,"href":"https:\/\/www.accuratereviews.com\/it\/wp-json\/wp\/v2\/features?post=21987"}],"curies":[{"name":"wp","href":"https:\/\/api.w.org\/{rel}","templated":true}]}}