{"id":21992,"date":"2020-01-10T17:11:03","date_gmt":"2020-01-10T17:11:03","guid":{"rendered":"https:\/\/www.accuratereviews.com\/?page_id=21992"},"modified":"2021-05-27T13:36:33","modified_gmt":"2021-05-27T13:36:33","slug":"splashbi-recensione","status":"publish","type":"page","link":"https:\/\/www.accuratereviews.com\/it\/business-intelligence\/splashbi-recensione\/","title":{"rendered":"SplashBI"},"content":{"rendered":"<p><strong>SplashBI<\/strong> \u00e8 un<strong> software di business intelligence<\/strong> rivolto a organizzazioni di qualsiasi tipo e livello con l&#8217;obiettivo di offrire dati pi\u00f9 accurati che permettano di prendere decisioni migliori. L&#8217;<strong>accesso ai dati<\/strong> in tempo reale \u00e8 facile e diretto e ti fornire un quadro pi\u00f9 completo della tua azienda poich\u00e9 combina dati provenienti da sistemi diversi. Dispone di uno <strong>strumento di reportistica e analisi self-service<\/strong> davvero funzionale che ti aiuta a porre le giuste domande sui dati per generare le intuizioni necessarie per far progredire il business. In questo modo potrai<strong> ottimizzare e migliorare le prestazioni lavorative<\/strong> raggiungendo un discreto successo senza per\u00f2 perdere tempo.<\/p>\n<h2>SPLASH BI &#8211; TUTORIAL<\/h2>\n<p>Diamo uno sguardo a questo breve video per comprendere qualcosa di pi\u00f9:<\/p>\n<div id=\"fluid-wrapper-counter-1\" class=\"g1-fluid-wrapper \" style=\"width:686px;\">\n<div style=\"padding-bottom:56.268221574344%;\"><iframe loading=\"lazy\" title=\"Ad-Hoc Your Report...With Ease!!!\" width=\"686\" height=\"386\" src=\"https:\/\/www.youtube.com\/embed\/VW5Gsw2L6A0?feature=oembed&amp;wmode=transparent&amp;autohide=1&amp;autoplay=0&amp;disablekb=0&amp;fs=1&amp;loop=0&amp;enablejsapi=1&amp;rel=0&amp;controls=2&amp;showinfo=0&amp;wmode=transparent&amp;autohide=2&amp;autoplay=0&amp;disablekb=0&amp;fs=1&amp;loop=0&amp;enablejsapi=1&amp;rel=0&amp;controls=2&amp;showinfo=1\" frameborder=\"0\" allow=\"accelerometer; autoplay; clipboard-write; encrypted-media; gyroscope; picture-in-picture\" allowfullscreen><\/iframe><\/div>\n<\/div>\n<h3>SPLASHBI &#8211; CARATTERISTICHE<\/h3>\n<p>Ecco le sue principali caratteristiche:<\/p>\n<ul>\n<li><strong>Connessione di dati provenienti da diverse fonti<\/strong>: connettiti a qualsiasi fonte di dati, mescolando i tuoi dati e trovando informazioni e tendenze nascoste sia dai tuoi consumatori che dalla tua azienda<\/li>\n<li><strong>Dashboard di visualizzazione<\/strong>: ottieni il quadro generale con oltre 100 diversi tipi di grafici e presentali in dashboard personalizzati, puliti e moderni<\/li>\n<li><strong>Sistema di analisi self-service<\/strong>: prendi decisioni basate sui dati con sicurezza in base ai tuoi solidi modelli di dati<\/li>\n<li><strong>Sistema di reportistica<\/strong>: crea report ad hoc in pi\u00f9 formati di output in cima al tuo modello di dati cross-app per ottenere risposte alle tue domande aziendali.<\/li>\n<\/ul>\n<h3>LE RECENSIONI DEGLI UTENTI<\/h3>\n<p><strong>&#8220;Hai il controllo!&#8221;<\/strong><br \/>\nIN GENERALE: il team con cui abbiamo lavorato \u00e8 molto professionale e pronto ad aiutare in ogni modo necessario.<br \/>\nQuando abbiamo aperto i biglietti dell&#8217;help desk, questi sono stati rivisti e risolti in modo tempestivo. Alcuni biglietti erano problemi di allenamento e altri avevano bisogno di patch applicate. Il team \u00e8 sempre l\u00ec per aiutarci.<br \/>\nPRO: Non sono lo scrittore di report pi\u00f9 esperto, ma SplashBi rende cos\u00ec semplice creare o modificare un report. Non \u00e8 necessario visitare il sito con uno sviluppatore e sperare che il report venga fatto in modo tempestivo. Hai il controllo per creare il report nel tuo intervallo di tempo.<br \/>\n\u00c8 stato cos\u00ec facile prendere i nostri report Reporter e spostarli in SplashBI insieme a tutti i report sql che eseguiamo.<br \/>\nCONTRO: Partecipare ai tavoli \u00e8 ancora qualcosa in cui faccio fatica. Soprattutto perch\u00e9 non ho avuto il tempo di imparare a farlo.<\/p>\n<p><strong>&#8220;Passare da Discoverer a SplashBI per le nostre esigenze di reporting \u00e8 stata una delle migliori decisioni che abbiamo preso.&#8221;<\/strong><br \/>\nPRO: \u00e8 facile da usare, consente una maggiore flessibilit\u00e0 rispetto ad altri strumenti, \u00e8 possibile utilizzare i report seed predefiniti o crearne di completamente personalizzati, inoltre mi piace molto la possibilit\u00e0 di pianificare report che richiedono pianificazioni complesse.<br \/>\nCONTRO: La formattazione dei report con i caratteri non \u00e8 cos\u00ec semplice ma sono disponibili soluzioni alternative. Si sono verificati alcuni bug di pianificazione, ma il team di supporto \u00e8 stato pronto nell&#8217;offrire soluzioni per questo.<\/p>\n<p><strong>&#8220;Molto soddisfatto del modo in cui questo strumento ci ha permesso di costruire dashboard in tutta l&#8217;azienda&#8221;<\/strong><br \/>\nIN GENERALE: questo prodotto ci ha permesso di creare facilmente dashboard per varie parti dell&#8217;organizzazione. Offrire all&#8217;utente una rappresentazione grafica dei dati semplifica la comprensione delle informazioni e aiuta i processi decisionali<br \/>\nPRO: la possibilit\u00e0 di accedere ai dati da varie origini dati ci consente di consolidare i report in un unico strumento e avere accesso ai dati provenienti da varie fonti sulla stessa dashboard. Ci\u00f2 \u00e8 estremamente utile quando si creano dashboard per la gestione superiore.<br \/>\nCONTRO: Ancora nessun connettore per permetterti di accedere ai dati in Essbase che hanno detto essere stati nella loro lista per lo sviluppo.<\/p>\n","protected":false},"excerpt":{"rendered":"<p>SplashBI \u00e8 un software di business intelligence rivolto a organizzazioni di qualsiasi tipo e livello con l&#8217;obiettivo di offrire dati pi\u00f9 accurati che permettano di prendere decisioni migliori. L&#8217;accesso ai dati in tempo reale \u00e8 facile e diretto e ti fornire un quadro pi\u00f9 completo della tua azienda poich\u00e9 combina dati provenienti da sistemi diversi.<\/p>\n","protected":false},"author":17,"featured_media":21994,"parent":32646,"menu_order":0,"comment_status":"open","ping_status":"closed","template":"g1_template_page_review_new.php","meta":{"_acf_changed":false,"cwp_meta_box_check":"Yes","cwp_rev_product_name":"","cwp_rev_product_image":"","wppr_links":[],"cwp_rev_price":"","wppr_options":[],"wppr_pros":[],"wppr_cons":[],"_monsterinsights_skip_tracking":false,"_monsterinsights_sitenote_active":false,"_monsterinsights_sitenote_note":"","_monsterinsights_sitenote_category":0,"footnotes":""},"categories":[1555],"tags":[1561,1565,1564,998,1521],"features":[],"class_list":{"0":"post-21992","1":"page","2":"type-page","3":"status-publish","4":"has-post-thumbnail","6":"category-business-intelligence-it","7":"tag-bi","8":"tag-business-intelligence","9":"tag-business-intelligence-software","10":"tag-intelligenza-artificiale","11":"tag-piattaforma-di-business-intelligence"},"wppr_data":{"cwp_meta_box_check":"Yes","cwp_rev_product_name":"","cwp_rev_product_image":"","cwp_image_link":"image","cwp_rev_price":"","wppr_rating":"0.00"},"acf":[],"yoast_head":"<!-- This site is optimized with the Yoast SEO plugin v27.4 - https:\/\/yoast.com\/product\/yoast-seo-wordpress\/ -->\n<title>SplashBI: recensione business intelligence software - Accurate Reviews<\/title>\n<meta name=\"description\" content=\"SplashBI: recensione del software di business intelligence rivolto a organizzazioni di qualsiasi tipo e livello con l&#039;obiettivo di offrire dati accurati.\" \/>\n<meta name=\"robots\" content=\"index, follow, max-snippet:-1, max-image-preview:large, max-video-preview:-1\" \/>\n<link rel=\"canonical\" href=\"https:\/\/www.accuratereviews.com\/it\/business-intelligence\/splashbi-recensione\/\" \/>\n<meta property=\"og:locale\" content=\"it_IT\" \/>\n<meta property=\"og:type\" content=\"article\" \/>\n<meta property=\"og:title\" content=\"SplashBI: recensione business intelligence software - Accurate Reviews\" \/>\n<meta property=\"og:description\" content=\"SplashBI: recensione del software di business intelligence rivolto a organizzazioni di qualsiasi tipo e livello con l&#039;obiettivo di offrire dati accurati.\" \/>\n<meta property=\"og:url\" content=\"https:\/\/www.accuratereviews.com\/it\/business-intelligence\/splashbi-recensione\/\" \/>\n<meta property=\"og:site_name\" content=\"Accurate Reviews\" \/>\n<meta property=\"article:modified_time\" content=\"2021-05-27T13:36:33+00:00\" \/>\n<meta property=\"og:image\" content=\"https:\/\/www.accuratereviews.com\/wp-content\/uploads\/2020\/01\/logo.jpg\" \/>\n\t<meta property=\"og:image:width\" content=\"1109\" \/>\n\t<meta property=\"og:image:height\" content=\"267\" \/>\n\t<meta property=\"og:image:type\" content=\"image\/jpeg\" \/>\n<meta name=\"twitter:card\" content=\"summary_large_image\" \/>\n<meta name=\"twitter:label1\" content=\"Tempo di lettura stimato\" \/>\n\t<meta name=\"twitter:data1\" content=\"3 minuti\" \/>\n<script type=\"application\/ld+json\" class=\"yoast-schema-graph\">{\"@context\":\"https:\\\/\\\/schema.org\",\"@graph\":[{\"@type\":\"WebPage\",\"@id\":\"https:\\\/\\\/www.accuratereviews.com\\\/it\\\/business-intelligence\\\/splashbi-recensione\\\/\",\"url\":\"https:\\\/\\\/www.accuratereviews.com\\\/it\\\/business-intelligence\\\/splashbi-recensione\\\/\",\"name\":\"SplashBI: recensione business intelligence software - Accurate Reviews\",\"isPartOf\":{\"@id\":\"https:\\\/\\\/www.accuratereviews.com\\\/it\\\/#website\"},\"primaryImageOfPage\":{\"@id\":\"https:\\\/\\\/www.accuratereviews.com\\\/it\\\/business-intelligence\\\/splashbi-recensione\\\/#primaryimage\"},\"image\":{\"@id\":\"https:\\\/\\\/www.accuratereviews.com\\\/it\\\/business-intelligence\\\/splashbi-recensione\\\/#primaryimage\"},\"thumbnailUrl\":\"https:\\\/\\\/www.accuratereviews.com\\\/wp-content\\\/uploads\\\/2020\\\/01\\\/logo.jpg\",\"datePublished\":\"2020-01-10T17:11:03+00:00\",\"dateModified\":\"2021-05-27T13:36:33+00:00\",\"description\":\"SplashBI: recensione del software di business intelligence rivolto a organizzazioni di qualsiasi tipo e livello con l'obiettivo di offrire dati accurati.\",\"breadcrumb\":{\"@id\":\"https:\\\/\\\/www.accuratereviews.com\\\/it\\\/business-intelligence\\\/splashbi-recensione\\\/#breadcrumb\"},\"inLanguage\":\"it-IT\",\"potentialAction\":[{\"@type\":\"ReadAction\",\"target\":[\"https:\\\/\\\/www.accuratereviews.com\\\/it\\\/business-intelligence\\\/splashbi-recensione\\\/\"]}]},{\"@type\":\"ImageObject\",\"inLanguage\":\"it-IT\",\"@id\":\"https:\\\/\\\/www.accuratereviews.com\\\/it\\\/business-intelligence\\\/splashbi-recensione\\\/#primaryimage\",\"url\":\"https:\\\/\\\/www.accuratereviews.com\\\/wp-content\\\/uploads\\\/2020\\\/01\\\/logo.jpg\",\"contentUrl\":\"https:\\\/\\\/www.accuratereviews.com\\\/wp-content\\\/uploads\\\/2020\\\/01\\\/logo.jpg\",\"width\":1109,\"height\":267},{\"@type\":\"BreadcrumbList\",\"@id\":\"https:\\\/\\\/www.accuratereviews.com\\\/it\\\/business-intelligence\\\/splashbi-recensione\\\/#breadcrumb\",\"itemListElement\":[{\"@type\":\"ListItem\",\"position\":1,\"name\":\"Home\",\"item\":\"https:\\\/\\\/www.accuratereviews.com\\\/it\\\/\"},{\"@type\":\"ListItem\",\"position\":2,\"name\":\"Business intelligence\",\"item\":\"https:\\\/\\\/www.accuratereviews.com\\\/it\\\/business-intelligence\\\/\"},{\"@type\":\"ListItem\",\"position\":3,\"name\":\"SplashBI\"}]},{\"@type\":\"WebSite\",\"@id\":\"https:\\\/\\\/www.accuratereviews.com\\\/it\\\/#website\",\"url\":\"https:\\\/\\\/www.accuratereviews.com\\\/it\\\/\",\"name\":\"Accurate Reviews\",\"description\":\"\",\"potentialAction\":[{\"@type\":\"SearchAction\",\"target\":{\"@type\":\"EntryPoint\",\"urlTemplate\":\"https:\\\/\\\/www.accuratereviews.com\\\/it\\\/?s={search_term_string}\"},\"query-input\":{\"@type\":\"PropertyValueSpecification\",\"valueRequired\":true,\"valueName\":\"search_term_string\"}}],\"inLanguage\":\"it-IT\"}]}<\/script>\n<!-- \/ Yoast SEO plugin. -->","yoast_head_json":{"title":"SplashBI: recensione business intelligence software - Accurate Reviews","description":"SplashBI: recensione del software di business intelligence rivolto a organizzazioni di qualsiasi tipo e livello con l'obiettivo di offrire dati accurati.","robots":{"index":"index","follow":"follow","max-snippet":"max-snippet:-1","max-image-preview":"max-image-preview:large","max-video-preview":"max-video-preview:-1"},"canonical":"https:\/\/www.accuratereviews.com\/it\/business-intelligence\/splashbi-recensione\/","og_locale":"it_IT","og_type":"article","og_title":"SplashBI: recensione business intelligence software - Accurate Reviews","og_description":"SplashBI: recensione del software di business intelligence rivolto a organizzazioni di qualsiasi tipo e livello con l'obiettivo di offrire dati accurati.","og_url":"https:\/\/www.accuratereviews.com\/it\/business-intelligence\/splashbi-recensione\/","og_site_name":"Accurate Reviews","article_modified_time":"2021-05-27T13:36:33+00:00","og_image":[{"width":1109,"height":267,"url":"https:\/\/www.accuratereviews.com\/wp-content\/uploads\/2020\/01\/logo.jpg","type":"image\/jpeg"}],"twitter_card":"summary_large_image","twitter_misc":{"Tempo di lettura stimato":"3 minuti"},"schema":{"@context":"https:\/\/schema.org","@graph":[{"@type":"WebPage","@id":"https:\/\/www.accuratereviews.com\/it\/business-intelligence\/splashbi-recensione\/","url":"https:\/\/www.accuratereviews.com\/it\/business-intelligence\/splashbi-recensione\/","name":"SplashBI: recensione business intelligence software - Accurate Reviews","isPartOf":{"@id":"https:\/\/www.accuratereviews.com\/it\/#website"},"primaryImageOfPage":{"@id":"https:\/\/www.accuratereviews.com\/it\/business-intelligence\/splashbi-recensione\/#primaryimage"},"image":{"@id":"https:\/\/www.accuratereviews.com\/it\/business-intelligence\/splashbi-recensione\/#primaryimage"},"thumbnailUrl":"https:\/\/www.accuratereviews.com\/wp-content\/uploads\/2020\/01\/logo.jpg","datePublished":"2020-01-10T17:11:03+00:00","dateModified":"2021-05-27T13:36:33+00:00","description":"SplashBI: recensione del software di business intelligence rivolto a organizzazioni di qualsiasi tipo e livello con l'obiettivo di offrire dati accurati.","breadcrumb":{"@id":"https:\/\/www.accuratereviews.com\/it\/business-intelligence\/splashbi-recensione\/#breadcrumb"},"inLanguage":"it-IT","potentialAction":[{"@type":"ReadAction","target":["https:\/\/www.accuratereviews.com\/it\/business-intelligence\/splashbi-recensione\/"]}]},{"@type":"ImageObject","inLanguage":"it-IT","@id":"https:\/\/www.accuratereviews.com\/it\/business-intelligence\/splashbi-recensione\/#primaryimage","url":"https:\/\/www.accuratereviews.com\/wp-content\/uploads\/2020\/01\/logo.jpg","contentUrl":"https:\/\/www.accuratereviews.com\/wp-content\/uploads\/2020\/01\/logo.jpg","width":1109,"height":267},{"@type":"BreadcrumbList","@id":"https:\/\/www.accuratereviews.com\/it\/business-intelligence\/splashbi-recensione\/#breadcrumb","itemListElement":[{"@type":"ListItem","position":1,"name":"Home","item":"https:\/\/www.accuratereviews.com\/it\/"},{"@type":"ListItem","position":2,"name":"Business intelligence","item":"https:\/\/www.accuratereviews.com\/it\/business-intelligence\/"},{"@type":"ListItem","position":3,"name":"SplashBI"}]},{"@type":"WebSite","@id":"https:\/\/www.accuratereviews.com\/it\/#website","url":"https:\/\/www.accuratereviews.com\/it\/","name":"Accurate Reviews","description":"","potentialAction":[{"@type":"SearchAction","target":{"@type":"EntryPoint","urlTemplate":"https:\/\/www.accuratereviews.com\/it\/?s={search_term_string}"},"query-input":{"@type":"PropertyValueSpecification","valueRequired":true,"valueName":"search_term_string"}}],"inLanguage":"it-IT"}]}},"_links":{"self":[{"href":"https:\/\/www.accuratereviews.com\/it\/wp-json\/wp\/v2\/pages\/21992","targetHints":{"allow":["GET"]}}],"collection":[{"href":"https:\/\/www.accuratereviews.com\/it\/wp-json\/wp\/v2\/pages"}],"about":[{"href":"https:\/\/www.accuratereviews.com\/it\/wp-json\/wp\/v2\/types\/page"}],"author":[{"embeddable":true,"href":"https:\/\/www.accuratereviews.com\/it\/wp-json\/wp\/v2\/users\/17"}],"replies":[{"embeddable":true,"href":"https:\/\/www.accuratereviews.com\/it\/wp-json\/wp\/v2\/comments?post=21992"}],"version-history":[{"count":5,"href":"https:\/\/www.accuratereviews.com\/it\/wp-json\/wp\/v2\/pages\/21992\/revisions"}],"predecessor-version":[{"id":43443,"href":"https:\/\/www.accuratereviews.com\/it\/wp-json\/wp\/v2\/pages\/21992\/revisions\/43443"}],"up":[{"embeddable":true,"href":"https:\/\/www.accuratereviews.com\/it\/wp-json\/wp\/v2\/pages\/32646"}],"wp:featuredmedia":[{"embeddable":true,"href":"https:\/\/www.accuratereviews.com\/it\/wp-json\/wp\/v2\/media\/21994"}],"wp:attachment":[{"href":"https:\/\/www.accuratereviews.com\/it\/wp-json\/wp\/v2\/media?parent=21992"}],"wp:term":[{"taxonomy":"category","embeddable":true,"href":"https:\/\/www.accuratereviews.com\/it\/wp-json\/wp\/v2\/categories?post=21992"},{"taxonomy":"post_tag","embeddable":true,"href":"https:\/\/www.accuratereviews.com\/it\/wp-json\/wp\/v2\/tags?post=21992"},{"taxonomy":"features","embeddable":true,"href":"https:\/\/www.accuratereviews.com\/it\/wp-json\/wp\/v2\/features?post=21992"}],"curies":[{"name":"wp","href":"https:\/\/api.w.org\/{rel}","templated":true}]}}