{"id":22031,"date":"2020-01-14T13:24:16","date_gmt":"2020-01-14T13:24:16","guid":{"rendered":"https:\/\/www.accuratereviews.com\/?page_id=22031"},"modified":"2020-01-14T13:24:16","modified_gmt":"2020-01-14T13:24:16","slug":"sage-intacct-recensione","status":"publish","type":"page","link":"https:\/\/www.accuratereviews.com\/it\/software-erp-lista-software\/sage-intacct-recensione\/","title":{"rendered":"Sage Intacct"},"content":{"rendered":"<p><strong>Sage Intacct<\/strong> \u00e8 un <strong>software ERP<\/strong> innovativa nella gestione finanziaria. La piattaforma di gestione finanziaria cloud offre una vasta gamma di soluzioni per soddisfare le tue operazioni finanziarie principali. Ci\u00f2 include la gestione della liquidit\u00e0, degli ordini, i debiti e i crediti e la gestione delle spese, e molti altri. Inoltre, ha moduli aggiuntivi per estendere le funzionalit\u00e0 del servizio di cui la tua azienda ha bisogno, indipendentemente dal tuo settore, dai servizi professionali alle societ\u00e0 di contabilit\u00e0 e servizi finanziari. Automatizza i processi in modo efficace in modo da poter amministrare le operazioni quotidiane con maggiore attenzione. Ti consente di agire rapidamente facilitando i cambiamenti con approfondimenti e flessibilit\u00e0.<\/p>\n<h2>SAGE INTACCT &#8211; TUTOTIAL<\/h2>\n<p>Un breve video su come le dashboard possono fornire rapidamente le informazioni chiave con questo <strong>software ERP:<\/strong><\/p>\n<div id=\"fluid-wrapper-counter-1\" class=\"g1-fluid-wrapper \" style=\"width:686px;\">\n<div style=\"padding-bottom:56.268221574344%;\"><iframe loading=\"lazy\" title=\"Quick look at Sage Intacct Dashboards\" width=\"686\" height=\"386\" src=\"https:\/\/www.youtube.com\/embed\/_dq53FZu3Kw?feature=oembed&amp;wmode=transparent&amp;autohide=1&amp;autoplay=0&amp;disablekb=0&amp;fs=1&amp;loop=0&amp;enablejsapi=1&amp;rel=0&amp;controls=2&amp;showinfo=0&amp;wmode=transparent&amp;autohide=2&amp;autoplay=0&amp;disablekb=0&amp;fs=1&amp;loop=0&amp;enablejsapi=1&amp;rel=0&amp;controls=2&amp;showinfo=1\" frameborder=\"0\" allow=\"accelerometer; autoplay; encrypted-media; gyroscope; picture-in-picture\" allowfullscreen><\/iframe><\/div>\n<\/div>\n<h3>SAGE INTACCT &#8211; CARATTERISTICHE<\/h3>\n<ul>\n<li><strong>Acquisto<\/strong>: ottieni velocit\u00e0, accuratezza e visibilit\u00e0 con transazioni strutturate e approvazioni<\/li>\n<li><strong>Crediti<\/strong>: automatizza il processo di fatturazione e riscossione per accelerare il tuo ciclo di cassa<\/li>\n<li><strong>Gestione della liquidit\u00e0<\/strong>: tieni traccia di pi\u00f9 account con visibilit\u00e0 in tempo reale e facili riconciliazioni<\/li>\n<li><strong>Libro mastro<\/strong>: molteplici entit\u00e0, valute, aree geografiche sincronizza tutto in pochi minuti.<\/li>\n<li><strong>Gestione degli ordini:<\/strong> automatizza cicli di quotazione in contanti complessi e ad alto volume e migliora la redditivit\u00e0<\/li>\n<li><strong>Analisi complete<\/strong> con report programmati<\/li>\n<li>Monitora le metriche chiave con <strong>dashboard personalizzabili<\/strong><\/li>\n<\/ul>\n<h4>LE RECENSIONI DEGLI UTENTI<\/h4>\n<h4>Kat P. &#8220;Nel complesso ottimo software per i professionisti della contabilit\u00e0&#8221;<\/h4>\n<p><strong>Commenti<\/strong>: Uno dei problemi principali con alcuni software di contabilit\u00e0 \u00e8 che i report necessari per eseguire analisi, controlli, ecc. Non sono disponibili. L&#8217;ampia personalizzazione dei report di Intacct \u00e8 un&#8217;ottima soluzione a ci\u00f2 che ha portato a un&#8217;esperienza complessiva positiva con il software.<\/p>\n<p><strong>Vantaggi<\/strong>: per quelle aziende e organizzazioni che desiderano aumentare il proprio software di contabilit\u00e0 da Quickbooks (o qualcosa di simile), Sage Intacct \u00e8 un&#8217;ottima soluzione. Sebbene non sia cos\u00ec intuitivo e facile da usare come i sistemi progettati per i professionisti non contabili, Sage Intacct offre una miriade di caratteristiche e funzionalit\u00e0 che \u00e8 il sogno di un professionista della contabilit\u00e0.<br \/>\nUna delle migliori caratteristiche di Intacct \u00e8 il suo sistema di reportistica. Gli utenti possono eseguire qualsiasi report che possano mai sognare, inclusi GL, AP, AR, tempi e spese, immissione ordini, acquisti, ecc. I report non sono solo personalizzabili, ma anche salvabili. Un&#8217;altra grande caratteristica di Intacct \u00e8 che l&#8217;azienda rilascia costantemente aggiornamenti, il che significa che il sistema \u00e8 in continua evoluzione e migliora. Nel complesso, Sage Inacct offre enormi capacit\u00e0 ed \u00e8 ottimo per le organizzazioni che hanno superato i sistemi pi\u00f9 piccoli o che necessitano di una maggiore personalizzazione.<\/p>\n<p><strong>Inconvenienti<\/strong>: per chi \u00e8 abituato a tenere in mano un software come Quickbooks, Sage Intacct pu\u00f2 farti sentire un po? in difficolt\u00e0. Per la maggior parte, presume che chiunque lo stia utilizzando sia un professionista della contabilit\u00e0, in grado di comprendere il funzionamento interno di AP, AR, ecc. Per questo motivo, non consiglierei il sistema a coloro che non hanno familiarit\u00e0 con le procedure contabili e sistemi.<\/p>\n<h4>Jake W. &#8220;Alcune cose noiose, ma molto funzionali&#8221;<\/h4>\n<p><strong>Vantaggi<\/strong>: siamo in grado di eseguire tutte le operazioni di fatturazione tramite questo software. Possiamo personalizzare le nostre fatture, organizzare piani di pagamento e praticamente qualsiasi altra cosa tu possa immaginare per tutto ci\u00f2 che riguarda fatturazione \/ finanza \/ contabilit\u00e0.<\/p>\n<p><strong>Inconvenienti<\/strong>: L&#8217;unico inconveniente di questo software \u00e8 che devi digitare l&#8217;ID cliente in diverse aree per poter accedere a diversi aspetti di un account. Rende le cose un po &#8216;noiose.<\/p>\n<h4>Jason C. &#8220;Nel complesso un ottimo software di contabilit\u00e0 per le organizzazioni!&#8221;<\/h4>\n<p><strong>Commenti<\/strong>: Nel complesso, Sage Intacct semplifica la contabilit\u00e0 collaborativa e consiglierei di gestire il personale con budget multipli.<\/p>\n<p><strong>Vantaggi<\/strong>: Intacct consente soluzioni di contabilit\u00e0 collaborativa per il personale pi\u00f9 grande con facili rimborsi spese, bilanciamento dei conti e gestione dei budget. Il monitoraggio e l&#8217;archiviazione digitali delle ricevute rende pi\u00f9 collaborativi i budget giornalieri per i conti da pagare e da ricevere.<\/p>\n<p><strong>Inconvenienti<\/strong>: il software \u00e8 un po &#8216;datato nella sua interfaccia e ha una curva di apprendimento decente.<\/p>\n<p>&nbsp;<\/p>\n","protected":false},"excerpt":{"rendered":"<p>Sage Intacct \u00e8 un software ERP innovativa nella gestione finanziaria. La piattaforma di gestione finanziaria cloud offre una vasta gamma di soluzioni per soddisfare le tue operazioni finanziarie principali. Ci\u00f2 include la gestione della liquidit\u00e0, degli ordini, i debiti e i crediti e la gestione delle spese, e molti altri.<\/p>\n","protected":false},"author":19,"featured_media":22033,"parent":22029,"menu_order":0,"comment_status":"open","ping_status":"closed","template":"g1_template_page_review_new.php","meta":{"_acf_changed":false,"cwp_meta_box_check":"Yes","cwp_rev_product_name":"","cwp_rev_product_image":"","wppr_links":[],"cwp_rev_price":"","wppr_options":[],"wppr_pros":[],"wppr_cons":[],"_monsterinsights_skip_tracking":false,"_monsterinsights_sitenote_active":false,"_monsterinsights_sitenote_note":"","_monsterinsights_sitenote_category":0,"footnotes":""},"categories":[97,1654],"tags":[1664,1669,1670,923,334,1667,1668],"features":[],"class_list":{"0":"post-22031","1":"page","2":"type-page","3":"status-publish","4":"has-post-thumbnail","6":"category-accounting-services-it","7":"category-enterprise-resource-planning-software-erp","8":"tag-enterprise-resource-planning","9":"tag-piattaforma-erp","10":"tag-sage-intacct","11":"tag-software-erp","12":"tag-software-gestionale","13":"tag-soluzione-erp","14":"tag-soluzione-gestionale"},"wppr_data":{"cwp_meta_box_check":"Yes","cwp_rev_product_name":"","cwp_rev_product_image":"","cwp_image_link":"image","cwp_rev_price":"","wppr_rating":"0.00"},"acf":[],"yoast_head":"<!-- This site is optimized with the Yoast SEO plugin v27.4 - https:\/\/yoast.com\/product\/yoast-seo-wordpress\/ -->\n<title>Sage Intacct: recensione software ERP - Accurate Reviews<\/title>\n<meta name=\"description\" content=\"Sage Intacct: recensione software ERP cloud che include applicazioni di contabilit\u00e0, gestione della liquidit\u00e0, acquisti,i e molti altre.\" \/>\n<meta name=\"robots\" content=\"index, follow, max-snippet:-1, max-image-preview:large, max-video-preview:-1\" \/>\n<link rel=\"canonical\" href=\"https:\/\/www.accuratereviews.com\/it\/software-erp-lista-software\/sage-intacct-recensione\/\" \/>\n<meta property=\"og:locale\" content=\"it_IT\" \/>\n<meta property=\"og:type\" content=\"article\" \/>\n<meta property=\"og:title\" content=\"Sage Intacct: recensione software ERP - Accurate Reviews\" \/>\n<meta property=\"og:description\" content=\"Sage Intacct: recensione software ERP cloud che include applicazioni di contabilit\u00e0, gestione della liquidit\u00e0, acquisti,i e molti altre.\" \/>\n<meta property=\"og:url\" content=\"https:\/\/www.accuratereviews.com\/it\/software-erp-lista-software\/sage-intacct-recensione\/\" \/>\n<meta property=\"og:site_name\" content=\"Accurate Reviews\" \/>\n<meta property=\"og:image\" content=\"https:\/\/www.accuratereviews.com\/wp-content\/uploads\/2020\/01\/sage-intacct-logo.png\" \/>\n\t<meta property=\"og:image:width\" content=\"900\" \/>\n\t<meta property=\"og:image:height\" content=\"500\" \/>\n\t<meta property=\"og:image:type\" content=\"image\/png\" \/>\n<meta name=\"twitter:card\" content=\"summary_large_image\" \/>\n<meta name=\"twitter:label1\" content=\"Tempo di lettura stimato\" \/>\n\t<meta name=\"twitter:data1\" content=\"3 minuti\" \/>\n<script type=\"application\/ld+json\" class=\"yoast-schema-graph\">{\"@context\":\"https:\\\/\\\/schema.org\",\"@graph\":[{\"@type\":\"WebPage\",\"@id\":\"https:\\\/\\\/www.accuratereviews.com\\\/it\\\/software-erp-lista-software\\\/sage-intacct-recensione\\\/\",\"url\":\"https:\\\/\\\/www.accuratereviews.com\\\/it\\\/software-erp-lista-software\\\/sage-intacct-recensione\\\/\",\"name\":\"Sage Intacct: recensione software ERP - Accurate Reviews\",\"isPartOf\":{\"@id\":\"https:\\\/\\\/www.accuratereviews.com\\\/it\\\/#website\"},\"primaryImageOfPage\":{\"@id\":\"https:\\\/\\\/www.accuratereviews.com\\\/it\\\/software-erp-lista-software\\\/sage-intacct-recensione\\\/#primaryimage\"},\"image\":{\"@id\":\"https:\\\/\\\/www.accuratereviews.com\\\/it\\\/software-erp-lista-software\\\/sage-intacct-recensione\\\/#primaryimage\"},\"thumbnailUrl\":\"https:\\\/\\\/www.accuratereviews.com\\\/wp-content\\\/uploads\\\/2020\\\/01\\\/sage-intacct-logo.png\",\"datePublished\":\"2020-01-14T13:24:16+00:00\",\"description\":\"Sage Intacct: recensione software ERP cloud che include applicazioni di contabilit\u00e0, gestione della liquidit\u00e0, acquisti,i e molti altre.\",\"breadcrumb\":{\"@id\":\"https:\\\/\\\/www.accuratereviews.com\\\/it\\\/software-erp-lista-software\\\/sage-intacct-recensione\\\/#breadcrumb\"},\"inLanguage\":\"it-IT\",\"potentialAction\":[{\"@type\":\"ReadAction\",\"target\":[\"https:\\\/\\\/www.accuratereviews.com\\\/it\\\/software-erp-lista-software\\\/sage-intacct-recensione\\\/\"]}]},{\"@type\":\"ImageObject\",\"inLanguage\":\"it-IT\",\"@id\":\"https:\\\/\\\/www.accuratereviews.com\\\/it\\\/software-erp-lista-software\\\/sage-intacct-recensione\\\/#primaryimage\",\"url\":\"https:\\\/\\\/www.accuratereviews.com\\\/wp-content\\\/uploads\\\/2020\\\/01\\\/sage-intacct-logo.png\",\"contentUrl\":\"https:\\\/\\\/www.accuratereviews.com\\\/wp-content\\\/uploads\\\/2020\\\/01\\\/sage-intacct-logo.png\",\"width\":900,\"height\":500},{\"@type\":\"BreadcrumbList\",\"@id\":\"https:\\\/\\\/www.accuratereviews.com\\\/it\\\/software-erp-lista-software\\\/sage-intacct-recensione\\\/#breadcrumb\",\"itemListElement\":[{\"@type\":\"ListItem\",\"position\":1,\"name\":\"Home\",\"item\":\"https:\\\/\\\/www.accuratereviews.com\\\/it\\\/\"},{\"@type\":\"ListItem\",\"position\":2,\"name\":\"ERP Software\",\"item\":\"https:\\\/\\\/www.accuratereviews.com\\\/it\\\/software-erp-lista-software\\\/\"},{\"@type\":\"ListItem\",\"position\":3,\"name\":\"Sage Intacct\"}]},{\"@type\":\"WebSite\",\"@id\":\"https:\\\/\\\/www.accuratereviews.com\\\/it\\\/#website\",\"url\":\"https:\\\/\\\/www.accuratereviews.com\\\/it\\\/\",\"name\":\"Accurate Reviews\",\"description\":\"\",\"potentialAction\":[{\"@type\":\"SearchAction\",\"target\":{\"@type\":\"EntryPoint\",\"urlTemplate\":\"https:\\\/\\\/www.accuratereviews.com\\\/it\\\/?s={search_term_string}\"},\"query-input\":{\"@type\":\"PropertyValueSpecification\",\"valueRequired\":true,\"valueName\":\"search_term_string\"}}],\"inLanguage\":\"it-IT\"}]}<\/script>\n<!-- \/ Yoast SEO plugin. -->","yoast_head_json":{"title":"Sage Intacct: recensione software ERP - Accurate Reviews","description":"Sage Intacct: recensione software ERP cloud che include applicazioni di contabilit\u00e0, gestione della liquidit\u00e0, acquisti,i e molti altre.","robots":{"index":"index","follow":"follow","max-snippet":"max-snippet:-1","max-image-preview":"max-image-preview:large","max-video-preview":"max-video-preview:-1"},"canonical":"https:\/\/www.accuratereviews.com\/it\/software-erp-lista-software\/sage-intacct-recensione\/","og_locale":"it_IT","og_type":"article","og_title":"Sage Intacct: recensione software ERP - Accurate Reviews","og_description":"Sage Intacct: recensione software ERP cloud che include applicazioni di contabilit\u00e0, gestione della liquidit\u00e0, acquisti,i e molti altre.","og_url":"https:\/\/www.accuratereviews.com\/it\/software-erp-lista-software\/sage-intacct-recensione\/","og_site_name":"Accurate Reviews","og_image":[{"width":900,"height":500,"url":"https:\/\/www.accuratereviews.com\/wp-content\/uploads\/2020\/01\/sage-intacct-logo.png","type":"image\/png"}],"twitter_card":"summary_large_image","twitter_misc":{"Tempo di lettura stimato":"3 minuti"},"schema":{"@context":"https:\/\/schema.org","@graph":[{"@type":"WebPage","@id":"https:\/\/www.accuratereviews.com\/it\/software-erp-lista-software\/sage-intacct-recensione\/","url":"https:\/\/www.accuratereviews.com\/it\/software-erp-lista-software\/sage-intacct-recensione\/","name":"Sage Intacct: recensione software ERP - Accurate Reviews","isPartOf":{"@id":"https:\/\/www.accuratereviews.com\/it\/#website"},"primaryImageOfPage":{"@id":"https:\/\/www.accuratereviews.com\/it\/software-erp-lista-software\/sage-intacct-recensione\/#primaryimage"},"image":{"@id":"https:\/\/www.accuratereviews.com\/it\/software-erp-lista-software\/sage-intacct-recensione\/#primaryimage"},"thumbnailUrl":"https:\/\/www.accuratereviews.com\/wp-content\/uploads\/2020\/01\/sage-intacct-logo.png","datePublished":"2020-01-14T13:24:16+00:00","description":"Sage Intacct: recensione software ERP cloud che include applicazioni di contabilit\u00e0, gestione della liquidit\u00e0, acquisti,i e molti altre.","breadcrumb":{"@id":"https:\/\/www.accuratereviews.com\/it\/software-erp-lista-software\/sage-intacct-recensione\/#breadcrumb"},"inLanguage":"it-IT","potentialAction":[{"@type":"ReadAction","target":["https:\/\/www.accuratereviews.com\/it\/software-erp-lista-software\/sage-intacct-recensione\/"]}]},{"@type":"ImageObject","inLanguage":"it-IT","@id":"https:\/\/www.accuratereviews.com\/it\/software-erp-lista-software\/sage-intacct-recensione\/#primaryimage","url":"https:\/\/www.accuratereviews.com\/wp-content\/uploads\/2020\/01\/sage-intacct-logo.png","contentUrl":"https:\/\/www.accuratereviews.com\/wp-content\/uploads\/2020\/01\/sage-intacct-logo.png","width":900,"height":500},{"@type":"BreadcrumbList","@id":"https:\/\/www.accuratereviews.com\/it\/software-erp-lista-software\/sage-intacct-recensione\/#breadcrumb","itemListElement":[{"@type":"ListItem","position":1,"name":"Home","item":"https:\/\/www.accuratereviews.com\/it\/"},{"@type":"ListItem","position":2,"name":"ERP Software","item":"https:\/\/www.accuratereviews.com\/it\/software-erp-lista-software\/"},{"@type":"ListItem","position":3,"name":"Sage Intacct"}]},{"@type":"WebSite","@id":"https:\/\/www.accuratereviews.com\/it\/#website","url":"https:\/\/www.accuratereviews.com\/it\/","name":"Accurate Reviews","description":"","potentialAction":[{"@type":"SearchAction","target":{"@type":"EntryPoint","urlTemplate":"https:\/\/www.accuratereviews.com\/it\/?s={search_term_string}"},"query-input":{"@type":"PropertyValueSpecification","valueRequired":true,"valueName":"search_term_string"}}],"inLanguage":"it-IT"}]}},"_links":{"self":[{"href":"https:\/\/www.accuratereviews.com\/it\/wp-json\/wp\/v2\/pages\/22031","targetHints":{"allow":["GET"]}}],"collection":[{"href":"https:\/\/www.accuratereviews.com\/it\/wp-json\/wp\/v2\/pages"}],"about":[{"href":"https:\/\/www.accuratereviews.com\/it\/wp-json\/wp\/v2\/types\/page"}],"author":[{"embeddable":true,"href":"https:\/\/www.accuratereviews.com\/it\/wp-json\/wp\/v2\/users\/19"}],"replies":[{"embeddable":true,"href":"https:\/\/www.accuratereviews.com\/it\/wp-json\/wp\/v2\/comments?post=22031"}],"version-history":[{"count":11,"href":"https:\/\/www.accuratereviews.com\/it\/wp-json\/wp\/v2\/pages\/22031\/revisions"}],"predecessor-version":[{"id":22132,"href":"https:\/\/www.accuratereviews.com\/it\/wp-json\/wp\/v2\/pages\/22031\/revisions\/22132"}],"up":[{"embeddable":true,"href":"https:\/\/www.accuratereviews.com\/it\/wp-json\/wp\/v2\/pages\/22029"}],"wp:featuredmedia":[{"embeddable":true,"href":"https:\/\/www.accuratereviews.com\/it\/wp-json\/wp\/v2\/media\/22033"}],"wp:attachment":[{"href":"https:\/\/www.accuratereviews.com\/it\/wp-json\/wp\/v2\/media?parent=22031"}],"wp:term":[{"taxonomy":"category","embeddable":true,"href":"https:\/\/www.accuratereviews.com\/it\/wp-json\/wp\/v2\/categories?post=22031"},{"taxonomy":"post_tag","embeddable":true,"href":"https:\/\/www.accuratereviews.com\/it\/wp-json\/wp\/v2\/tags?post=22031"},{"taxonomy":"features","embeddable":true,"href":"https:\/\/www.accuratereviews.com\/it\/wp-json\/wp\/v2\/features?post=22031"}],"curies":[{"name":"wp","href":"https:\/\/api.w.org\/{rel}","templated":true}]}}