{"id":22041,"date":"2020-01-13T13:48:14","date_gmt":"2020-01-13T13:48:14","guid":{"rendered":"https:\/\/www.accuratereviews.com\/?page_id=22041"},"modified":"2020-01-13T14:06:13","modified_gmt":"2020-01-13T14:06:13","slug":"omnisend-recensione","status":"publish","type":"page","link":"https:\/\/www.accuratereviews.com\/it\/newsletter-migliori-software-lista\/omnisend-recensione\/","title":{"rendered":"Omnisend"},"content":{"rendered":"<p>Sviluppato per le aziende di ecommerce che hanno bisogno <strong>dall&#8217;email marketing<\/strong>, <strong>Omnisend<\/strong> \u00e8 una stella nascente nel settore. Fornendo una sofisticata automazione del marketing con una piattaforma user-friendly, i<strong>l programma incorpora funzionalit\u00e0 nei flussi di lavoro<\/strong> che si conoscono e si amano. La cosa che spicca di pi\u00f9 \u00e8 la <strong>&#8220;facilit\u00e0 d&#8217;uso&#8221;<\/strong> \u00a0tutto ci\u00f2 che puoi creare nella piattaforma impiega un<strong> generatore visivo drag-and-drop che crea pop-up<\/strong>, email, landing page, e flussi di lavoro di automazione facili.\u00a0<strong>Omnisend<\/strong> offre anche moltissimi modelli che consentono una creazione ancora pi\u00f9 rapida, inclusi flussi di lavoro critici per i venditori di ecommerce. Ci\u00f2 significa che in pochi secondi \u00e8 possibile creare flussi di lavoro come abbandono del carrello, benvenuto e conferma dell&#8217;ordine.\u00a0Tutto in questo software \u00e8 fatto pensando alle persone: <strong>il testo \u00e8 chiaro<\/strong> e ci sono suggerimenti per aiutarti con il vocabolario specifico del settore. Anche quelli che hanno appena iniziato con l&#8217;email marketing si divertono con facilit\u00e0 a inviare la loro prima campagna, e c&#8217;\u00e8 una grande quantit\u00e0 di informazioni nella vasta base di conoscenze di Omnisend per un aiuto ancora maggiore.<\/p>\n<p><a href=\"https:\/\/www.accuratereviews.com\/wp-content\/uploads\/2020\/01\/omn.jpg.png\"><img loading=\"lazy\" decoding=\"async\" class=\"size-full wp-image-22048 aligncenter\" src=\"https:\/\/www.accuratereviews.com\/wp-content\/uploads\/2020\/01\/omn.jpg.png\" alt=\"\" width=\"974\" height=\"537\" srcset=\"https:\/\/www.accuratereviews.com\/wp-content\/uploads\/2020\/01\/omn.jpg.png 974w, https:\/\/www.accuratereviews.com\/wp-content\/uploads\/2020\/01\/omn.jpg-300x165.png 300w, https:\/\/www.accuratereviews.com\/wp-content\/uploads\/2020\/01\/omn.jpg-768x423.png 768w, https:\/\/www.accuratereviews.com\/wp-content\/uploads\/2020\/01\/omn.jpg-227x125.png 227w, https:\/\/www.accuratereviews.com\/wp-content\/uploads\/2020\/01\/omn.jpg-50x28.png 50w, https:\/\/www.accuratereviews.com\/wp-content\/uploads\/2020\/01\/omn.jpg-968x534.png 968w, https:\/\/www.accuratereviews.com\/wp-content\/uploads\/2020\/01\/omn.jpg-636x351.png 636w, https:\/\/www.accuratereviews.com\/wp-content\/uploads\/2020\/01\/omn.jpg-320x176.png 320w, https:\/\/www.accuratereviews.com\/wp-content\/uploads\/2020\/01\/omn.jpg-239x132.png 239w\" sizes=\"auto, (max-width: 974px) 100vw, 974px\" \/><\/a><\/p>\n<h2>OMNISEND &#8211; CARATTERISTICHE<\/h2>\n<p>L&#8217;elenco di funzionalit\u00e0 di Omnisend \u00e8 a dir poco impressionante:<\/p>\n<ul>\n<li>Il sistema offre il builder di posta elettronica <strong>visuale drag-and-drop<\/strong> che ti consente di creare i tuoi messaggi in pochissimo tempo. All&#8217;interno di quel builder, Omnisend offre funzionalit\u00e0 di e-commerce, come il loro selettore di prodotti che tira i prodotti direttamente dalla tua riga di inventario nella tua e-mail senza dover copiare e incollare prezzi, titolo o copia<\/li>\n<li>La creazione di email \u00e8 semplice anche nel programma stesso, che offre moduli di iscrizione statici, una variet\u00e0 di popup, e pagine di destinazione. La cosa particolarmente interessante \u00e8 che puoi scegliere come target questi elementi di acquisizione email utilizzando la segmentazione di Omnisend, che ne aumenta l&#8217;efficacia<\/li>\n<li>La segmentazione di Omnisend semplifica il targeting dei tuoi messaggi, con una segmentazione basata su dati demografici, coinvolgimento della campagna e comportamento di acquisto. La piattaforma di Omnisend consente anche la segmentazione a pi\u00f9 livelli, il che significa che puoi applicare diversi filtri per indirizzare verso gli elenchi di abbonati molto specifici<\/li>\n<li>Flussi di lavoro di automazione. A differenza di altre piattaforme di email marketing, Omnisend incorpora i tuoi migliori canali nei flussi di lavoro di automazione del marketing. Ci\u00f2 significa che puoi creare un flusso di lavoro di automazione che include<strong> email, SMS, notifiche push, Facebook Messenger, WhatsApp<\/strong> e altro. In combinazione con la loro segmentazione intelligente, sarai in grado di inviare il messaggio giusto, al momento giusto, alla persona giusta, sul canale giusto<\/li>\n<li>Le funzionalit\u00e0 di Omnisend sono<strong> costruite per adattare i tuoi messaggi ad ogni passaggio del percorso del cliente.<\/strong> Ci\u00f2 significa che, indipendentemente dalla posizione del cliente nella decisione di acquisto, Omnisend ha una funzione che ti consente di passare al passaggio successivo. Con questo, puoi creare un&#8217;esperienza omnicanale immersiva per i tuoi clienti<\/li>\n<li>Il supporto di Omnisend non \u00e8 secondo a nessuno. A differenza di molte piattaforme di email marketing, Omnisend <strong>offre supporto 24 ore su 24, 7 giorni su 7,<\/strong> indipendentemente dal fatto che il cliente abbia il piano a pagato o meno. Per gli utenti gratuiti, l&#8217;email \u00e8 disponibile per il supporto. Quelli del primo piano a pagamento, Standard, ricevono chat in-app e supporto via email. Dal piano Pro, inizi a ottenere supporto prioritario ed Enterprise viene fornito con un gestore di supporto dedicato.Omnisend offre anche pieno supporto anche durante le vacanze, quando i venditori online ne hanno pi\u00f9 bisogno<\/li>\n<li>Offre un <strong>piano gratuito<\/strong> per l&#8217;email marketing di base che non ha un limite al numero di abbonati e ti consente di inviare fino a 15.000 email al mese. Il piano Standard parte da $ 16 al mese (che si ridimensiona in base al numero di abbonati) e include automazione, SMS, segmentazione avanzata e supporto chat in-app. Il piano Pro, a partire da $ 199 al mese, ottieni la suite completa di funzionalit\u00e0 e canali Omnisend, oltre al supporto prioritario.<\/li>\n<\/ul>\n","protected":false},"excerpt":{"rendered":"<p>Sviluppato per le aziende di ecommerce che hanno bisogno dall&#8217;email marketing, Omnisend \u00e8 una stella nascente nel settore. Fornendo una sofisticata automazione del marketing con una piattaforma user-friendly, il programma incorpora funzionalit\u00e0 nei flussi di lavoro che si conoscono e si amano. La cosa che spicca di pi\u00f9 \u00e8 la &#8220;facilit\u00e0 d&#8217;uso&#8221; \u00a0tutto ci\u00f2 che puoi creare nella piattaforma impiega un generatore visivo drag-and-drop che crea pop-up, email, landing page, e flussi di lavoro di automazione facili.<\/p>\n","protected":false},"author":19,"featured_media":22044,"parent":5555,"menu_order":0,"comment_status":"open","ping_status":"closed","template":"g1_template_page_review_new.php","meta":{"_acf_changed":false,"cwp_meta_box_check":"Yes","cwp_rev_product_name":"","cwp_rev_product_image":"","wppr_links":[],"cwp_rev_price":"","wppr_options":[],"wppr_pros":[],"wppr_cons":[],"_monsterinsights_skip_tracking":false,"_monsterinsights_sitenote_active":false,"_monsterinsights_sitenote_note":"","_monsterinsights_sitenote_category":0,"footnotes":""},"categories":[106],"tags":[1662,1459,1458,1457,1456],"features":[],"class_list":{"0":"post-22041","1":"page","2":"type-page","3":"status-publish","4":"has-post-thumbnail","6":"category-email-marketing-it","7":"tag-omnisend-it","8":"tag-piattaforma-email-marketingg","9":"tag-programma-email-marketing","10":"tag-software-email-marketing","11":"tag-soluzione-email-marketing"},"wppr_data":{"cwp_meta_box_check":"Yes","cwp_rev_product_name":"","cwp_rev_product_image":"","cwp_image_link":"image","cwp_rev_price":"","wppr_rating":"0.00"},"acf":[],"yoast_head":"<!-- This site is optimized with the Yoast SEO plugin v27.4 - https:\/\/yoast.com\/product\/yoast-seo-wordpress\/ -->\n<title>Omnisend: recensione software email marketing- Accurate Reviews<\/title>\n<meta name=\"description\" content=\"Omnisend: recensione software email marketing con un&#039;interfaccia facile da usare che la rende accessibile sia ai principianti che agli utenti avanzati.\" \/>\n<meta name=\"robots\" content=\"index, follow, max-snippet:-1, max-image-preview:large, max-video-preview:-1\" \/>\n<link rel=\"canonical\" href=\"https:\/\/www.accuratereviews.com\/it\/newsletter-migliori-software-lista\/omnisend-recensione\/\" \/>\n<meta property=\"og:locale\" content=\"it_IT\" \/>\n<meta property=\"og:type\" content=\"article\" \/>\n<meta property=\"og:title\" content=\"Omnisend: recensione software email marketing- Accurate Reviews\" \/>\n<meta property=\"og:description\" content=\"Omnisend: recensione software email marketing con un&#039;interfaccia facile da usare che la rende accessibile sia ai principianti che agli utenti avanzati.\" \/>\n<meta property=\"og:url\" content=\"https:\/\/www.accuratereviews.com\/it\/newsletter-migliori-software-lista\/omnisend-recensione\/\" \/>\n<meta property=\"og:site_name\" content=\"Accurate Reviews\" \/>\n<meta property=\"article:modified_time\" content=\"2020-01-13T14:06:13+00:00\" \/>\n<meta property=\"og:image\" content=\"https:\/\/www.accuratereviews.com\/wp-content\/uploads\/2020\/01\/omnisend.png\" \/>\n\t<meta property=\"og:image:width\" content=\"225\" \/>\n\t<meta property=\"og:image:height\" content=\"225\" \/>\n\t<meta property=\"og:image:type\" content=\"image\/png\" \/>\n<meta name=\"twitter:card\" content=\"summary_large_image\" \/>\n<meta name=\"twitter:label1\" content=\"Tempo di lettura stimato\" \/>\n\t<meta name=\"twitter:data1\" content=\"3 minuti\" \/>\n<script type=\"application\/ld+json\" class=\"yoast-schema-graph\">{\"@context\":\"https:\\\/\\\/schema.org\",\"@graph\":[{\"@type\":\"WebPage\",\"@id\":\"https:\\\/\\\/www.accuratereviews.com\\\/it\\\/newsletter-migliori-software-lista\\\/omnisend-recensione\\\/\",\"url\":\"https:\\\/\\\/www.accuratereviews.com\\\/it\\\/newsletter-migliori-software-lista\\\/omnisend-recensione\\\/\",\"name\":\"Omnisend: recensione software email marketing- Accurate Reviews\",\"isPartOf\":{\"@id\":\"https:\\\/\\\/www.accuratereviews.com\\\/it\\\/#website\"},\"primaryImageOfPage\":{\"@id\":\"https:\\\/\\\/www.accuratereviews.com\\\/it\\\/newsletter-migliori-software-lista\\\/omnisend-recensione\\\/#primaryimage\"},\"image\":{\"@id\":\"https:\\\/\\\/www.accuratereviews.com\\\/it\\\/newsletter-migliori-software-lista\\\/omnisend-recensione\\\/#primaryimage\"},\"thumbnailUrl\":\"https:\\\/\\\/www.accuratereviews.com\\\/wp-content\\\/uploads\\\/2020\\\/01\\\/omnisend.png\",\"datePublished\":\"2020-01-13T13:48:14+00:00\",\"dateModified\":\"2020-01-13T14:06:13+00:00\",\"description\":\"Omnisend: recensione software email marketing con un'interfaccia facile da usare che la rende accessibile sia ai principianti che agli utenti avanzati.\",\"breadcrumb\":{\"@id\":\"https:\\\/\\\/www.accuratereviews.com\\\/it\\\/newsletter-migliori-software-lista\\\/omnisend-recensione\\\/#breadcrumb\"},\"inLanguage\":\"it-IT\",\"potentialAction\":[{\"@type\":\"ReadAction\",\"target\":[\"https:\\\/\\\/www.accuratereviews.com\\\/it\\\/newsletter-migliori-software-lista\\\/omnisend-recensione\\\/\"]}]},{\"@type\":\"ImageObject\",\"inLanguage\":\"it-IT\",\"@id\":\"https:\\\/\\\/www.accuratereviews.com\\\/it\\\/newsletter-migliori-software-lista\\\/omnisend-recensione\\\/#primaryimage\",\"url\":\"https:\\\/\\\/www.accuratereviews.com\\\/wp-content\\\/uploads\\\/2020\\\/01\\\/omnisend.png\",\"contentUrl\":\"https:\\\/\\\/www.accuratereviews.com\\\/wp-content\\\/uploads\\\/2020\\\/01\\\/omnisend.png\",\"width\":225,\"height\":225},{\"@type\":\"BreadcrumbList\",\"@id\":\"https:\\\/\\\/www.accuratereviews.com\\\/it\\\/newsletter-migliori-software-lista\\\/omnisend-recensione\\\/#breadcrumb\",\"itemListElement\":[{\"@type\":\"ListItem\",\"position\":1,\"name\":\"Home\",\"item\":\"https:\\\/\\\/www.accuratereviews.com\\\/it\\\/\"},{\"@type\":\"ListItem\",\"position\":2,\"name\":\"Newsletter: i migliori software\",\"item\":\"https:\\\/\\\/www.accuratereviews.com\\\/it\\\/newsletter-migliori-software-lista\\\/\"},{\"@type\":\"ListItem\",\"position\":3,\"name\":\"Omnisend\"}]},{\"@type\":\"WebSite\",\"@id\":\"https:\\\/\\\/www.accuratereviews.com\\\/it\\\/#website\",\"url\":\"https:\\\/\\\/www.accuratereviews.com\\\/it\\\/\",\"name\":\"Accurate Reviews\",\"description\":\"\",\"potentialAction\":[{\"@type\":\"SearchAction\",\"target\":{\"@type\":\"EntryPoint\",\"urlTemplate\":\"https:\\\/\\\/www.accuratereviews.com\\\/it\\\/?s={search_term_string}\"},\"query-input\":{\"@type\":\"PropertyValueSpecification\",\"valueRequired\":true,\"valueName\":\"search_term_string\"}}],\"inLanguage\":\"it-IT\"}]}<\/script>\n<!-- \/ Yoast SEO plugin. -->","yoast_head_json":{"title":"Omnisend: recensione software email marketing- Accurate Reviews","description":"Omnisend: recensione software email marketing con un'interfaccia facile da usare che la rende accessibile sia ai principianti che agli utenti avanzati.","robots":{"index":"index","follow":"follow","max-snippet":"max-snippet:-1","max-image-preview":"max-image-preview:large","max-video-preview":"max-video-preview:-1"},"canonical":"https:\/\/www.accuratereviews.com\/it\/newsletter-migliori-software-lista\/omnisend-recensione\/","og_locale":"it_IT","og_type":"article","og_title":"Omnisend: recensione software email marketing- Accurate Reviews","og_description":"Omnisend: recensione software email marketing con un'interfaccia facile da usare che la rende accessibile sia ai principianti che agli utenti avanzati.","og_url":"https:\/\/www.accuratereviews.com\/it\/newsletter-migliori-software-lista\/omnisend-recensione\/","og_site_name":"Accurate Reviews","article_modified_time":"2020-01-13T14:06:13+00:00","og_image":[{"width":225,"height":225,"url":"https:\/\/www.accuratereviews.com\/wp-content\/uploads\/2020\/01\/omnisend.png","type":"image\/png"}],"twitter_card":"summary_large_image","twitter_misc":{"Tempo di lettura stimato":"3 minuti"},"schema":{"@context":"https:\/\/schema.org","@graph":[{"@type":"WebPage","@id":"https:\/\/www.accuratereviews.com\/it\/newsletter-migliori-software-lista\/omnisend-recensione\/","url":"https:\/\/www.accuratereviews.com\/it\/newsletter-migliori-software-lista\/omnisend-recensione\/","name":"Omnisend: recensione software email marketing- Accurate Reviews","isPartOf":{"@id":"https:\/\/www.accuratereviews.com\/it\/#website"},"primaryImageOfPage":{"@id":"https:\/\/www.accuratereviews.com\/it\/newsletter-migliori-software-lista\/omnisend-recensione\/#primaryimage"},"image":{"@id":"https:\/\/www.accuratereviews.com\/it\/newsletter-migliori-software-lista\/omnisend-recensione\/#primaryimage"},"thumbnailUrl":"https:\/\/www.accuratereviews.com\/wp-content\/uploads\/2020\/01\/omnisend.png","datePublished":"2020-01-13T13:48:14+00:00","dateModified":"2020-01-13T14:06:13+00:00","description":"Omnisend: recensione software email marketing con un'interfaccia facile da usare che la rende accessibile sia ai principianti che agli utenti avanzati.","breadcrumb":{"@id":"https:\/\/www.accuratereviews.com\/it\/newsletter-migliori-software-lista\/omnisend-recensione\/#breadcrumb"},"inLanguage":"it-IT","potentialAction":[{"@type":"ReadAction","target":["https:\/\/www.accuratereviews.com\/it\/newsletter-migliori-software-lista\/omnisend-recensione\/"]}]},{"@type":"ImageObject","inLanguage":"it-IT","@id":"https:\/\/www.accuratereviews.com\/it\/newsletter-migliori-software-lista\/omnisend-recensione\/#primaryimage","url":"https:\/\/www.accuratereviews.com\/wp-content\/uploads\/2020\/01\/omnisend.png","contentUrl":"https:\/\/www.accuratereviews.com\/wp-content\/uploads\/2020\/01\/omnisend.png","width":225,"height":225},{"@type":"BreadcrumbList","@id":"https:\/\/www.accuratereviews.com\/it\/newsletter-migliori-software-lista\/omnisend-recensione\/#breadcrumb","itemListElement":[{"@type":"ListItem","position":1,"name":"Home","item":"https:\/\/www.accuratereviews.com\/it\/"},{"@type":"ListItem","position":2,"name":"Newsletter: i migliori software","item":"https:\/\/www.accuratereviews.com\/it\/newsletter-migliori-software-lista\/"},{"@type":"ListItem","position":3,"name":"Omnisend"}]},{"@type":"WebSite","@id":"https:\/\/www.accuratereviews.com\/it\/#website","url":"https:\/\/www.accuratereviews.com\/it\/","name":"Accurate Reviews","description":"","potentialAction":[{"@type":"SearchAction","target":{"@type":"EntryPoint","urlTemplate":"https:\/\/www.accuratereviews.com\/it\/?s={search_term_string}"},"query-input":{"@type":"PropertyValueSpecification","valueRequired":true,"valueName":"search_term_string"}}],"inLanguage":"it-IT"}]}},"_links":{"self":[{"href":"https:\/\/www.accuratereviews.com\/it\/wp-json\/wp\/v2\/pages\/22041","targetHints":{"allow":["GET"]}}],"collection":[{"href":"https:\/\/www.accuratereviews.com\/it\/wp-json\/wp\/v2\/pages"}],"about":[{"href":"https:\/\/www.accuratereviews.com\/it\/wp-json\/wp\/v2\/types\/page"}],"author":[{"embeddable":true,"href":"https:\/\/www.accuratereviews.com\/it\/wp-json\/wp\/v2\/users\/19"}],"replies":[{"embeddable":true,"href":"https:\/\/www.accuratereviews.com\/it\/wp-json\/wp\/v2\/comments?post=22041"}],"version-history":[{"count":11,"href":"https:\/\/www.accuratereviews.com\/it\/wp-json\/wp\/v2\/pages\/22041\/revisions"}],"predecessor-version":[{"id":22079,"href":"https:\/\/www.accuratereviews.com\/it\/wp-json\/wp\/v2\/pages\/22041\/revisions\/22079"}],"up":[{"embeddable":true,"href":"https:\/\/www.accuratereviews.com\/it\/wp-json\/wp\/v2\/pages\/5555"}],"wp:featuredmedia":[{"embeddable":true,"href":"https:\/\/www.accuratereviews.com\/it\/wp-json\/wp\/v2\/media\/22044"}],"wp:attachment":[{"href":"https:\/\/www.accuratereviews.com\/it\/wp-json\/wp\/v2\/media?parent=22041"}],"wp:term":[{"taxonomy":"category","embeddable":true,"href":"https:\/\/www.accuratereviews.com\/it\/wp-json\/wp\/v2\/categories?post=22041"},{"taxonomy":"post_tag","embeddable":true,"href":"https:\/\/www.accuratereviews.com\/it\/wp-json\/wp\/v2\/tags?post=22041"},{"taxonomy":"features","embeddable":true,"href":"https:\/\/www.accuratereviews.com\/it\/wp-json\/wp\/v2\/features?post=22041"}],"curies":[{"name":"wp","href":"https:\/\/api.w.org\/{rel}","templated":true}]}}