{"id":22071,"date":"2020-01-13T16:09:45","date_gmt":"2020-01-13T16:09:45","guid":{"rendered":"https:\/\/www.accuratereviews.com\/?page_id=22071"},"modified":"2020-01-13T16:09:45","modified_gmt":"2020-01-13T16:09:45","slug":"odoo-recensione","status":"publish","type":"page","link":"https:\/\/www.accuratereviews.com\/it\/software-erp-lista-software\/odoo-recensione\/","title":{"rendered":"Odoo"},"content":{"rendered":"<p><strong>Odoo<\/strong> \u00e8 un <strong>software di pianificazione delle risorse aziendali (ERP)<\/strong> sviluppato con il fine ultimo di soddisfare tutte le esigenze che richiede un&#8217;impresa. Si tratta quindi di un<strong> programma ERP di gestione<\/strong> delle vendite, dell&#8217;inventario, della produzione, del magazzino, della gestione delle scorte, della contabilit\u00e0, della fatturazione e delle relazioni con i clienti (CRM). Questa <strong>soluzione all-in-one<\/strong> \u00e8 <strong>open source<\/strong>, quindi personalizzabile a seconda delle proprie necessit\u00e0, ed \u00e8 <strong>modulare<\/strong> cio\u00e8 costituita da un insieme di moduli, quelli principali sono 30 ma, oltre a questi, si possono scaricare oltre 16.000 app e plug-in di terze parti. <strong>Odoo<\/strong> \u00e8 disponibile sia in<strong> cloud<\/strong> che<strong> on-premise<\/strong> ed \u00e8 compatibile con i principali sistemi operativi (Mac e Windows) e per i dispositivi mobili iOS e Android.<\/p>\n<h2>COME FUNZIONA ODOO &#8211; TUTORIAL<\/h2>\n<p>Ecco un video tutorial che ci mostrer\u00e0 qualcosa di pi\u00f9 al riguardo:<\/p>\n<div id=\"fluid-wrapper-counter-1\" class=\"g1-fluid-wrapper \" style=\"width:686px;\">\n<div style=\"padding-bottom:56.268221574344%;\"><iframe loading=\"lazy\" title=\"Cos&#039;\u00e8 Odoo? Tutto ci\u00f2 che devi sapere per iniziare\" width=\"686\" height=\"386\" src=\"https:\/\/www.youtube.com\/embed\/sccWo7ANcXA?feature=oembed&amp;wmode=transparent&amp;autohide=1&amp;autoplay=0&amp;disablekb=0&amp;fs=1&amp;loop=0&amp;enablejsapi=1&amp;rel=0&amp;controls=2&amp;showinfo=0&amp;wmode=transparent&amp;autohide=2&amp;autoplay=0&amp;disablekb=0&amp;fs=1&amp;loop=0&amp;enablejsapi=1&amp;rel=0&amp;controls=2&amp;showinfo=1\" frameborder=\"0\" allow=\"accelerometer; autoplay; encrypted-media; gyroscope; picture-in-picture\" allowfullscreen><\/iframe><\/div>\n<\/div>\n<h3>ODOO &#8211; CARATTERISTICHE<\/h3>\n<p>Diamo uno sguardo alle sue principali caratteristiche:<\/p>\n<ul>\n<li><strong>Gestione delle vendite (ecommerce)<\/strong>: utilizza la piattaforma ecommerce integrata per gestire al meglio le vendite, l&#8217;inventario, le scorte, le fatture ecc.<\/li>\n<li><strong>Gestione delle relazioni con i clienti (CRM)<\/strong>: migliora la gestione dei rapporti con i tuoi clienti cos\u00ec da avere una visione a 360 gradi\u00b0 delle attivit\u00e0 che riguardano il cliente e le sue interazioni con l&#8217;azienda<\/li>\n<li><strong>Gestione dell&#8217;inventario<\/strong>: tieni sotto controllo tutto il processo di distribuzione del prodotto dal fornitore al cliente e prepara gli ordini da consegnare in base alla disponibilit\u00e0<\/li>\n<li><strong>Gestione della produzione<\/strong>: gestisci tutte le operazioni di assemblaggio e produzione grazie ai controlli di qualit\u00e0 automatici<\/li>\n<li><strong>Gestione della fatturazione e della contabilit\u00e0<\/strong>: traccia automaticamente le attivit\u00e0 e monitora ogni movimento aziendale.<\/li>\n<\/ul>\n<h3>LE RECENSIONI DEGLI UTENTI<\/h3>\n<p><strong>&#8220;Odoo \u00e8 fantastico!&#8221;<\/strong><br \/>\nIN GENERALE: Sincronizzazione di tutte le operazioni dell&#8217;azienda<br \/>\nPRO: &#8211; Esperienza utente molto fluente<br \/>\n&#8211; Business Scope \u00e8 completo<br \/>\n&#8211; Facile da sviluppare e personalizzare<br \/>\nCONTRO: &#8211; Difficile trovare esperti tecnici<br \/>\n&#8211; Difficile trovare esperti funzionali<\/p>\n<p><strong>&#8220;Odoo \u00e8 la soluzione per automatizzare quasi tutti i processi aziendali&#8221;<\/strong><br \/>\nIN GENERALE: Accelera i processi interni, ad esempio dall&#8217;offerta alla consegna o gestisci i tuoi prodotti dallo stock al negozio online e al POS. Risparmia molto tempo e pu\u00f2 fornire informazioni molto utili sui tuoi dati aziendali.<br \/>\nPRO: Il motivo per cui abbiamo scelto Odoo \u00e8 per la combinazione di applicazioni ed essere open source. Usiamo praticamente tutti i moduli; vendite, CRM, acquisti, progetti, negozio online\/sito web, POS, risorse umane, gestione delle riparazioni, produzione e finanza. La maggior parte del software ERP della concorrenza non fornisce il webshop\/sito Web e i moduli POS. Questo punto \u00e8 stato per noi alla fine il pi\u00f9 importante.<br \/>\nCONTRO: a causa del gran numero di applicazioni all&#8217;interno di Odoo, non sono tutte perfette. Ma fornire feedback, creare le tue personalizzazioni o persino i tuoi moduli aiuta a rendere il sistema Odoo pi\u00f9 completo e pi\u00f9 facile da usare.<\/p>\n<p><strong>&#8220;Usa questo prodotto per aumentare la produttivit\u00e0 della tua azienda&#8221;<\/strong><br \/>\nIN GENERALE: lavoro da 4,7 anni con Odoo. Odoo \u00e8 un software ERP molto buono, pratico e facile da usare. Facile personalizzazione che soddisfa le esigenze organizzative di ogni cliente<br \/>\nPRO: i report e i grafici di analisi forniscono una facile comprensibilit\u00e0. Interfaccia attraente per l&#8217;utente. Facile personalizzazione<br \/>\nLavoro veloce.<br \/>\nCONTRO: Secondo gli standard di contabilit\u00e0 indiana, penso che Odoo debba fare analisi pi\u00f9 approfondite e fornire funzionalit\u00e0 agli utenti finali per facilit\u00e0 d&#8217;uso.<\/p>\n","protected":false},"excerpt":{"rendered":"<p>Odoo \u00e8 un software di pianificazione delle risorse aziendali (ERP) sviluppato con il fine ultimo di soddisfare tutte le esigenze che richiede un&#8217;impresa. Si tratta quindi di un programma ERP di gestione delle vendite, dell&#8217;inventario, della produzione, del magazzino, della gestione delle scorte, della contabilit\u00e0, della fatturazione e delle relazioni con i clienti (CRM).<\/p>\n","protected":false},"author":17,"featured_media":22073,"parent":22029,"menu_order":0,"comment_status":"open","ping_status":"closed","template":"g1_template_page_review_new.php","meta":{"_acf_changed":false,"cwp_meta_box_check":"Yes","cwp_rev_product_name":"","cwp_rev_product_image":"","wppr_links":[],"cwp_rev_price":"","wppr_options":[],"wppr_pros":[],"wppr_cons":[],"_monsterinsights_skip_tracking":false,"_monsterinsights_sitenote_active":false,"_monsterinsights_sitenote_note":"","_monsterinsights_sitenote_category":0,"footnotes":""},"categories":[1654],"tags":[1664,1663,1666,1665,923],"features":[],"class_list":{"0":"post-22071","1":"page","2":"type-page","3":"status-publish","4":"has-post-thumbnail","6":"category-enterprise-resource-planning-software-erp","7":"tag-enterprise-resource-planning","8":"tag-erp","9":"tag-pianificazione-delle-risorse-dimpresa","10":"tag-software-di-gestione","11":"tag-software-erp"},"wppr_data":{"cwp_meta_box_check":"Yes","cwp_rev_product_name":"","cwp_rev_product_image":"","cwp_image_link":"image","cwp_rev_price":"","wppr_rating":"0.00"},"acf":[],"yoast_head":"<!-- This site is optimized with the Yoast SEO plugin v27.4 - https:\/\/yoast.com\/product\/yoast-seo-wordpress\/ -->\n<title>Odoo: recensione software ERP - Accurate Reviews<\/title>\n<meta name=\"description\" content=\"Odoo: recensione del software di pianificazione delle risorse aziendali (ERP) che si impegna a soddisfare tutte le esigenze che richiede un&#039;impresa.\" \/>\n<meta name=\"robots\" content=\"index, follow, max-snippet:-1, max-image-preview:large, max-video-preview:-1\" \/>\n<link rel=\"canonical\" href=\"https:\/\/www.accuratereviews.com\/it\/software-erp-lista-software\/odoo-recensione\/\" \/>\n<meta property=\"og:locale\" content=\"it_IT\" \/>\n<meta property=\"og:type\" content=\"article\" \/>\n<meta property=\"og:title\" content=\"Odoo: recensione software ERP - Accurate Reviews\" \/>\n<meta property=\"og:description\" content=\"Odoo: recensione del software di pianificazione delle risorse aziendali (ERP) che si impegna a soddisfare tutte le esigenze che richiede un&#039;impresa.\" \/>\n<meta property=\"og:url\" content=\"https:\/\/www.accuratereviews.com\/it\/software-erp-lista-software\/odoo-recensione\/\" \/>\n<meta property=\"og:site_name\" content=\"Accurate Reviews\" \/>\n<meta property=\"og:image\" content=\"https:\/\/www.accuratereviews.com\/wp-content\/uploads\/2020\/01\/odoo_logo.png\" \/>\n\t<meta property=\"og:image:width\" content=\"621\" \/>\n\t<meta property=\"og:image:height\" content=\"196\" \/>\n\t<meta property=\"og:image:type\" content=\"image\/png\" \/>\n<meta name=\"twitter:card\" content=\"summary_large_image\" \/>\n<meta name=\"twitter:label1\" content=\"Tempo di lettura stimato\" \/>\n\t<meta name=\"twitter:data1\" content=\"3 minuti\" \/>\n<script type=\"application\/ld+json\" class=\"yoast-schema-graph\">{\"@context\":\"https:\\\/\\\/schema.org\",\"@graph\":[{\"@type\":\"WebPage\",\"@id\":\"https:\\\/\\\/www.accuratereviews.com\\\/it\\\/software-erp-lista-software\\\/odoo-recensione\\\/\",\"url\":\"https:\\\/\\\/www.accuratereviews.com\\\/it\\\/software-erp-lista-software\\\/odoo-recensione\\\/\",\"name\":\"Odoo: recensione software ERP - Accurate Reviews\",\"isPartOf\":{\"@id\":\"https:\\\/\\\/www.accuratereviews.com\\\/it\\\/#website\"},\"primaryImageOfPage\":{\"@id\":\"https:\\\/\\\/www.accuratereviews.com\\\/it\\\/software-erp-lista-software\\\/odoo-recensione\\\/#primaryimage\"},\"image\":{\"@id\":\"https:\\\/\\\/www.accuratereviews.com\\\/it\\\/software-erp-lista-software\\\/odoo-recensione\\\/#primaryimage\"},\"thumbnailUrl\":\"https:\\\/\\\/www.accuratereviews.com\\\/wp-content\\\/uploads\\\/2020\\\/01\\\/odoo_logo.png\",\"datePublished\":\"2020-01-13T16:09:45+00:00\",\"description\":\"Odoo: recensione del software di pianificazione delle risorse aziendali (ERP) che si impegna a soddisfare tutte le esigenze che richiede un'impresa.\",\"breadcrumb\":{\"@id\":\"https:\\\/\\\/www.accuratereviews.com\\\/it\\\/software-erp-lista-software\\\/odoo-recensione\\\/#breadcrumb\"},\"inLanguage\":\"it-IT\",\"potentialAction\":[{\"@type\":\"ReadAction\",\"target\":[\"https:\\\/\\\/www.accuratereviews.com\\\/it\\\/software-erp-lista-software\\\/odoo-recensione\\\/\"]}]},{\"@type\":\"ImageObject\",\"inLanguage\":\"it-IT\",\"@id\":\"https:\\\/\\\/www.accuratereviews.com\\\/it\\\/software-erp-lista-software\\\/odoo-recensione\\\/#primaryimage\",\"url\":\"https:\\\/\\\/www.accuratereviews.com\\\/wp-content\\\/uploads\\\/2020\\\/01\\\/odoo_logo.png\",\"contentUrl\":\"https:\\\/\\\/www.accuratereviews.com\\\/wp-content\\\/uploads\\\/2020\\\/01\\\/odoo_logo.png\",\"width\":621,\"height\":196},{\"@type\":\"BreadcrumbList\",\"@id\":\"https:\\\/\\\/www.accuratereviews.com\\\/it\\\/software-erp-lista-software\\\/odoo-recensione\\\/#breadcrumb\",\"itemListElement\":[{\"@type\":\"ListItem\",\"position\":1,\"name\":\"Home\",\"item\":\"https:\\\/\\\/www.accuratereviews.com\\\/it\\\/\"},{\"@type\":\"ListItem\",\"position\":2,\"name\":\"ERP Software\",\"item\":\"https:\\\/\\\/www.accuratereviews.com\\\/it\\\/software-erp-lista-software\\\/\"},{\"@type\":\"ListItem\",\"position\":3,\"name\":\"Odoo\"}]},{\"@type\":\"WebSite\",\"@id\":\"https:\\\/\\\/www.accuratereviews.com\\\/it\\\/#website\",\"url\":\"https:\\\/\\\/www.accuratereviews.com\\\/it\\\/\",\"name\":\"Accurate Reviews\",\"description\":\"\",\"potentialAction\":[{\"@type\":\"SearchAction\",\"target\":{\"@type\":\"EntryPoint\",\"urlTemplate\":\"https:\\\/\\\/www.accuratereviews.com\\\/it\\\/?s={search_term_string}\"},\"query-input\":{\"@type\":\"PropertyValueSpecification\",\"valueRequired\":true,\"valueName\":\"search_term_string\"}}],\"inLanguage\":\"it-IT\"}]}<\/script>\n<!-- \/ Yoast SEO plugin. -->","yoast_head_json":{"title":"Odoo: recensione software ERP - Accurate Reviews","description":"Odoo: recensione del software di pianificazione delle risorse aziendali (ERP) che si impegna a soddisfare tutte le esigenze che richiede un'impresa.","robots":{"index":"index","follow":"follow","max-snippet":"max-snippet:-1","max-image-preview":"max-image-preview:large","max-video-preview":"max-video-preview:-1"},"canonical":"https:\/\/www.accuratereviews.com\/it\/software-erp-lista-software\/odoo-recensione\/","og_locale":"it_IT","og_type":"article","og_title":"Odoo: recensione software ERP - Accurate Reviews","og_description":"Odoo: recensione del software di pianificazione delle risorse aziendali (ERP) che si impegna a soddisfare tutte le esigenze che richiede un'impresa.","og_url":"https:\/\/www.accuratereviews.com\/it\/software-erp-lista-software\/odoo-recensione\/","og_site_name":"Accurate Reviews","og_image":[{"width":621,"height":196,"url":"https:\/\/www.accuratereviews.com\/wp-content\/uploads\/2020\/01\/odoo_logo.png","type":"image\/png"}],"twitter_card":"summary_large_image","twitter_misc":{"Tempo di lettura stimato":"3 minuti"},"schema":{"@context":"https:\/\/schema.org","@graph":[{"@type":"WebPage","@id":"https:\/\/www.accuratereviews.com\/it\/software-erp-lista-software\/odoo-recensione\/","url":"https:\/\/www.accuratereviews.com\/it\/software-erp-lista-software\/odoo-recensione\/","name":"Odoo: recensione software ERP - Accurate Reviews","isPartOf":{"@id":"https:\/\/www.accuratereviews.com\/it\/#website"},"primaryImageOfPage":{"@id":"https:\/\/www.accuratereviews.com\/it\/software-erp-lista-software\/odoo-recensione\/#primaryimage"},"image":{"@id":"https:\/\/www.accuratereviews.com\/it\/software-erp-lista-software\/odoo-recensione\/#primaryimage"},"thumbnailUrl":"https:\/\/www.accuratereviews.com\/wp-content\/uploads\/2020\/01\/odoo_logo.png","datePublished":"2020-01-13T16:09:45+00:00","description":"Odoo: recensione del software di pianificazione delle risorse aziendali (ERP) che si impegna a soddisfare tutte le esigenze che richiede un'impresa.","breadcrumb":{"@id":"https:\/\/www.accuratereviews.com\/it\/software-erp-lista-software\/odoo-recensione\/#breadcrumb"},"inLanguage":"it-IT","potentialAction":[{"@type":"ReadAction","target":["https:\/\/www.accuratereviews.com\/it\/software-erp-lista-software\/odoo-recensione\/"]}]},{"@type":"ImageObject","inLanguage":"it-IT","@id":"https:\/\/www.accuratereviews.com\/it\/software-erp-lista-software\/odoo-recensione\/#primaryimage","url":"https:\/\/www.accuratereviews.com\/wp-content\/uploads\/2020\/01\/odoo_logo.png","contentUrl":"https:\/\/www.accuratereviews.com\/wp-content\/uploads\/2020\/01\/odoo_logo.png","width":621,"height":196},{"@type":"BreadcrumbList","@id":"https:\/\/www.accuratereviews.com\/it\/software-erp-lista-software\/odoo-recensione\/#breadcrumb","itemListElement":[{"@type":"ListItem","position":1,"name":"Home","item":"https:\/\/www.accuratereviews.com\/it\/"},{"@type":"ListItem","position":2,"name":"ERP Software","item":"https:\/\/www.accuratereviews.com\/it\/software-erp-lista-software\/"},{"@type":"ListItem","position":3,"name":"Odoo"}]},{"@type":"WebSite","@id":"https:\/\/www.accuratereviews.com\/it\/#website","url":"https:\/\/www.accuratereviews.com\/it\/","name":"Accurate Reviews","description":"","potentialAction":[{"@type":"SearchAction","target":{"@type":"EntryPoint","urlTemplate":"https:\/\/www.accuratereviews.com\/it\/?s={search_term_string}"},"query-input":{"@type":"PropertyValueSpecification","valueRequired":true,"valueName":"search_term_string"}}],"inLanguage":"it-IT"}]}},"_links":{"self":[{"href":"https:\/\/www.accuratereviews.com\/it\/wp-json\/wp\/v2\/pages\/22071","targetHints":{"allow":["GET"]}}],"collection":[{"href":"https:\/\/www.accuratereviews.com\/it\/wp-json\/wp\/v2\/pages"}],"about":[{"href":"https:\/\/www.accuratereviews.com\/it\/wp-json\/wp\/v2\/types\/page"}],"author":[{"embeddable":true,"href":"https:\/\/www.accuratereviews.com\/it\/wp-json\/wp\/v2\/users\/17"}],"replies":[{"embeddable":true,"href":"https:\/\/www.accuratereviews.com\/it\/wp-json\/wp\/v2\/comments?post=22071"}],"version-history":[{"count":3,"href":"https:\/\/www.accuratereviews.com\/it\/wp-json\/wp\/v2\/pages\/22071\/revisions"}],"predecessor-version":[{"id":22092,"href":"https:\/\/www.accuratereviews.com\/it\/wp-json\/wp\/v2\/pages\/22071\/revisions\/22092"}],"up":[{"embeddable":true,"href":"https:\/\/www.accuratereviews.com\/it\/wp-json\/wp\/v2\/pages\/22029"}],"wp:featuredmedia":[{"embeddable":true,"href":"https:\/\/www.accuratereviews.com\/it\/wp-json\/wp\/v2\/media\/22073"}],"wp:attachment":[{"href":"https:\/\/www.accuratereviews.com\/it\/wp-json\/wp\/v2\/media?parent=22071"}],"wp:term":[{"taxonomy":"category","embeddable":true,"href":"https:\/\/www.accuratereviews.com\/it\/wp-json\/wp\/v2\/categories?post=22071"},{"taxonomy":"post_tag","embeddable":true,"href":"https:\/\/www.accuratereviews.com\/it\/wp-json\/wp\/v2\/tags?post=22071"},{"taxonomy":"features","embeddable":true,"href":"https:\/\/www.accuratereviews.com\/it\/wp-json\/wp\/v2\/features?post=22071"}],"curies":[{"name":"wp","href":"https:\/\/api.w.org\/{rel}","templated":true}]}}