{"id":22082,"date":"2020-01-13T16:11:29","date_gmt":"2020-01-13T16:11:29","guid":{"rendered":"https:\/\/www.accuratereviews.com\/?page_id=22082"},"modified":"2020-01-13T16:11:29","modified_gmt":"2020-01-13T16:11:29","slug":"sap-cloud-erp-suite-recensione","status":"publish","type":"page","link":"https:\/\/www.accuratereviews.com\/it\/software-erp-lista-software\/sap-cloud-erp-suite-recensione\/","title":{"rendered":"IQMS ERP Software"},"content":{"rendered":"<p><strong>IQMS ERP Software<\/strong> \u00e8 una <strong>soluzione ERP<\/strong> che dispone di numero moduli creati per gestire e monitorare l&#8217;intero processo di produzione di un&#8217;azienda. L&#8217;approccio che offre \u00e8 <strong>modulare e scalabile<\/strong> (elimina i silos di dati) ed \u00e8 progettato su misura per l&#8217;ambiente della tua fabbrica cos\u00ec da andare in contro alle esigenze di tutti. Si tratta di un sistema completo che si occupa del <strong>monitoraggio della produzione<\/strong>, della contabilit\u00e0, della catena di approvvigionamento e di tutto ci\u00f2 che riguarda il tuo business. Grazie a questo programma, sarai in grado di <strong>raggiungere l&#8217;eccellenza operativa<\/strong> poich\u00e9 sar\u00e0 lui a occuparsi di tutti quei processi che normalmente ti richiedono tempo ed energie.<\/p>\n<h2>COME FUNZIONA IQMS ERP SOFTWARE &#8211; TUTORIAL<\/h2>\n<p>Diamo un&#8217;occhiata a questo video per comprendere come funziona questo software:<\/p>\n<div id=\"fluid-wrapper-counter-1\" class=\"g1-fluid-wrapper \" style=\"width:686px;\">\n<div style=\"padding-bottom:56.268221574344%;\"><iframe loading=\"lazy\" title=\"IQMS Product Overview\" width=\"686\" height=\"386\" src=\"https:\/\/www.youtube.com\/embed\/sAUriOrhA44?feature=oembed&amp;wmode=transparent&amp;autohide=1&amp;autoplay=0&amp;disablekb=0&amp;fs=1&amp;loop=0&amp;enablejsapi=1&amp;rel=0&amp;controls=2&amp;showinfo=0&amp;wmode=transparent&amp;autohide=2&amp;autoplay=0&amp;disablekb=0&amp;fs=1&amp;loop=0&amp;enablejsapi=1&amp;rel=0&amp;controls=2&amp;showinfo=1\" frameborder=\"0\" allow=\"accelerometer; autoplay; encrypted-media; gyroscope; picture-in-picture\" allowfullscreen><\/iframe><\/div>\n<\/div>\n<h3>IQMS ERP SOFTWARE &#8211; CARATTERISTICHE<\/h3>\n<p>Di seguito elenchiamo le sue principali caratteristiche:<\/p>\n<ul>\n<li><strong>Monitoraggio dell&#8217;attivit\u00e0 aziendale<\/strong>: automatizza tutti i processi aziendali che normalmente ti richiedono tempo ed energie (ordini arretrati, inventario settimanale, requisiti di produzione ecc.)<\/li>\n<li><strong>Strumenti di business intelligence<\/strong>: sfrutta i dati del sistema ERP per ottenere analisi dettagliate e report precisi riguardanti la tua azienda<\/li>\n<li><strong>Gestione della catena di approvvigionamento<\/strong>: aumenta la produttivit\u00e0 semplificando i processi da ordine a denaro, riducendo l&#8217;inventario e monitorando la produzione<\/li>\n<li><strong>Gestione delle relazioni con i clienti (CRM)<\/strong>: mantieni delle buone relazioni sia con i tuoi clienti che con i fornitori.<\/li>\n<\/ul>\n<h3>LE RECENSIONI DEGLI UTENTI<\/h3>\n<p><strong>&#8220;Sistema ERP IQMS&#8221;<\/strong><br \/>\nIN GENERALE: Nel complesso, ho avuto un&#8217;esperienza molto positiva con IQMS in quanto aiuta a guidare i flussi di lavoro dell&#8217;azienda per la produzione.<br \/>\nPRO: Ho scelto IQMS rispetto ad altri sistemi ERP perch\u00e9 ha riunito tutte le aree funzionali dell&#8217;azienda in un&#8217;unica piattaforma (produzione, finanza, qualit\u00e0). Mi \u00e8 piaciuto anche che fosse una singola azienda con un unico numero di supporto tecnico da gestire.<br \/>\nCONTRO: L&#8217;implementazione \u00e8 stata un grande progetto &#8230;. Vorrei essere stato leggermente pi\u00f9 coinvolto per prevenire il mal di testa lungo la strada.<\/p>\n<p><strong>&#8220;Revisione IQMS&#8221;<\/strong><br \/>\nPRO: il software \u00e8 enorme e pi\u00f9 personalizzabile rispetto al nostro modello di business particolare rispetto alla concorrenza.<br \/>\nCONTRO: Il sistema \u00e8 enorme ed \u00e8 impossibile impararlo senza una formazione continua. Il supporto \u00e8 in realt\u00e0 un team di vendita per la formazione e spinge costantemente i clienti che necessitano di assistenza per l&#8217;acquisto della formazione, anzich\u00e9 fornire effettivamente supporto.<\/p>\n<p><strong>&#8220;Nel complesso la nostra esperienza \u00e8 stata buona ..&#8221;<\/strong><br \/>\nIN GENERALE: utilizziamo il software per gestire l&#8217;intera azienda.<br \/>\nPRO: IQMS si \u00e8 adattato per soddisfare le esigenze dei nostri clienti in costante evoluzione. Hanno anche fatto un buon sforzo per migliorare il sistema per aggiungere funzionalit\u00e0 al software per una migliore esperienza ERP di produzione.<br \/>\nCONTRO: Gli aggiornamenti possono essere molto difficili. Anche con i test prima di andare in diretta ci sono cose che accadono che non dovrebbero accadere. Non sono sicuro che sia sempre una situazione di carico in tempo reale a rappresentare la sfida, ma c&#8217;\u00e8 stato un aumento dei problemi che si verificano nel processo di aggiornamento. Anche il supporto ha avuto un successo negli ultimi due anni. Il supporto di livello 1 manca di tutto tranne che di problemi di base. Se c&#8217;\u00e8 qualcosa di complesso, buona fortuna. Inoltre, se succede qualcosa al di fuori della normale interfaccia front-end, circa il 50% del supporto non tenter\u00e0 nemmeno di aiutarti e il cliente \u00e8 da solo.<\/p>\n","protected":false},"excerpt":{"rendered":"<p>IQMS ERP Software \u00e8 una soluzione ERP che dispone di numero moduli creati per gestire e monitorare l&#8217;intero processo di produzione di un&#8217;azienda. L&#8217;approccio che offre \u00e8 modulare e scalabile (elimina i silos di dati) ed \u00e8 progettato su misura per l&#8217;ambiente della tua fabbrica cos\u00ec da andare in contro alle esigenze di tutti.\u00a0<\/p>\n","protected":false},"author":17,"featured_media":22084,"parent":22029,"menu_order":0,"comment_status":"open","ping_status":"closed","template":"g1_template_page_review_new.php","meta":{"_acf_changed":false,"cwp_meta_box_check":"Yes","cwp_rev_product_name":"","cwp_rev_product_image":"","wppr_links":[],"cwp_rev_price":"","wppr_options":[],"wppr_pros":[],"wppr_cons":[],"_monsterinsights_skip_tracking":false,"_monsterinsights_sitenote_active":false,"_monsterinsights_sitenote_note":"","_monsterinsights_sitenote_category":0,"footnotes":""},"categories":[1654],"tags":[1664,1663,923],"features":[],"class_list":{"0":"post-22082","1":"page","2":"type-page","3":"status-publish","4":"has-post-thumbnail","6":"category-enterprise-resource-planning-software-erp","7":"tag-enterprise-resource-planning","8":"tag-erp","9":"tag-software-erp"},"wppr_data":{"cwp_meta_box_check":"Yes","cwp_rev_product_name":"","cwp_rev_product_image":"","cwp_image_link":"image","cwp_rev_price":"","wppr_rating":"0.00"},"acf":[],"yoast_head":"<!-- This site is optimized with the Yoast SEO plugin v27.4 - https:\/\/yoast.com\/product\/yoast-seo-wordpress\/ -->\n<title>IQMS ERP Software: recensione - Accurate Reviews<\/title>\n<meta name=\"description\" content=\"IQMS ERP Software: recensione della soluzione ERP creata per gestire e monitorare l&#039;intero processo di produzione di un&#039;azienda.\" \/>\n<meta name=\"robots\" content=\"index, follow, max-snippet:-1, max-image-preview:large, max-video-preview:-1\" \/>\n<link rel=\"canonical\" href=\"https:\/\/www.accuratereviews.com\/it\/software-erp-lista-software\/sap-cloud-erp-suite-recensione\/\" \/>\n<meta property=\"og:locale\" content=\"it_IT\" \/>\n<meta property=\"og:type\" content=\"article\" \/>\n<meta property=\"og:title\" content=\"IQMS ERP Software: recensione - Accurate Reviews\" \/>\n<meta property=\"og:description\" content=\"IQMS ERP Software: recensione della soluzione ERP creata per gestire e monitorare l&#039;intero processo di produzione di un&#039;azienda.\" \/>\n<meta property=\"og:url\" content=\"https:\/\/www.accuratereviews.com\/it\/software-erp-lista-software\/sap-cloud-erp-suite-recensione\/\" \/>\n<meta property=\"og:site_name\" content=\"Accurate Reviews\" \/>\n<meta property=\"og:image\" content=\"https:\/\/www.accuratereviews.com\/wp-content\/uploads\/2020\/01\/434-4343020_iqms-logo-iqms-manufacturing-erp-hd-png-download.jpg\" \/>\n\t<meta property=\"og:image:width\" content=\"840\" \/>\n\t<meta property=\"og:image:height\" content=\"481\" \/>\n\t<meta property=\"og:image:type\" content=\"image\/jpeg\" \/>\n<meta name=\"twitter:card\" content=\"summary_large_image\" \/>\n<meta name=\"twitter:label1\" content=\"Tempo di lettura stimato\" \/>\n\t<meta name=\"twitter:data1\" content=\"3 minuti\" \/>\n<script type=\"application\/ld+json\" class=\"yoast-schema-graph\">{\"@context\":\"https:\\\/\\\/schema.org\",\"@graph\":[{\"@type\":\"WebPage\",\"@id\":\"https:\\\/\\\/www.accuratereviews.com\\\/it\\\/software-erp-lista-software\\\/sap-cloud-erp-suite-recensione\\\/\",\"url\":\"https:\\\/\\\/www.accuratereviews.com\\\/it\\\/software-erp-lista-software\\\/sap-cloud-erp-suite-recensione\\\/\",\"name\":\"IQMS ERP Software: recensione - Accurate Reviews\",\"isPartOf\":{\"@id\":\"https:\\\/\\\/www.accuratereviews.com\\\/it\\\/#website\"},\"primaryImageOfPage\":{\"@id\":\"https:\\\/\\\/www.accuratereviews.com\\\/it\\\/software-erp-lista-software\\\/sap-cloud-erp-suite-recensione\\\/#primaryimage\"},\"image\":{\"@id\":\"https:\\\/\\\/www.accuratereviews.com\\\/it\\\/software-erp-lista-software\\\/sap-cloud-erp-suite-recensione\\\/#primaryimage\"},\"thumbnailUrl\":\"https:\\\/\\\/www.accuratereviews.com\\\/wp-content\\\/uploads\\\/2020\\\/01\\\/434-4343020_iqms-logo-iqms-manufacturing-erp-hd-png-download.jpg\",\"datePublished\":\"2020-01-13T16:11:29+00:00\",\"description\":\"IQMS ERP Software: recensione della soluzione ERP creata per gestire e monitorare l'intero processo di produzione di un'azienda.\",\"breadcrumb\":{\"@id\":\"https:\\\/\\\/www.accuratereviews.com\\\/it\\\/software-erp-lista-software\\\/sap-cloud-erp-suite-recensione\\\/#breadcrumb\"},\"inLanguage\":\"it-IT\",\"potentialAction\":[{\"@type\":\"ReadAction\",\"target\":[\"https:\\\/\\\/www.accuratereviews.com\\\/it\\\/software-erp-lista-software\\\/sap-cloud-erp-suite-recensione\\\/\"]}]},{\"@type\":\"ImageObject\",\"inLanguage\":\"it-IT\",\"@id\":\"https:\\\/\\\/www.accuratereviews.com\\\/it\\\/software-erp-lista-software\\\/sap-cloud-erp-suite-recensione\\\/#primaryimage\",\"url\":\"https:\\\/\\\/www.accuratereviews.com\\\/wp-content\\\/uploads\\\/2020\\\/01\\\/434-4343020_iqms-logo-iqms-manufacturing-erp-hd-png-download.jpg\",\"contentUrl\":\"https:\\\/\\\/www.accuratereviews.com\\\/wp-content\\\/uploads\\\/2020\\\/01\\\/434-4343020_iqms-logo-iqms-manufacturing-erp-hd-png-download.jpg\",\"width\":840,\"height\":481},{\"@type\":\"BreadcrumbList\",\"@id\":\"https:\\\/\\\/www.accuratereviews.com\\\/it\\\/software-erp-lista-software\\\/sap-cloud-erp-suite-recensione\\\/#breadcrumb\",\"itemListElement\":[{\"@type\":\"ListItem\",\"position\":1,\"name\":\"Home\",\"item\":\"https:\\\/\\\/www.accuratereviews.com\\\/it\\\/\"},{\"@type\":\"ListItem\",\"position\":2,\"name\":\"ERP Software\",\"item\":\"https:\\\/\\\/www.accuratereviews.com\\\/it\\\/software-erp-lista-software\\\/\"},{\"@type\":\"ListItem\",\"position\":3,\"name\":\"IQMS ERP Software\"}]},{\"@type\":\"WebSite\",\"@id\":\"https:\\\/\\\/www.accuratereviews.com\\\/it\\\/#website\",\"url\":\"https:\\\/\\\/www.accuratereviews.com\\\/it\\\/\",\"name\":\"Accurate Reviews\",\"description\":\"\",\"potentialAction\":[{\"@type\":\"SearchAction\",\"target\":{\"@type\":\"EntryPoint\",\"urlTemplate\":\"https:\\\/\\\/www.accuratereviews.com\\\/it\\\/?s={search_term_string}\"},\"query-input\":{\"@type\":\"PropertyValueSpecification\",\"valueRequired\":true,\"valueName\":\"search_term_string\"}}],\"inLanguage\":\"it-IT\"}]}<\/script>\n<!-- \/ Yoast SEO plugin. -->","yoast_head_json":{"title":"IQMS ERP Software: recensione - Accurate Reviews","description":"IQMS ERP Software: recensione della soluzione ERP creata per gestire e monitorare l'intero processo di produzione di un'azienda.","robots":{"index":"index","follow":"follow","max-snippet":"max-snippet:-1","max-image-preview":"max-image-preview:large","max-video-preview":"max-video-preview:-1"},"canonical":"https:\/\/www.accuratereviews.com\/it\/software-erp-lista-software\/sap-cloud-erp-suite-recensione\/","og_locale":"it_IT","og_type":"article","og_title":"IQMS ERP Software: recensione - Accurate Reviews","og_description":"IQMS ERP Software: recensione della soluzione ERP creata per gestire e monitorare l'intero processo di produzione di un'azienda.","og_url":"https:\/\/www.accuratereviews.com\/it\/software-erp-lista-software\/sap-cloud-erp-suite-recensione\/","og_site_name":"Accurate Reviews","og_image":[{"width":840,"height":481,"url":"https:\/\/www.accuratereviews.com\/wp-content\/uploads\/2020\/01\/434-4343020_iqms-logo-iqms-manufacturing-erp-hd-png-download.jpg","type":"image\/jpeg"}],"twitter_card":"summary_large_image","twitter_misc":{"Tempo di lettura stimato":"3 minuti"},"schema":{"@context":"https:\/\/schema.org","@graph":[{"@type":"WebPage","@id":"https:\/\/www.accuratereviews.com\/it\/software-erp-lista-software\/sap-cloud-erp-suite-recensione\/","url":"https:\/\/www.accuratereviews.com\/it\/software-erp-lista-software\/sap-cloud-erp-suite-recensione\/","name":"IQMS ERP Software: recensione - Accurate Reviews","isPartOf":{"@id":"https:\/\/www.accuratereviews.com\/it\/#website"},"primaryImageOfPage":{"@id":"https:\/\/www.accuratereviews.com\/it\/software-erp-lista-software\/sap-cloud-erp-suite-recensione\/#primaryimage"},"image":{"@id":"https:\/\/www.accuratereviews.com\/it\/software-erp-lista-software\/sap-cloud-erp-suite-recensione\/#primaryimage"},"thumbnailUrl":"https:\/\/www.accuratereviews.com\/wp-content\/uploads\/2020\/01\/434-4343020_iqms-logo-iqms-manufacturing-erp-hd-png-download.jpg","datePublished":"2020-01-13T16:11:29+00:00","description":"IQMS ERP Software: recensione della soluzione ERP creata per gestire e monitorare l'intero processo di produzione di un'azienda.","breadcrumb":{"@id":"https:\/\/www.accuratereviews.com\/it\/software-erp-lista-software\/sap-cloud-erp-suite-recensione\/#breadcrumb"},"inLanguage":"it-IT","potentialAction":[{"@type":"ReadAction","target":["https:\/\/www.accuratereviews.com\/it\/software-erp-lista-software\/sap-cloud-erp-suite-recensione\/"]}]},{"@type":"ImageObject","inLanguage":"it-IT","@id":"https:\/\/www.accuratereviews.com\/it\/software-erp-lista-software\/sap-cloud-erp-suite-recensione\/#primaryimage","url":"https:\/\/www.accuratereviews.com\/wp-content\/uploads\/2020\/01\/434-4343020_iqms-logo-iqms-manufacturing-erp-hd-png-download.jpg","contentUrl":"https:\/\/www.accuratereviews.com\/wp-content\/uploads\/2020\/01\/434-4343020_iqms-logo-iqms-manufacturing-erp-hd-png-download.jpg","width":840,"height":481},{"@type":"BreadcrumbList","@id":"https:\/\/www.accuratereviews.com\/it\/software-erp-lista-software\/sap-cloud-erp-suite-recensione\/#breadcrumb","itemListElement":[{"@type":"ListItem","position":1,"name":"Home","item":"https:\/\/www.accuratereviews.com\/it\/"},{"@type":"ListItem","position":2,"name":"ERP Software","item":"https:\/\/www.accuratereviews.com\/it\/software-erp-lista-software\/"},{"@type":"ListItem","position":3,"name":"IQMS ERP Software"}]},{"@type":"WebSite","@id":"https:\/\/www.accuratereviews.com\/it\/#website","url":"https:\/\/www.accuratereviews.com\/it\/","name":"Accurate Reviews","description":"","potentialAction":[{"@type":"SearchAction","target":{"@type":"EntryPoint","urlTemplate":"https:\/\/www.accuratereviews.com\/it\/?s={search_term_string}"},"query-input":{"@type":"PropertyValueSpecification","valueRequired":true,"valueName":"search_term_string"}}],"inLanguage":"it-IT"}]}},"_links":{"self":[{"href":"https:\/\/www.accuratereviews.com\/it\/wp-json\/wp\/v2\/pages\/22082","targetHints":{"allow":["GET"]}}],"collection":[{"href":"https:\/\/www.accuratereviews.com\/it\/wp-json\/wp\/v2\/pages"}],"about":[{"href":"https:\/\/www.accuratereviews.com\/it\/wp-json\/wp\/v2\/types\/page"}],"author":[{"embeddable":true,"href":"https:\/\/www.accuratereviews.com\/it\/wp-json\/wp\/v2\/users\/17"}],"replies":[{"embeddable":true,"href":"https:\/\/www.accuratereviews.com\/it\/wp-json\/wp\/v2\/comments?post=22082"}],"version-history":[{"count":2,"href":"https:\/\/www.accuratereviews.com\/it\/wp-json\/wp\/v2\/pages\/22082\/revisions"}],"predecessor-version":[{"id":22091,"href":"https:\/\/www.accuratereviews.com\/it\/wp-json\/wp\/v2\/pages\/22082\/revisions\/22091"}],"up":[{"embeddable":true,"href":"https:\/\/www.accuratereviews.com\/it\/wp-json\/wp\/v2\/pages\/22029"}],"wp:featuredmedia":[{"embeddable":true,"href":"https:\/\/www.accuratereviews.com\/it\/wp-json\/wp\/v2\/media\/22084"}],"wp:attachment":[{"href":"https:\/\/www.accuratereviews.com\/it\/wp-json\/wp\/v2\/media?parent=22082"}],"wp:term":[{"taxonomy":"category","embeddable":true,"href":"https:\/\/www.accuratereviews.com\/it\/wp-json\/wp\/v2\/categories?post=22082"},{"taxonomy":"post_tag","embeddable":true,"href":"https:\/\/www.accuratereviews.com\/it\/wp-json\/wp\/v2\/tags?post=22082"},{"taxonomy":"features","embeddable":true,"href":"https:\/\/www.accuratereviews.com\/it\/wp-json\/wp\/v2\/features?post=22082"}],"curies":[{"name":"wp","href":"https:\/\/api.w.org\/{rel}","templated":true}]}}