{"id":22094,"date":"2020-01-14T13:07:57","date_gmt":"2020-01-14T13:07:57","guid":{"rendered":"https:\/\/www.accuratereviews.com\/?page_id=22094"},"modified":"2020-01-14T13:07:57","modified_gmt":"2020-01-14T13:07:57","slug":"epromis-erp-recensione","status":"publish","type":"page","link":"https:\/\/www.accuratereviews.com\/it\/software-erp-lista-software\/epromis-erp-recensione\/","title":{"rendered":"ePROMIS ERP"},"content":{"rendered":"<p><strong>ePROMIS ERP<\/strong> \u00e8 un <strong>software di Enterprise Resource Planning (ERP)<\/strong> che vuole dare potere a industrie e imprese di tutte le dimensioni in modo tale che raggiungano la <strong>massima efficienza aziendale<\/strong>. Il programma si occupa infatti di ogni tipo di ambito che pu\u00f2 andare dalla finanza, ai progetti, alle risorse umane, all&#8217;analisi, alla pianificazione e alle relazioni con i clienti. In questo modo<strong> riesce a coprire tutte le funzionalit\u00e0 aziendali<\/strong> ottimizzando quei processi che normalmente richiedono tempo, energia e denaro. <strong>ePROMIS ERP<\/strong> va in contro alle esigenze di tutti permettendo di <strong>personalizzare a proprio piacimento<\/strong> ogni parte del software basandosi anche sulla struttura organizzativa dell&#8217;azienda in questione.<\/p>\n<h2>COME FUNZIONA EPROMIS ERP &#8211; TUTORIAL<\/h2>\n<p>Ecco un breve video che ci mostra le cose principali di questo sistema:<\/p>\n<div id=\"fluid-wrapper-counter-1\" class=\"g1-fluid-wrapper \" style=\"width:686px;\">\n<div style=\"padding-bottom:56.268221574344%;\"><iframe loading=\"lazy\" title=\"ePROMIS Product Portfolio - ERP, HCM &amp; Other Enterprise Software\" width=\"686\" height=\"386\" src=\"https:\/\/www.youtube.com\/embed\/J27VT9fpq8g?feature=oembed&amp;wmode=transparent&amp;autohide=1&amp;autoplay=0&amp;disablekb=0&amp;fs=1&amp;loop=0&amp;enablejsapi=1&amp;rel=0&amp;controls=2&amp;showinfo=0&amp;wmode=transparent&amp;autohide=2&amp;autoplay=0&amp;disablekb=0&amp;fs=1&amp;loop=0&amp;enablejsapi=1&amp;rel=0&amp;controls=2&amp;showinfo=1\" frameborder=\"0\" allow=\"accelerometer; autoplay; encrypted-media; gyroscope; picture-in-picture\" allowfullscreen><\/iframe><\/div>\n<\/div>\n<h3>EPROMIS ERP &#8211; CARATTERISTICHE<\/h3>\n<p>Ecco le sue principali caratteristiche:<\/p>\n<ul>\n<li><strong>Business Suite<\/strong>: consente analisi in tempo reale e processi decisionali basati su prove<\/li>\n<li><strong>Business Intelligence &#8211; BI<\/strong>: utilizza questi strumenti per ottimizzare tutti quei processi che normalmente ti richiedono tempo e fatica<\/li>\n<li><strong>Gestione delle relazioni con i clienti &#8211; CRM<\/strong>: mantieni e migliora le relazioni con i clienti fidelizzati e con quelli nuovi<\/li>\n<li><strong>Enterprise Asset Management<\/strong>: gestisci le risorse aziendali grazie all&#8217;analisi in tempo reale delle risorse<\/li>\n<li><strong>Pianificazione delle risorse aziendali<\/strong>: pianifica progetti sfruttando al meglio le risorse aziendali e ottieni cos\u00ec una maggiore produttivit\u00e0<\/li>\n<li><strong>Gestione degli acquisti<\/strong>: segui rapidamente il processo da ordine a contante eliminando inceppamenti ed errori<\/li>\n<li><strong>Gestione del ciclo di vita del prodotto<\/strong>: utilizza questi strumenti per seguire il ciclo di vita di un prodotto e per svilupparne di nuovi<\/li>\n<\/ul>\n<h3>LE RECENSIONI DEGLI UTENTI<\/h3>\n<p><strong>&#8220;ePROMIS per migliorare la gestione e l&#8217;impegno della forza lavoro&#8221;<\/strong><br \/>\nIN GENERALE: ePROMIS \u00e8 un pacchetto software ERP molto esteso, con tutti i moduli di cui abbiamo bisogno.<br \/>\nPRO: Dal punto di vista delle risorse umane, l&#8217;ERP ePROMIS \u00e8 molto facile da usare e ben studiato. La segnalazione \u00e8 facile da eseguire per la conformit\u00e0 obbligatoria. Semplifica il nostro lavoro e crea efficienze per i dipartimenti Risorse umane e personale. Talent Management \u00e8 uno dei sistemi nel modulo Risorse umane. Mi piace di pi\u00f9; ci aiuta ad attrarre, acquisire, integrare, sviluppare e trattenere talenti ad alte prestazioni. Il portale self-service dei dipendenti \u00e8 un altro sistema eccellente e i dipendenti possono richiedere foglie, documenti, buste paga ecc. Utilizzando ESS, senza effettuare richieste manualmente.<br \/>\nCONTRO: l&#8217;esperienza dell&#8217;utente potrebbe essere migliorata, ma ho sentito che recentemente hanno introdotto una nuova interfaccia utente.<\/p>\n<p><strong>&#8220;ERP per analisi in tempo reale e visibilit\u00e0 nei dettagli dei progetti&#8221;<\/strong><br \/>\nIN GENERALE: mi piace cos\u00ec com&#8217;\u00e8 e i miglioramenti apportati al software negli anni passati<br \/>\nPRO: Siamo una delle principali societ\u00e0 di costruzioni della regione e utilizziamo ERP ePROMIS da un decennio. Il sistema ci aiuta a raggiungere l&#8217;eccellenza finanziaria e operativa nei nostri progetti monitorando le prestazioni e la redditivit\u00e0 del progetto, monitorando la percentuale di completamento del lavoro, la produttivit\u00e0 e gestendo le relazioni con i subappaltatori.<br \/>\nCONTRO: nonostante tutto, abbiamo gi\u00e0 usato un&#8217;edizione precedente di ePROMIS, il prodotto continua a migliorare con ogni versione.<\/p>\n<p><strong>&#8220;Eccellente contabilit\u00e0 e rendicontazione&#8221;<\/strong><br \/>\nIN GENERALE: eccezionale strumento per analisi con grande funzionalit\u00e0<br \/>\nPRO: ePROMIS gestisce le tue finanze senza creare confusione. Puoi accedere ai dati che vorresti vedere in pochi clic. Molti altri sistemi ERP sono esteticamente noiosi e non piacevoli mentre ePROMIS coinvolge l&#8217;utente con facilit\u00e0 d&#8217;uso e versatilit\u00e0<br \/>\nCONTRO: a seconda di come \u00e8 stata configurata la tua azienda, personalizzazioni di successo richiedono impegno da parte del venditore e del cliente. Le personalizzazioni funzionano bene ma richiedono pi\u00f9 tempo del previsto<\/p>\n","protected":false},"excerpt":{"rendered":"<p>ePROMIS ERP \u00e8 un software di Enterprise Resource Planning (ERP) che vuole dare potere a industrie e imprese di tutte le dimensioni in modo tale che raggiungano la massima efficienza aziendale. Il programma si occupa infatti di ogni tipo di ambito che pu\u00f2 andare dalla finanza, ai progetti, alle risorse umane, all&#8217;analisi, alla pianificazione e alle relazioni con i clienti.<\/p>\n","protected":false},"author":17,"featured_media":22096,"parent":22029,"menu_order":0,"comment_status":"open","ping_status":"closed","template":"g1_template_page_review_new.php","meta":{"_acf_changed":false,"cwp_meta_box_check":"Yes","cwp_rev_product_name":"","cwp_rev_product_image":"","wppr_links":[],"cwp_rev_price":"","wppr_options":[],"wppr_pros":[],"wppr_cons":[],"_monsterinsights_skip_tracking":false,"_monsterinsights_sitenote_active":false,"_monsterinsights_sitenote_note":"","_monsterinsights_sitenote_category":0,"footnotes":""},"categories":[1654],"tags":[1664,1663,340,923],"features":[],"class_list":{"0":"post-22094","1":"page","2":"type-page","3":"status-publish","4":"has-post-thumbnail","6":"category-enterprise-resource-planning-software-erp","7":"tag-enterprise-resource-planning","8":"tag-erp","9":"tag-programma-gestionale-erp","10":"tag-software-erp"},"wppr_data":{"cwp_meta_box_check":"Yes","cwp_rev_product_name":"","cwp_rev_product_image":"","cwp_image_link":"image","cwp_rev_price":"","wppr_rating":"0.00"},"acf":[],"yoast_head":"<!-- This site is optimized with the Yoast SEO plugin v27.4 - https:\/\/yoast.com\/product\/yoast-seo-wordpress\/ -->\n<title>ePROMIS ERP: recensione software - Accurate Reviews<\/title>\n<meta name=\"description\" content=\"ePROMIS ERP: recensione del software di Enterprise Resource Planning (ERP) che vuole dare potere a industrie e imprese di tutte le dimensioni.\" \/>\n<meta name=\"robots\" content=\"index, follow, max-snippet:-1, max-image-preview:large, max-video-preview:-1\" \/>\n<link rel=\"canonical\" href=\"https:\/\/www.accuratereviews.com\/it\/software-erp-lista-software\/epromis-erp-recensione\/\" \/>\n<meta property=\"og:locale\" content=\"it_IT\" \/>\n<meta property=\"og:type\" content=\"article\" \/>\n<meta property=\"og:title\" content=\"ePROMIS ERP: recensione software - Accurate Reviews\" \/>\n<meta property=\"og:description\" content=\"ePROMIS ERP: recensione del software di Enterprise Resource Planning (ERP) che vuole dare potere a industrie e imprese di tutte le dimensioni.\" \/>\n<meta property=\"og:url\" content=\"https:\/\/www.accuratereviews.com\/it\/software-erp-lista-software\/epromis-erp-recensione\/\" \/>\n<meta property=\"og:site_name\" content=\"Accurate Reviews\" \/>\n<meta property=\"og:image\" content=\"https:\/\/www.accuratereviews.com\/wp-content\/uploads\/2020\/01\/ePROMIS-Official-Logo.png\" \/>\n\t<meta property=\"og:image:width\" content=\"627\" \/>\n\t<meta property=\"og:image:height\" content=\"276\" \/>\n\t<meta property=\"og:image:type\" content=\"image\/png\" \/>\n<meta name=\"twitter:card\" content=\"summary_large_image\" \/>\n<meta name=\"twitter:label1\" content=\"Tempo di lettura stimato\" \/>\n\t<meta name=\"twitter:data1\" content=\"3 minuti\" \/>\n<script type=\"application\/ld+json\" class=\"yoast-schema-graph\">{\"@context\":\"https:\\\/\\\/schema.org\",\"@graph\":[{\"@type\":\"WebPage\",\"@id\":\"https:\\\/\\\/www.accuratereviews.com\\\/it\\\/software-erp-lista-software\\\/epromis-erp-recensione\\\/\",\"url\":\"https:\\\/\\\/www.accuratereviews.com\\\/it\\\/software-erp-lista-software\\\/epromis-erp-recensione\\\/\",\"name\":\"ePROMIS ERP: recensione software - Accurate Reviews\",\"isPartOf\":{\"@id\":\"https:\\\/\\\/www.accuratereviews.com\\\/it\\\/#website\"},\"primaryImageOfPage\":{\"@id\":\"https:\\\/\\\/www.accuratereviews.com\\\/it\\\/software-erp-lista-software\\\/epromis-erp-recensione\\\/#primaryimage\"},\"image\":{\"@id\":\"https:\\\/\\\/www.accuratereviews.com\\\/it\\\/software-erp-lista-software\\\/epromis-erp-recensione\\\/#primaryimage\"},\"thumbnailUrl\":\"https:\\\/\\\/www.accuratereviews.com\\\/wp-content\\\/uploads\\\/2020\\\/01\\\/ePROMIS-Official-Logo.png\",\"datePublished\":\"2020-01-14T13:07:57+00:00\",\"description\":\"ePROMIS ERP: recensione del software di Enterprise Resource Planning (ERP) che vuole dare potere a industrie e imprese di tutte le dimensioni.\",\"breadcrumb\":{\"@id\":\"https:\\\/\\\/www.accuratereviews.com\\\/it\\\/software-erp-lista-software\\\/epromis-erp-recensione\\\/#breadcrumb\"},\"inLanguage\":\"it-IT\",\"potentialAction\":[{\"@type\":\"ReadAction\",\"target\":[\"https:\\\/\\\/www.accuratereviews.com\\\/it\\\/software-erp-lista-software\\\/epromis-erp-recensione\\\/\"]}]},{\"@type\":\"ImageObject\",\"inLanguage\":\"it-IT\",\"@id\":\"https:\\\/\\\/www.accuratereviews.com\\\/it\\\/software-erp-lista-software\\\/epromis-erp-recensione\\\/#primaryimage\",\"url\":\"https:\\\/\\\/www.accuratereviews.com\\\/wp-content\\\/uploads\\\/2020\\\/01\\\/ePROMIS-Official-Logo.png\",\"contentUrl\":\"https:\\\/\\\/www.accuratereviews.com\\\/wp-content\\\/uploads\\\/2020\\\/01\\\/ePROMIS-Official-Logo.png\",\"width\":627,\"height\":276},{\"@type\":\"BreadcrumbList\",\"@id\":\"https:\\\/\\\/www.accuratereviews.com\\\/it\\\/software-erp-lista-software\\\/epromis-erp-recensione\\\/#breadcrumb\",\"itemListElement\":[{\"@type\":\"ListItem\",\"position\":1,\"name\":\"Home\",\"item\":\"https:\\\/\\\/www.accuratereviews.com\\\/it\\\/\"},{\"@type\":\"ListItem\",\"position\":2,\"name\":\"ERP Software\",\"item\":\"https:\\\/\\\/www.accuratereviews.com\\\/it\\\/software-erp-lista-software\\\/\"},{\"@type\":\"ListItem\",\"position\":3,\"name\":\"ePROMIS ERP\"}]},{\"@type\":\"WebSite\",\"@id\":\"https:\\\/\\\/www.accuratereviews.com\\\/it\\\/#website\",\"url\":\"https:\\\/\\\/www.accuratereviews.com\\\/it\\\/\",\"name\":\"Accurate Reviews\",\"description\":\"\",\"potentialAction\":[{\"@type\":\"SearchAction\",\"target\":{\"@type\":\"EntryPoint\",\"urlTemplate\":\"https:\\\/\\\/www.accuratereviews.com\\\/it\\\/?s={search_term_string}\"},\"query-input\":{\"@type\":\"PropertyValueSpecification\",\"valueRequired\":true,\"valueName\":\"search_term_string\"}}],\"inLanguage\":\"it-IT\"}]}<\/script>\n<!-- \/ Yoast SEO plugin. -->","yoast_head_json":{"title":"ePROMIS ERP: recensione software - Accurate Reviews","description":"ePROMIS ERP: recensione del software di Enterprise Resource Planning (ERP) che vuole dare potere a industrie e imprese di tutte le dimensioni.","robots":{"index":"index","follow":"follow","max-snippet":"max-snippet:-1","max-image-preview":"max-image-preview:large","max-video-preview":"max-video-preview:-1"},"canonical":"https:\/\/www.accuratereviews.com\/it\/software-erp-lista-software\/epromis-erp-recensione\/","og_locale":"it_IT","og_type":"article","og_title":"ePROMIS ERP: recensione software - Accurate Reviews","og_description":"ePROMIS ERP: recensione del software di Enterprise Resource Planning (ERP) che vuole dare potere a industrie e imprese di tutte le dimensioni.","og_url":"https:\/\/www.accuratereviews.com\/it\/software-erp-lista-software\/epromis-erp-recensione\/","og_site_name":"Accurate Reviews","og_image":[{"width":627,"height":276,"url":"https:\/\/www.accuratereviews.com\/wp-content\/uploads\/2020\/01\/ePROMIS-Official-Logo.png","type":"image\/png"}],"twitter_card":"summary_large_image","twitter_misc":{"Tempo di lettura stimato":"3 minuti"},"schema":{"@context":"https:\/\/schema.org","@graph":[{"@type":"WebPage","@id":"https:\/\/www.accuratereviews.com\/it\/software-erp-lista-software\/epromis-erp-recensione\/","url":"https:\/\/www.accuratereviews.com\/it\/software-erp-lista-software\/epromis-erp-recensione\/","name":"ePROMIS ERP: recensione software - Accurate Reviews","isPartOf":{"@id":"https:\/\/www.accuratereviews.com\/it\/#website"},"primaryImageOfPage":{"@id":"https:\/\/www.accuratereviews.com\/it\/software-erp-lista-software\/epromis-erp-recensione\/#primaryimage"},"image":{"@id":"https:\/\/www.accuratereviews.com\/it\/software-erp-lista-software\/epromis-erp-recensione\/#primaryimage"},"thumbnailUrl":"https:\/\/www.accuratereviews.com\/wp-content\/uploads\/2020\/01\/ePROMIS-Official-Logo.png","datePublished":"2020-01-14T13:07:57+00:00","description":"ePROMIS ERP: recensione del software di Enterprise Resource Planning (ERP) che vuole dare potere a industrie e imprese di tutte le dimensioni.","breadcrumb":{"@id":"https:\/\/www.accuratereviews.com\/it\/software-erp-lista-software\/epromis-erp-recensione\/#breadcrumb"},"inLanguage":"it-IT","potentialAction":[{"@type":"ReadAction","target":["https:\/\/www.accuratereviews.com\/it\/software-erp-lista-software\/epromis-erp-recensione\/"]}]},{"@type":"ImageObject","inLanguage":"it-IT","@id":"https:\/\/www.accuratereviews.com\/it\/software-erp-lista-software\/epromis-erp-recensione\/#primaryimage","url":"https:\/\/www.accuratereviews.com\/wp-content\/uploads\/2020\/01\/ePROMIS-Official-Logo.png","contentUrl":"https:\/\/www.accuratereviews.com\/wp-content\/uploads\/2020\/01\/ePROMIS-Official-Logo.png","width":627,"height":276},{"@type":"BreadcrumbList","@id":"https:\/\/www.accuratereviews.com\/it\/software-erp-lista-software\/epromis-erp-recensione\/#breadcrumb","itemListElement":[{"@type":"ListItem","position":1,"name":"Home","item":"https:\/\/www.accuratereviews.com\/it\/"},{"@type":"ListItem","position":2,"name":"ERP Software","item":"https:\/\/www.accuratereviews.com\/it\/software-erp-lista-software\/"},{"@type":"ListItem","position":3,"name":"ePROMIS ERP"}]},{"@type":"WebSite","@id":"https:\/\/www.accuratereviews.com\/it\/#website","url":"https:\/\/www.accuratereviews.com\/it\/","name":"Accurate Reviews","description":"","potentialAction":[{"@type":"SearchAction","target":{"@type":"EntryPoint","urlTemplate":"https:\/\/www.accuratereviews.com\/it\/?s={search_term_string}"},"query-input":{"@type":"PropertyValueSpecification","valueRequired":true,"valueName":"search_term_string"}}],"inLanguage":"it-IT"}]}},"_links":{"self":[{"href":"https:\/\/www.accuratereviews.com\/it\/wp-json\/wp\/v2\/pages\/22094","targetHints":{"allow":["GET"]}}],"collection":[{"href":"https:\/\/www.accuratereviews.com\/it\/wp-json\/wp\/v2\/pages"}],"about":[{"href":"https:\/\/www.accuratereviews.com\/it\/wp-json\/wp\/v2\/types\/page"}],"author":[{"embeddable":true,"href":"https:\/\/www.accuratereviews.com\/it\/wp-json\/wp\/v2\/users\/17"}],"replies":[{"embeddable":true,"href":"https:\/\/www.accuratereviews.com\/it\/wp-json\/wp\/v2\/comments?post=22094"}],"version-history":[{"count":3,"href":"https:\/\/www.accuratereviews.com\/it\/wp-json\/wp\/v2\/pages\/22094\/revisions"}],"predecessor-version":[{"id":22108,"href":"https:\/\/www.accuratereviews.com\/it\/wp-json\/wp\/v2\/pages\/22094\/revisions\/22108"}],"up":[{"embeddable":true,"href":"https:\/\/www.accuratereviews.com\/it\/wp-json\/wp\/v2\/pages\/22029"}],"wp:featuredmedia":[{"embeddable":true,"href":"https:\/\/www.accuratereviews.com\/it\/wp-json\/wp\/v2\/media\/22096"}],"wp:attachment":[{"href":"https:\/\/www.accuratereviews.com\/it\/wp-json\/wp\/v2\/media?parent=22094"}],"wp:term":[{"taxonomy":"category","embeddable":true,"href":"https:\/\/www.accuratereviews.com\/it\/wp-json\/wp\/v2\/categories?post=22094"},{"taxonomy":"post_tag","embeddable":true,"href":"https:\/\/www.accuratereviews.com\/it\/wp-json\/wp\/v2\/tags?post=22094"},{"taxonomy":"features","embeddable":true,"href":"https:\/\/www.accuratereviews.com\/it\/wp-json\/wp\/v2\/features?post=22094"}],"curies":[{"name":"wp","href":"https:\/\/api.w.org\/{rel}","templated":true}]}}