{"id":22101,"date":"2020-01-14T13:23:46","date_gmt":"2020-01-14T13:23:46","guid":{"rendered":"https:\/\/www.accuratereviews.com\/?page_id=22101"},"modified":"2020-01-14T13:23:46","modified_gmt":"2020-01-14T13:23:46","slug":"erpag-recensione","status":"publish","type":"page","link":"https:\/\/www.accuratereviews.com\/it\/software-erp-lista-software\/erpag-recensione\/","title":{"rendered":"ERPAG"},"content":{"rendered":"<p><strong>ERPAG<\/strong> \u00e8 un<strong> software ERP (Enterprise Resource Planning)<\/strong> in cloud, ideale per le piccole e medie imprese che lavorano in diversi settori.\u00a0 Si tratta di un programma che automatizza la<strong> gestione delle attivit\u00e0 aziendali<\/strong> come la gestione degli ordini, degli acquisti, delle vendite e delle scorte, della produzione, della contabilit\u00e0 e della finanza, dell&#8217;analisi e dei report. Include anche un modulo interamente dedicato alla fatturazione e all&#8217;acquisto, un modulo riguardante la scansione dei codici a barre, uno che include le buste paga e molto altro ancora. L&#8217;<strong>interfaccia \u00e8 multilingua<\/strong> in questo modo pu\u00f2 essere accessibile ad un numero maggiore di persone.<\/p>\n<h2>COME UTILIZZARE ERPAG &#8211; TUTORIAL<\/h2>\n<p>Ecco un video tutorial che ci mostrer\u00e0 qualcosa di pi\u00f9 al riguardo:<\/p>\n<div id=\"fluid-wrapper-counter-1\" class=\"g1-fluid-wrapper \" style=\"width:686px;\">\n<div style=\"padding-bottom:56.268221574344%;\"><iframe loading=\"lazy\" title=\"ERPAG - Production.\" width=\"686\" height=\"386\" src=\"https:\/\/www.youtube.com\/embed\/yRq1q33yBy8?feature=oembed&amp;wmode=transparent&amp;autohide=1&amp;autoplay=0&amp;disablekb=0&amp;fs=1&amp;loop=0&amp;enablejsapi=1&amp;rel=0&amp;controls=2&amp;showinfo=0&amp;wmode=transparent&amp;autohide=2&amp;autoplay=0&amp;disablekb=0&amp;fs=1&amp;loop=0&amp;enablejsapi=1&amp;rel=0&amp;controls=2&amp;showinfo=1\" frameborder=\"0\" allow=\"accelerometer; autoplay; encrypted-media; gyroscope; picture-in-picture\" allowfullscreen><\/iframe><\/div>\n<\/div>\n<h3>ERPAG &#8211; CARATTERISTICHE<\/h3>\n<p>Diamo uno sguardo alle sue caratteristiche principali:<\/p>\n<ul>\n<li>Dashboard personalizzabile<\/li>\n<li>Ordini di acquisto automatizzati<\/li>\n<li>Punti di riordino automatico<\/li>\n<li>Gestione dei costi logistici<\/li>\n<li>Punto vendita<\/li>\n<li>Cronologia acquisti clienti<\/li>\n<li>Monitoraggio della data di scadenza<\/li>\n<li>Scansione codice a barre<\/li>\n<li>Conversione da SO a Packing List<\/li>\n<li>Inventario delle app mobili<\/li>\n<li>Importazione ed esportazione CSV<\/li>\n<li>Integrazioni<\/li>\n<\/ul>\n<h3>LE RECENSIONI DEGLI UTENTI<\/h3>\n<p><strong>&#8220;Meraviglioso pacchetto ERP completo&#8221;<\/strong><br \/>\nIN GENERALE: il supporto ERPAG \u00e8 fantastico; sono stati rapidi nel rispondere alle nostre domande, facilitando il nostro avanzamento.<br \/>\nPRO: ERPAG \u00e8 stato uno dei prodotti pi\u00f9 semplici con cui ci siamo imbattuti per iniziare. I menu sono chiari, tutto \u00e8 facile da trovare e gli errori sono facili da correggere. La funzionalit\u00e0 di importazione dei dati \u00e8 molto facile da usare: basta copiare e incollare da un foglio di calcolo e sei a posto. La gestione delle imposte sulle vendite \u00e8 stata un grosso problema per noi con diversi prodotti concorrenti; ERPAG gestisce le regole fiscali relativamente complesse qui in Canada con facilit\u00e0, comprese aliquote fiscali diverse a seconda della posizione dell&#8217;acquirente, ecc.<br \/>\nCONTRO: alcune pagine sono un po&#8217; difficili da lavorare su schermi pi\u00f9 piccoli<\/p>\n<p><strong>&#8220;Appena iniziato&#8221;<\/strong><br \/>\nPRO: Beh, da ora posso solo dire che questo \u00e8 un ottimo software per la gestione della mia attivit\u00e0, poich\u00e9 i miei settori hanno bisogno di molti campi e articoli diversi, non posso usare solo per piattaforme di ecommerce, la nostra attivit\u00e0 \u00e8 principalmente attivit\u00e0 offline.<br \/>\nE questo software sembra abbinarsi bene fino ad ora.<br \/>\nCONTRO: AS Ho scritto qui, sono un nuovo utente ma sembra molto pi\u00f9 utile di altri software.<\/p>\n<p><strong>&#8220;L&#8217;operazione \u00e8 molto umana. Ci sono supporti per il cinese, molto convenienti&#8221;<\/strong><br \/>\nIN GENERALE: risparmia molto tempo.<br \/>\nPRO: la funzione di vendita pu\u00f2 essere utilizzata come sistema CRM. Dopo che il record di vendita della query di spedizione \u00e8 molto conveniente. I report sulle vendite possono filtrare diversi dati di vendita, \u00e8 facile da analizzare.<br \/>\nLa produzione \u00e8 molto potente.Impostare l&#8217;assemblaggio pu\u00f2 compensare automaticamente le materie prime, la gestione della fabbrica dell&#8217;azienda \u00e8 molto conveniente.<br \/>\nERPAG pu\u00f2 far risparmiare molto tempo, si consiglia di utilizzare piccole e medie imprese.<br \/>\nCONTRO: nessuna API e caricamento degli ordini per EXCEL. Quando la quantit\u00e0 di ordini aumenta, \u00e8 necessario importare le informazioni sui clienti e le informazioni sugli ordini. Ci\u00f2 pu\u00f2 far risparmiare molto tempo ai clienti impegnati nelle vendite online. Le API possono essere collegate a il loro sito web diventer\u00e0 molto conveniente.<\/p>\n","protected":false},"excerpt":{"rendered":"<p>ERPAG \u00e8 un software ERP (Enterprise Resource Planning) in cloud, ideale per le piccole e medie imprese che lavorano in diversi settori.\u00a0 Si tratta di un programma che automatizza la gestione delle attivit\u00e0 aziendali come la gestione degli ordini, degli acquisti, delle vendite e delle scorte, della produzione, della contabilit\u00e0 e della finanza, dell&#8217;analisi e dei report.<\/p>\n","protected":false},"author":17,"featured_media":22103,"parent":22029,"menu_order":0,"comment_status":"open","ping_status":"closed","template":"g1_template_page_review_new.php","meta":{"_acf_changed":false,"cwp_meta_box_check":"Yes","cwp_rev_product_name":"","cwp_rev_product_image":"","wppr_links":[],"cwp_rev_price":"","wppr_options":[],"wppr_pros":[],"wppr_cons":[],"_monsterinsights_skip_tracking":false,"_monsterinsights_sitenote_active":false,"_monsterinsights_sitenote_note":"","_monsterinsights_sitenote_category":0,"footnotes":""},"categories":[1654],"tags":[1664,1663,340,923],"features":[],"class_list":{"0":"post-22101","1":"page","2":"type-page","3":"status-publish","4":"has-post-thumbnail","6":"category-enterprise-resource-planning-software-erp","7":"tag-enterprise-resource-planning","8":"tag-erp","9":"tag-programma-gestionale-erp","10":"tag-software-erp"},"wppr_data":{"cwp_meta_box_check":"Yes","cwp_rev_product_name":"","cwp_rev_product_image":"","cwp_image_link":"image","cwp_rev_price":"","wppr_rating":"0.00"},"acf":[],"yoast_head":"<!-- This site is optimized with the Yoast SEO plugin v27.4 - https:\/\/yoast.com\/product\/yoast-seo-wordpress\/ -->\n<title>ERPAG: recensione software ERP - Accurate Reviews<\/title>\n<meta name=\"description\" content=\"ERPAG: recensione del software ERP (Enterprise Resource Planning) in cloud, ideale per le piccole e medie imprese che lavorano in diversi settori.\u00a0\" \/>\n<meta name=\"robots\" content=\"index, follow, max-snippet:-1, max-image-preview:large, max-video-preview:-1\" \/>\n<link rel=\"canonical\" href=\"https:\/\/www.accuratereviews.com\/it\/software-erp-lista-software\/erpag-recensione\/\" \/>\n<meta property=\"og:locale\" content=\"it_IT\" \/>\n<meta property=\"og:type\" content=\"article\" \/>\n<meta property=\"og:title\" content=\"ERPAG: recensione software ERP - Accurate Reviews\" \/>\n<meta property=\"og:description\" content=\"ERPAG: recensione del software ERP (Enterprise Resource Planning) in cloud, ideale per le piccole e medie imprese che lavorano in diversi settori.\u00a0\" \/>\n<meta property=\"og:url\" content=\"https:\/\/www.accuratereviews.com\/it\/software-erp-lista-software\/erpag-recensione\/\" \/>\n<meta property=\"og:site_name\" content=\"Accurate Reviews\" \/>\n<meta property=\"og:image\" content=\"https:\/\/www.accuratereviews.com\/wp-content\/uploads\/2020\/01\/ERPAG.jpg\" \/>\n\t<meta property=\"og:image:width\" content=\"1024\" \/>\n\t<meta property=\"og:image:height\" content=\"517\" \/>\n\t<meta property=\"og:image:type\" content=\"image\/jpeg\" \/>\n<meta name=\"twitter:card\" content=\"summary_large_image\" \/>\n<meta name=\"twitter:label1\" content=\"Tempo di lettura stimato\" \/>\n\t<meta name=\"twitter:data1\" content=\"3 minuti\" \/>\n<script type=\"application\/ld+json\" class=\"yoast-schema-graph\">{\"@context\":\"https:\\\/\\\/schema.org\",\"@graph\":[{\"@type\":\"WebPage\",\"@id\":\"https:\\\/\\\/www.accuratereviews.com\\\/it\\\/software-erp-lista-software\\\/erpag-recensione\\\/\",\"url\":\"https:\\\/\\\/www.accuratereviews.com\\\/it\\\/software-erp-lista-software\\\/erpag-recensione\\\/\",\"name\":\"ERPAG: recensione software ERP - Accurate Reviews\",\"isPartOf\":{\"@id\":\"https:\\\/\\\/www.accuratereviews.com\\\/it\\\/#website\"},\"primaryImageOfPage\":{\"@id\":\"https:\\\/\\\/www.accuratereviews.com\\\/it\\\/software-erp-lista-software\\\/erpag-recensione\\\/#primaryimage\"},\"image\":{\"@id\":\"https:\\\/\\\/www.accuratereviews.com\\\/it\\\/software-erp-lista-software\\\/erpag-recensione\\\/#primaryimage\"},\"thumbnailUrl\":\"https:\\\/\\\/www.accuratereviews.com\\\/wp-content\\\/uploads\\\/2020\\\/01\\\/ERPAG.jpg\",\"datePublished\":\"2020-01-14T13:23:46+00:00\",\"description\":\"ERPAG: recensione del software ERP (Enterprise Resource Planning) in cloud, ideale per le piccole e medie imprese che lavorano in diversi settori.\u00a0\",\"breadcrumb\":{\"@id\":\"https:\\\/\\\/www.accuratereviews.com\\\/it\\\/software-erp-lista-software\\\/erpag-recensione\\\/#breadcrumb\"},\"inLanguage\":\"it-IT\",\"potentialAction\":[{\"@type\":\"ReadAction\",\"target\":[\"https:\\\/\\\/www.accuratereviews.com\\\/it\\\/software-erp-lista-software\\\/erpag-recensione\\\/\"]}]},{\"@type\":\"ImageObject\",\"inLanguage\":\"it-IT\",\"@id\":\"https:\\\/\\\/www.accuratereviews.com\\\/it\\\/software-erp-lista-software\\\/erpag-recensione\\\/#primaryimage\",\"url\":\"https:\\\/\\\/www.accuratereviews.com\\\/wp-content\\\/uploads\\\/2020\\\/01\\\/ERPAG.jpg\",\"contentUrl\":\"https:\\\/\\\/www.accuratereviews.com\\\/wp-content\\\/uploads\\\/2020\\\/01\\\/ERPAG.jpg\",\"width\":1024,\"height\":517},{\"@type\":\"BreadcrumbList\",\"@id\":\"https:\\\/\\\/www.accuratereviews.com\\\/it\\\/software-erp-lista-software\\\/erpag-recensione\\\/#breadcrumb\",\"itemListElement\":[{\"@type\":\"ListItem\",\"position\":1,\"name\":\"Home\",\"item\":\"https:\\\/\\\/www.accuratereviews.com\\\/it\\\/\"},{\"@type\":\"ListItem\",\"position\":2,\"name\":\"ERP Software\",\"item\":\"https:\\\/\\\/www.accuratereviews.com\\\/it\\\/software-erp-lista-software\\\/\"},{\"@type\":\"ListItem\",\"position\":3,\"name\":\"ERPAG\"}]},{\"@type\":\"WebSite\",\"@id\":\"https:\\\/\\\/www.accuratereviews.com\\\/it\\\/#website\",\"url\":\"https:\\\/\\\/www.accuratereviews.com\\\/it\\\/\",\"name\":\"Accurate Reviews\",\"description\":\"\",\"potentialAction\":[{\"@type\":\"SearchAction\",\"target\":{\"@type\":\"EntryPoint\",\"urlTemplate\":\"https:\\\/\\\/www.accuratereviews.com\\\/it\\\/?s={search_term_string}\"},\"query-input\":{\"@type\":\"PropertyValueSpecification\",\"valueRequired\":true,\"valueName\":\"search_term_string\"}}],\"inLanguage\":\"it-IT\"}]}<\/script>\n<!-- \/ Yoast SEO plugin. -->","yoast_head_json":{"title":"ERPAG: recensione software ERP - Accurate Reviews","description":"ERPAG: recensione del software ERP (Enterprise Resource Planning) in cloud, ideale per le piccole e medie imprese che lavorano in diversi settori.\u00a0","robots":{"index":"index","follow":"follow","max-snippet":"max-snippet:-1","max-image-preview":"max-image-preview:large","max-video-preview":"max-video-preview:-1"},"canonical":"https:\/\/www.accuratereviews.com\/it\/software-erp-lista-software\/erpag-recensione\/","og_locale":"it_IT","og_type":"article","og_title":"ERPAG: recensione software ERP - Accurate Reviews","og_description":"ERPAG: recensione del software ERP (Enterprise Resource Planning) in cloud, ideale per le piccole e medie imprese che lavorano in diversi settori.\u00a0","og_url":"https:\/\/www.accuratereviews.com\/it\/software-erp-lista-software\/erpag-recensione\/","og_site_name":"Accurate Reviews","og_image":[{"width":1024,"height":517,"url":"https:\/\/www.accuratereviews.com\/wp-content\/uploads\/2020\/01\/ERPAG.jpg","type":"image\/jpeg"}],"twitter_card":"summary_large_image","twitter_misc":{"Tempo di lettura stimato":"3 minuti"},"schema":{"@context":"https:\/\/schema.org","@graph":[{"@type":"WebPage","@id":"https:\/\/www.accuratereviews.com\/it\/software-erp-lista-software\/erpag-recensione\/","url":"https:\/\/www.accuratereviews.com\/it\/software-erp-lista-software\/erpag-recensione\/","name":"ERPAG: recensione software ERP - Accurate Reviews","isPartOf":{"@id":"https:\/\/www.accuratereviews.com\/it\/#website"},"primaryImageOfPage":{"@id":"https:\/\/www.accuratereviews.com\/it\/software-erp-lista-software\/erpag-recensione\/#primaryimage"},"image":{"@id":"https:\/\/www.accuratereviews.com\/it\/software-erp-lista-software\/erpag-recensione\/#primaryimage"},"thumbnailUrl":"https:\/\/www.accuratereviews.com\/wp-content\/uploads\/2020\/01\/ERPAG.jpg","datePublished":"2020-01-14T13:23:46+00:00","description":"ERPAG: recensione del software ERP (Enterprise Resource Planning) in cloud, ideale per le piccole e medie imprese che lavorano in diversi settori.\u00a0","breadcrumb":{"@id":"https:\/\/www.accuratereviews.com\/it\/software-erp-lista-software\/erpag-recensione\/#breadcrumb"},"inLanguage":"it-IT","potentialAction":[{"@type":"ReadAction","target":["https:\/\/www.accuratereviews.com\/it\/software-erp-lista-software\/erpag-recensione\/"]}]},{"@type":"ImageObject","inLanguage":"it-IT","@id":"https:\/\/www.accuratereviews.com\/it\/software-erp-lista-software\/erpag-recensione\/#primaryimage","url":"https:\/\/www.accuratereviews.com\/wp-content\/uploads\/2020\/01\/ERPAG.jpg","contentUrl":"https:\/\/www.accuratereviews.com\/wp-content\/uploads\/2020\/01\/ERPAG.jpg","width":1024,"height":517},{"@type":"BreadcrumbList","@id":"https:\/\/www.accuratereviews.com\/it\/software-erp-lista-software\/erpag-recensione\/#breadcrumb","itemListElement":[{"@type":"ListItem","position":1,"name":"Home","item":"https:\/\/www.accuratereviews.com\/it\/"},{"@type":"ListItem","position":2,"name":"ERP Software","item":"https:\/\/www.accuratereviews.com\/it\/software-erp-lista-software\/"},{"@type":"ListItem","position":3,"name":"ERPAG"}]},{"@type":"WebSite","@id":"https:\/\/www.accuratereviews.com\/it\/#website","url":"https:\/\/www.accuratereviews.com\/it\/","name":"Accurate Reviews","description":"","potentialAction":[{"@type":"SearchAction","target":{"@type":"EntryPoint","urlTemplate":"https:\/\/www.accuratereviews.com\/it\/?s={search_term_string}"},"query-input":{"@type":"PropertyValueSpecification","valueRequired":true,"valueName":"search_term_string"}}],"inLanguage":"it-IT"}]}},"_links":{"self":[{"href":"https:\/\/www.accuratereviews.com\/it\/wp-json\/wp\/v2\/pages\/22101","targetHints":{"allow":["GET"]}}],"collection":[{"href":"https:\/\/www.accuratereviews.com\/it\/wp-json\/wp\/v2\/pages"}],"about":[{"href":"https:\/\/www.accuratereviews.com\/it\/wp-json\/wp\/v2\/types\/page"}],"author":[{"embeddable":true,"href":"https:\/\/www.accuratereviews.com\/it\/wp-json\/wp\/v2\/users\/17"}],"replies":[{"embeddable":true,"href":"https:\/\/www.accuratereviews.com\/it\/wp-json\/wp\/v2\/comments?post=22101"}],"version-history":[{"count":4,"href":"https:\/\/www.accuratereviews.com\/it\/wp-json\/wp\/v2\/pages\/22101\/revisions"}],"predecessor-version":[{"id":22130,"href":"https:\/\/www.accuratereviews.com\/it\/wp-json\/wp\/v2\/pages\/22101\/revisions\/22130"}],"up":[{"embeddable":true,"href":"https:\/\/www.accuratereviews.com\/it\/wp-json\/wp\/v2\/pages\/22029"}],"wp:featuredmedia":[{"embeddable":true,"href":"https:\/\/www.accuratereviews.com\/it\/wp-json\/wp\/v2\/media\/22103"}],"wp:attachment":[{"href":"https:\/\/www.accuratereviews.com\/it\/wp-json\/wp\/v2\/media?parent=22101"}],"wp:term":[{"taxonomy":"category","embeddable":true,"href":"https:\/\/www.accuratereviews.com\/it\/wp-json\/wp\/v2\/categories?post=22101"},{"taxonomy":"post_tag","embeddable":true,"href":"https:\/\/www.accuratereviews.com\/it\/wp-json\/wp\/v2\/tags?post=22101"},{"taxonomy":"features","embeddable":true,"href":"https:\/\/www.accuratereviews.com\/it\/wp-json\/wp\/v2\/features?post=22101"}],"curies":[{"name":"wp","href":"https:\/\/api.w.org\/{rel}","templated":true}]}}