{"id":22112,"date":"2020-01-14T13:09:05","date_gmt":"2020-01-14T13:09:05","guid":{"rendered":"https:\/\/www.accuratereviews.com\/?page_id=22112"},"modified":"2020-01-14T13:09:05","modified_gmt":"2020-01-14T13:09:05","slug":"syspro-recensione","status":"publish","type":"page","link":"https:\/\/www.accuratereviews.com\/it\/software-erp-lista-software\/syspro-recensione\/","title":{"rendered":"Syspro"},"content":{"rendered":"<p><strong>Syspro<\/strong> \u00e8 una potente<strong> piattaforma ERP<\/strong> di pianificazione delle risorse aziendali progettata per aiutare le aziende, in particolare nel settore manifatturiero, a integrare, sincronizzare e controllare il processo di produzione. Pu\u00f2 essere distribuito tramite <strong>cloud<\/strong> o installato on-premise. Responsabili di queste potenti funzionalit\u00e0 sono numerosi moduli che sono destinati ad aiutare le aziende. Questi moduli si concentrano non solo sul processo di produzione, ma anche su altri aspetti delle organizzazioni. Il sistema \u00e8 in grado di soddisfare le elevate esigenze dell&#8217;automazione del magazzino gestendo efficacemente la distribuzione. Pu\u00f2 aiutare a incrementare i profitti dei produttori tenendo d&#8217;occhio i processi di gestione finanziaria offrendo eccellenti caratteristiche finanziarie e contabili, insieme a funzionalit\u00e0 operative e produttive. Il prodotto offre agli utenti preziose informazioni che possono aiutare a ridurre al minimo i rischi e favorire la crescita.<\/p>\n<h2>SYSPRO &#8211; TUTORIAL<\/h2>\n<p>Il tutorial che segue presenta una panoramica di questo <strong>software ERP<\/strong>:<\/p>\n<div id=\"fluid-wrapper-counter-1\" class=\"g1-fluid-wrapper \" style=\"width:686px;\">\n<div style=\"padding-bottom:56.268221574344%;\"><iframe loading=\"lazy\" title=\"SYSPRO ERP Overview\" width=\"686\" height=\"386\" src=\"https:\/\/www.youtube.com\/embed\/6behFJR0OEQ?feature=oembed&amp;wmode=transparent&amp;autohide=1&amp;autoplay=0&amp;disablekb=0&amp;fs=1&amp;loop=0&amp;enablejsapi=1&amp;rel=0&amp;controls=2&amp;showinfo=0&amp;wmode=transparent&amp;autohide=2&amp;autoplay=0&amp;disablekb=0&amp;fs=1&amp;loop=0&amp;enablejsapi=1&amp;rel=0&amp;controls=2&amp;showinfo=1\" frameborder=\"0\" allow=\"accelerometer; autoplay; encrypted-media; gyroscope; picture-in-picture\" allowfullscreen><\/iframe><\/div>\n<\/div>\n<h3>SYSPRO &#8211; CARATTERISTICHE<\/h3>\n<ul>\n<li><strong>Distribuzione rapida<\/strong>: funzionalit\u00e0 rapida con nuove applicazioni, senza la seccatura e la perdita di tempo derivanti dalla distribuzione del personale all&#8217;interno dell&#8217;organizzazione per l&#8217;installazione e la configurazione delle apparecchiature. La vasta capacit\u00e0 dei server remoti del tuo provider cloud consente di attivare molte applicazioni in poco tempo<\/li>\n<li><strong>Mobilit\u00e0 facile:<\/strong> accedi a tutti i tuoi dati in qualsiasi momento, in qualsiasi luogo, utilizzando qualsiasi dispositivo con funzionalit\u00e0 Internet. L&#8217;accesso a tutto ci\u00f2 che \u00e8 richiesto, sia che si scriva una email, che si invii una fattura o che si controlli KPI, migliora la produttivit\u00e0 aziendale.<\/li>\n<li><strong>Sempre disponibile<\/strong>: quando si tratta di aggiornare le applicazioni nel cloud, non \u00e8 necessario arrestare il sistema interno. Gli aggiornamenti vengono gestiti senza soluzione di continuit\u00e0 nel cloud, mentre si continua con le normali attivit\u00e0<\/li>\n<li><strong>Sicurezza<\/strong>: le rigorose politiche di sicurezza del cloud computing sono buone notizie per la sicurezza dei dati aziendali. Dalla crittografia, dall&#8217;autenticazione e dalla prevenzione della perdita di dati attraverso backup e data center replicati, alla protezione da malware e agli ultimi aggiornamenti software, il cloud computing protegge i tuoi dati critici<\/li>\n<li><strong>Riduci lo stress<\/strong>: il cloud computing elimina lo stress e i problemi aziendali associati alla manutenzione e allo sviluppo di applicazioni on-premise. Puoi trarre grande conforto dalla consapevolezza che i tuoi sistemi mission-critical sono attentamente controllati, con le giuste competenze<\/li>\n<li><strong>Flessibilit\u00e0:<\/strong> i\u00a0servizi possono essere personalizzati in base alle esigenze della tua azienda. Scegli i servizi specifici \u00a0e paghi solo per quelli che utilizzi. L&#8217;aggiunta o la rimozione di funzionalit\u00e0, siti o singoli utenti \u00e8 estremamente rapida e semplice e consente di acquistare solo il numero di unit\u00e0 necessarie.<\/li>\n<\/ul>\n<h4>LE RECENSIONI DEGLI UTENTI<\/h4>\n<h4>Douglas S. &#8220;Ottima soluzione software di livello medio Enterprise Resource Planning&#8221;<\/h4>\n<p><strong>Commenti<\/strong>: Nel complesso mi piace Syspro. \u00c8 un prodotto eccellente per il suo prezzo.<\/p>\n<p><strong>Vantaggi<\/strong>: ho trovato Syspro come un&#8217;eccellente soluzione di pianificazione delle risorse aziendali di livello medio per la nostra azienda.<\/p>\n<p><strong>Inconvenienti<\/strong>: alcune incoerenze tra i moduli a causa dello sviluppo che si verifica a livello globale in vari paesi.<\/p>\n<h4>Anthony G. &#8220;Soluzione ERP per organizzazioni di piccole \/ medie dimensioni&#8221;<\/h4>\n<p><strong>Vantaggi<\/strong>: si tratta di una soluzione ERP (Enterprise Resource Planning) ideale per produttori e distributori di piccole e medie dimensioni.<\/p>\n<p><strong>Inconvenienti<\/strong>: abbiamo avuto un&#8217;esperienza tumultuosa di implementazione, principalmente a causa del fornitore di terze parti, ma in seguito \u00e8 andato tutto bene.<\/p>\n<h4>Timothy Y. &#8220;Grande prodotto per grandi imprese&#8221;<\/h4>\n<p><strong>Commenti<\/strong>: Questo software \u00e8 semplicemente eccessivo per una piccola azienda (&lt;50). Esponenzialmente pi\u00f9 opzioni, campi, estensioni e capacit\u00e0 di quelle che potremmo mai usare, e abbiamo trovato molto difficile da configurare e mantenere. L&#8217;assistenza clienti \u00e8 molto competente e professionale &#8230; e costosa. Probabilmente una piattaforma eccellente per le aziende pi\u00f9 grandi ma non adatta per le piccole imprese.<\/p>\n<p><strong>Vantaggi<\/strong>: \u00e8 un enorme software con enormi capacit\u00e0.<\/p>\n<p><strong>Inconvenienti<\/strong>: altamente tecnico e pu\u00f2 essere molto difficile da usare. Richiede molta formazione e configurazione e un sacco di supporto per la manutenzione e la risoluzione dei problemi. Non molto user-friendly.<\/p>\n","protected":false},"excerpt":{"rendered":"<p>Syspro \u00e8 una potente piattaforma ERP di pianificazione delle risorse aziendali progettata per aiutare le aziende, in particolare nel settore manifatturiero, a integrare, sincronizzare e controllare il processo di produzione. Pu\u00f2 essere distribuito tramite cloud o installato on-premise. Responsabili di queste potenti funzionalit\u00e0 sono numerosi moduli che sono destinati ad aiutare le aziende.<\/p>\n","protected":false},"author":19,"featured_media":22113,"parent":22029,"menu_order":0,"comment_status":"open","ping_status":"closed","template":"g1_template_page_review_new.php","meta":{"_acf_changed":false,"cwp_meta_box_check":"Yes","cwp_rev_product_name":"","cwp_rev_product_image":"","wppr_links":[],"cwp_rev_price":"","wppr_options":[],"wppr_pros":[],"wppr_cons":[],"_monsterinsights_skip_tracking":false,"_monsterinsights_sitenote_active":false,"_monsterinsights_sitenote_note":"","_monsterinsights_sitenote_category":0,"footnotes":""},"categories":[97,1654],"tags":[396,1664,366,1671,923,1667],"features":[],"class_list":{"0":"post-22112","1":"page","2":"type-page","3":"status-publish","4":"has-post-thumbnail","6":"category-accounting-services-it","7":"category-enterprise-resource-planning-software-erp","8":"tag-cloud","9":"tag-enterprise-resource-planning","10":"tag-gestione-aziendale","11":"tag-programma-erp","12":"tag-software-erp","13":"tag-soluzione-erp"},"wppr_data":{"cwp_meta_box_check":"Yes","cwp_rev_product_name":"","cwp_rev_product_image":"","cwp_image_link":"image","cwp_rev_price":"","wppr_rating":"0.00"},"acf":[],"yoast_head":"<!-- This site is optimized with the Yoast SEO plugin v27.4 - https:\/\/yoast.com\/product\/yoast-seo-wordpress\/ -->\n<title>Syspro: recensione sofware ERP - Accurate Reviews<\/title>\n<meta name=\"description\" content=\"Syspo: recensione soluzione ERP in grado di aiutare le aziende a migliorare il coinvolgimento dei dipendenti e qundi aumentare le entrate della societ\u00e0.\" \/>\n<meta name=\"robots\" content=\"index, follow, max-snippet:-1, max-image-preview:large, max-video-preview:-1\" \/>\n<link rel=\"canonical\" href=\"https:\/\/www.accuratereviews.com\/it\/software-erp-lista-software\/syspro-recensione\/\" \/>\n<meta property=\"og:locale\" content=\"it_IT\" \/>\n<meta property=\"og:type\" content=\"article\" \/>\n<meta property=\"og:title\" content=\"Syspro: recensione sofware ERP - Accurate Reviews\" \/>\n<meta property=\"og:description\" content=\"Syspo: recensione soluzione ERP in grado di aiutare le aziende a migliorare il coinvolgimento dei dipendenti e qundi aumentare le entrate della societ\u00e0.\" \/>\n<meta property=\"og:url\" content=\"https:\/\/www.accuratereviews.com\/it\/software-erp-lista-software\/syspro-recensione\/\" \/>\n<meta property=\"og:site_name\" content=\"Accurate Reviews\" \/>\n<meta property=\"og:image\" content=\"https:\/\/www.accuratereviews.com\/wp-content\/uploads\/2020\/01\/syspro.jpg\" \/>\n\t<meta property=\"og:image:width\" content=\"400\" \/>\n\t<meta property=\"og:image:height\" content=\"400\" \/>\n\t<meta property=\"og:image:type\" content=\"image\/jpeg\" \/>\n<meta name=\"twitter:card\" content=\"summary_large_image\" \/>\n<meta name=\"twitter:label1\" content=\"Tempo di lettura stimato\" \/>\n\t<meta name=\"twitter:data1\" content=\"3 minuti\" \/>\n<script type=\"application\/ld+json\" class=\"yoast-schema-graph\">{\"@context\":\"https:\\\/\\\/schema.org\",\"@graph\":[{\"@type\":\"WebPage\",\"@id\":\"https:\\\/\\\/www.accuratereviews.com\\\/it\\\/software-erp-lista-software\\\/syspro-recensione\\\/\",\"url\":\"https:\\\/\\\/www.accuratereviews.com\\\/it\\\/software-erp-lista-software\\\/syspro-recensione\\\/\",\"name\":\"Syspro: recensione sofware ERP - Accurate Reviews\",\"isPartOf\":{\"@id\":\"https:\\\/\\\/www.accuratereviews.com\\\/it\\\/#website\"},\"primaryImageOfPage\":{\"@id\":\"https:\\\/\\\/www.accuratereviews.com\\\/it\\\/software-erp-lista-software\\\/syspro-recensione\\\/#primaryimage\"},\"image\":{\"@id\":\"https:\\\/\\\/www.accuratereviews.com\\\/it\\\/software-erp-lista-software\\\/syspro-recensione\\\/#primaryimage\"},\"thumbnailUrl\":\"https:\\\/\\\/www.accuratereviews.com\\\/wp-content\\\/uploads\\\/2020\\\/01\\\/syspro.jpg\",\"datePublished\":\"2020-01-14T13:09:05+00:00\",\"description\":\"Syspo: recensione soluzione ERP in grado di aiutare le aziende a migliorare il coinvolgimento dei dipendenti e qundi aumentare le entrate della societ\u00e0.\",\"breadcrumb\":{\"@id\":\"https:\\\/\\\/www.accuratereviews.com\\\/it\\\/software-erp-lista-software\\\/syspro-recensione\\\/#breadcrumb\"},\"inLanguage\":\"it-IT\",\"potentialAction\":[{\"@type\":\"ReadAction\",\"target\":[\"https:\\\/\\\/www.accuratereviews.com\\\/it\\\/software-erp-lista-software\\\/syspro-recensione\\\/\"]}]},{\"@type\":\"ImageObject\",\"inLanguage\":\"it-IT\",\"@id\":\"https:\\\/\\\/www.accuratereviews.com\\\/it\\\/software-erp-lista-software\\\/syspro-recensione\\\/#primaryimage\",\"url\":\"https:\\\/\\\/www.accuratereviews.com\\\/wp-content\\\/uploads\\\/2020\\\/01\\\/syspro.jpg\",\"contentUrl\":\"https:\\\/\\\/www.accuratereviews.com\\\/wp-content\\\/uploads\\\/2020\\\/01\\\/syspro.jpg\",\"width\":400,\"height\":400},{\"@type\":\"BreadcrumbList\",\"@id\":\"https:\\\/\\\/www.accuratereviews.com\\\/it\\\/software-erp-lista-software\\\/syspro-recensione\\\/#breadcrumb\",\"itemListElement\":[{\"@type\":\"ListItem\",\"position\":1,\"name\":\"Home\",\"item\":\"https:\\\/\\\/www.accuratereviews.com\\\/it\\\/\"},{\"@type\":\"ListItem\",\"position\":2,\"name\":\"ERP Software\",\"item\":\"https:\\\/\\\/www.accuratereviews.com\\\/it\\\/software-erp-lista-software\\\/\"},{\"@type\":\"ListItem\",\"position\":3,\"name\":\"Syspro\"}]},{\"@type\":\"WebSite\",\"@id\":\"https:\\\/\\\/www.accuratereviews.com\\\/it\\\/#website\",\"url\":\"https:\\\/\\\/www.accuratereviews.com\\\/it\\\/\",\"name\":\"Accurate Reviews\",\"description\":\"\",\"potentialAction\":[{\"@type\":\"SearchAction\",\"target\":{\"@type\":\"EntryPoint\",\"urlTemplate\":\"https:\\\/\\\/www.accuratereviews.com\\\/it\\\/?s={search_term_string}\"},\"query-input\":{\"@type\":\"PropertyValueSpecification\",\"valueRequired\":true,\"valueName\":\"search_term_string\"}}],\"inLanguage\":\"it-IT\"}]}<\/script>\n<!-- \/ Yoast SEO plugin. -->","yoast_head_json":{"title":"Syspro: recensione sofware ERP - Accurate Reviews","description":"Syspo: recensione soluzione ERP in grado di aiutare le aziende a migliorare il coinvolgimento dei dipendenti e qundi aumentare le entrate della societ\u00e0.","robots":{"index":"index","follow":"follow","max-snippet":"max-snippet:-1","max-image-preview":"max-image-preview:large","max-video-preview":"max-video-preview:-1"},"canonical":"https:\/\/www.accuratereviews.com\/it\/software-erp-lista-software\/syspro-recensione\/","og_locale":"it_IT","og_type":"article","og_title":"Syspro: recensione sofware ERP - Accurate Reviews","og_description":"Syspo: recensione soluzione ERP in grado di aiutare le aziende a migliorare il coinvolgimento dei dipendenti e qundi aumentare le entrate della societ\u00e0.","og_url":"https:\/\/www.accuratereviews.com\/it\/software-erp-lista-software\/syspro-recensione\/","og_site_name":"Accurate Reviews","og_image":[{"width":400,"height":400,"url":"https:\/\/www.accuratereviews.com\/wp-content\/uploads\/2020\/01\/syspro.jpg","type":"image\/jpeg"}],"twitter_card":"summary_large_image","twitter_misc":{"Tempo di lettura stimato":"3 minuti"},"schema":{"@context":"https:\/\/schema.org","@graph":[{"@type":"WebPage","@id":"https:\/\/www.accuratereviews.com\/it\/software-erp-lista-software\/syspro-recensione\/","url":"https:\/\/www.accuratereviews.com\/it\/software-erp-lista-software\/syspro-recensione\/","name":"Syspro: recensione sofware ERP - Accurate Reviews","isPartOf":{"@id":"https:\/\/www.accuratereviews.com\/it\/#website"},"primaryImageOfPage":{"@id":"https:\/\/www.accuratereviews.com\/it\/software-erp-lista-software\/syspro-recensione\/#primaryimage"},"image":{"@id":"https:\/\/www.accuratereviews.com\/it\/software-erp-lista-software\/syspro-recensione\/#primaryimage"},"thumbnailUrl":"https:\/\/www.accuratereviews.com\/wp-content\/uploads\/2020\/01\/syspro.jpg","datePublished":"2020-01-14T13:09:05+00:00","description":"Syspo: recensione soluzione ERP in grado di aiutare le aziende a migliorare il coinvolgimento dei dipendenti e qundi aumentare le entrate della societ\u00e0.","breadcrumb":{"@id":"https:\/\/www.accuratereviews.com\/it\/software-erp-lista-software\/syspro-recensione\/#breadcrumb"},"inLanguage":"it-IT","potentialAction":[{"@type":"ReadAction","target":["https:\/\/www.accuratereviews.com\/it\/software-erp-lista-software\/syspro-recensione\/"]}]},{"@type":"ImageObject","inLanguage":"it-IT","@id":"https:\/\/www.accuratereviews.com\/it\/software-erp-lista-software\/syspro-recensione\/#primaryimage","url":"https:\/\/www.accuratereviews.com\/wp-content\/uploads\/2020\/01\/syspro.jpg","contentUrl":"https:\/\/www.accuratereviews.com\/wp-content\/uploads\/2020\/01\/syspro.jpg","width":400,"height":400},{"@type":"BreadcrumbList","@id":"https:\/\/www.accuratereviews.com\/it\/software-erp-lista-software\/syspro-recensione\/#breadcrumb","itemListElement":[{"@type":"ListItem","position":1,"name":"Home","item":"https:\/\/www.accuratereviews.com\/it\/"},{"@type":"ListItem","position":2,"name":"ERP Software","item":"https:\/\/www.accuratereviews.com\/it\/software-erp-lista-software\/"},{"@type":"ListItem","position":3,"name":"Syspro"}]},{"@type":"WebSite","@id":"https:\/\/www.accuratereviews.com\/it\/#website","url":"https:\/\/www.accuratereviews.com\/it\/","name":"Accurate Reviews","description":"","potentialAction":[{"@type":"SearchAction","target":{"@type":"EntryPoint","urlTemplate":"https:\/\/www.accuratereviews.com\/it\/?s={search_term_string}"},"query-input":{"@type":"PropertyValueSpecification","valueRequired":true,"valueName":"search_term_string"}}],"inLanguage":"it-IT"}]}},"_links":{"self":[{"href":"https:\/\/www.accuratereviews.com\/it\/wp-json\/wp\/v2\/pages\/22112","targetHints":{"allow":["GET"]}}],"collection":[{"href":"https:\/\/www.accuratereviews.com\/it\/wp-json\/wp\/v2\/pages"}],"about":[{"href":"https:\/\/www.accuratereviews.com\/it\/wp-json\/wp\/v2\/types\/page"}],"author":[{"embeddable":true,"href":"https:\/\/www.accuratereviews.com\/it\/wp-json\/wp\/v2\/users\/19"}],"replies":[{"embeddable":true,"href":"https:\/\/www.accuratereviews.com\/it\/wp-json\/wp\/v2\/comments?post=22112"}],"version-history":[{"count":11,"href":"https:\/\/www.accuratereviews.com\/it\/wp-json\/wp\/v2\/pages\/22112\/revisions"}],"predecessor-version":[{"id":22129,"href":"https:\/\/www.accuratereviews.com\/it\/wp-json\/wp\/v2\/pages\/22112\/revisions\/22129"}],"up":[{"embeddable":true,"href":"https:\/\/www.accuratereviews.com\/it\/wp-json\/wp\/v2\/pages\/22029"}],"wp:featuredmedia":[{"embeddable":true,"href":"https:\/\/www.accuratereviews.com\/it\/wp-json\/wp\/v2\/media\/22113"}],"wp:attachment":[{"href":"https:\/\/www.accuratereviews.com\/it\/wp-json\/wp\/v2\/media?parent=22112"}],"wp:term":[{"taxonomy":"category","embeddable":true,"href":"https:\/\/www.accuratereviews.com\/it\/wp-json\/wp\/v2\/categories?post=22112"},{"taxonomy":"post_tag","embeddable":true,"href":"https:\/\/www.accuratereviews.com\/it\/wp-json\/wp\/v2\/tags?post=22112"},{"taxonomy":"features","embeddable":true,"href":"https:\/\/www.accuratereviews.com\/it\/wp-json\/wp\/v2\/features?post=22112"}],"curies":[{"name":"wp","href":"https:\/\/api.w.org\/{rel}","templated":true}]}}