{"id":22139,"date":"2020-01-15T15:19:01","date_gmt":"2020-01-15T15:19:01","guid":{"rendered":"https:\/\/www.accuratereviews.com\/?page_id=22139"},"modified":"2020-05-14T07:24:59","modified_gmt":"2020-05-14T07:24:59","slug":"epicor-erp-recensione","status":"publish","type":"page","link":"https:\/\/www.accuratereviews.com\/it\/software-erp-lista-software\/epicor-erp-recensione\/","title":{"rendered":"Epicor ERP"},"content":{"rendered":"<p><strong>Epicor ERP<\/strong> \u00e8 una<strong> soluzione ERP<\/strong> completamente integrato con caratteristiche e funzionalit\u00e0 complete per gestire contabilit\u00e0 e finanza, relazioni con i clienti, gestione del progetto, inventario, pianificazione dei materiali di pre-produzione, esecuzione della produzione, capitale, catena di fornitura, gestione aziendale globale e molto altro. L&#8217;applicazione \u00e8 progettata attorno a un&#8217;architettura orientata ai servizi ed \u00e8 modulare, il che significa che i clienti, se lo desiderano, possono acquisire solo alcuni moduli di cui hanno bisogno senza essere vincolati all&#8217;acquisto di altri moduli per eseguire il sistema. Questa flessibilit\u00e0 \u00e8 ulteriormente rafforzata dalle opzioni di distribuzione: puoi averlo on-premise, ospitato o come SaaS basato su cloud.<\/p>\n<h2>EPICOR ERP &#8211; TUTORIAL<\/h2>\n<p>Il tutorial mostra una breve panoramica delle funzionalit\u00e0 dell&#8217;interfaccia utente all&#8217;interno di questa <strong>soluzione ERP<\/strong>:<\/p>\n<div id=\"fluid-wrapper-counter-1\" class=\"g1-fluid-wrapper \" style=\"width:686px;\">\n<div style=\"padding-bottom:56.268221574344%;\"><iframe loading=\"lazy\" title=\"Epicor ERP Interface Walkthrough - Epicor E10 - Navigation\" width=\"686\" height=\"386\" src=\"https:\/\/www.youtube.com\/embed\/RuiqYOcTXBU?feature=oembed&amp;wmode=transparent&amp;autohide=1&amp;autoplay=0&amp;disablekb=0&amp;fs=1&amp;loop=0&amp;enablejsapi=1&amp;rel=0&amp;controls=2&amp;showinfo=0&amp;wmode=transparent&amp;autohide=2&amp;autoplay=0&amp;disablekb=0&amp;fs=1&amp;loop=0&amp;enablejsapi=1&amp;rel=0&amp;controls=2&amp;showinfo=1\" frameborder=\"0\" allow=\"accelerometer; autoplay; encrypted-media; gyroscope; picture-in-picture\" allowfullscreen><\/iframe><\/div>\n<\/div>\n<h3>EPICOR ERP &#8211; CARATTERISTICHE<\/h3>\n<ul>\n<li><strong>Soluzione end-to-end flessibile: <\/strong>l&#8217;applicazione offre una piattaforma flessibile per la gestione della catena di approvvigionamento end-to-end e una vasta gamma di funzionalit\u00e0 di produzione per la pianificazione, \u00a0l&#8217;esecuzione e il monitoraggio dell&#8217;intera azienda. Sarai in grado di ottenere informazioni chiare sulla tua catena di approvvigionamento, fornire ai clienti prodotti in tempo e nel rispetto del budget e avere un maggiore controllo e visibilit\u00e0 delle tue operazioni. Dalla protezione delle materie prime alla consegna del prodotto completo, Epicor offre funzionalit\u00e0, scalabilit\u00e0 e flessibilit\u00e0 a livello aziendale nell&#8217;intero spettro della tua attivit\u00e0<\/li>\n<li><strong>Architettura modulare<\/strong>: puoi scegliere di avere solo i moduli di cui hai bisogno, tutti dotati di funzionalit\u00e0 prestazionali a livello completo. L&#8217;architettura modulare consente di creare facilmente un sistema personalizzato per soddisfare le vostre esigenze specifiche. \u00c8 possibile impostare un sistema basato sulla contabilit\u00e0 e abbinarlo a moduli principali come CRM e risorse umane per semplificare le vendite e il marketing, automatizzare le buste paga e supervisionare la gestione della forza lavoro. Esistono altri moduli per la gestione delle prestazioni aziendali (BPM), la gestione del ciclo di vita dei prodotti (PLM), la gestione delle prestazioni di qualit\u00e0 (QPM) e la gestione della catena di approvvigionamento. \u00c8 possibile creare i sistemi di gestione pi\u00f9 complessi per i pi\u00f9 complessi richiesti dalle operazioni aziendali<\/li>\n<li><strong>Contabilit\u00e0 finanziaria solida<\/strong>: la contabilit\u00e0 finanziaria \u00e8 il cuore di un sistema ERP e la soluzione brilla in questo settore. Include una vasta gamma di rapporti finanziari, rendiconti finanziari, elenchi di riviste, contabilit\u00e0 generale e rapporti sul bilancio di verifica. Il piano dei conti \u00e8 in grado di gestire praticamente qualsiasi combinazione di societ\u00e0, dipartimenti e divisioni, ognuna con il proprio insieme diverso di periodi fiscali e strutture contabili. Questo sistema pu\u00f2 diventare complesso man mano che vengono immessi pi\u00f9 dati. Epirocor lo gestisce disponendo di un database unificato in cui una singola query o ricerca filtrata pu\u00f2 eseguire la scansione di pi\u00f9 aziende o dipartimenti collegati. Il sistema di contabilit\u00e0 finanziaria pu\u00f2 essere un po &#8216;scoraggiante per i non iniziati, ma gli utenti ben addestrati possono gestire pienamente questo aspetto<\/li>\n<li><strong>UI familiare<\/strong>: la piattaforma offre sia navigazione basata su client che browser, ed \u00e8 disponibile in due configurazioni dell&#8217;interfaccia utente: classica e moderna. Il primo \u00e8 simile a un dashboard di Windows Explorer con un pannello verticale su un lato che ospita le opzioni del menu principale che includono tutti i moduli dell&#8217;applicazione che hai. Il menu moderno sembra e funziona come quello di Windows 10 con la dashboard che presenta riquadri colorati che rappresentano varie attivit\u00e0 o forme recenti. Allo stesso modo c&#8217;\u00e8 un pannello verticale che contiene selezioni per Menu, Impostazioni e Guida. Qualunque sia la navigazione o l&#8217;interfaccia utente che utilizzi, le funzionalit\u00e0 del software sono invariate e le funzionalit\u00e0 rimangono le stesse<\/li>\n<li><strong>App mobile<\/strong>: con funzionalit\u00e0 di distribuzione multipla, il software \u00e8 compatibile con tutti i tipi di dispositivi e sistemi operativi. Le esigenze dei dipendenti remoti o in loco sono gestite da Epicor che ha app mobili sia per Android che per iOS disponibili su Google Play e App Store. Queste app includono, tra le altre cose, funzionalit\u00e0 per il monitoraggio dei tempi e delle spese su dispositivi mobili<\/li>\n<li><strong>Supporto completo<\/strong>: fornisce ai suoi clienti una gamma completa di supporto che include vari canali come telefono, email, chat dal vivo e di persona. L&#8217;acquisizione del software ti offre l&#8217;esperienza dei professionisti esperti del supporto e dell&#8217;assistenza software Epicor che possono aiutarti negli aggiornamenti e nella migrazione<\/li>\n<\/ul>\n<h4>LE RECENSIONI DEGLI UTENTI<\/h4>\n<h4>Dawn F. &#8220;Grande per gli impianti di produzione&#8221;<\/h4>\n<p><strong>Commenti<\/strong>: I problemi aziendali che abbiamo risolto sono il sistema di gestione dell&#8217;inventario pi\u00f9 aggiornato e la possibilit\u00e0 di apportare modifiche dell&#8217;ultimo minuto dai clienti senza ricreare gli ordini.<\/p>\n<p><strong>Vantaggi<\/strong>: mi piace la flessibilit\u00e0 di personalizzare il software per adattarlo alla tua attivit\u00e0. Ci sono molte funzionalit\u00e0 che possono essere incredibilmente utili. Il fatto che sia basato su Windows \u00e8 un vantaggio per la nostra struttura antiquata.<\/p>\n<p><strong>Inconvenienti<\/strong>: L&#8217;unico svantaggio di questo software \u00e8 il prezzo. Mi piace il fatto che possiamo trovare aggiornamenti di stato in tempo reale su ordini o inventario; tuttavia, per ottenere questa funzione devi pagare ancora pi\u00f9 denaro.<\/p>\n<h4>Jim K. &#8220;Buon sistema ERP&#8221;<\/h4>\n<p><strong>Commenti<\/strong>: \u00e8 stata una bella esperienza. Da quando aiuto ad amministrare il software ho una buona conoscenza di come funziona.<\/p>\n<p><strong>Vantaggi<\/strong>: per la maggior parte facile da usare. Ha molti moduli che puoi usare a seconda della tua attivit\u00e0. Pu\u00f2 anche integrarsi nel tuo webiste B2B.<\/p>\n<p><strong>Inconvenienti<\/strong>: a volte ci vuole un po &#8216;di tempo per risolvere i problemi attraverso il supporto tecnico. Costa un sacco di soldi per la manutenzione e fanno pagare anche per ogni modulo di cui potresti aver bisogno se ne avrai bisogno in seguito.<\/p>\n<h4>Ross B. &#8220;Epicor \u00e8 sorprendente per il monitoraggio dei dettagli di produzione&#8221;<\/h4>\n<p><strong>Commenti<\/strong>: Epicor \u00e8 stata una benedizione per l&#8217;assistenza clienti, poich\u00e9 ci aiuta a tenere traccia di ogni aspetto della creazione di parti.<\/p>\n<p><strong>Vantaggi<\/strong>: utilizzo spesso questo programma per tenere traccia dei record storici dei prodotti. Sono in grado di redigere un rapporto completo sui dettagli di produzione, per vedere ogni singola operazione che \u00e8 stata eseguita una parte.<\/p>\n<p><strong>Inconvenienti<\/strong>: a volte, la funzionalit\u00e0 di reporting richiede del tempo per estrarre il report. Questo \u00e8 solo il caso di report molto grandi!<\/p>\n","protected":false},"excerpt":{"rendered":"<p>Epicor ERP \u00e8 una soluzione ERP completamente integrato con caratteristiche e funzionalit\u00e0 complete per gestire contabilit\u00e0 e finanza, relazioni con i clienti, gestione del progetto, inventario, pianificazione dei materiali di pre-produzione, esecuzione della produzione, capitale, catena di fornitura, gestione aziendale globale e molto altro.<\/p>\n","protected":false},"author":19,"featured_media":22140,"parent":22029,"menu_order":0,"comment_status":"open","ping_status":"closed","template":"g1_template_page_review_new.php","meta":{"_acf_changed":false,"cwp_meta_box_check":"Yes","cwp_rev_product_name":"","cwp_rev_product_image":"","wppr_links":[],"cwp_rev_price":"","wppr_options":[],"wppr_pros":[],"wppr_cons":[],"_monsterinsights_skip_tracking":false,"_monsterinsights_sitenote_active":false,"_monsterinsights_sitenote_note":"","_monsterinsights_sitenote_category":0,"footnotes":""},"categories":[97,1654],"tags":[1664,1672,1669,923,1667],"features":[],"class_list":{"0":"post-22139","1":"page","2":"type-page","3":"status-publish","4":"has-post-thumbnail","6":"category-accounting-services-it","7":"category-enterprise-resource-planning-software-erp","8":"tag-enterprise-resource-planning","9":"tag-epicor-erp","10":"tag-piattaforma-erp","11":"tag-software-erp","12":"tag-soluzione-erp"},"wppr_data":{"cwp_meta_box_check":"Yes","cwp_rev_product_name":"","cwp_rev_product_image":"","cwp_image_link":"image","cwp_rev_price":"","wppr_rating":"0.00"},"acf":[],"yoast_head":"<!-- This site is optimized with the Yoast SEO plugin v27.4 - https:\/\/yoast.com\/product\/yoast-seo-wordpress\/ -->\n<title>Epicor ERP: recensione software ERP - Accurate Reviews<\/title>\n<meta name=\"description\" content=\"Epicor ERP: recensione soluzione ERP completamente integrato con caratteristiche e funzionalit\u00e0 complete per gestire contabilit\u00e0 e finanza.\" \/>\n<meta name=\"robots\" content=\"index, follow, max-snippet:-1, max-image-preview:large, max-video-preview:-1\" \/>\n<link rel=\"canonical\" href=\"https:\/\/www.accuratereviews.com\/it\/software-erp-lista-software\/epicor-erp-recensione\/\" \/>\n<meta property=\"og:locale\" content=\"it_IT\" \/>\n<meta property=\"og:type\" content=\"article\" \/>\n<meta property=\"og:title\" content=\"Epicor ERP: recensione software ERP - Accurate Reviews\" \/>\n<meta property=\"og:description\" content=\"Epicor ERP: recensione soluzione ERP completamente integrato con caratteristiche e funzionalit\u00e0 complete per gestire contabilit\u00e0 e finanza.\" \/>\n<meta property=\"og:url\" content=\"https:\/\/www.accuratereviews.com\/it\/software-erp-lista-software\/epicor-erp-recensione\/\" \/>\n<meta property=\"og:site_name\" content=\"Accurate Reviews\" \/>\n<meta property=\"article:modified_time\" content=\"2020-05-14T07:24:59+00:00\" \/>\n<meta property=\"og:image\" content=\"https:\/\/www.accuratereviews.com\/wp-content\/uploads\/2020\/01\/epicor.jpg\" \/>\n\t<meta property=\"og:image:width\" content=\"1024\" \/>\n\t<meta property=\"og:image:height\" content=\"512\" \/>\n\t<meta property=\"og:image:type\" content=\"image\/jpeg\" \/>\n<meta name=\"twitter:card\" content=\"summary_large_image\" \/>\n<meta name=\"twitter:label1\" content=\"Tempo di lettura stimato\" \/>\n\t<meta name=\"twitter:data1\" content=\"5 minuti\" \/>\n<script type=\"application\/ld+json\" class=\"yoast-schema-graph\">{\"@context\":\"https:\\\/\\\/schema.org\",\"@graph\":[{\"@type\":\"WebPage\",\"@id\":\"https:\\\/\\\/www.accuratereviews.com\\\/it\\\/software-erp-lista-software\\\/epicor-erp-recensione\\\/\",\"url\":\"https:\\\/\\\/www.accuratereviews.com\\\/it\\\/software-erp-lista-software\\\/epicor-erp-recensione\\\/\",\"name\":\"Epicor ERP: recensione software ERP - Accurate Reviews\",\"isPartOf\":{\"@id\":\"https:\\\/\\\/www.accuratereviews.com\\\/it\\\/#website\"},\"primaryImageOfPage\":{\"@id\":\"https:\\\/\\\/www.accuratereviews.com\\\/it\\\/software-erp-lista-software\\\/epicor-erp-recensione\\\/#primaryimage\"},\"image\":{\"@id\":\"https:\\\/\\\/www.accuratereviews.com\\\/it\\\/software-erp-lista-software\\\/epicor-erp-recensione\\\/#primaryimage\"},\"thumbnailUrl\":\"https:\\\/\\\/www.accuratereviews.com\\\/wp-content\\\/uploads\\\/2020\\\/01\\\/epicor.jpg\",\"datePublished\":\"2020-01-15T15:19:01+00:00\",\"dateModified\":\"2020-05-14T07:24:59+00:00\",\"description\":\"Epicor ERP: recensione soluzione ERP completamente integrato con caratteristiche e funzionalit\u00e0 complete per gestire contabilit\u00e0 e finanza.\",\"breadcrumb\":{\"@id\":\"https:\\\/\\\/www.accuratereviews.com\\\/it\\\/software-erp-lista-software\\\/epicor-erp-recensione\\\/#breadcrumb\"},\"inLanguage\":\"it-IT\",\"potentialAction\":[{\"@type\":\"ReadAction\",\"target\":[\"https:\\\/\\\/www.accuratereviews.com\\\/it\\\/software-erp-lista-software\\\/epicor-erp-recensione\\\/\"]}]},{\"@type\":\"ImageObject\",\"inLanguage\":\"it-IT\",\"@id\":\"https:\\\/\\\/www.accuratereviews.com\\\/it\\\/software-erp-lista-software\\\/epicor-erp-recensione\\\/#primaryimage\",\"url\":\"https:\\\/\\\/www.accuratereviews.com\\\/wp-content\\\/uploads\\\/2020\\\/01\\\/epicor.jpg\",\"contentUrl\":\"https:\\\/\\\/www.accuratereviews.com\\\/wp-content\\\/uploads\\\/2020\\\/01\\\/epicor.jpg\",\"width\":1024,\"height\":512},{\"@type\":\"BreadcrumbList\",\"@id\":\"https:\\\/\\\/www.accuratereviews.com\\\/it\\\/software-erp-lista-software\\\/epicor-erp-recensione\\\/#breadcrumb\",\"itemListElement\":[{\"@type\":\"ListItem\",\"position\":1,\"name\":\"Home\",\"item\":\"https:\\\/\\\/www.accuratereviews.com\\\/it\\\/\"},{\"@type\":\"ListItem\",\"position\":2,\"name\":\"ERP Software\",\"item\":\"https:\\\/\\\/www.accuratereviews.com\\\/it\\\/software-erp-lista-software\\\/\"},{\"@type\":\"ListItem\",\"position\":3,\"name\":\"Epicor ERP\"}]},{\"@type\":\"WebSite\",\"@id\":\"https:\\\/\\\/www.accuratereviews.com\\\/it\\\/#website\",\"url\":\"https:\\\/\\\/www.accuratereviews.com\\\/it\\\/\",\"name\":\"Accurate Reviews\",\"description\":\"\",\"potentialAction\":[{\"@type\":\"SearchAction\",\"target\":{\"@type\":\"EntryPoint\",\"urlTemplate\":\"https:\\\/\\\/www.accuratereviews.com\\\/it\\\/?s={search_term_string}\"},\"query-input\":{\"@type\":\"PropertyValueSpecification\",\"valueRequired\":true,\"valueName\":\"search_term_string\"}}],\"inLanguage\":\"it-IT\"}]}<\/script>\n<!-- \/ Yoast SEO plugin. -->","yoast_head_json":{"title":"Epicor ERP: recensione software ERP - Accurate Reviews","description":"Epicor ERP: recensione soluzione ERP completamente integrato con caratteristiche e funzionalit\u00e0 complete per gestire contabilit\u00e0 e finanza.","robots":{"index":"index","follow":"follow","max-snippet":"max-snippet:-1","max-image-preview":"max-image-preview:large","max-video-preview":"max-video-preview:-1"},"canonical":"https:\/\/www.accuratereviews.com\/it\/software-erp-lista-software\/epicor-erp-recensione\/","og_locale":"it_IT","og_type":"article","og_title":"Epicor ERP: recensione software ERP - Accurate Reviews","og_description":"Epicor ERP: recensione soluzione ERP completamente integrato con caratteristiche e funzionalit\u00e0 complete per gestire contabilit\u00e0 e finanza.","og_url":"https:\/\/www.accuratereviews.com\/it\/software-erp-lista-software\/epicor-erp-recensione\/","og_site_name":"Accurate Reviews","article_modified_time":"2020-05-14T07:24:59+00:00","og_image":[{"width":1024,"height":512,"url":"https:\/\/www.accuratereviews.com\/wp-content\/uploads\/2020\/01\/epicor.jpg","type":"image\/jpeg"}],"twitter_card":"summary_large_image","twitter_misc":{"Tempo di lettura stimato":"5 minuti"},"schema":{"@context":"https:\/\/schema.org","@graph":[{"@type":"WebPage","@id":"https:\/\/www.accuratereviews.com\/it\/software-erp-lista-software\/epicor-erp-recensione\/","url":"https:\/\/www.accuratereviews.com\/it\/software-erp-lista-software\/epicor-erp-recensione\/","name":"Epicor ERP: recensione software ERP - Accurate Reviews","isPartOf":{"@id":"https:\/\/www.accuratereviews.com\/it\/#website"},"primaryImageOfPage":{"@id":"https:\/\/www.accuratereviews.com\/it\/software-erp-lista-software\/epicor-erp-recensione\/#primaryimage"},"image":{"@id":"https:\/\/www.accuratereviews.com\/it\/software-erp-lista-software\/epicor-erp-recensione\/#primaryimage"},"thumbnailUrl":"https:\/\/www.accuratereviews.com\/wp-content\/uploads\/2020\/01\/epicor.jpg","datePublished":"2020-01-15T15:19:01+00:00","dateModified":"2020-05-14T07:24:59+00:00","description":"Epicor ERP: recensione soluzione ERP completamente integrato con caratteristiche e funzionalit\u00e0 complete per gestire contabilit\u00e0 e finanza.","breadcrumb":{"@id":"https:\/\/www.accuratereviews.com\/it\/software-erp-lista-software\/epicor-erp-recensione\/#breadcrumb"},"inLanguage":"it-IT","potentialAction":[{"@type":"ReadAction","target":["https:\/\/www.accuratereviews.com\/it\/software-erp-lista-software\/epicor-erp-recensione\/"]}]},{"@type":"ImageObject","inLanguage":"it-IT","@id":"https:\/\/www.accuratereviews.com\/it\/software-erp-lista-software\/epicor-erp-recensione\/#primaryimage","url":"https:\/\/www.accuratereviews.com\/wp-content\/uploads\/2020\/01\/epicor.jpg","contentUrl":"https:\/\/www.accuratereviews.com\/wp-content\/uploads\/2020\/01\/epicor.jpg","width":1024,"height":512},{"@type":"BreadcrumbList","@id":"https:\/\/www.accuratereviews.com\/it\/software-erp-lista-software\/epicor-erp-recensione\/#breadcrumb","itemListElement":[{"@type":"ListItem","position":1,"name":"Home","item":"https:\/\/www.accuratereviews.com\/it\/"},{"@type":"ListItem","position":2,"name":"ERP Software","item":"https:\/\/www.accuratereviews.com\/it\/software-erp-lista-software\/"},{"@type":"ListItem","position":3,"name":"Epicor ERP"}]},{"@type":"WebSite","@id":"https:\/\/www.accuratereviews.com\/it\/#website","url":"https:\/\/www.accuratereviews.com\/it\/","name":"Accurate Reviews","description":"","potentialAction":[{"@type":"SearchAction","target":{"@type":"EntryPoint","urlTemplate":"https:\/\/www.accuratereviews.com\/it\/?s={search_term_string}"},"query-input":{"@type":"PropertyValueSpecification","valueRequired":true,"valueName":"search_term_string"}}],"inLanguage":"it-IT"}]}},"_links":{"self":[{"href":"https:\/\/www.accuratereviews.com\/it\/wp-json\/wp\/v2\/pages\/22139","targetHints":{"allow":["GET"]}}],"collection":[{"href":"https:\/\/www.accuratereviews.com\/it\/wp-json\/wp\/v2\/pages"}],"about":[{"href":"https:\/\/www.accuratereviews.com\/it\/wp-json\/wp\/v2\/types\/page"}],"author":[{"embeddable":true,"href":"https:\/\/www.accuratereviews.com\/it\/wp-json\/wp\/v2\/users\/19"}],"replies":[{"embeddable":true,"href":"https:\/\/www.accuratereviews.com\/it\/wp-json\/wp\/v2\/comments?post=22139"}],"version-history":[{"count":17,"href":"https:\/\/www.accuratereviews.com\/it\/wp-json\/wp\/v2\/pages\/22139\/revisions"}],"predecessor-version":[{"id":26478,"href":"https:\/\/www.accuratereviews.com\/it\/wp-json\/wp\/v2\/pages\/22139\/revisions\/26478"}],"up":[{"embeddable":true,"href":"https:\/\/www.accuratereviews.com\/it\/wp-json\/wp\/v2\/pages\/22029"}],"wp:featuredmedia":[{"embeddable":true,"href":"https:\/\/www.accuratereviews.com\/it\/wp-json\/wp\/v2\/media\/22140"}],"wp:attachment":[{"href":"https:\/\/www.accuratereviews.com\/it\/wp-json\/wp\/v2\/media?parent=22139"}],"wp:term":[{"taxonomy":"category","embeddable":true,"href":"https:\/\/www.accuratereviews.com\/it\/wp-json\/wp\/v2\/categories?post=22139"},{"taxonomy":"post_tag","embeddable":true,"href":"https:\/\/www.accuratereviews.com\/it\/wp-json\/wp\/v2\/tags?post=22139"},{"taxonomy":"features","embeddable":true,"href":"https:\/\/www.accuratereviews.com\/it\/wp-json\/wp\/v2\/features?post=22139"}],"curies":[{"name":"wp","href":"https:\/\/api.w.org\/{rel}","templated":true}]}}