{"id":22165,"date":"2020-01-15T14:56:13","date_gmt":"2020-01-15T14:56:13","guid":{"rendered":"https:\/\/www.accuratereviews.com\/?page_id=22165"},"modified":"2020-01-15T15:19:29","modified_gmt":"2020-01-15T15:19:29","slug":"tally-erp-9-recensione","status":"publish","type":"page","link":"https:\/\/www.accuratereviews.com\/it\/software-erp-lista-software\/tally-erp-9-recensione\/","title":{"rendered":"Tally.ERP 9"},"content":{"rendered":"<p class=\"producttext1\"><strong>Tally.ERP 9<\/strong> \u00e8 un <strong>software di Enterprise Resource Planning (ERP)<\/strong> che ti permette di gestire tutte le complessit\u00e0 che derivano dalla crescita della tua azienda. Grazie a questo programma, potrai gestire il capitale circolante, gli ordini, l&#8217;inventario, la contabilit\u00e0 e avere una <strong>visuale a 360\u00b0 di tutte le attivit\u00e0 riguardanti il tuo business<\/strong> in modo da rimanere costantemente aggiornato. Ottieni<strong> report precisi e dettagliati<\/strong> sulla stima dei costi, sull&#8217;analisi della redditivit\u00e0, sulle attivit\u00e0 in sospeso e altro ancora in modo che tu possa prendere decisioni migliori al momento giusto e grazie alle informazioni giuste. La caratteristica migliore di questo <strong>programma ERP<\/strong> \u00e8 senz&#8217;altro la sua flessibilit\u00e0 poich\u00e9 si adatta a qualsiasi tipo di azienda.<\/p>\n<h2>COME FUNZIONA TALLY.ERP 9 &#8211; TUTORIAL<\/h2>\n<p>Ecco un video che potr\u00e0 spiegarci meglio come utilizzare questo sistema:<\/p>\n<div id=\"fluid-wrapper-counter-1\" class=\"g1-fluid-wrapper \" style=\"width:686px;\">\n<div style=\"padding-bottom:56.268221574344%;\"><iframe loading=\"lazy\" title=\"Tally.ERP 9 : Learn Tally in 20 mins | Tally Erp 9 Full Tutorial in English\" width=\"515\" height=\"386\" src=\"https:\/\/www.youtube.com\/embed\/_Ghu1JlnoZI?feature=oembed&amp;wmode=transparent&amp;autohide=1&amp;autoplay=0&amp;disablekb=0&amp;fs=1&amp;loop=0&amp;enablejsapi=1&amp;rel=0&amp;controls=2&amp;showinfo=0&amp;wmode=transparent&amp;autohide=2&amp;autoplay=0&amp;disablekb=0&amp;fs=1&amp;loop=0&amp;enablejsapi=1&amp;rel=0&amp;controls=2&amp;showinfo=1\" frameborder=\"0\" allow=\"accelerometer; autoplay; encrypted-media; gyroscope; picture-in-picture\" allowfullscreen><\/iframe><\/div>\n<\/div>\n<h3>TALLY.ERP 9 &#8211; CARATTERISTICHE<\/h3>\n<p>Adesso diamo un&#8217;occhiata alle sue caratteristiche principali:<\/p>\n<ul>\n<li>Gestione della contabilit\u00e0<\/li>\n<li>Gestione dell&#8217;inventario<\/li>\n<li>Gestione dei pagamenti<\/li>\n<li>Soluzione one stop per conformit\u00e0<\/li>\n<li>Supporto per operazioni bancarie<\/li>\n<li>Accesso pi\u00f9 veloce ai report commerciali<\/li>\n<li>Condivisione dei dati<\/li>\n<li>Piattaforma multilingue<\/li>\n<\/ul>\n<h3>LE RECENSIONI DEGLI UTENTI<\/h3>\n<p><strong>&#8220;La mia esperienza con Tally erp9 \u00e8 molto positiva. Ci aiuta a mantenere tutti i record dei nostri clienti.&#8221;<\/strong><br \/>\nIN GENERALE: mi aiuta a mantenere registrazioni di un gran numero di clienti in un tempo limitato ogni giorno. Aiuta a presentare tempestivamente i resi e altri report commerciali.<br \/>\nPRO: questo software \u00e8 il software migliore e pi\u00f9 affidabile. Fornisce una soluzione automatizzata per il mantenimento dei registri e la tempestiva conformit\u00e0 alle leggi. Il meglio di questo software \u00e8 che si pu\u00f2 personalizzare in base alle proprie esigenze. \u00c8 disponibile anche una personalizzazione speciale per ogni tipo di attivit\u00e0. \u00c8 molto facile da usare e da imparare, i tasti di scelta rapida sono indicati sul lato destro. I dati possono essere facilmente compilati e migrati in PDF, Excel e altri moduli. L&#8217;utente di Tally.net \u00e8 un&#8217;altra ottima funzionalit\u00e0, che ti consente di accedere ai tuoi dati mentre sei seduto ovunque. In questi giorni \u00e8 molto utile per la preparazione e il caricamento dei resi GST direttamente dal software<br \/>\nCONTRO: questo software non \u00e8 basato su cloud storage. Ma nel complesso, questo software \u00e8 molto buono e il migliore per mantenere registri completi di un&#8217;azienda<\/p>\n<p><strong>&#8220;La spina dorsale della giornata lavorativa di CA.&#8221;<\/strong><br \/>\nIN GENERALE: \u00e8 una spina dorsale del settore contabile e finanziario. Questo software fornisce un&#8217;analisi approfondita insieme alla contabilit\u00e0.<br \/>\nPRO: Tally supporta l&#8217;esportazione in CSV, calcolo delle imposte GST. Dati leggibili disponibili per il riempimento di resi GST. Ci\u00f2 fornisce supporto multilingue. Mantiene l&#8217;inventario insieme ai conti. Calcolo automatico degli interessi per vari conti come crediti, debiti, conto capitale. Controlli di sicurezza dell&#8217;utente insieme a funzionalit\u00e0 di sicurezza dei dati. Supporta le funzioni di controllo che sono molto utili. Presentazione dei dati con grafici a barre. Non solo fornisce profitti e perdite per l&#8217;esercizio finanziario, ma fornisce anche vari report per l&#8217;analisi dei dati finanziari.<br \/>\nQuesto \u00e8 disponibile per gli studenti a scopo di apprendimento.<br \/>\nCONTRO: l&#8217;utente non pu\u00f2 aprire pi\u00f9 istanze di account di contabilit\u00e0 generale contemporaneamente.<br \/>\nL&#8217;utente non pu\u00f2 inserire i saldi iniziali del centro di costo, il che rende difficile rappresentare saggiamente il centro di costo dati.<br \/>\nIl colore della grafica della GUI deve essere personalizzato.<\/p>\n<p><strong>&#8220;Software adatto e affidabile per le vostre esigenze finanziarie e contabili della vostra azienda&#8221;<\/strong><br \/>\nIN GENERALE: utilizzo questo software come contabile nella gestione dell&#8217;inventario, della conformit\u00e0 legale e della contabilit\u00e0 finanziaria dell&#8217;azienda. Seguire le transazioni quotidiane \u00e8 stato quindi facile poich\u00e9 possono seguirle in sequenza. le informazioni vengono acquisite durante l&#8217;esecuzione delle transazioni, promuovendo in tal modo la responsabilit\u00e0 e l&#8217;accuratezza delle informazioni.<br \/>\nPRO: Una delle cose che mi piace di pi\u00f9 di questo software \u00e8 la sua capacit\u00e0 di adottare oggi le mutevoli esigenze di un&#8217;azienda. Ha la capacit\u00e0 di adottarli con facilit\u00e0 e garantisce inoltre che i dati aziendali siano sicuri e protetti. Tramite l&#8217;aiuto del supporto dei partner, Tally fornisce supporto per la formazione e l&#8217;installazione.<br \/>\nCONTRO: Il software richiede all&#8217;utente di avere alcune conoscenze contabili per lavorare efficacemente con esso. Dopo l&#8217;installazione, l&#8217;utente non riesce a cogliere le conoscenze contabili per facilitare le operazioni.<\/p>\n","protected":false},"excerpt":{"rendered":"<p>Tally.ERP 9 \u00e8 un software di Enterprise Resource Planning (ERP) che ti permette di gestire tutte le complessit\u00e0 che derivano dalla crescita della tua azienda. Grazie a questo programma, potrai gestire il capitale circolante, gli ordini, l&#8217;inventario, la contabilit\u00e0 e avere una visuale a 360\u00b0 di tutte le attivit\u00e0 riguardanti il tuo business in modo da rimanere costantemente aggiornato.<\/p>\n","protected":false},"author":17,"featured_media":22171,"parent":22029,"menu_order":0,"comment_status":"open","ping_status":"closed","template":"g1_template_page_review_new.php","meta":{"_acf_changed":false,"cwp_meta_box_check":"Yes","cwp_rev_product_name":"","cwp_rev_product_image":"","wppr_links":[],"cwp_rev_price":"","wppr_options":[],"wppr_pros":[],"wppr_cons":[],"_monsterinsights_skip_tracking":false,"_monsterinsights_sitenote_active":false,"_monsterinsights_sitenote_note":"","_monsterinsights_sitenote_category":0,"footnotes":""},"categories":[1654],"tags":[1664,1663,1669,923],"features":[],"class_list":{"0":"post-22165","1":"page","2":"type-page","3":"status-publish","4":"has-post-thumbnail","6":"category-enterprise-resource-planning-software-erp","7":"tag-enterprise-resource-planning","8":"tag-erp","9":"tag-piattaforma-erp","10":"tag-software-erp"},"wppr_data":{"cwp_meta_box_check":"Yes","cwp_rev_product_name":"","cwp_rev_product_image":"","cwp_image_link":"image","cwp_rev_price":"","wppr_rating":"0.00"},"acf":[],"yoast_head":"<!-- This site is optimized with the Yoast SEO plugin v27.4 - https:\/\/yoast.com\/product\/yoast-seo-wordpress\/ -->\n<title>Tally.ERP 9: recensione software ERP - Accurate Reviews<\/title>\n<meta name=\"description\" content=\"Tally.ERP 9: recensione del software di Enterprise Resource Planning (ERP) che ti permette di gestire tutte le attivit\u00e0 della tua azienda.\" \/>\n<meta name=\"robots\" content=\"index, follow, max-snippet:-1, max-image-preview:large, max-video-preview:-1\" \/>\n<link rel=\"canonical\" href=\"https:\/\/www.accuratereviews.com\/it\/software-erp-lista-software\/tally-erp-9-recensione\/\" \/>\n<meta property=\"og:locale\" content=\"it_IT\" \/>\n<meta property=\"og:type\" content=\"article\" \/>\n<meta property=\"og:title\" content=\"Tally.ERP 9: recensione software ERP - Accurate Reviews\" \/>\n<meta property=\"og:description\" content=\"Tally.ERP 9: recensione del software di Enterprise Resource Planning (ERP) che ti permette di gestire tutte le attivit\u00e0 della tua azienda.\" \/>\n<meta property=\"og:url\" content=\"https:\/\/www.accuratereviews.com\/it\/software-erp-lista-software\/tally-erp-9-recensione\/\" \/>\n<meta property=\"og:site_name\" content=\"Accurate Reviews\" \/>\n<meta property=\"article:modified_time\" content=\"2020-01-15T15:19:29+00:00\" \/>\n<meta property=\"og:image\" content=\"https:\/\/www.accuratereviews.com\/wp-content\/uploads\/2020\/01\/download.jpg\" \/>\n\t<meta property=\"og:image:width\" content=\"210\" \/>\n\t<meta property=\"og:image:height\" content=\"200\" \/>\n\t<meta property=\"og:image:type\" content=\"image\/jpeg\" \/>\n<meta name=\"twitter:card\" content=\"summary_large_image\" \/>\n<meta name=\"twitter:label1\" content=\"Tempo di lettura stimato\" \/>\n\t<meta name=\"twitter:data1\" content=\"3 minuti\" \/>\n<script type=\"application\/ld+json\" class=\"yoast-schema-graph\">{\"@context\":\"https:\\\/\\\/schema.org\",\"@graph\":[{\"@type\":\"WebPage\",\"@id\":\"https:\\\/\\\/www.accuratereviews.com\\\/it\\\/software-erp-lista-software\\\/tally-erp-9-recensione\\\/\",\"url\":\"https:\\\/\\\/www.accuratereviews.com\\\/it\\\/software-erp-lista-software\\\/tally-erp-9-recensione\\\/\",\"name\":\"Tally.ERP 9: recensione software ERP - Accurate Reviews\",\"isPartOf\":{\"@id\":\"https:\\\/\\\/www.accuratereviews.com\\\/it\\\/#website\"},\"primaryImageOfPage\":{\"@id\":\"https:\\\/\\\/www.accuratereviews.com\\\/it\\\/software-erp-lista-software\\\/tally-erp-9-recensione\\\/#primaryimage\"},\"image\":{\"@id\":\"https:\\\/\\\/www.accuratereviews.com\\\/it\\\/software-erp-lista-software\\\/tally-erp-9-recensione\\\/#primaryimage\"},\"thumbnailUrl\":\"https:\\\/\\\/www.accuratereviews.com\\\/wp-content\\\/uploads\\\/2020\\\/01\\\/download.jpg\",\"datePublished\":\"2020-01-15T14:56:13+00:00\",\"dateModified\":\"2020-01-15T15:19:29+00:00\",\"description\":\"Tally.ERP 9: recensione del software di Enterprise Resource Planning (ERP) che ti permette di gestire tutte le attivit\u00e0 della tua azienda.\",\"breadcrumb\":{\"@id\":\"https:\\\/\\\/www.accuratereviews.com\\\/it\\\/software-erp-lista-software\\\/tally-erp-9-recensione\\\/#breadcrumb\"},\"inLanguage\":\"it-IT\",\"potentialAction\":[{\"@type\":\"ReadAction\",\"target\":[\"https:\\\/\\\/www.accuratereviews.com\\\/it\\\/software-erp-lista-software\\\/tally-erp-9-recensione\\\/\"]}]},{\"@type\":\"ImageObject\",\"inLanguage\":\"it-IT\",\"@id\":\"https:\\\/\\\/www.accuratereviews.com\\\/it\\\/software-erp-lista-software\\\/tally-erp-9-recensione\\\/#primaryimage\",\"url\":\"https:\\\/\\\/www.accuratereviews.com\\\/wp-content\\\/uploads\\\/2020\\\/01\\\/download.jpg\",\"contentUrl\":\"https:\\\/\\\/www.accuratereviews.com\\\/wp-content\\\/uploads\\\/2020\\\/01\\\/download.jpg\",\"width\":210,\"height\":200},{\"@type\":\"BreadcrumbList\",\"@id\":\"https:\\\/\\\/www.accuratereviews.com\\\/it\\\/software-erp-lista-software\\\/tally-erp-9-recensione\\\/#breadcrumb\",\"itemListElement\":[{\"@type\":\"ListItem\",\"position\":1,\"name\":\"Home\",\"item\":\"https:\\\/\\\/www.accuratereviews.com\\\/it\\\/\"},{\"@type\":\"ListItem\",\"position\":2,\"name\":\"ERP Software\",\"item\":\"https:\\\/\\\/www.accuratereviews.com\\\/it\\\/software-erp-lista-software\\\/\"},{\"@type\":\"ListItem\",\"position\":3,\"name\":\"Tally.ERP 9\"}]},{\"@type\":\"WebSite\",\"@id\":\"https:\\\/\\\/www.accuratereviews.com\\\/it\\\/#website\",\"url\":\"https:\\\/\\\/www.accuratereviews.com\\\/it\\\/\",\"name\":\"Accurate Reviews\",\"description\":\"\",\"potentialAction\":[{\"@type\":\"SearchAction\",\"target\":{\"@type\":\"EntryPoint\",\"urlTemplate\":\"https:\\\/\\\/www.accuratereviews.com\\\/it\\\/?s={search_term_string}\"},\"query-input\":{\"@type\":\"PropertyValueSpecification\",\"valueRequired\":true,\"valueName\":\"search_term_string\"}}],\"inLanguage\":\"it-IT\"}]}<\/script>\n<!-- \/ Yoast SEO plugin. -->","yoast_head_json":{"title":"Tally.ERP 9: recensione software ERP - Accurate Reviews","description":"Tally.ERP 9: recensione del software di Enterprise Resource Planning (ERP) che ti permette di gestire tutte le attivit\u00e0 della tua azienda.","robots":{"index":"index","follow":"follow","max-snippet":"max-snippet:-1","max-image-preview":"max-image-preview:large","max-video-preview":"max-video-preview:-1"},"canonical":"https:\/\/www.accuratereviews.com\/it\/software-erp-lista-software\/tally-erp-9-recensione\/","og_locale":"it_IT","og_type":"article","og_title":"Tally.ERP 9: recensione software ERP - Accurate Reviews","og_description":"Tally.ERP 9: recensione del software di Enterprise Resource Planning (ERP) che ti permette di gestire tutte le attivit\u00e0 della tua azienda.","og_url":"https:\/\/www.accuratereviews.com\/it\/software-erp-lista-software\/tally-erp-9-recensione\/","og_site_name":"Accurate Reviews","article_modified_time":"2020-01-15T15:19:29+00:00","og_image":[{"width":210,"height":200,"url":"https:\/\/www.accuratereviews.com\/wp-content\/uploads\/2020\/01\/download.jpg","type":"image\/jpeg"}],"twitter_card":"summary_large_image","twitter_misc":{"Tempo di lettura stimato":"3 minuti"},"schema":{"@context":"https:\/\/schema.org","@graph":[{"@type":"WebPage","@id":"https:\/\/www.accuratereviews.com\/it\/software-erp-lista-software\/tally-erp-9-recensione\/","url":"https:\/\/www.accuratereviews.com\/it\/software-erp-lista-software\/tally-erp-9-recensione\/","name":"Tally.ERP 9: recensione software ERP - Accurate Reviews","isPartOf":{"@id":"https:\/\/www.accuratereviews.com\/it\/#website"},"primaryImageOfPage":{"@id":"https:\/\/www.accuratereviews.com\/it\/software-erp-lista-software\/tally-erp-9-recensione\/#primaryimage"},"image":{"@id":"https:\/\/www.accuratereviews.com\/it\/software-erp-lista-software\/tally-erp-9-recensione\/#primaryimage"},"thumbnailUrl":"https:\/\/www.accuratereviews.com\/wp-content\/uploads\/2020\/01\/download.jpg","datePublished":"2020-01-15T14:56:13+00:00","dateModified":"2020-01-15T15:19:29+00:00","description":"Tally.ERP 9: recensione del software di Enterprise Resource Planning (ERP) che ti permette di gestire tutte le attivit\u00e0 della tua azienda.","breadcrumb":{"@id":"https:\/\/www.accuratereviews.com\/it\/software-erp-lista-software\/tally-erp-9-recensione\/#breadcrumb"},"inLanguage":"it-IT","potentialAction":[{"@type":"ReadAction","target":["https:\/\/www.accuratereviews.com\/it\/software-erp-lista-software\/tally-erp-9-recensione\/"]}]},{"@type":"ImageObject","inLanguage":"it-IT","@id":"https:\/\/www.accuratereviews.com\/it\/software-erp-lista-software\/tally-erp-9-recensione\/#primaryimage","url":"https:\/\/www.accuratereviews.com\/wp-content\/uploads\/2020\/01\/download.jpg","contentUrl":"https:\/\/www.accuratereviews.com\/wp-content\/uploads\/2020\/01\/download.jpg","width":210,"height":200},{"@type":"BreadcrumbList","@id":"https:\/\/www.accuratereviews.com\/it\/software-erp-lista-software\/tally-erp-9-recensione\/#breadcrumb","itemListElement":[{"@type":"ListItem","position":1,"name":"Home","item":"https:\/\/www.accuratereviews.com\/it\/"},{"@type":"ListItem","position":2,"name":"ERP Software","item":"https:\/\/www.accuratereviews.com\/it\/software-erp-lista-software\/"},{"@type":"ListItem","position":3,"name":"Tally.ERP 9"}]},{"@type":"WebSite","@id":"https:\/\/www.accuratereviews.com\/it\/#website","url":"https:\/\/www.accuratereviews.com\/it\/","name":"Accurate Reviews","description":"","potentialAction":[{"@type":"SearchAction","target":{"@type":"EntryPoint","urlTemplate":"https:\/\/www.accuratereviews.com\/it\/?s={search_term_string}"},"query-input":{"@type":"PropertyValueSpecification","valueRequired":true,"valueName":"search_term_string"}}],"inLanguage":"it-IT"}]}},"_links":{"self":[{"href":"https:\/\/www.accuratereviews.com\/it\/wp-json\/wp\/v2\/pages\/22165","targetHints":{"allow":["GET"]}}],"collection":[{"href":"https:\/\/www.accuratereviews.com\/it\/wp-json\/wp\/v2\/pages"}],"about":[{"href":"https:\/\/www.accuratereviews.com\/it\/wp-json\/wp\/v2\/types\/page"}],"author":[{"embeddable":true,"href":"https:\/\/www.accuratereviews.com\/it\/wp-json\/wp\/v2\/users\/17"}],"replies":[{"embeddable":true,"href":"https:\/\/www.accuratereviews.com\/it\/wp-json\/wp\/v2\/comments?post=22165"}],"version-history":[{"count":3,"href":"https:\/\/www.accuratereviews.com\/it\/wp-json\/wp\/v2\/pages\/22165\/revisions"}],"predecessor-version":[{"id":22187,"href":"https:\/\/www.accuratereviews.com\/it\/wp-json\/wp\/v2\/pages\/22165\/revisions\/22187"}],"up":[{"embeddable":true,"href":"https:\/\/www.accuratereviews.com\/it\/wp-json\/wp\/v2\/pages\/22029"}],"wp:featuredmedia":[{"embeddable":true,"href":"https:\/\/www.accuratereviews.com\/it\/wp-json\/wp\/v2\/media\/22171"}],"wp:attachment":[{"href":"https:\/\/www.accuratereviews.com\/it\/wp-json\/wp\/v2\/media?parent=22165"}],"wp:term":[{"taxonomy":"category","embeddable":true,"href":"https:\/\/www.accuratereviews.com\/it\/wp-json\/wp\/v2\/categories?post=22165"},{"taxonomy":"post_tag","embeddable":true,"href":"https:\/\/www.accuratereviews.com\/it\/wp-json\/wp\/v2\/tags?post=22165"},{"taxonomy":"features","embeddable":true,"href":"https:\/\/www.accuratereviews.com\/it\/wp-json\/wp\/v2\/features?post=22165"}],"curies":[{"name":"wp","href":"https:\/\/api.w.org\/{rel}","templated":true}]}}