{"id":22180,"date":"2020-01-15T15:19:48","date_gmt":"2020-01-15T15:19:48","guid":{"rendered":"https:\/\/www.accuratereviews.com\/?page_id=22180"},"modified":"2020-01-28T10:01:46","modified_gmt":"2020-01-28T10:01:46","slug":"mie-trak-pro-recensione","status":"publish","type":"page","link":"https:\/\/www.accuratereviews.com\/it\/software-erp-lista-software\/mie-trak-pro-recensione\/","title":{"rendered":"MIE Trak Pro"},"content":{"rendered":"<p><strong>MIE Trak Pro<\/strong> \u00e8 considerato il leader nel settore dei <strong>software ERP<\/strong> progettati per produttori di piccole o medie dimensioni che permette loro di gestire meglio i loro negozi, automatizzandone i processi. \u00c8 molto flessibile e va in contro alle esigenze di tutti e si impegna a <strong>migliorare il flusso di lavoro<\/strong> aumentando, di conseguenza, la produttivit\u00e0 e la crescita dell&#8217;azienda. Include un supporto clienti davvero efficiente, costituito da un <strong>team di esperti<\/strong> che ti guider\u00e0 in ogni fase del processo. Gestisci la dashboard, i dati, i preventivi, gli ordini di vendita e di lavoro, le richieste di offerta e personalizza i tuoi report.<\/p>\n<h2>COME UTILIZZARE MIE TRAK PRO &#8211; TUTORIAL<\/h2>\n<p>Diamo un&#8217;occhiata a questo video tutorial:<\/p>\n<div id=\"fluid-wrapper-counter-1\" class=\"g1-fluid-wrapper \" style=\"width:686px;\">\n<div style=\"padding-bottom:56.268221574344%;\"><iframe loading=\"lazy\" title=\"MIE Trak Pro ERP System - Quoting\" width=\"686\" height=\"386\" src=\"https:\/\/www.youtube.com\/embed\/wI9rLBZf1ig?feature=oembed&amp;wmode=transparent&amp;autohide=1&amp;autoplay=0&amp;disablekb=0&amp;fs=1&amp;loop=0&amp;enablejsapi=1&amp;rel=0&amp;controls=2&amp;showinfo=0&amp;wmode=transparent&amp;autohide=2&amp;autoplay=0&amp;disablekb=0&amp;fs=1&amp;loop=0&amp;enablejsapi=1&amp;rel=0&amp;controls=2&amp;showinfo=1\" frameborder=\"0\" allow=\"accelerometer; autoplay; encrypted-media; gyroscope; picture-in-picture\" allowfullscreen><\/iframe><\/div>\n<\/div>\n<h3>MIE TRAK PRO &#8211; CARATTERISTICHE<\/h3>\n<p>Di seguito elenchiamo le sue principali caratteristiche:<\/p>\n<ul>\n<li><strong>Creazione di preventivi<\/strong>: sviluppa prezzi per i progetti e crea preventivi personalizzati con facilit\u00e0<\/li>\n<li><strong>Ordini di vendita e di lavoro<\/strong>: automatizza la creazione di ordini di lavoro e migliora il tuo flusso di lavoro<\/li>\n<li><strong>Pianificazione avanzata (APS)<\/strong>: con questo strumento, puoi programmare il tuo lavoro rispettando le date di consegna previste<\/li>\n<li><strong>Gestione dell&#8217;inventario<\/strong>: crea un&#8217;accurata raccolta di dati e traccia i lavori in corso<\/li>\n<li><strong>Gestione della compatibilit\u00e0<\/strong>: gestisci tutte le operazioni contabili e di fatturazione<\/li>\n<li><strong>Sistema reportistico<\/strong>: ottieni report in tempo reale cos\u00ec da rimanere sempre informato su tutto<\/li>\n<li><strong>Gestione della contabilit\u00e0<\/strong>: gestisci tutte le operazioni contabili e di fatturazione.<\/li>\n<\/ul>\n<h3>LE RECENSIONI DEGLI UTENTI<\/h3>\n<p><strong>&#8220;MIE Trak Recensione&#8221;<\/strong><br \/>\nPRO: 1) L&#8217;impegno del tuo team nel fornire gli strumenti e il supporto necessari per la nostra riuscita implementazione, Mie Trak ha creato un eccellente team di supporto. 2) Per il nostro utilizzo nella produzione del flusso di lavoro automatico e coerente da un reparto\/funzione a un altro, garantisce una transizione senza problemi e un completamento pi\u00f9 rapido dei processi. Ci\u00f2 garantisce inoltre che tutte le attivit\u00e0 intersettoriali siano adeguatamente tracciate.<br \/>\nCONTRO: creazione di moduli e report personalizzati, difficolt\u00e0 a trovare i campi appropriati per i dati necessari &#8211; Il nome del campo nel database \u00e8 a volte diverso dal titolo del campo che mostra nel modulo che pu\u00f2 essere difficile cercare di trovare. Nota: ci sono un paio di Moduli che non stiamo utilizzando:<br \/>\na. Fatture: (utilizziamo QuickBooks)<br \/>\nb. Controllo di qualit\u00e0: (abbiamo acquistato -Unit-Point &#8211; integrato con MieTrak &#8211; il nostro direttore della qualit\u00e0 pu\u00f2 rispondere a specifiche in merito se necessario.<br \/>\nc. CRM (abbiamo acquistato la nostra pipeline di vendita CRM &#8211; che \u00e8 integrata in Outlook)<\/p>\n<p>&#8220;Ci ha resi efficienti e consapevoli&#8221;<br \/>\nPRO: MIE Trak Pro segue un flusso di lavoro logico dall&#8217;offerta alla consegna seguendo il ciclo di vita della produzione tra cui distinta base, istruzioni di lavoro, gestione delle scorte, processi esterni e molto altro. Incorpora una vasta gamma di report e il team di supporto competente pu\u00f2 produrre report personalizzati per soddisfare i requisiti su misura. I dati possono essere esportati per ulteriori analisi in Excel.<br \/>\nCONTRO: Non riesco a pensare a qualcosa di negativo da dire sul software.<\/p>\n<p>&#8220;Esperienza sui prodotti in metallo Weldflow di MIE Trak&#8221;<br \/>\nIN GENERALE: Weldflow \u00e8 una lamiera, un impianto di produzione a contratto in Ontario, Canada. Siamo una piccola azienda e non eravamo sicuri del software ERP disponibile per l&#8217;ambiente in lamiera. \u00c8 stata un&#8217;esperienza molto intuitiva con questo software in quanto soddisfa quasi tutte le sfumature della nostra operazione.<br \/>\nPRO: Stiamo usando MIETrak versione 11 e ce l&#8217;abbiamo con noi da 4 anni. Il prodotto ha la flessibilit\u00e0 di utilizzare moduli diversi. Sebbene il software abbia funzionalit\u00e0 di contabilit\u00e0 e interfacce con Quickbooks, tuttavia, lo colleghiamo solo per scaricare i nostri fornitori e clienti e il piano dei conti. Il venditore ha un sistema di supporto tecnico molto reattivo e ogni volta che ci sono stati problemi o articoli che non capiamo c&#8217;\u00e8 stato supporto tecnico disponibile per risolvere un problema a portata di mano per quel tempo.<\/p>\n","protected":false},"excerpt":{"rendered":"<p>MIE Trak Pro \u00e8 considerato il leader nel settore dei software ERP progettati per produttori di piccole o medie dimensioni che permette loro di gestire meglio i loro negozi, automatizzandone i processi. \u00c8 molto flessibile e va in contro alle esigenze di tutti e si impegna a migliorare il flusso di lavoro aumentando, di conseguenza, la produttivit\u00e0 e la crescita dell&#8217;azienda.<\/p>\n","protected":false},"author":17,"featured_media":22182,"parent":22029,"menu_order":0,"comment_status":"open","ping_status":"closed","template":"g1_template_page_review_new.php","meta":{"_acf_changed":false,"cwp_meta_box_check":"Yes","cwp_rev_product_name":"","cwp_rev_product_image":"","wppr_links":[],"cwp_rev_price":"","wppr_options":[],"wppr_pros":[],"wppr_cons":[],"_monsterinsights_skip_tracking":false,"_monsterinsights_sitenote_active":false,"_monsterinsights_sitenote_note":"","_monsterinsights_sitenote_category":0,"footnotes":""},"categories":[1654],"tags":[1664,1663,923,1667],"features":[],"class_list":{"0":"post-22180","1":"page","2":"type-page","3":"status-publish","4":"has-post-thumbnail","6":"category-enterprise-resource-planning-software-erp","7":"tag-enterprise-resource-planning","8":"tag-erp","9":"tag-software-erp","10":"tag-soluzione-erp"},"wppr_data":{"cwp_meta_box_check":"Yes","cwp_rev_product_name":"","cwp_rev_product_image":"","cwp_image_link":"image","cwp_rev_price":"","wppr_rating":"0.00"},"acf":[],"yoast_head":"<!-- This site is optimized with the Yoast SEO plugin v27.4 - https:\/\/yoast.com\/product\/yoast-seo-wordpress\/ -->\n<title>MIE Trak Pro: recensione software ERP - Accurate Reviews<\/title>\n<meta name=\"description\" content=\"MIE Trak Pro: recensione del leader nel settore dei software ERP progettati per produttori di piccole o medie dimensioni.\" \/>\n<meta name=\"robots\" content=\"index, follow, max-snippet:-1, max-image-preview:large, max-video-preview:-1\" \/>\n<link rel=\"canonical\" href=\"https:\/\/www.accuratereviews.com\/it\/software-erp-lista-software\/mie-trak-pro-recensione\/\" \/>\n<meta property=\"og:locale\" content=\"it_IT\" \/>\n<meta property=\"og:type\" content=\"article\" \/>\n<meta property=\"og:title\" content=\"MIE Trak Pro: recensione software ERP - Accurate Reviews\" \/>\n<meta property=\"og:description\" content=\"MIE Trak Pro: recensione del leader nel settore dei software ERP progettati per produttori di piccole o medie dimensioni.\" \/>\n<meta property=\"og:url\" content=\"https:\/\/www.accuratereviews.com\/it\/software-erp-lista-software\/mie-trak-pro-recensione\/\" \/>\n<meta property=\"og:site_name\" content=\"Accurate Reviews\" \/>\n<meta property=\"article:modified_time\" content=\"2020-01-28T10:01:46+00:00\" \/>\n<meta property=\"og:image\" content=\"https:\/\/www.accuratereviews.com\/wp-content\/uploads\/2020\/01\/download.png\" \/>\n\t<meta property=\"og:image:width\" content=\"251\" \/>\n\t<meta property=\"og:image:height\" content=\"201\" \/>\n\t<meta property=\"og:image:type\" content=\"image\/png\" \/>\n<meta name=\"twitter:card\" content=\"summary_large_image\" \/>\n<meta name=\"twitter:label1\" content=\"Tempo di lettura stimato\" \/>\n\t<meta name=\"twitter:data1\" content=\"3 minuti\" \/>\n<script type=\"application\/ld+json\" class=\"yoast-schema-graph\">{\"@context\":\"https:\\\/\\\/schema.org\",\"@graph\":[{\"@type\":\"WebPage\",\"@id\":\"https:\\\/\\\/www.accuratereviews.com\\\/it\\\/software-erp-lista-software\\\/mie-trak-pro-recensione\\\/\",\"url\":\"https:\\\/\\\/www.accuratereviews.com\\\/it\\\/software-erp-lista-software\\\/mie-trak-pro-recensione\\\/\",\"name\":\"MIE Trak Pro: recensione software ERP - Accurate Reviews\",\"isPartOf\":{\"@id\":\"https:\\\/\\\/www.accuratereviews.com\\\/it\\\/#website\"},\"primaryImageOfPage\":{\"@id\":\"https:\\\/\\\/www.accuratereviews.com\\\/it\\\/software-erp-lista-software\\\/mie-trak-pro-recensione\\\/#primaryimage\"},\"image\":{\"@id\":\"https:\\\/\\\/www.accuratereviews.com\\\/it\\\/software-erp-lista-software\\\/mie-trak-pro-recensione\\\/#primaryimage\"},\"thumbnailUrl\":\"https:\\\/\\\/www.accuratereviews.com\\\/wp-content\\\/uploads\\\/2020\\\/01\\\/download.png\",\"datePublished\":\"2020-01-15T15:19:48+00:00\",\"dateModified\":\"2020-01-28T10:01:46+00:00\",\"description\":\"MIE Trak Pro: recensione del leader nel settore dei software ERP progettati per produttori di piccole o medie dimensioni.\",\"breadcrumb\":{\"@id\":\"https:\\\/\\\/www.accuratereviews.com\\\/it\\\/software-erp-lista-software\\\/mie-trak-pro-recensione\\\/#breadcrumb\"},\"inLanguage\":\"it-IT\",\"potentialAction\":[{\"@type\":\"ReadAction\",\"target\":[\"https:\\\/\\\/www.accuratereviews.com\\\/it\\\/software-erp-lista-software\\\/mie-trak-pro-recensione\\\/\"]}]},{\"@type\":\"ImageObject\",\"inLanguage\":\"it-IT\",\"@id\":\"https:\\\/\\\/www.accuratereviews.com\\\/it\\\/software-erp-lista-software\\\/mie-trak-pro-recensione\\\/#primaryimage\",\"url\":\"https:\\\/\\\/www.accuratereviews.com\\\/wp-content\\\/uploads\\\/2020\\\/01\\\/download.png\",\"contentUrl\":\"https:\\\/\\\/www.accuratereviews.com\\\/wp-content\\\/uploads\\\/2020\\\/01\\\/download.png\",\"width\":251,\"height\":201},{\"@type\":\"BreadcrumbList\",\"@id\":\"https:\\\/\\\/www.accuratereviews.com\\\/it\\\/software-erp-lista-software\\\/mie-trak-pro-recensione\\\/#breadcrumb\",\"itemListElement\":[{\"@type\":\"ListItem\",\"position\":1,\"name\":\"Home\",\"item\":\"https:\\\/\\\/www.accuratereviews.com\\\/it\\\/\"},{\"@type\":\"ListItem\",\"position\":2,\"name\":\"ERP Software\",\"item\":\"https:\\\/\\\/www.accuratereviews.com\\\/it\\\/software-erp-lista-software\\\/\"},{\"@type\":\"ListItem\",\"position\":3,\"name\":\"MIE Trak Pro\"}]},{\"@type\":\"WebSite\",\"@id\":\"https:\\\/\\\/www.accuratereviews.com\\\/it\\\/#website\",\"url\":\"https:\\\/\\\/www.accuratereviews.com\\\/it\\\/\",\"name\":\"Accurate Reviews\",\"description\":\"\",\"potentialAction\":[{\"@type\":\"SearchAction\",\"target\":{\"@type\":\"EntryPoint\",\"urlTemplate\":\"https:\\\/\\\/www.accuratereviews.com\\\/it\\\/?s={search_term_string}\"},\"query-input\":{\"@type\":\"PropertyValueSpecification\",\"valueRequired\":true,\"valueName\":\"search_term_string\"}}],\"inLanguage\":\"it-IT\"}]}<\/script>\n<!-- \/ Yoast SEO plugin. -->","yoast_head_json":{"title":"MIE Trak Pro: recensione software ERP - Accurate Reviews","description":"MIE Trak Pro: recensione del leader nel settore dei software ERP progettati per produttori di piccole o medie dimensioni.","robots":{"index":"index","follow":"follow","max-snippet":"max-snippet:-1","max-image-preview":"max-image-preview:large","max-video-preview":"max-video-preview:-1"},"canonical":"https:\/\/www.accuratereviews.com\/it\/software-erp-lista-software\/mie-trak-pro-recensione\/","og_locale":"it_IT","og_type":"article","og_title":"MIE Trak Pro: recensione software ERP - Accurate Reviews","og_description":"MIE Trak Pro: recensione del leader nel settore dei software ERP progettati per produttori di piccole o medie dimensioni.","og_url":"https:\/\/www.accuratereviews.com\/it\/software-erp-lista-software\/mie-trak-pro-recensione\/","og_site_name":"Accurate Reviews","article_modified_time":"2020-01-28T10:01:46+00:00","og_image":[{"width":251,"height":201,"url":"https:\/\/www.accuratereviews.com\/wp-content\/uploads\/2020\/01\/download.png","type":"image\/png"}],"twitter_card":"summary_large_image","twitter_misc":{"Tempo di lettura stimato":"3 minuti"},"schema":{"@context":"https:\/\/schema.org","@graph":[{"@type":"WebPage","@id":"https:\/\/www.accuratereviews.com\/it\/software-erp-lista-software\/mie-trak-pro-recensione\/","url":"https:\/\/www.accuratereviews.com\/it\/software-erp-lista-software\/mie-trak-pro-recensione\/","name":"MIE Trak Pro: recensione software ERP - Accurate Reviews","isPartOf":{"@id":"https:\/\/www.accuratereviews.com\/it\/#website"},"primaryImageOfPage":{"@id":"https:\/\/www.accuratereviews.com\/it\/software-erp-lista-software\/mie-trak-pro-recensione\/#primaryimage"},"image":{"@id":"https:\/\/www.accuratereviews.com\/it\/software-erp-lista-software\/mie-trak-pro-recensione\/#primaryimage"},"thumbnailUrl":"https:\/\/www.accuratereviews.com\/wp-content\/uploads\/2020\/01\/download.png","datePublished":"2020-01-15T15:19:48+00:00","dateModified":"2020-01-28T10:01:46+00:00","description":"MIE Trak Pro: recensione del leader nel settore dei software ERP progettati per produttori di piccole o medie dimensioni.","breadcrumb":{"@id":"https:\/\/www.accuratereviews.com\/it\/software-erp-lista-software\/mie-trak-pro-recensione\/#breadcrumb"},"inLanguage":"it-IT","potentialAction":[{"@type":"ReadAction","target":["https:\/\/www.accuratereviews.com\/it\/software-erp-lista-software\/mie-trak-pro-recensione\/"]}]},{"@type":"ImageObject","inLanguage":"it-IT","@id":"https:\/\/www.accuratereviews.com\/it\/software-erp-lista-software\/mie-trak-pro-recensione\/#primaryimage","url":"https:\/\/www.accuratereviews.com\/wp-content\/uploads\/2020\/01\/download.png","contentUrl":"https:\/\/www.accuratereviews.com\/wp-content\/uploads\/2020\/01\/download.png","width":251,"height":201},{"@type":"BreadcrumbList","@id":"https:\/\/www.accuratereviews.com\/it\/software-erp-lista-software\/mie-trak-pro-recensione\/#breadcrumb","itemListElement":[{"@type":"ListItem","position":1,"name":"Home","item":"https:\/\/www.accuratereviews.com\/it\/"},{"@type":"ListItem","position":2,"name":"ERP Software","item":"https:\/\/www.accuratereviews.com\/it\/software-erp-lista-software\/"},{"@type":"ListItem","position":3,"name":"MIE Trak Pro"}]},{"@type":"WebSite","@id":"https:\/\/www.accuratereviews.com\/it\/#website","url":"https:\/\/www.accuratereviews.com\/it\/","name":"Accurate Reviews","description":"","potentialAction":[{"@type":"SearchAction","target":{"@type":"EntryPoint","urlTemplate":"https:\/\/www.accuratereviews.com\/it\/?s={search_term_string}"},"query-input":{"@type":"PropertyValueSpecification","valueRequired":true,"valueName":"search_term_string"}}],"inLanguage":"it-IT"}]}},"_links":{"self":[{"href":"https:\/\/www.accuratereviews.com\/it\/wp-json\/wp\/v2\/pages\/22180","targetHints":{"allow":["GET"]}}],"collection":[{"href":"https:\/\/www.accuratereviews.com\/it\/wp-json\/wp\/v2\/pages"}],"about":[{"href":"https:\/\/www.accuratereviews.com\/it\/wp-json\/wp\/v2\/types\/page"}],"author":[{"embeddable":true,"href":"https:\/\/www.accuratereviews.com\/it\/wp-json\/wp\/v2\/users\/17"}],"replies":[{"embeddable":true,"href":"https:\/\/www.accuratereviews.com\/it\/wp-json\/wp\/v2\/comments?post=22180"}],"version-history":[{"count":2,"href":"https:\/\/www.accuratereviews.com\/it\/wp-json\/wp\/v2\/pages\/22180\/revisions"}],"predecessor-version":[{"id":22186,"href":"https:\/\/www.accuratereviews.com\/it\/wp-json\/wp\/v2\/pages\/22180\/revisions\/22186"}],"up":[{"embeddable":true,"href":"https:\/\/www.accuratereviews.com\/it\/wp-json\/wp\/v2\/pages\/22029"}],"wp:featuredmedia":[{"embeddable":true,"href":"https:\/\/www.accuratereviews.com\/it\/wp-json\/wp\/v2\/media\/22182"}],"wp:attachment":[{"href":"https:\/\/www.accuratereviews.com\/it\/wp-json\/wp\/v2\/media?parent=22180"}],"wp:term":[{"taxonomy":"category","embeddable":true,"href":"https:\/\/www.accuratereviews.com\/it\/wp-json\/wp\/v2\/categories?post=22180"},{"taxonomy":"post_tag","embeddable":true,"href":"https:\/\/www.accuratereviews.com\/it\/wp-json\/wp\/v2\/tags?post=22180"},{"taxonomy":"features","embeddable":true,"href":"https:\/\/www.accuratereviews.com\/it\/wp-json\/wp\/v2\/features?post=22180"}],"curies":[{"name":"wp","href":"https:\/\/api.w.org\/{rel}","templated":true}]}}