{"id":22204,"date":"2020-01-16T13:50:28","date_gmt":"2020-01-16T13:50:28","guid":{"rendered":"https:\/\/www.accuratereviews.com\/?page_id=22204"},"modified":"2021-05-10T14:09:08","modified_gmt":"2021-05-10T14:09:08","slug":"acctivate-for-quickbooks-recensione","status":"publish","type":"page","link":"https:\/\/www.accuratereviews.com\/it\/software-erp-lista-software\/acctivate-for-quickbooks-recensione\/","title":{"rendered":"Acctivate for QuickBooks"},"content":{"rendered":"<p><strong>Acctivate for QuickBooks<\/strong> \u00e8 uno dei migliori <strong>software ERP<\/strong> disponibili sul mercato, ideale per le piccole imprese che lavorano con QuickBooks. Con la crescita dell&#8217;azienda, aumentano anche le esigenze che vanno oltre la contabilit\u00e0 di cui si occupa <strong>QuickBooks<\/strong> ed \u00e8 quindi necessario affidarsi a un <strong>programma ERP<\/strong> che ci permetta di raggiungere anche quegli obiettivi che prima ci sembravano lontani. Grazie a questo strumento e alle sue potenti funzionalit\u00e0, potrai gestire tutte le fasi dell&#8217;attivit\u00e0 in tempo reale, le relazioni con i clienti, gli acquisti, l&#8217;inventario, il deposito, i codici a barre e molto altro ancora. <strong>Acctivate for QuickBooks<\/strong> si impegna a risolvere qualsiasi sfida aziendale che gli si presenti ottimizzando e migliorandone i processi che normalmente richiedono tempo e fatica.<\/p>\n<h2>COME FUNZIONA ACCTIVATE FOR QUICKBOOKS &#8211; TUTORIAL<\/h2>\n<p>Diamo un&#8217;occhiata a questo video per capire qualcosa di pi\u00f9 al riguardo:<\/p>\n<div id=\"fluid-wrapper-counter-1\" class=\"g1-fluid-wrapper \" style=\"width:686px;\">\n<div style=\"padding-bottom:56.268221574344%;\"><iframe loading=\"lazy\" title=\"Acctivate Inventory Software for QuickBooks\" width=\"686\" height=\"386\" src=\"https:\/\/www.youtube.com\/embed\/SJOYn6eWH5c?feature=oembed&amp;wmode=transparent&amp;autohide=1&amp;autoplay=0&amp;disablekb=0&amp;fs=1&amp;loop=0&amp;enablejsapi=1&amp;rel=0&amp;controls=2&amp;showinfo=0&amp;wmode=transparent&amp;autohide=2&amp;autoplay=0&amp;disablekb=0&amp;fs=1&amp;loop=0&amp;enablejsapi=1&amp;rel=0&amp;controls=2&amp;showinfo=1\" frameborder=\"0\" allow=\"accelerometer; autoplay; encrypted-media; gyroscope; picture-in-picture\" allowfullscreen><\/iframe><\/div>\n<\/div>\n<h3>ACCTIVATE INVENTORY SOFTWARE &#8211; CARATTERISTICHE<\/h3>\n<p>Di seguito le sue principali caratteristiche:<\/p>\n<ul>\n<li><strong>Inventario<\/strong>: tieni sotto controllo i dati in tempo reale, le vendite, l&#8217;evasione degli ordini, gli acquisti e tutto ci\u00f2 che \u00e8 centralizzato sull&#8217;inventario<\/li>\n<li><strong>Gestione degli ordini<\/strong>: gestisci gli ordini del canale Omni che collega tutti i canali di vendita<\/li>\n<li><strong>Acquisti avanzati<\/strong>: mantieni i livelli di inventario corretti con strumenti per l&#8217;intero processo di acquisto, inclusi componenti aggiuntivi specializzati per drop shipping e ordini speciali<\/li>\n<li><strong>Sistema di analisi<\/strong>: riduci i costi reali con calcoli accurati del costo logistico e di tutti gli altri metodi di valutazione e determinazione dei costi<\/li>\n<li><strong>Gestione del magazzino mobile<\/strong>: aumenta l&#8217;evasione degli ordini e riduci gli errori<\/li>\n<li><strong>Tracciabilit\u00e0 dei lotti e delle serie<\/strong>: traccia una quantit\u00e0 illimitata di entrambi i prodotti seriali e numerati per lotto dalla creazione alla produzione fino alla realizzazione, su richiesta in pochi minuti.<\/li>\n<\/ul>\n<h3>LE RECENSIONI DEGLI UTENTI<\/h3>\n<div class=\"tlid-input input\">\n<div class=\"source-wrap\">\n<div class=\"input-full-height-wrapper tlid-input-full-height-wrapper\">\n<div class=\"source-input\">\n<div class=\"source-footer-wrap source-or-target-footer\">\n<div class=\"character-count tlid-character-count\"><\/div>\n<\/div>\n<\/div>\n<\/div>\n<\/div>\n<\/div>\n<div class=\"tlid-results-container results-container\">\n<div class=\"tlid-result result-dict-wrapper\">\n<div class=\"result tlid-copy-target\">\n<div class=\"result-header\">\n<div class=\"starbutton jfk-button-flat jfk-button unstarred\" tabindex=\"0\" role=\"button\" aria-label=\"Aggiungi traduzione ai Preferiti\" data-tooltip=\"Aggiungi traduzione ai Preferiti\" data-tooltip-align=\"t,c\">\n<p><strong>&#8220;Acctivate for QuickBooks funziona bene&#8221; <\/strong><br \/>\nIN GENERALE: il nostro inventario pu\u00f2 essere gestito in modo tempestivo. <span title=\"\">Un inventario accurato \u00e8 fondamentale per la nostra attivit\u00e0.<br \/>\n<\/span>PRO: \u00e8 facile elaborare gli ordini e gestire l&#8217;inventario.<br \/>\nCONTRO: ci sono molti report utili. <span class=\"\" title=\"\">Tuttavia, vorrei poter eseguire le mie query per personalizzare le informazioni di cui ho bisogno.<\/span><\/p>\n<p><strong>&#8220;Software eccellente per una piccola azienda&#8221;<\/strong><br \/>\nIN GENERALE: abbiamo iniziato a utilizzare Acctivate nel 2010 come componente aggiuntivo di inventario per Quickbooks. Abbiamo molto apprezzato tutto il software che aveva da offrire. Nel corso del tempo abbiamo modificato il sistema per adattarlo alle nostre esigenze. Abbiamo anche creato alcuni report personalizzati che hanno funzionato molto bene. Molto soddisfatto del software e del team di supporto.<br \/>\nPRO: -Prodotto molto intuitivo<br \/>\n-Facile da imparare<br \/>\n-Altamente funzionale<br \/>\n-Cristallo software di report per la segnalazione \u00e8 facile da imparare e utilizzare per personalizzare i report<br \/>\n-Sistema molto flessibile<br \/>\nCONTRO &#8211; Mancano i report originali. I report personalizzati sono disponibili o possono essere realizzati da una terza parte<br \/>\n-Molti problemi occasionali sincronizzati con Quickbooks<\/p>\n<\/div>\n<\/div>\n<div tabindex=\"0\"><strong>&#8220;Questo software \u00e8 molto importante per la nostra attivit\u00e0.&#8221;<\/strong><br \/>\nIN GENERALE: ridotto il tempo impiegato per la fatturazione manuale di tutto. Prima che ci volevano circa 5 ore per fatturare manualmente, ora ci vogliono 5 minuti.<br \/>\nPRO: vendiamo in molti tipi diversi di mercati online, quindi \u00e8 fantastico poter sincronizzare tutti gli ordini da tutti i siti in un unico posto.<br \/>\nCONTRO: Questo software \u00e8 efficiente al 100% nel controllo dell&#8217;inventario, ma non ha la capacit\u00e0 di fare una contabilit\u00e0 approfondita.<\/div>\n<\/div>\n<\/div>\n<\/div>\n","protected":false},"excerpt":{"rendered":"<p>Acctivate for QuickBooks \u00e8 uno dei migliori software ERP disponibili sul mercato, ideale per le piccole imprese che lavorano con QuickBooks. Con la crescita dell&#8217;azienda, aumentano anche le esigenze che vanno oltre la contabilit\u00e0 di cui si occupa QuickBooks ed \u00e8 quindi necessario affidarsi a un programma ERP che ci permetta di raggiungere anche quegli obiettivi che prima ci sembravano lontani.<\/p>\n","protected":false},"author":17,"featured_media":22205,"parent":22029,"menu_order":0,"comment_status":"open","ping_status":"closed","template":"g1_template_page_review_new.php","meta":{"_acf_changed":false,"cwp_meta_box_check":"Yes","cwp_rev_product_name":"","cwp_rev_product_image":"","wppr_links":[],"cwp_rev_price":"","wppr_options":[],"wppr_pros":[],"wppr_cons":[],"_monsterinsights_skip_tracking":false,"_monsterinsights_sitenote_active":false,"_monsterinsights_sitenote_note":"","_monsterinsights_sitenote_category":0,"footnotes":""},"categories":[1654],"tags":[1664,1663,1669,923],"features":[],"class_list":{"0":"post-22204","1":"page","2":"type-page","3":"status-publish","4":"has-post-thumbnail","6":"category-enterprise-resource-planning-software-erp","7":"tag-enterprise-resource-planning","8":"tag-erp","9":"tag-piattaforma-erp","10":"tag-software-erp"},"wppr_data":{"cwp_meta_box_check":"Yes","cwp_rev_product_name":"","cwp_rev_product_image":"","cwp_image_link":"image","cwp_rev_price":"","wppr_rating":"0.00"},"acf":[],"yoast_head":"<!-- This site is optimized with the Yoast SEO plugin v27.4 - https:\/\/yoast.com\/product\/yoast-seo-wordpress\/ -->\n<title>Acctivate for QuickBooks: recensione software ERP - Accurate Reviews<\/title>\n<meta name=\"description\" content=\"Acctivate for QuickBooks: recenesione di uno dei migliori software ERP disponibili sul mercato, ideale per le piccole imprese che lavorano con QuickBooks.\" \/>\n<meta name=\"robots\" content=\"index, follow, max-snippet:-1, max-image-preview:large, max-video-preview:-1\" \/>\n<link rel=\"canonical\" href=\"https:\/\/www.accuratereviews.com\/it\/software-erp-lista-software\/acctivate-for-quickbooks-recensione\/\" \/>\n<meta property=\"og:locale\" content=\"it_IT\" \/>\n<meta property=\"og:type\" content=\"article\" \/>\n<meta property=\"og:title\" content=\"Acctivate for QuickBooks: recensione software ERP - Accurate Reviews\" \/>\n<meta property=\"og:description\" content=\"Acctivate for QuickBooks: recenesione di uno dei migliori software ERP disponibili sul mercato, ideale per le piccole imprese che lavorano con QuickBooks.\" \/>\n<meta property=\"og:url\" content=\"https:\/\/www.accuratereviews.com\/it\/software-erp-lista-software\/acctivate-for-quickbooks-recensione\/\" \/>\n<meta property=\"og:site_name\" content=\"Accurate Reviews\" \/>\n<meta property=\"article:modified_time\" content=\"2021-05-10T14:09:08+00:00\" \/>\n<meta property=\"og:image\" content=\"https:\/\/www.accuratereviews.com\/wp-content\/uploads\/2020\/01\/Acctivate-for-Quickbooks-1024x512-20190225.png\" \/>\n\t<meta property=\"og:image:width\" content=\"1024\" \/>\n\t<meta property=\"og:image:height\" content=\"512\" \/>\n\t<meta property=\"og:image:type\" content=\"image\/png\" \/>\n<meta name=\"twitter:card\" content=\"summary_large_image\" \/>\n<meta name=\"twitter:label1\" content=\"Tempo di lettura stimato\" \/>\n\t<meta name=\"twitter:data1\" content=\"3 minuti\" \/>\n<script type=\"application\/ld+json\" class=\"yoast-schema-graph\">{\"@context\":\"https:\\\/\\\/schema.org\",\"@graph\":[{\"@type\":\"WebPage\",\"@id\":\"https:\\\/\\\/www.accuratereviews.com\\\/it\\\/software-erp-lista-software\\\/acctivate-for-quickbooks-recensione\\\/\",\"url\":\"https:\\\/\\\/www.accuratereviews.com\\\/it\\\/software-erp-lista-software\\\/acctivate-for-quickbooks-recensione\\\/\",\"name\":\"Acctivate for QuickBooks: recensione software ERP - Accurate Reviews\",\"isPartOf\":{\"@id\":\"https:\\\/\\\/www.accuratereviews.com\\\/it\\\/#website\"},\"primaryImageOfPage\":{\"@id\":\"https:\\\/\\\/www.accuratereviews.com\\\/it\\\/software-erp-lista-software\\\/acctivate-for-quickbooks-recensione\\\/#primaryimage\"},\"image\":{\"@id\":\"https:\\\/\\\/www.accuratereviews.com\\\/it\\\/software-erp-lista-software\\\/acctivate-for-quickbooks-recensione\\\/#primaryimage\"},\"thumbnailUrl\":\"https:\\\/\\\/www.accuratereviews.com\\\/wp-content\\\/uploads\\\/2020\\\/01\\\/Acctivate-for-Quickbooks-1024x512-20190225.png\",\"datePublished\":\"2020-01-16T13:50:28+00:00\",\"dateModified\":\"2021-05-10T14:09:08+00:00\",\"description\":\"Acctivate for QuickBooks: recenesione di uno dei migliori software ERP disponibili sul mercato, ideale per le piccole imprese che lavorano con QuickBooks.\",\"breadcrumb\":{\"@id\":\"https:\\\/\\\/www.accuratereviews.com\\\/it\\\/software-erp-lista-software\\\/acctivate-for-quickbooks-recensione\\\/#breadcrumb\"},\"inLanguage\":\"it-IT\",\"potentialAction\":[{\"@type\":\"ReadAction\",\"target\":[\"https:\\\/\\\/www.accuratereviews.com\\\/it\\\/software-erp-lista-software\\\/acctivate-for-quickbooks-recensione\\\/\"]}]},{\"@type\":\"ImageObject\",\"inLanguage\":\"it-IT\",\"@id\":\"https:\\\/\\\/www.accuratereviews.com\\\/it\\\/software-erp-lista-software\\\/acctivate-for-quickbooks-recensione\\\/#primaryimage\",\"url\":\"https:\\\/\\\/www.accuratereviews.com\\\/wp-content\\\/uploads\\\/2020\\\/01\\\/Acctivate-for-Quickbooks-1024x512-20190225.png\",\"contentUrl\":\"https:\\\/\\\/www.accuratereviews.com\\\/wp-content\\\/uploads\\\/2020\\\/01\\\/Acctivate-for-Quickbooks-1024x512-20190225.png\",\"width\":1024,\"height\":512},{\"@type\":\"BreadcrumbList\",\"@id\":\"https:\\\/\\\/www.accuratereviews.com\\\/it\\\/software-erp-lista-software\\\/acctivate-for-quickbooks-recensione\\\/#breadcrumb\",\"itemListElement\":[{\"@type\":\"ListItem\",\"position\":1,\"name\":\"Home\",\"item\":\"https:\\\/\\\/www.accuratereviews.com\\\/it\\\/\"},{\"@type\":\"ListItem\",\"position\":2,\"name\":\"ERP Software\",\"item\":\"https:\\\/\\\/www.accuratereviews.com\\\/it\\\/software-erp-lista-software\\\/\"},{\"@type\":\"ListItem\",\"position\":3,\"name\":\"Acctivate for QuickBooks\"}]},{\"@type\":\"WebSite\",\"@id\":\"https:\\\/\\\/www.accuratereviews.com\\\/it\\\/#website\",\"url\":\"https:\\\/\\\/www.accuratereviews.com\\\/it\\\/\",\"name\":\"Accurate Reviews\",\"description\":\"\",\"potentialAction\":[{\"@type\":\"SearchAction\",\"target\":{\"@type\":\"EntryPoint\",\"urlTemplate\":\"https:\\\/\\\/www.accuratereviews.com\\\/it\\\/?s={search_term_string}\"},\"query-input\":{\"@type\":\"PropertyValueSpecification\",\"valueRequired\":true,\"valueName\":\"search_term_string\"}}],\"inLanguage\":\"it-IT\"}]}<\/script>\n<!-- \/ Yoast SEO plugin. -->","yoast_head_json":{"title":"Acctivate for QuickBooks: recensione software ERP - Accurate Reviews","description":"Acctivate for QuickBooks: recenesione di uno dei migliori software ERP disponibili sul mercato, ideale per le piccole imprese che lavorano con QuickBooks.","robots":{"index":"index","follow":"follow","max-snippet":"max-snippet:-1","max-image-preview":"max-image-preview:large","max-video-preview":"max-video-preview:-1"},"canonical":"https:\/\/www.accuratereviews.com\/it\/software-erp-lista-software\/acctivate-for-quickbooks-recensione\/","og_locale":"it_IT","og_type":"article","og_title":"Acctivate for QuickBooks: recensione software ERP - Accurate Reviews","og_description":"Acctivate for QuickBooks: recenesione di uno dei migliori software ERP disponibili sul mercato, ideale per le piccole imprese che lavorano con QuickBooks.","og_url":"https:\/\/www.accuratereviews.com\/it\/software-erp-lista-software\/acctivate-for-quickbooks-recensione\/","og_site_name":"Accurate Reviews","article_modified_time":"2021-05-10T14:09:08+00:00","og_image":[{"width":1024,"height":512,"url":"https:\/\/www.accuratereviews.com\/wp-content\/uploads\/2020\/01\/Acctivate-for-Quickbooks-1024x512-20190225.png","type":"image\/png"}],"twitter_card":"summary_large_image","twitter_misc":{"Tempo di lettura stimato":"3 minuti"},"schema":{"@context":"https:\/\/schema.org","@graph":[{"@type":"WebPage","@id":"https:\/\/www.accuratereviews.com\/it\/software-erp-lista-software\/acctivate-for-quickbooks-recensione\/","url":"https:\/\/www.accuratereviews.com\/it\/software-erp-lista-software\/acctivate-for-quickbooks-recensione\/","name":"Acctivate for QuickBooks: recensione software ERP - Accurate Reviews","isPartOf":{"@id":"https:\/\/www.accuratereviews.com\/it\/#website"},"primaryImageOfPage":{"@id":"https:\/\/www.accuratereviews.com\/it\/software-erp-lista-software\/acctivate-for-quickbooks-recensione\/#primaryimage"},"image":{"@id":"https:\/\/www.accuratereviews.com\/it\/software-erp-lista-software\/acctivate-for-quickbooks-recensione\/#primaryimage"},"thumbnailUrl":"https:\/\/www.accuratereviews.com\/wp-content\/uploads\/2020\/01\/Acctivate-for-Quickbooks-1024x512-20190225.png","datePublished":"2020-01-16T13:50:28+00:00","dateModified":"2021-05-10T14:09:08+00:00","description":"Acctivate for QuickBooks: recenesione di uno dei migliori software ERP disponibili sul mercato, ideale per le piccole imprese che lavorano con QuickBooks.","breadcrumb":{"@id":"https:\/\/www.accuratereviews.com\/it\/software-erp-lista-software\/acctivate-for-quickbooks-recensione\/#breadcrumb"},"inLanguage":"it-IT","potentialAction":[{"@type":"ReadAction","target":["https:\/\/www.accuratereviews.com\/it\/software-erp-lista-software\/acctivate-for-quickbooks-recensione\/"]}]},{"@type":"ImageObject","inLanguage":"it-IT","@id":"https:\/\/www.accuratereviews.com\/it\/software-erp-lista-software\/acctivate-for-quickbooks-recensione\/#primaryimage","url":"https:\/\/www.accuratereviews.com\/wp-content\/uploads\/2020\/01\/Acctivate-for-Quickbooks-1024x512-20190225.png","contentUrl":"https:\/\/www.accuratereviews.com\/wp-content\/uploads\/2020\/01\/Acctivate-for-Quickbooks-1024x512-20190225.png","width":1024,"height":512},{"@type":"BreadcrumbList","@id":"https:\/\/www.accuratereviews.com\/it\/software-erp-lista-software\/acctivate-for-quickbooks-recensione\/#breadcrumb","itemListElement":[{"@type":"ListItem","position":1,"name":"Home","item":"https:\/\/www.accuratereviews.com\/it\/"},{"@type":"ListItem","position":2,"name":"ERP Software","item":"https:\/\/www.accuratereviews.com\/it\/software-erp-lista-software\/"},{"@type":"ListItem","position":3,"name":"Acctivate for QuickBooks"}]},{"@type":"WebSite","@id":"https:\/\/www.accuratereviews.com\/it\/#website","url":"https:\/\/www.accuratereviews.com\/it\/","name":"Accurate Reviews","description":"","potentialAction":[{"@type":"SearchAction","target":{"@type":"EntryPoint","urlTemplate":"https:\/\/www.accuratereviews.com\/it\/?s={search_term_string}"},"query-input":{"@type":"PropertyValueSpecification","valueRequired":true,"valueName":"search_term_string"}}],"inLanguage":"it-IT"}]}},"_links":{"self":[{"href":"https:\/\/www.accuratereviews.com\/it\/wp-json\/wp\/v2\/pages\/22204","targetHints":{"allow":["GET"]}}],"collection":[{"href":"https:\/\/www.accuratereviews.com\/it\/wp-json\/wp\/v2\/pages"}],"about":[{"href":"https:\/\/www.accuratereviews.com\/it\/wp-json\/wp\/v2\/types\/page"}],"author":[{"embeddable":true,"href":"https:\/\/www.accuratereviews.com\/it\/wp-json\/wp\/v2\/users\/17"}],"replies":[{"embeddable":true,"href":"https:\/\/www.accuratereviews.com\/it\/wp-json\/wp\/v2\/comments?post=22204"}],"version-history":[{"count":4,"href":"https:\/\/www.accuratereviews.com\/it\/wp-json\/wp\/v2\/pages\/22204\/revisions"}],"predecessor-version":[{"id":42380,"href":"https:\/\/www.accuratereviews.com\/it\/wp-json\/wp\/v2\/pages\/22204\/revisions\/42380"}],"up":[{"embeddable":true,"href":"https:\/\/www.accuratereviews.com\/it\/wp-json\/wp\/v2\/pages\/22029"}],"wp:featuredmedia":[{"embeddable":true,"href":"https:\/\/www.accuratereviews.com\/it\/wp-json\/wp\/v2\/media\/22205"}],"wp:attachment":[{"href":"https:\/\/www.accuratereviews.com\/it\/wp-json\/wp\/v2\/media?parent=22204"}],"wp:term":[{"taxonomy":"category","embeddable":true,"href":"https:\/\/www.accuratereviews.com\/it\/wp-json\/wp\/v2\/categories?post=22204"},{"taxonomy":"post_tag","embeddable":true,"href":"https:\/\/www.accuratereviews.com\/it\/wp-json\/wp\/v2\/tags?post=22204"},{"taxonomy":"features","embeddable":true,"href":"https:\/\/www.accuratereviews.com\/it\/wp-json\/wp\/v2\/features?post=22204"}],"curies":[{"name":"wp","href":"https:\/\/api.w.org\/{rel}","templated":true}]}}