{"id":22212,"date":"2020-01-16T13:51:01","date_gmt":"2020-01-16T13:51:01","guid":{"rendered":"https:\/\/www.accuratereviews.com\/?page_id=22212"},"modified":"2020-01-16T13:51:01","modified_gmt":"2020-01-16T13:51:01","slug":"inform-erp-recensione","status":"publish","type":"page","link":"https:\/\/www.accuratereviews.com\/it\/software-erp-lista-software\/inform-erp-recensione\/","title":{"rendered":"Inform ERP"},"content":{"rendered":"<p><strong>Inform ERP<\/strong> \u00e8 una soluzione<strong> software di pianificazione e distribuzione delle risorse<\/strong> aziendale innovativa e unica progettata per migliorare le operazioni all&#8217;ingrosso e delle imprese. La soluzione di distribuzione \u00e8 sviluppata con funzionalit\u00e0 di analisi e reportistica che mantengono aggiornato ogni membro del team su tutti gli aspetti dell&#8217;operazione aziendale, consentendo ai collaboratori di accedere a metriche e informazioni chiave in tempo reale.\u00a0<strong>Inform ERP<\/strong> ha anche <strong>funzionalit\u00e0 di CRM<\/strong> integrate che consentono agli utenti di condividere i dati dei clienti attraverso il proprio team, sincronizzare tali dati su dispositivi e calendari e costruire relazioni significative con i clienti. Offre anche\u00a0agli utenti la possibilit\u00e0 di gestire i crediti e debiti e di eseguire le riconciliazioni bancarie, semplificando i processi di revisione finanziaria e la gestione dell&#8217;inventario.<\/p>\n<h2>INFORM ERP &#8211; TUTORIAL<\/h2>\n<p>Ecco un tutorial per vedere come integrare questo <strong>software ERP<\/strong> con il tuo ecommerce:<\/p>\n<div id=\"fluid-wrapper-counter-1\" class=\"g1-fluid-wrapper \" style=\"width:686px;\">\n<div style=\"padding-bottom:56.268221574344%;\"><iframe loading=\"lazy\" title=\"DDI System Inform ERP eCommerce\" width=\"686\" height=\"386\" src=\"https:\/\/www.youtube.com\/embed\/YM-Npiaq1Mw?feature=oembed&amp;wmode=transparent&amp;autohide=1&amp;autoplay=0&amp;disablekb=0&amp;fs=1&amp;loop=0&amp;enablejsapi=1&amp;rel=0&amp;controls=2&amp;showinfo=0&amp;wmode=transparent&amp;autohide=2&amp;autoplay=0&amp;disablekb=0&amp;fs=1&amp;loop=0&amp;enablejsapi=1&amp;rel=0&amp;controls=2&amp;showinfo=1\" frameborder=\"0\" allow=\"accelerometer; autoplay; encrypted-media; gyroscope; picture-in-picture\" allowfullscreen><\/iframe><\/div>\n<\/div>\n<h3>INFORM ERP &#8211; CARATTERISTICHE<\/h3>\n<ul>\n<li><strong>Analisi e rapporti<\/strong>: analisi di business, dashboard e sofisticate funzionalit\u00e0 di report<\/li>\n<li><strong>CRM incorporato<\/strong>: informazioni sui clienti, cronologia individuale, calendari condivisi e rapporti sulle vendite<\/li>\n<li><strong>Gestione finanziaria<\/strong>: contabilit\u00e0, riconciliazione bancaria e rendicontazione finanziaria.<\/li>\n<li><strong>Evasione degli ordini:<\/strong> conversione da preventivo a ordine, efficienza dell&#8217;ordine e gestione dei reclami in garanzia<\/li>\n<li><strong>Organizzazione delle scorte<\/strong>: Gestione della domanda di prodotti, strumenti di previsione e pianificazione avanzata della domanda<\/li>\n<li><strong>Prezzi specifici del mercato<\/strong>: prezzi strategici dei clienti, matrici dei prezzi e report sugli sconti dei fornitori<\/li>\n<li><strong>Logistica di magazzino<\/strong>: gestione magazzino, controllo inventario e gestione container.<\/li>\n<\/ul>\n<h4>LE RECENSIONI DEGLI UTENTI<\/h4>\n<h4>Rebecca L. &#8220;Facile da usare con un eccellente supporto clienti&#8221;<\/h4>\n<p><strong>Vantaggi<\/strong>: facile da usare, bella interfaccia. I recenti aggiornamenti hanno reso semplice il passaggio da una schermata all&#8217;altra quando \u00e8 necessario, ma ci\u00f2 che \u00e8 ancora meglio \u00e8 che puoi passare su determinati campi per ulteriori informazioni senza nemmeno dover aprire una finestra separata.<\/p>\n<p><strong>Inconvenienti<\/strong>: sembra ridicolo, ma il loro servizio clienti \u00e8 quasi troppo reattivo. Quando invio un&#8217;e-mail con una domanda, rispondono sempre con una telefonata e, anche se a volte pu\u00f2 essere necessario, \u00e8 fastidioso quando non lo \u00e8, soprattutto quando stiamo vivendo una giornata intensa e preferiamo tenere i telefoni aperti per i clienti. Siamo una piccola azienda.<\/p>\n<h4><strong>Tony S. &#8220;Solido ERP&#8221;<\/strong><\/h4>\n<p><strong>Vantaggi<\/strong>: La mia cosa preferita di questo programma \u00e8 che puoi praticamente ottenere informazioni da qualsiasi parte del programma. Dalla schermata di immissione dell&#8217;ordine di vendita all&#8217;ordine di acquisto collegato o ai dettagli del prodotto o al file principale del cliente. A volte questo crea troppe opzioni durante la formazione di nuovi dipendenti, quindi \u00e8 meglio avere un buon piano per farlo, altrimenti le nuove persone potrebbero confondersi.<\/p>\n<p><strong>Inconvenienti<\/strong>: sembra sempre che lo sviluppatore stia aggiungendo nuove funzionalit\u00e0, il che \u00e8 fantastico, ma dal momento che fanno pagare cos\u00ec tanto per la manutenzione penseresti che queste funzionalit\u00e0 sarebbero integrate come parte del programma, ma invece sono offerte in una sorta di aggiunta- sulla struttura, che pu\u00f2 essere frustrante.<\/p>\n<h4><strong>Wanda S. &#8220;DDI Inform \u00e8 molto intuitivo e il servizio clienti \u00e8 eccezionale&#8221;<\/strong><\/h4>\n<p><strong>Vantaggi<\/strong>: l&#8217;assistenza clienti \u00e8 sempre a portata di mano e gli agenti sono esperti. \u00c8 un sistema facile da navigare. Come analista trovo il sistema facile da usare per ottenere i dati di cui ho bisogno in modo tempestivo. Se il sistema \u00e8 carente, provano ad aggiungere gli aggiornamenti alle versioni future.<\/p>\n<p><strong>Inconvenienti<\/strong>: DDI Inform rilascia costantemente aggiornamenti per rimanere competitivi e soddisfare la voce del cliente e questo \u00e8 positivo e negativo: la funzionalit\u00e0 di controllo del lotto deve essere migliorata. Sento che DDI dovrebbe dedicare un po &#8216;pi\u00f9 di tempo a testare e convalidare gli aggiornamenti del software prima di rilasciarli per evitare bug e disagi per i clienti.<\/p>\n<p>&nbsp;<\/p>\n","protected":false},"excerpt":{"rendered":"<p>Inform ERP \u00e8 una soluzione software di pianificazione e distribuzione delle risorse aziendale innovativa e unica progettata per migliorare le operazioni all&#8217;ingrosso e delle imprese. La soluzione di distribuzione \u00e8 sviluppata con funzionalit\u00e0 di analisi e reportistica che mantengono aggiornato ogni membro del team su tutti gli aspetti dell&#8217;operazione aziendale, consentendo ai collaboratori di accedere a metriche e informazioni chiave in tempo reale.<\/p>\n","protected":false},"author":19,"featured_media":22220,"parent":22029,"menu_order":0,"comment_status":"open","ping_status":"closed","template":"g1_template_page_review_new.php","meta":{"_acf_changed":false,"cwp_meta_box_check":"Yes","cwp_rev_product_name":"","cwp_rev_product_image":"","wppr_links":[],"cwp_rev_price":"","wppr_options":[],"wppr_pros":[],"wppr_cons":[],"_monsterinsights_skip_tracking":false,"_monsterinsights_sitenote_active":false,"_monsterinsights_sitenote_note":"","_monsterinsights_sitenote_category":0,"footnotes":""},"categories":[97,1654],"tags":[422,1664,1663,1688,1671,923,1667],"features":[],"class_list":{"0":"post-22212","1":"page","2":"type-page","3":"status-publish","4":"has-post-thumbnail","6":"category-accounting-services-it","7":"category-enterprise-resource-planning-software-erp","8":"tag-crm","9":"tag-enterprise-resource-planning","10":"tag-erp","11":"tag-inform-erp","12":"tag-programma-erp","13":"tag-software-erp","14":"tag-soluzione-erp"},"wppr_data":{"cwp_meta_box_check":"Yes","cwp_rev_product_name":"","cwp_rev_product_image":"","cwp_image_link":"image","cwp_rev_price":"","wppr_rating":"0.00"},"acf":[],"yoast_head":"<!-- This site is optimized with the Yoast SEO plugin v27.4 - https:\/\/yoast.com\/product\/yoast-seo-wordpress\/ -->\n<title>Inform ERP: recensione software ERP - Accurate Reviews<\/title>\n<meta name=\"description\" content=\"Inform ERP: recensione software di gestione della distribuzione che combina le operazioni quotidiane con le relazioni con i clienti in un unico posto.\" \/>\n<meta name=\"robots\" content=\"index, follow, max-snippet:-1, max-image-preview:large, max-video-preview:-1\" \/>\n<link rel=\"canonical\" href=\"https:\/\/www.accuratereviews.com\/it\/software-erp-lista-software\/inform-erp-recensione\/\" \/>\n<meta property=\"og:locale\" content=\"it_IT\" \/>\n<meta property=\"og:type\" content=\"article\" \/>\n<meta property=\"og:title\" content=\"Inform ERP: recensione software ERP - Accurate Reviews\" \/>\n<meta property=\"og:description\" content=\"Inform ERP: recensione software di gestione della distribuzione che combina le operazioni quotidiane con le relazioni con i clienti in un unico posto.\" \/>\n<meta property=\"og:url\" content=\"https:\/\/www.accuratereviews.com\/it\/software-erp-lista-software\/inform-erp-recensione\/\" \/>\n<meta property=\"og:site_name\" content=\"Accurate Reviews\" \/>\n<meta property=\"og:image\" content=\"https:\/\/www.accuratereviews.com\/wp-content\/uploads\/2020\/01\/Inform-ERP-765x765-1.jpg\" \/>\n\t<meta property=\"og:image:width\" content=\"765\" \/>\n\t<meta property=\"og:image:height\" content=\"765\" \/>\n\t<meta property=\"og:image:type\" content=\"image\/jpeg\" \/>\n<meta name=\"twitter:card\" content=\"summary_large_image\" \/>\n<meta name=\"twitter:label1\" content=\"Tempo di lettura stimato\" \/>\n\t<meta name=\"twitter:data1\" content=\"3 minuti\" \/>\n<script type=\"application\/ld+json\" class=\"yoast-schema-graph\">{\"@context\":\"https:\\\/\\\/schema.org\",\"@graph\":[{\"@type\":\"WebPage\",\"@id\":\"https:\\\/\\\/www.accuratereviews.com\\\/it\\\/software-erp-lista-software\\\/inform-erp-recensione\\\/\",\"url\":\"https:\\\/\\\/www.accuratereviews.com\\\/it\\\/software-erp-lista-software\\\/inform-erp-recensione\\\/\",\"name\":\"Inform ERP: recensione software ERP - Accurate Reviews\",\"isPartOf\":{\"@id\":\"https:\\\/\\\/www.accuratereviews.com\\\/it\\\/#website\"},\"primaryImageOfPage\":{\"@id\":\"https:\\\/\\\/www.accuratereviews.com\\\/it\\\/software-erp-lista-software\\\/inform-erp-recensione\\\/#primaryimage\"},\"image\":{\"@id\":\"https:\\\/\\\/www.accuratereviews.com\\\/it\\\/software-erp-lista-software\\\/inform-erp-recensione\\\/#primaryimage\"},\"thumbnailUrl\":\"https:\\\/\\\/www.accuratereviews.com\\\/wp-content\\\/uploads\\\/2020\\\/01\\\/Inform-ERP-765x765-1.jpg\",\"datePublished\":\"2020-01-16T13:51:01+00:00\",\"description\":\"Inform ERP: recensione software di gestione della distribuzione che combina le operazioni quotidiane con le relazioni con i clienti in un unico posto.\",\"breadcrumb\":{\"@id\":\"https:\\\/\\\/www.accuratereviews.com\\\/it\\\/software-erp-lista-software\\\/inform-erp-recensione\\\/#breadcrumb\"},\"inLanguage\":\"it-IT\",\"potentialAction\":[{\"@type\":\"ReadAction\",\"target\":[\"https:\\\/\\\/www.accuratereviews.com\\\/it\\\/software-erp-lista-software\\\/inform-erp-recensione\\\/\"]}]},{\"@type\":\"ImageObject\",\"inLanguage\":\"it-IT\",\"@id\":\"https:\\\/\\\/www.accuratereviews.com\\\/it\\\/software-erp-lista-software\\\/inform-erp-recensione\\\/#primaryimage\",\"url\":\"https:\\\/\\\/www.accuratereviews.com\\\/wp-content\\\/uploads\\\/2020\\\/01\\\/Inform-ERP-765x765-1.jpg\",\"contentUrl\":\"https:\\\/\\\/www.accuratereviews.com\\\/wp-content\\\/uploads\\\/2020\\\/01\\\/Inform-ERP-765x765-1.jpg\",\"width\":765,\"height\":765},{\"@type\":\"BreadcrumbList\",\"@id\":\"https:\\\/\\\/www.accuratereviews.com\\\/it\\\/software-erp-lista-software\\\/inform-erp-recensione\\\/#breadcrumb\",\"itemListElement\":[{\"@type\":\"ListItem\",\"position\":1,\"name\":\"Home\",\"item\":\"https:\\\/\\\/www.accuratereviews.com\\\/it\\\/\"},{\"@type\":\"ListItem\",\"position\":2,\"name\":\"ERP Software\",\"item\":\"https:\\\/\\\/www.accuratereviews.com\\\/it\\\/software-erp-lista-software\\\/\"},{\"@type\":\"ListItem\",\"position\":3,\"name\":\"Inform ERP\"}]},{\"@type\":\"WebSite\",\"@id\":\"https:\\\/\\\/www.accuratereviews.com\\\/it\\\/#website\",\"url\":\"https:\\\/\\\/www.accuratereviews.com\\\/it\\\/\",\"name\":\"Accurate Reviews\",\"description\":\"\",\"potentialAction\":[{\"@type\":\"SearchAction\",\"target\":{\"@type\":\"EntryPoint\",\"urlTemplate\":\"https:\\\/\\\/www.accuratereviews.com\\\/it\\\/?s={search_term_string}\"},\"query-input\":{\"@type\":\"PropertyValueSpecification\",\"valueRequired\":true,\"valueName\":\"search_term_string\"}}],\"inLanguage\":\"it-IT\"}]}<\/script>\n<!-- \/ Yoast SEO plugin. -->","yoast_head_json":{"title":"Inform ERP: recensione software ERP - Accurate Reviews","description":"Inform ERP: recensione software di gestione della distribuzione che combina le operazioni quotidiane con le relazioni con i clienti in un unico posto.","robots":{"index":"index","follow":"follow","max-snippet":"max-snippet:-1","max-image-preview":"max-image-preview:large","max-video-preview":"max-video-preview:-1"},"canonical":"https:\/\/www.accuratereviews.com\/it\/software-erp-lista-software\/inform-erp-recensione\/","og_locale":"it_IT","og_type":"article","og_title":"Inform ERP: recensione software ERP - Accurate Reviews","og_description":"Inform ERP: recensione software di gestione della distribuzione che combina le operazioni quotidiane con le relazioni con i clienti in un unico posto.","og_url":"https:\/\/www.accuratereviews.com\/it\/software-erp-lista-software\/inform-erp-recensione\/","og_site_name":"Accurate Reviews","og_image":[{"width":765,"height":765,"url":"https:\/\/www.accuratereviews.com\/wp-content\/uploads\/2020\/01\/Inform-ERP-765x765-1.jpg","type":"image\/jpeg"}],"twitter_card":"summary_large_image","twitter_misc":{"Tempo di lettura stimato":"3 minuti"},"schema":{"@context":"https:\/\/schema.org","@graph":[{"@type":"WebPage","@id":"https:\/\/www.accuratereviews.com\/it\/software-erp-lista-software\/inform-erp-recensione\/","url":"https:\/\/www.accuratereviews.com\/it\/software-erp-lista-software\/inform-erp-recensione\/","name":"Inform ERP: recensione software ERP - Accurate Reviews","isPartOf":{"@id":"https:\/\/www.accuratereviews.com\/it\/#website"},"primaryImageOfPage":{"@id":"https:\/\/www.accuratereviews.com\/it\/software-erp-lista-software\/inform-erp-recensione\/#primaryimage"},"image":{"@id":"https:\/\/www.accuratereviews.com\/it\/software-erp-lista-software\/inform-erp-recensione\/#primaryimage"},"thumbnailUrl":"https:\/\/www.accuratereviews.com\/wp-content\/uploads\/2020\/01\/Inform-ERP-765x765-1.jpg","datePublished":"2020-01-16T13:51:01+00:00","description":"Inform ERP: recensione software di gestione della distribuzione che combina le operazioni quotidiane con le relazioni con i clienti in un unico posto.","breadcrumb":{"@id":"https:\/\/www.accuratereviews.com\/it\/software-erp-lista-software\/inform-erp-recensione\/#breadcrumb"},"inLanguage":"it-IT","potentialAction":[{"@type":"ReadAction","target":["https:\/\/www.accuratereviews.com\/it\/software-erp-lista-software\/inform-erp-recensione\/"]}]},{"@type":"ImageObject","inLanguage":"it-IT","@id":"https:\/\/www.accuratereviews.com\/it\/software-erp-lista-software\/inform-erp-recensione\/#primaryimage","url":"https:\/\/www.accuratereviews.com\/wp-content\/uploads\/2020\/01\/Inform-ERP-765x765-1.jpg","contentUrl":"https:\/\/www.accuratereviews.com\/wp-content\/uploads\/2020\/01\/Inform-ERP-765x765-1.jpg","width":765,"height":765},{"@type":"BreadcrumbList","@id":"https:\/\/www.accuratereviews.com\/it\/software-erp-lista-software\/inform-erp-recensione\/#breadcrumb","itemListElement":[{"@type":"ListItem","position":1,"name":"Home","item":"https:\/\/www.accuratereviews.com\/it\/"},{"@type":"ListItem","position":2,"name":"ERP Software","item":"https:\/\/www.accuratereviews.com\/it\/software-erp-lista-software\/"},{"@type":"ListItem","position":3,"name":"Inform ERP"}]},{"@type":"WebSite","@id":"https:\/\/www.accuratereviews.com\/it\/#website","url":"https:\/\/www.accuratereviews.com\/it\/","name":"Accurate Reviews","description":"","potentialAction":[{"@type":"SearchAction","target":{"@type":"EntryPoint","urlTemplate":"https:\/\/www.accuratereviews.com\/it\/?s={search_term_string}"},"query-input":{"@type":"PropertyValueSpecification","valueRequired":true,"valueName":"search_term_string"}}],"inLanguage":"it-IT"}]}},"_links":{"self":[{"href":"https:\/\/www.accuratereviews.com\/it\/wp-json\/wp\/v2\/pages\/22212","targetHints":{"allow":["GET"]}}],"collection":[{"href":"https:\/\/www.accuratereviews.com\/it\/wp-json\/wp\/v2\/pages"}],"about":[{"href":"https:\/\/www.accuratereviews.com\/it\/wp-json\/wp\/v2\/types\/page"}],"author":[{"embeddable":true,"href":"https:\/\/www.accuratereviews.com\/it\/wp-json\/wp\/v2\/users\/19"}],"replies":[{"embeddable":true,"href":"https:\/\/www.accuratereviews.com\/it\/wp-json\/wp\/v2\/comments?post=22212"}],"version-history":[{"count":7,"href":"https:\/\/www.accuratereviews.com\/it\/wp-json\/wp\/v2\/pages\/22212\/revisions"}],"predecessor-version":[{"id":22237,"href":"https:\/\/www.accuratereviews.com\/it\/wp-json\/wp\/v2\/pages\/22212\/revisions\/22237"}],"up":[{"embeddable":true,"href":"https:\/\/www.accuratereviews.com\/it\/wp-json\/wp\/v2\/pages\/22029"}],"wp:featuredmedia":[{"embeddable":true,"href":"https:\/\/www.accuratereviews.com\/it\/wp-json\/wp\/v2\/media\/22220"}],"wp:attachment":[{"href":"https:\/\/www.accuratereviews.com\/it\/wp-json\/wp\/v2\/media?parent=22212"}],"wp:term":[{"taxonomy":"category","embeddable":true,"href":"https:\/\/www.accuratereviews.com\/it\/wp-json\/wp\/v2\/categories?post=22212"},{"taxonomy":"post_tag","embeddable":true,"href":"https:\/\/www.accuratereviews.com\/it\/wp-json\/wp\/v2\/tags?post=22212"},{"taxonomy":"features","embeddable":true,"href":"https:\/\/www.accuratereviews.com\/it\/wp-json\/wp\/v2\/features?post=22212"}],"curies":[{"name":"wp","href":"https:\/\/api.w.org\/{rel}","templated":true}]}}