{"id":22228,"date":"2020-01-16T13:51:46","date_gmt":"2020-01-16T13:51:46","guid":{"rendered":"https:\/\/www.accuratereviews.com\/?page_id=22228"},"modified":"2021-05-04T14:55:30","modified_gmt":"2021-05-04T14:55:30","slug":"dolibarr-recensione","status":"publish","type":"page","link":"https:\/\/www.accuratereviews.com\/it\/software-erp-lista-software\/dolibarr-recensione\/","title":{"rendered":"Dolibarr"},"content":{"rendered":"<p><strong>Dolibarr<\/strong> \u00e8 un <strong>software ERP e CRM<\/strong> combinato creato principalmente per piccole aziende, fondazioni e professionisti freelance, che consente loro di gestire e organizzare molteplici aspetti della loro attivit\u00e0 come la gestione dell&#8217;inventario, i contatti, la gestione delle fatture, gli ordini, le comunicazioni e altro ancora.\u00a0\u00c8 una piattaforma <strong>open source<\/strong> che consente agli utenti di modificare liberamente il programma in base alle proprie esigenze. <strong>Dolibarr<\/strong> si basa sulla semplicit\u00e0, dall&#8217;installazione all&#8217;utilizzo fino allo sviluppo personalizzato. Con il suo design, gli utenti possono iniziare con le funzionalit\u00e0 di cui hanno bisogno e quindi aggiungere ulteriori funzionalit\u00e0 su un server WAMP, MAMP o LAMP (Apache, Mysql, PHP per tutti i sistemi operativi) man mano che la loro attivit\u00e0 cresce.<\/p>\n<h2>DOLIBARR &#8211; TUTORIAL<\/h2>\n<p>Guardiamo insieme questo tutorial in cui illustrano le funzioni di questo <strong>software ERP e CRM<\/strong>:<\/p>\n<div id=\"fluid-wrapper-counter-1\" class=\"g1-fluid-wrapper \" style=\"width:686px;\">\n<div style=\"padding-bottom:56.268221574344%;\"><iframe loading=\"lazy\" title=\"What&#039;s new in Dolibarr ERP CRM v9\" width=\"686\" height=\"386\" src=\"https:\/\/www.youtube.com\/embed\/g74O0wdnNp4?feature=oembed&amp;wmode=transparent&amp;autohide=1&amp;autoplay=0&amp;disablekb=0&amp;fs=1&amp;loop=0&amp;enablejsapi=1&amp;rel=0&amp;controls=2&amp;showinfo=0&amp;wmode=transparent&amp;autohide=2&amp;autoplay=0&amp;disablekb=0&amp;fs=1&amp;loop=0&amp;enablejsapi=1&amp;rel=0&amp;controls=2&amp;showinfo=1\" frameborder=\"0\" allow=\"accelerometer; autoplay; encrypted-media; gyroscope; picture-in-picture\" allowfullscreen><\/iframe><\/div>\n<\/div>\n<h3>DOLIBARR &#8211; CARATTERISTICHE<\/h3>\n<ul>\n<li>Gestione clienti \/ fornitori \/ contatti<\/li>\n<li>Catalogo prodotti \/ servizi<\/li>\n<li>Proposte commerciali<\/li>\n<li>Ordini<\/li>\n<li>Fatture e pagamenti<\/li>\n<li>Gestione delle scorte<\/li>\n<li>Schede attivit\u00e0<\/li>\n<li>Gestione bancaria<\/li>\n<li>Email \u00a0di massa<\/li>\n<li>Rapporti di spesa<\/li>\n<\/ul>\n<h4>LE RECENSIONI DEGLI UTENTI<\/h4>\n<h4>Alexis J. &#8220;Buon prodotto, vorrei che continuasse ad evolversi!&#8221;<\/h4>\n<p><strong>Commenti<\/strong>: Beh, lo uso per una piccola biblioteca in Libano. Vendiamo libri in francia in euro e li vendiamo in libano in usd e LBP.<br \/>\nLavoriamo anche in spedizione, quindi mettiamo i nostri libri in altri negozi &#8230; e poi raccogliamo i soldi ogni 2 mesi &#8230;<\/p>\n<p><strong>Vantaggi<\/strong>: mi piace che abbia un ottimo processo dalla proposta alla realt\u00e0. \u00e8 modulare, quindi posso selezionare i moduli di cui ho bisogno. Quindi posso scegliere il livello di complicazione per l&#8217;utente finale.\u00a0Mi \u00e8 piaciuto anche poter acquistare alcuni plugin che hanno sviluppato.<\/p>\n<p><strong>Inconvenienti<\/strong>: Beh, sta facendo il suo lavoro! Ero un po &#8216;perso con il modulo multi curency.<\/p>\n<h4>Virgilio B. &#8220;qualit\u00e0 opensource&#8221;<\/h4>\n<p><strong>Commenti<\/strong>: Come ho gi\u00e0 detto, utilizzo e indico dolibarr anche a fini professionali e personali, dalla gestione del controllo dell&#8217;inventario al controllo finanziario.<br \/>\nSono felice di lavorare con un sistema sicuro che mi fornisce anche la soluzione dei problemi a volte seri dei clienti relativi al database e alle personalizzazioni.\u00a0Ho sviluppato una caratteristica della fattura brasiliana. Questo \u00e8 stato uno degli sviluppi che ho eseguito con totale soddisfazione.<\/p>\n<p><strong>Vantaggi<\/strong>: mi piace dolibarr facile da personalizzare, sicuro da usare e pratico per risolvere i problemi.<\/p>\n<p><strong>Inconvenienti<\/strong>: dalla mancanza di plugin o risorse di terze parti disponibili. D&#8217;altra parte, credo che ci\u00f2 sia dovuto alla paura di dare credito a software che potrebbero rovesciare quelli pi\u00f9 grandi sul mercato.<\/p>\n<h4>Conrad S. &#8220;Software eccellente&#8221;<\/h4>\n<p><strong>Commenti<\/strong>: In generale utilizzo Dolibarr da molti anni, non ho mai avuto problemi con il software che mi ha aiutato a mantenere un ottimo controllo della mia azienda, sin dalla prima volta che l&#8217;ho installato sul mio server e ho iniziato a entrare dati che ho amato questo meraviglioso strumento. Come ho gi\u00e0 detto in precedenza, Dolibarr ha una facilit\u00e0 d&#8217;uso e di apprendimento molto superiore ad altri software<\/p>\n<p><strong>Vantaggi<\/strong>: Nella mia esperienza e sulla base di altri software che ho usato come MFG \/ Pro, Softland, SAP \/ MM tra gli altri, credo che Dolibarr abbia molte virt\u00f9 come che \u00e8 gratuito, molto intuitivo, facile da usare e puoi mantenere una buona tracciabilit\u00e0 delle informazioni, ancora di pi\u00f9 se i ruoli utente sono configurati, si pu\u00f2 ottenere un eccellente controllo dell&#8217;azienda.<\/p>\n<p><strong>Inconvenienti<\/strong>: domanda difficile, dal momento che personalmente mi piace molto, cosa succede se considero un dettaglio che ci sono moduli che dovrebbero essere predefiniti in Dolibarr e non essere venduti, ad esempio i rapporti dovrebbero essere in ogni modulo gi\u00e0 parametrizzati correttamente, e cosa un altro \u00e8 la connessione a SII (Cile)<\/p>\n","protected":false},"excerpt":{"rendered":"<p>Dolibarr \u00e8 un software ERP e CRM combinato creato principalmente per piccole aziende, fondazioni e professionisti freelance, che consente loro di gestire e organizzare molteplici aspetti della loro attivit\u00e0 come la gestione dell&#8217;inventario, i contatti, la gestione delle fatture, gli ordini, le comunicazioni e altro ancora.\u00a0<\/p>\n","protected":false},"author":19,"featured_media":22229,"parent":22029,"menu_order":0,"comment_status":"open","ping_status":"closed","template":"g1_template_page_review_new.php","meta":{"_acf_changed":false,"cwp_meta_box_check":"Yes","cwp_rev_product_name":"","cwp_rev_product_image":"","wppr_links":[],"cwp_rev_price":"","wppr_options":[],"wppr_pros":[],"wppr_cons":[],"_monsterinsights_skip_tracking":false,"_monsterinsights_sitenote_active":false,"_monsterinsights_sitenote_note":"","_monsterinsights_sitenote_category":0,"footnotes":""},"categories":[120,1654],"tags":[1689,246,496,1671,498,923,1239,1667],"features":[],"class_list":{"0":"post-22228","1":"page","2":"type-page","3":"status-publish","4":"has-post-thumbnail","6":"category-crm-it","7":"category-enterprise-resource-planning-software-erp","8":"tag-dolibarr","9":"tag-open-source","10":"tag-programma-crm-gratuito","11":"tag-programma-erp","12":"tag-software-crm-gratuito","13":"tag-software-erp","14":"tag-soluzione-crm","15":"tag-soluzione-erp"},"wppr_data":{"cwp_meta_box_check":"Yes","cwp_rev_product_name":"","cwp_rev_product_image":"","cwp_image_link":"image","cwp_rev_price":"","wppr_rating":"0.00"},"acf":[],"yoast_head":"<!-- This site is optimized with the Yoast SEO plugin v27.4 - https:\/\/yoast.com\/product\/yoast-seo-wordpress\/ -->\n<title>Dolibarr: recensione software ERP - Accurate Reviews<\/title>\n<meta name=\"description\" content=\"Dolibarr: recensione software ERP e CRM open source che consente di gestire e organizzare molteplici aspetti dell&#039;attivit\u00e0.\" \/>\n<meta name=\"robots\" content=\"index, follow, max-snippet:-1, max-image-preview:large, max-video-preview:-1\" \/>\n<link rel=\"canonical\" href=\"https:\/\/www.accuratereviews.com\/it\/software-erp-lista-software\/dolibarr-recensione\/\" \/>\n<meta property=\"og:locale\" content=\"it_IT\" \/>\n<meta property=\"og:type\" content=\"article\" \/>\n<meta property=\"og:title\" content=\"Dolibarr: recensione software ERP - Accurate Reviews\" \/>\n<meta property=\"og:description\" content=\"Dolibarr: recensione software ERP e CRM open source che consente di gestire e organizzare molteplici aspetti dell&#039;attivit\u00e0.\" \/>\n<meta property=\"og:url\" content=\"https:\/\/www.accuratereviews.com\/it\/software-erp-lista-software\/dolibarr-recensione\/\" \/>\n<meta property=\"og:site_name\" content=\"Accurate Reviews\" \/>\n<meta property=\"article:modified_time\" content=\"2021-05-04T14:55:30+00:00\" \/>\n<meta property=\"og:image\" content=\"https:\/\/www.accuratereviews.com\/wp-content\/uploads\/2020\/01\/dolibarr-crm-erp-opensource.jpg\" \/>\n\t<meta property=\"og:image:width\" content=\"650\" \/>\n\t<meta property=\"og:image:height\" content=\"650\" \/>\n\t<meta property=\"og:image:type\" content=\"image\/jpeg\" \/>\n<meta name=\"twitter:card\" content=\"summary_large_image\" \/>\n<meta name=\"twitter:label1\" content=\"Tempo di lettura stimato\" \/>\n\t<meta name=\"twitter:data1\" content=\"3 minuti\" \/>\n<script type=\"application\/ld+json\" class=\"yoast-schema-graph\">{\"@context\":\"https:\\\/\\\/schema.org\",\"@graph\":[{\"@type\":\"WebPage\",\"@id\":\"https:\\\/\\\/www.accuratereviews.com\\\/it\\\/software-erp-lista-software\\\/dolibarr-recensione\\\/\",\"url\":\"https:\\\/\\\/www.accuratereviews.com\\\/it\\\/software-erp-lista-software\\\/dolibarr-recensione\\\/\",\"name\":\"Dolibarr: recensione software ERP - Accurate Reviews\",\"isPartOf\":{\"@id\":\"https:\\\/\\\/www.accuratereviews.com\\\/it\\\/#website\"},\"primaryImageOfPage\":{\"@id\":\"https:\\\/\\\/www.accuratereviews.com\\\/it\\\/software-erp-lista-software\\\/dolibarr-recensione\\\/#primaryimage\"},\"image\":{\"@id\":\"https:\\\/\\\/www.accuratereviews.com\\\/it\\\/software-erp-lista-software\\\/dolibarr-recensione\\\/#primaryimage\"},\"thumbnailUrl\":\"https:\\\/\\\/www.accuratereviews.com\\\/wp-content\\\/uploads\\\/2020\\\/01\\\/dolibarr-crm-erp-opensource.jpg\",\"datePublished\":\"2020-01-16T13:51:46+00:00\",\"dateModified\":\"2021-05-04T14:55:30+00:00\",\"description\":\"Dolibarr: recensione software ERP e CRM open source che consente di gestire e organizzare molteplici aspetti dell'attivit\u00e0.\",\"breadcrumb\":{\"@id\":\"https:\\\/\\\/www.accuratereviews.com\\\/it\\\/software-erp-lista-software\\\/dolibarr-recensione\\\/#breadcrumb\"},\"inLanguage\":\"it-IT\",\"potentialAction\":[{\"@type\":\"ReadAction\",\"target\":[\"https:\\\/\\\/www.accuratereviews.com\\\/it\\\/software-erp-lista-software\\\/dolibarr-recensione\\\/\"]}]},{\"@type\":\"ImageObject\",\"inLanguage\":\"it-IT\",\"@id\":\"https:\\\/\\\/www.accuratereviews.com\\\/it\\\/software-erp-lista-software\\\/dolibarr-recensione\\\/#primaryimage\",\"url\":\"https:\\\/\\\/www.accuratereviews.com\\\/wp-content\\\/uploads\\\/2020\\\/01\\\/dolibarr-crm-erp-opensource.jpg\",\"contentUrl\":\"https:\\\/\\\/www.accuratereviews.com\\\/wp-content\\\/uploads\\\/2020\\\/01\\\/dolibarr-crm-erp-opensource.jpg\",\"width\":650,\"height\":650},{\"@type\":\"BreadcrumbList\",\"@id\":\"https:\\\/\\\/www.accuratereviews.com\\\/it\\\/software-erp-lista-software\\\/dolibarr-recensione\\\/#breadcrumb\",\"itemListElement\":[{\"@type\":\"ListItem\",\"position\":1,\"name\":\"Home\",\"item\":\"https:\\\/\\\/www.accuratereviews.com\\\/it\\\/\"},{\"@type\":\"ListItem\",\"position\":2,\"name\":\"ERP Software\",\"item\":\"https:\\\/\\\/www.accuratereviews.com\\\/it\\\/software-erp-lista-software\\\/\"},{\"@type\":\"ListItem\",\"position\":3,\"name\":\"Dolibarr\"}]},{\"@type\":\"WebSite\",\"@id\":\"https:\\\/\\\/www.accuratereviews.com\\\/it\\\/#website\",\"url\":\"https:\\\/\\\/www.accuratereviews.com\\\/it\\\/\",\"name\":\"Accurate Reviews\",\"description\":\"\",\"potentialAction\":[{\"@type\":\"SearchAction\",\"target\":{\"@type\":\"EntryPoint\",\"urlTemplate\":\"https:\\\/\\\/www.accuratereviews.com\\\/it\\\/?s={search_term_string}\"},\"query-input\":{\"@type\":\"PropertyValueSpecification\",\"valueRequired\":true,\"valueName\":\"search_term_string\"}}],\"inLanguage\":\"it-IT\"}]}<\/script>\n<!-- \/ Yoast SEO plugin. -->","yoast_head_json":{"title":"Dolibarr: recensione software ERP - Accurate Reviews","description":"Dolibarr: recensione software ERP e CRM open source che consente di gestire e organizzare molteplici aspetti dell'attivit\u00e0.","robots":{"index":"index","follow":"follow","max-snippet":"max-snippet:-1","max-image-preview":"max-image-preview:large","max-video-preview":"max-video-preview:-1"},"canonical":"https:\/\/www.accuratereviews.com\/it\/software-erp-lista-software\/dolibarr-recensione\/","og_locale":"it_IT","og_type":"article","og_title":"Dolibarr: recensione software ERP - Accurate Reviews","og_description":"Dolibarr: recensione software ERP e CRM open source che consente di gestire e organizzare molteplici aspetti dell'attivit\u00e0.","og_url":"https:\/\/www.accuratereviews.com\/it\/software-erp-lista-software\/dolibarr-recensione\/","og_site_name":"Accurate Reviews","article_modified_time":"2021-05-04T14:55:30+00:00","og_image":[{"width":650,"height":650,"url":"https:\/\/www.accuratereviews.com\/wp-content\/uploads\/2020\/01\/dolibarr-crm-erp-opensource.jpg","type":"image\/jpeg"}],"twitter_card":"summary_large_image","twitter_misc":{"Tempo di lettura stimato":"3 minuti"},"schema":{"@context":"https:\/\/schema.org","@graph":[{"@type":"WebPage","@id":"https:\/\/www.accuratereviews.com\/it\/software-erp-lista-software\/dolibarr-recensione\/","url":"https:\/\/www.accuratereviews.com\/it\/software-erp-lista-software\/dolibarr-recensione\/","name":"Dolibarr: recensione software ERP - Accurate Reviews","isPartOf":{"@id":"https:\/\/www.accuratereviews.com\/it\/#website"},"primaryImageOfPage":{"@id":"https:\/\/www.accuratereviews.com\/it\/software-erp-lista-software\/dolibarr-recensione\/#primaryimage"},"image":{"@id":"https:\/\/www.accuratereviews.com\/it\/software-erp-lista-software\/dolibarr-recensione\/#primaryimage"},"thumbnailUrl":"https:\/\/www.accuratereviews.com\/wp-content\/uploads\/2020\/01\/dolibarr-crm-erp-opensource.jpg","datePublished":"2020-01-16T13:51:46+00:00","dateModified":"2021-05-04T14:55:30+00:00","description":"Dolibarr: recensione software ERP e CRM open source che consente di gestire e organizzare molteplici aspetti dell'attivit\u00e0.","breadcrumb":{"@id":"https:\/\/www.accuratereviews.com\/it\/software-erp-lista-software\/dolibarr-recensione\/#breadcrumb"},"inLanguage":"it-IT","potentialAction":[{"@type":"ReadAction","target":["https:\/\/www.accuratereviews.com\/it\/software-erp-lista-software\/dolibarr-recensione\/"]}]},{"@type":"ImageObject","inLanguage":"it-IT","@id":"https:\/\/www.accuratereviews.com\/it\/software-erp-lista-software\/dolibarr-recensione\/#primaryimage","url":"https:\/\/www.accuratereviews.com\/wp-content\/uploads\/2020\/01\/dolibarr-crm-erp-opensource.jpg","contentUrl":"https:\/\/www.accuratereviews.com\/wp-content\/uploads\/2020\/01\/dolibarr-crm-erp-opensource.jpg","width":650,"height":650},{"@type":"BreadcrumbList","@id":"https:\/\/www.accuratereviews.com\/it\/software-erp-lista-software\/dolibarr-recensione\/#breadcrumb","itemListElement":[{"@type":"ListItem","position":1,"name":"Home","item":"https:\/\/www.accuratereviews.com\/it\/"},{"@type":"ListItem","position":2,"name":"ERP Software","item":"https:\/\/www.accuratereviews.com\/it\/software-erp-lista-software\/"},{"@type":"ListItem","position":3,"name":"Dolibarr"}]},{"@type":"WebSite","@id":"https:\/\/www.accuratereviews.com\/it\/#website","url":"https:\/\/www.accuratereviews.com\/it\/","name":"Accurate Reviews","description":"","potentialAction":[{"@type":"SearchAction","target":{"@type":"EntryPoint","urlTemplate":"https:\/\/www.accuratereviews.com\/it\/?s={search_term_string}"},"query-input":{"@type":"PropertyValueSpecification","valueRequired":true,"valueName":"search_term_string"}}],"inLanguage":"it-IT"}]}},"_links":{"self":[{"href":"https:\/\/www.accuratereviews.com\/it\/wp-json\/wp\/v2\/pages\/22228","targetHints":{"allow":["GET"]}}],"collection":[{"href":"https:\/\/www.accuratereviews.com\/it\/wp-json\/wp\/v2\/pages"}],"about":[{"href":"https:\/\/www.accuratereviews.com\/it\/wp-json\/wp\/v2\/types\/page"}],"author":[{"embeddable":true,"href":"https:\/\/www.accuratereviews.com\/it\/wp-json\/wp\/v2\/users\/19"}],"replies":[{"embeddable":true,"href":"https:\/\/www.accuratereviews.com\/it\/wp-json\/wp\/v2\/comments?post=22228"}],"version-history":[{"count":5,"href":"https:\/\/www.accuratereviews.com\/it\/wp-json\/wp\/v2\/pages\/22228\/revisions"}],"predecessor-version":[{"id":41844,"href":"https:\/\/www.accuratereviews.com\/it\/wp-json\/wp\/v2\/pages\/22228\/revisions\/41844"}],"up":[{"embeddable":true,"href":"https:\/\/www.accuratereviews.com\/it\/wp-json\/wp\/v2\/pages\/22029"}],"wp:featuredmedia":[{"embeddable":true,"href":"https:\/\/www.accuratereviews.com\/it\/wp-json\/wp\/v2\/media\/22229"}],"wp:attachment":[{"href":"https:\/\/www.accuratereviews.com\/it\/wp-json\/wp\/v2\/media?parent=22228"}],"wp:term":[{"taxonomy":"category","embeddable":true,"href":"https:\/\/www.accuratereviews.com\/it\/wp-json\/wp\/v2\/categories?post=22228"},{"taxonomy":"post_tag","embeddable":true,"href":"https:\/\/www.accuratereviews.com\/it\/wp-json\/wp\/v2\/tags?post=22228"},{"taxonomy":"features","embeddable":true,"href":"https:\/\/www.accuratereviews.com\/it\/wp-json\/wp\/v2\/features?post=22228"}],"curies":[{"name":"wp","href":"https:\/\/api.w.org\/{rel}","templated":true}]}}