{"id":22238,"date":"2020-01-17T14:37:30","date_gmt":"2020-01-17T14:37:30","guid":{"rendered":"https:\/\/www.accuratereviews.com\/?page_id=22238"},"modified":"2021-05-04T15:02:28","modified_gmt":"2021-05-04T15:02:28","slug":"priority-software-recensione","status":"publish","type":"page","link":"https:\/\/www.accuratereviews.com\/it\/software-erp-lista-software\/priority-software-recensione\/","title":{"rendered":"Priority Software"},"content":{"rendered":"<p><strong>Priority Software<\/strong> \u00e8 una <strong>piattaforma ERP<\/strong> dotata di\u00a0moduli per la gestione delle relazioni con i clienti (CRM), la gestione dei progetti, business intelligence, i tempi e le presenze, le risorse umane, la logistica, la produzione e la finanza.\u00a0<strong>Priority<\/strong> offre soluzioni su misura per le esigenze delle aziende in settori come l&#8217;agricoltura, l&#8217;industria automobilistica, l&#8217;edilizia, l&#8217;assistenza sanitaria, la vendita al dettaglio (con un POS integrato), il servizio clienti, i servizi professionali, la produzione e altro ancora. La societ\u00e0 offre inoltre alle imprese di logistica un prodotto integrato di gestione della catena di approvvigionamento per consentire loro di gestire le operazioni di deposito e trasporto e di ottimizzare le reti logistiche.<\/p>\n<h2>PRIORITY SOFTWARE &#8211; TUTORIAL<\/h2>\n<p>Questo video illustra i vari strumenti per personalizzare i modelli di questo<strong> strumento ERP<\/strong>.<\/p>\n<div id=\"fluid-wrapper-counter-1\" class=\"g1-fluid-wrapper \" style=\"width:686px;\">\n<div style=\"padding-bottom:56.268221574344%;\"><iframe loading=\"lazy\" title=\"Customizing Word Templates in Priority ERP\" width=\"515\" height=\"386\" src=\"https:\/\/www.youtube.com\/embed\/Kd10M5YxPUs?feature=oembed&amp;wmode=transparent&amp;autohide=1&amp;autoplay=0&amp;disablekb=0&amp;fs=1&amp;loop=0&amp;enablejsapi=1&amp;rel=0&amp;controls=2&amp;showinfo=0&amp;wmode=transparent&amp;autohide=2&amp;autoplay=0&amp;disablekb=0&amp;fs=1&amp;loop=0&amp;enablejsapi=1&amp;rel=0&amp;controls=2&amp;showinfo=1\" frameborder=\"0\" allow=\"accelerometer; autoplay; encrypted-media; gyroscope; picture-in-picture\" allowfullscreen><\/iframe><\/div>\n<\/div>\n<h3>PRIORITY SOFTWARE &#8211; CARATTERISTICHE<\/h3>\n<ul>\n<li><strong>Gestione delle opportunit\u00e0<\/strong>: utilizzare il programma per tenere traccia delle scadenze, dare seguito a tutte le attivit\u00e0 relative alle opportunit\u00e0 e garantire la conformit\u00e0 con le politiche di gestione delle opportunit\u00e0 approvate (autorizzazioni proposte, ecc.)<\/li>\n<li><strong>Organizzazione contabile<\/strong>: con questo software di gestione clienti , avrai una visione del cliente, inclusi contatti, attivit\u00e0, opportunit\u00e0 di vendita, preventivi di prezzo, ordini arretrati, spedizioni, fatture, pagamenti, stato di fatturazione, il tutto consolidato in un unica area di lavoro.<\/li>\n<li><strong>Obiettivi di vendita e ordini<\/strong>: il software avanzato di gestione delle vendite, ti aiuta a creare una gerarchia di obiettivi per i rappresentanti di vendita, che si estende a livello di area geografica e superiore<\/li>\n<li><strong>Analisi di target e previsioni:<\/strong> sfrutta le opportunit\u00e0 della pipeline di vendita per regione, sequenza temporale, rappresentante di vendita, linea di prodotti, quantit\u00e0 e altre dimensioni. Esegui il rollup dei dati per generare aggregati in qualsiasi dimensione (prodotto, regione, team di vendita e altro) o esegui il drill down per i dettagli che compongono gli aggregati<\/li>\n<li><strong>Gestione dei lead:<\/strong> gli strumenti del sistema di gestione dei clienti qualificano i lead, assegnano per regione e qualifica ai rappresentanti di vendita giusti e tengono traccia dei progressi utilizzando il nostro strumento di gestione dei processi aziendali (BPM) integrato<\/li>\n<li><strong>Campagne di marketing:<\/strong> creazione, gestione e misurazione di campagne di marketing per segmenti di mercato selezionati<\/li>\n<li><strong>Strumenti di reporting e creazione di grafici:<\/strong>\u00a0personalizza dashboard, report e grafici utilizzando le procedure guidate e procedure operative standard (SOP). Configura la tua home page con dashboard preferite per adattarsi al ruolo e alle responsabilit\u00e0 del tuo lavoro. Le eccezioni possono essere visualizzate in modo chiaro. Analizza le prestazioni con strumenti di Business Intelligence (BI) integrati che ti consentono di studiare i dati in numerose dimensioni.<\/li>\n<\/ul>\n<h4>LE RECENSIONI DEGLI UTENTI<\/h4>\n<h4>Liliana V. &#8220;Questo software \u00e8 un ottimo strumento per le molte funzioni che ha.&#8221;<\/h4>\n<p><strong>Vantaggi<\/strong>: \u00e8 molto facile da usare, \u00e8 molto facile da lavorare e la risposta del servizio clienti \u00e8 molto veloce e precisa.<\/p>\n<p><strong>Inconvenienti<\/strong>: ha molte grandi funzionalit\u00e0, su alcuni dei nostri computer il software si disinstalla ripetutamente e dobbiamo reinstallare molto spesso questo \u00e8 qualcosa su cui bisogna lavorare.<\/p>\n<h4>Moshe N. &#8220;Un software molto capace ostacolato solo dalla sua facilit\u00e0 d&#8217;uso&#8221;<\/h4>\n<p><strong>Commenti<\/strong>: Una volta padroneggiati tutti i menu e le funzionalit\u00e0 (almeno quelli che stai utilizzando) \u00e8 fantastico lavorare con.<\/p>\n<p><strong>Vantaggi<\/strong>: molti menu, puoi farlo con priorit\u00e0. Fatture, CRM, controllo delle scorte ecc.\u00a0In sostanza copre la maggior parte, se non tutte, le esigenze di una piccola media impresa<\/p>\n<p><strong>Inconvenienti<\/strong>: l&#8217;interfaccia utente non \u00e8 la pi\u00f9 intuitiva.\u00a0A volte ricevi un errore e non hai la minima idea di cosa fare per correggerlo e puoi rimanere bloccato in un ciclo fino a capire cosa hai fatto di sbagliato.<\/p>\n<h4>Steve H. &#8220;Davanti ai suoi concorrenti&#8221;<\/h4>\n<p><strong>Commenti<\/strong>: Quando confronto i tre sistemi, l&#8217;uno o l&#8217;altro potrebbe essere leggermente migliore (secondo me) rispetto agli altri in un particolare processo, ma questo \u00e8 il normale compromesso minore tra i pacchetti.<\/p>\n<p><strong>Vantaggi<\/strong>: Questo \u00e8 l&#8217;unico prodotto sul mercato che abbiamo trovato in grado di fare veramente 1) su chiamate di assistenza in loco (con interfaccia mobile), 2) prodotto con componente di lavoro aggiunto (VAR) e OEM, tutto nello stesso sistema, senza personalizzazione . Tutti i sistemi software concorrenti erano incentrati su VAR e OEM, ma non era stata presa in considerazione l&#8217;idea di includere le societ\u00e0 che forniscono servizi fatturabili (secondo la garanzia VAR \/ OEM). Dato che la nostra azienda fa tutte e tre le cose, questa \u00e8 stata l&#8217;unica soluzione, ma abbiamo pagato per una demo live di due giorni presso la nostra sede e siamo rimasti molto soddisfatti della demo live. Prima della visita avevamo fornito alcuni dei nostri dati reali e quei dati erano stati impostati in un account demo live sul loro cloud, in modo da poter vedere il nostro flusso di dati attraverso un sistema funzionante. Questo \u00e8 il terzo sistema ERP in cui ho lavorato ed \u00e8 di gran lunga superiore nella facilit\u00e0 d&#8217;uso rispetto a uno dei due.<\/p>\n","protected":false},"excerpt":{"rendered":"<p>Priority Software \u00e8 una piattaforma ERP dotata di\u00a0moduli per la gestione delle relazioni con i clienti (CRM), la gestione dei progetti, business intelligence, i tempi e le presenze, le risorse umane, la logistica, la produzione e la finanza.\u00a0Priority offre soluzioni su misura per le esigenze delle aziende in settori come l&#8217;agricoltura, l&#8217;industria automobilistica, l&#8217;edilizia, l&#8217;assistenza sanitaria ecc. ecc.<\/p>\n","protected":false},"author":19,"featured_media":22241,"parent":22029,"menu_order":0,"comment_status":"open","ping_status":"closed","template":"g1_template_page_review_new.php","meta":{"_acf_changed":false,"cwp_meta_box_check":"Yes","cwp_rev_product_name":"","cwp_rev_product_image":"","wppr_links":[],"cwp_rev_price":"","wppr_options":[],"wppr_pros":[],"wppr_cons":[],"_monsterinsights_skip_tracking":false,"_monsterinsights_sitenote_active":false,"_monsterinsights_sitenote_note":"","_monsterinsights_sitenote_category":0,"footnotes":""},"categories":[120,1654],"tags":[1664,1663,1691,1671,923,1667],"features":[],"class_list":{"0":"post-22238","1":"page","2":"type-page","3":"status-publish","4":"has-post-thumbnail","6":"category-crm-it","7":"category-enterprise-resource-planning-software-erp","8":"tag-enterprise-resource-planning","9":"tag-erp","10":"tag-priority-software","11":"tag-programma-erp","12":"tag-software-erp","13":"tag-soluzione-erp"},"wppr_data":{"cwp_meta_box_check":"Yes","cwp_rev_product_name":"","cwp_rev_product_image":"","cwp_image_link":"image","cwp_rev_price":"","wppr_rating":"0.00"},"acf":[],"yoast_head":"<!-- This site is optimized with the Yoast SEO plugin v27.4 - https:\/\/yoast.com\/product\/yoast-seo-wordpress\/ -->\n<title>Priority Software: recensione software ERP - Accurate Reviews<\/title>\n<meta name=\"description\" content=\"Priority: recensione software di pianificazione delle risorse aziendali (ERP) facilmente scalabile per le esigenze delle organizzazioni in crescita.\" \/>\n<meta name=\"robots\" content=\"index, follow, max-snippet:-1, max-image-preview:large, max-video-preview:-1\" \/>\n<link rel=\"canonical\" href=\"https:\/\/www.accuratereviews.com\/it\/software-erp-lista-software\/priority-software-recensione\/\" \/>\n<meta property=\"og:locale\" content=\"it_IT\" \/>\n<meta property=\"og:type\" content=\"article\" \/>\n<meta property=\"og:title\" content=\"Priority Software: recensione software ERP - Accurate Reviews\" \/>\n<meta property=\"og:description\" content=\"Priority: recensione software di pianificazione delle risorse aziendali (ERP) facilmente scalabile per le esigenze delle organizzazioni in crescita.\" \/>\n<meta property=\"og:url\" content=\"https:\/\/www.accuratereviews.com\/it\/software-erp-lista-software\/priority-software-recensione\/\" \/>\n<meta property=\"og:site_name\" content=\"Accurate Reviews\" \/>\n<meta property=\"article:modified_time\" content=\"2021-05-04T15:02:28+00:00\" \/>\n<meta property=\"og:image\" content=\"https:\/\/www.accuratereviews.com\/wp-content\/uploads\/2020\/01\/logo-priority-software.jpg\" \/>\n\t<meta property=\"og:image:width\" content=\"400\" \/>\n\t<meta property=\"og:image:height\" content=\"260\" \/>\n\t<meta property=\"og:image:type\" content=\"image\/jpeg\" \/>\n<meta name=\"twitter:card\" content=\"summary_large_image\" \/>\n<meta name=\"twitter:label1\" content=\"Tempo di lettura stimato\" \/>\n\t<meta name=\"twitter:data1\" content=\"4 minuti\" \/>\n<script type=\"application\/ld+json\" class=\"yoast-schema-graph\">{\"@context\":\"https:\\\/\\\/schema.org\",\"@graph\":[{\"@type\":\"WebPage\",\"@id\":\"https:\\\/\\\/www.accuratereviews.com\\\/it\\\/software-erp-lista-software\\\/priority-software-recensione\\\/\",\"url\":\"https:\\\/\\\/www.accuratereviews.com\\\/it\\\/software-erp-lista-software\\\/priority-software-recensione\\\/\",\"name\":\"Priority Software: recensione software ERP - Accurate Reviews\",\"isPartOf\":{\"@id\":\"https:\\\/\\\/www.accuratereviews.com\\\/it\\\/#website\"},\"primaryImageOfPage\":{\"@id\":\"https:\\\/\\\/www.accuratereviews.com\\\/it\\\/software-erp-lista-software\\\/priority-software-recensione\\\/#primaryimage\"},\"image\":{\"@id\":\"https:\\\/\\\/www.accuratereviews.com\\\/it\\\/software-erp-lista-software\\\/priority-software-recensione\\\/#primaryimage\"},\"thumbnailUrl\":\"https:\\\/\\\/www.accuratereviews.com\\\/wp-content\\\/uploads\\\/2020\\\/01\\\/logo-priority-software.jpg\",\"datePublished\":\"2020-01-17T14:37:30+00:00\",\"dateModified\":\"2021-05-04T15:02:28+00:00\",\"description\":\"Priority: recensione software di pianificazione delle risorse aziendali (ERP) facilmente scalabile per le esigenze delle organizzazioni in crescita.\",\"breadcrumb\":{\"@id\":\"https:\\\/\\\/www.accuratereviews.com\\\/it\\\/software-erp-lista-software\\\/priority-software-recensione\\\/#breadcrumb\"},\"inLanguage\":\"it-IT\",\"potentialAction\":[{\"@type\":\"ReadAction\",\"target\":[\"https:\\\/\\\/www.accuratereviews.com\\\/it\\\/software-erp-lista-software\\\/priority-software-recensione\\\/\"]}]},{\"@type\":\"ImageObject\",\"inLanguage\":\"it-IT\",\"@id\":\"https:\\\/\\\/www.accuratereviews.com\\\/it\\\/software-erp-lista-software\\\/priority-software-recensione\\\/#primaryimage\",\"url\":\"https:\\\/\\\/www.accuratereviews.com\\\/wp-content\\\/uploads\\\/2020\\\/01\\\/logo-priority-software.jpg\",\"contentUrl\":\"https:\\\/\\\/www.accuratereviews.com\\\/wp-content\\\/uploads\\\/2020\\\/01\\\/logo-priority-software.jpg\",\"width\":400,\"height\":260},{\"@type\":\"BreadcrumbList\",\"@id\":\"https:\\\/\\\/www.accuratereviews.com\\\/it\\\/software-erp-lista-software\\\/priority-software-recensione\\\/#breadcrumb\",\"itemListElement\":[{\"@type\":\"ListItem\",\"position\":1,\"name\":\"Home\",\"item\":\"https:\\\/\\\/www.accuratereviews.com\\\/it\\\/\"},{\"@type\":\"ListItem\",\"position\":2,\"name\":\"ERP Software\",\"item\":\"https:\\\/\\\/www.accuratereviews.com\\\/it\\\/software-erp-lista-software\\\/\"},{\"@type\":\"ListItem\",\"position\":3,\"name\":\"Priority Software\"}]},{\"@type\":\"WebSite\",\"@id\":\"https:\\\/\\\/www.accuratereviews.com\\\/it\\\/#website\",\"url\":\"https:\\\/\\\/www.accuratereviews.com\\\/it\\\/\",\"name\":\"Accurate Reviews\",\"description\":\"\",\"potentialAction\":[{\"@type\":\"SearchAction\",\"target\":{\"@type\":\"EntryPoint\",\"urlTemplate\":\"https:\\\/\\\/www.accuratereviews.com\\\/it\\\/?s={search_term_string}\"},\"query-input\":{\"@type\":\"PropertyValueSpecification\",\"valueRequired\":true,\"valueName\":\"search_term_string\"}}],\"inLanguage\":\"it-IT\"}]}<\/script>\n<!-- \/ Yoast SEO plugin. -->","yoast_head_json":{"title":"Priority Software: recensione software ERP - Accurate Reviews","description":"Priority: recensione software di pianificazione delle risorse aziendali (ERP) facilmente scalabile per le esigenze delle organizzazioni in crescita.","robots":{"index":"index","follow":"follow","max-snippet":"max-snippet:-1","max-image-preview":"max-image-preview:large","max-video-preview":"max-video-preview:-1"},"canonical":"https:\/\/www.accuratereviews.com\/it\/software-erp-lista-software\/priority-software-recensione\/","og_locale":"it_IT","og_type":"article","og_title":"Priority Software: recensione software ERP - Accurate Reviews","og_description":"Priority: recensione software di pianificazione delle risorse aziendali (ERP) facilmente scalabile per le esigenze delle organizzazioni in crescita.","og_url":"https:\/\/www.accuratereviews.com\/it\/software-erp-lista-software\/priority-software-recensione\/","og_site_name":"Accurate Reviews","article_modified_time":"2021-05-04T15:02:28+00:00","og_image":[{"width":400,"height":260,"url":"https:\/\/www.accuratereviews.com\/wp-content\/uploads\/2020\/01\/logo-priority-software.jpg","type":"image\/jpeg"}],"twitter_card":"summary_large_image","twitter_misc":{"Tempo di lettura stimato":"4 minuti"},"schema":{"@context":"https:\/\/schema.org","@graph":[{"@type":"WebPage","@id":"https:\/\/www.accuratereviews.com\/it\/software-erp-lista-software\/priority-software-recensione\/","url":"https:\/\/www.accuratereviews.com\/it\/software-erp-lista-software\/priority-software-recensione\/","name":"Priority Software: recensione software ERP - Accurate Reviews","isPartOf":{"@id":"https:\/\/www.accuratereviews.com\/it\/#website"},"primaryImageOfPage":{"@id":"https:\/\/www.accuratereviews.com\/it\/software-erp-lista-software\/priority-software-recensione\/#primaryimage"},"image":{"@id":"https:\/\/www.accuratereviews.com\/it\/software-erp-lista-software\/priority-software-recensione\/#primaryimage"},"thumbnailUrl":"https:\/\/www.accuratereviews.com\/wp-content\/uploads\/2020\/01\/logo-priority-software.jpg","datePublished":"2020-01-17T14:37:30+00:00","dateModified":"2021-05-04T15:02:28+00:00","description":"Priority: recensione software di pianificazione delle risorse aziendali (ERP) facilmente scalabile per le esigenze delle organizzazioni in crescita.","breadcrumb":{"@id":"https:\/\/www.accuratereviews.com\/it\/software-erp-lista-software\/priority-software-recensione\/#breadcrumb"},"inLanguage":"it-IT","potentialAction":[{"@type":"ReadAction","target":["https:\/\/www.accuratereviews.com\/it\/software-erp-lista-software\/priority-software-recensione\/"]}]},{"@type":"ImageObject","inLanguage":"it-IT","@id":"https:\/\/www.accuratereviews.com\/it\/software-erp-lista-software\/priority-software-recensione\/#primaryimage","url":"https:\/\/www.accuratereviews.com\/wp-content\/uploads\/2020\/01\/logo-priority-software.jpg","contentUrl":"https:\/\/www.accuratereviews.com\/wp-content\/uploads\/2020\/01\/logo-priority-software.jpg","width":400,"height":260},{"@type":"BreadcrumbList","@id":"https:\/\/www.accuratereviews.com\/it\/software-erp-lista-software\/priority-software-recensione\/#breadcrumb","itemListElement":[{"@type":"ListItem","position":1,"name":"Home","item":"https:\/\/www.accuratereviews.com\/it\/"},{"@type":"ListItem","position":2,"name":"ERP Software","item":"https:\/\/www.accuratereviews.com\/it\/software-erp-lista-software\/"},{"@type":"ListItem","position":3,"name":"Priority Software"}]},{"@type":"WebSite","@id":"https:\/\/www.accuratereviews.com\/it\/#website","url":"https:\/\/www.accuratereviews.com\/it\/","name":"Accurate Reviews","description":"","potentialAction":[{"@type":"SearchAction","target":{"@type":"EntryPoint","urlTemplate":"https:\/\/www.accuratereviews.com\/it\/?s={search_term_string}"},"query-input":{"@type":"PropertyValueSpecification","valueRequired":true,"valueName":"search_term_string"}}],"inLanguage":"it-IT"}]}},"_links":{"self":[{"href":"https:\/\/www.accuratereviews.com\/it\/wp-json\/wp\/v2\/pages\/22238","targetHints":{"allow":["GET"]}}],"collection":[{"href":"https:\/\/www.accuratereviews.com\/it\/wp-json\/wp\/v2\/pages"}],"about":[{"href":"https:\/\/www.accuratereviews.com\/it\/wp-json\/wp\/v2\/types\/page"}],"author":[{"embeddable":true,"href":"https:\/\/www.accuratereviews.com\/it\/wp-json\/wp\/v2\/users\/19"}],"replies":[{"embeddable":true,"href":"https:\/\/www.accuratereviews.com\/it\/wp-json\/wp\/v2\/comments?post=22238"}],"version-history":[{"count":13,"href":"https:\/\/www.accuratereviews.com\/it\/wp-json\/wp\/v2\/pages\/22238\/revisions"}],"predecessor-version":[{"id":41856,"href":"https:\/\/www.accuratereviews.com\/it\/wp-json\/wp\/v2\/pages\/22238\/revisions\/41856"}],"up":[{"embeddable":true,"href":"https:\/\/www.accuratereviews.com\/it\/wp-json\/wp\/v2\/pages\/22029"}],"wp:featuredmedia":[{"embeddable":true,"href":"https:\/\/www.accuratereviews.com\/it\/wp-json\/wp\/v2\/media\/22241"}],"wp:attachment":[{"href":"https:\/\/www.accuratereviews.com\/it\/wp-json\/wp\/v2\/media?parent=22238"}],"wp:term":[{"taxonomy":"category","embeddable":true,"href":"https:\/\/www.accuratereviews.com\/it\/wp-json\/wp\/v2\/categories?post=22238"},{"taxonomy":"post_tag","embeddable":true,"href":"https:\/\/www.accuratereviews.com\/it\/wp-json\/wp\/v2\/tags?post=22238"},{"taxonomy":"features","embeddable":true,"href":"https:\/\/www.accuratereviews.com\/it\/wp-json\/wp\/v2\/features?post=22238"}],"curies":[{"name":"wp","href":"https:\/\/api.w.org\/{rel}","templated":true}]}}