{"id":22252,"date":"2020-01-17T14:37:51","date_gmt":"2020-01-17T14:37:51","guid":{"rendered":"https:\/\/www.accuratereviews.com\/?page_id=22252"},"modified":"2020-01-17T14:37:51","modified_gmt":"2020-01-17T14:37:51","slug":"erpnext-recensione","status":"publish","type":"page","link":"https:\/\/www.accuratereviews.com\/it\/software-erp-lista-software\/erpnext-recensione\/","title":{"rendered":"ERPNext"},"content":{"rendered":"<p><strong>ERPNext<\/strong> \u00e8 un software di <strong>pianificazione delle risorse aziendali open source<\/strong> che aiuta le aziende di tutte le dimensioni con una serie di funzioni operative per ottimizzare l&#8217;efficienza sul posto di lavoro. Con esso, possono gestire le attivit\u00e0 di contabilit\u00e0, problemi di gestione del progetto e responsabilit\u00e0 delle risorse umane in un&#8217;unica interfaccia. Se hai bisogno di rivedere le informazioni del personale, analizzare lo stato finanziario della tua azienda, misurare le prestazioni dei dipendenti o delegare le attivit\u00e0, questa soluzione fa al caso tuo. Permette persino agli utenti di monitorare i livelli delle scorte in tempo reale, facilitando l&#8217;organizzazione dell&#8217;inventario.<\/p>\n<h2>ERPNEXT &#8211; TUTORIAL<\/h2>\n<p>Questo tutorial \u00e8 un riassunto di come \u00e8 possibile gestire le tasse applicate (IVA) a livello di articolo e recuperarle automaticamente nelle transazioni utilizzando le funzioni di questo <strong>software ERP:<\/strong><\/p>\n<div id=\"fluid-wrapper-counter-1\" class=\"g1-fluid-wrapper \" style=\"width:686px;\">\n<div style=\"padding-bottom:56.268221574344%;\"><iframe loading=\"lazy\" title=\"ERPNext - Item Tax Template and Tax Category in version 12\" width=\"686\" height=\"386\" src=\"https:\/\/www.youtube.com\/embed\/4608X8pxddc?feature=oembed&amp;wmode=transparent&amp;autohide=1&amp;autoplay=0&amp;disablekb=0&amp;fs=1&amp;loop=0&amp;enablejsapi=1&amp;rel=0&amp;controls=2&amp;showinfo=0&amp;wmode=transparent&amp;autohide=2&amp;autoplay=0&amp;disablekb=0&amp;fs=1&amp;loop=0&amp;enablejsapi=1&amp;rel=0&amp;controls=2&amp;showinfo=1\" frameborder=\"0\" allow=\"accelerometer; autoplay; encrypted-media; gyroscope; picture-in-picture\" allowfullscreen><\/iframe><\/div>\n<\/div>\n<h3>ERPNEXT &#8211; CARATTERISTICHE<\/h3>\n<ul>\n<li><strong>Libro giornale e pagamenti<\/strong>: mantenere un libro mastro di conti pulito e nitido per evitare disallineamenti durante la chiusura dei conti. Tieni traccia delle tue entrate e delle tue spese. I pagamenti anticipati possono essere registrati e riconciliati in una volta sola<\/li>\n<li><strong>Fatturazione e prezzi<\/strong>: fattura ai tuoi clienti, richieste di pagamento e notifiche tramite promemoria via email \/ SMS. Per quanto riguarda il prezzo degli articoli, \u00e8 una configurazione una tantum e viene recuperato automaticamente nelle transazioni<\/li>\n<li><strong>Contabilit\u00e0 multi valuta<\/strong>: invia fatture e aggiungi le spese in qualsiasi valuta e lascia che il sistema le converta nella valuta di base. Visualizza le transazioni finanziarie e i rapporti in pi\u00f9 valute<\/li>\n<li><strong>Organizzazione personale<\/strong>: elaborazione delle presenze del personale in tempo reale con molteplici opzioni per la rilevazione delle presenze e l&#8217;integrazione dell&#8217;hardware biometrico. Strumento HRMS open source che consente di integrare il sistema di tracciamento delle presenze con il sistema di gestione stipendi e congedi; offrendo tutte le funzionalit\u00e0 intuitive necessarie per un sistema di gestione delle presenze impeccabile<\/li>\n<li><strong>Gestione ferie personale<\/strong>: configura le opzioni di gestione delle ferie per un dipartimento o un&#8217;intera business unit determinando i fine settimana, il numero di ore lavorative, l&#8217;autorizzazione al trasferimento dei congedi e molte fantastiche funzioni in pochi clic. Il calendario delle ferie e i registri di riepilogo delle ferie centralizzati offrono una panoramica delle informazioni sulle ferie dei dipendenti in piena trasparenza<\/li>\n<li><strong>Efficienza del team di vendita<\/strong>: coinvolgi e collabora per affrontare lead e opportunit\u00e0 con pi\u00f9 incarichi o menzioni. Report out-of-the-box per monitorare le prestazioni del tuo team di vendita, analizzare il traffico principale, la fase di vendita di tutte le prospettive<\/li>\n<li><strong>Marketing digitale<\/strong>: utilizza le campagne email per il marketing mirato: un programma pianificato di email da inviare entro un determinato periodo di tempo. Sfrutta i vantaggi delle campagne per l&#8217;analisi delle fonti dei lead. Invia email di massa ai tuoi clienti con fantasiose newsletter<\/li>\n<li><strong>Blogging<\/strong>: che sia per la tua azienda o te stesso, un buon blog pu\u00f2 aiutarti a posizionare il tuo marchio come leader del settore e stabilire legami pi\u00f9 forti con i tuoi lettori e clienti. Rispondere a commenti e domande sul tuo blog pu\u00f2 dirti cosa piace ai tuoi clienti e cosa stanno cercando, qualsiasi cosa, dai feedback sul tuo prodotto alle domande frequenti sulla tua azienda. Crea un blog straordinario, fai crescere la tua community e condividi le tue idee.<\/li>\n<\/ul>\n<h4>LE RECENSIONI DEGLI UTENTI<\/h4>\n<h4>Donna R. &#8220;ERPNext&#8221;<\/h4>\n<p><strong>Commenti<\/strong>: Ho usato ERPNext nella mia attivit\u00e0 in modo molto efficace per tenere traccia dell&#8217;inventario (e dei numeri di serie) in pi\u00f9 magazzini. Apprezzo la capacit\u00e0 di conservare le informazioni di consegna e installazione.<\/p>\n<p><strong>Vantaggi<\/strong>: il team migliora costantemente questo software e ascolta gli utenti. Riesco quasi sempre a trovare una risposta alle mie domande nei forum della community. Non vedo l&#8217;ora di nuove funzionalit\u00e0.<\/p>\n<p>Inconvenienti: alcune funzioni sono progettate per soddisfare esigenze specifiche in paesi stranieri. Non \u00e8 sempre ovvio come adattare una funzione per soddisfare i propri criteri. Mancano alcune funzionalit\u00e0, soprattutto se si \u00e8 abituati all&#8217;elaborazione batch.<\/p>\n<h4>Narciso N. &#8220;Il miglior ERP per le piccole e medie imprese&#8221;<\/h4>\n<p><strong>Commenti<\/strong>: Nel complesso, ERPNext \u00e8 un prodotto straordinario, lo uso tutti i giorni e mi sento molto bene con la piattaforma<\/p>\n<p><strong>Vantaggi<\/strong>: Open Source,\u00a0Facile da usare,\u00a0Molti moduli disponibili all&#8217;interno della piattaforma come Istruzione, Non profit, Agricoltura, ecc,<br \/>\nComunit\u00e0 in crescita,\u00a0Forum attivo per discutere di qualsiasi problema<\/p>\n<p><strong>Inconvenienti<\/strong>: come progetto Open Source attivo molte volte Ci troviamo di fronte a molti requisiti di funzionalit\u00e0 che non sono cos\u00ec grandi da avere nel nostro sistema. Inoltre, il sistema di autorizzazione \u00e8 un po &#8216;complicato<\/p>\n<h4>Samwel O. &#8220;ERPNext recensione&#8221;<\/h4>\n<p><strong>Vantaggi<\/strong>: ERPNext \u00e8 un software ERP Open Source. Utilizza anche dipendenze open source.\u00a0ERPNext ha varie funzionalit\u00e0 per diverse organizzazioni come scuole, ospedali, societ\u00e0 di vendita, ecc.<\/p>\n<p>Inconvenienti: L&#8217;installazione \u00e8 piuttostocomplicata. Sono richieste conoscenze tecniche con dipendenze come MariaDB, Frappe, NodeJS, Redis sia per l&#8217;installazione che per la personalizzazione.\u00a0La personalizzazione \u00e8 piuttosto complicata poich\u00e9 alcuni dei moduli sono strettamente correlati.<\/p>\n","protected":false},"excerpt":{"rendered":"<p>ERPNext \u00e8 un software di pianificazione delle risorse aziendali open source che aiuta le aziende di tutte le dimensioni con una serie di funzioni operative per ottimizzare l&#8217;efficienza sul posto di lavoro. Con esso, possono gestire le attivit\u00e0 di contabilit\u00e0, problemi di gestione del progetto e responsabilit\u00e0 delle risorse umane in un&#8217;unica interfaccia.<\/p>\n","protected":false},"author":19,"featured_media":22253,"parent":22029,"menu_order":0,"comment_status":"open","ping_status":"closed","template":"g1_template_page_review_new.php","meta":{"_acf_changed":false,"cwp_meta_box_check":"Yes","cwp_rev_product_name":"","cwp_rev_product_image":"","wppr_links":[],"cwp_rev_price":"","wppr_options":[],"wppr_pros":[],"wppr_cons":[],"_monsterinsights_skip_tracking":false,"_monsterinsights_sitenote_active":false,"_monsterinsights_sitenote_note":"","_monsterinsights_sitenote_category":0,"footnotes":""},"categories":[97,1654],"tags":[1664,1663,246,1692,1671,923,1667],"features":[],"class_list":{"0":"post-22252","1":"page","2":"type-page","3":"status-publish","4":"has-post-thumbnail","6":"category-accounting-services-it","7":"category-enterprise-resource-planning-software-erp","8":"tag-enterprise-resource-planning","9":"tag-erp","10":"tag-open-source","11":"tag-pianificazione-risorse-aziendali","12":"tag-programma-erp","13":"tag-software-erp","14":"tag-soluzione-erp"},"wppr_data":{"cwp_meta_box_check":"Yes","cwp_rev_product_name":"","cwp_rev_product_image":"","cwp_image_link":"image","cwp_rev_price":"","wppr_rating":"0.00"},"acf":[],"yoast_head":"<!-- This site is optimized with the Yoast SEO plugin v27.4 - https:\/\/yoast.com\/product\/yoast-seo-wordpress\/ -->\n<title>ErpNext: recensione software ERP - Accurate Reviews<\/title>\n<meta name=\"description\" content=\"ERPNext: recensione software open source per la pianificazione delle risorse aziendali di facile gestione, con ampie funzionalit\u00e0 integrate.\" \/>\n<meta name=\"robots\" content=\"index, follow, max-snippet:-1, max-image-preview:large, max-video-preview:-1\" \/>\n<link rel=\"canonical\" href=\"https:\/\/www.accuratereviews.com\/it\/software-erp-lista-software\/erpnext-recensione\/\" \/>\n<meta property=\"og:locale\" content=\"it_IT\" \/>\n<meta property=\"og:type\" content=\"article\" \/>\n<meta property=\"og:title\" content=\"ErpNext: recensione software ERP - Accurate Reviews\" \/>\n<meta property=\"og:description\" content=\"ERPNext: recensione software open source per la pianificazione delle risorse aziendali di facile gestione, con ampie funzionalit\u00e0 integrate.\" \/>\n<meta property=\"og:url\" content=\"https:\/\/www.accuratereviews.com\/it\/software-erp-lista-software\/erpnext-recensione\/\" \/>\n<meta property=\"og:site_name\" content=\"Accurate Reviews\" \/>\n<meta property=\"og:image\" content=\"https:\/\/www.accuratereviews.com\/wp-content\/uploads\/2020\/01\/logo-erpnext-1.jpg\" \/>\n\t<meta property=\"og:image:width\" content=\"400\" \/>\n\t<meta property=\"og:image:height\" content=\"400\" \/>\n\t<meta property=\"og:image:type\" content=\"image\/jpeg\" \/>\n<meta name=\"twitter:card\" content=\"summary_large_image\" \/>\n<meta name=\"twitter:label1\" content=\"Tempo di lettura stimato\" \/>\n\t<meta name=\"twitter:data1\" content=\"4 minuti\" \/>\n<script type=\"application\/ld+json\" class=\"yoast-schema-graph\">{\"@context\":\"https:\\\/\\\/schema.org\",\"@graph\":[{\"@type\":\"WebPage\",\"@id\":\"https:\\\/\\\/www.accuratereviews.com\\\/it\\\/software-erp-lista-software\\\/erpnext-recensione\\\/\",\"url\":\"https:\\\/\\\/www.accuratereviews.com\\\/it\\\/software-erp-lista-software\\\/erpnext-recensione\\\/\",\"name\":\"ErpNext: recensione software ERP - Accurate Reviews\",\"isPartOf\":{\"@id\":\"https:\\\/\\\/www.accuratereviews.com\\\/it\\\/#website\"},\"primaryImageOfPage\":{\"@id\":\"https:\\\/\\\/www.accuratereviews.com\\\/it\\\/software-erp-lista-software\\\/erpnext-recensione\\\/#primaryimage\"},\"image\":{\"@id\":\"https:\\\/\\\/www.accuratereviews.com\\\/it\\\/software-erp-lista-software\\\/erpnext-recensione\\\/#primaryimage\"},\"thumbnailUrl\":\"https:\\\/\\\/www.accuratereviews.com\\\/wp-content\\\/uploads\\\/2020\\\/01\\\/logo-erpnext-1.jpg\",\"datePublished\":\"2020-01-17T14:37:51+00:00\",\"description\":\"ERPNext: recensione software open source per la pianificazione delle risorse aziendali di facile gestione, con ampie funzionalit\u00e0 integrate.\",\"breadcrumb\":{\"@id\":\"https:\\\/\\\/www.accuratereviews.com\\\/it\\\/software-erp-lista-software\\\/erpnext-recensione\\\/#breadcrumb\"},\"inLanguage\":\"it-IT\",\"potentialAction\":[{\"@type\":\"ReadAction\",\"target\":[\"https:\\\/\\\/www.accuratereviews.com\\\/it\\\/software-erp-lista-software\\\/erpnext-recensione\\\/\"]}]},{\"@type\":\"ImageObject\",\"inLanguage\":\"it-IT\",\"@id\":\"https:\\\/\\\/www.accuratereviews.com\\\/it\\\/software-erp-lista-software\\\/erpnext-recensione\\\/#primaryimage\",\"url\":\"https:\\\/\\\/www.accuratereviews.com\\\/wp-content\\\/uploads\\\/2020\\\/01\\\/logo-erpnext-1.jpg\",\"contentUrl\":\"https:\\\/\\\/www.accuratereviews.com\\\/wp-content\\\/uploads\\\/2020\\\/01\\\/logo-erpnext-1.jpg\",\"width\":400,\"height\":400},{\"@type\":\"BreadcrumbList\",\"@id\":\"https:\\\/\\\/www.accuratereviews.com\\\/it\\\/software-erp-lista-software\\\/erpnext-recensione\\\/#breadcrumb\",\"itemListElement\":[{\"@type\":\"ListItem\",\"position\":1,\"name\":\"Home\",\"item\":\"https:\\\/\\\/www.accuratereviews.com\\\/it\\\/\"},{\"@type\":\"ListItem\",\"position\":2,\"name\":\"ERP Software\",\"item\":\"https:\\\/\\\/www.accuratereviews.com\\\/it\\\/software-erp-lista-software\\\/\"},{\"@type\":\"ListItem\",\"position\":3,\"name\":\"ERPNext\"}]},{\"@type\":\"WebSite\",\"@id\":\"https:\\\/\\\/www.accuratereviews.com\\\/it\\\/#website\",\"url\":\"https:\\\/\\\/www.accuratereviews.com\\\/it\\\/\",\"name\":\"Accurate Reviews\",\"description\":\"\",\"potentialAction\":[{\"@type\":\"SearchAction\",\"target\":{\"@type\":\"EntryPoint\",\"urlTemplate\":\"https:\\\/\\\/www.accuratereviews.com\\\/it\\\/?s={search_term_string}\"},\"query-input\":{\"@type\":\"PropertyValueSpecification\",\"valueRequired\":true,\"valueName\":\"search_term_string\"}}],\"inLanguage\":\"it-IT\"}]}<\/script>\n<!-- \/ Yoast SEO plugin. -->","yoast_head_json":{"title":"ErpNext: recensione software ERP - Accurate Reviews","description":"ERPNext: recensione software open source per la pianificazione delle risorse aziendali di facile gestione, con ampie funzionalit\u00e0 integrate.","robots":{"index":"index","follow":"follow","max-snippet":"max-snippet:-1","max-image-preview":"max-image-preview:large","max-video-preview":"max-video-preview:-1"},"canonical":"https:\/\/www.accuratereviews.com\/it\/software-erp-lista-software\/erpnext-recensione\/","og_locale":"it_IT","og_type":"article","og_title":"ErpNext: recensione software ERP - Accurate Reviews","og_description":"ERPNext: recensione software open source per la pianificazione delle risorse aziendali di facile gestione, con ampie funzionalit\u00e0 integrate.","og_url":"https:\/\/www.accuratereviews.com\/it\/software-erp-lista-software\/erpnext-recensione\/","og_site_name":"Accurate Reviews","og_image":[{"width":400,"height":400,"url":"https:\/\/www.accuratereviews.com\/wp-content\/uploads\/2020\/01\/logo-erpnext-1.jpg","type":"image\/jpeg"}],"twitter_card":"summary_large_image","twitter_misc":{"Tempo di lettura stimato":"4 minuti"},"schema":{"@context":"https:\/\/schema.org","@graph":[{"@type":"WebPage","@id":"https:\/\/www.accuratereviews.com\/it\/software-erp-lista-software\/erpnext-recensione\/","url":"https:\/\/www.accuratereviews.com\/it\/software-erp-lista-software\/erpnext-recensione\/","name":"ErpNext: recensione software ERP - Accurate Reviews","isPartOf":{"@id":"https:\/\/www.accuratereviews.com\/it\/#website"},"primaryImageOfPage":{"@id":"https:\/\/www.accuratereviews.com\/it\/software-erp-lista-software\/erpnext-recensione\/#primaryimage"},"image":{"@id":"https:\/\/www.accuratereviews.com\/it\/software-erp-lista-software\/erpnext-recensione\/#primaryimage"},"thumbnailUrl":"https:\/\/www.accuratereviews.com\/wp-content\/uploads\/2020\/01\/logo-erpnext-1.jpg","datePublished":"2020-01-17T14:37:51+00:00","description":"ERPNext: recensione software open source per la pianificazione delle risorse aziendali di facile gestione, con ampie funzionalit\u00e0 integrate.","breadcrumb":{"@id":"https:\/\/www.accuratereviews.com\/it\/software-erp-lista-software\/erpnext-recensione\/#breadcrumb"},"inLanguage":"it-IT","potentialAction":[{"@type":"ReadAction","target":["https:\/\/www.accuratereviews.com\/it\/software-erp-lista-software\/erpnext-recensione\/"]}]},{"@type":"ImageObject","inLanguage":"it-IT","@id":"https:\/\/www.accuratereviews.com\/it\/software-erp-lista-software\/erpnext-recensione\/#primaryimage","url":"https:\/\/www.accuratereviews.com\/wp-content\/uploads\/2020\/01\/logo-erpnext-1.jpg","contentUrl":"https:\/\/www.accuratereviews.com\/wp-content\/uploads\/2020\/01\/logo-erpnext-1.jpg","width":400,"height":400},{"@type":"BreadcrumbList","@id":"https:\/\/www.accuratereviews.com\/it\/software-erp-lista-software\/erpnext-recensione\/#breadcrumb","itemListElement":[{"@type":"ListItem","position":1,"name":"Home","item":"https:\/\/www.accuratereviews.com\/it\/"},{"@type":"ListItem","position":2,"name":"ERP Software","item":"https:\/\/www.accuratereviews.com\/it\/software-erp-lista-software\/"},{"@type":"ListItem","position":3,"name":"ERPNext"}]},{"@type":"WebSite","@id":"https:\/\/www.accuratereviews.com\/it\/#website","url":"https:\/\/www.accuratereviews.com\/it\/","name":"Accurate Reviews","description":"","potentialAction":[{"@type":"SearchAction","target":{"@type":"EntryPoint","urlTemplate":"https:\/\/www.accuratereviews.com\/it\/?s={search_term_string}"},"query-input":{"@type":"PropertyValueSpecification","valueRequired":true,"valueName":"search_term_string"}}],"inLanguage":"it-IT"}]}},"_links":{"self":[{"href":"https:\/\/www.accuratereviews.com\/it\/wp-json\/wp\/v2\/pages\/22252","targetHints":{"allow":["GET"]}}],"collection":[{"href":"https:\/\/www.accuratereviews.com\/it\/wp-json\/wp\/v2\/pages"}],"about":[{"href":"https:\/\/www.accuratereviews.com\/it\/wp-json\/wp\/v2\/types\/page"}],"author":[{"embeddable":true,"href":"https:\/\/www.accuratereviews.com\/it\/wp-json\/wp\/v2\/users\/19"}],"replies":[{"embeddable":true,"href":"https:\/\/www.accuratereviews.com\/it\/wp-json\/wp\/v2\/comments?post=22252"}],"version-history":[{"count":8,"href":"https:\/\/www.accuratereviews.com\/it\/wp-json\/wp\/v2\/pages\/22252\/revisions"}],"predecessor-version":[{"id":22275,"href":"https:\/\/www.accuratereviews.com\/it\/wp-json\/wp\/v2\/pages\/22252\/revisions\/22275"}],"up":[{"embeddable":true,"href":"https:\/\/www.accuratereviews.com\/it\/wp-json\/wp\/v2\/pages\/22029"}],"wp:featuredmedia":[{"embeddable":true,"href":"https:\/\/www.accuratereviews.com\/it\/wp-json\/wp\/v2\/media\/22253"}],"wp:attachment":[{"href":"https:\/\/www.accuratereviews.com\/it\/wp-json\/wp\/v2\/media?parent=22252"}],"wp:term":[{"taxonomy":"category","embeddable":true,"href":"https:\/\/www.accuratereviews.com\/it\/wp-json\/wp\/v2\/categories?post=22252"},{"taxonomy":"post_tag","embeddable":true,"href":"https:\/\/www.accuratereviews.com\/it\/wp-json\/wp\/v2\/tags?post=22252"},{"taxonomy":"features","embeddable":true,"href":"https:\/\/www.accuratereviews.com\/it\/wp-json\/wp\/v2\/features?post=22252"}],"curies":[{"name":"wp","href":"https:\/\/api.w.org\/{rel}","templated":true}]}}