{"id":22258,"date":"2020-01-19T20:25:08","date_gmt":"2020-01-19T20:25:08","guid":{"rendered":"https:\/\/www.accuratereviews.com\/?page_id=22258"},"modified":"2020-01-19T20:26:00","modified_gmt":"2020-01-19T20:26:00","slug":"proshop-erp-recensione","status":"publish","type":"page","link":"https:\/\/www.accuratereviews.com\/it\/software-erp-lista-software\/proshop-erp-recensione\/","title":{"rendered":"ProShop ERP"},"content":{"rendered":"<p><strong>ProShop ERP<\/strong> \u00e8 un software di <strong>Enterprise Resource Planning<\/strong>, progettato principalmente per aiutare le aziende manifatturiere di piccole e medie dimensioni a gestire i loro negozi online. Si impegna a offrire una visione completa a 360\u00b0 su tutte le attivit\u00e0 che riguardano la tua azienda. \u00c8 considerata una delle<strong> migliori soluzioni di gestione di ecommerce<\/strong> poich\u00e9 riesce a organizzare e automatizzare tutte le aree interne di un&#8217;impresa. <strong>ProShop<\/strong> ti mostra il profitto su ogni lavoro quando cos\u00ec puoi concentrarti sulla<strong> massimizzazione dei profitti<\/strong> ad ogni turno. I profitti ti consentono di crescere e investire nella tua azienda, attrarre e trattenere i migliori talenti e superare la concorrenza.<\/p>\n<h2>COME UTILIZZARE PROSHOP ERP &#8211; TUTORIAL<\/h2>\n<p>Ecco un video che ci mostrer\u00e0 qualcosa di pi\u00f9 al riguardo:<\/p>\n<div id=\"fluid-wrapper-counter-1\" class=\"g1-fluid-wrapper \" style=\"width:686px;\">\n<div style=\"padding-bottom:56.268221574344%;\"><iframe loading=\"lazy\" title=\"ProShop QMS Short Overview\" width=\"686\" height=\"386\" src=\"https:\/\/www.youtube.com\/embed\/Ef4f8aa8uHc?feature=oembed&amp;wmode=transparent&amp;autohide=1&amp;autoplay=0&amp;disablekb=0&amp;fs=1&amp;loop=0&amp;enablejsapi=1&amp;rel=0&amp;controls=2&amp;showinfo=0&amp;wmode=transparent&amp;autohide=2&amp;autoplay=0&amp;disablekb=0&amp;fs=1&amp;loop=0&amp;enablejsapi=1&amp;rel=0&amp;controls=2&amp;showinfo=1\" frameborder=\"0\" allow=\"accelerometer; autoplay; encrypted-media; gyroscope; picture-in-picture\" allowfullscreen><\/iframe><\/div>\n<\/div>\n<h3>PROSHOP ERP &#8211; CARATTERSITICHE<\/h3>\n<p>Di seguito elenchiamo le sue principali caratteristiche:<\/p>\n<ul>\n<li><strong>Gestione dei profitti<\/strong>: conosci esattamente quanti profitti ti portano ogni lavoro, numero di parte e cliente. Il profitto viene calcolato automaticamente ogni giorno<\/li>\n<li><strong>Gestione della qualit\u00e0<\/strong>: ProShop include un sistema QMS completo totalmente integrato per gestire il quadro generale e i piccoli dettagli (dalle procedure alle FAI)<\/li>\n<li><strong>Gestione del programma<\/strong>: vedi esattamente quando ogni lavoro deve iniziare e lasciare in tempo, compresi i tempi di lavorazione fuori impianto e la finestra di consegna puntuale dei tuoi clienti. Lo stato pi\u00f9 recente viene aggiornato tutto il giorno, tutti i giorni.<\/li>\n<\/ul>\n<h3>LE RECENSIONI DEGLI UTENTI<\/h3>\n<p><strong>&#8220;Decisioni basate sui dati&#8221;<\/strong><br \/>\nIN GENERALE: La nostra esperienza \u00e8 che ProShop ci ha esposto, con dati reali, i presupposti che abbiamo fatto in passato erano sbagliati e ci ha permesso di apportare le modifiche per migliorare preventivi, processi e redditivit\u00e0. Il software ci consente di realizzare ci\u00f2, ma \u00e8 il supporto e la consulenza del personale ProShop che ci ha fornito la direzione e l&#8217;assistenza necessaria per mettere in atto il sistema.<br \/>\nPRO: ProShop riunisce tutti i tuoi dati in un&#8217;unica applicazione, consentendo una visualizzazione in tempo reale di ogni aspetto delle tue operazioni. Consente una gestione proattiva, consente un&#8217;analisi in tempo reale dello stato e delle prestazioni rispetto al piano originale. Avere questa capacit\u00e0, consente di intraprendere azioni correttive e piccoli problemi non diventano grandi costosi. Questo sistema \u00e8 privo di supporti cartacei raccogliendo di tutto, dal Time Clocking ai programmi di manutenzione preventiva in un unico pacchetto. Permette agli input che hai raccolto in passato, con vari metodi, di diventare un database per guidare le decisioni.<br \/>\nCONTRO: Che non avevamo ProShop 5 anni fa!<\/p>\n<p><strong>&#8220;Piccolo negozio, grande visione&#8221;<\/strong><br \/>\nIN GENERALE: gli ordini di lavoro persi appartengono al passato. La capacit\u00e0 di lavorare attraverso diverse parti del software con un solo clic di distanza. Stanno aiutando la nostra azienda a diventare un PRO!<br \/>\nPRO: Con questo software, eseguiamo risposte proattive e comunichiamo in modo pi\u00f9 preciso, risparmiando tempo. Lavorare attraverso il software \u00e8 cos\u00ec semplice e fluido. Possiamo fare di pi\u00f9 con meno personale.<br \/>\nCONTRO: troppe informazioni. Con ogni nuova modifica del software, c&#8217;\u00e8 una curva di apprendimento. Ci vuole un po&#8217; per adattarsi.<\/p>\n<p><strong>&#8220;Il prossimo passo&#8221;<\/strong><br \/>\nIN GENERALE: Siamo una piccola azienda con circa una dozzina di dipendenti in totale e ci sono voluti solo pochi mesi per implementare ProShop nella nostra attivit\u00e0. Ad ogni aggiornamento, siamo continuamente colpiti dalle capacit\u00e0 del software. Ci vorranno anni per crescere nei cambiamenti che intendiamo fare per espandere la nostra attivit\u00e0 e ProShop sar\u00e0 in grado di gestirli tutti. Passare a un sistema ERP \u00e8 un impegno enorme che non dovrebbe essere preso alla leggera. Sebbene siamo ancora nuovi, apprendiamo, configuriamo e adeguiamo, siamo molto contenti della nostra decisione di acquisto e prenderemo di nuovo la stessa decisione.<br \/>\nPRO: Mi piace la filosofia generale del design che utilizza liste di controllo e codici colore per valutare rapidamente i progressi del negozio. Porta rapidamente le cose alla tua attenzione, ai lavori o ai problemi del negozio che devono essere affrontati.<br \/>\nCONTRO: la curva di apprendimento e il tempo necessari per implementare il software. C&#8217;\u00e8 cos\u00ec tanto da imparare, ma \u00e8 necessario sfruttare questo software. Come con la maggior parte delle cose che hanno grandi curve di apprendimento, il costo vale la pena.<\/p>\n","protected":false},"excerpt":{"rendered":"<p>ProShop ERP \u00e8 un software di Enterprise Resource Planning, progettato principalmente per aiutare le aziende manifatturiere di piccole e medie dimensioni a gestire i loro negozi online. Si impegna a offrire una visione completa a 360\u00b0 su tutte le attivit\u00e0 che riguardano la tua azienda.<\/p>\n","protected":false},"author":17,"featured_media":22262,"parent":22029,"menu_order":0,"comment_status":"open","ping_status":"closed","template":"g1_template_page_review_new.php","meta":{"_acf_changed":false,"cwp_meta_box_check":"Yes","cwp_rev_product_name":"","cwp_rev_product_image":"","wppr_links":[],"cwp_rev_price":"","wppr_options":[],"wppr_pros":[],"wppr_cons":[],"_monsterinsights_skip_tracking":false,"_monsterinsights_sitenote_active":false,"_monsterinsights_sitenote_note":"","_monsterinsights_sitenote_category":0,"footnotes":""},"categories":[1654],"tags":[1664,1663,1669,923],"features":[],"class_list":{"0":"post-22258","1":"page","2":"type-page","3":"status-publish","4":"has-post-thumbnail","6":"category-enterprise-resource-planning-software-erp","7":"tag-enterprise-resource-planning","8":"tag-erp","9":"tag-piattaforma-erp","10":"tag-software-erp"},"wppr_data":{"cwp_meta_box_check":"Yes","cwp_rev_product_name":"","cwp_rev_product_image":"","cwp_image_link":"image","cwp_rev_price":"","wppr_rating":"0.00"},"acf":[],"yoast_head":"<!-- This site is optimized with the Yoast SEO plugin v27.4 - https:\/\/yoast.com\/product\/yoast-seo-wordpress\/ -->\n<title>ProShop ERP: recensione software ERP - Accurate Reviews<\/title>\n<meta name=\"description\" content=\"ProShop ERP: recensione del software di Enterprise Resource Planning, progettato per aiutare le aziende manifatturiere a gestire i loro negozi online.\" \/>\n<meta name=\"robots\" content=\"index, follow, max-snippet:-1, max-image-preview:large, max-video-preview:-1\" \/>\n<link rel=\"canonical\" href=\"https:\/\/www.accuratereviews.com\/it\/software-erp-lista-software\/proshop-erp-recensione\/\" \/>\n<meta property=\"og:locale\" content=\"it_IT\" \/>\n<meta property=\"og:type\" content=\"article\" \/>\n<meta property=\"og:title\" content=\"ProShop ERP: recensione software ERP - Accurate Reviews\" \/>\n<meta property=\"og:description\" content=\"ProShop ERP: recensione del software di Enterprise Resource Planning, progettato per aiutare le aziende manifatturiere a gestire i loro negozi online.\" \/>\n<meta property=\"og:url\" content=\"https:\/\/www.accuratereviews.com\/it\/software-erp-lista-software\/proshop-erp-recensione\/\" \/>\n<meta property=\"og:site_name\" content=\"Accurate Reviews\" \/>\n<meta property=\"article:modified_time\" content=\"2020-01-19T20:26:00+00:00\" \/>\n<meta property=\"og:image\" content=\"https:\/\/www.accuratereviews.com\/wp-content\/uploads\/2020\/01\/download-3.png\" \/>\n\t<meta property=\"og:image:width\" content=\"572\" \/>\n\t<meta property=\"og:image:height\" content=\"88\" \/>\n\t<meta property=\"og:image:type\" content=\"image\/png\" \/>\n<meta name=\"twitter:card\" content=\"summary_large_image\" \/>\n<meta name=\"twitter:label1\" content=\"Tempo di lettura stimato\" \/>\n\t<meta name=\"twitter:data1\" content=\"3 minuti\" \/>\n<script type=\"application\/ld+json\" class=\"yoast-schema-graph\">{\"@context\":\"https:\\\/\\\/schema.org\",\"@graph\":[{\"@type\":\"WebPage\",\"@id\":\"https:\\\/\\\/www.accuratereviews.com\\\/it\\\/software-erp-lista-software\\\/proshop-erp-recensione\\\/\",\"url\":\"https:\\\/\\\/www.accuratereviews.com\\\/it\\\/software-erp-lista-software\\\/proshop-erp-recensione\\\/\",\"name\":\"ProShop ERP: recensione software ERP - Accurate Reviews\",\"isPartOf\":{\"@id\":\"https:\\\/\\\/www.accuratereviews.com\\\/it\\\/#website\"},\"primaryImageOfPage\":{\"@id\":\"https:\\\/\\\/www.accuratereviews.com\\\/it\\\/software-erp-lista-software\\\/proshop-erp-recensione\\\/#primaryimage\"},\"image\":{\"@id\":\"https:\\\/\\\/www.accuratereviews.com\\\/it\\\/software-erp-lista-software\\\/proshop-erp-recensione\\\/#primaryimage\"},\"thumbnailUrl\":\"https:\\\/\\\/www.accuratereviews.com\\\/wp-content\\\/uploads\\\/2020\\\/01\\\/download-3.png\",\"datePublished\":\"2020-01-19T20:25:08+00:00\",\"dateModified\":\"2020-01-19T20:26:00+00:00\",\"description\":\"ProShop ERP: recensione del software di Enterprise Resource Planning, progettato per aiutare le aziende manifatturiere a gestire i loro negozi online.\",\"breadcrumb\":{\"@id\":\"https:\\\/\\\/www.accuratereviews.com\\\/it\\\/software-erp-lista-software\\\/proshop-erp-recensione\\\/#breadcrumb\"},\"inLanguage\":\"it-IT\",\"potentialAction\":[{\"@type\":\"ReadAction\",\"target\":[\"https:\\\/\\\/www.accuratereviews.com\\\/it\\\/software-erp-lista-software\\\/proshop-erp-recensione\\\/\"]}]},{\"@type\":\"ImageObject\",\"inLanguage\":\"it-IT\",\"@id\":\"https:\\\/\\\/www.accuratereviews.com\\\/it\\\/software-erp-lista-software\\\/proshop-erp-recensione\\\/#primaryimage\",\"url\":\"https:\\\/\\\/www.accuratereviews.com\\\/wp-content\\\/uploads\\\/2020\\\/01\\\/download-3.png\",\"contentUrl\":\"https:\\\/\\\/www.accuratereviews.com\\\/wp-content\\\/uploads\\\/2020\\\/01\\\/download-3.png\",\"width\":572,\"height\":88},{\"@type\":\"BreadcrumbList\",\"@id\":\"https:\\\/\\\/www.accuratereviews.com\\\/it\\\/software-erp-lista-software\\\/proshop-erp-recensione\\\/#breadcrumb\",\"itemListElement\":[{\"@type\":\"ListItem\",\"position\":1,\"name\":\"Home\",\"item\":\"https:\\\/\\\/www.accuratereviews.com\\\/it\\\/\"},{\"@type\":\"ListItem\",\"position\":2,\"name\":\"ERP Software\",\"item\":\"https:\\\/\\\/www.accuratereviews.com\\\/it\\\/software-erp-lista-software\\\/\"},{\"@type\":\"ListItem\",\"position\":3,\"name\":\"ProShop ERP\"}]},{\"@type\":\"WebSite\",\"@id\":\"https:\\\/\\\/www.accuratereviews.com\\\/it\\\/#website\",\"url\":\"https:\\\/\\\/www.accuratereviews.com\\\/it\\\/\",\"name\":\"Accurate Reviews\",\"description\":\"\",\"potentialAction\":[{\"@type\":\"SearchAction\",\"target\":{\"@type\":\"EntryPoint\",\"urlTemplate\":\"https:\\\/\\\/www.accuratereviews.com\\\/it\\\/?s={search_term_string}\"},\"query-input\":{\"@type\":\"PropertyValueSpecification\",\"valueRequired\":true,\"valueName\":\"search_term_string\"}}],\"inLanguage\":\"it-IT\"}]}<\/script>\n<!-- \/ Yoast SEO plugin. -->","yoast_head_json":{"title":"ProShop ERP: recensione software ERP - Accurate Reviews","description":"ProShop ERP: recensione del software di Enterprise Resource Planning, progettato per aiutare le aziende manifatturiere a gestire i loro negozi online.","robots":{"index":"index","follow":"follow","max-snippet":"max-snippet:-1","max-image-preview":"max-image-preview:large","max-video-preview":"max-video-preview:-1"},"canonical":"https:\/\/www.accuratereviews.com\/it\/software-erp-lista-software\/proshop-erp-recensione\/","og_locale":"it_IT","og_type":"article","og_title":"ProShop ERP: recensione software ERP - Accurate Reviews","og_description":"ProShop ERP: recensione del software di Enterprise Resource Planning, progettato per aiutare le aziende manifatturiere a gestire i loro negozi online.","og_url":"https:\/\/www.accuratereviews.com\/it\/software-erp-lista-software\/proshop-erp-recensione\/","og_site_name":"Accurate Reviews","article_modified_time":"2020-01-19T20:26:00+00:00","og_image":[{"width":572,"height":88,"url":"https:\/\/www.accuratereviews.com\/wp-content\/uploads\/2020\/01\/download-3.png","type":"image\/png"}],"twitter_card":"summary_large_image","twitter_misc":{"Tempo di lettura stimato":"3 minuti"},"schema":{"@context":"https:\/\/schema.org","@graph":[{"@type":"WebPage","@id":"https:\/\/www.accuratereviews.com\/it\/software-erp-lista-software\/proshop-erp-recensione\/","url":"https:\/\/www.accuratereviews.com\/it\/software-erp-lista-software\/proshop-erp-recensione\/","name":"ProShop ERP: recensione software ERP - Accurate Reviews","isPartOf":{"@id":"https:\/\/www.accuratereviews.com\/it\/#website"},"primaryImageOfPage":{"@id":"https:\/\/www.accuratereviews.com\/it\/software-erp-lista-software\/proshop-erp-recensione\/#primaryimage"},"image":{"@id":"https:\/\/www.accuratereviews.com\/it\/software-erp-lista-software\/proshop-erp-recensione\/#primaryimage"},"thumbnailUrl":"https:\/\/www.accuratereviews.com\/wp-content\/uploads\/2020\/01\/download-3.png","datePublished":"2020-01-19T20:25:08+00:00","dateModified":"2020-01-19T20:26:00+00:00","description":"ProShop ERP: recensione del software di Enterprise Resource Planning, progettato per aiutare le aziende manifatturiere a gestire i loro negozi online.","breadcrumb":{"@id":"https:\/\/www.accuratereviews.com\/it\/software-erp-lista-software\/proshop-erp-recensione\/#breadcrumb"},"inLanguage":"it-IT","potentialAction":[{"@type":"ReadAction","target":["https:\/\/www.accuratereviews.com\/it\/software-erp-lista-software\/proshop-erp-recensione\/"]}]},{"@type":"ImageObject","inLanguage":"it-IT","@id":"https:\/\/www.accuratereviews.com\/it\/software-erp-lista-software\/proshop-erp-recensione\/#primaryimage","url":"https:\/\/www.accuratereviews.com\/wp-content\/uploads\/2020\/01\/download-3.png","contentUrl":"https:\/\/www.accuratereviews.com\/wp-content\/uploads\/2020\/01\/download-3.png","width":572,"height":88},{"@type":"BreadcrumbList","@id":"https:\/\/www.accuratereviews.com\/it\/software-erp-lista-software\/proshop-erp-recensione\/#breadcrumb","itemListElement":[{"@type":"ListItem","position":1,"name":"Home","item":"https:\/\/www.accuratereviews.com\/it\/"},{"@type":"ListItem","position":2,"name":"ERP Software","item":"https:\/\/www.accuratereviews.com\/it\/software-erp-lista-software\/"},{"@type":"ListItem","position":3,"name":"ProShop ERP"}]},{"@type":"WebSite","@id":"https:\/\/www.accuratereviews.com\/it\/#website","url":"https:\/\/www.accuratereviews.com\/it\/","name":"Accurate Reviews","description":"","potentialAction":[{"@type":"SearchAction","target":{"@type":"EntryPoint","urlTemplate":"https:\/\/www.accuratereviews.com\/it\/?s={search_term_string}"},"query-input":{"@type":"PropertyValueSpecification","valueRequired":true,"valueName":"search_term_string"}}],"inLanguage":"it-IT"}]}},"_links":{"self":[{"href":"https:\/\/www.accuratereviews.com\/it\/wp-json\/wp\/v2\/pages\/22258","targetHints":{"allow":["GET"]}}],"collection":[{"href":"https:\/\/www.accuratereviews.com\/it\/wp-json\/wp\/v2\/pages"}],"about":[{"href":"https:\/\/www.accuratereviews.com\/it\/wp-json\/wp\/v2\/types\/page"}],"author":[{"embeddable":true,"href":"https:\/\/www.accuratereviews.com\/it\/wp-json\/wp\/v2\/users\/17"}],"replies":[{"embeddable":true,"href":"https:\/\/www.accuratereviews.com\/it\/wp-json\/wp\/v2\/comments?post=22258"}],"version-history":[{"count":5,"href":"https:\/\/www.accuratereviews.com\/it\/wp-json\/wp\/v2\/pages\/22258\/revisions"}],"predecessor-version":[{"id":22298,"href":"https:\/\/www.accuratereviews.com\/it\/wp-json\/wp\/v2\/pages\/22258\/revisions\/22298"}],"up":[{"embeddable":true,"href":"https:\/\/www.accuratereviews.com\/it\/wp-json\/wp\/v2\/pages\/22029"}],"wp:featuredmedia":[{"embeddable":true,"href":"https:\/\/www.accuratereviews.com\/it\/wp-json\/wp\/v2\/media\/22262"}],"wp:attachment":[{"href":"https:\/\/www.accuratereviews.com\/it\/wp-json\/wp\/v2\/media?parent=22258"}],"wp:term":[{"taxonomy":"category","embeddable":true,"href":"https:\/\/www.accuratereviews.com\/it\/wp-json\/wp\/v2\/categories?post=22258"},{"taxonomy":"post_tag","embeddable":true,"href":"https:\/\/www.accuratereviews.com\/it\/wp-json\/wp\/v2\/tags?post=22258"},{"taxonomy":"features","embeddable":true,"href":"https:\/\/www.accuratereviews.com\/it\/wp-json\/wp\/v2\/features?post=22258"}],"curies":[{"name":"wp","href":"https:\/\/api.w.org\/{rel}","templated":true}]}}