{"id":22280,"date":"2020-01-20T13:43:19","date_gmt":"2020-01-20T13:43:19","guid":{"rendered":"https:\/\/www.accuratereviews.com\/?page_id=22280"},"modified":"2021-05-04T14:51:17","modified_gmt":"2021-05-04T14:51:17","slug":"cetec-erp-recensione","status":"publish","type":"page","link":"https:\/\/www.accuratereviews.com\/it\/software-erp-lista-software\/cetec-erp-recensione\/","title":{"rendered":"Cetec ERP"},"content":{"rendered":"<p><strong>Cetec ERP<\/strong> \u00e8 un<strong> software ERP<\/strong> all-in-one all&#8217;avanguardia e completamente<strong> basato su cloud<\/strong> progettato per essere economico per le imprese di piccole e medie dimensioni. Fornisce strumenti e funzionalit\u00e0 che coprono ogni aspetto delle tue operazioni dalle vendite e preventivi alla produzione e spedizione. La soluzione offre anche un&#8217;interfaccia moderna e intuitiva, da cui \u00e8 possibile supervisionare e semplificare le attivit\u00e0 che consentono di soddisfare i i clienti. Hai\u00a0 la possibilit\u00e0 di lavorare ovunque, visto la sua natura nativa nel<strong> cloud<\/strong>, tu e i tuoi dipendenti potete scaricare il software sui browser Web su laptop e tablet, consentendo il lavoro in remoto.<\/p>\n<h2>CETEC ERP &#8211; TUTORIAL<\/h2>\n<p>Scopriamo in 7 minuti le principali funzioni di questo <strong>software ERP:<\/strong><\/p>\n<div id=\"fluid-wrapper-counter-1\" class=\"g1-fluid-wrapper \" style=\"width:686px;\">\n<div style=\"padding-bottom:56.268221574344%;\"><iframe loading=\"lazy\" title=\"Cetec ERP Product Tour\" width=\"686\" height=\"386\" src=\"https:\/\/www.youtube.com\/embed\/fLtS0n_9CdY?feature=oembed&amp;wmode=transparent&amp;autohide=1&amp;autoplay=0&amp;disablekb=0&amp;fs=1&amp;loop=0&amp;enablejsapi=1&amp;rel=0&amp;controls=2&amp;showinfo=0&amp;wmode=transparent&amp;autohide=2&amp;autoplay=0&amp;disablekb=0&amp;fs=1&amp;loop=0&amp;enablejsapi=1&amp;rel=0&amp;controls=2&amp;showinfo=1\" frameborder=\"0\" allow=\"accelerometer; autoplay; encrypted-media; gyroscope; picture-in-picture\" allowfullscreen><\/iframe><\/div>\n<\/div>\n<h3>CETEC ERP &#8211; CARATTERISTICHE<\/h3>\n<ul>\n<li><strong>CRM e gestione delle vendite:<\/strong> il CRM e la funzionalit\u00e0 di gestione delle vendite sono completamente integrati, quindi non vi \u00e8 alcuna immissione di dati duplicata, nessuna difficolt\u00e0 di integrazione e nessun costo aggiuntivo<\/li>\n<li><strong>Quotazioni di produzione e valutazione dei lavori<\/strong>: il preventivo di produzione e la stima della distinta base aiutano il team di vendita a rimanere coerente e a lavorare in modo efficiente. I processi di vendita comprovati ti aiutano ad acquisire visibilit\u00e0 su metriche chiave come affari vinti o persi, prestazioni del personale di vendita, redditivit\u00e0 di ordini \/ articoli e altro ancora.<\/li>\n<li><strong>L&#8217;evasione degli ordini<\/strong>: la piattaforma di business potente e flessibile ti aiuta a soddisfare facilmente un&#8217;ampia variet\u00e0 di richieste dei clienti e \/ o dei prodotti interni. Traccia e evade gli ordini rapidamente. Offri un servizio clienti eccellente, automatizza le attivit\u00e0 noiose e organizza le spedizioni. Soddisfa una variet\u00e0 di richieste dei clienti e \/ o dei prodotti interni, tra cui MTO, ETO, CPQ, CTO, Build For Stock, Distribuzione di prodotti finiti, Distribuzione di materie prime, Sottoassiemi (Kan-Ban) e altro ancora.<\/li>\n<li><strong>Acquisti e MRP<\/strong>:\u00a0semplifica il processo di approvvigionamento, tagliando le complesse dipendenze delle catene di approvvigionamento e le esigenze di materiale per aiutarti ad acquistare strategicamente e ottimizzare il flusso di cassa.<\/li>\n<li><strong>Gestione delle scorte<\/strong>: affronta qualsiasi sfida di tracciamento dell&#8217;inventario, dagli ambienti ad alto mix \/ basso volume con migliaia di SKU di parti ai processori di metallo e plastica con requisiti di inventario dimensionale specifici.<\/li>\n<li><strong>Magazzino mobile<\/strong>:\u00a0Consentire ai team di aumentare la produttivit\u00e0 e gestire in modo efficiente qualsiasi volume di ricezione, allocazione del materiale e spedizione con scanner di codici a barre, stampanti e tablet.<\/li>\n<li><strong>Pianificazione e programmazione<\/strong>:\u00a0Rendi la pianificazione degli ordini pi\u00f9 semplici. Gli strumenti di gestione della produzione del programma ti aiutano a capire le complesse dipendenze di materiali e manodopera e anticipano meglio le esigenze dei clienti.<\/li>\n<li><strong>Assicurazione qualit\u00e0 e gestione ISO<\/strong>: integra il monitoraggio della qualit\u00e0 direttamente nel tuo sistema ERP, elimina gran parte dei documenti relativi alla qualit\u00e0 e soddisfa automaticamente i requisiti di audit ISO e relativi alla certificazione.<\/li>\n<li><strong>Contabilit\u00e0 completamente integrata per la produzione<\/strong>: collega le tue operazioni di produzione direttamente ai tuoi processi contabili e traccia le transazioni in modo granulare, che vengono registrate nel libro mastro in tempo reale mentre vengono elaborate nel sistema.<\/li>\n<li><strong>Portale clienti<\/strong>: i\u00a0portali dei clienti sono progettati per migliorare la collaborazione e la comunicazione tra i servizi e i reparti vendite e i clienti.<\/li>\n<\/ul>\n<h4>LE RECENSIONI DEGLI UTENTI<\/h4>\n<h4>Susan D. &#8220;Cetec &#8211; un prodotto molto robusto&#8221;.<\/h4>\n<p><strong>Commenti<\/strong>: Cetec \u00e8 un software completo e robusto che incontra i bisogni del cliente dalla creazione di preventivi \/ approvvigionamento \/ gestione ordini \/ gestione parti \/ produzione \/ contabilit\u00e0, tracciabilit\u00e0 e altro. Siamo molto felici di utilizzare Cetec.<\/p>\n<p><strong>Vantaggi<\/strong>: Il team del servizio clienti \u00e8 molto responsabile e molto competenti a rispondere alle vostre domande. Offrono opzioni e procedure in modo che puoi continuare a imparare \u00a0a utilizzare le funzioni del software per soddisfare le vostre esigenze. Secondo questo, questo software \u00e8 eccellente per fornire la tracciabilit\u00e0 di cui abbiamo bisogno in quanto siamo un&#8217;organizzazione conforme sostenuta.<\/p>\n<p><strong>Inconvenienti<\/strong>: Risparmierie tempo se si potesse inserire 1 pezzo di informazion che possono essere applicati a pi\u00f9 linee di un ordine.<\/p>\n<h4>Leo M. &#8220;ERP che soddisfa i nostri bisogni&#8221;.<\/h4>\n<p><strong>Commenti<\/strong>: Per esigenze ERP, questo \u00e8 per te.<\/p>\n<p><strong>Vantaggi<\/strong>: Utilizzando questo software, ha reso l&#8217;ordine e la spedizione dei prodotti molto agevoli. In effetti ha soddisfatto le nostre aspettative. Anche l&#8217;assistenza clienti \u00e8 eccezionale.<\/p>\n<p><strong>Inconvenienti<\/strong>: il software tende a diventare lento a volte e un po &#8216;molto difficile da usare.<\/p>\n<h4>Farman A. &#8220;Ho avuto una grande esperienza sull&#8217;architettura e sulla tecnologia dell&#8217;arte per fare affari&#8221;<\/h4>\n<p><strong>Vantaggi<\/strong>: l&#8217;architettura \u00e8 buona.\u00a0I moduli sono soddisfacenti.\u00a0Facilit\u00e0 di utilizzo. Approccio immediato<\/p>\n<p><strong>Inconvenienti<\/strong>: alcune cose vaghe giungono al termine della segnalazione e il prodotto complessivo \u00e8 necessario per essere aggiornato dalle esigenze future.<\/p>\n","protected":false},"excerpt":{"rendered":"<p>Cetec ERP \u00e8 un software ERP all-in-one all&#8217;avanguardia e completamente basato su cloud progettato per essere economico per le imprese di piccole e medie dimensioni. Fornisce strumenti e funzionalit\u00e0 che coprono ogni aspetto delle tue operazioni dalle vendite e preventivi alla produzione e spedizione.<\/p>\n","protected":false},"author":19,"featured_media":22281,"parent":22029,"menu_order":0,"comment_status":"open","ping_status":"closed","template":"g1_template_page_review_new.php","meta":{"_acf_changed":false,"cwp_meta_box_check":"Yes","cwp_rev_product_name":"","cwp_rev_product_image":"","wppr_links":[],"cwp_rev_price":"","wppr_options":[],"wppr_pros":[],"wppr_cons":[],"_monsterinsights_skip_tracking":false,"_monsterinsights_sitenote_active":false,"_monsterinsights_sitenote_note":"","_monsterinsights_sitenote_category":0,"footnotes":""},"categories":[120,1654],"tags":[1693,1664,1663,1671,418,923,1667],"features":[],"class_list":{"0":"post-22280","1":"page","2":"type-page","3":"status-publish","4":"has-post-thumbnail","6":"category-crm-it","7":"category-enterprise-resource-planning-software-erp","8":"tag-cetec-erp","9":"tag-enterprise-resource-planning","10":"tag-erp","11":"tag-programma-erp","12":"tag-software-crm","13":"tag-software-erp","14":"tag-soluzione-erp"},"wppr_data":{"cwp_meta_box_check":"Yes","cwp_rev_product_name":"","cwp_rev_product_image":"","cwp_image_link":"image","cwp_rev_price":"","wppr_rating":"0.00"},"acf":[],"yoast_head":"<!-- This site is optimized with the Yoast SEO plugin v27.4 - https:\/\/yoast.com\/product\/yoast-seo-wordpress\/ -->\n<title>Cetec ERP: recensione software ERP - Accurate Reviews<\/title>\n<meta name=\"description\" content=\"Cetec ERP: recensione software ERP all-in-one all&#039;avanguardia e completamente basato su cloud progettato le imprese di piccole e medie dimensioni.\" \/>\n<meta name=\"robots\" content=\"index, follow, max-snippet:-1, max-image-preview:large, max-video-preview:-1\" \/>\n<link rel=\"canonical\" href=\"https:\/\/www.accuratereviews.com\/it\/software-erp-lista-software\/cetec-erp-recensione\/\" \/>\n<meta property=\"og:locale\" content=\"it_IT\" \/>\n<meta property=\"og:type\" content=\"article\" \/>\n<meta property=\"og:title\" content=\"Cetec ERP: recensione software ERP - Accurate Reviews\" \/>\n<meta property=\"og:description\" content=\"Cetec ERP: recensione software ERP all-in-one all&#039;avanguardia e completamente basato su cloud progettato le imprese di piccole e medie dimensioni.\" \/>\n<meta property=\"og:url\" content=\"https:\/\/www.accuratereviews.com\/it\/software-erp-lista-software\/cetec-erp-recensione\/\" \/>\n<meta property=\"og:site_name\" content=\"Accurate Reviews\" \/>\n<meta property=\"article:modified_time\" content=\"2021-05-04T14:51:17+00:00\" \/>\n<meta property=\"og:image\" content=\"https:\/\/www.accuratereviews.com\/wp-content\/uploads\/2020\/01\/cetec-erp.jpg\" \/>\n\t<meta property=\"og:image:width\" content=\"512\" \/>\n\t<meta property=\"og:image:height\" content=\"512\" \/>\n\t<meta property=\"og:image:type\" content=\"image\/jpeg\" \/>\n<meta name=\"twitter:card\" content=\"summary_large_image\" \/>\n<meta name=\"twitter:label1\" content=\"Tempo di lettura stimato\" \/>\n\t<meta name=\"twitter:data1\" content=\"4 minuti\" \/>\n<script type=\"application\/ld+json\" class=\"yoast-schema-graph\">{\"@context\":\"https:\\\/\\\/schema.org\",\"@graph\":[{\"@type\":\"WebPage\",\"@id\":\"https:\\\/\\\/www.accuratereviews.com\\\/it\\\/software-erp-lista-software\\\/cetec-erp-recensione\\\/\",\"url\":\"https:\\\/\\\/www.accuratereviews.com\\\/it\\\/software-erp-lista-software\\\/cetec-erp-recensione\\\/\",\"name\":\"Cetec ERP: recensione software ERP - Accurate Reviews\",\"isPartOf\":{\"@id\":\"https:\\\/\\\/www.accuratereviews.com\\\/it\\\/#website\"},\"primaryImageOfPage\":{\"@id\":\"https:\\\/\\\/www.accuratereviews.com\\\/it\\\/software-erp-lista-software\\\/cetec-erp-recensione\\\/#primaryimage\"},\"image\":{\"@id\":\"https:\\\/\\\/www.accuratereviews.com\\\/it\\\/software-erp-lista-software\\\/cetec-erp-recensione\\\/#primaryimage\"},\"thumbnailUrl\":\"https:\\\/\\\/www.accuratereviews.com\\\/wp-content\\\/uploads\\\/2020\\\/01\\\/cetec-erp.jpg\",\"datePublished\":\"2020-01-20T13:43:19+00:00\",\"dateModified\":\"2021-05-04T14:51:17+00:00\",\"description\":\"Cetec ERP: recensione software ERP all-in-one all'avanguardia e completamente basato su cloud progettato le imprese di piccole e medie dimensioni.\",\"breadcrumb\":{\"@id\":\"https:\\\/\\\/www.accuratereviews.com\\\/it\\\/software-erp-lista-software\\\/cetec-erp-recensione\\\/#breadcrumb\"},\"inLanguage\":\"it-IT\",\"potentialAction\":[{\"@type\":\"ReadAction\",\"target\":[\"https:\\\/\\\/www.accuratereviews.com\\\/it\\\/software-erp-lista-software\\\/cetec-erp-recensione\\\/\"]}]},{\"@type\":\"ImageObject\",\"inLanguage\":\"it-IT\",\"@id\":\"https:\\\/\\\/www.accuratereviews.com\\\/it\\\/software-erp-lista-software\\\/cetec-erp-recensione\\\/#primaryimage\",\"url\":\"https:\\\/\\\/www.accuratereviews.com\\\/wp-content\\\/uploads\\\/2020\\\/01\\\/cetec-erp.jpg\",\"contentUrl\":\"https:\\\/\\\/www.accuratereviews.com\\\/wp-content\\\/uploads\\\/2020\\\/01\\\/cetec-erp.jpg\",\"width\":512,\"height\":512},{\"@type\":\"BreadcrumbList\",\"@id\":\"https:\\\/\\\/www.accuratereviews.com\\\/it\\\/software-erp-lista-software\\\/cetec-erp-recensione\\\/#breadcrumb\",\"itemListElement\":[{\"@type\":\"ListItem\",\"position\":1,\"name\":\"Home\",\"item\":\"https:\\\/\\\/www.accuratereviews.com\\\/it\\\/\"},{\"@type\":\"ListItem\",\"position\":2,\"name\":\"ERP Software\",\"item\":\"https:\\\/\\\/www.accuratereviews.com\\\/it\\\/software-erp-lista-software\\\/\"},{\"@type\":\"ListItem\",\"position\":3,\"name\":\"Cetec ERP\"}]},{\"@type\":\"WebSite\",\"@id\":\"https:\\\/\\\/www.accuratereviews.com\\\/it\\\/#website\",\"url\":\"https:\\\/\\\/www.accuratereviews.com\\\/it\\\/\",\"name\":\"Accurate Reviews\",\"description\":\"\",\"potentialAction\":[{\"@type\":\"SearchAction\",\"target\":{\"@type\":\"EntryPoint\",\"urlTemplate\":\"https:\\\/\\\/www.accuratereviews.com\\\/it\\\/?s={search_term_string}\"},\"query-input\":{\"@type\":\"PropertyValueSpecification\",\"valueRequired\":true,\"valueName\":\"search_term_string\"}}],\"inLanguage\":\"it-IT\"}]}<\/script>\n<!-- \/ Yoast SEO plugin. -->","yoast_head_json":{"title":"Cetec ERP: recensione software ERP - Accurate Reviews","description":"Cetec ERP: recensione software ERP all-in-one all'avanguardia e completamente basato su cloud progettato le imprese di piccole e medie dimensioni.","robots":{"index":"index","follow":"follow","max-snippet":"max-snippet:-1","max-image-preview":"max-image-preview:large","max-video-preview":"max-video-preview:-1"},"canonical":"https:\/\/www.accuratereviews.com\/it\/software-erp-lista-software\/cetec-erp-recensione\/","og_locale":"it_IT","og_type":"article","og_title":"Cetec ERP: recensione software ERP - Accurate Reviews","og_description":"Cetec ERP: recensione software ERP all-in-one all'avanguardia e completamente basato su cloud progettato le imprese di piccole e medie dimensioni.","og_url":"https:\/\/www.accuratereviews.com\/it\/software-erp-lista-software\/cetec-erp-recensione\/","og_site_name":"Accurate Reviews","article_modified_time":"2021-05-04T14:51:17+00:00","og_image":[{"width":512,"height":512,"url":"https:\/\/www.accuratereviews.com\/wp-content\/uploads\/2020\/01\/cetec-erp.jpg","type":"image\/jpeg"}],"twitter_card":"summary_large_image","twitter_misc":{"Tempo di lettura stimato":"4 minuti"},"schema":{"@context":"https:\/\/schema.org","@graph":[{"@type":"WebPage","@id":"https:\/\/www.accuratereviews.com\/it\/software-erp-lista-software\/cetec-erp-recensione\/","url":"https:\/\/www.accuratereviews.com\/it\/software-erp-lista-software\/cetec-erp-recensione\/","name":"Cetec ERP: recensione software ERP - Accurate Reviews","isPartOf":{"@id":"https:\/\/www.accuratereviews.com\/it\/#website"},"primaryImageOfPage":{"@id":"https:\/\/www.accuratereviews.com\/it\/software-erp-lista-software\/cetec-erp-recensione\/#primaryimage"},"image":{"@id":"https:\/\/www.accuratereviews.com\/it\/software-erp-lista-software\/cetec-erp-recensione\/#primaryimage"},"thumbnailUrl":"https:\/\/www.accuratereviews.com\/wp-content\/uploads\/2020\/01\/cetec-erp.jpg","datePublished":"2020-01-20T13:43:19+00:00","dateModified":"2021-05-04T14:51:17+00:00","description":"Cetec ERP: recensione software ERP all-in-one all'avanguardia e completamente basato su cloud progettato le imprese di piccole e medie dimensioni.","breadcrumb":{"@id":"https:\/\/www.accuratereviews.com\/it\/software-erp-lista-software\/cetec-erp-recensione\/#breadcrumb"},"inLanguage":"it-IT","potentialAction":[{"@type":"ReadAction","target":["https:\/\/www.accuratereviews.com\/it\/software-erp-lista-software\/cetec-erp-recensione\/"]}]},{"@type":"ImageObject","inLanguage":"it-IT","@id":"https:\/\/www.accuratereviews.com\/it\/software-erp-lista-software\/cetec-erp-recensione\/#primaryimage","url":"https:\/\/www.accuratereviews.com\/wp-content\/uploads\/2020\/01\/cetec-erp.jpg","contentUrl":"https:\/\/www.accuratereviews.com\/wp-content\/uploads\/2020\/01\/cetec-erp.jpg","width":512,"height":512},{"@type":"BreadcrumbList","@id":"https:\/\/www.accuratereviews.com\/it\/software-erp-lista-software\/cetec-erp-recensione\/#breadcrumb","itemListElement":[{"@type":"ListItem","position":1,"name":"Home","item":"https:\/\/www.accuratereviews.com\/it\/"},{"@type":"ListItem","position":2,"name":"ERP Software","item":"https:\/\/www.accuratereviews.com\/it\/software-erp-lista-software\/"},{"@type":"ListItem","position":3,"name":"Cetec ERP"}]},{"@type":"WebSite","@id":"https:\/\/www.accuratereviews.com\/it\/#website","url":"https:\/\/www.accuratereviews.com\/it\/","name":"Accurate Reviews","description":"","potentialAction":[{"@type":"SearchAction","target":{"@type":"EntryPoint","urlTemplate":"https:\/\/www.accuratereviews.com\/it\/?s={search_term_string}"},"query-input":{"@type":"PropertyValueSpecification","valueRequired":true,"valueName":"search_term_string"}}],"inLanguage":"it-IT"}]}},"_links":{"self":[{"href":"https:\/\/www.accuratereviews.com\/it\/wp-json\/wp\/v2\/pages\/22280","targetHints":{"allow":["GET"]}}],"collection":[{"href":"https:\/\/www.accuratereviews.com\/it\/wp-json\/wp\/v2\/pages"}],"about":[{"href":"https:\/\/www.accuratereviews.com\/it\/wp-json\/wp\/v2\/types\/page"}],"author":[{"embeddable":true,"href":"https:\/\/www.accuratereviews.com\/it\/wp-json\/wp\/v2\/users\/19"}],"replies":[{"embeddable":true,"href":"https:\/\/www.accuratereviews.com\/it\/wp-json\/wp\/v2\/comments?post=22280"}],"version-history":[{"count":9,"href":"https:\/\/www.accuratereviews.com\/it\/wp-json\/wp\/v2\/pages\/22280\/revisions"}],"predecessor-version":[{"id":41836,"href":"https:\/\/www.accuratereviews.com\/it\/wp-json\/wp\/v2\/pages\/22280\/revisions\/41836"}],"up":[{"embeddable":true,"href":"https:\/\/www.accuratereviews.com\/it\/wp-json\/wp\/v2\/pages\/22029"}],"wp:featuredmedia":[{"embeddable":true,"href":"https:\/\/www.accuratereviews.com\/it\/wp-json\/wp\/v2\/media\/22281"}],"wp:attachment":[{"href":"https:\/\/www.accuratereviews.com\/it\/wp-json\/wp\/v2\/media?parent=22280"}],"wp:term":[{"taxonomy":"category","embeddable":true,"href":"https:\/\/www.accuratereviews.com\/it\/wp-json\/wp\/v2\/categories?post=22280"},{"taxonomy":"post_tag","embeddable":true,"href":"https:\/\/www.accuratereviews.com\/it\/wp-json\/wp\/v2\/tags?post=22280"},{"taxonomy":"features","embeddable":true,"href":"https:\/\/www.accuratereviews.com\/it\/wp-json\/wp\/v2\/features?post=22280"}],"curies":[{"name":"wp","href":"https:\/\/api.w.org\/{rel}","templated":true}]}}