{"id":22289,"date":"2020-01-19T20:24:53","date_gmt":"2020-01-19T20:24:53","guid":{"rendered":"https:\/\/www.accuratereviews.com\/?page_id=22289"},"modified":"2021-05-10T14:07:21","modified_gmt":"2021-05-10T14:07:21","slug":"abas-erp-recensione","status":"publish","type":"page","link":"https:\/\/www.accuratereviews.com\/it\/software-erp-lista-software\/abas-erp-recensione\/","title":{"rendered":"Abas ERP"},"content":{"rendered":"<p><strong>Abas ERP<\/strong> offre una <strong>soluzione ERP<\/strong> su misura per tutti i settori poich\u00e9 conosce le specifiche esigenze settoriali. Si tratta di un software che pu\u00f2 contare sul know-how di esperti che lavorano in 29 stati differenti per garantire un servizio affidabile e davvero completo di tutto. Ideale per le <strong>piccole e medie imprese<\/strong>, Abas ERP si impegna a ottimizzare ogni processo aziendale in modo tale da far risparmiare tempo ed energie. \u00c8 flessibile, espandibile e garantisce<strong> soluzioni di hosting cloud e on-premise<\/strong>, con reporting, flusso di lavoro ed <strong>ERP mobile<\/strong> per l&#8217;intera organizzazione, tra cui gestione, finanza, acquisti, vendite, servizi, contabilit\u00e0, produzione e deposito.<\/p>\n<h2>ABAS ERP &#8211; TUTORIAL<\/h2>\n<p>Ecco un video tutorial che ci mostra come funziona Abas ERP:<\/p>\n<div id=\"fluid-wrapper-counter-1\" class=\"g1-fluid-wrapper \" style=\"width:686px;\">\n<div style=\"padding-bottom:56.268221574344%;\"><iframe loading=\"lazy\" title=\"abas ERP demo video\" width=\"686\" height=\"386\" src=\"https:\/\/www.youtube.com\/embed\/MvTJe2UW0LI?feature=oembed&amp;wmode=transparent&amp;autohide=1&amp;autoplay=0&amp;disablekb=0&amp;fs=1&amp;loop=0&amp;enablejsapi=1&amp;rel=0&amp;controls=2&amp;showinfo=0&amp;wmode=transparent&amp;autohide=2&amp;autoplay=0&amp;disablekb=0&amp;fs=1&amp;loop=0&amp;enablejsapi=1&amp;rel=0&amp;controls=2&amp;showinfo=1\" frameborder=\"0\" allow=\"accelerometer; autoplay; clipboard-write; encrypted-media; gyroscope; picture-in-picture\" allowfullscreen><\/iframe><\/div>\n<\/div>\n<h3>ABAS ERP &#8211; CARATTERISTICHE<\/h3>\n<p>Diamo un&#8217;occhiata alle sue caratteristiche principali:<\/p>\n<ul>\n<li>Gestione delle vendite e gestione delle relazioni con i clienti (CRM)<\/li>\n<li>Programmazione e pianificazione avanzata<\/li>\n<li>Gestione degli acquisti<\/li>\n<li>Controllo e programmazione della produzione (PPC)<\/li>\n<li>Gestione dei materiali<\/li>\n<li>Elaborazione del servizio<\/li>\n<li>Gestione delle finanze e contabilit\u00e0<\/li>\n<li>Business Intelligence e Analisi<\/li>\n<li>Gestione documentale<\/li>\n<li>Processi mobili quando non siete in ufficio<\/li>\n<li>EDI e Logistica ad alte prestazioni<\/li>\n<li>Gestione dei flussi di lavoro e controllo del processo<\/li>\n<li>Multi-sede<\/li>\n<li>Gestione dei progetti<\/li>\n<\/ul>\n<h3>LE RECENSIONI DEGLI UTENTI<\/h3>\n<p><strong>&#8220;ABAS-Parte della famiglia&#8221;<\/strong><br \/>\nPRO: Questo software ERP \u00e8 molto flessibile e personalizzabile per soddisfare le nostre esigenze. Contiene anche molte funzionalit\u00e0 &#8220;all&#8217;avanguardia&#8221; come l&#8217;integrazione con il software di progettazione ingegneristica Solid Works, e-business, gestione dei documenti e app aziendali che molti degli altri non avevano o erano &#8220;imbullonati&#8221; su componenti aggiuntivi di terze parti. Lavorando con ABAS attraverso l&#8217;installazione e il supporto continuo, devo dire che la sensazione che facciamo parte della &#8220;famiglia&#8221; \u00e8 ci\u00f2 che mi piace di pi\u00f9 di questo fornitore. Prendono il tempo per ascoltare ci\u00f2 che stai cercando di realizzare e lavorare con te per risolvere tutti i tuoi problemi mantenendo un atteggiamento positivo.<br \/>\nCONTRO: il codice sorgente \u00e8 in tedesco. Sebbene ci\u00f2 non influisca sull&#8217;utente medio poich\u00e9 tutte le schermate sono tradotte nella lingua madre, ci\u00f2 rende un po&#8217; pi\u00f9 difficile per gli utenti esperti che desiderano eseguire la propria programmazione o regolazioni delle schermate.<\/p>\n<p><strong>&#8220;Migliore flessibilit\u00e0 e funzionalit\u00e0 per i tuoi soldi!&#8221;<\/strong><br \/>\nIN GENERALE: Trust Automation utilizza abas ERP dal 2011 e sto lavorando alla costruzione di soluzioni personalizzate qui da 3 anni. Sono impressionato dalla capacit\u00e0 di abas ERP di permettermi facilmente di creare nuove funzionalit\u00e0 e migliorare i processi aziendali per aiutare i nostri utenti. I manuali di aiuto online sono stati tradotti in originale dal tedesco, ma li aggiornano continuamente per essere pi\u00f9 attuali e leggibili. Inoltre, sono usciti nuovi manuali di addestramento che sono molto facili da leggere e hanno esempi su cui lavorare. Sia abas USA che la societ\u00e0 madre abas AG stanno facendo un ottimo lavoro per innovare e apportare nuove funzionalit\u00e0 ed espansioni al prodotto. I servizi Web RESTful ora disponibili consentono tanta flessibilit\u00e0 nella visualizzazione dei dati e la possibilit\u00e0 di creare app Web interattive per dashboard.<br \/>\nPRO: facilit\u00e0 di estensione di nuove funzionalit\u00e0 al database.<\/p>\n<p><strong>&#8220;Migliore flessibilit\u00e0 disponibile nei sistemi ERP&#8221;<\/strong><br \/>\nIN GENERALE: \u00e8 bello avere una soluzione ERP che abbia cos\u00ec tante capacit\u00e0 di fornire soluzioni aziendali uniche. Il problema con la facilit\u00e0 d&#8217;uso \u00e8 il monitoraggio di queste modifiche e la creazione di ulteriori interventi di manutenzione e aggiornamento in futuro. Assicurati di controllare la funzionalit\u00e0 del prodotto principale prima di aggiungere soluzioni personalizzate, spesso puoi soddisfare le tue esigenze con solo un po &#8216;di formazione e piccole modifiche al tuo processo.<br \/>\nPRO: * Interfaccia altamente personalizzabile che consente di aggiungere funzionalit\u00e0 aggiuntive e migliorare l&#8217;esperienza degli utenti<br \/>\n* Linguaggio di programmazione facile da imparare<br \/>\n* Servizi web moderni disponibili per applicazioni basate sul web<br \/>\n* Funzionalit\u00e0 e flessibilit\u00e0 dei grandi provider ERP, senza costi elevati<br \/>\nCONTRO: * Il monitoraggio e l&#8217;aggiornamento delle soluzioni personalizzate non \u00e8 molto semplice<br \/>\n* La piccola base di utenti negli Stati Uniti rende difficile la collaborazione con altre aziende (questo sta migliorando)<\/p>\n","protected":false},"excerpt":{"rendered":"<p>Abas ERP offre una soluzione ERP su misura per tutti i settori poich\u00e9 conosce le specifiche esigenze settoriali. Si tratta di un software che pu\u00f2 contare sul know-how di esperti che lavorano in 29 stati differenti per garantire un servizio affidabile e davvero completo di tutto. Ideale per le piccole e medie imprese.<\/p>\n","protected":false},"author":17,"featured_media":22290,"parent":22029,"menu_order":0,"comment_status":"open","ping_status":"closed","template":"g1_template_page_review_new.php","meta":{"_acf_changed":false,"cwp_meta_box_check":"Yes","cwp_rev_product_name":"","cwp_rev_product_image":"","wppr_links":[],"cwp_rev_price":"","wppr_options":[],"wppr_pros":[],"wppr_cons":[],"_monsterinsights_skip_tracking":false,"_monsterinsights_sitenote_active":false,"_monsterinsights_sitenote_note":"","_monsterinsights_sitenote_category":0,"footnotes":""},"categories":[1654],"tags":[1664,1669,923,1667],"features":[],"class_list":{"0":"post-22289","1":"page","2":"type-page","3":"status-publish","4":"has-post-thumbnail","6":"category-enterprise-resource-planning-software-erp","7":"tag-enterprise-resource-planning","8":"tag-piattaforma-erp","9":"tag-software-erp","10":"tag-soluzione-erp"},"wppr_data":{"cwp_meta_box_check":"Yes","cwp_rev_product_name":"","cwp_rev_product_image":"","cwp_image_link":"image","cwp_rev_price":"","wppr_rating":"0.00"},"acf":[],"yoast_head":"<!-- This site is optimized with the Yoast SEO plugin v27.4 - https:\/\/yoast.com\/product\/yoast-seo-wordpress\/ -->\n<title>Abas ERP: recensione soluzione ERP - Accurate Reviews<\/title>\n<meta name=\"description\" content=\"Abas ERP: recensione della soluzione ERP progettata su misura per tutti i settori poich\u00e9 conosce le specifiche esigenze settoriali.\" \/>\n<meta name=\"robots\" content=\"index, follow, max-snippet:-1, max-image-preview:large, max-video-preview:-1\" \/>\n<link rel=\"canonical\" href=\"https:\/\/www.accuratereviews.com\/it\/software-erp-lista-software\/abas-erp-recensione\/\" \/>\n<meta property=\"og:locale\" content=\"it_IT\" \/>\n<meta property=\"og:type\" content=\"article\" \/>\n<meta property=\"og:title\" content=\"Abas ERP: recensione soluzione ERP - Accurate Reviews\" \/>\n<meta property=\"og:description\" content=\"Abas ERP: recensione della soluzione ERP progettata su misura per tutti i settori poich\u00e9 conosce le specifiche esigenze settoriali.\" \/>\n<meta property=\"og:url\" content=\"https:\/\/www.accuratereviews.com\/it\/software-erp-lista-software\/abas-erp-recensione\/\" \/>\n<meta property=\"og:site_name\" content=\"Accurate Reviews\" \/>\n<meta property=\"article:modified_time\" content=\"2021-05-10T14:07:21+00:00\" \/>\n<meta property=\"og:image\" content=\"https:\/\/www.accuratereviews.com\/wp-content\/uploads\/2020\/01\/Abas_ERP_logo.png\" \/>\n\t<meta property=\"og:image:width\" content=\"1279\" \/>\n\t<meta property=\"og:image:height\" content=\"299\" \/>\n\t<meta property=\"og:image:type\" content=\"image\/png\" \/>\n<meta name=\"twitter:card\" content=\"summary_large_image\" \/>\n<meta name=\"twitter:label1\" content=\"Tempo di lettura stimato\" \/>\n\t<meta name=\"twitter:data1\" content=\"3 minuti\" \/>\n<script type=\"application\/ld+json\" class=\"yoast-schema-graph\">{\"@context\":\"https:\\\/\\\/schema.org\",\"@graph\":[{\"@type\":\"WebPage\",\"@id\":\"https:\\\/\\\/www.accuratereviews.com\\\/it\\\/software-erp-lista-software\\\/abas-erp-recensione\\\/\",\"url\":\"https:\\\/\\\/www.accuratereviews.com\\\/it\\\/software-erp-lista-software\\\/abas-erp-recensione\\\/\",\"name\":\"Abas ERP: recensione soluzione ERP - Accurate Reviews\",\"isPartOf\":{\"@id\":\"https:\\\/\\\/www.accuratereviews.com\\\/it\\\/#website\"},\"primaryImageOfPage\":{\"@id\":\"https:\\\/\\\/www.accuratereviews.com\\\/it\\\/software-erp-lista-software\\\/abas-erp-recensione\\\/#primaryimage\"},\"image\":{\"@id\":\"https:\\\/\\\/www.accuratereviews.com\\\/it\\\/software-erp-lista-software\\\/abas-erp-recensione\\\/#primaryimage\"},\"thumbnailUrl\":\"https:\\\/\\\/www.accuratereviews.com\\\/wp-content\\\/uploads\\\/2020\\\/01\\\/Abas_ERP_logo.png\",\"datePublished\":\"2020-01-19T20:24:53+00:00\",\"dateModified\":\"2021-05-10T14:07:21+00:00\",\"description\":\"Abas ERP: recensione della soluzione ERP progettata su misura per tutti i settori poich\u00e9 conosce le specifiche esigenze settoriali.\",\"breadcrumb\":{\"@id\":\"https:\\\/\\\/www.accuratereviews.com\\\/it\\\/software-erp-lista-software\\\/abas-erp-recensione\\\/#breadcrumb\"},\"inLanguage\":\"it-IT\",\"potentialAction\":[{\"@type\":\"ReadAction\",\"target\":[\"https:\\\/\\\/www.accuratereviews.com\\\/it\\\/software-erp-lista-software\\\/abas-erp-recensione\\\/\"]}]},{\"@type\":\"ImageObject\",\"inLanguage\":\"it-IT\",\"@id\":\"https:\\\/\\\/www.accuratereviews.com\\\/it\\\/software-erp-lista-software\\\/abas-erp-recensione\\\/#primaryimage\",\"url\":\"https:\\\/\\\/www.accuratereviews.com\\\/wp-content\\\/uploads\\\/2020\\\/01\\\/Abas_ERP_logo.png\",\"contentUrl\":\"https:\\\/\\\/www.accuratereviews.com\\\/wp-content\\\/uploads\\\/2020\\\/01\\\/Abas_ERP_logo.png\",\"width\":1279,\"height\":299},{\"@type\":\"BreadcrumbList\",\"@id\":\"https:\\\/\\\/www.accuratereviews.com\\\/it\\\/software-erp-lista-software\\\/abas-erp-recensione\\\/#breadcrumb\",\"itemListElement\":[{\"@type\":\"ListItem\",\"position\":1,\"name\":\"Home\",\"item\":\"https:\\\/\\\/www.accuratereviews.com\\\/it\\\/\"},{\"@type\":\"ListItem\",\"position\":2,\"name\":\"ERP Software\",\"item\":\"https:\\\/\\\/www.accuratereviews.com\\\/it\\\/software-erp-lista-software\\\/\"},{\"@type\":\"ListItem\",\"position\":3,\"name\":\"Abas ERP\"}]},{\"@type\":\"WebSite\",\"@id\":\"https:\\\/\\\/www.accuratereviews.com\\\/it\\\/#website\",\"url\":\"https:\\\/\\\/www.accuratereviews.com\\\/it\\\/\",\"name\":\"Accurate Reviews\",\"description\":\"\",\"potentialAction\":[{\"@type\":\"SearchAction\",\"target\":{\"@type\":\"EntryPoint\",\"urlTemplate\":\"https:\\\/\\\/www.accuratereviews.com\\\/it\\\/?s={search_term_string}\"},\"query-input\":{\"@type\":\"PropertyValueSpecification\",\"valueRequired\":true,\"valueName\":\"search_term_string\"}}],\"inLanguage\":\"it-IT\"}]}<\/script>\n<!-- \/ Yoast SEO plugin. -->","yoast_head_json":{"title":"Abas ERP: recensione soluzione ERP - Accurate Reviews","description":"Abas ERP: recensione della soluzione ERP progettata su misura per tutti i settori poich\u00e9 conosce le specifiche esigenze settoriali.","robots":{"index":"index","follow":"follow","max-snippet":"max-snippet:-1","max-image-preview":"max-image-preview:large","max-video-preview":"max-video-preview:-1"},"canonical":"https:\/\/www.accuratereviews.com\/it\/software-erp-lista-software\/abas-erp-recensione\/","og_locale":"it_IT","og_type":"article","og_title":"Abas ERP: recensione soluzione ERP - Accurate Reviews","og_description":"Abas ERP: recensione della soluzione ERP progettata su misura per tutti i settori poich\u00e9 conosce le specifiche esigenze settoriali.","og_url":"https:\/\/www.accuratereviews.com\/it\/software-erp-lista-software\/abas-erp-recensione\/","og_site_name":"Accurate Reviews","article_modified_time":"2021-05-10T14:07:21+00:00","og_image":[{"width":1279,"height":299,"url":"https:\/\/www.accuratereviews.com\/wp-content\/uploads\/2020\/01\/Abas_ERP_logo.png","type":"image\/png"}],"twitter_card":"summary_large_image","twitter_misc":{"Tempo di lettura stimato":"3 minuti"},"schema":{"@context":"https:\/\/schema.org","@graph":[{"@type":"WebPage","@id":"https:\/\/www.accuratereviews.com\/it\/software-erp-lista-software\/abas-erp-recensione\/","url":"https:\/\/www.accuratereviews.com\/it\/software-erp-lista-software\/abas-erp-recensione\/","name":"Abas ERP: recensione soluzione ERP - Accurate Reviews","isPartOf":{"@id":"https:\/\/www.accuratereviews.com\/it\/#website"},"primaryImageOfPage":{"@id":"https:\/\/www.accuratereviews.com\/it\/software-erp-lista-software\/abas-erp-recensione\/#primaryimage"},"image":{"@id":"https:\/\/www.accuratereviews.com\/it\/software-erp-lista-software\/abas-erp-recensione\/#primaryimage"},"thumbnailUrl":"https:\/\/www.accuratereviews.com\/wp-content\/uploads\/2020\/01\/Abas_ERP_logo.png","datePublished":"2020-01-19T20:24:53+00:00","dateModified":"2021-05-10T14:07:21+00:00","description":"Abas ERP: recensione della soluzione ERP progettata su misura per tutti i settori poich\u00e9 conosce le specifiche esigenze settoriali.","breadcrumb":{"@id":"https:\/\/www.accuratereviews.com\/it\/software-erp-lista-software\/abas-erp-recensione\/#breadcrumb"},"inLanguage":"it-IT","potentialAction":[{"@type":"ReadAction","target":["https:\/\/www.accuratereviews.com\/it\/software-erp-lista-software\/abas-erp-recensione\/"]}]},{"@type":"ImageObject","inLanguage":"it-IT","@id":"https:\/\/www.accuratereviews.com\/it\/software-erp-lista-software\/abas-erp-recensione\/#primaryimage","url":"https:\/\/www.accuratereviews.com\/wp-content\/uploads\/2020\/01\/Abas_ERP_logo.png","contentUrl":"https:\/\/www.accuratereviews.com\/wp-content\/uploads\/2020\/01\/Abas_ERP_logo.png","width":1279,"height":299},{"@type":"BreadcrumbList","@id":"https:\/\/www.accuratereviews.com\/it\/software-erp-lista-software\/abas-erp-recensione\/#breadcrumb","itemListElement":[{"@type":"ListItem","position":1,"name":"Home","item":"https:\/\/www.accuratereviews.com\/it\/"},{"@type":"ListItem","position":2,"name":"ERP Software","item":"https:\/\/www.accuratereviews.com\/it\/software-erp-lista-software\/"},{"@type":"ListItem","position":3,"name":"Abas ERP"}]},{"@type":"WebSite","@id":"https:\/\/www.accuratereviews.com\/it\/#website","url":"https:\/\/www.accuratereviews.com\/it\/","name":"Accurate Reviews","description":"","potentialAction":[{"@type":"SearchAction","target":{"@type":"EntryPoint","urlTemplate":"https:\/\/www.accuratereviews.com\/it\/?s={search_term_string}"},"query-input":{"@type":"PropertyValueSpecification","valueRequired":true,"valueName":"search_term_string"}}],"inLanguage":"it-IT"}]}},"_links":{"self":[{"href":"https:\/\/www.accuratereviews.com\/it\/wp-json\/wp\/v2\/pages\/22289","targetHints":{"allow":["GET"]}}],"collection":[{"href":"https:\/\/www.accuratereviews.com\/it\/wp-json\/wp\/v2\/pages"}],"about":[{"href":"https:\/\/www.accuratereviews.com\/it\/wp-json\/wp\/v2\/types\/page"}],"author":[{"embeddable":true,"href":"https:\/\/www.accuratereviews.com\/it\/wp-json\/wp\/v2\/users\/17"}],"replies":[{"embeddable":true,"href":"https:\/\/www.accuratereviews.com\/it\/wp-json\/wp\/v2\/comments?post=22289"}],"version-history":[{"count":4,"href":"https:\/\/www.accuratereviews.com\/it\/wp-json\/wp\/v2\/pages\/22289\/revisions"}],"predecessor-version":[{"id":42377,"href":"https:\/\/www.accuratereviews.com\/it\/wp-json\/wp\/v2\/pages\/22289\/revisions\/42377"}],"up":[{"embeddable":true,"href":"https:\/\/www.accuratereviews.com\/it\/wp-json\/wp\/v2\/pages\/22029"}],"wp:featuredmedia":[{"embeddable":true,"href":"https:\/\/www.accuratereviews.com\/it\/wp-json\/wp\/v2\/media\/22290"}],"wp:attachment":[{"href":"https:\/\/www.accuratereviews.com\/it\/wp-json\/wp\/v2\/media?parent=22289"}],"wp:term":[{"taxonomy":"category","embeddable":true,"href":"https:\/\/www.accuratereviews.com\/it\/wp-json\/wp\/v2\/categories?post=22289"},{"taxonomy":"post_tag","embeddable":true,"href":"https:\/\/www.accuratereviews.com\/it\/wp-json\/wp\/v2\/tags?post=22289"},{"taxonomy":"features","embeddable":true,"href":"https:\/\/www.accuratereviews.com\/it\/wp-json\/wp\/v2\/features?post=22289"}],"curies":[{"name":"wp","href":"https:\/\/api.w.org\/{rel}","templated":true}]}}