{"id":22300,"date":"2020-01-20T08:53:29","date_gmt":"2020-01-20T08:53:29","guid":{"rendered":"https:\/\/www.accuratereviews.com\/?page_id=22300"},"modified":"2020-01-20T08:53:29","modified_gmt":"2020-01-20T08:53:29","slug":"oracle-erp-cloud-recensione","status":"publish","type":"page","link":"https:\/\/www.accuratereviews.com\/it\/software-erp-lista-software\/oracle-erp-cloud-recensione\/","title":{"rendered":"Oracle ERP Cloud"},"content":{"rendered":"<p><strong>Oracle ERP Cloud<\/strong> \u00e8 una <strong>soluzione di pianificazione delle risorse aziendali<\/strong> progettata per organizzazioni di qualsiasi dimensione con l&#8217;obiettivo di migliorarne la produttivit\u00e0 e promuovere l&#8217;<strong>eccellenza operativa<\/strong> ottimizzando i processi e le attivit\u00e0 che normalmente richiedono tempi lunghi, costi elevati e anche fatica. In questo modo potrai concentrarti e dedicarti completamente a <strong>iniziative strategiche che ti permetteranno di far crescere il tuo business<\/strong>. Si tratta di un <strong>programma ERP end-to-end<\/strong> davvero innovativo, basato sul cloud, semplice da usare e anche scalabile in modo tale che possano essere automatizzate tutte le aree di progetto: dalla pianificazione del progetto all&#8217;approvvigionamento al ciclo di vita del prodotto, agli aspetti finanziari alla gestione dei rischi e al sistemo reportistico.<\/p>\n<h2>COME FUNZIONA ORACLE ERP CLOUD &#8211; TUTORIAL<\/h2>\n<p>Ecco un video tutorial che ci mostra come funziona Oracle ERP:<\/p>\n<div id=\"fluid-wrapper-counter-1\" class=\"g1-fluid-wrapper \" style=\"width:686px;\">\n<div style=\"padding-bottom:56.268221574344%;\"><iframe loading=\"lazy\" title=\"Introduction to ERP Oracle Financials\" width=\"686\" height=\"386\" src=\"https:\/\/www.youtube.com\/embed\/ac2F-kQYUDo?feature=oembed&amp;wmode=transparent&amp;autohide=1&amp;autoplay=0&amp;disablekb=0&amp;fs=1&amp;loop=0&amp;enablejsapi=1&amp;rel=0&amp;controls=2&amp;showinfo=0&amp;wmode=transparent&amp;autohide=2&amp;autoplay=0&amp;disablekb=0&amp;fs=1&amp;loop=0&amp;enablejsapi=1&amp;rel=0&amp;controls=2&amp;showinfo=1\" frameborder=\"0\" allow=\"accelerometer; autoplay; encrypted-media; gyroscope; picture-in-picture\" allowfullscreen><\/iframe><\/div>\n<\/div>\n<h3>ORACLE ERP CLOUD &#8211; CARATTERISTICHE<\/h3>\n<p>Di seguito possiamo vedere le sue principali caratteristiche:<\/p>\n<ul>\n<li><strong>Gestione finanziaria<\/strong>: suite di prodotti completi e integrati progettati per automatizzare e semplificare i processi di gestione finanziaria di un&#8217;organizzazione end-to-end<\/li>\n<li><strong>Approvvigionamento<\/strong>: semplifica e modernizza la tua infrastruttura di approvvigionamento. Attraverso la combinazione di automazione e collaborazione sociale, le organizzazioni possono aumentare la velocit\u00e0 e raggiungere margini pi\u00f9 elevati nei processi di pagamento in base alla fonte<\/li>\n<li><strong>Gestione dei progetti<\/strong>: ottimizza i portafogli dei progetti, bilancia la capacit\u00e0 con la domanda e collega i piani e le risorse all&#8217;esecuzione del progetto. Attraverso un processo decisionale efficiente e pi\u00f9 intelligente, le organizzazioni possono realizzare la propria visione strategica<\/li>\n<li><strong>Gestione del rischio<\/strong>: gestisce l&#8217;accesso, automatizza i controlli interni, monitora i processi e applica la conformit\u00e0 all&#8217;interno della piattaforma cloud ERP integrata<\/li>\n<li><strong>Gestione delle prestazioni aziendali<\/strong>: pu\u00f2 guidare piani precisi e agili attraverso la finanza e le linee di business, analizzare la redditivit\u00e0 e la gestione dei costi e accelerare la chiusura finanziaria.<\/li>\n<\/ul>\n<h3>LE RECENSIONI DEGLI UTENTI<\/h3>\n<p><strong>&#8220;\u00c8 la prossima cosa in ERP!&#8221;<\/strong><br \/>\nPRO: la natura dinamica di questo prodotto lo rende un&#8217;ottima opzione per le piccole e medie imprese. L&#8217;IT offre il tipo di funzionalit\u00e0 che erano al di l\u00e0 dell&#8217;immaginazione di un utente ERP convenzionale. Le funzionalit\u00e0 avanzate come DaaS rendono questo prodotto ancora pi\u00f9 attraente. Adoro anche la funzionalit\u00e0 degli avvisi!<br \/>\nCONTRO: Fintanto che i programmi stanno andando a buon fine, non sembra esserci alcun problema, tuttavia nel caso in cui ci siano problemi non sembra esserci alcun modo per ottenere un registro completo. Ci\u00f2 rende difficile il debug e la risoluzione del problema. Non sempre tutto liscio le vendite!<\/p>\n<p><strong>&#8220;Consulenza e bilancio aziendale&#8221;<\/strong><br \/>\nPRO: Oracle 11i \u00e8 stato un ottimo strumento per utilizzare e aiutare a gestire un budget di capitale di $ 1,1 miliardi di dollari e quello era solo uno dei quattro budget di capitale delle regioni.<br \/>\nCONTRO: Nulla a che fare con il software, ma con la direzione dell&#8217;azienda ho lavorato per l&#8217;uso dei consulenti. L&#8217;aggiornamento a 11i da 10. era richiesto ma non risolveva i problemi che supponeva o. Ma quella era la gestione dei modi dell&#8217;azienda.<\/p>\n<p><strong>&#8220;Oracle ERP&#8221;<\/strong><br \/>\nIN GENERALE: nel complesso l&#8217;esperienza \u00e8 buona. Per ottenere i record passati e aggiungerne di nuovi come utente, vedo che il software \u00e8 molto intuitivo dopo aver capito<br \/>\nPRO: il software \u00e8 molto sicuro e molto affidabile. I dati che inseriamo vengono ruotati e il sistema \u00e8 accurato. Facile anche per i revisori<br \/>\nCONTRO: il software occupa molto spazio. E per una start-up potrebbe essere poco costoso, ma penso che i servizi che danno siano abbastanza ragionevoli. Il processo di apprendimento potrebbe essere lento per qualcuno di nuovo<\/p>\n","protected":false},"excerpt":{"rendered":"<p>Oracle ERP Cloud \u00e8 una soluzione di pianificazione delle risorse aziendali progettata per organizzazioni di qualsiasi dimensione con l&#8217;obiettivo di migliorarne la produttivit\u00e0 e promuovere l&#8217;eccellenza operativa ottimizzando i processi e le attivit\u00e0 che normalmente richiedono tempi lunghi, costi elevati e anche fatica.\u00a0<\/p>\n","protected":false},"author":17,"featured_media":22302,"parent":22029,"menu_order":0,"comment_status":"open","ping_status":"closed","template":"g1_template_page_review_new.php","meta":{"_acf_changed":false,"cwp_meta_box_check":"Yes","cwp_rev_product_name":"","cwp_rev_product_image":"","wppr_links":[],"cwp_rev_price":"","wppr_options":[],"wppr_pros":[],"wppr_cons":[],"_monsterinsights_skip_tracking":false,"_monsterinsights_sitenote_active":false,"_monsterinsights_sitenote_note":"","_monsterinsights_sitenote_category":0,"footnotes":""},"categories":[1654],"tags":[1664,1663,1669,923,1667],"features":[],"class_list":{"0":"post-22300","1":"page","2":"type-page","3":"status-publish","4":"has-post-thumbnail","6":"category-enterprise-resource-planning-software-erp","7":"tag-enterprise-resource-planning","8":"tag-erp","9":"tag-piattaforma-erp","10":"tag-software-erp","11":"tag-soluzione-erp"},"wppr_data":{"cwp_meta_box_check":"Yes","cwp_rev_product_name":"","cwp_rev_product_image":"","cwp_image_link":"image","cwp_rev_price":"","wppr_rating":"0.00"},"acf":[],"yoast_head":"<!-- This site is optimized with the Yoast SEO plugin v27.4 - https:\/\/yoast.com\/product\/yoast-seo-wordpress\/ -->\n<title>Oracle ERP Cloud: recensione - Accurate Reviews<\/title>\n<meta name=\"description\" content=\"Oracle ERP Cloud: recensione della soluzione di pianificazione delle risorse aziendali progettata per organizzazioni di qualsiasi dimensione.\" \/>\n<meta name=\"robots\" content=\"index, follow, max-snippet:-1, max-image-preview:large, max-video-preview:-1\" \/>\n<link rel=\"canonical\" href=\"https:\/\/www.accuratereviews.com\/it\/software-erp-lista-software\/oracle-erp-cloud-recensione\/\" \/>\n<meta property=\"og:locale\" content=\"it_IT\" \/>\n<meta property=\"og:type\" content=\"article\" \/>\n<meta property=\"og:title\" content=\"Oracle ERP Cloud: recensione - Accurate Reviews\" \/>\n<meta property=\"og:description\" content=\"Oracle ERP Cloud: recensione della soluzione di pianificazione delle risorse aziendali progettata per organizzazioni di qualsiasi dimensione.\" \/>\n<meta property=\"og:url\" content=\"https:\/\/www.accuratereviews.com\/it\/software-erp-lista-software\/oracle-erp-cloud-recensione\/\" \/>\n<meta property=\"og:site_name\" content=\"Accurate Reviews\" \/>\n<meta property=\"og:image\" content=\"https:\/\/www.accuratereviews.com\/wp-content\/uploads\/2020\/01\/645762053Oracle-ERP-1024x497-e1518819725903.png\" \/>\n\t<meta property=\"og:image:width\" content=\"800\" \/>\n\t<meta property=\"og:image:height\" content=\"388\" \/>\n\t<meta property=\"og:image:type\" content=\"image\/png\" \/>\n<meta name=\"twitter:card\" content=\"summary_large_image\" \/>\n<meta name=\"twitter:label1\" content=\"Tempo di lettura stimato\" \/>\n\t<meta name=\"twitter:data1\" content=\"3 minuti\" \/>\n<script type=\"application\/ld+json\" class=\"yoast-schema-graph\">{\"@context\":\"https:\\\/\\\/schema.org\",\"@graph\":[{\"@type\":\"WebPage\",\"@id\":\"https:\\\/\\\/www.accuratereviews.com\\\/it\\\/software-erp-lista-software\\\/oracle-erp-cloud-recensione\\\/\",\"url\":\"https:\\\/\\\/www.accuratereviews.com\\\/it\\\/software-erp-lista-software\\\/oracle-erp-cloud-recensione\\\/\",\"name\":\"Oracle ERP Cloud: recensione - Accurate Reviews\",\"isPartOf\":{\"@id\":\"https:\\\/\\\/www.accuratereviews.com\\\/it\\\/#website\"},\"primaryImageOfPage\":{\"@id\":\"https:\\\/\\\/www.accuratereviews.com\\\/it\\\/software-erp-lista-software\\\/oracle-erp-cloud-recensione\\\/#primaryimage\"},\"image\":{\"@id\":\"https:\\\/\\\/www.accuratereviews.com\\\/it\\\/software-erp-lista-software\\\/oracle-erp-cloud-recensione\\\/#primaryimage\"},\"thumbnailUrl\":\"https:\\\/\\\/www.accuratereviews.com\\\/wp-content\\\/uploads\\\/2020\\\/01\\\/645762053Oracle-ERP-1024x497-e1518819725903.png\",\"datePublished\":\"2020-01-20T08:53:29+00:00\",\"description\":\"Oracle ERP Cloud: recensione della soluzione di pianificazione delle risorse aziendali progettata per organizzazioni di qualsiasi dimensione.\",\"breadcrumb\":{\"@id\":\"https:\\\/\\\/www.accuratereviews.com\\\/it\\\/software-erp-lista-software\\\/oracle-erp-cloud-recensione\\\/#breadcrumb\"},\"inLanguage\":\"it-IT\",\"potentialAction\":[{\"@type\":\"ReadAction\",\"target\":[\"https:\\\/\\\/www.accuratereviews.com\\\/it\\\/software-erp-lista-software\\\/oracle-erp-cloud-recensione\\\/\"]}]},{\"@type\":\"ImageObject\",\"inLanguage\":\"it-IT\",\"@id\":\"https:\\\/\\\/www.accuratereviews.com\\\/it\\\/software-erp-lista-software\\\/oracle-erp-cloud-recensione\\\/#primaryimage\",\"url\":\"https:\\\/\\\/www.accuratereviews.com\\\/wp-content\\\/uploads\\\/2020\\\/01\\\/645762053Oracle-ERP-1024x497-e1518819725903.png\",\"contentUrl\":\"https:\\\/\\\/www.accuratereviews.com\\\/wp-content\\\/uploads\\\/2020\\\/01\\\/645762053Oracle-ERP-1024x497-e1518819725903.png\",\"width\":800,\"height\":388},{\"@type\":\"BreadcrumbList\",\"@id\":\"https:\\\/\\\/www.accuratereviews.com\\\/it\\\/software-erp-lista-software\\\/oracle-erp-cloud-recensione\\\/#breadcrumb\",\"itemListElement\":[{\"@type\":\"ListItem\",\"position\":1,\"name\":\"Home\",\"item\":\"https:\\\/\\\/www.accuratereviews.com\\\/it\\\/\"},{\"@type\":\"ListItem\",\"position\":2,\"name\":\"ERP Software\",\"item\":\"https:\\\/\\\/www.accuratereviews.com\\\/it\\\/software-erp-lista-software\\\/\"},{\"@type\":\"ListItem\",\"position\":3,\"name\":\"Oracle ERP Cloud\"}]},{\"@type\":\"WebSite\",\"@id\":\"https:\\\/\\\/www.accuratereviews.com\\\/it\\\/#website\",\"url\":\"https:\\\/\\\/www.accuratereviews.com\\\/it\\\/\",\"name\":\"Accurate Reviews\",\"description\":\"\",\"potentialAction\":[{\"@type\":\"SearchAction\",\"target\":{\"@type\":\"EntryPoint\",\"urlTemplate\":\"https:\\\/\\\/www.accuratereviews.com\\\/it\\\/?s={search_term_string}\"},\"query-input\":{\"@type\":\"PropertyValueSpecification\",\"valueRequired\":true,\"valueName\":\"search_term_string\"}}],\"inLanguage\":\"it-IT\"}]}<\/script>\n<!-- \/ Yoast SEO plugin. -->","yoast_head_json":{"title":"Oracle ERP Cloud: recensione - Accurate Reviews","description":"Oracle ERP Cloud: recensione della soluzione di pianificazione delle risorse aziendali progettata per organizzazioni di qualsiasi dimensione.","robots":{"index":"index","follow":"follow","max-snippet":"max-snippet:-1","max-image-preview":"max-image-preview:large","max-video-preview":"max-video-preview:-1"},"canonical":"https:\/\/www.accuratereviews.com\/it\/software-erp-lista-software\/oracle-erp-cloud-recensione\/","og_locale":"it_IT","og_type":"article","og_title":"Oracle ERP Cloud: recensione - Accurate Reviews","og_description":"Oracle ERP Cloud: recensione della soluzione di pianificazione delle risorse aziendali progettata per organizzazioni di qualsiasi dimensione.","og_url":"https:\/\/www.accuratereviews.com\/it\/software-erp-lista-software\/oracle-erp-cloud-recensione\/","og_site_name":"Accurate Reviews","og_image":[{"width":800,"height":388,"url":"https:\/\/www.accuratereviews.com\/wp-content\/uploads\/2020\/01\/645762053Oracle-ERP-1024x497-e1518819725903.png","type":"image\/png"}],"twitter_card":"summary_large_image","twitter_misc":{"Tempo di lettura stimato":"3 minuti"},"schema":{"@context":"https:\/\/schema.org","@graph":[{"@type":"WebPage","@id":"https:\/\/www.accuratereviews.com\/it\/software-erp-lista-software\/oracle-erp-cloud-recensione\/","url":"https:\/\/www.accuratereviews.com\/it\/software-erp-lista-software\/oracle-erp-cloud-recensione\/","name":"Oracle ERP Cloud: recensione - Accurate Reviews","isPartOf":{"@id":"https:\/\/www.accuratereviews.com\/it\/#website"},"primaryImageOfPage":{"@id":"https:\/\/www.accuratereviews.com\/it\/software-erp-lista-software\/oracle-erp-cloud-recensione\/#primaryimage"},"image":{"@id":"https:\/\/www.accuratereviews.com\/it\/software-erp-lista-software\/oracle-erp-cloud-recensione\/#primaryimage"},"thumbnailUrl":"https:\/\/www.accuratereviews.com\/wp-content\/uploads\/2020\/01\/645762053Oracle-ERP-1024x497-e1518819725903.png","datePublished":"2020-01-20T08:53:29+00:00","description":"Oracle ERP Cloud: recensione della soluzione di pianificazione delle risorse aziendali progettata per organizzazioni di qualsiasi dimensione.","breadcrumb":{"@id":"https:\/\/www.accuratereviews.com\/it\/software-erp-lista-software\/oracle-erp-cloud-recensione\/#breadcrumb"},"inLanguage":"it-IT","potentialAction":[{"@type":"ReadAction","target":["https:\/\/www.accuratereviews.com\/it\/software-erp-lista-software\/oracle-erp-cloud-recensione\/"]}]},{"@type":"ImageObject","inLanguage":"it-IT","@id":"https:\/\/www.accuratereviews.com\/it\/software-erp-lista-software\/oracle-erp-cloud-recensione\/#primaryimage","url":"https:\/\/www.accuratereviews.com\/wp-content\/uploads\/2020\/01\/645762053Oracle-ERP-1024x497-e1518819725903.png","contentUrl":"https:\/\/www.accuratereviews.com\/wp-content\/uploads\/2020\/01\/645762053Oracle-ERP-1024x497-e1518819725903.png","width":800,"height":388},{"@type":"BreadcrumbList","@id":"https:\/\/www.accuratereviews.com\/it\/software-erp-lista-software\/oracle-erp-cloud-recensione\/#breadcrumb","itemListElement":[{"@type":"ListItem","position":1,"name":"Home","item":"https:\/\/www.accuratereviews.com\/it\/"},{"@type":"ListItem","position":2,"name":"ERP Software","item":"https:\/\/www.accuratereviews.com\/it\/software-erp-lista-software\/"},{"@type":"ListItem","position":3,"name":"Oracle ERP Cloud"}]},{"@type":"WebSite","@id":"https:\/\/www.accuratereviews.com\/it\/#website","url":"https:\/\/www.accuratereviews.com\/it\/","name":"Accurate Reviews","description":"","potentialAction":[{"@type":"SearchAction","target":{"@type":"EntryPoint","urlTemplate":"https:\/\/www.accuratereviews.com\/it\/?s={search_term_string}"},"query-input":{"@type":"PropertyValueSpecification","valueRequired":true,"valueName":"search_term_string"}}],"inLanguage":"it-IT"}]}},"_links":{"self":[{"href":"https:\/\/www.accuratereviews.com\/it\/wp-json\/wp\/v2\/pages\/22300","targetHints":{"allow":["GET"]}}],"collection":[{"href":"https:\/\/www.accuratereviews.com\/it\/wp-json\/wp\/v2\/pages"}],"about":[{"href":"https:\/\/www.accuratereviews.com\/it\/wp-json\/wp\/v2\/types\/page"}],"author":[{"embeddable":true,"href":"https:\/\/www.accuratereviews.com\/it\/wp-json\/wp\/v2\/users\/17"}],"replies":[{"embeddable":true,"href":"https:\/\/www.accuratereviews.com\/it\/wp-json\/wp\/v2\/comments?post=22300"}],"version-history":[{"count":3,"href":"https:\/\/www.accuratereviews.com\/it\/wp-json\/wp\/v2\/pages\/22300\/revisions"}],"predecessor-version":[{"id":22315,"href":"https:\/\/www.accuratereviews.com\/it\/wp-json\/wp\/v2\/pages\/22300\/revisions\/22315"}],"up":[{"embeddable":true,"href":"https:\/\/www.accuratereviews.com\/it\/wp-json\/wp\/v2\/pages\/22029"}],"wp:featuredmedia":[{"embeddable":true,"href":"https:\/\/www.accuratereviews.com\/it\/wp-json\/wp\/v2\/media\/22302"}],"wp:attachment":[{"href":"https:\/\/www.accuratereviews.com\/it\/wp-json\/wp\/v2\/media?parent=22300"}],"wp:term":[{"taxonomy":"category","embeddable":true,"href":"https:\/\/www.accuratereviews.com\/it\/wp-json\/wp\/v2\/categories?post=22300"},{"taxonomy":"post_tag","embeddable":true,"href":"https:\/\/www.accuratereviews.com\/it\/wp-json\/wp\/v2\/tags?post=22300"},{"taxonomy":"features","embeddable":true,"href":"https:\/\/www.accuratereviews.com\/it\/wp-json\/wp\/v2\/features?post=22300"}],"curies":[{"name":"wp","href":"https:\/\/api.w.org\/{rel}","templated":true}]}}