{"id":22308,"date":"2020-01-20T08:52:41","date_gmt":"2020-01-20T08:52:41","guid":{"rendered":"https:\/\/www.accuratereviews.com\/?page_id=22308"},"modified":"2020-01-20T08:52:41","modified_gmt":"2020-01-20T08:52:41","slug":"infor-cloudsuite-industrial-recensione","status":"publish","type":"page","link":"https:\/\/www.accuratereviews.com\/it\/software-erp-lista-software\/infor-cloudsuite-industrial-recensione\/","title":{"rendered":"Infor CloudSuite Industrial"},"content":{"rendered":"<p><strong>Infor CloudSuite Industrial<\/strong> \u00e8 un <strong>software di Enterprise Resource Planning<\/strong>, basato sul cloud, che permette di ottimizzare le prestazioni aziendali. Si tratta di una <strong>soluzione ERP end-to-end<\/strong> progettata principalmente per ingegneri che lavorano nelle industrie di processo e di produzione. Offre numerosi strumenti di <strong>business intelligence<\/strong>, lean production, analisi predittiva, collaborazione, integrazione, pianificazione e programmazione che garantiscono un servizio migliore per i clienti. In questo modo, si riesce ad <strong>aumentare la produzione<\/strong> e a migliorarne la qualit\u00e0, risparmiando tempo ed energie che normalmente avremmo dovuto investire per raggiungere questo obiettivo.<\/p>\n<h2>COME FUNZIONA INFOR CLOUDSUITE INDUSTRIAL &#8211;\u00a0 TUTORIAL<\/h2>\n<p>Diamo un&#8217;occhiata a questo video per comprendere meglio come utilizzare questo software:<\/p>\n<div id=\"fluid-wrapper-counter-1\" class=\"g1-fluid-wrapper \" style=\"width:686px;\">\n<div style=\"padding-bottom:56.268221574344%;\"><iframe loading=\"lazy\" title=\"Infor CloudSuite Industrial (Syteline) Ming.le Tutorial\" width=\"686\" height=\"386\" src=\"https:\/\/www.youtube.com\/embed\/ArCti7GUxnU?feature=oembed&amp;wmode=transparent&amp;autohide=1&amp;autoplay=0&amp;disablekb=0&amp;fs=1&amp;loop=0&amp;enablejsapi=1&amp;rel=0&amp;controls=2&amp;showinfo=0&amp;wmode=transparent&amp;autohide=2&amp;autoplay=0&amp;disablekb=0&amp;fs=1&amp;loop=0&amp;enablejsapi=1&amp;rel=0&amp;controls=2&amp;showinfo=1\" frameborder=\"0\" allow=\"accelerometer; autoplay; encrypted-media; gyroscope; picture-in-picture\" allowfullscreen><\/iframe><\/div>\n<\/div>\n<h3>INFOR CLOUDSUITE INDUSTRIAL &#8211; CARATTERISTICHE<\/h3>\n<p>Ecco le sue principali caratteristiche:<\/p>\n<ul>\n<li><strong>Strumenti di pianificazione e programmazione<\/strong>:<br \/>\n&#8211; Pianificazione a capacit\u00e0 finita<br \/>\n&#8211; Programmazione delle attivit\u00e0 produttive<br \/>\n&#8211; Supporto di modalit\u00e0 di produzione miste: ETO, MTO, MTS ecc.<\/li>\n<li><strong>Strumenti di business intelligence<\/strong>:<br \/>\n&#8211; Dashboard basate su ruolo, metriche e report<br \/>\n&#8211; Analisi contestuali e predittive<br \/>\n&#8211; Reportistica finanziaria e operativa<\/li>\n<li><strong>Gestione della qualit\u00e0 e del servizio<\/strong>:<br \/>\n&#8211; Miglioramento continuo<br \/>\n&#8211; Vendite aftermarket<br \/>\n&#8211; Garanzie e contratti di assistenza<\/li>\n<li><strong>Piattaforma tecnologica avanzata<\/strong><br \/>\n&#8211; Sicurezza<br \/>\n&#8211; Estensibilit\u00e0<br \/>\n&#8211; Integrazioni<br \/>\n&#8211; Disaster recovery<\/li>\n<\/ul>\n<h3>LE RECENSIONI DEGLI UTENTI<\/h3>\n<p><strong>&#8220;CSI ci aiuta a raggiungere i nostri obiettivi&#8221;<\/strong><br \/>\nIN GENERALE: siamo in grado di disporre di inventario in tempo reale e monitoraggio finanziario che prima non era possibile. La flessibilit\u00e0 del sistema di eventi ci consente di gestire qualsiasi problema o necessit\u00e0 che i nostri utenti propongono.<br \/>\nPRO: Mi piace la facilit\u00e0 di personalizzazione e la flessibilit\u00e0 del software pronto all&#8217;uso.<br \/>\nCONTRO: A volte Infor rilascia il software prima che sia davvero pronto per l&#8217;uso in produzione.<\/p>\n<p><strong>&#8220;Recensione di CloudSuite Industrial (SyteLine)&#8221;<\/strong><br \/>\nIN GENERALE: Siamo in grado di tracciare i dati finanziari, i costi di produzione e di acquisto, nonch\u00e9 di tenere traccia e fare report eccellenti ove necessario!<br \/>\nPRO: questo software \u00e8 il fulcro della nostra attivit\u00e0. Lo utilizziamo per tutti gli aspetti, dalla creazione del cliente, dall&#8217;inserimento degli ordini, alla produzione e al cliente. Mi piace il fatto che sia sfaccettato in quel modo. A mio avviso, lo usiamo per il massimo beneficio possibile. Quando vengono acquistate applicazioni aggiuntive, possiamo utilizzarle in modo che gli utenti possano utilizzare il prodotto in modo trasparente.<br \/>\nCONTRO: La cosa che mi piace meno di SyteLine nel nostro ambiente \u00e8 la velocit\u00e0. Siamo su una versione che non \u00e8 la pi\u00f9 veloce. \u00c8 anche una grande impresa aggiornare a una versione pi\u00f9 recente quando necessario. Perch\u00e9 lo usiamo cos\u00ec ampiamente dove lavoro, richiede molte risorse e tempo!<\/p>\n<p><strong>&#8220;Personalizzabile&#8221;<\/strong><br \/>\nPRO: La cosa che mi piace di pi\u00f9 di questo software \u00e8 che non esiste una scatola nera. Scavando un po&#8217;, puoi sempre capire come funzionano le cose. Ci\u00f2 significa anche che \u00e8 possibile modificare quasi tutto in questo software. \u00c8 anche estremamente potente creare al proprio interno &#8220;applicazioni&#8221; utente. \u00c8 bello lavorare con questo software.<br \/>\nCONTRO: dal punto di vista dello sviluppo, la curva di apprendimento \u00e8 ripida. Molte cose devi capire da solo, quindi dipende sicuramente da tentativi ed errori. Ma la cosa positiva \u00e8 che una volta capito, non lo dimenticherai.<\/p>\n","protected":false},"excerpt":{"rendered":"<p>Infor CloudSuite Industrial \u00e8 un software di Enterprise Resource Planning, basato sul cloud, che permette di ottimizzare le prestazioni aziendali. Si tratta di una soluzione ERP end-to-end progettata principalmente per ingegneri che lavorano nelle industrie di processo e di produzione.\u00a0<\/p>\n","protected":false},"author":17,"featured_media":22310,"parent":22029,"menu_order":0,"comment_status":"open","ping_status":"closed","template":"g1_template_page_review_new.php","meta":{"_acf_changed":false,"cwp_meta_box_check":"Yes","cwp_rev_product_name":"","cwp_rev_product_image":"","wppr_links":[],"cwp_rev_price":"","wppr_options":[],"wppr_pros":[],"wppr_cons":[],"_monsterinsights_skip_tracking":false,"_monsterinsights_sitenote_active":false,"_monsterinsights_sitenote_note":"","_monsterinsights_sitenote_category":0,"footnotes":""},"categories":[1654],"tags":[1664,1669,923,1667],"features":[],"class_list":{"0":"post-22308","1":"page","2":"type-page","3":"status-publish","4":"has-post-thumbnail","6":"category-enterprise-resource-planning-software-erp","7":"tag-enterprise-resource-planning","8":"tag-piattaforma-erp","9":"tag-software-erp","10":"tag-soluzione-erp"},"wppr_data":{"cwp_meta_box_check":"Yes","cwp_rev_product_name":"","cwp_rev_product_image":"","cwp_image_link":"image","cwp_rev_price":"","wppr_rating":"0.00"},"acf":[],"yoast_head":"<!-- This site is optimized with the Yoast SEO plugin v27.4 - https:\/\/yoast.com\/product\/yoast-seo-wordpress\/ -->\n<title>Infor CloudSuite Industrial: recensione - Accurate Reviews<\/title>\n<meta name=\"description\" content=\"Infor CloudSuite Industrial: recensione del software di Enterprise Resource Planning basato sul cloud, che permette di ottimizzare le prestazioni aziendali.\" \/>\n<meta name=\"robots\" content=\"index, follow, max-snippet:-1, max-image-preview:large, max-video-preview:-1\" \/>\n<link rel=\"canonical\" href=\"https:\/\/www.accuratereviews.com\/it\/software-erp-lista-software\/infor-cloudsuite-industrial-recensione\/\" \/>\n<meta property=\"og:locale\" content=\"it_IT\" \/>\n<meta property=\"og:type\" content=\"article\" \/>\n<meta property=\"og:title\" content=\"Infor CloudSuite Industrial: recensione - Accurate Reviews\" \/>\n<meta property=\"og:description\" content=\"Infor CloudSuite Industrial: recensione del software di Enterprise Resource Planning basato sul cloud, che permette di ottimizzare le prestazioni aziendali.\" \/>\n<meta property=\"og:url\" content=\"https:\/\/www.accuratereviews.com\/it\/software-erp-lista-software\/infor-cloudsuite-industrial-recensione\/\" \/>\n<meta property=\"og:site_name\" content=\"Accurate Reviews\" \/>\n<meta property=\"og:image\" content=\"https:\/\/www.accuratereviews.com\/wp-content\/uploads\/2020\/01\/download-4.png\" \/>\n\t<meta property=\"og:image:width\" content=\"568\" \/>\n\t<meta property=\"og:image:height\" content=\"89\" \/>\n\t<meta property=\"og:image:type\" content=\"image\/png\" \/>\n<meta name=\"twitter:card\" content=\"summary_large_image\" \/>\n<meta name=\"twitter:label1\" content=\"Tempo di lettura stimato\" \/>\n\t<meta name=\"twitter:data1\" content=\"3 minuti\" \/>\n<script type=\"application\/ld+json\" class=\"yoast-schema-graph\">{\"@context\":\"https:\\\/\\\/schema.org\",\"@graph\":[{\"@type\":\"WebPage\",\"@id\":\"https:\\\/\\\/www.accuratereviews.com\\\/it\\\/software-erp-lista-software\\\/infor-cloudsuite-industrial-recensione\\\/\",\"url\":\"https:\\\/\\\/www.accuratereviews.com\\\/it\\\/software-erp-lista-software\\\/infor-cloudsuite-industrial-recensione\\\/\",\"name\":\"Infor CloudSuite Industrial: recensione - Accurate Reviews\",\"isPartOf\":{\"@id\":\"https:\\\/\\\/www.accuratereviews.com\\\/it\\\/#website\"},\"primaryImageOfPage\":{\"@id\":\"https:\\\/\\\/www.accuratereviews.com\\\/it\\\/software-erp-lista-software\\\/infor-cloudsuite-industrial-recensione\\\/#primaryimage\"},\"image\":{\"@id\":\"https:\\\/\\\/www.accuratereviews.com\\\/it\\\/software-erp-lista-software\\\/infor-cloudsuite-industrial-recensione\\\/#primaryimage\"},\"thumbnailUrl\":\"https:\\\/\\\/www.accuratereviews.com\\\/wp-content\\\/uploads\\\/2020\\\/01\\\/download-4.png\",\"datePublished\":\"2020-01-20T08:52:41+00:00\",\"description\":\"Infor CloudSuite Industrial: recensione del software di Enterprise Resource Planning basato sul cloud, che permette di ottimizzare le prestazioni aziendali.\",\"breadcrumb\":{\"@id\":\"https:\\\/\\\/www.accuratereviews.com\\\/it\\\/software-erp-lista-software\\\/infor-cloudsuite-industrial-recensione\\\/#breadcrumb\"},\"inLanguage\":\"it-IT\",\"potentialAction\":[{\"@type\":\"ReadAction\",\"target\":[\"https:\\\/\\\/www.accuratereviews.com\\\/it\\\/software-erp-lista-software\\\/infor-cloudsuite-industrial-recensione\\\/\"]}]},{\"@type\":\"ImageObject\",\"inLanguage\":\"it-IT\",\"@id\":\"https:\\\/\\\/www.accuratereviews.com\\\/it\\\/software-erp-lista-software\\\/infor-cloudsuite-industrial-recensione\\\/#primaryimage\",\"url\":\"https:\\\/\\\/www.accuratereviews.com\\\/wp-content\\\/uploads\\\/2020\\\/01\\\/download-4.png\",\"contentUrl\":\"https:\\\/\\\/www.accuratereviews.com\\\/wp-content\\\/uploads\\\/2020\\\/01\\\/download-4.png\",\"width\":568,\"height\":89},{\"@type\":\"BreadcrumbList\",\"@id\":\"https:\\\/\\\/www.accuratereviews.com\\\/it\\\/software-erp-lista-software\\\/infor-cloudsuite-industrial-recensione\\\/#breadcrumb\",\"itemListElement\":[{\"@type\":\"ListItem\",\"position\":1,\"name\":\"Home\",\"item\":\"https:\\\/\\\/www.accuratereviews.com\\\/it\\\/\"},{\"@type\":\"ListItem\",\"position\":2,\"name\":\"ERP Software\",\"item\":\"https:\\\/\\\/www.accuratereviews.com\\\/it\\\/software-erp-lista-software\\\/\"},{\"@type\":\"ListItem\",\"position\":3,\"name\":\"Infor CloudSuite Industrial\"}]},{\"@type\":\"WebSite\",\"@id\":\"https:\\\/\\\/www.accuratereviews.com\\\/it\\\/#website\",\"url\":\"https:\\\/\\\/www.accuratereviews.com\\\/it\\\/\",\"name\":\"Accurate Reviews\",\"description\":\"\",\"potentialAction\":[{\"@type\":\"SearchAction\",\"target\":{\"@type\":\"EntryPoint\",\"urlTemplate\":\"https:\\\/\\\/www.accuratereviews.com\\\/it\\\/?s={search_term_string}\"},\"query-input\":{\"@type\":\"PropertyValueSpecification\",\"valueRequired\":true,\"valueName\":\"search_term_string\"}}],\"inLanguage\":\"it-IT\"}]}<\/script>\n<!-- \/ Yoast SEO plugin. -->","yoast_head_json":{"title":"Infor CloudSuite Industrial: recensione - Accurate Reviews","description":"Infor CloudSuite Industrial: recensione del software di Enterprise Resource Planning basato sul cloud, che permette di ottimizzare le prestazioni aziendali.","robots":{"index":"index","follow":"follow","max-snippet":"max-snippet:-1","max-image-preview":"max-image-preview:large","max-video-preview":"max-video-preview:-1"},"canonical":"https:\/\/www.accuratereviews.com\/it\/software-erp-lista-software\/infor-cloudsuite-industrial-recensione\/","og_locale":"it_IT","og_type":"article","og_title":"Infor CloudSuite Industrial: recensione - Accurate Reviews","og_description":"Infor CloudSuite Industrial: recensione del software di Enterprise Resource Planning basato sul cloud, che permette di ottimizzare le prestazioni aziendali.","og_url":"https:\/\/www.accuratereviews.com\/it\/software-erp-lista-software\/infor-cloudsuite-industrial-recensione\/","og_site_name":"Accurate Reviews","og_image":[{"width":568,"height":89,"url":"https:\/\/www.accuratereviews.com\/wp-content\/uploads\/2020\/01\/download-4.png","type":"image\/png"}],"twitter_card":"summary_large_image","twitter_misc":{"Tempo di lettura stimato":"3 minuti"},"schema":{"@context":"https:\/\/schema.org","@graph":[{"@type":"WebPage","@id":"https:\/\/www.accuratereviews.com\/it\/software-erp-lista-software\/infor-cloudsuite-industrial-recensione\/","url":"https:\/\/www.accuratereviews.com\/it\/software-erp-lista-software\/infor-cloudsuite-industrial-recensione\/","name":"Infor CloudSuite Industrial: recensione - Accurate Reviews","isPartOf":{"@id":"https:\/\/www.accuratereviews.com\/it\/#website"},"primaryImageOfPage":{"@id":"https:\/\/www.accuratereviews.com\/it\/software-erp-lista-software\/infor-cloudsuite-industrial-recensione\/#primaryimage"},"image":{"@id":"https:\/\/www.accuratereviews.com\/it\/software-erp-lista-software\/infor-cloudsuite-industrial-recensione\/#primaryimage"},"thumbnailUrl":"https:\/\/www.accuratereviews.com\/wp-content\/uploads\/2020\/01\/download-4.png","datePublished":"2020-01-20T08:52:41+00:00","description":"Infor CloudSuite Industrial: recensione del software di Enterprise Resource Planning basato sul cloud, che permette di ottimizzare le prestazioni aziendali.","breadcrumb":{"@id":"https:\/\/www.accuratereviews.com\/it\/software-erp-lista-software\/infor-cloudsuite-industrial-recensione\/#breadcrumb"},"inLanguage":"it-IT","potentialAction":[{"@type":"ReadAction","target":["https:\/\/www.accuratereviews.com\/it\/software-erp-lista-software\/infor-cloudsuite-industrial-recensione\/"]}]},{"@type":"ImageObject","inLanguage":"it-IT","@id":"https:\/\/www.accuratereviews.com\/it\/software-erp-lista-software\/infor-cloudsuite-industrial-recensione\/#primaryimage","url":"https:\/\/www.accuratereviews.com\/wp-content\/uploads\/2020\/01\/download-4.png","contentUrl":"https:\/\/www.accuratereviews.com\/wp-content\/uploads\/2020\/01\/download-4.png","width":568,"height":89},{"@type":"BreadcrumbList","@id":"https:\/\/www.accuratereviews.com\/it\/software-erp-lista-software\/infor-cloudsuite-industrial-recensione\/#breadcrumb","itemListElement":[{"@type":"ListItem","position":1,"name":"Home","item":"https:\/\/www.accuratereviews.com\/it\/"},{"@type":"ListItem","position":2,"name":"ERP Software","item":"https:\/\/www.accuratereviews.com\/it\/software-erp-lista-software\/"},{"@type":"ListItem","position":3,"name":"Infor CloudSuite Industrial"}]},{"@type":"WebSite","@id":"https:\/\/www.accuratereviews.com\/it\/#website","url":"https:\/\/www.accuratereviews.com\/it\/","name":"Accurate Reviews","description":"","potentialAction":[{"@type":"SearchAction","target":{"@type":"EntryPoint","urlTemplate":"https:\/\/www.accuratereviews.com\/it\/?s={search_term_string}"},"query-input":{"@type":"PropertyValueSpecification","valueRequired":true,"valueName":"search_term_string"}}],"inLanguage":"it-IT"}]}},"_links":{"self":[{"href":"https:\/\/www.accuratereviews.com\/it\/wp-json\/wp\/v2\/pages\/22308","targetHints":{"allow":["GET"]}}],"collection":[{"href":"https:\/\/www.accuratereviews.com\/it\/wp-json\/wp\/v2\/pages"}],"about":[{"href":"https:\/\/www.accuratereviews.com\/it\/wp-json\/wp\/v2\/types\/page"}],"author":[{"embeddable":true,"href":"https:\/\/www.accuratereviews.com\/it\/wp-json\/wp\/v2\/users\/17"}],"replies":[{"embeddable":true,"href":"https:\/\/www.accuratereviews.com\/it\/wp-json\/wp\/v2\/comments?post=22308"}],"version-history":[{"count":4,"href":"https:\/\/www.accuratereviews.com\/it\/wp-json\/wp\/v2\/pages\/22308\/revisions"}],"predecessor-version":[{"id":22320,"href":"https:\/\/www.accuratereviews.com\/it\/wp-json\/wp\/v2\/pages\/22308\/revisions\/22320"}],"up":[{"embeddable":true,"href":"https:\/\/www.accuratereviews.com\/it\/wp-json\/wp\/v2\/pages\/22029"}],"wp:featuredmedia":[{"embeddable":true,"href":"https:\/\/www.accuratereviews.com\/it\/wp-json\/wp\/v2\/media\/22310"}],"wp:attachment":[{"href":"https:\/\/www.accuratereviews.com\/it\/wp-json\/wp\/v2\/media?parent=22308"}],"wp:term":[{"taxonomy":"category","embeddable":true,"href":"https:\/\/www.accuratereviews.com\/it\/wp-json\/wp\/v2\/categories?post=22308"},{"taxonomy":"post_tag","embeddable":true,"href":"https:\/\/www.accuratereviews.com\/it\/wp-json\/wp\/v2\/tags?post=22308"},{"taxonomy":"features","embeddable":true,"href":"https:\/\/www.accuratereviews.com\/it\/wp-json\/wp\/v2\/features?post=22308"}],"curies":[{"name":"wp","href":"https:\/\/api.w.org\/{rel}","templated":true}]}}