{"id":22325,"date":"2020-01-20T13:43:02","date_gmt":"2020-01-20T13:43:02","guid":{"rendered":"https:\/\/www.accuratereviews.com\/?page_id=22325"},"modified":"2020-01-20T13:43:02","modified_gmt":"2020-01-20T13:43:02","slug":"infor-visual-recensione","status":"publish","type":"page","link":"https:\/\/www.accuratereviews.com\/it\/software-erp-lista-software\/infor-visual-recensione\/","title":{"rendered":"Infor VISUAL"},"content":{"rendered":"<p><strong>Infor VISUAL<\/strong> \u00e8 un <strong>software Enterprise Resource Planning (ERP)<\/strong> progettato per le organizzazioni manifatturiere alla ricerca di una soluzione completa che copra l&#8217;intero ciclo di vita operativo. La piattaforma offre funzionalit\u00e0 end-to-end dalla pianificazione e l&#8217;approvvigionamento alla creazione e consegna e utilizza applicazioni per gestire progetti e produzione complessi, catena di fornitura, risorse umane, contabilit\u00e0 e finanza, gestione dei clienti, reportistica e altro ancora. La soluzione scalabile sfrutta la tecnologia pi\u00f9 avanzata per semplificare le operazioni, automatizzare attivit\u00e0 e processi e fornire informazioni in tempo reale.<\/p>\n<h2>INFOR VISUAL &#8211; TUTORIAL<\/h2>\n<p>Diamo un occhiata a questo tutorial per scoprire le funzioni principali di questo <strong>software ERP<\/strong>:<\/p>\n<div id=\"fluid-wrapper-counter-1\" class=\"g1-fluid-wrapper \" style=\"width:686px;\">\n<div style=\"padding-bottom:56.268221574344%;\"><iframe loading=\"lazy\" title=\"Infor VISUAL Demo | Manufacturing ERP Software\" width=\"686\" height=\"386\" src=\"https:\/\/www.youtube.com\/embed\/6dNM-x_degs?feature=oembed&amp;wmode=transparent&amp;autohide=1&amp;autoplay=0&amp;disablekb=0&amp;fs=1&amp;loop=0&amp;enablejsapi=1&amp;rel=0&amp;controls=2&amp;showinfo=0&amp;wmode=transparent&amp;autohide=2&amp;autoplay=0&amp;disablekb=0&amp;fs=1&amp;loop=0&amp;enablejsapi=1&amp;rel=0&amp;controls=2&amp;showinfo=1\" frameborder=\"0\" allow=\"accelerometer; autoplay; encrypted-media; gyroscope; picture-in-picture\" allowfullscreen><\/iframe><\/div>\n<\/div>\n<h3>INFOR VISUAL &#8211; CARATTERISTICHE<\/h3>\n<ul>\n<li>Home page personalizzate<\/li>\n<li>Interfaccia utente elegante e intuitiva basata su ruoli<\/li>\n<li>Calendari finanziari illimitati<\/li>\n<li>Contabilit\u00e0 e report illimitati<\/li>\n<li>Stringhe dimensionali illimitate<\/li>\n<li>Visibilit\u00e0 completa della spesa indiretta<\/li>\n<li>Relazioni rafforzate con i fornitori<\/li>\n<li>Maggiore conformit\u00e0 alle policy<\/li>\n<li>Pi\u00f9 opportunit\u00e0 di risparmio<\/li>\n<li>Basata sulla scienza dei dati<\/li>\n<li>Analisi integrate direttamente nei flussi di lavoro degli utenti<\/li>\n<li>Business intelligence in rete<\/li>\n<li>Analisi avanzate<\/li>\n<li>Livello semantico agile<\/li>\n<li>Esperienza utente fluida<\/li>\n<li>Informazioni accessibili da qualsiasi dispositivo<\/li>\n<li>Capacit\u00e0 di generare ricavi con i dati<\/li>\n<li>Moderna architettura cloud<\/li>\n<\/ul>\n<div class=\"col-md\">\n<h4 class=\"list-default list-branded list-leftHighlights\">LE RECENSIONI DEGLI UTENTI<\/h4>\n<h4>Jonathan M. &#8220;Semplicemente il miglior software ERP disponibile.&#8221;<\/h4>\n<p><strong>Commenti<\/strong>: Il nostro negozio era gestito con un software molto datato che era praticamente inutilizzabile e limitava la nostra capacit\u00e0 di crescita. Abbiamo selezionato Visual ERP perch\u00e9 la sua funzionalit\u00e0 era tutto ci\u00f2 che cercavamo ed era facile da imparare e da usare. Il team di implementazione di Synergy Resources ha portato le nostre pratiche commerciali sulla buona strada e ha lavorato con noi per andare in diretta con il software in tempo e nel rispetto del budget.<\/p>\n<p><strong>Vantaggi<\/strong>: Infor Visual gestisce il mio intero negozio dalla contabilit\u00e0, all&#8217;officina, alla spedizione. Conosco in tempo reale lo stato di tutti i lavori e quanto stanno facendo bene. La capacit\u00e0 di programmare l&#8217;intero negozio \u00e8 stata fenomenale.<\/p>\n<p><strong>Inconvenienti<\/strong>: non ho nulla di negativo da dire su Visual.<\/p>\n<h4>Pam E. &#8220;Software di produzione eccezionale per le piccole e medie imprese&#8221;<\/h4>\n<p><strong>Vantaggi<\/strong>: la finestra di produzione combina i tuoi Routings e BOL in un&#8217;unica schermata. Il costo \u00e8 eccezionale. L&#8217;immissione dei dati \u00e8 molto semplice. Il flusso di processo \u00e8 facile da seguire.<\/p>\n<p><strong>Inconvenienti<\/strong>: la funzionalit\u00e0 di spedizione \u00e8 un po &#8216;debole e non si interfaccia direttamente con i corrieri senza un&#8217;applicazione di terze parti. La pianificazione in cui i dati cambiano rapidamente e un rapido cambio di tempo dalla costruzione alla nave presenta delle sfide.<\/p>\n<h4>Jorge F. &#8220;Tipo di macinatura quotidiana di ERP&#8221;<\/h4>\n<p><strong>Commenti<\/strong>: Questo software \u00e8 religione nella nostra attivit\u00e0. \u00c8 essenzialmente tutta la tua attivit\u00e0 in una scatola.<\/p>\n<p><strong>Vantaggi<\/strong>: Infor VISUAL ci consente di eseguire le nostre attivit\u00e0 quotidiane, la catena di fornitura, la contabilit\u00e0 e le attivit\u00e0 amministrative tutte dallo stesso posto. Deposita tutti i dati su SQL che conosciamo molto bene.<\/p>\n<p><strong>Inconvenienti<\/strong>: non mi piace che per tutto il supporto tecnico al di fuori dell&#8217;ambito del loro costoso supporto sia necessario un partner di canale e ce ne sono solo una manciata.<\/p>\n<\/div>\n","protected":false},"excerpt":{"rendered":"<p>Infor VISUAL \u00e8 un software Enterprise Resource Planning (ERP) progettato per le organizzazioni manifatturiere alla ricerca di una soluzione completa che copra l&#8217;intero ciclo di vita operativo. La piattaforma offre funzionalit\u00e0 end-to-end dalla pianificazione e l&#8217;approvvigionamento alla creazione e consegna e utilizza applicazioni per gestire progetti e produzione complessi, catena di fornitura, risorse umane, contabilit\u00e0 e finanza, gestione dei clienti, reportistica e altro ancora.<\/p>\n","protected":false},"author":19,"featured_media":22327,"parent":22029,"menu_order":0,"comment_status":"open","ping_status":"closed","template":"g1_template_page_review_new.php","meta":{"_acf_changed":false,"cwp_meta_box_check":"Yes","cwp_rev_product_name":"","cwp_rev_product_image":"","wppr_links":[],"cwp_rev_price":"","wppr_options":[],"wppr_pros":[],"wppr_cons":[],"_monsterinsights_skip_tracking":false,"_monsterinsights_sitenote_active":false,"_monsterinsights_sitenote_note":"","_monsterinsights_sitenote_category":0,"footnotes":""},"categories":[97,1654],"tags":[396,1664,1663,1694,1671,923,1667],"features":[],"class_list":{"0":"post-22325","1":"page","2":"type-page","3":"status-publish","4":"has-post-thumbnail","6":"category-accounting-services-it","7":"category-enterprise-resource-planning-software-erp","8":"tag-cloud","9":"tag-enterprise-resource-planning","10":"tag-erp","11":"tag-infor-visual","12":"tag-programma-erp","13":"tag-software-erp","14":"tag-soluzione-erp"},"wppr_data":{"cwp_meta_box_check":"Yes","cwp_rev_product_name":"","cwp_rev_product_image":"","cwp_image_link":"image","cwp_rev_price":"","wppr_rating":"0.00"},"acf":[],"yoast_head":"<!-- This site is optimized with the Yoast SEO plugin v27.4 - https:\/\/yoast.com\/product\/yoast-seo-wordpress\/ -->\n<title>Infor Visual: recensione software ERP - Accurate Reviews<\/title>\n<meta name=\"description\" content=\"Infor VISUAL: recensione software ERP per la gestione delle relazioni con i clienti, la gestione della qualit\u00e0, la pianificazione e molto altro.\" \/>\n<meta name=\"robots\" content=\"index, follow, max-snippet:-1, max-image-preview:large, max-video-preview:-1\" \/>\n<link rel=\"canonical\" href=\"https:\/\/www.accuratereviews.com\/it\/software-erp-lista-software\/infor-visual-recensione\/\" \/>\n<meta property=\"og:locale\" content=\"it_IT\" \/>\n<meta property=\"og:type\" content=\"article\" \/>\n<meta property=\"og:title\" content=\"Infor Visual: recensione software ERP - Accurate Reviews\" \/>\n<meta property=\"og:description\" content=\"Infor VISUAL: recensione software ERP per la gestione delle relazioni con i clienti, la gestione della qualit\u00e0, la pianificazione e molto altro.\" \/>\n<meta property=\"og:url\" content=\"https:\/\/www.accuratereviews.com\/it\/software-erp-lista-software\/infor-visual-recensione\/\" \/>\n<meta property=\"og:site_name\" content=\"Accurate Reviews\" \/>\n<meta property=\"og:image\" content=\"https:\/\/www.accuratereviews.com\/wp-content\/uploads\/2020\/01\/infor.png\" \/>\n\t<meta property=\"og:image:width\" content=\"752\" \/>\n\t<meta property=\"og:image:height\" content=\"514\" \/>\n\t<meta property=\"og:image:type\" content=\"image\/png\" \/>\n<meta name=\"twitter:card\" content=\"summary_large_image\" \/>\n<meta name=\"twitter:label1\" content=\"Tempo di lettura stimato\" \/>\n\t<meta name=\"twitter:data1\" content=\"3 minuti\" \/>\n<script type=\"application\/ld+json\" class=\"yoast-schema-graph\">{\"@context\":\"https:\\\/\\\/schema.org\",\"@graph\":[{\"@type\":\"WebPage\",\"@id\":\"https:\\\/\\\/www.accuratereviews.com\\\/it\\\/software-erp-lista-software\\\/infor-visual-recensione\\\/\",\"url\":\"https:\\\/\\\/www.accuratereviews.com\\\/it\\\/software-erp-lista-software\\\/infor-visual-recensione\\\/\",\"name\":\"Infor Visual: recensione software ERP - Accurate Reviews\",\"isPartOf\":{\"@id\":\"https:\\\/\\\/www.accuratereviews.com\\\/it\\\/#website\"},\"primaryImageOfPage\":{\"@id\":\"https:\\\/\\\/www.accuratereviews.com\\\/it\\\/software-erp-lista-software\\\/infor-visual-recensione\\\/#primaryimage\"},\"image\":{\"@id\":\"https:\\\/\\\/www.accuratereviews.com\\\/it\\\/software-erp-lista-software\\\/infor-visual-recensione\\\/#primaryimage\"},\"thumbnailUrl\":\"https:\\\/\\\/www.accuratereviews.com\\\/wp-content\\\/uploads\\\/2020\\\/01\\\/infor.png\",\"datePublished\":\"2020-01-20T13:43:02+00:00\",\"description\":\"Infor VISUAL: recensione software ERP per la gestione delle relazioni con i clienti, la gestione della qualit\u00e0, la pianificazione e molto altro.\",\"breadcrumb\":{\"@id\":\"https:\\\/\\\/www.accuratereviews.com\\\/it\\\/software-erp-lista-software\\\/infor-visual-recensione\\\/#breadcrumb\"},\"inLanguage\":\"it-IT\",\"potentialAction\":[{\"@type\":\"ReadAction\",\"target\":[\"https:\\\/\\\/www.accuratereviews.com\\\/it\\\/software-erp-lista-software\\\/infor-visual-recensione\\\/\"]}]},{\"@type\":\"ImageObject\",\"inLanguage\":\"it-IT\",\"@id\":\"https:\\\/\\\/www.accuratereviews.com\\\/it\\\/software-erp-lista-software\\\/infor-visual-recensione\\\/#primaryimage\",\"url\":\"https:\\\/\\\/www.accuratereviews.com\\\/wp-content\\\/uploads\\\/2020\\\/01\\\/infor.png\",\"contentUrl\":\"https:\\\/\\\/www.accuratereviews.com\\\/wp-content\\\/uploads\\\/2020\\\/01\\\/infor.png\",\"width\":752,\"height\":514},{\"@type\":\"BreadcrumbList\",\"@id\":\"https:\\\/\\\/www.accuratereviews.com\\\/it\\\/software-erp-lista-software\\\/infor-visual-recensione\\\/#breadcrumb\",\"itemListElement\":[{\"@type\":\"ListItem\",\"position\":1,\"name\":\"Home\",\"item\":\"https:\\\/\\\/www.accuratereviews.com\\\/it\\\/\"},{\"@type\":\"ListItem\",\"position\":2,\"name\":\"ERP Software\",\"item\":\"https:\\\/\\\/www.accuratereviews.com\\\/it\\\/software-erp-lista-software\\\/\"},{\"@type\":\"ListItem\",\"position\":3,\"name\":\"Infor VISUAL\"}]},{\"@type\":\"WebSite\",\"@id\":\"https:\\\/\\\/www.accuratereviews.com\\\/it\\\/#website\",\"url\":\"https:\\\/\\\/www.accuratereviews.com\\\/it\\\/\",\"name\":\"Accurate Reviews\",\"description\":\"\",\"potentialAction\":[{\"@type\":\"SearchAction\",\"target\":{\"@type\":\"EntryPoint\",\"urlTemplate\":\"https:\\\/\\\/www.accuratereviews.com\\\/it\\\/?s={search_term_string}\"},\"query-input\":{\"@type\":\"PropertyValueSpecification\",\"valueRequired\":true,\"valueName\":\"search_term_string\"}}],\"inLanguage\":\"it-IT\"}]}<\/script>\n<!-- \/ Yoast SEO plugin. -->","yoast_head_json":{"title":"Infor Visual: recensione software ERP - Accurate Reviews","description":"Infor VISUAL: recensione software ERP per la gestione delle relazioni con i clienti, la gestione della qualit\u00e0, la pianificazione e molto altro.","robots":{"index":"index","follow":"follow","max-snippet":"max-snippet:-1","max-image-preview":"max-image-preview:large","max-video-preview":"max-video-preview:-1"},"canonical":"https:\/\/www.accuratereviews.com\/it\/software-erp-lista-software\/infor-visual-recensione\/","og_locale":"it_IT","og_type":"article","og_title":"Infor Visual: recensione software ERP - Accurate Reviews","og_description":"Infor VISUAL: recensione software ERP per la gestione delle relazioni con i clienti, la gestione della qualit\u00e0, la pianificazione e molto altro.","og_url":"https:\/\/www.accuratereviews.com\/it\/software-erp-lista-software\/infor-visual-recensione\/","og_site_name":"Accurate Reviews","og_image":[{"width":752,"height":514,"url":"https:\/\/www.accuratereviews.com\/wp-content\/uploads\/2020\/01\/infor.png","type":"image\/png"}],"twitter_card":"summary_large_image","twitter_misc":{"Tempo di lettura stimato":"3 minuti"},"schema":{"@context":"https:\/\/schema.org","@graph":[{"@type":"WebPage","@id":"https:\/\/www.accuratereviews.com\/it\/software-erp-lista-software\/infor-visual-recensione\/","url":"https:\/\/www.accuratereviews.com\/it\/software-erp-lista-software\/infor-visual-recensione\/","name":"Infor Visual: recensione software ERP - Accurate Reviews","isPartOf":{"@id":"https:\/\/www.accuratereviews.com\/it\/#website"},"primaryImageOfPage":{"@id":"https:\/\/www.accuratereviews.com\/it\/software-erp-lista-software\/infor-visual-recensione\/#primaryimage"},"image":{"@id":"https:\/\/www.accuratereviews.com\/it\/software-erp-lista-software\/infor-visual-recensione\/#primaryimage"},"thumbnailUrl":"https:\/\/www.accuratereviews.com\/wp-content\/uploads\/2020\/01\/infor.png","datePublished":"2020-01-20T13:43:02+00:00","description":"Infor VISUAL: recensione software ERP per la gestione delle relazioni con i clienti, la gestione della qualit\u00e0, la pianificazione e molto altro.","breadcrumb":{"@id":"https:\/\/www.accuratereviews.com\/it\/software-erp-lista-software\/infor-visual-recensione\/#breadcrumb"},"inLanguage":"it-IT","potentialAction":[{"@type":"ReadAction","target":["https:\/\/www.accuratereviews.com\/it\/software-erp-lista-software\/infor-visual-recensione\/"]}]},{"@type":"ImageObject","inLanguage":"it-IT","@id":"https:\/\/www.accuratereviews.com\/it\/software-erp-lista-software\/infor-visual-recensione\/#primaryimage","url":"https:\/\/www.accuratereviews.com\/wp-content\/uploads\/2020\/01\/infor.png","contentUrl":"https:\/\/www.accuratereviews.com\/wp-content\/uploads\/2020\/01\/infor.png","width":752,"height":514},{"@type":"BreadcrumbList","@id":"https:\/\/www.accuratereviews.com\/it\/software-erp-lista-software\/infor-visual-recensione\/#breadcrumb","itemListElement":[{"@type":"ListItem","position":1,"name":"Home","item":"https:\/\/www.accuratereviews.com\/it\/"},{"@type":"ListItem","position":2,"name":"ERP Software","item":"https:\/\/www.accuratereviews.com\/it\/software-erp-lista-software\/"},{"@type":"ListItem","position":3,"name":"Infor VISUAL"}]},{"@type":"WebSite","@id":"https:\/\/www.accuratereviews.com\/it\/#website","url":"https:\/\/www.accuratereviews.com\/it\/","name":"Accurate Reviews","description":"","potentialAction":[{"@type":"SearchAction","target":{"@type":"EntryPoint","urlTemplate":"https:\/\/www.accuratereviews.com\/it\/?s={search_term_string}"},"query-input":{"@type":"PropertyValueSpecification","valueRequired":true,"valueName":"search_term_string"}}],"inLanguage":"it-IT"}]}},"_links":{"self":[{"href":"https:\/\/www.accuratereviews.com\/it\/wp-json\/wp\/v2\/pages\/22325","targetHints":{"allow":["GET"]}}],"collection":[{"href":"https:\/\/www.accuratereviews.com\/it\/wp-json\/wp\/v2\/pages"}],"about":[{"href":"https:\/\/www.accuratereviews.com\/it\/wp-json\/wp\/v2\/types\/page"}],"author":[{"embeddable":true,"href":"https:\/\/www.accuratereviews.com\/it\/wp-json\/wp\/v2\/users\/19"}],"replies":[{"embeddable":true,"href":"https:\/\/www.accuratereviews.com\/it\/wp-json\/wp\/v2\/comments?post=22325"}],"version-history":[{"count":5,"href":"https:\/\/www.accuratereviews.com\/it\/wp-json\/wp\/v2\/pages\/22325\/revisions"}],"predecessor-version":[{"id":22334,"href":"https:\/\/www.accuratereviews.com\/it\/wp-json\/wp\/v2\/pages\/22325\/revisions\/22334"}],"up":[{"embeddable":true,"href":"https:\/\/www.accuratereviews.com\/it\/wp-json\/wp\/v2\/pages\/22029"}],"wp:featuredmedia":[{"embeddable":true,"href":"https:\/\/www.accuratereviews.com\/it\/wp-json\/wp\/v2\/media\/22327"}],"wp:attachment":[{"href":"https:\/\/www.accuratereviews.com\/it\/wp-json\/wp\/v2\/media?parent=22325"}],"wp:term":[{"taxonomy":"category","embeddable":true,"href":"https:\/\/www.accuratereviews.com\/it\/wp-json\/wp\/v2\/categories?post=22325"},{"taxonomy":"post_tag","embeddable":true,"href":"https:\/\/www.accuratereviews.com\/it\/wp-json\/wp\/v2\/tags?post=22325"},{"taxonomy":"features","embeddable":true,"href":"https:\/\/www.accuratereviews.com\/it\/wp-json\/wp\/v2\/features?post=22325"}],"curies":[{"name":"wp","href":"https:\/\/api.w.org\/{rel}","templated":true}]}}