{"id":22335,"date":"2020-01-21T16:01:22","date_gmt":"2020-01-21T16:01:22","guid":{"rendered":"https:\/\/www.accuratereviews.com\/?page_id=22335"},"modified":"2020-01-21T16:01:22","modified_gmt":"2020-01-21T16:01:22","slug":"genius-solutions-recensione","status":"publish","type":"page","link":"https:\/\/www.accuratereviews.com\/it\/software-erp-lista-software\/genius-solutions-recensione\/","title":{"rendered":"Genius Solutions"},"content":{"rendered":"<p><strong>Genius Solutions<\/strong> \u00e8 la<strong> soluzione ERP<\/strong> progettata principalmente per le<strong> PMI<\/strong> che gestiscono la fabbricazione e la produzione personalizzata. Si tratta di un <strong>software di Enterprise Resource Planning<\/strong> completo che offre numerosi strumenti di pianificazione della produzione, ordinazione, stima, controllo dell&#8217;inventario e contabilit\u00e0. Grazie a questo programma ERP all-in-one, potrai avere una visione completa di tutte le operazione e attivit\u00e0 riguardanti l&#8217;azienda che sia di macchinari e attrezzature industriali, di trasporti, di attrezzature alimentari e da forno.<\/p>\n<h2>COME FUNZIONA GENIUS SOLUTIONS &#8211; TUTORIAL<\/h2>\n<p>Diamo un&#8217;occhiata a questo video per capire qualcosa di pi\u00f9:<\/p>\n<div id=\"fluid-wrapper-counter-1\" class=\"g1-fluid-wrapper \" style=\"width:686px;\">\n<div style=\"padding-bottom:56.268221574344%;\"><iframe loading=\"lazy\" title=\"Custom Manufacturing Process by Genius ERP | Genius ERP\" width=\"686\" height=\"386\" src=\"https:\/\/www.youtube.com\/embed\/PewKbJ1hE70?feature=oembed&amp;wmode=transparent&amp;autohide=1&amp;autoplay=0&amp;disablekb=0&amp;fs=1&amp;loop=0&amp;enablejsapi=1&amp;rel=0&amp;controls=2&amp;showinfo=0&amp;wmode=transparent&amp;autohide=2&amp;autoplay=0&amp;disablekb=0&amp;fs=1&amp;loop=0&amp;enablejsapi=1&amp;rel=0&amp;controls=2&amp;showinfo=1\" frameborder=\"0\" allow=\"accelerometer; autoplay; encrypted-media; gyroscope; picture-in-picture\" allowfullscreen><\/iframe><\/div>\n<\/div>\n<h3>GENIUS SOLUTIONS &#8211; CARATTERISTICHE<\/h3>\n<p>Di seguito le sue principali caratteristiche:<\/p>\n<ul>\n<li><strong>API di riposo<\/strong>: connetti applicazioni, siti web e software personalizzati di terze parti per condividere informazioni in tempo reale su piattaforme e con rivenditori e clienti<\/li>\n<li><strong>Ingegneria del prodotto<\/strong>: prendi i progetti CAD dal software di ingegneria del prodotto, trasformali in distinte base e richieste di offerta per risparmiare tempo di progettazione e ridurre l&#8217;inserimento dei dati e gli errori di produzione<\/li>\n<li><strong>Gestione di progetto<\/strong>: risparmia tempo e raggiungi in modo affidabile gli obiettivi di consegna con acquisti intuitivi, anche per articoli a lungo termine prima di una distinta base completa<\/li>\n<li><strong>Gestione delle vendite CRM<\/strong>: tieni traccia delle opportunit\u00e0 e monitora la tua pipeline in tempo reale utilizzando il nostro CRM delle vendite perfettamente integrato con ERP Genius<\/li>\n<li><strong>Gestione della contabilit\u00e0<\/strong>: traccia facilmente i costi del lavoro e semplifica la contabilit\u00e0 con un modulo di contabilit\u00e0 ERP che collega la finanza e la contabilit\u00e0 con l&#8217;intera operazione<\/li>\n<li><strong>Gestione del fornitore<\/strong>: le funzionalit\u00e0 del software di gestione dei fornitori Genius includono RFQ completamente automatizzate e ordini intelligenti, che consentono di essere sempre al top dei fornitori.<\/li>\n<\/ul>\n<h3>LE RECENSIONI DEGLI UTENTI<\/h3>\n<p><strong>&#8220;Genius si adatta bene&#8221;<\/strong><br \/>\nIN GENERALE: stiamo producendo stazioni di ricarica per veicoli elettrici; Le nostre BOM sono complesse perch\u00e9 includono molte parti. Genius MRP ci aiuta a pianificare e organizzare il nostro piano di produzione e a controllare il nostro inventario. Ci aiuta per la tracciabilit\u00e0 dei prodotti e dei componenti che sono stati utilizzati nella fabbricazione. Stiamo usando Genius MRP per 2 anni quando abbiamo deciso di integrare la suite finanziaria. Poich\u00e9 tutti i nostri dati sono raggruppati in un unico sistema, \u00e8 pi\u00f9 facile trovare informazioni; alla possibilit\u00e0 di eseguire il drill down migliora notevolmente l&#8217;analisi finanziaria.<br \/>\nPRO: il software soddisfa le nostre esigenze; le interfacce sono intuitive, facili da usare. Le persone che lavorano in Genius sono competenti e in grado di comprendere le nostre esigenze.<br \/>\nCONTRO: la documentazione e la guida dell&#8217;utente non sono sempre aggiornate; Sapevo che un nuovo servizio clienti era ora in atto. Questo sicuramente aiuter\u00e0 a ottenere rapidamente risposte alle domande d&#8217;uso.<\/p>\n<p><strong>&#8220;Grande supporto&#8221;<\/strong><br \/>\nIN GENERALE: abbiamo appena iniziato a catturare alcuni dati, ma finora i vantaggi sono il costo del lavoro, il monitoraggio\/la pianificazione e l&#8217;analisi.<br \/>\nPRO: facile da navigare, raccolta e analisi dei dati complete.<br \/>\nCONTRO: alcuni campi non sono facilmente ricercabili o intelligenti. Oggi molti software ti consentono di iniziare a digitare e sa cosa stai cercando: formulare raccomandazioni o compilare una linea grigia in modo da poter semplicemente premere Invio.<\/p>\n<p><strong>&#8220;Ottimo ERP per la produzione&#8221;<\/strong><br \/>\nIN GENERALE: abbiamo sostituito il nostro Epicor ERP con GENIUS ERP e siamo molto contenti del cambiamento. Genius \u00e8 molto pi\u00f9 veloce di Epicor ed \u00e8 pi\u00f9 facile da imparare e da usare. Consiglio vivamente ERP Genius.<br \/>\nPRO: Questo \u00e8 un ERP molto efficace. Il software \u00e8 facile da imparare e facile da usare. Pu\u00f2 essere automatizzato fino a un certo punto con il suo sistema GTA (Genius Task Automation). Ogni aggiornamento importante include molte nuove funzionalit\u00e0, quindi migliora sempre di pi\u00f9 con ogni aggiornamento.<br \/>\nCONTRO: La personalizzazione \u00e8 molto limitata con Genius. Non \u00e8 possibile cambiare o alterare il comportamento o l&#8217;aspetto del software. Potresti perdere alcune funzionalit\u00e0 necessarie quando il software viene aggiornato. I bug di Somme possono richiedere molti aggiornamenti prima che vengano corretti.<\/p>\n","protected":false},"excerpt":{"rendered":"<p>Genius Solutions \u00e8 la soluzione ERP progettata principalmente per le PMI che gestiscono la fabbricazione e la produzione personalizzata. Si tratta di un software di Enterprise Resource Planning completo che offre numerosi strumenti di pianificazione della produzione, ordinazione, stima, controllo dell&#8217;inventario e contabilit\u00e0.<\/p>\n","protected":false},"author":17,"featured_media":22336,"parent":22029,"menu_order":0,"comment_status":"open","ping_status":"closed","template":"g1_template_page_review_new.php","meta":{"_acf_changed":false,"cwp_meta_box_check":"Yes","cwp_rev_product_name":"","cwp_rev_product_image":"","wppr_links":[],"cwp_rev_price":"","wppr_options":[],"wppr_pros":[],"wppr_cons":[],"_monsterinsights_skip_tracking":false,"_monsterinsights_sitenote_active":false,"_monsterinsights_sitenote_note":"","_monsterinsights_sitenote_category":0,"footnotes":""},"categories":[1654],"tags":[1664,1663,1669,1667],"features":[],"class_list":{"0":"post-22335","1":"page","2":"type-page","3":"status-publish","4":"has-post-thumbnail","6":"category-enterprise-resource-planning-software-erp","7":"tag-enterprise-resource-planning","8":"tag-erp","9":"tag-piattaforma-erp","10":"tag-soluzione-erp"},"wppr_data":{"cwp_meta_box_check":"Yes","cwp_rev_product_name":"","cwp_rev_product_image":"","cwp_image_link":"image","cwp_rev_price":"","wppr_rating":"0.00"},"acf":[],"yoast_head":"<!-- This site is optimized with the Yoast SEO plugin v27.4 - https:\/\/yoast.com\/product\/yoast-seo-wordpress\/ -->\n<title>Genius Solutions: recensione soluzione ERP - Accurate Reviews<\/title>\n<meta name=\"description\" content=\"Genius Solutions: recensione della soluzione ERP progettata principalmente per le PMI che gestiscono la fabbricazione e la produzione personalizzata.\" \/>\n<meta name=\"robots\" content=\"index, follow, max-snippet:-1, max-image-preview:large, max-video-preview:-1\" \/>\n<link rel=\"canonical\" href=\"https:\/\/www.accuratereviews.com\/it\/software-erp-lista-software\/genius-solutions-recensione\/\" \/>\n<meta property=\"og:locale\" content=\"it_IT\" \/>\n<meta property=\"og:type\" content=\"article\" \/>\n<meta property=\"og:title\" content=\"Genius Solutions: recensione soluzione ERP - Accurate Reviews\" \/>\n<meta property=\"og:description\" content=\"Genius Solutions: recensione della soluzione ERP progettata principalmente per le PMI che gestiscono la fabbricazione e la produzione personalizzata.\" \/>\n<meta property=\"og:url\" content=\"https:\/\/www.accuratereviews.com\/it\/software-erp-lista-software\/genius-solutions-recensione\/\" \/>\n<meta property=\"og:site_name\" content=\"Accurate Reviews\" \/>\n<meta property=\"og:image\" content=\"https:\/\/www.accuratereviews.com\/wp-content\/uploads\/2020\/01\/picture.jpeg\" \/>\n\t<meta property=\"og:image:width\" content=\"400\" \/>\n\t<meta property=\"og:image:height\" content=\"400\" \/>\n\t<meta property=\"og:image:type\" content=\"image\/jpeg\" \/>\n<meta name=\"twitter:card\" content=\"summary_large_image\" \/>\n<meta name=\"twitter:label1\" content=\"Tempo di lettura stimato\" \/>\n\t<meta name=\"twitter:data1\" content=\"3 minuti\" \/>\n<script type=\"application\/ld+json\" class=\"yoast-schema-graph\">{\"@context\":\"https:\\\/\\\/schema.org\",\"@graph\":[{\"@type\":\"WebPage\",\"@id\":\"https:\\\/\\\/www.accuratereviews.com\\\/it\\\/software-erp-lista-software\\\/genius-solutions-recensione\\\/\",\"url\":\"https:\\\/\\\/www.accuratereviews.com\\\/it\\\/software-erp-lista-software\\\/genius-solutions-recensione\\\/\",\"name\":\"Genius Solutions: recensione soluzione ERP - Accurate Reviews\",\"isPartOf\":{\"@id\":\"https:\\\/\\\/www.accuratereviews.com\\\/it\\\/#website\"},\"primaryImageOfPage\":{\"@id\":\"https:\\\/\\\/www.accuratereviews.com\\\/it\\\/software-erp-lista-software\\\/genius-solutions-recensione\\\/#primaryimage\"},\"image\":{\"@id\":\"https:\\\/\\\/www.accuratereviews.com\\\/it\\\/software-erp-lista-software\\\/genius-solutions-recensione\\\/#primaryimage\"},\"thumbnailUrl\":\"https:\\\/\\\/www.accuratereviews.com\\\/wp-content\\\/uploads\\\/2020\\\/01\\\/picture.jpeg\",\"datePublished\":\"2020-01-21T16:01:22+00:00\",\"description\":\"Genius Solutions: recensione della soluzione ERP progettata principalmente per le PMI che gestiscono la fabbricazione e la produzione personalizzata.\",\"breadcrumb\":{\"@id\":\"https:\\\/\\\/www.accuratereviews.com\\\/it\\\/software-erp-lista-software\\\/genius-solutions-recensione\\\/#breadcrumb\"},\"inLanguage\":\"it-IT\",\"potentialAction\":[{\"@type\":\"ReadAction\",\"target\":[\"https:\\\/\\\/www.accuratereviews.com\\\/it\\\/software-erp-lista-software\\\/genius-solutions-recensione\\\/\"]}]},{\"@type\":\"ImageObject\",\"inLanguage\":\"it-IT\",\"@id\":\"https:\\\/\\\/www.accuratereviews.com\\\/it\\\/software-erp-lista-software\\\/genius-solutions-recensione\\\/#primaryimage\",\"url\":\"https:\\\/\\\/www.accuratereviews.com\\\/wp-content\\\/uploads\\\/2020\\\/01\\\/picture.jpeg\",\"contentUrl\":\"https:\\\/\\\/www.accuratereviews.com\\\/wp-content\\\/uploads\\\/2020\\\/01\\\/picture.jpeg\",\"width\":400,\"height\":400},{\"@type\":\"BreadcrumbList\",\"@id\":\"https:\\\/\\\/www.accuratereviews.com\\\/it\\\/software-erp-lista-software\\\/genius-solutions-recensione\\\/#breadcrumb\",\"itemListElement\":[{\"@type\":\"ListItem\",\"position\":1,\"name\":\"Home\",\"item\":\"https:\\\/\\\/www.accuratereviews.com\\\/it\\\/\"},{\"@type\":\"ListItem\",\"position\":2,\"name\":\"ERP Software\",\"item\":\"https:\\\/\\\/www.accuratereviews.com\\\/it\\\/software-erp-lista-software\\\/\"},{\"@type\":\"ListItem\",\"position\":3,\"name\":\"Genius Solutions\"}]},{\"@type\":\"WebSite\",\"@id\":\"https:\\\/\\\/www.accuratereviews.com\\\/it\\\/#website\",\"url\":\"https:\\\/\\\/www.accuratereviews.com\\\/it\\\/\",\"name\":\"Accurate Reviews\",\"description\":\"\",\"potentialAction\":[{\"@type\":\"SearchAction\",\"target\":{\"@type\":\"EntryPoint\",\"urlTemplate\":\"https:\\\/\\\/www.accuratereviews.com\\\/it\\\/?s={search_term_string}\"},\"query-input\":{\"@type\":\"PropertyValueSpecification\",\"valueRequired\":true,\"valueName\":\"search_term_string\"}}],\"inLanguage\":\"it-IT\"}]}<\/script>\n<!-- \/ Yoast SEO plugin. -->","yoast_head_json":{"title":"Genius Solutions: recensione soluzione ERP - Accurate Reviews","description":"Genius Solutions: recensione della soluzione ERP progettata principalmente per le PMI che gestiscono la fabbricazione e la produzione personalizzata.","robots":{"index":"index","follow":"follow","max-snippet":"max-snippet:-1","max-image-preview":"max-image-preview:large","max-video-preview":"max-video-preview:-1"},"canonical":"https:\/\/www.accuratereviews.com\/it\/software-erp-lista-software\/genius-solutions-recensione\/","og_locale":"it_IT","og_type":"article","og_title":"Genius Solutions: recensione soluzione ERP - Accurate Reviews","og_description":"Genius Solutions: recensione della soluzione ERP progettata principalmente per le PMI che gestiscono la fabbricazione e la produzione personalizzata.","og_url":"https:\/\/www.accuratereviews.com\/it\/software-erp-lista-software\/genius-solutions-recensione\/","og_site_name":"Accurate Reviews","og_image":[{"width":400,"height":400,"url":"https:\/\/www.accuratereviews.com\/wp-content\/uploads\/2020\/01\/picture.jpeg","type":"image\/jpeg"}],"twitter_card":"summary_large_image","twitter_misc":{"Tempo di lettura stimato":"3 minuti"},"schema":{"@context":"https:\/\/schema.org","@graph":[{"@type":"WebPage","@id":"https:\/\/www.accuratereviews.com\/it\/software-erp-lista-software\/genius-solutions-recensione\/","url":"https:\/\/www.accuratereviews.com\/it\/software-erp-lista-software\/genius-solutions-recensione\/","name":"Genius Solutions: recensione soluzione ERP - Accurate Reviews","isPartOf":{"@id":"https:\/\/www.accuratereviews.com\/it\/#website"},"primaryImageOfPage":{"@id":"https:\/\/www.accuratereviews.com\/it\/software-erp-lista-software\/genius-solutions-recensione\/#primaryimage"},"image":{"@id":"https:\/\/www.accuratereviews.com\/it\/software-erp-lista-software\/genius-solutions-recensione\/#primaryimage"},"thumbnailUrl":"https:\/\/www.accuratereviews.com\/wp-content\/uploads\/2020\/01\/picture.jpeg","datePublished":"2020-01-21T16:01:22+00:00","description":"Genius Solutions: recensione della soluzione ERP progettata principalmente per le PMI che gestiscono la fabbricazione e la produzione personalizzata.","breadcrumb":{"@id":"https:\/\/www.accuratereviews.com\/it\/software-erp-lista-software\/genius-solutions-recensione\/#breadcrumb"},"inLanguage":"it-IT","potentialAction":[{"@type":"ReadAction","target":["https:\/\/www.accuratereviews.com\/it\/software-erp-lista-software\/genius-solutions-recensione\/"]}]},{"@type":"ImageObject","inLanguage":"it-IT","@id":"https:\/\/www.accuratereviews.com\/it\/software-erp-lista-software\/genius-solutions-recensione\/#primaryimage","url":"https:\/\/www.accuratereviews.com\/wp-content\/uploads\/2020\/01\/picture.jpeg","contentUrl":"https:\/\/www.accuratereviews.com\/wp-content\/uploads\/2020\/01\/picture.jpeg","width":400,"height":400},{"@type":"BreadcrumbList","@id":"https:\/\/www.accuratereviews.com\/it\/software-erp-lista-software\/genius-solutions-recensione\/#breadcrumb","itemListElement":[{"@type":"ListItem","position":1,"name":"Home","item":"https:\/\/www.accuratereviews.com\/it\/"},{"@type":"ListItem","position":2,"name":"ERP Software","item":"https:\/\/www.accuratereviews.com\/it\/software-erp-lista-software\/"},{"@type":"ListItem","position":3,"name":"Genius Solutions"}]},{"@type":"WebSite","@id":"https:\/\/www.accuratereviews.com\/it\/#website","url":"https:\/\/www.accuratereviews.com\/it\/","name":"Accurate Reviews","description":"","potentialAction":[{"@type":"SearchAction","target":{"@type":"EntryPoint","urlTemplate":"https:\/\/www.accuratereviews.com\/it\/?s={search_term_string}"},"query-input":{"@type":"PropertyValueSpecification","valueRequired":true,"valueName":"search_term_string"}}],"inLanguage":"it-IT"}]}},"_links":{"self":[{"href":"https:\/\/www.accuratereviews.com\/it\/wp-json\/wp\/v2\/pages\/22335","targetHints":{"allow":["GET"]}}],"collection":[{"href":"https:\/\/www.accuratereviews.com\/it\/wp-json\/wp\/v2\/pages"}],"about":[{"href":"https:\/\/www.accuratereviews.com\/it\/wp-json\/wp\/v2\/types\/page"}],"author":[{"embeddable":true,"href":"https:\/\/www.accuratereviews.com\/it\/wp-json\/wp\/v2\/users\/17"}],"replies":[{"embeddable":true,"href":"https:\/\/www.accuratereviews.com\/it\/wp-json\/wp\/v2\/comments?post=22335"}],"version-history":[{"count":5,"href":"https:\/\/www.accuratereviews.com\/it\/wp-json\/wp\/v2\/pages\/22335\/revisions"}],"predecessor-version":[{"id":22393,"href":"https:\/\/www.accuratereviews.com\/it\/wp-json\/wp\/v2\/pages\/22335\/revisions\/22393"}],"up":[{"embeddable":true,"href":"https:\/\/www.accuratereviews.com\/it\/wp-json\/wp\/v2\/pages\/22029"}],"wp:featuredmedia":[{"embeddable":true,"href":"https:\/\/www.accuratereviews.com\/it\/wp-json\/wp\/v2\/media\/22336"}],"wp:attachment":[{"href":"https:\/\/www.accuratereviews.com\/it\/wp-json\/wp\/v2\/media?parent=22335"}],"wp:term":[{"taxonomy":"category","embeddable":true,"href":"https:\/\/www.accuratereviews.com\/it\/wp-json\/wp\/v2\/categories?post=22335"},{"taxonomy":"post_tag","embeddable":true,"href":"https:\/\/www.accuratereviews.com\/it\/wp-json\/wp\/v2\/tags?post=22335"},{"taxonomy":"features","embeddable":true,"href":"https:\/\/www.accuratereviews.com\/it\/wp-json\/wp\/v2\/features?post=22335"}],"curies":[{"name":"wp","href":"https:\/\/api.w.org\/{rel}","templated":true}]}}