{"id":22339,"date":"2020-01-21T15:59:57","date_gmt":"2020-01-21T15:59:57","guid":{"rendered":"https:\/\/www.accuratereviews.com\/?page_id=22339"},"modified":"2021-05-10T14:20:27","modified_gmt":"2021-05-10T14:20:27","slug":"blue-link-erp-recensione","status":"publish","type":"page","link":"https:\/\/www.accuratereviews.com\/it\/software-erp-lista-software\/blue-link-erp-recensione\/","title":{"rendered":"Blue Link ERP"},"content":{"rendered":"<p><strong>Blue Link ERP<\/strong> \u00e8 un <strong>software ERP<\/strong> per l&#8217;organizzazione aziendale con moduli integrati di contabilit\u00e0 e gestione delle scorte. Con questa soluzione le imprese sono in grado di sperimentare una migliore gestione delle operazioni. Gli aspetti integrati del software consentono loro di concludere i propri compiti pi\u00f9 rapidamente senza sacrificare la precisione, consentendo ai collaboratori di essere pi\u00f9 produttivi ed efficienti. Si integra con le piattaforme di ecommerce e i mercati online. Ci\u00f2 consente alle aziende di controllare gli ordini e gli acquisti dai loro negozi web direttamente dalla soluzione con facilit\u00e0 mantenendo al contempo dati precisi su tutta la linea. <strong>Blue Link ERP<\/strong> ha un&#8217;API aperta che consente alle aziende di creare integrazioni personalizzate.<\/p>\n<h2>BLUE LINK &#8211; TUTORIAL<\/h2>\n<p>Pronto a migliorare i tuoi processi aziendali? Utilizza questo <strong>software ERP<\/strong> \u00a0per gli ordini cliente e strumenti avanzati in grado di fornire maggiori informazioni su prodotti, note, numeri di serie, tracciabilit\u00e0 dei lotti e altro ancora guarda questa tutorial:<\/p>\n<div id=\"fluid-wrapper-counter-1\" class=\"g1-fluid-wrapper \" style=\"width:686px;\">\n<div style=\"padding-bottom:56.268221574344%;\"><iframe loading=\"lazy\" title=\"Advanced Sales Order Tools in ERP | Blue Link ERP\" width=\"686\" height=\"386\" src=\"https:\/\/www.youtube.com\/embed\/82KS_jWVqb8?feature=oembed&amp;wmode=transparent&amp;autohide=1&amp;autoplay=0&amp;disablekb=0&amp;fs=1&amp;loop=0&amp;enablejsapi=1&amp;rel=0&amp;controls=2&amp;showinfo=0&amp;wmode=transparent&amp;autohide=2&amp;autoplay=0&amp;disablekb=0&amp;fs=1&amp;loop=0&amp;enablejsapi=1&amp;rel=0&amp;controls=2&amp;showinfo=1\" frameborder=\"0\" allow=\"accelerometer; autoplay; encrypted-media; gyroscope; picture-in-picture\" allowfullscreen><\/iframe><\/div>\n<\/div>\n<p>&nbsp;<\/p>\n<h3>BLUE LINK &#8211; CARATTERISTICHE<\/h3>\n<ul>\n<li>Multiutente e multi-azienda<\/li>\n<li>Robusto e affidabile: database Microsoft SQL Server<\/li>\n<li>Multivaluta numero: illimitato di valute<\/li>\n<li>Internazionale: configurabile per Canada, Stati Uniti, Caraibi e altre giurisdizioni, comprese le imposte sulle vendite e la terminologia<\/li>\n<li>Sistema in tempo reale: fornisce informazioni aggiornate<\/li>\n<li>Drill down interface: informazioni di facile accesso per inventario, contabilit\u00e0, ecc.<\/li>\n<li>L&#8217;API (interfaccia di programmazione dell&#8217;applicazione) facilita l&#8217;integrazione senza soluzione di continuit\u00e0 con le applicazioni front-end di terze parti<\/li>\n<li>I campi definiti dall&#8217;utente (UDF) consentono agli utenti di aggiungere dettagli e note personalizzati a clienti, venditori, vendite, prodotti e acquisti<\/li>\n<li>Le schermate dettagliate dispongono di colonne, ordini e filtri controllati dall&#8217;utente<\/li>\n<li>Registrazione delle modifiche dei campi chiave che annotano i valori prima e dopo, nonch\u00e9 chi e quando sono stati modificati<\/li>\n<li>Restrizioni di sicurezza a livello di sistema basate sull&#8217;accesso utente<\/li>\n<li>Note centralizzate su clienti e fornitori disponibili ovunque vengano utilizzati Clienti e Fornitori<\/li>\n<li>I report possono essere esportati direttamente in Microsoft Excel e i dati possono essere collegati in tempo reale con Excel<\/li>\n<li>La struttura aperta del database supporta i report degli utenti finali con strumenti di terze parti come MS Excel e Crystal Reports (in base alla sicurezza)<\/li>\n<li>Barra di ricerca rapida: accesso immediato a ordini, fatture, preventivi, ecc. Specificati<\/li>\n<li>Utilizza SQL Reporting Services per le eccezioni pianificate \/ inviate tramite posta elettronica e i report di gestione<\/li>\n<\/ul>\n<h4>LE RECENSIONI DEGLI UTENTI<\/h4>\n<h4><strong>Socrates M. &#8220;ottieni il lavoro fatto&#8221;<\/strong><\/h4>\n<p><strong>Commenti<\/strong>: Consiglierei di considerarlo se sei un&#8217;azienda di piccole e medie dimensioni perch\u00e9 produce report molto professionali a un buon costo e il servizio clienti \u00e8 ottimo.<\/p>\n<p><strong>Vantaggi<\/strong>: creare e formare il nostro team \u00e8 stato semplice quando \u00e8 stato avviato e funzionante. i rapporti che produce sono davvero belli<\/p>\n<p><strong>Inconvenienti<\/strong>: l&#8217;interfaccia sembra vecchia \/ datata. non troppe funzionalit\u00e0 di report a meno che tu non paghi molto di pi\u00f9 per accedervi.<\/p>\n<h4>Peter G. &#8220;Soluzione ERP \/ WMS di prim&#8217;ordine con un servizio clienti eccezionale!&#8221;<\/h4>\n<p><strong>Commenti<\/strong>: Nel complesso, Blue Link \u00e8 una soluzione ERP \/ WMS superiore per le piccole e medie imprese a un costo molto ragionevole.<\/p>\n<p><strong>Vantaggi<\/strong>: Come ogni grande sistema ERP, incorpora tutti i componenti chiave (acquisti, inventario, vendite, finanza, ecc.) Per facilitare un ambiente privo di errori. Il team di Blue Link \u00e8 sempre pronto ad aiutare in caso di necessit\u00e0. A causa della natura della nostra attivit\u00e0, abbiamo completato pi\u00f9 progetti personalizzati e il team Blue Link li ha resi molto facili da integrare nell&#8217;app di base.<\/p>\n<p><strong>Inconvenienti<\/strong>: gestiamo anche il WMS offerto da Blue Link. Mi sarebbe piaciuto vedere il WMS incorporato nell&#8217;ERP invece di una soluzione autonoma. Non sto affatto suggerendo che sia difettoso, ma a causa del lavoro personalizzato che abbiamo implementato, incontriamo piccoli problemi in rare occasioni.<\/p>\n<h4>Miriam T. &#8220;Eccellente software erp, il migliore&#8221;<\/h4>\n<p><strong>Vantaggi<\/strong>: adoro la loro nuova versione, in particolare la dashboard che si integra con i report sql. Offre una prospettiva eccezionale delle operazioni e delle vendite quotidiane e \u00e8 super facile da usare e preciso. Il software assicura che tutta la nostra contabilit\u00e0 rimanga in equilibrio e si integri con tutti i tipi di altri software come fedex, calcolatori fiscali, fornisce EFT ed EDI e fornisce anche API per i servizi web. Inoltre, il team del servizio clienti \u00e8 molto attento e competente, in grado di rispondere a qualsiasi domanda in modo rapido e amichevole.<\/p>\n<p><strong>Inconvenienti<\/strong>: non ho lamentele con il software. \u00c8 eccellente e lo consiglierei.<\/p>\n","protected":false},"excerpt":{"rendered":"<p>Blue Link ERP \u00e8 un software ERP per l&#8217;organizzazione aziendale con moduli integrati di contabilit\u00e0 e gestione delle scorte.\u00a0Con questa soluzione le imprese sono in grado di sperimentare una migliore gestione delle operazioni. Gli aspetti integrati del software consentono loro di concludere i propri compiti pi\u00f9 rapidamente senza sacrificare la precisione, consentendo ai collaboratori di essere pi\u00f9 produttivi ed efficienti.<\/p>\n","protected":false},"author":19,"featured_media":22342,"parent":22029,"menu_order":0,"comment_status":"open","ping_status":"closed","template":"g1_template_page_review_new.php","meta":{"_acf_changed":false,"cwp_meta_box_check":"Yes","cwp_rev_product_name":"","cwp_rev_product_image":"","wppr_links":[],"cwp_rev_price":"","wppr_options":[],"wppr_pros":[],"wppr_cons":[],"_monsterinsights_skip_tracking":false,"_monsterinsights_sitenote_active":false,"_monsterinsights_sitenote_note":"","_monsterinsights_sitenote_category":0,"footnotes":""},"categories":[97,1654],"tags":[1695,1664,1663,1671,923,1667],"features":[],"class_list":{"0":"post-22339","1":"page","2":"type-page","3":"status-publish","4":"has-post-thumbnail","6":"category-accounting-services-it","7":"category-enterprise-resource-planning-software-erp","8":"tag-blue-link-erp","9":"tag-enterprise-resource-planning","10":"tag-erp","11":"tag-programma-erp","12":"tag-software-erp","13":"tag-soluzione-erp"},"wppr_data":{"cwp_meta_box_check":"Yes","cwp_rev_product_name":"","cwp_rev_product_image":"","cwp_image_link":"image","cwp_rev_price":"","wppr_rating":"0.00"},"acf":[],"yoast_head":"<!-- This site is optimized with the Yoast SEO plugin v27.4 - https:\/\/yoast.com\/product\/yoast-seo-wordpress\/ -->\n<title>Blue Link ERP: recensione software ERP - Accurate Reviews<\/title>\n<meta name=\"description\" content=\"Blue Link ERP: recensione software ERP fornito con moduli di contabilit\u00e0 e inventario. Ci\u00f2 lo rende potente e affidabile per la tua attivit\u00e0.\" \/>\n<meta name=\"robots\" content=\"index, follow, max-snippet:-1, max-image-preview:large, max-video-preview:-1\" \/>\n<link rel=\"canonical\" href=\"https:\/\/www.accuratereviews.com\/it\/software-erp-lista-software\/blue-link-erp-recensione\/\" \/>\n<meta property=\"og:locale\" content=\"it_IT\" \/>\n<meta property=\"og:type\" content=\"article\" \/>\n<meta property=\"og:title\" content=\"Blue Link ERP: recensione software ERP - Accurate Reviews\" \/>\n<meta property=\"og:description\" content=\"Blue Link ERP: recensione software ERP fornito con moduli di contabilit\u00e0 e inventario. Ci\u00f2 lo rende potente e affidabile per la tua attivit\u00e0.\" \/>\n<meta property=\"og:url\" content=\"https:\/\/www.accuratereviews.com\/it\/software-erp-lista-software\/blue-link-erp-recensione\/\" \/>\n<meta property=\"og:site_name\" content=\"Accurate Reviews\" \/>\n<meta property=\"article:modified_time\" content=\"2021-05-10T14:20:27+00:00\" \/>\n<meta property=\"og:image\" content=\"https:\/\/www.accuratereviews.com\/wp-content\/uploads\/2020\/01\/Blue_Link_Logo.png\" \/>\n\t<meta property=\"og:image:width\" content=\"2723\" \/>\n\t<meta property=\"og:image:height\" content=\"2723\" \/>\n\t<meta property=\"og:image:type\" content=\"image\/png\" \/>\n<meta name=\"twitter:card\" content=\"summary_large_image\" \/>\n<meta name=\"twitter:label1\" content=\"Tempo di lettura stimato\" \/>\n\t<meta name=\"twitter:data1\" content=\"4 minuti\" \/>\n<script type=\"application\/ld+json\" class=\"yoast-schema-graph\">{\"@context\":\"https:\\\/\\\/schema.org\",\"@graph\":[{\"@type\":\"WebPage\",\"@id\":\"https:\\\/\\\/www.accuratereviews.com\\\/it\\\/software-erp-lista-software\\\/blue-link-erp-recensione\\\/\",\"url\":\"https:\\\/\\\/www.accuratereviews.com\\\/it\\\/software-erp-lista-software\\\/blue-link-erp-recensione\\\/\",\"name\":\"Blue Link ERP: recensione software ERP - Accurate Reviews\",\"isPartOf\":{\"@id\":\"https:\\\/\\\/www.accuratereviews.com\\\/it\\\/#website\"},\"primaryImageOfPage\":{\"@id\":\"https:\\\/\\\/www.accuratereviews.com\\\/it\\\/software-erp-lista-software\\\/blue-link-erp-recensione\\\/#primaryimage\"},\"image\":{\"@id\":\"https:\\\/\\\/www.accuratereviews.com\\\/it\\\/software-erp-lista-software\\\/blue-link-erp-recensione\\\/#primaryimage\"},\"thumbnailUrl\":\"https:\\\/\\\/www.accuratereviews.com\\\/wp-content\\\/uploads\\\/2020\\\/01\\\/Blue_Link_Logo.png\",\"datePublished\":\"2020-01-21T15:59:57+00:00\",\"dateModified\":\"2021-05-10T14:20:27+00:00\",\"description\":\"Blue Link ERP: recensione software ERP fornito con moduli di contabilit\u00e0 e inventario. Ci\u00f2 lo rende potente e affidabile per la tua attivit\u00e0.\",\"breadcrumb\":{\"@id\":\"https:\\\/\\\/www.accuratereviews.com\\\/it\\\/software-erp-lista-software\\\/blue-link-erp-recensione\\\/#breadcrumb\"},\"inLanguage\":\"it-IT\",\"potentialAction\":[{\"@type\":\"ReadAction\",\"target\":[\"https:\\\/\\\/www.accuratereviews.com\\\/it\\\/software-erp-lista-software\\\/blue-link-erp-recensione\\\/\"]}]},{\"@type\":\"ImageObject\",\"inLanguage\":\"it-IT\",\"@id\":\"https:\\\/\\\/www.accuratereviews.com\\\/it\\\/software-erp-lista-software\\\/blue-link-erp-recensione\\\/#primaryimage\",\"url\":\"https:\\\/\\\/www.accuratereviews.com\\\/wp-content\\\/uploads\\\/2020\\\/01\\\/Blue_Link_Logo.png\",\"contentUrl\":\"https:\\\/\\\/www.accuratereviews.com\\\/wp-content\\\/uploads\\\/2020\\\/01\\\/Blue_Link_Logo.png\",\"width\":2723,\"height\":2723},{\"@type\":\"BreadcrumbList\",\"@id\":\"https:\\\/\\\/www.accuratereviews.com\\\/it\\\/software-erp-lista-software\\\/blue-link-erp-recensione\\\/#breadcrumb\",\"itemListElement\":[{\"@type\":\"ListItem\",\"position\":1,\"name\":\"Home\",\"item\":\"https:\\\/\\\/www.accuratereviews.com\\\/it\\\/\"},{\"@type\":\"ListItem\",\"position\":2,\"name\":\"ERP Software\",\"item\":\"https:\\\/\\\/www.accuratereviews.com\\\/it\\\/software-erp-lista-software\\\/\"},{\"@type\":\"ListItem\",\"position\":3,\"name\":\"Blue Link ERP\"}]},{\"@type\":\"WebSite\",\"@id\":\"https:\\\/\\\/www.accuratereviews.com\\\/it\\\/#website\",\"url\":\"https:\\\/\\\/www.accuratereviews.com\\\/it\\\/\",\"name\":\"Accurate Reviews\",\"description\":\"\",\"potentialAction\":[{\"@type\":\"SearchAction\",\"target\":{\"@type\":\"EntryPoint\",\"urlTemplate\":\"https:\\\/\\\/www.accuratereviews.com\\\/it\\\/?s={search_term_string}\"},\"query-input\":{\"@type\":\"PropertyValueSpecification\",\"valueRequired\":true,\"valueName\":\"search_term_string\"}}],\"inLanguage\":\"it-IT\"}]}<\/script>\n<!-- \/ Yoast SEO plugin. -->","yoast_head_json":{"title":"Blue Link ERP: recensione software ERP - Accurate Reviews","description":"Blue Link ERP: recensione software ERP fornito con moduli di contabilit\u00e0 e inventario. Ci\u00f2 lo rende potente e affidabile per la tua attivit\u00e0.","robots":{"index":"index","follow":"follow","max-snippet":"max-snippet:-1","max-image-preview":"max-image-preview:large","max-video-preview":"max-video-preview:-1"},"canonical":"https:\/\/www.accuratereviews.com\/it\/software-erp-lista-software\/blue-link-erp-recensione\/","og_locale":"it_IT","og_type":"article","og_title":"Blue Link ERP: recensione software ERP - Accurate Reviews","og_description":"Blue Link ERP: recensione software ERP fornito con moduli di contabilit\u00e0 e inventario. Ci\u00f2 lo rende potente e affidabile per la tua attivit\u00e0.","og_url":"https:\/\/www.accuratereviews.com\/it\/software-erp-lista-software\/blue-link-erp-recensione\/","og_site_name":"Accurate Reviews","article_modified_time":"2021-05-10T14:20:27+00:00","og_image":[{"width":2723,"height":2723,"url":"https:\/\/www.accuratereviews.com\/wp-content\/uploads\/2020\/01\/Blue_Link_Logo.png","type":"image\/png"}],"twitter_card":"summary_large_image","twitter_misc":{"Tempo di lettura stimato":"4 minuti"},"schema":{"@context":"https:\/\/schema.org","@graph":[{"@type":"WebPage","@id":"https:\/\/www.accuratereviews.com\/it\/software-erp-lista-software\/blue-link-erp-recensione\/","url":"https:\/\/www.accuratereviews.com\/it\/software-erp-lista-software\/blue-link-erp-recensione\/","name":"Blue Link ERP: recensione software ERP - Accurate Reviews","isPartOf":{"@id":"https:\/\/www.accuratereviews.com\/it\/#website"},"primaryImageOfPage":{"@id":"https:\/\/www.accuratereviews.com\/it\/software-erp-lista-software\/blue-link-erp-recensione\/#primaryimage"},"image":{"@id":"https:\/\/www.accuratereviews.com\/it\/software-erp-lista-software\/blue-link-erp-recensione\/#primaryimage"},"thumbnailUrl":"https:\/\/www.accuratereviews.com\/wp-content\/uploads\/2020\/01\/Blue_Link_Logo.png","datePublished":"2020-01-21T15:59:57+00:00","dateModified":"2021-05-10T14:20:27+00:00","description":"Blue Link ERP: recensione software ERP fornito con moduli di contabilit\u00e0 e inventario. Ci\u00f2 lo rende potente e affidabile per la tua attivit\u00e0.","breadcrumb":{"@id":"https:\/\/www.accuratereviews.com\/it\/software-erp-lista-software\/blue-link-erp-recensione\/#breadcrumb"},"inLanguage":"it-IT","potentialAction":[{"@type":"ReadAction","target":["https:\/\/www.accuratereviews.com\/it\/software-erp-lista-software\/blue-link-erp-recensione\/"]}]},{"@type":"ImageObject","inLanguage":"it-IT","@id":"https:\/\/www.accuratereviews.com\/it\/software-erp-lista-software\/blue-link-erp-recensione\/#primaryimage","url":"https:\/\/www.accuratereviews.com\/wp-content\/uploads\/2020\/01\/Blue_Link_Logo.png","contentUrl":"https:\/\/www.accuratereviews.com\/wp-content\/uploads\/2020\/01\/Blue_Link_Logo.png","width":2723,"height":2723},{"@type":"BreadcrumbList","@id":"https:\/\/www.accuratereviews.com\/it\/software-erp-lista-software\/blue-link-erp-recensione\/#breadcrumb","itemListElement":[{"@type":"ListItem","position":1,"name":"Home","item":"https:\/\/www.accuratereviews.com\/it\/"},{"@type":"ListItem","position":2,"name":"ERP Software","item":"https:\/\/www.accuratereviews.com\/it\/software-erp-lista-software\/"},{"@type":"ListItem","position":3,"name":"Blue Link ERP"}]},{"@type":"WebSite","@id":"https:\/\/www.accuratereviews.com\/it\/#website","url":"https:\/\/www.accuratereviews.com\/it\/","name":"Accurate Reviews","description":"","potentialAction":[{"@type":"SearchAction","target":{"@type":"EntryPoint","urlTemplate":"https:\/\/www.accuratereviews.com\/it\/?s={search_term_string}"},"query-input":{"@type":"PropertyValueSpecification","valueRequired":true,"valueName":"search_term_string"}}],"inLanguage":"it-IT"}]}},"_links":{"self":[{"href":"https:\/\/www.accuratereviews.com\/it\/wp-json\/wp\/v2\/pages\/22339","targetHints":{"allow":["GET"]}}],"collection":[{"href":"https:\/\/www.accuratereviews.com\/it\/wp-json\/wp\/v2\/pages"}],"about":[{"href":"https:\/\/www.accuratereviews.com\/it\/wp-json\/wp\/v2\/types\/page"}],"author":[{"embeddable":true,"href":"https:\/\/www.accuratereviews.com\/it\/wp-json\/wp\/v2\/users\/19"}],"replies":[{"embeddable":true,"href":"https:\/\/www.accuratereviews.com\/it\/wp-json\/wp\/v2\/comments?post=22339"}],"version-history":[{"count":11,"href":"https:\/\/www.accuratereviews.com\/it\/wp-json\/wp\/v2\/pages\/22339\/revisions"}],"predecessor-version":[{"id":42398,"href":"https:\/\/www.accuratereviews.com\/it\/wp-json\/wp\/v2\/pages\/22339\/revisions\/42398"}],"up":[{"embeddable":true,"href":"https:\/\/www.accuratereviews.com\/it\/wp-json\/wp\/v2\/pages\/22029"}],"wp:featuredmedia":[{"embeddable":true,"href":"https:\/\/www.accuratereviews.com\/it\/wp-json\/wp\/v2\/media\/22342"}],"wp:attachment":[{"href":"https:\/\/www.accuratereviews.com\/it\/wp-json\/wp\/v2\/media?parent=22339"}],"wp:term":[{"taxonomy":"category","embeddable":true,"href":"https:\/\/www.accuratereviews.com\/it\/wp-json\/wp\/v2\/categories?post=22339"},{"taxonomy":"post_tag","embeddable":true,"href":"https:\/\/www.accuratereviews.com\/it\/wp-json\/wp\/v2\/tags?post=22339"},{"taxonomy":"features","embeddable":true,"href":"https:\/\/www.accuratereviews.com\/it\/wp-json\/wp\/v2\/features?post=22339"}],"curies":[{"name":"wp","href":"https:\/\/api.w.org\/{rel}","templated":true}]}}