{"id":22350,"date":"2020-01-21T15:59:02","date_gmt":"2020-01-21T15:59:02","guid":{"rendered":"https:\/\/www.accuratereviews.com\/?page_id=22350"},"modified":"2020-01-21T15:59:02","modified_gmt":"2020-01-21T15:59:02","slug":"penta-erp-recensione","status":"publish","type":"page","link":"https:\/\/www.accuratereviews.com\/it\/software-erp-lista-software\/penta-erp-recensione\/","title":{"rendered":"PENTA ERP"},"content":{"rendered":"<p><strong>PENTA ERP<\/strong> \u00e8 un software innovativo, basato su <strong>cloud<\/strong>, che aiuta le imprese di costruzione, ingegneria e servizi industriali a <strong>migliorare le prestazioni aziendali<\/strong>. Si tratta di un sistema di<strong> Enterprise Resource Planning<\/strong> che include moltissimi strumenti di business intelligence per la gestione dei progetti, delle attrezzature, della manodopera, dei documenti e della contabilit\u00e0 dell&#8217;azienda. Oltre a quello, ti consente di analizzare tutti i processi riguardanti la tua tua attivit\u00e0 in modo tale da poter notare quali siano le aree di miglioramento e quali invece in cui \u00e8 necessario intervenire. \u00c8 inoltre possibile prevedere i costi e le entrate future del servizio. Grazie a questo <strong>programma ERP<\/strong>, riuscirai a migliorare e ad automatizzare i servizi, riuscendo a incrementare il tuo business.<\/p>\n<h2>COME UTILIZZARE PENTA ERP &#8211; TUTORIAL<\/h2>\n<p>Ecco un video che potr\u00e0 aiutarci a comprendere come funziona questo software:<\/p>\n<div id=\"fluid-wrapper-counter-1\" class=\"g1-fluid-wrapper \" style=\"width:686px;\">\n<div style=\"padding-bottom:56.268221574344%;\"><iframe loading=\"lazy\" title=\"Best ERP tutorial\" width=\"686\" height=\"386\" src=\"https:\/\/www.youtube.com\/embed\/a4ZBhskPgE8?feature=oembed&amp;wmode=transparent&amp;autohide=1&amp;autoplay=0&amp;disablekb=0&amp;fs=1&amp;loop=0&amp;enablejsapi=1&amp;rel=0&amp;controls=2&amp;showinfo=0&amp;wmode=transparent&amp;autohide=2&amp;autoplay=0&amp;disablekb=0&amp;fs=1&amp;loop=0&amp;enablejsapi=1&amp;rel=0&amp;controls=2&amp;showinfo=1\" frameborder=\"0\" allow=\"accelerometer; autoplay; encrypted-media; gyroscope; picture-in-picture\" allowfullscreen><\/iframe><\/div>\n<\/div>\n<h3>PENTA ERP &#8211; CARATTERISTICHE<\/h3>\n<p>Diamo un&#8217;occhiata alle sue principali caratteristiche:<\/p>\n<ul>\n<li>Gestione dei progetti<\/li>\n<li>Gestione delle operazioni di servizio<\/li>\n<li>Gestione della contabilit\u00e0<\/li>\n<li>Gestione finanziaria<\/li>\n<li>Pianificazione e gestione delle prestazioni<\/li>\n<li>Automatizzazione della contabilit\u00e0 multi-sede, multi-azienda e interaziendale<\/li>\n<li>Sistema di analitica OLAP<\/li>\n<li>Sistema reportistico<\/li>\n<\/ul>\n<h3>LE RECENSIONI DEGLI UTENTI<\/h3>\n<p><strong>&#8220;Tecnologia di guida PENTA&#8221;<\/strong><br \/>\nPRO: Quello che mi piace di pi\u00f9 di questo prodotto \u00e8 che \u00e8 abbastanza intuitivo da usare. Non mi confondo con i nuovi strumenti di installazione e PENTA \u00e8 coerente da prodotto a prodotto su come etichetta e identifica\u00a0gli articoli. PENTA \u00e8 sempre stata disposta a collaborare con noi per sviluppare nuovi prodotti e aggiornare il nostro sistema quando ne abbiamo bisogno, il che \u00e8 fantastico.<br \/>\nCONTRO: L&#8217;unico problema che ho avuto \u00e8 che PENTA non \u00e8 sempre stato pronto a implementare i prodotti con nuove tecnologie, ad esempio la gestione dei servizi su tablet. So che questa versione uscir\u00e0 al prossimo aggiornamento, il che ci aiuter\u00e0 molto.<\/p>\n<p><strong>&#8220;Software in un settore delle costruzioni frenetico&#8221;<\/strong><br \/>\nPRO: Siamo una societ\u00e0 con pi\u00f9 entit\u00e0 in vari tipi di settori dell&#8217;edilizia. PENTA offre la versatilit\u00e0 per adattarsi a diversi tipi di industrie edili come le telecomunicazioni, gli impianti esterni, le reti private e le industrie elettriche. La flessibilit\u00e0 all&#8217;interno di PENTA ci consente di utilizzare il software di gestione dei costi e di gestione dei lavori in vari modi per soddisfare le nostre esigenze di contabilit\u00e0 e valutazione dei costi in ciascuna delle nostre organizzazioni.<br \/>\nCONTRO: In passato, ottenere informazioni da PENTA elettronicamente era difficile. Tuttavia, PENTA ha ascoltato i propri clienti e ha creato un nuovo miglioramento del prodotto attualmente disponibile che consente agli utenti di ottenere informazioni dal software e in un formato scaricabile in Excel.<\/p>\n<p><strong>&#8220;Ottieni quello che ci metti dentro!&#8221;<\/strong><br \/>\nIN GENERALE: Nel complesso, PENTA fa ci\u00f2 di cui abbiamo bisogno. Non \u00e8 elegante e sexy come gli altri software, ma il personale di supporto \u00e8 sempre disponibile in caso di dubbi.<br \/>\nPRO: PENTA \u00e8 un vero ERP. La funzionalit\u00e0 del software ha soddisfatto le nostre esigenze in termini di gestione dei progetti, contabilit\u00e0 e buste paga. Il nostro dipartimento IT \u00e8 in grado di creare report molto facilmente in base alle nostre esigenze.<br \/>\nCONTRO: Vorrei che ci fosse un sistema HRIS pi\u00f9 approfondito da utilizzare. \u00c8 importante sapere che ci\u00f2 che si inserisce nel sistema \u00e8 ci\u00f2 che uscir\u00e0, quindi se non si utilizzano tutti gli aspetti, si perderanno le informazioni pertinenti da analizzare. Vorrei anche che ci fosse un modo per l&#8217;utente di creare i propri report al di fuori del workbench, quindi non ho dovuto fare cos\u00ec affidamento sul nostro reparto IT.<\/p>\n","protected":false},"excerpt":{"rendered":"<p>PENTA ERP \u00e8 un software innovativo, basato su cloud, che aiuta le imprese di costruzione, ingegneria e servizi industriali a migliorare le prestazioni aziendali. Si tratta di un sistema di Enterprise Resource Planning che include moltissimi strumenti per la gestione dei progetti, delle attrezzature, della manodopera, dei documenti e della contabilit\u00e0 dell&#8217;azienda.\u00a0<\/p>\n","protected":false},"author":17,"featured_media":22352,"parent":22029,"menu_order":0,"comment_status":"open","ping_status":"closed","template":"g1_template_page_review_new.php","meta":{"_acf_changed":false,"cwp_meta_box_check":"Yes","cwp_rev_product_name":"","cwp_rev_product_image":"","wppr_links":[],"cwp_rev_price":"","wppr_options":[],"wppr_pros":[],"wppr_cons":[],"_monsterinsights_skip_tracking":false,"_monsterinsights_sitenote_active":false,"_monsterinsights_sitenote_note":"","_monsterinsights_sitenote_category":0,"footnotes":""},"categories":[1654],"tags":[396,1664,1663,1671,923],"features":[],"class_list":{"0":"post-22350","1":"page","2":"type-page","3":"status-publish","4":"has-post-thumbnail","6":"category-enterprise-resource-planning-software-erp","7":"tag-cloud","8":"tag-enterprise-resource-planning","9":"tag-erp","10":"tag-programma-erp","11":"tag-software-erp"},"wppr_data":{"cwp_meta_box_check":"Yes","cwp_rev_product_name":"","cwp_rev_product_image":"","cwp_image_link":"image","cwp_rev_price":"","wppr_rating":"0.00"},"acf":[],"yoast_head":"<!-- This site is optimized with the Yoast SEO plugin v27.4 - https:\/\/yoast.com\/product\/yoast-seo-wordpress\/ -->\n<title>PENTA ERP: recensione software - Accurate Reviews<\/title>\n<meta name=\"description\" content=\"PENTA ERP: recensione del software innovativo che aiuta le imprese di costruzione, ingegneria e servizi industriali a migliorare le prestazioni aziendali.\" \/>\n<meta name=\"robots\" content=\"index, follow, max-snippet:-1, max-image-preview:large, max-video-preview:-1\" \/>\n<link rel=\"canonical\" href=\"https:\/\/www.accuratereviews.com\/it\/software-erp-lista-software\/penta-erp-recensione\/\" \/>\n<meta property=\"og:locale\" content=\"it_IT\" \/>\n<meta property=\"og:type\" content=\"article\" \/>\n<meta property=\"og:title\" content=\"PENTA ERP: recensione software - Accurate Reviews\" \/>\n<meta property=\"og:description\" content=\"PENTA ERP: recensione del software innovativo che aiuta le imprese di costruzione, ingegneria e servizi industriali a migliorare le prestazioni aziendali.\" \/>\n<meta property=\"og:url\" content=\"https:\/\/www.accuratereviews.com\/it\/software-erp-lista-software\/penta-erp-recensione\/\" \/>\n<meta property=\"og:site_name\" content=\"Accurate Reviews\" \/>\n<meta property=\"og:image\" content=\"https:\/\/www.accuratereviews.com\/wp-content\/uploads\/2020\/01\/0c6e7d5e-153a-4523-bf7f-c946125df1dapenta_logo.gif.png\" \/>\n\t<meta property=\"og:image:width\" content=\"427\" \/>\n\t<meta property=\"og:image:height\" content=\"141\" \/>\n\t<meta property=\"og:image:type\" content=\"image\/png\" \/>\n<meta name=\"twitter:card\" content=\"summary_large_image\" \/>\n<meta name=\"twitter:label1\" content=\"Tempo di lettura stimato\" \/>\n\t<meta name=\"twitter:data1\" content=\"3 minuti\" \/>\n<script type=\"application\/ld+json\" class=\"yoast-schema-graph\">{\"@context\":\"https:\\\/\\\/schema.org\",\"@graph\":[{\"@type\":\"WebPage\",\"@id\":\"https:\\\/\\\/www.accuratereviews.com\\\/it\\\/software-erp-lista-software\\\/penta-erp-recensione\\\/\",\"url\":\"https:\\\/\\\/www.accuratereviews.com\\\/it\\\/software-erp-lista-software\\\/penta-erp-recensione\\\/\",\"name\":\"PENTA ERP: recensione software - Accurate Reviews\",\"isPartOf\":{\"@id\":\"https:\\\/\\\/www.accuratereviews.com\\\/it\\\/#website\"},\"primaryImageOfPage\":{\"@id\":\"https:\\\/\\\/www.accuratereviews.com\\\/it\\\/software-erp-lista-software\\\/penta-erp-recensione\\\/#primaryimage\"},\"image\":{\"@id\":\"https:\\\/\\\/www.accuratereviews.com\\\/it\\\/software-erp-lista-software\\\/penta-erp-recensione\\\/#primaryimage\"},\"thumbnailUrl\":\"https:\\\/\\\/www.accuratereviews.com\\\/wp-content\\\/uploads\\\/2020\\\/01\\\/0c6e7d5e-153a-4523-bf7f-c946125df1dapenta_logo.gif.png\",\"datePublished\":\"2020-01-21T15:59:02+00:00\",\"description\":\"PENTA ERP: recensione del software innovativo che aiuta le imprese di costruzione, ingegneria e servizi industriali a migliorare le prestazioni aziendali.\",\"breadcrumb\":{\"@id\":\"https:\\\/\\\/www.accuratereviews.com\\\/it\\\/software-erp-lista-software\\\/penta-erp-recensione\\\/#breadcrumb\"},\"inLanguage\":\"it-IT\",\"potentialAction\":[{\"@type\":\"ReadAction\",\"target\":[\"https:\\\/\\\/www.accuratereviews.com\\\/it\\\/software-erp-lista-software\\\/penta-erp-recensione\\\/\"]}]},{\"@type\":\"ImageObject\",\"inLanguage\":\"it-IT\",\"@id\":\"https:\\\/\\\/www.accuratereviews.com\\\/it\\\/software-erp-lista-software\\\/penta-erp-recensione\\\/#primaryimage\",\"url\":\"https:\\\/\\\/www.accuratereviews.com\\\/wp-content\\\/uploads\\\/2020\\\/01\\\/0c6e7d5e-153a-4523-bf7f-c946125df1dapenta_logo.gif.png\",\"contentUrl\":\"https:\\\/\\\/www.accuratereviews.com\\\/wp-content\\\/uploads\\\/2020\\\/01\\\/0c6e7d5e-153a-4523-bf7f-c946125df1dapenta_logo.gif.png\",\"width\":427,\"height\":141},{\"@type\":\"BreadcrumbList\",\"@id\":\"https:\\\/\\\/www.accuratereviews.com\\\/it\\\/software-erp-lista-software\\\/penta-erp-recensione\\\/#breadcrumb\",\"itemListElement\":[{\"@type\":\"ListItem\",\"position\":1,\"name\":\"Home\",\"item\":\"https:\\\/\\\/www.accuratereviews.com\\\/it\\\/\"},{\"@type\":\"ListItem\",\"position\":2,\"name\":\"ERP Software\",\"item\":\"https:\\\/\\\/www.accuratereviews.com\\\/it\\\/software-erp-lista-software\\\/\"},{\"@type\":\"ListItem\",\"position\":3,\"name\":\"PENTA ERP\"}]},{\"@type\":\"WebSite\",\"@id\":\"https:\\\/\\\/www.accuratereviews.com\\\/it\\\/#website\",\"url\":\"https:\\\/\\\/www.accuratereviews.com\\\/it\\\/\",\"name\":\"Accurate Reviews\",\"description\":\"\",\"potentialAction\":[{\"@type\":\"SearchAction\",\"target\":{\"@type\":\"EntryPoint\",\"urlTemplate\":\"https:\\\/\\\/www.accuratereviews.com\\\/it\\\/?s={search_term_string}\"},\"query-input\":{\"@type\":\"PropertyValueSpecification\",\"valueRequired\":true,\"valueName\":\"search_term_string\"}}],\"inLanguage\":\"it-IT\"}]}<\/script>\n<!-- \/ Yoast SEO plugin. -->","yoast_head_json":{"title":"PENTA ERP: recensione software - Accurate Reviews","description":"PENTA ERP: recensione del software innovativo che aiuta le imprese di costruzione, ingegneria e servizi industriali a migliorare le prestazioni aziendali.","robots":{"index":"index","follow":"follow","max-snippet":"max-snippet:-1","max-image-preview":"max-image-preview:large","max-video-preview":"max-video-preview:-1"},"canonical":"https:\/\/www.accuratereviews.com\/it\/software-erp-lista-software\/penta-erp-recensione\/","og_locale":"it_IT","og_type":"article","og_title":"PENTA ERP: recensione software - Accurate Reviews","og_description":"PENTA ERP: recensione del software innovativo che aiuta le imprese di costruzione, ingegneria e servizi industriali a migliorare le prestazioni aziendali.","og_url":"https:\/\/www.accuratereviews.com\/it\/software-erp-lista-software\/penta-erp-recensione\/","og_site_name":"Accurate Reviews","og_image":[{"width":427,"height":141,"url":"https:\/\/www.accuratereviews.com\/wp-content\/uploads\/2020\/01\/0c6e7d5e-153a-4523-bf7f-c946125df1dapenta_logo.gif.png","type":"image\/png"}],"twitter_card":"summary_large_image","twitter_misc":{"Tempo di lettura stimato":"3 minuti"},"schema":{"@context":"https:\/\/schema.org","@graph":[{"@type":"WebPage","@id":"https:\/\/www.accuratereviews.com\/it\/software-erp-lista-software\/penta-erp-recensione\/","url":"https:\/\/www.accuratereviews.com\/it\/software-erp-lista-software\/penta-erp-recensione\/","name":"PENTA ERP: recensione software - Accurate Reviews","isPartOf":{"@id":"https:\/\/www.accuratereviews.com\/it\/#website"},"primaryImageOfPage":{"@id":"https:\/\/www.accuratereviews.com\/it\/software-erp-lista-software\/penta-erp-recensione\/#primaryimage"},"image":{"@id":"https:\/\/www.accuratereviews.com\/it\/software-erp-lista-software\/penta-erp-recensione\/#primaryimage"},"thumbnailUrl":"https:\/\/www.accuratereviews.com\/wp-content\/uploads\/2020\/01\/0c6e7d5e-153a-4523-bf7f-c946125df1dapenta_logo.gif.png","datePublished":"2020-01-21T15:59:02+00:00","description":"PENTA ERP: recensione del software innovativo che aiuta le imprese di costruzione, ingegneria e servizi industriali a migliorare le prestazioni aziendali.","breadcrumb":{"@id":"https:\/\/www.accuratereviews.com\/it\/software-erp-lista-software\/penta-erp-recensione\/#breadcrumb"},"inLanguage":"it-IT","potentialAction":[{"@type":"ReadAction","target":["https:\/\/www.accuratereviews.com\/it\/software-erp-lista-software\/penta-erp-recensione\/"]}]},{"@type":"ImageObject","inLanguage":"it-IT","@id":"https:\/\/www.accuratereviews.com\/it\/software-erp-lista-software\/penta-erp-recensione\/#primaryimage","url":"https:\/\/www.accuratereviews.com\/wp-content\/uploads\/2020\/01\/0c6e7d5e-153a-4523-bf7f-c946125df1dapenta_logo.gif.png","contentUrl":"https:\/\/www.accuratereviews.com\/wp-content\/uploads\/2020\/01\/0c6e7d5e-153a-4523-bf7f-c946125df1dapenta_logo.gif.png","width":427,"height":141},{"@type":"BreadcrumbList","@id":"https:\/\/www.accuratereviews.com\/it\/software-erp-lista-software\/penta-erp-recensione\/#breadcrumb","itemListElement":[{"@type":"ListItem","position":1,"name":"Home","item":"https:\/\/www.accuratereviews.com\/it\/"},{"@type":"ListItem","position":2,"name":"ERP Software","item":"https:\/\/www.accuratereviews.com\/it\/software-erp-lista-software\/"},{"@type":"ListItem","position":3,"name":"PENTA ERP"}]},{"@type":"WebSite","@id":"https:\/\/www.accuratereviews.com\/it\/#website","url":"https:\/\/www.accuratereviews.com\/it\/","name":"Accurate Reviews","description":"","potentialAction":[{"@type":"SearchAction","target":{"@type":"EntryPoint","urlTemplate":"https:\/\/www.accuratereviews.com\/it\/?s={search_term_string}"},"query-input":{"@type":"PropertyValueSpecification","valueRequired":true,"valueName":"search_term_string"}}],"inLanguage":"it-IT"}]}},"_links":{"self":[{"href":"https:\/\/www.accuratereviews.com\/it\/wp-json\/wp\/v2\/pages\/22350","targetHints":{"allow":["GET"]}}],"collection":[{"href":"https:\/\/www.accuratereviews.com\/it\/wp-json\/wp\/v2\/pages"}],"about":[{"href":"https:\/\/www.accuratereviews.com\/it\/wp-json\/wp\/v2\/types\/page"}],"author":[{"embeddable":true,"href":"https:\/\/www.accuratereviews.com\/it\/wp-json\/wp\/v2\/users\/17"}],"replies":[{"embeddable":true,"href":"https:\/\/www.accuratereviews.com\/it\/wp-json\/wp\/v2\/comments?post=22350"}],"version-history":[{"count":5,"href":"https:\/\/www.accuratereviews.com\/it\/wp-json\/wp\/v2\/pages\/22350\/revisions"}],"predecessor-version":[{"id":22388,"href":"https:\/\/www.accuratereviews.com\/it\/wp-json\/wp\/v2\/pages\/22350\/revisions\/22388"}],"up":[{"embeddable":true,"href":"https:\/\/www.accuratereviews.com\/it\/wp-json\/wp\/v2\/pages\/22029"}],"wp:featuredmedia":[{"embeddable":true,"href":"https:\/\/www.accuratereviews.com\/it\/wp-json\/wp\/v2\/media\/22352"}],"wp:attachment":[{"href":"https:\/\/www.accuratereviews.com\/it\/wp-json\/wp\/v2\/media?parent=22350"}],"wp:term":[{"taxonomy":"category","embeddable":true,"href":"https:\/\/www.accuratereviews.com\/it\/wp-json\/wp\/v2\/categories?post=22350"},{"taxonomy":"post_tag","embeddable":true,"href":"https:\/\/www.accuratereviews.com\/it\/wp-json\/wp\/v2\/tags?post=22350"},{"taxonomy":"features","embeddable":true,"href":"https:\/\/www.accuratereviews.com\/it\/wp-json\/wp\/v2\/features?post=22350"}],"curies":[{"name":"wp","href":"https:\/\/api.w.org\/{rel}","templated":true}]}}