{"id":22361,"date":"2020-01-21T16:00:50","date_gmt":"2020-01-21T16:00:50","guid":{"rendered":"https:\/\/www.accuratereviews.com\/?page_id=22361"},"modified":"2021-05-04T15:03:48","modified_gmt":"2021-05-04T15:03:48","slug":"workwise-recensione","status":"publish","type":"page","link":"https:\/\/www.accuratereviews.com\/it\/software-erp-lista-software\/workwise-recensione\/","title":{"rendered":"WorkWise"},"content":{"rendered":"<p><strong>Workwise<\/strong> \u00e8 un potente<strong> software di pianificazione delle risorse aziendali<\/strong> progettato per le aziende manifatturiere di medie dimensioni. Ci\u00f2 che rende unica questa applicazione \u00e8 che non si concentra sui moduli ma piuttosto sui ruoli degli utenti. Consente ad essi di creare schermate e funzioni adatte alle loro singole attivit\u00e0. Questa caratteristica consente agli utenti di massimizzare la produttivit\u00e0, ridurre i costi e aumentare le prestazioni del personale.\u00a0Oltre a questo, la soluzione ha varie funzionalit\u00e0 che consentono di risparmiare tempo e migliorare l&#8217;efficienza. ad esempio la possibilit\u00e0 di mettere da parte le <strong>query per un uso successivo<\/strong>, esportare le stesse direttamente in Microsoft Excel e personalizzare le impostazioni di navigazione e del browser. Le caratteristiche chiave della soluzione includono la gestione dei dati di prodotto, la pianificazione della produzione, la gestione della catena di approvvigionamento e le capacit\u00e0 di contabilit\u00e0 e finanza.<\/p>\n<h2>WORKWISE &#8211; TUTORIAL<\/h2>\n<p>Dai un&#8217;occhiata a questo tutorial che specifica le \u00a0funzionalit\u00e0 di questo <strong>software ERP<\/strong> tra cui dashboard, query, ricerche globali e altro ancora:<\/p>\n<div id=\"fluid-wrapper-counter-1\" class=\"g1-fluid-wrapper \" style=\"width:686px;\">\n<div style=\"padding-bottom:56.268221574344%;\"><iframe loading=\"lazy\" title=\"WorkWise ERP 10.1 Overview\" width=\"686\" height=\"386\" src=\"https:\/\/www.youtube.com\/embed\/HrNkWZaDAbY?feature=oembed&amp;wmode=transparent&amp;autohide=1&amp;autoplay=0&amp;disablekb=0&amp;fs=1&amp;loop=0&amp;enablejsapi=1&amp;rel=0&amp;controls=2&amp;showinfo=0&amp;wmode=transparent&amp;autohide=2&amp;autoplay=0&amp;disablekb=0&amp;fs=1&amp;loop=0&amp;enablejsapi=1&amp;rel=0&amp;controls=2&amp;showinfo=1\" frameborder=\"0\" allow=\"accelerometer; autoplay; encrypted-media; gyroscope; picture-in-picture\" allowfullscreen><\/iframe><\/div>\n<\/div>\n<p>&nbsp;<\/p>\n<h3>WORKWISE &#8211; CARATTERISTICHE<\/h3>\n<ul>\n<li><strong>Gestione dei contatti<\/strong>: offre una visione completa di ogni cliente e ti aiuta a tenere traccia di contatti, organizzazioni, partner e fornitori<br \/>\nCRM mobile: visualizza le informazioni sui clienti, esamina le opportunit\u00e0, crea attivit\u00e0 e altro con la app mobile<\/li>\n<li><strong>Gestione delle opportunit\u00e0:<\/strong> analizza i dettagli della tua pipeline per creare previsioni e strutturare il processo di vendita per guidare i rappresentanti fino alla vendita finale<\/li>\n<li><strong>Mappatura CRM:<\/strong> utilizza la potenza di Google Maps per visualizzare i clienti e i lead nella tua zona, ottenere indicazioni stradali, piani di viaggio e molto altro<\/li>\n<li><strong>Gestione delle quotazioni<\/strong>: semplifica il processo di quotazione e gestisci preventivi illimitati. Generare rapidamente preventivi da opportunit\u00e0, contatti o aziende<\/li>\n<li><strong>Lettore di biglietti da visita<\/strong>: Crea rapidamente contatti utilizzando la fotocamera del tuo cellulare. Basta scattare una foto di un biglietto da visita e caricarlo automaticamente nel database CRM<\/li>\n<li><strong>Controllo seriale e di garanzia:<\/strong> mantenere registri accurati per ogni garanzia e \/ o acquisto e vendita di numeri di serie unici, offrendo un controllo pi\u00f9 rigoroso e un modo efficace per gestire la conformit\u00e0 alle normative<\/li>\n<li>Pianificazione dei requisiti materiali (MRP): determina quali prodotti dovrebbero essere prodotti, in quale quantit\u00e0 e entro quale data. Pianifica e prevedi facilmente la domanda del prodotto e crea un piano materiale completo<\/li>\n<li><strong>Gestione degli ordini dei clienti<\/strong>: la gestione degli ordini dei clienti gestisce la creazione, la manutenzione, la spedizione e la fatturazione degli ordini dei clienti per beni e servizi<\/li>\n<li><strong>Integrazione con Outlook:<\/strong> connetti il \u200b\u200btuo client di posta elettronica Outlook al tuo database CRM. Tutti i contatti, le email e le attivit\u00e0 create in un programma sono condivise con l&#8217;altro<\/li>\n<li><strong>Gestione dei lead<\/strong>: acquisisci, monitora e consolida i lead mentre si spostano nella pipeline di vendita, vengono assegnati a un rappresentante di vendita e convertiti<\/li>\n<\/ul>\n<h4>LE RECENSIONI DEGLI UTENTI<\/h4>\n<h4>Mike C. &#8220;Utenti esperti che non hanno motivo di andarsene.&#8221;<\/h4>\n<p><strong>Commenti<\/strong>: Usiamo Workwise da oltre 20 anni, quindi \u00e8 difficile dire altro che non sappiamo davvero come operare senza di essa. Workwise si \u00e8 consultato con noi su molti progetti e attraverso numerose iterazioni di tali progetti. Sono un ottimo partner e dobbiamo una parte del nostro successo a questo.<\/p>\n<p><strong>Vantaggi<\/strong>: Workwise sta facendo molti progressi. Hanno continuamente evoluto e aggiunto funzionalit\u00e0 oltre a correggere e correggere bug nel software. Il servizio clienti \u00e8 pronto ad affrontare i problemi e puoi facilmente contattare l&#8217;assistenza e parlare con una persona reale. I banchi da lavoro sono stati inoltre estremamente utili per la nostra azienda, consentendo agli utenti di personalizzare il modo in cui interagiscono con il software in base alle proprie esigenze specifiche.<\/p>\n<p><strong>Inconvenienti<\/strong>: lo sviluppo \u00e8 stato recentemente spostato a Shanghai, il che ha rallentato i tempi di risposta per problemi relativi alla programmazione del software. Ha inoltre interferito con la velocit\u00e0 dell&#8217;integrazione per i fornitori partner.<\/p>\n<h4>Debra D. &#8220;Revisione del software&#8221;<\/h4>\n<p><strong>Commenti<\/strong>: Stiamo ancora lottando per ottenere tutte le informazioni di cui abbiamo bisogno, dentro e fuori dal software.<\/p>\n<p><strong>Vantaggi<\/strong>: la possibilit\u00e0 di personalizzare funzionalit\u00e0 e potenzialit\u00e0 per conservare tutte le informazioni in un unico programma software. Hanno rappresentanti che possono venire alla tua azienda per formare i dipendenti su come utilizzare il software. I moduli che stampi sembrano professionali.<\/p>\n<p><strong>Inconvenienti<\/strong>: questo software \u00e8 progettato per l&#8217;utente che non commette mai errori. Risolvere un errore \u00e8 molto complicato in questo software e non sembra esserci una soluzione rapida per nulla. Continuiamo a dover lavorare al di fuori del software per risolvere i problemi. L&#8217;impossibilit\u00e0 di modificare le fatture dopo che sono state elaborate \u00e8 un problema per noi. Non supporta progetti di grandi dimensioni con pi\u00f9 ordini di acquisto. I report disponibili non contengono le informazioni di cui abbiamo bisogno. Il programma di base \u00e8 molto semplice e richiede molta personalizzazione per essere utile, il che \u00e8 costoso. Gli ordini vengono bloccati frequentemente e non possono essere utilizzati fino a quando qualcuno non li rilascia. Il modulo finanziario potrebbe richiedere pi\u00f9 lavoro.<\/p>\n<h4>Michele S. &#8220;Tutto in UN sistema!&#8221;<\/h4>\n<p><strong>Vantaggi<\/strong>: ci siamo lasciati alle spalle sei sistemi di denigrazione che hanno migliorato l&#8217;efficienza, l&#8217;integrit\u00e0 dei dati e i controlli dell&#8217;inventario. Ha contribuito alla riduzione della carta e ad una maggiore visibilit\u00e0 dei flussi di lavoro. Siamo passati all&#8217;orario elettronico e alla maggiore responsabilit\u00e0 in officina.<br \/>\nSiamo stati in grado di stabilire un ottimo collegamento con il project manager di WorkWise che ha contribuito a fornire la spinta alla nostra implementazione.<\/p>\n<p><strong>Inconvenienti<\/strong>: il programma ha richiesto un&#8217;intensa personalizzazione che ha aumentato i costi. I casi di assistenza clienti possono richiedere molto tempo per essere risolti. Prima di essere assegnato a un Project Manager abbiamo riscontrato grandi ritardi. Consigliamo vivamente di assegnare un project manager WW sin dall&#8217;inizio! L&#8217;atmosfera del programma \u00e8 un po &#8216;datata.<\/p>\n","protected":false},"excerpt":{"rendered":"<p>Workwise \u00e8 un potente software di pianificazione delle risorse aziendali progettato per le aziende manifatturiere di medie dimensioni. Ci\u00f2 che rende unica questa applicazione \u00e8 che non si concentra sui moduli ma piuttosto sui ruoli degli utenti. Consente ad essi di creare schermate e funzioni adatte alle loro singole attivit\u00e0.<\/p>\n","protected":false},"author":19,"featured_media":22373,"parent":22029,"menu_order":0,"comment_status":"open","ping_status":"closed","template":"g1_template_page_review_new.php","meta":{"_acf_changed":false,"cwp_meta_box_check":"Yes","cwp_rev_product_name":"","cwp_rev_product_image":"","wppr_links":[],"cwp_rev_price":"","wppr_options":[],"wppr_pros":[],"wppr_cons":[],"_monsterinsights_skip_tracking":false,"_monsterinsights_sitenote_active":false,"_monsterinsights_sitenote_note":"","_monsterinsights_sitenote_category":0,"footnotes":""},"categories":[120,1654],"tags":[1664,1663,1696,1669,418,923],"features":[],"class_list":{"0":"post-22361","1":"page","2":"type-page","3":"status-publish","4":"has-post-thumbnail","6":"category-crm-it","7":"category-enterprise-resource-planning-software-erp","8":"tag-enterprise-resource-planning","9":"tag-erp","10":"tag-pianificazione-delle-risorse-aziendali","11":"tag-piattaforma-erp","12":"tag-software-crm","13":"tag-software-erp"},"wppr_data":{"cwp_meta_box_check":"Yes","cwp_rev_product_name":"","cwp_rev_product_image":"","cwp_image_link":"image","cwp_rev_price":"","wppr_rating":"0.00"},"acf":[],"yoast_head":"<!-- This site is optimized with the Yoast SEO plugin v27.4 - https:\/\/yoast.com\/product\/yoast-seo-wordpress\/ -->\n<title>WorkWise: recensione software ERP - Accurate Reviews<\/title>\n<meta name=\"description\" content=\"Workwise: recensione potente software di pianificazione delle risorse aziendali progettato per le aziende manifatturiere di medie dimensioni.\" \/>\n<meta name=\"robots\" content=\"index, follow, max-snippet:-1, max-image-preview:large, max-video-preview:-1\" \/>\n<link rel=\"canonical\" href=\"https:\/\/www.accuratereviews.com\/it\/software-erp-lista-software\/workwise-recensione\/\" \/>\n<meta property=\"og:locale\" content=\"it_IT\" \/>\n<meta property=\"og:type\" content=\"article\" \/>\n<meta property=\"og:title\" content=\"WorkWise: recensione software ERP - Accurate Reviews\" \/>\n<meta property=\"og:description\" content=\"Workwise: recensione potente software di pianificazione delle risorse aziendali progettato per le aziende manifatturiere di medie dimensioni.\" \/>\n<meta property=\"og:url\" content=\"https:\/\/www.accuratereviews.com\/it\/software-erp-lista-software\/workwise-recensione\/\" \/>\n<meta property=\"og:site_name\" content=\"Accurate Reviews\" \/>\n<meta property=\"article:modified_time\" content=\"2021-05-04T15:03:48+00:00\" \/>\n<meta property=\"og:image\" content=\"https:\/\/www.accuratereviews.com\/wp-content\/uploads\/2020\/01\/picture-1.png\" \/>\n\t<meta property=\"og:image:width\" content=\"200\" \/>\n\t<meta property=\"og:image:height\" content=\"200\" \/>\n\t<meta property=\"og:image:type\" content=\"image\/png\" \/>\n<meta name=\"twitter:card\" content=\"summary_large_image\" \/>\n<meta name=\"twitter:label1\" content=\"Tempo di lettura stimato\" \/>\n\t<meta name=\"twitter:data1\" content=\"5 minuti\" \/>\n<script type=\"application\/ld+json\" class=\"yoast-schema-graph\">{\"@context\":\"https:\\\/\\\/schema.org\",\"@graph\":[{\"@type\":\"WebPage\",\"@id\":\"https:\\\/\\\/www.accuratereviews.com\\\/it\\\/software-erp-lista-software\\\/workwise-recensione\\\/\",\"url\":\"https:\\\/\\\/www.accuratereviews.com\\\/it\\\/software-erp-lista-software\\\/workwise-recensione\\\/\",\"name\":\"WorkWise: recensione software ERP - Accurate Reviews\",\"isPartOf\":{\"@id\":\"https:\\\/\\\/www.accuratereviews.com\\\/it\\\/#website\"},\"primaryImageOfPage\":{\"@id\":\"https:\\\/\\\/www.accuratereviews.com\\\/it\\\/software-erp-lista-software\\\/workwise-recensione\\\/#primaryimage\"},\"image\":{\"@id\":\"https:\\\/\\\/www.accuratereviews.com\\\/it\\\/software-erp-lista-software\\\/workwise-recensione\\\/#primaryimage\"},\"thumbnailUrl\":\"https:\\\/\\\/www.accuratereviews.com\\\/wp-content\\\/uploads\\\/2020\\\/01\\\/picture-1.png\",\"datePublished\":\"2020-01-21T16:00:50+00:00\",\"dateModified\":\"2021-05-04T15:03:48+00:00\",\"description\":\"Workwise: recensione potente software di pianificazione delle risorse aziendali progettato per le aziende manifatturiere di medie dimensioni.\",\"breadcrumb\":{\"@id\":\"https:\\\/\\\/www.accuratereviews.com\\\/it\\\/software-erp-lista-software\\\/workwise-recensione\\\/#breadcrumb\"},\"inLanguage\":\"it-IT\",\"potentialAction\":[{\"@type\":\"ReadAction\",\"target\":[\"https:\\\/\\\/www.accuratereviews.com\\\/it\\\/software-erp-lista-software\\\/workwise-recensione\\\/\"]}]},{\"@type\":\"ImageObject\",\"inLanguage\":\"it-IT\",\"@id\":\"https:\\\/\\\/www.accuratereviews.com\\\/it\\\/software-erp-lista-software\\\/workwise-recensione\\\/#primaryimage\",\"url\":\"https:\\\/\\\/www.accuratereviews.com\\\/wp-content\\\/uploads\\\/2020\\\/01\\\/picture-1.png\",\"contentUrl\":\"https:\\\/\\\/www.accuratereviews.com\\\/wp-content\\\/uploads\\\/2020\\\/01\\\/picture-1.png\",\"width\":200,\"height\":200},{\"@type\":\"BreadcrumbList\",\"@id\":\"https:\\\/\\\/www.accuratereviews.com\\\/it\\\/software-erp-lista-software\\\/workwise-recensione\\\/#breadcrumb\",\"itemListElement\":[{\"@type\":\"ListItem\",\"position\":1,\"name\":\"Home\",\"item\":\"https:\\\/\\\/www.accuratereviews.com\\\/it\\\/\"},{\"@type\":\"ListItem\",\"position\":2,\"name\":\"ERP Software\",\"item\":\"https:\\\/\\\/www.accuratereviews.com\\\/it\\\/software-erp-lista-software\\\/\"},{\"@type\":\"ListItem\",\"position\":3,\"name\":\"WorkWise\"}]},{\"@type\":\"WebSite\",\"@id\":\"https:\\\/\\\/www.accuratereviews.com\\\/it\\\/#website\",\"url\":\"https:\\\/\\\/www.accuratereviews.com\\\/it\\\/\",\"name\":\"Accurate Reviews\",\"description\":\"\",\"potentialAction\":[{\"@type\":\"SearchAction\",\"target\":{\"@type\":\"EntryPoint\",\"urlTemplate\":\"https:\\\/\\\/www.accuratereviews.com\\\/it\\\/?s={search_term_string}\"},\"query-input\":{\"@type\":\"PropertyValueSpecification\",\"valueRequired\":true,\"valueName\":\"search_term_string\"}}],\"inLanguage\":\"it-IT\"}]}<\/script>\n<!-- \/ Yoast SEO plugin. -->","yoast_head_json":{"title":"WorkWise: recensione software ERP - Accurate Reviews","description":"Workwise: recensione potente software di pianificazione delle risorse aziendali progettato per le aziende manifatturiere di medie dimensioni.","robots":{"index":"index","follow":"follow","max-snippet":"max-snippet:-1","max-image-preview":"max-image-preview:large","max-video-preview":"max-video-preview:-1"},"canonical":"https:\/\/www.accuratereviews.com\/it\/software-erp-lista-software\/workwise-recensione\/","og_locale":"it_IT","og_type":"article","og_title":"WorkWise: recensione software ERP - Accurate Reviews","og_description":"Workwise: recensione potente software di pianificazione delle risorse aziendali progettato per le aziende manifatturiere di medie dimensioni.","og_url":"https:\/\/www.accuratereviews.com\/it\/software-erp-lista-software\/workwise-recensione\/","og_site_name":"Accurate Reviews","article_modified_time":"2021-05-04T15:03:48+00:00","og_image":[{"width":200,"height":200,"url":"https:\/\/www.accuratereviews.com\/wp-content\/uploads\/2020\/01\/picture-1.png","type":"image\/png"}],"twitter_card":"summary_large_image","twitter_misc":{"Tempo di lettura stimato":"5 minuti"},"schema":{"@context":"https:\/\/schema.org","@graph":[{"@type":"WebPage","@id":"https:\/\/www.accuratereviews.com\/it\/software-erp-lista-software\/workwise-recensione\/","url":"https:\/\/www.accuratereviews.com\/it\/software-erp-lista-software\/workwise-recensione\/","name":"WorkWise: recensione software ERP - Accurate Reviews","isPartOf":{"@id":"https:\/\/www.accuratereviews.com\/it\/#website"},"primaryImageOfPage":{"@id":"https:\/\/www.accuratereviews.com\/it\/software-erp-lista-software\/workwise-recensione\/#primaryimage"},"image":{"@id":"https:\/\/www.accuratereviews.com\/it\/software-erp-lista-software\/workwise-recensione\/#primaryimage"},"thumbnailUrl":"https:\/\/www.accuratereviews.com\/wp-content\/uploads\/2020\/01\/picture-1.png","datePublished":"2020-01-21T16:00:50+00:00","dateModified":"2021-05-04T15:03:48+00:00","description":"Workwise: recensione potente software di pianificazione delle risorse aziendali progettato per le aziende manifatturiere di medie dimensioni.","breadcrumb":{"@id":"https:\/\/www.accuratereviews.com\/it\/software-erp-lista-software\/workwise-recensione\/#breadcrumb"},"inLanguage":"it-IT","potentialAction":[{"@type":"ReadAction","target":["https:\/\/www.accuratereviews.com\/it\/software-erp-lista-software\/workwise-recensione\/"]}]},{"@type":"ImageObject","inLanguage":"it-IT","@id":"https:\/\/www.accuratereviews.com\/it\/software-erp-lista-software\/workwise-recensione\/#primaryimage","url":"https:\/\/www.accuratereviews.com\/wp-content\/uploads\/2020\/01\/picture-1.png","contentUrl":"https:\/\/www.accuratereviews.com\/wp-content\/uploads\/2020\/01\/picture-1.png","width":200,"height":200},{"@type":"BreadcrumbList","@id":"https:\/\/www.accuratereviews.com\/it\/software-erp-lista-software\/workwise-recensione\/#breadcrumb","itemListElement":[{"@type":"ListItem","position":1,"name":"Home","item":"https:\/\/www.accuratereviews.com\/it\/"},{"@type":"ListItem","position":2,"name":"ERP Software","item":"https:\/\/www.accuratereviews.com\/it\/software-erp-lista-software\/"},{"@type":"ListItem","position":3,"name":"WorkWise"}]},{"@type":"WebSite","@id":"https:\/\/www.accuratereviews.com\/it\/#website","url":"https:\/\/www.accuratereviews.com\/it\/","name":"Accurate Reviews","description":"","potentialAction":[{"@type":"SearchAction","target":{"@type":"EntryPoint","urlTemplate":"https:\/\/www.accuratereviews.com\/it\/?s={search_term_string}"},"query-input":{"@type":"PropertyValueSpecification","valueRequired":true,"valueName":"search_term_string"}}],"inLanguage":"it-IT"}]}},"_links":{"self":[{"href":"https:\/\/www.accuratereviews.com\/it\/wp-json\/wp\/v2\/pages\/22361","targetHints":{"allow":["GET"]}}],"collection":[{"href":"https:\/\/www.accuratereviews.com\/it\/wp-json\/wp\/v2\/pages"}],"about":[{"href":"https:\/\/www.accuratereviews.com\/it\/wp-json\/wp\/v2\/types\/page"}],"author":[{"embeddable":true,"href":"https:\/\/www.accuratereviews.com\/it\/wp-json\/wp\/v2\/users\/19"}],"replies":[{"embeddable":true,"href":"https:\/\/www.accuratereviews.com\/it\/wp-json\/wp\/v2\/comments?post=22361"}],"version-history":[{"count":7,"href":"https:\/\/www.accuratereviews.com\/it\/wp-json\/wp\/v2\/pages\/22361\/revisions"}],"predecessor-version":[{"id":41860,"href":"https:\/\/www.accuratereviews.com\/it\/wp-json\/wp\/v2\/pages\/22361\/revisions\/41860"}],"up":[{"embeddable":true,"href":"https:\/\/www.accuratereviews.com\/it\/wp-json\/wp\/v2\/pages\/22029"}],"wp:featuredmedia":[{"embeddable":true,"href":"https:\/\/www.accuratereviews.com\/it\/wp-json\/wp\/v2\/media\/22373"}],"wp:attachment":[{"href":"https:\/\/www.accuratereviews.com\/it\/wp-json\/wp\/v2\/media?parent=22361"}],"wp:term":[{"taxonomy":"category","embeddable":true,"href":"https:\/\/www.accuratereviews.com\/it\/wp-json\/wp\/v2\/categories?post=22361"},{"taxonomy":"post_tag","embeddable":true,"href":"https:\/\/www.accuratereviews.com\/it\/wp-json\/wp\/v2\/tags?post=22361"},{"taxonomy":"features","embeddable":true,"href":"https:\/\/www.accuratereviews.com\/it\/wp-json\/wp\/v2\/features?post=22361"}],"curies":[{"name":"wp","href":"https:\/\/api.w.org\/{rel}","templated":true}]}}