{"id":22383,"date":"2020-01-22T14:21:09","date_gmt":"2020-01-22T14:21:09","guid":{"rendered":"https:\/\/www.accuratereviews.com\/?page_id=22383"},"modified":"2021-05-04T14:58:13","modified_gmt":"2021-05-04T14:58:13","slug":"ecount-erp-recensione","status":"publish","type":"page","link":"https:\/\/www.accuratereviews.com\/it\/software-erp-lista-software\/ecount-erp-recensione\/","title":{"rendered":"ECount ERP"},"content":{"rendered":"<p><strong>ECount ERP<\/strong> \u00e8 un <strong>sistema ERP<\/strong> (Enterprise Resource Planning) basato su <strong>cloud<\/strong> che consente agli utenti di gestire le proprie esigenze di contabilit\u00e0, acquisti, vendite, produzione e risorse umane da un&#8217;unica piattaforma.\u00a0\u00c8 stato sviluppato per essere un sistema di gestione aziendale economico e flessibile su cui le piccole e medie imprese possono fare affidamento per le loro operazioni. La piattaforma \u00e8 prontamente disponibile in qualsiasi momento, ovunque su qualsiasi dispositivo per una maggiore accessibilit\u00e0. Tramite il modulo di contabilit\u00e0 <strong>ERP di ECount<\/strong>, gli utenti possono gestire i crediti, i debiti, la contabilit\u00e0 dei costi, i progetti di flusso di cassa e molte altre funzioni. Si integra con altri programmi per fare in modo \u00a0che gli utenti possano prendere decisioni valide su questioni aziendali basate su informazioni in tempo reale.<\/p>\n<h2><b>ECOUNT ERP &#8211; TUTORIAL<\/b><\/h2>\n<p>Guardiamo insieme il tutorial per capire meglio come sfruttare questo<strong> software ERP<\/strong>:<\/p>\n<div id=\"fluid-wrapper-counter-1\" class=\"g1-fluid-wrapper \" style=\"width:686px;\">\n<div style=\"padding-bottom:56.268221574344%;\"><iframe loading=\"lazy\" title=\"[ECOUNT ERP] Inventory - How to setup the items\" width=\"686\" height=\"386\" src=\"https:\/\/www.youtube.com\/embed\/HFdjGumUw0M?feature=oembed&amp;wmode=transparent&amp;autohide=1&amp;autoplay=0&amp;disablekb=0&amp;fs=1&amp;loop=0&amp;enablejsapi=1&amp;rel=0&amp;controls=2&amp;showinfo=0&amp;wmode=transparent&amp;autohide=2&amp;autoplay=0&amp;disablekb=0&amp;fs=1&amp;loop=0&amp;enablejsapi=1&amp;rel=0&amp;controls=2&amp;showinfo=1\" frameborder=\"0\" allow=\"accelerometer; autoplay; clipboard-write; encrypted-media; gyroscope; picture-in-picture\" allowfullscreen><\/iframe><\/div>\n<\/div>\n<h3><b>ECOUNT ERP &#8211;\u00a0<\/b>CARATTERISTICHE<\/h3>\n<ul>\n<li>Soluzione ERP tutto compreso a un prezzo accessibile<\/li>\n<li>Tutte le funzioni di cui un&#8217;azienda avr\u00e0 bisogno, come inventario, produzione, vendite, acquisti, contabilit\u00e0, buste paga, groupware e webmail e altro ancora.<\/li>\n<li>Personalizza e adatta facilmente<\/li>\n<li>\u00c8 possibile abilitare e disabilitare i moduli.<\/li>\n<li>Aggiungi e modifica transazioni, schermate di input e modelli di stampa.<\/li>\n<li>Generare e cercare report per articoli, cliente \/ fornitore, data.<\/li>\n<\/ul>\n<h4>LE RECENSIONI DEGLI UTENTI<\/h4>\n<h4>Robert W. &#8220;Ottimo sistema economico con piccoli difetti&#8221;<\/h4>\n<p><strong>Commenti<\/strong>: Nel complesso \u00e8 stato un ottimo software. La curva di apprendimento \u00e8 ripida e ti ci vorr\u00e0 un po &#8216;per capirlo. Quando non ci sono dati nel sistema, \u00e8 un po &#8216;difficile come qualsiasi altro software. Tuttavia, l&#8217;assistenza clienti \u00e8 ottima e offrono consulenze GRATUITE. Con altre societ\u00e0, dovresti pagare molto.<\/p>\n<p><strong>Vantaggi<\/strong>: innanzitutto \u00e8 il costo! Questo sistema batte tutti gli altri negli Stati Uniti. Fa quello che ti serve. Se sei in produzione, controllo delle scorte e produzione questo \u00e8 uno strumento prezioso.<\/p>\n<p><strong>Inconvenienti<\/strong>: la fine della contabilit\u00e0 \u00e8 un po &#8216;poco brillante e con nostra grande delusione, hanno recentemente rimosso il pulsante &#8220;Riconcilia&#8221; che rende il software inutile. Abbiamo dovuto ricorrere a Quickbooks, il che \u00e8 un peccato. Questo programma ha un potenziale cos\u00ec elevato.<\/p>\n<h4>Felipe C. &#8220;Ha tutto il necessario.&#8221;<\/h4>\n<p><strong>Commenti<\/strong>: Mi piace molto che possiamo modificare i modelli nel modulo di vendita in base alle nostre esigenze. \u00c8 una codifica molto semplice che chiunque pu\u00f2 fare da solo dopo aver appreso come funziona il sistema.<\/p>\n<p><strong>Vantaggi<\/strong>: tutti i moduli interagiscono tra loro, non \u00e8 necessario inserire qualcosa in un modulo e quindi reinserirlo in un altro. Dopo aver appreso come funziona il programma, \u00e8 molto semplice modificare qualsiasi modello in quei moduli per renderlo facile da usare. Anche l&#8217;assistenza clienti \u00e8 eccezionale.<\/p>\n<p><strong>Inconvenienti<\/strong>: questo programma prevede diversi passaggi, a mio avviso, passaggi non necessari per passare dal preventivo alla fattura finale nel modulo di vendita. Semmai cambierei la quantit\u00e0 di passaggi necessari per poter fatturare e spedire.<\/p>\n<h4>Joseph Y. &#8220;Gestore di sistema&#8221;<\/h4>\n<p><strong>Commenti<\/strong>: Stiamo utilizzando il processo di vendita delle attrezzature alimentari e stiamo preparando un nuovo progetto con Ecount. Inoltre, stiamo utilizzando un sistema groupware come time clock, Time Off con flusso di lavoro.<\/p>\n<p><strong>Vantaggi<\/strong>: rapporto e opzione di modifica dello schermo. Funzione semplificata. App mobile. Flusso di lavoro. Notifica. Upload di Excel.<\/p>\n<p><strong>Inconvenienti<\/strong>: nessuna funzione di manutenzione dell&#8217;impianto. API limitata (solo vendite). Nessuna funzione SMS negli Stati Uniti. Collegamento finanziario con la banca. Collegamento finanziario con il software Quickbook. Funzionalit\u00e0 SQL<\/p>\n","protected":false},"excerpt":{"rendered":"<p>ECount ERP \u00e8 un sistema ERP (Enterprise Resource Planning) basato su cloud che consente agli utenti di gestire le proprie esigenze di contabilit\u00e0, acquisti, vendite, produzione e risorse umane da un&#8217;unica piattaforma.\u00a0\u00c8 stato sviluppato per essere un sistema di gestione aziendale economico e flessibile su cui le piccole e medie imprese possono fare affidamento per le loro operazioni.<\/p>\n","protected":false},"author":19,"featured_media":22384,"parent":22029,"menu_order":0,"comment_status":"open","ping_status":"closed","template":"g1_template_page_review_new.php","meta":{"_acf_changed":false,"cwp_meta_box_check":"Yes","cwp_rev_product_name":"","cwp_rev_product_image":"","wppr_links":[],"cwp_rev_price":"","wppr_options":[],"wppr_pros":[],"wppr_cons":[],"_monsterinsights_skip_tracking":false,"_monsterinsights_sitenote_active":false,"_monsterinsights_sitenote_note":"","_monsterinsights_sitenote_category":0,"footnotes":""},"categories":[120,1654],"tags":[396,1664,1663,418,923,1239,1667],"features":[],"class_list":{"0":"post-22383","1":"page","2":"type-page","3":"status-publish","4":"has-post-thumbnail","6":"category-crm-it","7":"category-enterprise-resource-planning-software-erp","8":"tag-cloud","9":"tag-enterprise-resource-planning","10":"tag-erp","11":"tag-software-crm","12":"tag-software-erp","13":"tag-soluzione-crm","14":"tag-soluzione-erp"},"wppr_data":{"cwp_meta_box_check":"Yes","cwp_rev_product_name":"","cwp_rev_product_image":"","cwp_image_link":"image","cwp_rev_price":"","wppr_rating":"0.00"},"acf":[],"yoast_head":"<!-- This site is optimized with the Yoast SEO plugin v27.4 - https:\/\/yoast.com\/product\/yoast-seo-wordpress\/ -->\n<title>Ecount ERP: recensione software ERP - Accurate Reviews<\/title>\n<meta name=\"description\" content=\"ECount ERP: recensione soluzione ERP che fornisce un ampio elenco di funzionalit\u00e0 per una gestione efficiente della tua attivit\u00e0.\" \/>\n<meta name=\"robots\" content=\"index, follow, max-snippet:-1, max-image-preview:large, max-video-preview:-1\" \/>\n<link rel=\"canonical\" href=\"https:\/\/www.accuratereviews.com\/it\/software-erp-lista-software\/ecount-erp-recensione\/\" \/>\n<meta property=\"og:locale\" content=\"it_IT\" \/>\n<meta property=\"og:type\" content=\"article\" \/>\n<meta property=\"og:title\" content=\"Ecount ERP: recensione software ERP - Accurate Reviews\" \/>\n<meta property=\"og:description\" content=\"ECount ERP: recensione soluzione ERP che fornisce un ampio elenco di funzionalit\u00e0 per una gestione efficiente della tua attivit\u00e0.\" \/>\n<meta property=\"og:url\" content=\"https:\/\/www.accuratereviews.com\/it\/software-erp-lista-software\/ecount-erp-recensione\/\" \/>\n<meta property=\"og:site_name\" content=\"Accurate Reviews\" \/>\n<meta property=\"article:modified_time\" content=\"2021-05-04T14:58:13+00:00\" \/>\n<meta property=\"og:image\" content=\"https:\/\/www.accuratereviews.com\/wp-content\/uploads\/2020\/01\/ECOUNT.png\" \/>\n\t<meta property=\"og:image:width\" content=\"244\" \/>\n\t<meta property=\"og:image:height\" content=\"206\" \/>\n\t<meta property=\"og:image:type\" content=\"image\/png\" \/>\n<meta name=\"twitter:card\" content=\"summary_large_image\" \/>\n<meta name=\"twitter:label1\" content=\"Tempo di lettura stimato\" \/>\n\t<meta name=\"twitter:data1\" content=\"3 minuti\" \/>\n<script type=\"application\/ld+json\" class=\"yoast-schema-graph\">{\"@context\":\"https:\\\/\\\/schema.org\",\"@graph\":[{\"@type\":\"WebPage\",\"@id\":\"https:\\\/\\\/www.accuratereviews.com\\\/it\\\/software-erp-lista-software\\\/ecount-erp-recensione\\\/\",\"url\":\"https:\\\/\\\/www.accuratereviews.com\\\/it\\\/software-erp-lista-software\\\/ecount-erp-recensione\\\/\",\"name\":\"Ecount ERP: recensione software ERP - Accurate Reviews\",\"isPartOf\":{\"@id\":\"https:\\\/\\\/www.accuratereviews.com\\\/it\\\/#website\"},\"primaryImageOfPage\":{\"@id\":\"https:\\\/\\\/www.accuratereviews.com\\\/it\\\/software-erp-lista-software\\\/ecount-erp-recensione\\\/#primaryimage\"},\"image\":{\"@id\":\"https:\\\/\\\/www.accuratereviews.com\\\/it\\\/software-erp-lista-software\\\/ecount-erp-recensione\\\/#primaryimage\"},\"thumbnailUrl\":\"https:\\\/\\\/www.accuratereviews.com\\\/wp-content\\\/uploads\\\/2020\\\/01\\\/ECOUNT.png\",\"datePublished\":\"2020-01-22T14:21:09+00:00\",\"dateModified\":\"2021-05-04T14:58:13+00:00\",\"description\":\"ECount ERP: recensione soluzione ERP che fornisce un ampio elenco di funzionalit\u00e0 per una gestione efficiente della tua attivit\u00e0.\",\"breadcrumb\":{\"@id\":\"https:\\\/\\\/www.accuratereviews.com\\\/it\\\/software-erp-lista-software\\\/ecount-erp-recensione\\\/#breadcrumb\"},\"inLanguage\":\"it-IT\",\"potentialAction\":[{\"@type\":\"ReadAction\",\"target\":[\"https:\\\/\\\/www.accuratereviews.com\\\/it\\\/software-erp-lista-software\\\/ecount-erp-recensione\\\/\"]}]},{\"@type\":\"ImageObject\",\"inLanguage\":\"it-IT\",\"@id\":\"https:\\\/\\\/www.accuratereviews.com\\\/it\\\/software-erp-lista-software\\\/ecount-erp-recensione\\\/#primaryimage\",\"url\":\"https:\\\/\\\/www.accuratereviews.com\\\/wp-content\\\/uploads\\\/2020\\\/01\\\/ECOUNT.png\",\"contentUrl\":\"https:\\\/\\\/www.accuratereviews.com\\\/wp-content\\\/uploads\\\/2020\\\/01\\\/ECOUNT.png\",\"width\":244,\"height\":206},{\"@type\":\"BreadcrumbList\",\"@id\":\"https:\\\/\\\/www.accuratereviews.com\\\/it\\\/software-erp-lista-software\\\/ecount-erp-recensione\\\/#breadcrumb\",\"itemListElement\":[{\"@type\":\"ListItem\",\"position\":1,\"name\":\"Home\",\"item\":\"https:\\\/\\\/www.accuratereviews.com\\\/it\\\/\"},{\"@type\":\"ListItem\",\"position\":2,\"name\":\"ERP Software\",\"item\":\"https:\\\/\\\/www.accuratereviews.com\\\/it\\\/software-erp-lista-software\\\/\"},{\"@type\":\"ListItem\",\"position\":3,\"name\":\"ECount ERP\"}]},{\"@type\":\"WebSite\",\"@id\":\"https:\\\/\\\/www.accuratereviews.com\\\/it\\\/#website\",\"url\":\"https:\\\/\\\/www.accuratereviews.com\\\/it\\\/\",\"name\":\"Accurate Reviews\",\"description\":\"\",\"potentialAction\":[{\"@type\":\"SearchAction\",\"target\":{\"@type\":\"EntryPoint\",\"urlTemplate\":\"https:\\\/\\\/www.accuratereviews.com\\\/it\\\/?s={search_term_string}\"},\"query-input\":{\"@type\":\"PropertyValueSpecification\",\"valueRequired\":true,\"valueName\":\"search_term_string\"}}],\"inLanguage\":\"it-IT\"}]}<\/script>\n<!-- \/ Yoast SEO plugin. -->","yoast_head_json":{"title":"Ecount ERP: recensione software ERP - Accurate Reviews","description":"ECount ERP: recensione soluzione ERP che fornisce un ampio elenco di funzionalit\u00e0 per una gestione efficiente della tua attivit\u00e0.","robots":{"index":"index","follow":"follow","max-snippet":"max-snippet:-1","max-image-preview":"max-image-preview:large","max-video-preview":"max-video-preview:-1"},"canonical":"https:\/\/www.accuratereviews.com\/it\/software-erp-lista-software\/ecount-erp-recensione\/","og_locale":"it_IT","og_type":"article","og_title":"Ecount ERP: recensione software ERP - Accurate Reviews","og_description":"ECount ERP: recensione soluzione ERP che fornisce un ampio elenco di funzionalit\u00e0 per una gestione efficiente della tua attivit\u00e0.","og_url":"https:\/\/www.accuratereviews.com\/it\/software-erp-lista-software\/ecount-erp-recensione\/","og_site_name":"Accurate Reviews","article_modified_time":"2021-05-04T14:58:13+00:00","og_image":[{"width":244,"height":206,"url":"https:\/\/www.accuratereviews.com\/wp-content\/uploads\/2020\/01\/ECOUNT.png","type":"image\/png"}],"twitter_card":"summary_large_image","twitter_misc":{"Tempo di lettura stimato":"3 minuti"},"schema":{"@context":"https:\/\/schema.org","@graph":[{"@type":"WebPage","@id":"https:\/\/www.accuratereviews.com\/it\/software-erp-lista-software\/ecount-erp-recensione\/","url":"https:\/\/www.accuratereviews.com\/it\/software-erp-lista-software\/ecount-erp-recensione\/","name":"Ecount ERP: recensione software ERP - Accurate Reviews","isPartOf":{"@id":"https:\/\/www.accuratereviews.com\/it\/#website"},"primaryImageOfPage":{"@id":"https:\/\/www.accuratereviews.com\/it\/software-erp-lista-software\/ecount-erp-recensione\/#primaryimage"},"image":{"@id":"https:\/\/www.accuratereviews.com\/it\/software-erp-lista-software\/ecount-erp-recensione\/#primaryimage"},"thumbnailUrl":"https:\/\/www.accuratereviews.com\/wp-content\/uploads\/2020\/01\/ECOUNT.png","datePublished":"2020-01-22T14:21:09+00:00","dateModified":"2021-05-04T14:58:13+00:00","description":"ECount ERP: recensione soluzione ERP che fornisce un ampio elenco di funzionalit\u00e0 per una gestione efficiente della tua attivit\u00e0.","breadcrumb":{"@id":"https:\/\/www.accuratereviews.com\/it\/software-erp-lista-software\/ecount-erp-recensione\/#breadcrumb"},"inLanguage":"it-IT","potentialAction":[{"@type":"ReadAction","target":["https:\/\/www.accuratereviews.com\/it\/software-erp-lista-software\/ecount-erp-recensione\/"]}]},{"@type":"ImageObject","inLanguage":"it-IT","@id":"https:\/\/www.accuratereviews.com\/it\/software-erp-lista-software\/ecount-erp-recensione\/#primaryimage","url":"https:\/\/www.accuratereviews.com\/wp-content\/uploads\/2020\/01\/ECOUNT.png","contentUrl":"https:\/\/www.accuratereviews.com\/wp-content\/uploads\/2020\/01\/ECOUNT.png","width":244,"height":206},{"@type":"BreadcrumbList","@id":"https:\/\/www.accuratereviews.com\/it\/software-erp-lista-software\/ecount-erp-recensione\/#breadcrumb","itemListElement":[{"@type":"ListItem","position":1,"name":"Home","item":"https:\/\/www.accuratereviews.com\/it\/"},{"@type":"ListItem","position":2,"name":"ERP Software","item":"https:\/\/www.accuratereviews.com\/it\/software-erp-lista-software\/"},{"@type":"ListItem","position":3,"name":"ECount ERP"}]},{"@type":"WebSite","@id":"https:\/\/www.accuratereviews.com\/it\/#website","url":"https:\/\/www.accuratereviews.com\/it\/","name":"Accurate Reviews","description":"","potentialAction":[{"@type":"SearchAction","target":{"@type":"EntryPoint","urlTemplate":"https:\/\/www.accuratereviews.com\/it\/?s={search_term_string}"},"query-input":{"@type":"PropertyValueSpecification","valueRequired":true,"valueName":"search_term_string"}}],"inLanguage":"it-IT"}]}},"_links":{"self":[{"href":"https:\/\/www.accuratereviews.com\/it\/wp-json\/wp\/v2\/pages\/22383","targetHints":{"allow":["GET"]}}],"collection":[{"href":"https:\/\/www.accuratereviews.com\/it\/wp-json\/wp\/v2\/pages"}],"about":[{"href":"https:\/\/www.accuratereviews.com\/it\/wp-json\/wp\/v2\/types\/page"}],"author":[{"embeddable":true,"href":"https:\/\/www.accuratereviews.com\/it\/wp-json\/wp\/v2\/users\/19"}],"replies":[{"embeddable":true,"href":"https:\/\/www.accuratereviews.com\/it\/wp-json\/wp\/v2\/comments?post=22383"}],"version-history":[{"count":12,"href":"https:\/\/www.accuratereviews.com\/it\/wp-json\/wp\/v2\/pages\/22383\/revisions"}],"predecessor-version":[{"id":41849,"href":"https:\/\/www.accuratereviews.com\/it\/wp-json\/wp\/v2\/pages\/22383\/revisions\/41849"}],"up":[{"embeddable":true,"href":"https:\/\/www.accuratereviews.com\/it\/wp-json\/wp\/v2\/pages\/22029"}],"wp:featuredmedia":[{"embeddable":true,"href":"https:\/\/www.accuratereviews.com\/it\/wp-json\/wp\/v2\/media\/22384"}],"wp:attachment":[{"href":"https:\/\/www.accuratereviews.com\/it\/wp-json\/wp\/v2\/media?parent=22383"}],"wp:term":[{"taxonomy":"category","embeddable":true,"href":"https:\/\/www.accuratereviews.com\/it\/wp-json\/wp\/v2\/categories?post=22383"},{"taxonomy":"post_tag","embeddable":true,"href":"https:\/\/www.accuratereviews.com\/it\/wp-json\/wp\/v2\/tags?post=22383"},{"taxonomy":"features","embeddable":true,"href":"https:\/\/www.accuratereviews.com\/it\/wp-json\/wp\/v2\/features?post=22383"}],"curies":[{"name":"wp","href":"https:\/\/api.w.org\/{rel}","templated":true}]}}