{"id":22397,"date":"2020-01-22T21:21:11","date_gmt":"2020-01-22T21:21:11","guid":{"rendered":"https:\/\/www.accuratereviews.com\/?page_id=22397"},"modified":"2024-03-01T15:58:14","modified_gmt":"2024-03-01T15:58:14","slug":"acumatica-cloud-erp-recensione","status":"publish","type":"page","link":"https:\/\/www.accuratereviews.com\/it\/software-erp-lista-software\/acumatica-cloud-erp-recensione\/","title":{"rendered":"Acumatica Cloud ERP"},"content":{"rendered":"<p><strong>Acumatica Cloud ERP<\/strong> \u00e8 un <strong>software di Enterprise Resource Planning<\/strong> specializzato in soluzioni aziendali per piccole e medie imprese. Si tratta di <strong>soluzioni ERP<\/strong> flessibili e completi poich\u00e9 vanno a coprire tutta la parte riguardante l&#8217;ecommerce, la contabilit\u00e0, la gestione delle relazioni con i clienti, i servizi professionali, l&#8217;edilizia, la produzione e gli strumenti di business intelligence. Essendo<strong> scalabile<\/strong>, sarai tu a scegliere quale modulo integrare per il prossimo passo. Questo programma ti consentir\u00e0 di far <strong>crescere il tuo business<\/strong> mettendo al centro dell&#8217;attenzione il successo dei tuoi clienti.<\/p>\n<h2>COME FUNZIONA ACUMATICA CLOUD ERP &#8211; TUTORIAL<\/h2>\n<p>Ecco un video che ci mostra come funziona questo programma:<\/p>\n<div id=\"fluid-wrapper-counter-1\" class=\"g1-fluid-wrapper \" style=\"width:686px;\">\n<div style=\"padding-bottom:56.268221574344%;\"><iframe loading=\"lazy\" title=\"Acumatica Cloud ERP Overview Video\" width=\"686\" height=\"386\" src=\"https:\/\/www.youtube.com\/embed\/hmNORkJ6kms?feature=oembed&amp;wmode=transparent&amp;autohide=1&amp;autoplay=0&amp;disablekb=0&amp;fs=1&amp;loop=0&amp;enablejsapi=1&amp;rel=0&amp;controls=2&amp;showinfo=0&amp;wmode=transparent&amp;autohide=2&amp;autoplay=0&amp;disablekb=0&amp;fs=1&amp;loop=0&amp;enablejsapi=1&amp;rel=0&amp;controls=2&amp;showinfo=1\" frameborder=\"0\" allow=\"accelerometer; autoplay; clipboard-write; encrypted-media; gyroscope; picture-in-picture; web-share\" allowfullscreen><\/iframe><\/div>\n<\/div>\n<h3>ACUMATICA CLOUD ERP &#8211; CARATTERISTICHE<\/h3>\n<p>Di seguito le sue principali caratteristiche:<\/p>\n<ul>\n<li><strong>Gestione dell&#8217;inventario<\/strong>: traccia e gestisci questa risorsa aziendale critica cos\u00ec da avere tutto sempre sotto controllo<\/li>\n<li><strong>Aumento della produttivit\u00e0<\/strong>: lavora in modo efficiente con strumenti moderni e informazioni approfondite che ti porteranno a ottenere dei risultati migliori<\/li>\n<li><strong>Cloud<\/strong>: connetti ovunque e accedi alle informazioni sulla tua attivit\u00e0 da qualsiasi luogo, in qualsiasi momento, su qualsiasi dispositivo<\/li>\n<li><strong>Gestione delle relazioni con i clienti<\/strong>: gestisci e migliora le relazioni con i tuoi clienti cos\u00ec da costruire un rapporto di fiducia<\/li>\n<li><strong>Assistenza clienti<\/strong>: \u00e8 importante avere un ottimo servizio clienti disponibile a chiarire ogni dubbio subito.<\/li>\n<\/ul>\n<h3>LE RECENSIONI DEGLI UTENTI<\/h3>\n<p><strong>&#8220;La distribuzione \u00e8 semplice e il supporto \u00e8 eccezionale!&#8221;<\/strong><br \/>\nPRO: Adoro il fatto che il team di Acumatica sia prontamente disponibile per assistere con implementazioni, aggiornamenti ed errori quando si verificano.<br \/>\nCONTRO: Abbiamo lavorato per cambiare il nostro sistema in Acumatica e non abbiamo ancora riscontrato problemi importanti. I piccoli problemi che abbiamo riscontrato sono stati rapidamente risolti con il loro team.<\/p>\n<p><strong>&#8220;Il programma \u00e8 facile da usare ma pu\u00f2 essere difettoso.&#8221;<\/strong><br \/>\nPRO: facile aggiungere tempo al programma di lavoro<br \/>\nFacile da capire<br \/>\nIl layout intuitivo aiuta a vedere facilmente dove si trova tutto.<br \/>\nCONTRO: Il programma \u00e8 stato molto difettoso da quando ho iniziato a usarlo. A volte produrr\u00e0 pi\u00f9 tempi negativi. A volte produrr\u00e0 un errore MoveNext. Inoltre, ho perso le descrizioni scritte che avevo scritto in un determinato intervallo di tempo a causa della corruzione dei dati.<\/p>\n<p><strong>&#8220;Opzione ERP meno costosa con CRM integrato&#8221;<\/strong><br \/>\nIN GENERALE: abbiamo visto molte efficienze operative e stiamo iniziando a ritirare pi\u00f9 sistemi operativi legacy: saranno tutti sostituiti da Acumatica.<br \/>\nPRO: Acumatica ha un CRM integrato che aiuta a integrare il processo di vendita e operativo per finanziare. \u00c8 davvero utile avere i dati finanziari facilmente disponibili per ogni opportunit\u00e0 di vendita.<br \/>\nCONTRO: Richiede molto coinvolgimento degli sviluppatori per la personalizzazione di viste, attributi, ecc.<\/p>\n","protected":false},"excerpt":{"rendered":"<p>Acumatica Cloud ERP \u00e8 un software di Enterprise Resource Planning specializzato in soluzioni aziendali per piccole e medie imprese. Si tratta di soluzioni ERP flessibili e completi poich\u00e9 vanno a coprire tutta la parte riguardante l&#8217;ecommerce, la contabilit\u00e0, la gestione delle relazioni con i clienti, i servizi professionali, l&#8217;edilizia, la produzione e gli strumenti di business intelligence.<\/p>\n","protected":false},"author":17,"featured_media":74869,"parent":22029,"menu_order":0,"comment_status":"open","ping_status":"closed","template":"g1_template_page_review_new.php","meta":{"_acf_changed":false,"cwp_meta_box_check":"Yes","cwp_rev_product_name":"","cwp_rev_product_image":"https:\/\/www.accuratereviews.com\/wp-content\/uploads\/2020\/01\/kisspng-acumatica-cloud-erp-logo-enterprise-resource-plann-5c7ace3483c324.7777704115515520525397.jpg","wppr_links":[],"cwp_rev_price":"","wppr_options":[{"name":"Usability","value":"0"},{"name":"Speed","value":"0"},{"name":"Features","value":"0"},{"name":"Support","value":"0"},{"name":"Pricing","value":"0"}],"wppr_pros":["","","","",""],"wppr_cons":["","","","",""],"_monsterinsights_skip_tracking":false,"_monsterinsights_sitenote_active":false,"_monsterinsights_sitenote_note":"","_monsterinsights_sitenote_category":0,"footnotes":""},"categories":[1654],"tags":[1664,1663,1669,923],"features":[],"class_list":{"0":"post-22397","1":"page","2":"type-page","3":"status-publish","4":"has-post-thumbnail","6":"category-enterprise-resource-planning-software-erp","7":"tag-enterprise-resource-planning","8":"tag-erp","9":"tag-piattaforma-erp","10":"tag-software-erp"},"wppr_data":{"cwp_meta_box_check":"Yes","cwp_rev_product_name":"","_wppr_review_template":"default","cwp_rev_product_image":"https:\/\/www.accuratereviews.com\/wp-content\/uploads\/2020\/01\/kisspng-acumatica-cloud-erp-logo-enterprise-resource-plann-5c7ace3483c324.7777704115515520525397.jpg","cwp_image_link":"image","wppr_links":[],"cwp_rev_price":"","wppr_pros":["","","","",""],"wppr_cons":["","","","",""],"wppr_rating":"0.00","wppr_options":{"1":{"name":"Usability","value":"0"},"2":{"name":"Speed","value":"0"},"3":{"name":"Features","value":"0"},"4":{"name":"Support","value":"0"},"5":{"name":"Pricing","value":"0"}},"wppr_review_type":"Product","wppr_review_custom_fields":{"additionalProperty":"","additionalType":"","aggregateRating":"","alternateName":"","audience":"","award":"","awards":"","brand":"","color":"","depth":"","description":"","disambiguatingDescription":"","gtin12":"","gtin13":"","gtin14":"","gtin8":"","height":"","identifier":"","image":"","isAccessoryOrSparePartFor":"","isConsumableFor":"","isRelatedTo":"","isSimilarTo":"","itemCondition":"","logo":"","mainEntityOfPage":"","manufacturer":"","material":"","model":"","mpn":"","name":"","offers":"","potentialAction":"","productID":"","productionDate":"","purchaseDate":"","releaseDate":"","review":"","reviews":"","sameAs":"","sku":"","slogan":"","subjectOf":"","url":"","weight":"","width":""}},"acf":[],"yoast_head":"<!-- This site is optimized with the Yoast SEO plugin v27.4 - https:\/\/yoast.com\/product\/yoast-seo-wordpress\/ -->\n<title>Acumatica Cloud ERP: recensione - Accurate Reviews<\/title>\n<meta name=\"description\" content=\"Acumatica Cloud ERP: recensione del software di Enterprise Resource Planning specializzato in soluzioni aziendali per piccole e medie imprese.\" \/>\n<meta name=\"robots\" content=\"index, follow, max-snippet:-1, max-image-preview:large, max-video-preview:-1\" \/>\n<link rel=\"canonical\" href=\"https:\/\/www.accuratereviews.com\/it\/software-erp-lista-software\/acumatica-cloud-erp-recensione\/\" \/>\n<meta property=\"og:locale\" content=\"it_IT\" \/>\n<meta property=\"og:type\" content=\"article\" \/>\n<meta property=\"og:title\" content=\"Acumatica Cloud ERP: recensione - Accurate Reviews\" \/>\n<meta property=\"og:description\" content=\"Acumatica Cloud ERP: recensione del software di Enterprise Resource Planning specializzato in soluzioni aziendali per piccole e medie imprese.\" \/>\n<meta property=\"og:url\" content=\"https:\/\/www.accuratereviews.com\/it\/software-erp-lista-software\/acumatica-cloud-erp-recensione\/\" \/>\n<meta property=\"og:site_name\" content=\"Accurate Reviews\" \/>\n<meta property=\"article:modified_time\" content=\"2024-03-01T15:58:14+00:00\" \/>\n<meta property=\"og:image\" content=\"https:\/\/www.accuratereviews.com\/wp-content\/uploads\/2024\/03\/Screenshot-2024-03-01-alle-17.40.39.png\" \/>\n\t<meta property=\"og:image:width\" content=\"1852\" \/>\n\t<meta property=\"og:image:height\" content=\"1104\" \/>\n\t<meta property=\"og:image:type\" content=\"image\/png\" \/>\n<meta name=\"twitter:card\" content=\"summary_large_image\" \/>\n<meta name=\"twitter:label1\" content=\"Tempo di lettura stimato\" \/>\n\t<meta name=\"twitter:data1\" content=\"4 minuti\" \/>\n<script type=\"application\/ld+json\" class=\"yoast-schema-graph\">{\"@context\":\"https:\\\/\\\/schema.org\",\"@graph\":[{\"@type\":\"WebPage\",\"@id\":\"https:\\\/\\\/www.accuratereviews.com\\\/it\\\/software-erp-lista-software\\\/acumatica-cloud-erp-recensione\\\/\",\"url\":\"https:\\\/\\\/www.accuratereviews.com\\\/it\\\/software-erp-lista-software\\\/acumatica-cloud-erp-recensione\\\/\",\"name\":\"Acumatica Cloud ERP: recensione - Accurate Reviews\",\"isPartOf\":{\"@id\":\"https:\\\/\\\/www.accuratereviews.com\\\/it\\\/#website\"},\"primaryImageOfPage\":{\"@id\":\"https:\\\/\\\/www.accuratereviews.com\\\/it\\\/software-erp-lista-software\\\/acumatica-cloud-erp-recensione\\\/#primaryimage\"},\"image\":{\"@id\":\"https:\\\/\\\/www.accuratereviews.com\\\/it\\\/software-erp-lista-software\\\/acumatica-cloud-erp-recensione\\\/#primaryimage\"},\"thumbnailUrl\":\"https:\\\/\\\/www.accuratereviews.com\\\/wp-content\\\/uploads\\\/2024\\\/03\\\/Screenshot-2024-03-01-alle-17.40.39.png\",\"datePublished\":\"2020-01-22T21:21:11+00:00\",\"dateModified\":\"2024-03-01T15:58:14+00:00\",\"description\":\"Acumatica Cloud ERP: recensione del software di Enterprise Resource Planning specializzato in soluzioni aziendali per piccole e medie imprese.\",\"breadcrumb\":{\"@id\":\"https:\\\/\\\/www.accuratereviews.com\\\/it\\\/software-erp-lista-software\\\/acumatica-cloud-erp-recensione\\\/#breadcrumb\"},\"inLanguage\":\"it-IT\",\"potentialAction\":[{\"@type\":\"ReadAction\",\"target\":[\"https:\\\/\\\/www.accuratereviews.com\\\/it\\\/software-erp-lista-software\\\/acumatica-cloud-erp-recensione\\\/\"]}]},{\"@type\":\"ImageObject\",\"inLanguage\":\"it-IT\",\"@id\":\"https:\\\/\\\/www.accuratereviews.com\\\/it\\\/software-erp-lista-software\\\/acumatica-cloud-erp-recensione\\\/#primaryimage\",\"url\":\"https:\\\/\\\/www.accuratereviews.com\\\/wp-content\\\/uploads\\\/2024\\\/03\\\/Screenshot-2024-03-01-alle-17.40.39.png\",\"contentUrl\":\"https:\\\/\\\/www.accuratereviews.com\\\/wp-content\\\/uploads\\\/2024\\\/03\\\/Screenshot-2024-03-01-alle-17.40.39.png\",\"width\":1852,\"height\":1104},{\"@type\":\"BreadcrumbList\",\"@id\":\"https:\\\/\\\/www.accuratereviews.com\\\/it\\\/software-erp-lista-software\\\/acumatica-cloud-erp-recensione\\\/#breadcrumb\",\"itemListElement\":[{\"@type\":\"ListItem\",\"position\":1,\"name\":\"Home\",\"item\":\"https:\\\/\\\/www.accuratereviews.com\\\/it\\\/\"},{\"@type\":\"ListItem\",\"position\":2,\"name\":\"ERP Software\",\"item\":\"https:\\\/\\\/www.accuratereviews.com\\\/it\\\/software-erp-lista-software\\\/\"},{\"@type\":\"ListItem\",\"position\":3,\"name\":\"Acumatica Cloud ERP\"}]},{\"@type\":\"WebSite\",\"@id\":\"https:\\\/\\\/www.accuratereviews.com\\\/it\\\/#website\",\"url\":\"https:\\\/\\\/www.accuratereviews.com\\\/it\\\/\",\"name\":\"Accurate Reviews\",\"description\":\"\",\"potentialAction\":[{\"@type\":\"SearchAction\",\"target\":{\"@type\":\"EntryPoint\",\"urlTemplate\":\"https:\\\/\\\/www.accuratereviews.com\\\/it\\\/?s={search_term_string}\"},\"query-input\":{\"@type\":\"PropertyValueSpecification\",\"valueRequired\":true,\"valueName\":\"search_term_string\"}}],\"inLanguage\":\"it-IT\"}]}<\/script>\n<!-- \/ Yoast SEO plugin. -->","yoast_head_json":{"title":"Acumatica Cloud ERP: recensione - Accurate Reviews","description":"Acumatica Cloud ERP: recensione del software di Enterprise Resource Planning specializzato in soluzioni aziendali per piccole e medie imprese.","robots":{"index":"index","follow":"follow","max-snippet":"max-snippet:-1","max-image-preview":"max-image-preview:large","max-video-preview":"max-video-preview:-1"},"canonical":"https:\/\/www.accuratereviews.com\/it\/software-erp-lista-software\/acumatica-cloud-erp-recensione\/","og_locale":"it_IT","og_type":"article","og_title":"Acumatica Cloud ERP: recensione - Accurate Reviews","og_description":"Acumatica Cloud ERP: recensione del software di Enterprise Resource Planning specializzato in soluzioni aziendali per piccole e medie imprese.","og_url":"https:\/\/www.accuratereviews.com\/it\/software-erp-lista-software\/acumatica-cloud-erp-recensione\/","og_site_name":"Accurate Reviews","article_modified_time":"2024-03-01T15:58:14+00:00","og_image":[{"width":1852,"height":1104,"url":"https:\/\/www.accuratereviews.com\/wp-content\/uploads\/2024\/03\/Screenshot-2024-03-01-alle-17.40.39.png","type":"image\/png"}],"twitter_card":"summary_large_image","twitter_misc":{"Tempo di lettura stimato":"4 minuti"},"schema":{"@context":"https:\/\/schema.org","@graph":[{"@type":"WebPage","@id":"https:\/\/www.accuratereviews.com\/it\/software-erp-lista-software\/acumatica-cloud-erp-recensione\/","url":"https:\/\/www.accuratereviews.com\/it\/software-erp-lista-software\/acumatica-cloud-erp-recensione\/","name":"Acumatica Cloud ERP: recensione - Accurate Reviews","isPartOf":{"@id":"https:\/\/www.accuratereviews.com\/it\/#website"},"primaryImageOfPage":{"@id":"https:\/\/www.accuratereviews.com\/it\/software-erp-lista-software\/acumatica-cloud-erp-recensione\/#primaryimage"},"image":{"@id":"https:\/\/www.accuratereviews.com\/it\/software-erp-lista-software\/acumatica-cloud-erp-recensione\/#primaryimage"},"thumbnailUrl":"https:\/\/www.accuratereviews.com\/wp-content\/uploads\/2024\/03\/Screenshot-2024-03-01-alle-17.40.39.png","datePublished":"2020-01-22T21:21:11+00:00","dateModified":"2024-03-01T15:58:14+00:00","description":"Acumatica Cloud ERP: recensione del software di Enterprise Resource Planning specializzato in soluzioni aziendali per piccole e medie imprese.","breadcrumb":{"@id":"https:\/\/www.accuratereviews.com\/it\/software-erp-lista-software\/acumatica-cloud-erp-recensione\/#breadcrumb"},"inLanguage":"it-IT","potentialAction":[{"@type":"ReadAction","target":["https:\/\/www.accuratereviews.com\/it\/software-erp-lista-software\/acumatica-cloud-erp-recensione\/"]}]},{"@type":"ImageObject","inLanguage":"it-IT","@id":"https:\/\/www.accuratereviews.com\/it\/software-erp-lista-software\/acumatica-cloud-erp-recensione\/#primaryimage","url":"https:\/\/www.accuratereviews.com\/wp-content\/uploads\/2024\/03\/Screenshot-2024-03-01-alle-17.40.39.png","contentUrl":"https:\/\/www.accuratereviews.com\/wp-content\/uploads\/2024\/03\/Screenshot-2024-03-01-alle-17.40.39.png","width":1852,"height":1104},{"@type":"BreadcrumbList","@id":"https:\/\/www.accuratereviews.com\/it\/software-erp-lista-software\/acumatica-cloud-erp-recensione\/#breadcrumb","itemListElement":[{"@type":"ListItem","position":1,"name":"Home","item":"https:\/\/www.accuratereviews.com\/it\/"},{"@type":"ListItem","position":2,"name":"ERP Software","item":"https:\/\/www.accuratereviews.com\/it\/software-erp-lista-software\/"},{"@type":"ListItem","position":3,"name":"Acumatica Cloud ERP"}]},{"@type":"WebSite","@id":"https:\/\/www.accuratereviews.com\/it\/#website","url":"https:\/\/www.accuratereviews.com\/it\/","name":"Accurate Reviews","description":"","potentialAction":[{"@type":"SearchAction","target":{"@type":"EntryPoint","urlTemplate":"https:\/\/www.accuratereviews.com\/it\/?s={search_term_string}"},"query-input":{"@type":"PropertyValueSpecification","valueRequired":true,"valueName":"search_term_string"}}],"inLanguage":"it-IT"}]}},"_links":{"self":[{"href":"https:\/\/www.accuratereviews.com\/it\/wp-json\/wp\/v2\/pages\/22397","targetHints":{"allow":["GET"]}}],"collection":[{"href":"https:\/\/www.accuratereviews.com\/it\/wp-json\/wp\/v2\/pages"}],"about":[{"href":"https:\/\/www.accuratereviews.com\/it\/wp-json\/wp\/v2\/types\/page"}],"author":[{"embeddable":true,"href":"https:\/\/www.accuratereviews.com\/it\/wp-json\/wp\/v2\/users\/17"}],"replies":[{"embeddable":true,"href":"https:\/\/www.accuratereviews.com\/it\/wp-json\/wp\/v2\/comments?post=22397"}],"version-history":[{"count":7,"href":"https:\/\/www.accuratereviews.com\/it\/wp-json\/wp\/v2\/pages\/22397\/revisions"}],"predecessor-version":[{"id":74874,"href":"https:\/\/www.accuratereviews.com\/it\/wp-json\/wp\/v2\/pages\/22397\/revisions\/74874"}],"up":[{"embeddable":true,"href":"https:\/\/www.accuratereviews.com\/it\/wp-json\/wp\/v2\/pages\/22029"}],"wp:featuredmedia":[{"embeddable":true,"href":"https:\/\/www.accuratereviews.com\/it\/wp-json\/wp\/v2\/media\/74869"}],"wp:attachment":[{"href":"https:\/\/www.accuratereviews.com\/it\/wp-json\/wp\/v2\/media?parent=22397"}],"wp:term":[{"taxonomy":"category","embeddable":true,"href":"https:\/\/www.accuratereviews.com\/it\/wp-json\/wp\/v2\/categories?post=22397"},{"taxonomy":"post_tag","embeddable":true,"href":"https:\/\/www.accuratereviews.com\/it\/wp-json\/wp\/v2\/tags?post=22397"},{"taxonomy":"features","embeddable":true,"href":"https:\/\/www.accuratereviews.com\/it\/wp-json\/wp\/v2\/features?post=22397"}],"curies":[{"name":"wp","href":"https:\/\/api.w.org\/{rel}","templated":true}]}}