{"id":22426,"date":"2020-01-22T21:20:11","date_gmt":"2020-01-22T21:20:11","guid":{"rendered":"https:\/\/www.accuratereviews.com\/?page_id=22426"},"modified":"2020-05-18T08:36:10","modified_gmt":"2020-05-18T08:36:10","slug":"trueerp-software-suite-recensione","status":"publish","type":"page","link":"https:\/\/www.accuratereviews.com\/it\/software-erp-lista-software\/trueerp-software-suite-recensione\/","title":{"rendered":"TrueERP Software Suite"},"content":{"rendered":"<p class=\"h2 mb-0\"><strong>TrueERP Software Suite<\/strong> \u00e8 una <strong>soluzione ERP all-in-one<\/strong> che copre le principali funzioni aziendali come la pianificazione della produzione, la gestione finanziaria, del magazzino, della contabilit\u00e0, degli acquisti e delle vendite e di molto altro ancora. L&#8217;obiettivo \u00e8 quello di aiutare <strong>qualsiasi tipo di azienda<\/strong> che abbia bisogno di un ottimizzare e migliorare le sue prestazioni. Questo <strong>software di Enterprise Resource Planning<\/strong> \u00e8 costituito da diversi moduli che includono funzionalit\u00e0 di ogni genere che semplificano le operazioni che abitualmente richiedono tempo e fatica. In questo modo, \u00e8 possibile ridurre e gestire i costi operativi e migliorare, allo stesso tempo, l&#8217;efficienza senza perdere tempo.<\/p>\n<h2>COME UTILIZZARE TRUEERP SOFTWARE SUITE &#8211; TUTORIAL<\/h2>\n<p>Diamo un&#8217;occhiata a questo video cos\u00ec da avere una visione pi\u00f9 completa di questo programma:<\/p>\n<div id=\"fluid-wrapper-counter-1\" class=\"g1-fluid-wrapper \" style=\"width:686px;\">\n<div style=\"padding-bottom:56.268221574344%;\"><iframe loading=\"lazy\" title=\"TrueERP Main Demo Video\" width=\"686\" height=\"386\" src=\"https:\/\/www.youtube.com\/embed\/BzxoYOp42fg?feature=oembed&amp;wmode=transparent&amp;autohide=1&amp;autoplay=0&amp;disablekb=0&amp;fs=1&amp;loop=0&amp;enablejsapi=1&amp;rel=0&amp;controls=2&amp;showinfo=0&amp;wmode=transparent&amp;autohide=2&amp;autoplay=0&amp;disablekb=0&amp;fs=1&amp;loop=0&amp;enablejsapi=1&amp;rel=0&amp;controls=2&amp;showinfo=1\" frameborder=\"0\" allow=\"accelerometer; autoplay; encrypted-media; gyroscope; picture-in-picture\" allowfullscreen><\/iframe><\/div>\n<\/div>\n<h3>TRUEERP SOFTWARE SUITE &#8211; CARATTERISTICHE<\/h3>\n<p>Ecco le sue caratteristiche principali:<\/p>\n<ul>\n<li><strong>Gestione della produzione<\/strong>: grazie a questo software, la produzione sar\u00e0 semplificata dalla distinta base alla gestione della catena di approvvigionamento e alla programmazione della produzione<\/li>\n<li><strong>Gestione dell&#8217;inventario<\/strong>: il funzionamento regolare della tua attivit\u00e0 TrueERP ti fornisce informazioni in tempo reale sui livelli e sui valori delle scorte attuali<\/li>\n<li><strong>Gestione degli acquisti e delle vendite<\/strong>: mantieni il controllo completo dei tuoi acquisti da riordino automatico alla selezione automatica del fornitore pi\u00f9 economico<\/li>\n<li><strong>Gestione della contabilit\u00e0<\/strong>: utilizza funzioni di contabilit\u00e0 complete che ti offrono la massima flessibilit\u00e0 nella creazione e gestione dei tuoi sistemi finanziari.<\/li>\n<\/ul>\n<h3>LE RECENSIONI DEGLI UTENTI<\/h3>\n<p><strong>&#8220;ERP ci ha aiutato a organizzare ed \u00e8 un vero risparmio di tempo!&#8221;<\/strong><br \/>\nIN GENERALE: Per la prima volta, ho trovato l&#8217;organizzazione per la mia attivit\u00e0. La gestione dell&#8217;inventario \u00e8 stata di gran lunga una delle nostre maggiori sfide e potevamo a malapena riferire con precisione sul pi\u00f9 semplice dei dati finanziari. TrueERP ci ha permesso di tracciare gli ordini e prendere le decisioni appropriate in base agli ordini dei nostri clienti e ai dati in tempo reale.<br \/>\nPRO: Sono in grado di controllare l&#8217;inventario in modo pi\u00f9 accurato che mai, quindi posso assicurarmi di ordinare abbastanza prodotti, il che mi aiuta a garantire che i prodotti non si trovino sullo scaffale. Posso anche finalmente fidarmi che il nostro commercialista ha numeri in tempo reale con cui lavorare quando genera report per darci uno sguardo vero e attuale su dove ci troviamo. Abbiamo anche richiesto alcuni report personalizzati che sono stati sviluppati appositamente per noi, come un software dotato di servizi!<br \/>\nCONTRO: L&#8217;integrazione con FedEx ha richiesto del tempo e abbiamo dovuto andare avanti e indietro con loro per un po&#8217;.<\/p>\n<p><strong>&#8220;Eseguire diversi tipi di report \u00e8 cos\u00ec semplice!&#8221;<\/strong><br \/>\nIN GENERALE: in breve, s\u00ec TrueERP ci ha aiutato a gestire gli affari quotidiani. \u00c8 un grande programma ed \u00e8 stato un cambiamento significativo nel complesso. L&#8217;anno scorso \u00e8 stato un grande adattamento e voi ragazzi state sviluppando il modulo Hire per noi. Una volta completati questi sviluppi, sar\u00e0 ancora pi\u00f9 utile. Darei anche un punteggio pi\u00f9 alto per la qualit\u00e0-prezzo, una volta che le nostre aggiunte sono state fatte e possiamo usare il modulo Hire. Non esiterei a raccomandare il software a chiunque abbia esperienza nel software di inventario, altrimenti c&#8217;\u00e8 una curva di apprendimento pi\u00f9 ampia. Oltre a ci\u00f2, lo farei di sicuro! Personalmente, descriverei il software come facile da usare!<br \/>\nPRO: l&#8217;esecuzione di diversi tipi di report \u00e8 cos\u00ec semplice! Anche le funzioni di ordinamento per gli elenchi e la possibilit\u00e0 di applicare i filtri sono eccezionali!<br \/>\nCONTRO: Abbiamo riscontrato problemi durante il caricamento di alcuni dei nostri report davvero importanti. Abbiamo anche riscontrato un problema con la funzionalit\u00e0 di riordino automatico, ma stanno risolvendo ora.<\/p>\n<p><strong>&#8220;Ottimo per la contabilit\u00e0!&#8221;<\/strong><br \/>\nIN GENERALE: consiglierei assolutamente TrueERP ad un amico o un collega. ERP \u00e8 facile da usare, ci ha aiutato con i nostri processi aziendali quotidiani e sono sempre in grado di chiamare per ottenere supporto in tempo reale.<br \/>\nPRO: \u00c8 fantastico dal punto di vista contabile perch\u00e9 tutto \u00e8 collegato! Mi piace anche molto la capacit\u00e0 di approfondire i dettagli finanziari per poter facilmente vedere da dove scorrono i numeri.<br \/>\nCONTRO: Che non \u00e8 possibile eseguire il drill in transazioni bloccate senza modificare le date di chiusura nelle preferenze del software, ma so che una volta aggiornato all&#8217;ultima versione avremo un&#8217;opzione per includere i dati prima delle date di chiusura nei principali rapporti finanziari. Sarebbe anche bello avere un livello di accesso che renda di sola lettura tutti i mesi precedenti.<\/p>\n","protected":false},"excerpt":{"rendered":"<p>TrueERP Software Suite \u00e8 una soluzione ERP all-in-one che copre le principali funzioni aziendali come la pianificazione della produzione, la gestione finanziaria, del magazzino, della contabilit\u00e0, degli acquisti e delle vendite e di molto altro ancora. L&#8217;obiettivo \u00e8 quello di aiutare qualsiasi tipo di azienda che abbia bisogno di un ottimizzare e migliorare le sue prestazioni.<\/p>\n","protected":false},"author":17,"featured_media":22427,"parent":22029,"menu_order":0,"comment_status":"open","ping_status":"closed","template":"g1_template_page_review_new.php","meta":{"_acf_changed":false,"cwp_meta_box_check":"Yes","cwp_rev_product_name":"","cwp_rev_product_image":"","wppr_links":[],"cwp_rev_price":"","wppr_options":[],"wppr_pros":[],"wppr_cons":[],"_monsterinsights_skip_tracking":false,"_monsterinsights_sitenote_active":false,"_monsterinsights_sitenote_note":"","_monsterinsights_sitenote_category":0,"footnotes":""},"categories":[1654],"tags":[1664,1663,1669,1671],"features":[],"class_list":{"0":"post-22426","1":"page","2":"type-page","3":"status-publish","4":"has-post-thumbnail","6":"category-enterprise-resource-planning-software-erp","7":"tag-enterprise-resource-planning","8":"tag-erp","9":"tag-piattaforma-erp","10":"tag-programma-erp"},"wppr_data":{"cwp_meta_box_check":"Yes","cwp_rev_product_name":"","cwp_rev_product_image":"","cwp_image_link":"image","cwp_rev_price":"","wppr_rating":"0.00"},"acf":[],"yoast_head":"<!-- This site is optimized with the Yoast SEO plugin v27.4 - https:\/\/yoast.com\/product\/yoast-seo-wordpress\/ -->\n<title>TrueERP Software Suite: recensione - Accurate Reviews<\/title>\n<meta name=\"description\" content=\"TrueERP Software Suite: recensione della soluzione ERP all-in-one che copre le principali funzioni aziendali, ottimizzandole e migliorandole.\" \/>\n<meta name=\"robots\" content=\"index, follow, max-snippet:-1, max-image-preview:large, max-video-preview:-1\" \/>\n<link rel=\"canonical\" href=\"https:\/\/www.accuratereviews.com\/it\/software-erp-lista-software\/trueerp-software-suite-recensione\/\" \/>\n<meta property=\"og:locale\" content=\"it_IT\" \/>\n<meta property=\"og:type\" content=\"article\" \/>\n<meta property=\"og:title\" content=\"TrueERP Software Suite: recensione - Accurate Reviews\" \/>\n<meta property=\"og:description\" content=\"TrueERP Software Suite: recensione della soluzione ERP all-in-one che copre le principali funzioni aziendali, ottimizzandole e migliorandole.\" \/>\n<meta property=\"og:url\" content=\"https:\/\/www.accuratereviews.com\/it\/software-erp-lista-software\/trueerp-software-suite-recensione\/\" \/>\n<meta property=\"og:site_name\" content=\"Accurate Reviews\" \/>\n<meta property=\"article:modified_time\" content=\"2020-05-18T08:36:10+00:00\" \/>\n<meta property=\"og:image\" content=\"https:\/\/www.accuratereviews.com\/wp-content\/uploads\/2020\/01\/logo.png\" \/>\n\t<meta property=\"og:image:width\" content=\"250\" \/>\n\t<meta property=\"og:image:height\" content=\"124\" \/>\n\t<meta property=\"og:image:type\" content=\"image\/png\" \/>\n<meta name=\"twitter:card\" content=\"summary_large_image\" \/>\n<meta name=\"twitter:label1\" content=\"Tempo di lettura stimato\" \/>\n\t<meta name=\"twitter:data1\" content=\"4 minuti\" \/>\n<script type=\"application\/ld+json\" class=\"yoast-schema-graph\">{\"@context\":\"https:\\\/\\\/schema.org\",\"@graph\":[{\"@type\":\"WebPage\",\"@id\":\"https:\\\/\\\/www.accuratereviews.com\\\/it\\\/software-erp-lista-software\\\/trueerp-software-suite-recensione\\\/\",\"url\":\"https:\\\/\\\/www.accuratereviews.com\\\/it\\\/software-erp-lista-software\\\/trueerp-software-suite-recensione\\\/\",\"name\":\"TrueERP Software Suite: recensione - Accurate Reviews\",\"isPartOf\":{\"@id\":\"https:\\\/\\\/www.accuratereviews.com\\\/it\\\/#website\"},\"primaryImageOfPage\":{\"@id\":\"https:\\\/\\\/www.accuratereviews.com\\\/it\\\/software-erp-lista-software\\\/trueerp-software-suite-recensione\\\/#primaryimage\"},\"image\":{\"@id\":\"https:\\\/\\\/www.accuratereviews.com\\\/it\\\/software-erp-lista-software\\\/trueerp-software-suite-recensione\\\/#primaryimage\"},\"thumbnailUrl\":\"https:\\\/\\\/www.accuratereviews.com\\\/wp-content\\\/uploads\\\/2020\\\/01\\\/logo.png\",\"datePublished\":\"2020-01-22T21:20:11+00:00\",\"dateModified\":\"2020-05-18T08:36:10+00:00\",\"description\":\"TrueERP Software Suite: recensione della soluzione ERP all-in-one che copre le principali funzioni aziendali, ottimizzandole e migliorandole.\",\"breadcrumb\":{\"@id\":\"https:\\\/\\\/www.accuratereviews.com\\\/it\\\/software-erp-lista-software\\\/trueerp-software-suite-recensione\\\/#breadcrumb\"},\"inLanguage\":\"it-IT\",\"potentialAction\":[{\"@type\":\"ReadAction\",\"target\":[\"https:\\\/\\\/www.accuratereviews.com\\\/it\\\/software-erp-lista-software\\\/trueerp-software-suite-recensione\\\/\"]}]},{\"@type\":\"ImageObject\",\"inLanguage\":\"it-IT\",\"@id\":\"https:\\\/\\\/www.accuratereviews.com\\\/it\\\/software-erp-lista-software\\\/trueerp-software-suite-recensione\\\/#primaryimage\",\"url\":\"https:\\\/\\\/www.accuratereviews.com\\\/wp-content\\\/uploads\\\/2020\\\/01\\\/logo.png\",\"contentUrl\":\"https:\\\/\\\/www.accuratereviews.com\\\/wp-content\\\/uploads\\\/2020\\\/01\\\/logo.png\",\"width\":250,\"height\":124},{\"@type\":\"BreadcrumbList\",\"@id\":\"https:\\\/\\\/www.accuratereviews.com\\\/it\\\/software-erp-lista-software\\\/trueerp-software-suite-recensione\\\/#breadcrumb\",\"itemListElement\":[{\"@type\":\"ListItem\",\"position\":1,\"name\":\"Home\",\"item\":\"https:\\\/\\\/www.accuratereviews.com\\\/it\\\/\"},{\"@type\":\"ListItem\",\"position\":2,\"name\":\"ERP Software\",\"item\":\"https:\\\/\\\/www.accuratereviews.com\\\/it\\\/software-erp-lista-software\\\/\"},{\"@type\":\"ListItem\",\"position\":3,\"name\":\"TrueERP Software Suite\"}]},{\"@type\":\"WebSite\",\"@id\":\"https:\\\/\\\/www.accuratereviews.com\\\/it\\\/#website\",\"url\":\"https:\\\/\\\/www.accuratereviews.com\\\/it\\\/\",\"name\":\"Accurate Reviews\",\"description\":\"\",\"potentialAction\":[{\"@type\":\"SearchAction\",\"target\":{\"@type\":\"EntryPoint\",\"urlTemplate\":\"https:\\\/\\\/www.accuratereviews.com\\\/it\\\/?s={search_term_string}\"},\"query-input\":{\"@type\":\"PropertyValueSpecification\",\"valueRequired\":true,\"valueName\":\"search_term_string\"}}],\"inLanguage\":\"it-IT\"}]}<\/script>\n<!-- \/ Yoast SEO plugin. -->","yoast_head_json":{"title":"TrueERP Software Suite: recensione - Accurate Reviews","description":"TrueERP Software Suite: recensione della soluzione ERP all-in-one che copre le principali funzioni aziendali, ottimizzandole e migliorandole.","robots":{"index":"index","follow":"follow","max-snippet":"max-snippet:-1","max-image-preview":"max-image-preview:large","max-video-preview":"max-video-preview:-1"},"canonical":"https:\/\/www.accuratereviews.com\/it\/software-erp-lista-software\/trueerp-software-suite-recensione\/","og_locale":"it_IT","og_type":"article","og_title":"TrueERP Software Suite: recensione - Accurate Reviews","og_description":"TrueERP Software Suite: recensione della soluzione ERP all-in-one che copre le principali funzioni aziendali, ottimizzandole e migliorandole.","og_url":"https:\/\/www.accuratereviews.com\/it\/software-erp-lista-software\/trueerp-software-suite-recensione\/","og_site_name":"Accurate Reviews","article_modified_time":"2020-05-18T08:36:10+00:00","og_image":[{"width":250,"height":124,"url":"https:\/\/www.accuratereviews.com\/wp-content\/uploads\/2020\/01\/logo.png","type":"image\/png"}],"twitter_card":"summary_large_image","twitter_misc":{"Tempo di lettura stimato":"4 minuti"},"schema":{"@context":"https:\/\/schema.org","@graph":[{"@type":"WebPage","@id":"https:\/\/www.accuratereviews.com\/it\/software-erp-lista-software\/trueerp-software-suite-recensione\/","url":"https:\/\/www.accuratereviews.com\/it\/software-erp-lista-software\/trueerp-software-suite-recensione\/","name":"TrueERP Software Suite: recensione - Accurate Reviews","isPartOf":{"@id":"https:\/\/www.accuratereviews.com\/it\/#website"},"primaryImageOfPage":{"@id":"https:\/\/www.accuratereviews.com\/it\/software-erp-lista-software\/trueerp-software-suite-recensione\/#primaryimage"},"image":{"@id":"https:\/\/www.accuratereviews.com\/it\/software-erp-lista-software\/trueerp-software-suite-recensione\/#primaryimage"},"thumbnailUrl":"https:\/\/www.accuratereviews.com\/wp-content\/uploads\/2020\/01\/logo.png","datePublished":"2020-01-22T21:20:11+00:00","dateModified":"2020-05-18T08:36:10+00:00","description":"TrueERP Software Suite: recensione della soluzione ERP all-in-one che copre le principali funzioni aziendali, ottimizzandole e migliorandole.","breadcrumb":{"@id":"https:\/\/www.accuratereviews.com\/it\/software-erp-lista-software\/trueerp-software-suite-recensione\/#breadcrumb"},"inLanguage":"it-IT","potentialAction":[{"@type":"ReadAction","target":["https:\/\/www.accuratereviews.com\/it\/software-erp-lista-software\/trueerp-software-suite-recensione\/"]}]},{"@type":"ImageObject","inLanguage":"it-IT","@id":"https:\/\/www.accuratereviews.com\/it\/software-erp-lista-software\/trueerp-software-suite-recensione\/#primaryimage","url":"https:\/\/www.accuratereviews.com\/wp-content\/uploads\/2020\/01\/logo.png","contentUrl":"https:\/\/www.accuratereviews.com\/wp-content\/uploads\/2020\/01\/logo.png","width":250,"height":124},{"@type":"BreadcrumbList","@id":"https:\/\/www.accuratereviews.com\/it\/software-erp-lista-software\/trueerp-software-suite-recensione\/#breadcrumb","itemListElement":[{"@type":"ListItem","position":1,"name":"Home","item":"https:\/\/www.accuratereviews.com\/it\/"},{"@type":"ListItem","position":2,"name":"ERP Software","item":"https:\/\/www.accuratereviews.com\/it\/software-erp-lista-software\/"},{"@type":"ListItem","position":3,"name":"TrueERP Software Suite"}]},{"@type":"WebSite","@id":"https:\/\/www.accuratereviews.com\/it\/#website","url":"https:\/\/www.accuratereviews.com\/it\/","name":"Accurate Reviews","description":"","potentialAction":[{"@type":"SearchAction","target":{"@type":"EntryPoint","urlTemplate":"https:\/\/www.accuratereviews.com\/it\/?s={search_term_string}"},"query-input":{"@type":"PropertyValueSpecification","valueRequired":true,"valueName":"search_term_string"}}],"inLanguage":"it-IT"}]}},"_links":{"self":[{"href":"https:\/\/www.accuratereviews.com\/it\/wp-json\/wp\/v2\/pages\/22426","targetHints":{"allow":["GET"]}}],"collection":[{"href":"https:\/\/www.accuratereviews.com\/it\/wp-json\/wp\/v2\/pages"}],"about":[{"href":"https:\/\/www.accuratereviews.com\/it\/wp-json\/wp\/v2\/types\/page"}],"author":[{"embeddable":true,"href":"https:\/\/www.accuratereviews.com\/it\/wp-json\/wp\/v2\/users\/17"}],"replies":[{"embeddable":true,"href":"https:\/\/www.accuratereviews.com\/it\/wp-json\/wp\/v2\/comments?post=22426"}],"version-history":[{"count":4,"href":"https:\/\/www.accuratereviews.com\/it\/wp-json\/wp\/v2\/pages\/22426\/revisions"}],"predecessor-version":[{"id":26613,"href":"https:\/\/www.accuratereviews.com\/it\/wp-json\/wp\/v2\/pages\/22426\/revisions\/26613"}],"up":[{"embeddable":true,"href":"https:\/\/www.accuratereviews.com\/it\/wp-json\/wp\/v2\/pages\/22029"}],"wp:featuredmedia":[{"embeddable":true,"href":"https:\/\/www.accuratereviews.com\/it\/wp-json\/wp\/v2\/media\/22427"}],"wp:attachment":[{"href":"https:\/\/www.accuratereviews.com\/it\/wp-json\/wp\/v2\/media?parent=22426"}],"wp:term":[{"taxonomy":"category","embeddable":true,"href":"https:\/\/www.accuratereviews.com\/it\/wp-json\/wp\/v2\/categories?post=22426"},{"taxonomy":"post_tag","embeddable":true,"href":"https:\/\/www.accuratereviews.com\/it\/wp-json\/wp\/v2\/tags?post=22426"},{"taxonomy":"features","embeddable":true,"href":"https:\/\/www.accuratereviews.com\/it\/wp-json\/wp\/v2\/features?post=22426"}],"curies":[{"name":"wp","href":"https:\/\/api.w.org\/{rel}","templated":true}]}}