{"id":22434,"date":"2020-01-23T13:47:59","date_gmt":"2020-01-23T13:47:59","guid":{"rendered":"https:\/\/www.accuratereviews.com\/?page_id=22434"},"modified":"2021-05-10T14:18:56","modified_gmt":"2021-05-10T14:18:56","slug":"bizautomation-recensione","status":"publish","type":"page","link":"https:\/\/www.accuratereviews.com\/it\/software-erp-lista-software\/bizautomation-recensione\/","title":{"rendered":"BizAutomation"},"content":{"rendered":"<p><strong>BizAutomation<\/strong>\u00a0\u00e8 una <strong>piattaforma ERP<\/strong> completa e robusta creata per accelerare e semplificare tutte le operazioni e i processi di back-office. Offre agli utenti una vasta gamma di potenti funzionalit\u00e0 che semplificano e accelerano i processi, gestiscono e evadono gli ordini, spediscono e consegnano in tempo rapido. Il software garantisce agli utenti il \u200b\u200bcontrollo totale del magazzino e dell&#8217;inventario, automatizza i flussi di lavoro, gestisce i prezzi e le promozioni con facilit\u00e0 e semplifica gli ordini di lavoro. Con <strong>BizAutomation<\/strong>, hai un software <strong>che sostituisce facilmente i sistemi tradizionali<\/strong> che molte piccole aziende B2B e B2C negli Stati Uniti usano per gestire le loro attivit\u00e0 come QuickBooks, Xero, Zoho, sistemi di gestione dell&#8217;inventario come FishBowl e piattaforme di e-commerce come BigCommerce.<\/p>\n<h2>BIZAUTOMATION &#8211; TUTORIAL<\/h2>\n<p>Guardiamo il tutorial per sfruttare al massimo questo <strong>software ERP<\/strong>:<\/p>\n<div id=\"fluid-wrapper-counter-1\" class=\"g1-fluid-wrapper \" style=\"width:686px;\">\n<div style=\"padding-bottom:56.268221574344%;\"><iframe loading=\"lazy\" title=\"BizAutomation Demo\" width=\"686\" height=\"386\" src=\"https:\/\/www.youtube.com\/embed\/i39D9p8nqHM?feature=oembed&amp;wmode=transparent&amp;autohide=1&amp;autoplay=0&amp;disablekb=0&amp;fs=1&amp;loop=0&amp;enablejsapi=1&amp;rel=0&amp;controls=2&amp;showinfo=0&amp;wmode=transparent&amp;autohide=2&amp;autoplay=0&amp;disablekb=0&amp;fs=1&amp;loop=0&amp;enablejsapi=1&amp;rel=0&amp;controls=2&amp;showinfo=1\" frameborder=\"0\" allow=\"accelerometer; autoplay; clipboard-write; encrypted-media; gyroscope; picture-in-picture\" allowfullscreen><\/iframe><\/div>\n<\/div>\n<h3>BIZAUTOMATION &#8211; CARATTERISTICHE<\/h3>\n<ul>\n<li><strong>Gestione dell&#8217;inventario e del magazzino<\/strong>: questo strumento mette il controllo di pi\u00f9 posizioni esterne e interne nelle mani degli utenti e offre molte funzionalit\u00e0 per tenere traccia dei materiali. Ad esempio prelievo \/ imballaggio \/ spedizione e adempimento discreto, deposito al momento della ricezione, regolazione in base al conteggio dei cicli, pista di controllo, movimenti di magazzino, matrice, assiemi di ordini di lavoro, configurazione degli articoli e altro<\/li>\n<li><strong>Pianificazione e approvvigionamento della domanda<\/strong>: gli utenti possono prevedere e conservare scorte adeguate per soddisfare la domanda gestendo richieste e approvazioni, impostando date di rilascio generali e fisse, tenendo conto dei tempi dei fornitori in transito e mantenendo la cronologia delle vendite<\/li>\n<li><strong>Automazione del flusso di lavoro:<\/strong> gli utenti possono rinunciare alla codifica e creare regole sofisticate tramite una procedura guidata per attivare attivit\u00e0 e avvisi<\/li>\n<li><strong>Richieste, ordini di acquisto, ricezione e fatture<\/strong>: gli utenti supervisionano la generazione di fatture attraverso un flusso di lavoro di approvazione che inizia con una coda di adempimento dello spazio pubblicitario dedicata e include conferme di fatturazione di elementi pubblicitari e avvisi.<\/li>\n<li><strong>Preventivi, ordini cliente e fatture:<\/strong> gli utenti possono adattarsi a cicli di vendita brevi o lunghi, creare preventivi di elementi pubblicitari e convertirli con un solo clic e gestire l&#8217;elaborazione delle carte di credito in tempo reale. Il processo dell&#8217;ordine cliente pu\u00f2 essere gestito tramite campo o oggetto<\/li>\n<li><strong>Gestione dei prezzi e delle promozioni<\/strong>: gli utenti possono impostare prezzi ottimali regolando i margini in base ai listini dei costi dei fornitori, agli sconti sui prezzi di listino per livello clienti, alla cronologia dei prezzi passata e altro ancora. I clienti possono essere incoraggiati ad acquistare tramite codici coupon automatici, promozioni basate sulla data, upsell post-acquisto o sconti in tempo reale sul prodotto o sulla spedizione<\/li>\n<li><strong>Automazione della spedizione<\/strong>: il software si integra con i principali corrieri UPS, FedEx e USPS, consentendo il recupero delle tariffe di spedizione negoziate durante la creazione di ordini di vendita, l&#8217;emissione di etichette e il monitoraggio dei numeri dagli spedizionieri.<\/li>\n<\/ul>\n<h4>LE RECENSIONE DEGLI UTENTI<\/h4>\n<h4>Brad J. &#8220;Software impressionante davvero conveniente per le piccole imprese&#8221;<\/h4>\n<p><strong>Commenti<\/strong>: Sono rimasto molto colpito dal loro prodotto e dal loro servizio!<\/p>\n<p><strong>Vantaggi<\/strong>: ho guardato e provato diversi altri sistemi da societ\u00e0 di software pi\u00f9 grandi, forse pi\u00f9 conosciute. Sebbene BizAutomation possa essere una societ\u00e0 di software pi\u00f9 piccola in confronto alle dimensioni, erano certamente altrettanto in grado di fornire le stesse funzionalit\u00e0 in base alle demo che ci hanno fornito. Sono rimasto molto colpito da ci\u00f2 che potrebbero fornirci rispetto ai maggiori fornitori di software. Sono sicuro che quelle aziende offrono alcune funzionalit\u00e0 di BizAutomation, ma BizAutomation ha offerto funzionalit\u00e0 che la concorrenza non poteva. BizAutomation ha soddisfatto ogni esigenza richiesta per un costo significativamente inferiore e il servizio clienti non \u00e8 secondo a nessuno. Sono rimasto molto colpito dal loro prodotto e dal loro servizio!<\/p>\n<p><strong>Inconvenienti<\/strong>: non ho davvero nulla di negativo da dire. Se fossi pignolo, potrei dire che un giorno abbiamo avuto un po &#8216;di rallentamento delle prestazioni per alcune ore, ma questi sono stati risolti rapidamente e non ne abbiamo mai avuto un altro esempio. Ho chiesto e mi \u00e8 stato detto che questo \u00e8 qualcosa che monitorano e quando l&#8217;hardware si satura si aggiornano, il che ha senso.<\/p>\n<h4>Illyssa L. &#8220;Tutto il necessario in un unico posto&#8221;<\/h4>\n<p><strong>Commenti<\/strong>: Ottimo prezzo per tutte le grandi cose che ne derivano.<\/p>\n<p><strong>Vantaggi<\/strong>: il software \u00e8 pulito, facile da leggere e la navigazione \u00e8 autoesplicativa. Le funzionalit\u00e0 e i moduli non sono complicati e fanno il lavoro. Il servizio clienti \u00e8 eccezionale. Se qualcosa deve essere riparato o modificato, qualcuno \u00e8 l\u00ec per aiutarti.<\/p>\n<p><strong>Inconvenienti<\/strong>: un&#8217;app mobile sarebbe fantastica. A volte il programma \u00e8 lento per alcuni minuti ma \u00e8 tornato alla normalit\u00e0 poco dopo.<\/p>\n<h4>Myles N. &#8220;BizAutomation ci ha aiutato a costruire la personalizzazione che non potevamo fare da nessun&#8217;altra parte.&#8221;<\/h4>\n<p><strong>Commenti<\/strong>: Siamo passati dall&#8217;usare una rete di sistemi diversi tutti uniti a lavorare quasi interamente con BizAutomation. Abbiamo trovato soluzioni a problemi che ci portavamo dietro da anni. Le persone di BizAutomation sono state una delle squadre pi\u00f9 reattive con cui ho lavorato. Hanno aiutato a sviluppare nuove funzioni all&#8217;interno del loro sistema, sono sempre stati disponibili per la risoluzione dei problemi e ci hanno incluso nelle discussioni sullo sviluppo futuro.<\/p>\n<p><strong>Vantaggi<\/strong>: quasi tutto l&#8217;interfaccia utente visibile \u00e8 personalizzabile. Hanno offerto una suite completa in modo che possiamo gestire tutto dalla vendita alla produzione alla spedizione all&#8217;interno di un unico sistema. I ragazzi di BizAutomation ci hanno aiutato a sviluppare alcune soluzioni personalizzate per alcuni problemi unici.<\/p>\n<p><strong>Inconvenienti<\/strong>: non c&#8217;\u00e8 molta documentazione per l&#8217;utente, ma gli sviluppatori conoscono bene il sistema e hanno sempre risposto quando abbiamo contattato. La piattaforma di ecommerce integrata non \u00e8 cos\u00ec robusta come si potrebbe trovare in Magento o Shopify ma anche nei cinque mesi trascorsi con loro, hanno apportato e continuano a apportare importanti miglioramenti all&#8217;intero sistema.<\/p>\n","protected":false},"excerpt":{"rendered":"<p>BizAutomation\u00a0\u00e8 una piattaforma ERP completa e robusta creata per accelerare e semplificare tutte le operazioni e i processi di back-office. Offre agli utenti una vasta gamma di potenti funzionalit\u00e0 che semplificano e accelerano i processi, gestiscono e evadono gli ordini, spediscono e consegnano in tempo rapido.<\/p>\n","protected":false},"author":19,"featured_media":22436,"parent":22029,"menu_order":0,"comment_status":"open","ping_status":"closed","template":"g1_template_page_review_new.php","meta":{"_acf_changed":false,"cwp_meta_box_check":"Yes","cwp_rev_product_name":"","cwp_rev_product_image":"","wppr_links":[],"cwp_rev_price":"","wppr_options":[],"wppr_pros":[],"wppr_cons":[],"_monsterinsights_skip_tracking":false,"_monsterinsights_sitenote_active":false,"_monsterinsights_sitenote_note":"","_monsterinsights_sitenote_category":0,"footnotes":""},"categories":[120,1654],"tags":[1699,1664,418,923,1239,1667],"features":[],"class_list":{"0":"post-22434","1":"page","2":"type-page","3":"status-publish","4":"has-post-thumbnail","6":"category-crm-it","7":"category-enterprise-resource-planning-software-erp","8":"tag-bizautomation","9":"tag-enterprise-resource-planning","10":"tag-software-crm","11":"tag-software-erp","12":"tag-soluzione-crm","13":"tag-soluzione-erp"},"wppr_data":{"cwp_meta_box_check":"Yes","cwp_rev_product_name":"","cwp_rev_product_image":"","cwp_image_link":"image","cwp_rev_price":"","wppr_rating":"0.00"},"acf":[],"yoast_head":"<!-- This site is optimized with the Yoast SEO plugin v27.4 - https:\/\/yoast.com\/product\/yoast-seo-wordpress\/ -->\n<title>BizAutomation: recensione software ERP - Accurate Reviews<\/title>\n<meta name=\"description\" content=\"BizAutomation: recensione piattaforma ERP completa e robusta creata per accelerare e semplificare tutte le operazioni e i processi di back-office.\" \/>\n<meta name=\"robots\" content=\"index, follow, max-snippet:-1, max-image-preview:large, max-video-preview:-1\" \/>\n<link rel=\"canonical\" href=\"https:\/\/www.accuratereviews.com\/it\/software-erp-lista-software\/bizautomation-recensione\/\" \/>\n<meta property=\"og:locale\" content=\"it_IT\" \/>\n<meta property=\"og:type\" content=\"article\" \/>\n<meta property=\"og:title\" content=\"BizAutomation: recensione software ERP - Accurate Reviews\" \/>\n<meta property=\"og:description\" content=\"BizAutomation: recensione piattaforma ERP completa e robusta creata per accelerare e semplificare tutte le operazioni e i processi di back-office.\" \/>\n<meta property=\"og:url\" content=\"https:\/\/www.accuratereviews.com\/it\/software-erp-lista-software\/bizautomation-recensione\/\" \/>\n<meta property=\"og:site_name\" content=\"Accurate Reviews\" \/>\n<meta property=\"article:modified_time\" content=\"2021-05-10T14:18:56+00:00\" \/>\n<meta property=\"og:image\" content=\"https:\/\/www.accuratereviews.com\/wp-content\/uploads\/2020\/01\/BizAutomation-logo.jpg\" \/>\n\t<meta property=\"og:image:width\" content=\"200\" \/>\n\t<meta property=\"og:image:height\" content=\"200\" \/>\n\t<meta property=\"og:image:type\" content=\"image\/jpeg\" \/>\n<meta name=\"twitter:card\" content=\"summary_large_image\" \/>\n<meta name=\"twitter:label1\" content=\"Tempo di lettura stimato\" \/>\n\t<meta name=\"twitter:data1\" content=\"5 minuti\" \/>\n<script type=\"application\/ld+json\" class=\"yoast-schema-graph\">{\"@context\":\"https:\\\/\\\/schema.org\",\"@graph\":[{\"@type\":\"WebPage\",\"@id\":\"https:\\\/\\\/www.accuratereviews.com\\\/it\\\/software-erp-lista-software\\\/bizautomation-recensione\\\/\",\"url\":\"https:\\\/\\\/www.accuratereviews.com\\\/it\\\/software-erp-lista-software\\\/bizautomation-recensione\\\/\",\"name\":\"BizAutomation: recensione software ERP - Accurate Reviews\",\"isPartOf\":{\"@id\":\"https:\\\/\\\/www.accuratereviews.com\\\/it\\\/#website\"},\"primaryImageOfPage\":{\"@id\":\"https:\\\/\\\/www.accuratereviews.com\\\/it\\\/software-erp-lista-software\\\/bizautomation-recensione\\\/#primaryimage\"},\"image\":{\"@id\":\"https:\\\/\\\/www.accuratereviews.com\\\/it\\\/software-erp-lista-software\\\/bizautomation-recensione\\\/#primaryimage\"},\"thumbnailUrl\":\"https:\\\/\\\/www.accuratereviews.com\\\/wp-content\\\/uploads\\\/2020\\\/01\\\/BizAutomation-logo.jpg\",\"datePublished\":\"2020-01-23T13:47:59+00:00\",\"dateModified\":\"2021-05-10T14:18:56+00:00\",\"description\":\"BizAutomation: recensione piattaforma ERP completa e robusta creata per accelerare e semplificare tutte le operazioni e i processi di back-office.\",\"breadcrumb\":{\"@id\":\"https:\\\/\\\/www.accuratereviews.com\\\/it\\\/software-erp-lista-software\\\/bizautomation-recensione\\\/#breadcrumb\"},\"inLanguage\":\"it-IT\",\"potentialAction\":[{\"@type\":\"ReadAction\",\"target\":[\"https:\\\/\\\/www.accuratereviews.com\\\/it\\\/software-erp-lista-software\\\/bizautomation-recensione\\\/\"]}]},{\"@type\":\"ImageObject\",\"inLanguage\":\"it-IT\",\"@id\":\"https:\\\/\\\/www.accuratereviews.com\\\/it\\\/software-erp-lista-software\\\/bizautomation-recensione\\\/#primaryimage\",\"url\":\"https:\\\/\\\/www.accuratereviews.com\\\/wp-content\\\/uploads\\\/2020\\\/01\\\/BizAutomation-logo.jpg\",\"contentUrl\":\"https:\\\/\\\/www.accuratereviews.com\\\/wp-content\\\/uploads\\\/2020\\\/01\\\/BizAutomation-logo.jpg\",\"width\":200,\"height\":200},{\"@type\":\"BreadcrumbList\",\"@id\":\"https:\\\/\\\/www.accuratereviews.com\\\/it\\\/software-erp-lista-software\\\/bizautomation-recensione\\\/#breadcrumb\",\"itemListElement\":[{\"@type\":\"ListItem\",\"position\":1,\"name\":\"Home\",\"item\":\"https:\\\/\\\/www.accuratereviews.com\\\/it\\\/\"},{\"@type\":\"ListItem\",\"position\":2,\"name\":\"ERP Software\",\"item\":\"https:\\\/\\\/www.accuratereviews.com\\\/it\\\/software-erp-lista-software\\\/\"},{\"@type\":\"ListItem\",\"position\":3,\"name\":\"BizAutomation\"}]},{\"@type\":\"WebSite\",\"@id\":\"https:\\\/\\\/www.accuratereviews.com\\\/it\\\/#website\",\"url\":\"https:\\\/\\\/www.accuratereviews.com\\\/it\\\/\",\"name\":\"Accurate Reviews\",\"description\":\"\",\"potentialAction\":[{\"@type\":\"SearchAction\",\"target\":{\"@type\":\"EntryPoint\",\"urlTemplate\":\"https:\\\/\\\/www.accuratereviews.com\\\/it\\\/?s={search_term_string}\"},\"query-input\":{\"@type\":\"PropertyValueSpecification\",\"valueRequired\":true,\"valueName\":\"search_term_string\"}}],\"inLanguage\":\"it-IT\"}]}<\/script>\n<!-- \/ Yoast SEO plugin. -->","yoast_head_json":{"title":"BizAutomation: recensione software ERP - Accurate Reviews","description":"BizAutomation: recensione piattaforma ERP completa e robusta creata per accelerare e semplificare tutte le operazioni e i processi di back-office.","robots":{"index":"index","follow":"follow","max-snippet":"max-snippet:-1","max-image-preview":"max-image-preview:large","max-video-preview":"max-video-preview:-1"},"canonical":"https:\/\/www.accuratereviews.com\/it\/software-erp-lista-software\/bizautomation-recensione\/","og_locale":"it_IT","og_type":"article","og_title":"BizAutomation: recensione software ERP - Accurate Reviews","og_description":"BizAutomation: recensione piattaforma ERP completa e robusta creata per accelerare e semplificare tutte le operazioni e i processi di back-office.","og_url":"https:\/\/www.accuratereviews.com\/it\/software-erp-lista-software\/bizautomation-recensione\/","og_site_name":"Accurate Reviews","article_modified_time":"2021-05-10T14:18:56+00:00","og_image":[{"width":200,"height":200,"url":"https:\/\/www.accuratereviews.com\/wp-content\/uploads\/2020\/01\/BizAutomation-logo.jpg","type":"image\/jpeg"}],"twitter_card":"summary_large_image","twitter_misc":{"Tempo di lettura stimato":"5 minuti"},"schema":{"@context":"https:\/\/schema.org","@graph":[{"@type":"WebPage","@id":"https:\/\/www.accuratereviews.com\/it\/software-erp-lista-software\/bizautomation-recensione\/","url":"https:\/\/www.accuratereviews.com\/it\/software-erp-lista-software\/bizautomation-recensione\/","name":"BizAutomation: recensione software ERP - Accurate Reviews","isPartOf":{"@id":"https:\/\/www.accuratereviews.com\/it\/#website"},"primaryImageOfPage":{"@id":"https:\/\/www.accuratereviews.com\/it\/software-erp-lista-software\/bizautomation-recensione\/#primaryimage"},"image":{"@id":"https:\/\/www.accuratereviews.com\/it\/software-erp-lista-software\/bizautomation-recensione\/#primaryimage"},"thumbnailUrl":"https:\/\/www.accuratereviews.com\/wp-content\/uploads\/2020\/01\/BizAutomation-logo.jpg","datePublished":"2020-01-23T13:47:59+00:00","dateModified":"2021-05-10T14:18:56+00:00","description":"BizAutomation: recensione piattaforma ERP completa e robusta creata per accelerare e semplificare tutte le operazioni e i processi di back-office.","breadcrumb":{"@id":"https:\/\/www.accuratereviews.com\/it\/software-erp-lista-software\/bizautomation-recensione\/#breadcrumb"},"inLanguage":"it-IT","potentialAction":[{"@type":"ReadAction","target":["https:\/\/www.accuratereviews.com\/it\/software-erp-lista-software\/bizautomation-recensione\/"]}]},{"@type":"ImageObject","inLanguage":"it-IT","@id":"https:\/\/www.accuratereviews.com\/it\/software-erp-lista-software\/bizautomation-recensione\/#primaryimage","url":"https:\/\/www.accuratereviews.com\/wp-content\/uploads\/2020\/01\/BizAutomation-logo.jpg","contentUrl":"https:\/\/www.accuratereviews.com\/wp-content\/uploads\/2020\/01\/BizAutomation-logo.jpg","width":200,"height":200},{"@type":"BreadcrumbList","@id":"https:\/\/www.accuratereviews.com\/it\/software-erp-lista-software\/bizautomation-recensione\/#breadcrumb","itemListElement":[{"@type":"ListItem","position":1,"name":"Home","item":"https:\/\/www.accuratereviews.com\/it\/"},{"@type":"ListItem","position":2,"name":"ERP Software","item":"https:\/\/www.accuratereviews.com\/it\/software-erp-lista-software\/"},{"@type":"ListItem","position":3,"name":"BizAutomation"}]},{"@type":"WebSite","@id":"https:\/\/www.accuratereviews.com\/it\/#website","url":"https:\/\/www.accuratereviews.com\/it\/","name":"Accurate Reviews","description":"","potentialAction":[{"@type":"SearchAction","target":{"@type":"EntryPoint","urlTemplate":"https:\/\/www.accuratereviews.com\/it\/?s={search_term_string}"},"query-input":{"@type":"PropertyValueSpecification","valueRequired":true,"valueName":"search_term_string"}}],"inLanguage":"it-IT"}]}},"_links":{"self":[{"href":"https:\/\/www.accuratereviews.com\/it\/wp-json\/wp\/v2\/pages\/22434","targetHints":{"allow":["GET"]}}],"collection":[{"href":"https:\/\/www.accuratereviews.com\/it\/wp-json\/wp\/v2\/pages"}],"about":[{"href":"https:\/\/www.accuratereviews.com\/it\/wp-json\/wp\/v2\/types\/page"}],"author":[{"embeddable":true,"href":"https:\/\/www.accuratereviews.com\/it\/wp-json\/wp\/v2\/users\/19"}],"replies":[{"embeddable":true,"href":"https:\/\/www.accuratereviews.com\/it\/wp-json\/wp\/v2\/comments?post=22434"}],"version-history":[{"count":5,"href":"https:\/\/www.accuratereviews.com\/it\/wp-json\/wp\/v2\/pages\/22434\/revisions"}],"predecessor-version":[{"id":42396,"href":"https:\/\/www.accuratereviews.com\/it\/wp-json\/wp\/v2\/pages\/22434\/revisions\/42396"}],"up":[{"embeddable":true,"href":"https:\/\/www.accuratereviews.com\/it\/wp-json\/wp\/v2\/pages\/22029"}],"wp:featuredmedia":[{"embeddable":true,"href":"https:\/\/www.accuratereviews.com\/it\/wp-json\/wp\/v2\/media\/22436"}],"wp:attachment":[{"href":"https:\/\/www.accuratereviews.com\/it\/wp-json\/wp\/v2\/media?parent=22434"}],"wp:term":[{"taxonomy":"category","embeddable":true,"href":"https:\/\/www.accuratereviews.com\/it\/wp-json\/wp\/v2\/categories?post=22434"},{"taxonomy":"post_tag","embeddable":true,"href":"https:\/\/www.accuratereviews.com\/it\/wp-json\/wp\/v2\/tags?post=22434"},{"taxonomy":"features","embeddable":true,"href":"https:\/\/www.accuratereviews.com\/it\/wp-json\/wp\/v2\/features?post=22434"}],"curies":[{"name":"wp","href":"https:\/\/api.w.org\/{rel}","templated":true}]}}