{"id":22440,"date":"2020-01-23T13:48:35","date_gmt":"2020-01-23T13:48:35","guid":{"rendered":"https:\/\/www.accuratereviews.com\/?page_id=22440"},"modified":"2021-05-10T14:22:17","modified_gmt":"2021-05-10T14:22:17","slug":"bluecherry-recensione","status":"publish","type":"page","link":"https:\/\/www.accuratereviews.com\/it\/software-erp-lista-software\/bluecherry-recensione\/","title":{"rendered":"BlueCherry"},"content":{"rendered":"<p><strong>BlueCherry<\/strong> \u00e8 una <strong>soluzione ERP<\/strong> sviluppata appositamente per marchi di lifestyle e aziende di abbigliamento. Fornisce soluzioni end-to-end che aiutano queste aziende a migliorare, ottimizzare, sincronizzare il modo in cui progettano, sviluppano, producono e consegnano i loro prodotti. La <strong>pianificazione multicanale<\/strong> fa parte del sistema, fornendo agli utenti un set completo e potente di strumenti per gestire e guidare i requisiti di pianificazione, previsione, gestione del marchio e inventario delle merci. Inoltre, le sue capacit\u00e0 robuste e flessibili migliorano significativamente i risultati dei canali di vendita al dettaglio, all&#8217;ingrosso, di catalogo e di ecommerce riducendo scorte e svalutazioni e migliorando il bilanciamento delle scorte per una maggiore ottimizzazione.<\/p>\n<p><a href=\"https:\/\/www.accuratereviews.com\/wp-content\/uploads\/2020\/01\/Schermata.jpg\"><img loading=\"lazy\" decoding=\"async\" class=\"alignnone size-full wp-image-22445\" src=\"https:\/\/www.accuratereviews.com\/wp-content\/uploads\/2020\/01\/Schermata.jpg\" alt=\"\" width=\"2000\" height=\"930\" srcset=\"https:\/\/www.accuratereviews.com\/wp-content\/uploads\/2020\/01\/Schermata.jpg 2000w, https:\/\/www.accuratereviews.com\/wp-content\/uploads\/2020\/01\/Schermata-300x140.jpg 300w, https:\/\/www.accuratereviews.com\/wp-content\/uploads\/2020\/01\/Schermata-1024x476.jpg 1024w, https:\/\/www.accuratereviews.com\/wp-content\/uploads\/2020\/01\/Schermata-768x357.jpg 768w, https:\/\/www.accuratereviews.com\/wp-content\/uploads\/2020\/01\/Schermata-1536x714.jpg 1536w, https:\/\/www.accuratereviews.com\/wp-content\/uploads\/2020\/01\/Schermata-260x121.jpg 260w, https:\/\/www.accuratereviews.com\/wp-content\/uploads\/2020\/01\/Schermata-50x23.jpg 50w, https:\/\/www.accuratereviews.com\/wp-content\/uploads\/2020\/01\/Schermata-968x450.jpg 968w, https:\/\/www.accuratereviews.com\/wp-content\/uploads\/2020\/01\/Schermata-636x296.jpg 636w, https:\/\/www.accuratereviews.com\/wp-content\/uploads\/2020\/01\/Schermata-320x149.jpg 320w, https:\/\/www.accuratereviews.com\/wp-content\/uploads\/2020\/01\/Schermata-239x111.jpg 239w\" sizes=\"auto, (max-width: 2000px) 100vw, 2000px\" \/><\/a><\/p>\n<h2>BLUECHERRY &#8211; CARATTERISTICHE<\/h2>\n<ul>\n<li><strong>Motore di report<\/strong>: generare report con un motore di creazione di report integrato di facile utilizzo per offrire visibilit\u00e0 interna e della supply chain completa<\/li>\n<li><strong>Concept-to-Consumer<\/strong>: gestisci tutto, dagli ordini dei clienti alle consegne, dalla pianificazione alla produzione, dalle materie prime ai prodotti finiti<\/li>\n<li><strong>EDI integrato<\/strong>: le funzionalit\u00e0 EDI completamente integrate e automatizzate eliminano la necessit\u00e0 di costosi software o servizi di traduzione EDI di terze parti<\/li>\n<li><strong>Abbigliamento-Ready<\/strong>: sviluppato appositamente per soddisfare le esigenze e le esigenze in rapida evoluzione dell&#8217;industria dell&#8217;abbigliamento e delle calzature<\/li>\n<li><strong>Elite Tech<\/strong>: tecnologia basata sul Web, architettura multilivello scalabile, design modulare, connettivit\u00e0 semplice<\/li>\n<li><strong>UI superiore:<\/strong>\u00a0include un&#8217;interfaccia familiare, ricerca avanzata, ottimizzatori di produttivit\u00e0, personalizzazione, dashboard, avvisi e notifiche<\/li>\n<li><strong>Automazione delle vendite<\/strong>: progettato per i rappresentanti di vendita, questo modulo include la ricerca dell&#8217;account, la gestione dei contatti, la ricerca ATS \/ consegna, l&#8217;immissione dell&#8217;ordine di vendita, la ricerca dello stato dell&#8217;ordine e la nostra applicazione mobile offline per rappresentanti di strada e fiere<\/li>\n<li><strong>Analisi delle vendite<\/strong>: dati di vendita e approfondimenti sulle tendenze dell&#8217;ecommerce per i Brand Manager e i rappresentanti di vendita per gestire efficacemente gli assortimenti di merce<\/li>\n<\/ul>\n<h3>LE RECENSIONI DEGLI UTENTI<\/h3>\n<h4>Phyllis F. &#8220;BlueCherry&#8221;<\/h4>\n<p><strong>Commenti<\/strong>: gestiamo la nostra attivit\u00e0 su Blue Cherry.<\/p>\n<p><strong>Vantaggi<\/strong>: il software \u00e8 robusto. Gestisce B2B e B2C. Il software \u00e8 personalizzabile. Abbiamo implementato molte modifiche personalizzate per gestire i nostri requisiti aziendali.<\/p>\n<p><strong>Inconvenienti<\/strong>: alcune funzionalit\u00e0 sono difficili da implementare senza la guida di CGS. Quando si imposta una nuova funzionalit\u00e0, identificare tutte le tabelle e i collegamenti sottostanti pu\u00f2 essere complicato.<\/p>\n<h4>Jennifer R. &#8220;Apparel Company Must-Have&#8221;<\/h4>\n<p><strong>Vantaggi<\/strong>: una delle cose migliori di BlueCherry \u00e8 la sua flessibilit\u00e0. Ho lavorato per 3 aziende di abbigliamento molto diverse negli ultimi 19 anni e ognuna ha usato BlueCherry. Il prodotto \u00e8 abbastanza flessibile da utilizzare la sua moltitudine di funzionalit\u00e0 per supportare i processi aziendali esistenti e anche abbastanza strutturato per costruire i processi aziendali. Inoltre, adoro il fatto che BlueCherry sia davvero un ERP totale. Da un modulo PLM integrato fino ad AWS per gestire i tuoi magazzini &#8230;&#8230;.. \u00e8 bello non doversi preoccupare di integrare pi\u00f9 sistemi per le basi, quando oggi molta attenzione nel settore \u00e8 rivolta al commercio al dettaglio e all&#8217;ecommerce, che per loro stessa natura richiedono integrazioni con pi\u00f9 sistemi esterni. Per i reparti IT pi\u00f9 piccoli, questo \u00e8 un grande vantaggio, poich\u00e9 supportano moduli aggiuntivi all&#8217;interno di BlueCherry e non integrazioni personalizzate per sistemi esterni per cose come PLM, EDI, AWS, ecc. Infine, il team di CGS \u00e8 uno dei migliori Ho lavorato con. Pensano sempre a come rendere ogni versione del prodotto migliore della precedente e cercano davvero di fornire valore ai propri clienti.<\/p>\n<p><strong>Inconvenienti<\/strong>: uno dei contro di questo software \u00e8 il processo di manutenzione (applicazione di correzioni, aggiornamenti, ecc.), In quanto CGS fa la maggior parte. Capisco le regole che hanno messo in atto e perch\u00e9, ma vorrei poter fare di pi\u00f9. Pagherei persino per la formazione, solo per poter avere la flessibilit\u00e0 di fare queste cose quando necessario, invece di essere messo in coda per programmare il lavoro con il loro team e quindi aspettare che il lavoro fosse completato .<\/p>\n<h4>Jack N. &#8220;Soluzioni di gestione della catena di approvvigionamento di alto livello per le aziende di abbigliamento e moda.&#8221;<\/h4>\n<p><strong>Vantaggi<\/strong>: BlueCherry \u00e8 leader nel settore dell&#8217;abbigliamento e della moda da un software e offre agli esperti del settore l&#8217;implementazione del loro software. BlueCherry ha un team efficiente e processi di abbigliamento ed ERP in materia di abbigliamento efficiente ed efficace. Abbiamo implementato la suite di prodotti integrati BlueCherry per migliorare gli strumenti funzionali aziendali e supportare le nostre crescenti esigenze aziendali in termini di funzione e volume. Prima di selezionare BlueCherry, il nostro team direttivo interno ha eseguito un processo RFP approfondito e ha esaminato fattori come costo totale di propriet\u00e0, facilit\u00e0 d&#8217;uso, servizio e supporto, riferimenti, ricerca e sviluppo, scalabilit\u00e0 e altri e BlueCherry \u00e8 risultato il migliore grazie al consenso del team direttivo dell&#8217;organizzazione .Con la suite BlueCherry integrata, non vediamo l&#8217;ora di migliorare continuamente le prestazioni della catena di approvvigionamento, la pianificazione della domanda, l&#8217;inventario e la gestione degli ordini.<\/p>\n<p><strong>Inconvenienti<\/strong>: la soluzione \u00e8 solida, quindi \u00e8 necessario garantire un ambito ristretto per l&#8217;implementazione. BlueCherry offre molti moduli per supportare pi\u00f9 processi aziendali. La soluzione metter\u00e0 alla prova le tue capacit\u00e0 di adottare nuove tecnologie e devi impegnarti a dedicare tempo e risorse per essere efficace. La facilit\u00e0 d&#8217;uso varia in base agli utenti che iniziano a conoscere concettualmente l&#8217;ERP e l&#8217;esperienza ERP funzionale. &#8220;Facilit\u00e0 d&#8217;uso&#8221; \u00e8 soggettivo perch\u00e9 BlueCherry \u00e8 ricco di funzionalit\u00e0 per l&#8217;industria e pertanto \u00e8 importante concentrarsi su un&#8217;adeguata formazione dell&#8217;utente finale. BlueCherry offre flessibilit\u00e0 nelle caratteristiche e funzionalit\u00e0 che devono essere gestite da vicino e discussioni approfondite sulla reingegnerizzazione dei processi aziendali sono importanti.<\/p>\n","protected":false},"excerpt":{"rendered":"<p>BlueCherry \u00e8 una soluzione ERP sviluppata appositamente per marchi di lifestyle e aziende di abbigliamento. Fornisce soluzioni end-to-end che aiutano queste aziende a migliorare, ottimizzare, sincronizzare il modo in cui progettano, sviluppano, producono e consegnano i loro prodotti. La pianificazione multicanale fa parte del sistema, fornendo agli utenti un set completo e potente di strumenti per gestire e guidare i requisiti di pianificazione, previsione, gestione del marchio e inventario delle merci<\/p>\n","protected":false},"author":19,"featured_media":22441,"parent":22029,"menu_order":0,"comment_status":"open","ping_status":"closed","template":"g1_template_page_review_new.php","meta":{"_acf_changed":false,"cwp_meta_box_check":"Yes","cwp_rev_product_name":"","cwp_rev_product_image":"","wppr_links":[],"cwp_rev_price":"","wppr_options":[],"wppr_pros":[],"wppr_cons":[],"_monsterinsights_skip_tracking":false,"_monsterinsights_sitenote_active":false,"_monsterinsights_sitenote_note":"","_monsterinsights_sitenote_category":0,"footnotes":""},"categories":[120,1654],"tags":[1700,1664,1663,1696,923,1667],"features":[],"class_list":{"0":"post-22440","1":"page","2":"type-page","3":"status-publish","4":"has-post-thumbnail","6":"category-crm-it","7":"category-enterprise-resource-planning-software-erp","8":"tag-bluecherry","9":"tag-enterprise-resource-planning","10":"tag-erp","11":"tag-pianificazione-delle-risorse-aziendali","12":"tag-software-erp","13":"tag-soluzione-erp"},"wppr_data":{"cwp_meta_box_check":"Yes","cwp_rev_product_name":"","cwp_rev_product_image":"","cwp_image_link":"image","cwp_rev_price":"","wppr_rating":"0.00"},"acf":[],"yoast_head":"<!-- This site is optimized with the Yoast SEO plugin v27.4 - https:\/\/yoast.com\/product\/yoast-seo-wordpress\/ -->\n<title>BlueCherry: recensione software ERP - Accurate Reviews<\/title>\n<meta name=\"description\" content=\"BlueCherry: recensione soluzione ERP robusta e flessibile sviluppata appositamente per marchi di lifestyle e aziende di abbigliamento.\" \/>\n<meta name=\"robots\" content=\"index, follow, max-snippet:-1, max-image-preview:large, max-video-preview:-1\" \/>\n<link rel=\"canonical\" href=\"https:\/\/www.accuratereviews.com\/it\/software-erp-lista-software\/bluecherry-recensione\/\" \/>\n<meta property=\"og:locale\" content=\"it_IT\" \/>\n<meta property=\"og:type\" content=\"article\" \/>\n<meta property=\"og:title\" content=\"BlueCherry: recensione software ERP - Accurate Reviews\" \/>\n<meta property=\"og:description\" content=\"BlueCherry: recensione soluzione ERP robusta e flessibile sviluppata appositamente per marchi di lifestyle e aziende di abbigliamento.\" \/>\n<meta property=\"og:url\" content=\"https:\/\/www.accuratereviews.com\/it\/software-erp-lista-software\/bluecherry-recensione\/\" \/>\n<meta property=\"og:site_name\" content=\"Accurate Reviews\" \/>\n<meta property=\"article:modified_time\" content=\"2021-05-10T14:22:17+00:00\" \/>\n<meta property=\"og:image\" content=\"https:\/\/www.accuratereviews.com\/wp-content\/uploads\/2020\/01\/cgs.png\" \/>\n\t<meta property=\"og:image:width\" content=\"460\" \/>\n\t<meta property=\"og:image:height\" content=\"300\" \/>\n\t<meta property=\"og:image:type\" content=\"image\/png\" \/>\n<meta name=\"twitter:card\" content=\"summary_large_image\" \/>\n<meta name=\"twitter:label1\" content=\"Tempo di lettura stimato\" \/>\n\t<meta name=\"twitter:data1\" content=\"4 minuti\" \/>\n<script type=\"application\/ld+json\" class=\"yoast-schema-graph\">{\"@context\":\"https:\\\/\\\/schema.org\",\"@graph\":[{\"@type\":\"WebPage\",\"@id\":\"https:\\\/\\\/www.accuratereviews.com\\\/it\\\/software-erp-lista-software\\\/bluecherry-recensione\\\/\",\"url\":\"https:\\\/\\\/www.accuratereviews.com\\\/it\\\/software-erp-lista-software\\\/bluecherry-recensione\\\/\",\"name\":\"BlueCherry: recensione software ERP - Accurate Reviews\",\"isPartOf\":{\"@id\":\"https:\\\/\\\/www.accuratereviews.com\\\/it\\\/#website\"},\"primaryImageOfPage\":{\"@id\":\"https:\\\/\\\/www.accuratereviews.com\\\/it\\\/software-erp-lista-software\\\/bluecherry-recensione\\\/#primaryimage\"},\"image\":{\"@id\":\"https:\\\/\\\/www.accuratereviews.com\\\/it\\\/software-erp-lista-software\\\/bluecherry-recensione\\\/#primaryimage\"},\"thumbnailUrl\":\"https:\\\/\\\/www.accuratereviews.com\\\/wp-content\\\/uploads\\\/2020\\\/01\\\/cgs.png\",\"datePublished\":\"2020-01-23T13:48:35+00:00\",\"dateModified\":\"2021-05-10T14:22:17+00:00\",\"description\":\"BlueCherry: recensione soluzione ERP robusta e flessibile sviluppata appositamente per marchi di lifestyle e aziende di abbigliamento.\",\"breadcrumb\":{\"@id\":\"https:\\\/\\\/www.accuratereviews.com\\\/it\\\/software-erp-lista-software\\\/bluecherry-recensione\\\/#breadcrumb\"},\"inLanguage\":\"it-IT\",\"potentialAction\":[{\"@type\":\"ReadAction\",\"target\":[\"https:\\\/\\\/www.accuratereviews.com\\\/it\\\/software-erp-lista-software\\\/bluecherry-recensione\\\/\"]}]},{\"@type\":\"ImageObject\",\"inLanguage\":\"it-IT\",\"@id\":\"https:\\\/\\\/www.accuratereviews.com\\\/it\\\/software-erp-lista-software\\\/bluecherry-recensione\\\/#primaryimage\",\"url\":\"https:\\\/\\\/www.accuratereviews.com\\\/wp-content\\\/uploads\\\/2020\\\/01\\\/cgs.png\",\"contentUrl\":\"https:\\\/\\\/www.accuratereviews.com\\\/wp-content\\\/uploads\\\/2020\\\/01\\\/cgs.png\",\"width\":460,\"height\":300},{\"@type\":\"BreadcrumbList\",\"@id\":\"https:\\\/\\\/www.accuratereviews.com\\\/it\\\/software-erp-lista-software\\\/bluecherry-recensione\\\/#breadcrumb\",\"itemListElement\":[{\"@type\":\"ListItem\",\"position\":1,\"name\":\"Home\",\"item\":\"https:\\\/\\\/www.accuratereviews.com\\\/it\\\/\"},{\"@type\":\"ListItem\",\"position\":2,\"name\":\"ERP Software\",\"item\":\"https:\\\/\\\/www.accuratereviews.com\\\/it\\\/software-erp-lista-software\\\/\"},{\"@type\":\"ListItem\",\"position\":3,\"name\":\"BlueCherry\"}]},{\"@type\":\"WebSite\",\"@id\":\"https:\\\/\\\/www.accuratereviews.com\\\/it\\\/#website\",\"url\":\"https:\\\/\\\/www.accuratereviews.com\\\/it\\\/\",\"name\":\"Accurate Reviews\",\"description\":\"\",\"potentialAction\":[{\"@type\":\"SearchAction\",\"target\":{\"@type\":\"EntryPoint\",\"urlTemplate\":\"https:\\\/\\\/www.accuratereviews.com\\\/it\\\/?s={search_term_string}\"},\"query-input\":{\"@type\":\"PropertyValueSpecification\",\"valueRequired\":true,\"valueName\":\"search_term_string\"}}],\"inLanguage\":\"it-IT\"}]}<\/script>\n<!-- \/ Yoast SEO plugin. -->","yoast_head_json":{"title":"BlueCherry: recensione software ERP - Accurate Reviews","description":"BlueCherry: recensione soluzione ERP robusta e flessibile sviluppata appositamente per marchi di lifestyle e aziende di abbigliamento.","robots":{"index":"index","follow":"follow","max-snippet":"max-snippet:-1","max-image-preview":"max-image-preview:large","max-video-preview":"max-video-preview:-1"},"canonical":"https:\/\/www.accuratereviews.com\/it\/software-erp-lista-software\/bluecherry-recensione\/","og_locale":"it_IT","og_type":"article","og_title":"BlueCherry: recensione software ERP - Accurate Reviews","og_description":"BlueCherry: recensione soluzione ERP robusta e flessibile sviluppata appositamente per marchi di lifestyle e aziende di abbigliamento.","og_url":"https:\/\/www.accuratereviews.com\/it\/software-erp-lista-software\/bluecherry-recensione\/","og_site_name":"Accurate Reviews","article_modified_time":"2021-05-10T14:22:17+00:00","og_image":[{"width":460,"height":300,"url":"https:\/\/www.accuratereviews.com\/wp-content\/uploads\/2020\/01\/cgs.png","type":"image\/png"}],"twitter_card":"summary_large_image","twitter_misc":{"Tempo di lettura stimato":"4 minuti"},"schema":{"@context":"https:\/\/schema.org","@graph":[{"@type":"WebPage","@id":"https:\/\/www.accuratereviews.com\/it\/software-erp-lista-software\/bluecherry-recensione\/","url":"https:\/\/www.accuratereviews.com\/it\/software-erp-lista-software\/bluecherry-recensione\/","name":"BlueCherry: recensione software ERP - Accurate Reviews","isPartOf":{"@id":"https:\/\/www.accuratereviews.com\/it\/#website"},"primaryImageOfPage":{"@id":"https:\/\/www.accuratereviews.com\/it\/software-erp-lista-software\/bluecherry-recensione\/#primaryimage"},"image":{"@id":"https:\/\/www.accuratereviews.com\/it\/software-erp-lista-software\/bluecherry-recensione\/#primaryimage"},"thumbnailUrl":"https:\/\/www.accuratereviews.com\/wp-content\/uploads\/2020\/01\/cgs.png","datePublished":"2020-01-23T13:48:35+00:00","dateModified":"2021-05-10T14:22:17+00:00","description":"BlueCherry: recensione soluzione ERP robusta e flessibile sviluppata appositamente per marchi di lifestyle e aziende di abbigliamento.","breadcrumb":{"@id":"https:\/\/www.accuratereviews.com\/it\/software-erp-lista-software\/bluecherry-recensione\/#breadcrumb"},"inLanguage":"it-IT","potentialAction":[{"@type":"ReadAction","target":["https:\/\/www.accuratereviews.com\/it\/software-erp-lista-software\/bluecherry-recensione\/"]}]},{"@type":"ImageObject","inLanguage":"it-IT","@id":"https:\/\/www.accuratereviews.com\/it\/software-erp-lista-software\/bluecherry-recensione\/#primaryimage","url":"https:\/\/www.accuratereviews.com\/wp-content\/uploads\/2020\/01\/cgs.png","contentUrl":"https:\/\/www.accuratereviews.com\/wp-content\/uploads\/2020\/01\/cgs.png","width":460,"height":300},{"@type":"BreadcrumbList","@id":"https:\/\/www.accuratereviews.com\/it\/software-erp-lista-software\/bluecherry-recensione\/#breadcrumb","itemListElement":[{"@type":"ListItem","position":1,"name":"Home","item":"https:\/\/www.accuratereviews.com\/it\/"},{"@type":"ListItem","position":2,"name":"ERP Software","item":"https:\/\/www.accuratereviews.com\/it\/software-erp-lista-software\/"},{"@type":"ListItem","position":3,"name":"BlueCherry"}]},{"@type":"WebSite","@id":"https:\/\/www.accuratereviews.com\/it\/#website","url":"https:\/\/www.accuratereviews.com\/it\/","name":"Accurate Reviews","description":"","potentialAction":[{"@type":"SearchAction","target":{"@type":"EntryPoint","urlTemplate":"https:\/\/www.accuratereviews.com\/it\/?s={search_term_string}"},"query-input":{"@type":"PropertyValueSpecification","valueRequired":true,"valueName":"search_term_string"}}],"inLanguage":"it-IT"}]}},"_links":{"self":[{"href":"https:\/\/www.accuratereviews.com\/it\/wp-json\/wp\/v2\/pages\/22440","targetHints":{"allow":["GET"]}}],"collection":[{"href":"https:\/\/www.accuratereviews.com\/it\/wp-json\/wp\/v2\/pages"}],"about":[{"href":"https:\/\/www.accuratereviews.com\/it\/wp-json\/wp\/v2\/types\/page"}],"author":[{"embeddable":true,"href":"https:\/\/www.accuratereviews.com\/it\/wp-json\/wp\/v2\/users\/19"}],"replies":[{"embeddable":true,"href":"https:\/\/www.accuratereviews.com\/it\/wp-json\/wp\/v2\/comments?post=22440"}],"version-history":[{"count":7,"href":"https:\/\/www.accuratereviews.com\/it\/wp-json\/wp\/v2\/pages\/22440\/revisions"}],"predecessor-version":[{"id":42400,"href":"https:\/\/www.accuratereviews.com\/it\/wp-json\/wp\/v2\/pages\/22440\/revisions\/42400"}],"up":[{"embeddable":true,"href":"https:\/\/www.accuratereviews.com\/it\/wp-json\/wp\/v2\/pages\/22029"}],"wp:featuredmedia":[{"embeddable":true,"href":"https:\/\/www.accuratereviews.com\/it\/wp-json\/wp\/v2\/media\/22441"}],"wp:attachment":[{"href":"https:\/\/www.accuratereviews.com\/it\/wp-json\/wp\/v2\/media?parent=22440"}],"wp:term":[{"taxonomy":"category","embeddable":true,"href":"https:\/\/www.accuratereviews.com\/it\/wp-json\/wp\/v2\/categories?post=22440"},{"taxonomy":"post_tag","embeddable":true,"href":"https:\/\/www.accuratereviews.com\/it\/wp-json\/wp\/v2\/tags?post=22440"},{"taxonomy":"features","embeddable":true,"href":"https:\/\/www.accuratereviews.com\/it\/wp-json\/wp\/v2\/features?post=22440"}],"curies":[{"name":"wp","href":"https:\/\/api.w.org\/{rel}","templated":true}]}}