{"id":22453,"date":"2020-01-23T19:29:37","date_gmt":"2020-01-23T19:29:37","guid":{"rendered":"https:\/\/www.accuratereviews.com\/?page_id=22453"},"modified":"2020-05-21T09:52:57","modified_gmt":"2020-05-21T09:52:57","slug":"versa-cloud-erp-recensione","status":"publish","type":"page","link":"https:\/\/www.accuratereviews.com\/it\/software-erp-lista-software\/versa-cloud-erp-recensione\/","title":{"rendered":"Versa Cloud ERP"},"content":{"rendered":"<p><strong>Versa Cloud ERP<\/strong> \u00e8 un <strong>software all-in-one per la pianificazione delle risorse aziendali<\/strong> che si impegna ad aiutare imprese di piccole e medie dimensioni. Offre numerosi strumenti e funzionalit\u00e0 avanzate ti permettono di gestire e tenere sotto controllo tutti i dati inerenti all&#8217;azienda (gestione dell&#8217;inventario, gestione finanziaria e contabile, sistema reportistico ecc.). Si tratta di una <strong>piattaforma ERP<\/strong> online, basata sul cloud e disponibile sia nella versione desktop che per quella mobile per smartphone e tablet. In questo modo, potrai <strong>ottimizzare e semplificare i processi aziendali<\/strong> basici e complessi che normalmente ti richiedono pi\u00f9 tempo ed energia.<\/p>\n<h2>COME UTILIZZARE VERSA CLOUD ERP &#8211; TUTORIAL<\/h2>\n<p>Diamo un&#8217;occhiata a questo video tutorial cos\u00ec da comprendere qualcosa di pi\u00f9 al riguardo:<\/p>\n<div id=\"fluid-wrapper-counter-1\" class=\"g1-fluid-wrapper \" style=\"width:686px;\">\n<div style=\"padding-bottom:56.268221574344%;\"><iframe loading=\"lazy\" title=\"Budgeting With VersAccounts\" width=\"686\" height=\"386\" src=\"https:\/\/www.youtube.com\/embed\/8OMi9hzg9D4?feature=oembed&amp;wmode=transparent&amp;autohide=1&amp;autoplay=0&amp;disablekb=0&amp;fs=1&amp;loop=0&amp;enablejsapi=1&amp;rel=0&amp;controls=2&amp;showinfo=0&amp;wmode=transparent&amp;autohide=2&amp;autoplay=0&amp;disablekb=0&amp;fs=1&amp;loop=0&amp;enablejsapi=1&amp;rel=0&amp;controls=2&amp;showinfo=1\" frameborder=\"0\" allow=\"accelerometer; autoplay; encrypted-media; gyroscope; picture-in-picture\" allowfullscreen><\/iframe><\/div>\n<\/div>\n<h3>VERSA CLOUD ERP &#8211;\u00a0 CARATTERISTICHE<\/h3>\n<p>Di seguito elenchiamo le sue principali caratteristiche:<\/p>\n<ul>\n<li><strong>Contabilit\u00e0 multi-entit\u00e0<\/strong>: include la gestione della liquidit\u00e0, dei cespiti, dei crediti, del libro mastro generale e di molto altro<\/li>\n<li><strong>Gestione acquisti e ordini<\/strong>: include il controllo e la visibilit\u00e0 sull&#8217;intero ciclo di vita di una transazione di acquisto fornendo a un&#8217;organizzazione una visione dettagliata del flusso di cassa e degli impegni finanziari<\/li>\n<li><strong>Funzionalit\u00e0 di produzione<\/strong>: include la creazione e il monitoraggio degli ordini di produzione durante tutto il processo di produzione<\/li>\n<li><strong>Gestione delle relazioni con i clienti<\/strong>: supporta Contact (sia per clienti e fornitori) sia Service Management con Pipeline Management che dovrebbe essere rilasciato nel prossimo futuro<\/li>\n<li><strong>Ecommerce e vendita al dettaglio multicanale<\/strong>: include l&#8217;integrazione con piattaforme di ecommerce di terze parti e sistemi POS offrendo la possibilit\u00e0 di scambiare dati transazionali con questi sistemi, fornire aggiornamenti di stato e supportare transazioni complesse tra questi sistemi, incluso il trasferimento di inventario tra sistemi e posizioni<\/li>\n<li><strong>Gestione dei progetti<\/strong>: consente ai clienti di tracciare, visualizzare e riferire su tutti i tempi e le spese fatturabili e non fatturabili relativi a un progetto<\/li>\n<li><strong>Inventario avanzato<\/strong>: offre funzionalit\u00e0 di gestione dell&#8217;inventario basate sul web che supportano materie prime, lavorazione in corso e prodotti finiti<\/li>\n<li><strong>Sistema reportistico e strumenti business intelligence<\/strong>: offre un gran numero di report standard che possono essere personalizzati per le esigenze dei singoli clienti<\/li>\n<li><strong>Gestione dei documenti<\/strong>: scansiona rapidamente e archivia i tuoi documenti in sicurezza nel sistema ERP Versa Small Business Cloud di VersAccounts cos\u00ec da averli disponibili in un secondo momento, ovunque, in qualsiasi momento.<\/li>\n<\/ul>\n<h3>LE RECENSIONI DEGLI UTENTI<\/h3>\n<p><strong>&#8220;Ottima interfaccia e facile da usare.&#8221;<\/strong><br \/>\nIN GENERALE: una facile navigazione da un processo all&#8217;altro, sono stati in grado di completare la maggior parte delle attivit\u00e0 su questo software da solo.<br \/>\nPRO: la versatilit\u00e0 del software e la capacit\u00e0 di soddisfare le esigenze di ogni cliente. Apprezzo anche la semplice interfaccia.<br \/>\nCONTRO: ritardo e tempo di caricamento durante determinate azioni, incapacit\u00e0 di elaborare i resi dei prodotti, tempi di risposta lenti per l&#8217;assistenza tecnica e il servizio clienti.<\/p>\n<p><strong>&#8220;VersAccounts ci ha fornito un&#8217;esperienza positiva con la contabilit\u00e0\/ERP basata su cloud.&#8221;<\/strong><br \/>\nPRO: VersAccounts \u00e8 facile da usare, quindi l&#8217;addestramento \u00e8 semplice grazie alla sua facilit\u00e0 d&#8217;uso. Questo accesso basato su cloud ai nostri dati contabili e di inventario si \u00e8 dimostrato conveniente ed efficiente. Le funzioni di inventario ci consentono di gestire facilmente il nostro ampio inventario. Durante il periodo in cui abbiamo utilizzato VersAccounts, la funzionalit\u00e0 del prodotto ha continuato a evolversi e migliorare. Il servizio clienti \u00e8 stato buono e il prezzo \u00e8 ragionevole.<\/p>\n<p><strong>&#8220;Revisione generale del software Versaccounts&#8221;<\/strong><br \/>\nIN GENERALE: Usando Versaccounts, l&#8217;azienda \u00e8 stata in grado di risparmiare cos\u00ec tanti costi. Il tempo di immissione dei dati \u00e8 stato notevolmente ridotto grazie all&#8217;uso di funzionalit\u00e0 di importazione e esportazione dei dati. La funzionalit\u00e0 di panoramica aziendale ti consente anche di visualizzare i tuoi crediti e debiti senza dover aprire alcun foglio di calcolo. Una fantastica funzione di accesso remoto che ti consente di accedere ai tuoi dati sempre e ovunque! Le riconciliazioni bancarie sono state prive di stress con pochi clic dei pulsanti. La funzionalit\u00e0 di reportistica \u00e8 molto semplice e facile da capire. In sostanza, ci siamo fatti un grande favore usando Versaccount!<br \/>\nPRO: facilit\u00e0 d&#8217;uso e accessibilit\u00e0. Le relazioni con i clienti sono al 100%<\/p>\n","protected":false},"excerpt":{"rendered":"<p>Versa Cloud ERP \u00e8 un software all-in-one per la pianificazione delle risorse aziendali che si impegna ad aiutare imprese di piccole e medie dimensioni. Offre numerosi strumenti e funzionalit\u00e0 avanzate ti permettono di gestire e tenere sotto controllo tutti i dati inerenti all&#8217;azienda (gestione dell&#8217;inventario, gestione finanziaria e contabile, sistema reportistico ecc.).<\/p>\n","protected":false},"author":17,"featured_media":22459,"parent":22029,"menu_order":0,"comment_status":"open","ping_status":"closed","template":"g1_template_page_review_new.php","meta":{"_acf_changed":false,"cwp_meta_box_check":"Yes","cwp_rev_product_name":"","cwp_rev_product_image":"","wppr_links":[],"cwp_rev_price":"","wppr_options":[],"wppr_pros":[],"wppr_cons":[],"_monsterinsights_skip_tracking":false,"_monsterinsights_sitenote_active":false,"_monsterinsights_sitenote_note":"","_monsterinsights_sitenote_category":0,"footnotes":""},"categories":[1654],"tags":[1664,1663,1669,923],"features":[],"class_list":{"0":"post-22453","1":"page","2":"type-page","3":"status-publish","4":"has-post-thumbnail","6":"category-enterprise-resource-planning-software-erp","7":"tag-enterprise-resource-planning","8":"tag-erp","9":"tag-piattaforma-erp","10":"tag-software-erp"},"wppr_data":{"cwp_meta_box_check":"Yes","cwp_rev_product_name":"","cwp_rev_product_image":"","cwp_image_link":"image","cwp_rev_price":"","wppr_rating":"0.00"},"acf":[],"yoast_head":"<!-- This site is optimized with the Yoast SEO plugin v27.4 - https:\/\/yoast.com\/product\/yoast-seo-wordpress\/ -->\n<title>Versa Cloud ERP: recensione software ERP - Accurate Reviews<\/title>\n<meta name=\"description\" content=\"Versa Cloud ERP: recensione del software all-in-one per la pianificazione delle risorse aziendali che aiuta le imprese di piccole e medie dimensioni.\" \/>\n<meta name=\"robots\" content=\"index, follow, max-snippet:-1, max-image-preview:large, max-video-preview:-1\" \/>\n<link rel=\"canonical\" href=\"https:\/\/www.accuratereviews.com\/it\/software-erp-lista-software\/versa-cloud-erp-recensione\/\" \/>\n<meta property=\"og:locale\" content=\"it_IT\" \/>\n<meta property=\"og:type\" content=\"article\" \/>\n<meta property=\"og:title\" content=\"Versa Cloud ERP: recensione software ERP - Accurate Reviews\" \/>\n<meta property=\"og:description\" content=\"Versa Cloud ERP: recensione del software all-in-one per la pianificazione delle risorse aziendali che aiuta le imprese di piccole e medie dimensioni.\" \/>\n<meta property=\"og:url\" content=\"https:\/\/www.accuratereviews.com\/it\/software-erp-lista-software\/versa-cloud-erp-recensione\/\" \/>\n<meta property=\"og:site_name\" content=\"Accurate Reviews\" \/>\n<meta property=\"article:modified_time\" content=\"2020-05-21T09:52:57+00:00\" \/>\n<meta property=\"og:image\" content=\"https:\/\/www.accuratereviews.com\/wp-content\/uploads\/2020\/01\/va-logo-small-1.png\" \/>\n\t<meta property=\"og:image:width\" content=\"520\" \/>\n\t<meta property=\"og:image:height\" content=\"97\" \/>\n\t<meta property=\"og:image:type\" content=\"image\/png\" \/>\n<meta name=\"twitter:card\" content=\"summary_large_image\" \/>\n<meta name=\"twitter:label1\" content=\"Tempo di lettura stimato\" \/>\n\t<meta name=\"twitter:data1\" content=\"3 minuti\" \/>\n<script type=\"application\/ld+json\" class=\"yoast-schema-graph\">{\"@context\":\"https:\\\/\\\/schema.org\",\"@graph\":[{\"@type\":\"WebPage\",\"@id\":\"https:\\\/\\\/www.accuratereviews.com\\\/it\\\/software-erp-lista-software\\\/versa-cloud-erp-recensione\\\/\",\"url\":\"https:\\\/\\\/www.accuratereviews.com\\\/it\\\/software-erp-lista-software\\\/versa-cloud-erp-recensione\\\/\",\"name\":\"Versa Cloud ERP: recensione software ERP - Accurate Reviews\",\"isPartOf\":{\"@id\":\"https:\\\/\\\/www.accuratereviews.com\\\/it\\\/#website\"},\"primaryImageOfPage\":{\"@id\":\"https:\\\/\\\/www.accuratereviews.com\\\/it\\\/software-erp-lista-software\\\/versa-cloud-erp-recensione\\\/#primaryimage\"},\"image\":{\"@id\":\"https:\\\/\\\/www.accuratereviews.com\\\/it\\\/software-erp-lista-software\\\/versa-cloud-erp-recensione\\\/#primaryimage\"},\"thumbnailUrl\":\"https:\\\/\\\/www.accuratereviews.com\\\/wp-content\\\/uploads\\\/2020\\\/01\\\/va-logo-small-1.png\",\"datePublished\":\"2020-01-23T19:29:37+00:00\",\"dateModified\":\"2020-05-21T09:52:57+00:00\",\"description\":\"Versa Cloud ERP: recensione del software all-in-one per la pianificazione delle risorse aziendali che aiuta le imprese di piccole e medie dimensioni.\",\"breadcrumb\":{\"@id\":\"https:\\\/\\\/www.accuratereviews.com\\\/it\\\/software-erp-lista-software\\\/versa-cloud-erp-recensione\\\/#breadcrumb\"},\"inLanguage\":\"it-IT\",\"potentialAction\":[{\"@type\":\"ReadAction\",\"target\":[\"https:\\\/\\\/www.accuratereviews.com\\\/it\\\/software-erp-lista-software\\\/versa-cloud-erp-recensione\\\/\"]}]},{\"@type\":\"ImageObject\",\"inLanguage\":\"it-IT\",\"@id\":\"https:\\\/\\\/www.accuratereviews.com\\\/it\\\/software-erp-lista-software\\\/versa-cloud-erp-recensione\\\/#primaryimage\",\"url\":\"https:\\\/\\\/www.accuratereviews.com\\\/wp-content\\\/uploads\\\/2020\\\/01\\\/va-logo-small-1.png\",\"contentUrl\":\"https:\\\/\\\/www.accuratereviews.com\\\/wp-content\\\/uploads\\\/2020\\\/01\\\/va-logo-small-1.png\",\"width\":520,\"height\":97},{\"@type\":\"BreadcrumbList\",\"@id\":\"https:\\\/\\\/www.accuratereviews.com\\\/it\\\/software-erp-lista-software\\\/versa-cloud-erp-recensione\\\/#breadcrumb\",\"itemListElement\":[{\"@type\":\"ListItem\",\"position\":1,\"name\":\"Home\",\"item\":\"https:\\\/\\\/www.accuratereviews.com\\\/it\\\/\"},{\"@type\":\"ListItem\",\"position\":2,\"name\":\"ERP Software\",\"item\":\"https:\\\/\\\/www.accuratereviews.com\\\/it\\\/software-erp-lista-software\\\/\"},{\"@type\":\"ListItem\",\"position\":3,\"name\":\"Versa Cloud ERP\"}]},{\"@type\":\"WebSite\",\"@id\":\"https:\\\/\\\/www.accuratereviews.com\\\/it\\\/#website\",\"url\":\"https:\\\/\\\/www.accuratereviews.com\\\/it\\\/\",\"name\":\"Accurate Reviews\",\"description\":\"\",\"potentialAction\":[{\"@type\":\"SearchAction\",\"target\":{\"@type\":\"EntryPoint\",\"urlTemplate\":\"https:\\\/\\\/www.accuratereviews.com\\\/it\\\/?s={search_term_string}\"},\"query-input\":{\"@type\":\"PropertyValueSpecification\",\"valueRequired\":true,\"valueName\":\"search_term_string\"}}],\"inLanguage\":\"it-IT\"}]}<\/script>\n<!-- \/ Yoast SEO plugin. -->","yoast_head_json":{"title":"Versa Cloud ERP: recensione software ERP - Accurate Reviews","description":"Versa Cloud ERP: recensione del software all-in-one per la pianificazione delle risorse aziendali che aiuta le imprese di piccole e medie dimensioni.","robots":{"index":"index","follow":"follow","max-snippet":"max-snippet:-1","max-image-preview":"max-image-preview:large","max-video-preview":"max-video-preview:-1"},"canonical":"https:\/\/www.accuratereviews.com\/it\/software-erp-lista-software\/versa-cloud-erp-recensione\/","og_locale":"it_IT","og_type":"article","og_title":"Versa Cloud ERP: recensione software ERP - Accurate Reviews","og_description":"Versa Cloud ERP: recensione del software all-in-one per la pianificazione delle risorse aziendali che aiuta le imprese di piccole e medie dimensioni.","og_url":"https:\/\/www.accuratereviews.com\/it\/software-erp-lista-software\/versa-cloud-erp-recensione\/","og_site_name":"Accurate Reviews","article_modified_time":"2020-05-21T09:52:57+00:00","og_image":[{"width":520,"height":97,"url":"https:\/\/www.accuratereviews.com\/wp-content\/uploads\/2020\/01\/va-logo-small-1.png","type":"image\/png"}],"twitter_card":"summary_large_image","twitter_misc":{"Tempo di lettura stimato":"3 minuti"},"schema":{"@context":"https:\/\/schema.org","@graph":[{"@type":"WebPage","@id":"https:\/\/www.accuratereviews.com\/it\/software-erp-lista-software\/versa-cloud-erp-recensione\/","url":"https:\/\/www.accuratereviews.com\/it\/software-erp-lista-software\/versa-cloud-erp-recensione\/","name":"Versa Cloud ERP: recensione software ERP - Accurate Reviews","isPartOf":{"@id":"https:\/\/www.accuratereviews.com\/it\/#website"},"primaryImageOfPage":{"@id":"https:\/\/www.accuratereviews.com\/it\/software-erp-lista-software\/versa-cloud-erp-recensione\/#primaryimage"},"image":{"@id":"https:\/\/www.accuratereviews.com\/it\/software-erp-lista-software\/versa-cloud-erp-recensione\/#primaryimage"},"thumbnailUrl":"https:\/\/www.accuratereviews.com\/wp-content\/uploads\/2020\/01\/va-logo-small-1.png","datePublished":"2020-01-23T19:29:37+00:00","dateModified":"2020-05-21T09:52:57+00:00","description":"Versa Cloud ERP: recensione del software all-in-one per la pianificazione delle risorse aziendali che aiuta le imprese di piccole e medie dimensioni.","breadcrumb":{"@id":"https:\/\/www.accuratereviews.com\/it\/software-erp-lista-software\/versa-cloud-erp-recensione\/#breadcrumb"},"inLanguage":"it-IT","potentialAction":[{"@type":"ReadAction","target":["https:\/\/www.accuratereviews.com\/it\/software-erp-lista-software\/versa-cloud-erp-recensione\/"]}]},{"@type":"ImageObject","inLanguage":"it-IT","@id":"https:\/\/www.accuratereviews.com\/it\/software-erp-lista-software\/versa-cloud-erp-recensione\/#primaryimage","url":"https:\/\/www.accuratereviews.com\/wp-content\/uploads\/2020\/01\/va-logo-small-1.png","contentUrl":"https:\/\/www.accuratereviews.com\/wp-content\/uploads\/2020\/01\/va-logo-small-1.png","width":520,"height":97},{"@type":"BreadcrumbList","@id":"https:\/\/www.accuratereviews.com\/it\/software-erp-lista-software\/versa-cloud-erp-recensione\/#breadcrumb","itemListElement":[{"@type":"ListItem","position":1,"name":"Home","item":"https:\/\/www.accuratereviews.com\/it\/"},{"@type":"ListItem","position":2,"name":"ERP Software","item":"https:\/\/www.accuratereviews.com\/it\/software-erp-lista-software\/"},{"@type":"ListItem","position":3,"name":"Versa Cloud ERP"}]},{"@type":"WebSite","@id":"https:\/\/www.accuratereviews.com\/it\/#website","url":"https:\/\/www.accuratereviews.com\/it\/","name":"Accurate Reviews","description":"","potentialAction":[{"@type":"SearchAction","target":{"@type":"EntryPoint","urlTemplate":"https:\/\/www.accuratereviews.com\/it\/?s={search_term_string}"},"query-input":{"@type":"PropertyValueSpecification","valueRequired":true,"valueName":"search_term_string"}}],"inLanguage":"it-IT"}]}},"_links":{"self":[{"href":"https:\/\/www.accuratereviews.com\/it\/wp-json\/wp\/v2\/pages\/22453","targetHints":{"allow":["GET"]}}],"collection":[{"href":"https:\/\/www.accuratereviews.com\/it\/wp-json\/wp\/v2\/pages"}],"about":[{"href":"https:\/\/www.accuratereviews.com\/it\/wp-json\/wp\/v2\/types\/page"}],"author":[{"embeddable":true,"href":"https:\/\/www.accuratereviews.com\/it\/wp-json\/wp\/v2\/users\/17"}],"replies":[{"embeddable":true,"href":"https:\/\/www.accuratereviews.com\/it\/wp-json\/wp\/v2\/comments?post=22453"}],"version-history":[{"count":7,"href":"https:\/\/www.accuratereviews.com\/it\/wp-json\/wp\/v2\/pages\/22453\/revisions"}],"predecessor-version":[{"id":26733,"href":"https:\/\/www.accuratereviews.com\/it\/wp-json\/wp\/v2\/pages\/22453\/revisions\/26733"}],"up":[{"embeddable":true,"href":"https:\/\/www.accuratereviews.com\/it\/wp-json\/wp\/v2\/pages\/22029"}],"wp:featuredmedia":[{"embeddable":true,"href":"https:\/\/www.accuratereviews.com\/it\/wp-json\/wp\/v2\/media\/22459"}],"wp:attachment":[{"href":"https:\/\/www.accuratereviews.com\/it\/wp-json\/wp\/v2\/media?parent=22453"}],"wp:term":[{"taxonomy":"category","embeddable":true,"href":"https:\/\/www.accuratereviews.com\/it\/wp-json\/wp\/v2\/categories?post=22453"},{"taxonomy":"post_tag","embeddable":true,"href":"https:\/\/www.accuratereviews.com\/it\/wp-json\/wp\/v2\/tags?post=22453"},{"taxonomy":"features","embeddable":true,"href":"https:\/\/www.accuratereviews.com\/it\/wp-json\/wp\/v2\/features?post=22453"}],"curies":[{"name":"wp","href":"https:\/\/api.w.org\/{rel}","templated":true}]}}