{"id":22466,"date":"2020-01-24T09:09:30","date_gmt":"2020-01-24T09:09:30","guid":{"rendered":"https:\/\/www.accuratereviews.com\/?page_id=22466"},"modified":"2020-01-24T09:09:30","modified_gmt":"2020-01-24T09:09:30","slug":"epicor-prophet-21-recensione","status":"publish","type":"page","link":"https:\/\/www.accuratereviews.com\/it\/software-erp-lista-software\/epicor-prophet-21-recensione\/","title":{"rendered":"Epicor Prophet 21"},"content":{"rendered":"<p><strong>Epicor Prophet 21<\/strong> \u00e8 un <strong>sistema ERP di gestione aziendale<\/strong> progettato principalmente per industrie di distribuzione (idraulica, elettrica, medica ecc.). Si tratta di una piattaforma che sfrutta la <strong>funzionalit\u00e0 cloud<\/strong> e funziona su qualsiasi browser, permettendo quindi di accedere da qualsiasi dispositivo (desktop e mobile), ovunque e in qualsiasi momento. Offre numerosi <strong>strumenti di business intelligence<\/strong>, di analisi, per la gestione dell&#8217;inventario, per quella finanziaria, per la produzione, per gli acquisti, gli ordini, i prezzi e per la gestione delle relazioni con i clienti (CRM).<\/p>\n<h2>COME FUNZIONA EPICOR PROPHET 21 &#8211; TUTORIAL<\/h2>\n<p>Adesso diamo un&#8217;occhiata a questo video per capire come funziona questo software:<\/p>\n<div id=\"fluid-wrapper-counter-1\" class=\"g1-fluid-wrapper \" style=\"width:686px;\">\n<div style=\"padding-bottom:56.268221574344%;\"><iframe loading=\"lazy\" title=\"Prophet 21 Training and How To - Order Entry (Part 1)\" width=\"686\" height=\"386\" src=\"https:\/\/www.youtube.com\/embed\/KYaiqjdV_TY?feature=oembed&amp;wmode=transparent&amp;autohide=1&amp;autoplay=0&amp;disablekb=0&amp;fs=1&amp;loop=0&amp;enablejsapi=1&amp;rel=0&amp;controls=2&amp;showinfo=0&amp;wmode=transparent&amp;autohide=2&amp;autoplay=0&amp;disablekb=0&amp;fs=1&amp;loop=0&amp;enablejsapi=1&amp;rel=0&amp;controls=2&amp;showinfo=1\" frameborder=\"0\" allow=\"accelerometer; autoplay; encrypted-media; gyroscope; picture-in-picture\" allowfullscreen><\/iframe><\/div>\n<\/div>\n<h3>EPICOR PROPHET 21- CARATTERISTICHE<\/h3>\n<p>Ecco le sue principali caratteristiche:<\/p>\n<ul>\n<li><strong>Gestione delle relazioni con i clienti<\/strong>: gestisci e migliora le relazioni con potenziali clienti, clienti e contatti<\/li>\n<li><strong>Soluzioni di ecommerce<\/strong>: offri ai clienti un&#8217;esperienza di acquisto digitale moderna con le soluzioni di ecommerce<\/li>\n<li><strong>Gestione finanziaria<\/strong>: semplifica le operazioni finanziarie e ottieni informazioni importanti sulle prestazioni della tua attivit\u00e0<\/li>\n<li><strong>Strumenti di business intelligence e analisi<\/strong>: ottieni maggiore visibilit\u00e0 nella tua azienda e prendi decisioni migliori con strumenti di analisi avanzati<\/li>\n<li><strong>Gestione dei noleggi Epicor<\/strong>: acquisisci nuove entrate e crea nuove relazioni con i tuoi clienti fornendo attrezzature a noleggio<\/li>\n<li><strong>Gestione degli ordini di vendita<\/strong>: semplifica il tuo ciclo preventivo-cassa, migliora i margini e evade gli ordini in modo impeccabile<\/li>\n<li><strong>Gestione della catena di approvvigionamento<\/strong>: gestisci la tua catena di approvvigionamento in modo pi\u00f9 efficiente e ottimizza l&#8217;inventario, dalle previsioni, alla realizzazione<\/li>\n<li><strong>Assistenza e manutenzione<\/strong>: gestisci preventivi e ordini di servizio, chiamate all&#8217;assistenza clienti, manutenzione preventiva e garanzie<\/li>\n<li><strong>Gestione dei contenuti aziendali<\/strong>: acquisisci, archivia, gestisci e recupera documenti e contenuti, in qualsiasi momento e su qualsiasi dispositivo<\/li>\n<li><strong>Gestione wireless del magazzino<\/strong>: comunicare in tempo reale e migliorare notevolmente l&#8217;inventario grazie a precisione e automazione.<\/li>\n<\/ul>\n<h3>LE RECENSIONI DEGLI UTENTI<\/h3>\n<p><strong>&#8220;Ottima opzione per la distribuzione&#8221;<\/strong><br \/>\nPRO: \u00e8 ampiamente utilizzato dai distributori di tutti i tipi di industrie. Il gruppo di utenti indipendenti \u00e8 un&#8217;incredibile risorsa di utenti che sono molto utili per tutti nel gruppo<br \/>\nCONTRO: Costi e risorse necessari. Questo \u00e8 un pacchetto software molto robusto e avr\u00e0 bisogno del tuo tempo per installarlo nel modo che preferisci per la tua azienda. La buona notizia \u00e8 che pu\u00f2 essere configurato per la tua attivit\u00e0.<\/p>\n<p><strong>&#8220;Ottimo software per distributori b2b&#8221;<\/strong><br \/>\nIN GENERALE: ottimo software, assicurati di avere le parti giuste per gestire un&#8217;integrazione di qualit\u00e0.<br \/>\nPRO: \u00e8 la capacit\u00e0 di essere integrato una volta che hai un team di sviluppo per supportare le integrazioni ecommerce<br \/>\nCONTRO: pronto all&#8217;uso \u00e8 debole senza un forte team di sviluppo perch\u00e9 inizialmente si integra male. Tuttavia, con una buona squadra \u00e8 il migliore della classe.<\/p>\n<p><strong>&#8220;P21&#8221;<\/strong><br \/>\nIN GENERALE: P21 ci ha permesso di tenere traccia delle nostre esigenze di produzione, apparentemente aiutandoci a controllare i livelli di inventario disponibili. La contabilit\u00e0 ha la piena visibilit\u00e0 di tutte le transazioni e pu\u00f2 facilmente eseguire il drill-down in transazioni per il supporto.<br \/>\nPRO: Prophet 21 offre un pacchetto completo con moduli di contabilit\u00e0, inventario e produzione leggera per aziende di tutte le dimensioni. L&#8217;intuitiva facilit\u00e0 d&#8217;uso e la possibilit\u00e0 di personalizzare secondo necessit\u00e0 ha reso questo pacchetto software molto versatile.<br \/>\nCONTRO: Questo pacchetto software \u00e8 cos\u00ec robusto, a volte sembra impossibile conoscere tutte le funzionalit\u00e0 dell&#8217;applicazione. questo mi costringe a dipendere da consulenti e impegni in loco con i dipendenti Epicor per trovare nuove funzionalit\u00e0 che potrebbero essere applicabili al tuo processo aziendale. Questi impegni, sebbene incredibilmente utili, sono costosi.<\/p>\n","protected":false},"excerpt":{"rendered":"<p> Epicor Prophet 21 \u00e8 un sistema ERP di gestione aziendale progettato principalmente per industrie di distribuzione (idraulica, elettrica, medica ecc.). Si tratta di una piattaforma che sfrutta la funzionalit\u00e0 cloud e funziona su qualsiasi browser, permettendo quindi di accedere da qualsiasi dispositivo (desktop e mobile), ovunque e in qualsiasi momento.<\/p>\n","protected":false},"author":17,"featured_media":22467,"parent":22029,"menu_order":0,"comment_status":"open","ping_status":"closed","template":"g1_template_page_review_new.php","meta":{"_acf_changed":false,"cwp_meta_box_check":"Yes","cwp_rev_product_name":"","cwp_rev_product_image":"","wppr_links":[],"cwp_rev_price":"","wppr_options":[],"wppr_pros":[],"wppr_cons":[],"_monsterinsights_skip_tracking":false,"_monsterinsights_sitenote_active":false,"_monsterinsights_sitenote_note":"","_monsterinsights_sitenote_category":0,"footnotes":""},"categories":[1654],"tags":[1664,1663,1671,923,1667],"features":[],"class_list":{"0":"post-22466","1":"page","2":"type-page","3":"status-publish","4":"has-post-thumbnail","6":"category-enterprise-resource-planning-software-erp","7":"tag-enterprise-resource-planning","8":"tag-erp","9":"tag-programma-erp","10":"tag-software-erp","11":"tag-soluzione-erp"},"wppr_data":{"cwp_meta_box_check":"Yes","cwp_rev_product_name":"","cwp_rev_product_image":"","cwp_image_link":"image","cwp_rev_price":"","wppr_rating":"0.00"},"acf":[],"yoast_head":"<!-- This site is optimized with the Yoast SEO plugin v27.4 - https:\/\/yoast.com\/product\/yoast-seo-wordpress\/ -->\n<title>Epicor Prophet 21: recensione software ERP - Accurate Reviews<\/title>\n<meta name=\"description\" content=\"Epicor Prophet 21: recensione del sistema ERP di gestione aziendale progettato per industrie di distribuzione (idraulica, elettrica, medica ecc.).\" \/>\n<meta name=\"robots\" content=\"index, follow, max-snippet:-1, max-image-preview:large, max-video-preview:-1\" \/>\n<link rel=\"canonical\" href=\"https:\/\/www.accuratereviews.com\/it\/software-erp-lista-software\/epicor-prophet-21-recensione\/\" \/>\n<meta property=\"og:locale\" content=\"it_IT\" \/>\n<meta property=\"og:type\" content=\"article\" \/>\n<meta property=\"og:title\" content=\"Epicor Prophet 21: recensione software ERP - Accurate Reviews\" \/>\n<meta property=\"og:description\" content=\"Epicor Prophet 21: recensione del sistema ERP di gestione aziendale progettato per industrie di distribuzione (idraulica, elettrica, medica ecc.).\" \/>\n<meta property=\"og:url\" content=\"https:\/\/www.accuratereviews.com\/it\/software-erp-lista-software\/epicor-prophet-21-recensione\/\" \/>\n<meta property=\"og:site_name\" content=\"Accurate Reviews\" \/>\n<meta property=\"og:image\" content=\"https:\/\/www.accuratereviews.com\/wp-content\/uploads\/2020\/01\/Bezlio-Website-Integration-Epicor-P21-ERP.png\" \/>\n\t<meta property=\"og:image:width\" content=\"500\" \/>\n\t<meta property=\"og:image:height\" content=\"500\" \/>\n\t<meta property=\"og:image:type\" content=\"image\/png\" \/>\n<meta name=\"twitter:card\" content=\"summary_large_image\" \/>\n<meta name=\"twitter:label1\" content=\"Tempo di lettura stimato\" \/>\n\t<meta name=\"twitter:data1\" content=\"3 minuti\" \/>\n<script type=\"application\/ld+json\" class=\"yoast-schema-graph\">{\"@context\":\"https:\\\/\\\/schema.org\",\"@graph\":[{\"@type\":\"WebPage\",\"@id\":\"https:\\\/\\\/www.accuratereviews.com\\\/it\\\/software-erp-lista-software\\\/epicor-prophet-21-recensione\\\/\",\"url\":\"https:\\\/\\\/www.accuratereviews.com\\\/it\\\/software-erp-lista-software\\\/epicor-prophet-21-recensione\\\/\",\"name\":\"Epicor Prophet 21: recensione software ERP - Accurate Reviews\",\"isPartOf\":{\"@id\":\"https:\\\/\\\/www.accuratereviews.com\\\/it\\\/#website\"},\"primaryImageOfPage\":{\"@id\":\"https:\\\/\\\/www.accuratereviews.com\\\/it\\\/software-erp-lista-software\\\/epicor-prophet-21-recensione\\\/#primaryimage\"},\"image\":{\"@id\":\"https:\\\/\\\/www.accuratereviews.com\\\/it\\\/software-erp-lista-software\\\/epicor-prophet-21-recensione\\\/#primaryimage\"},\"thumbnailUrl\":\"https:\\\/\\\/www.accuratereviews.com\\\/wp-content\\\/uploads\\\/2020\\\/01\\\/Bezlio-Website-Integration-Epicor-P21-ERP.png\",\"datePublished\":\"2020-01-24T09:09:30+00:00\",\"description\":\"Epicor Prophet 21: recensione del sistema ERP di gestione aziendale progettato per industrie di distribuzione (idraulica, elettrica, medica ecc.).\",\"breadcrumb\":{\"@id\":\"https:\\\/\\\/www.accuratereviews.com\\\/it\\\/software-erp-lista-software\\\/epicor-prophet-21-recensione\\\/#breadcrumb\"},\"inLanguage\":\"it-IT\",\"potentialAction\":[{\"@type\":\"ReadAction\",\"target\":[\"https:\\\/\\\/www.accuratereviews.com\\\/it\\\/software-erp-lista-software\\\/epicor-prophet-21-recensione\\\/\"]}]},{\"@type\":\"ImageObject\",\"inLanguage\":\"it-IT\",\"@id\":\"https:\\\/\\\/www.accuratereviews.com\\\/it\\\/software-erp-lista-software\\\/epicor-prophet-21-recensione\\\/#primaryimage\",\"url\":\"https:\\\/\\\/www.accuratereviews.com\\\/wp-content\\\/uploads\\\/2020\\\/01\\\/Bezlio-Website-Integration-Epicor-P21-ERP.png\",\"contentUrl\":\"https:\\\/\\\/www.accuratereviews.com\\\/wp-content\\\/uploads\\\/2020\\\/01\\\/Bezlio-Website-Integration-Epicor-P21-ERP.png\",\"width\":500,\"height\":500},{\"@type\":\"BreadcrumbList\",\"@id\":\"https:\\\/\\\/www.accuratereviews.com\\\/it\\\/software-erp-lista-software\\\/epicor-prophet-21-recensione\\\/#breadcrumb\",\"itemListElement\":[{\"@type\":\"ListItem\",\"position\":1,\"name\":\"Home\",\"item\":\"https:\\\/\\\/www.accuratereviews.com\\\/it\\\/\"},{\"@type\":\"ListItem\",\"position\":2,\"name\":\"ERP Software\",\"item\":\"https:\\\/\\\/www.accuratereviews.com\\\/it\\\/software-erp-lista-software\\\/\"},{\"@type\":\"ListItem\",\"position\":3,\"name\":\"Epicor Prophet 21\"}]},{\"@type\":\"WebSite\",\"@id\":\"https:\\\/\\\/www.accuratereviews.com\\\/it\\\/#website\",\"url\":\"https:\\\/\\\/www.accuratereviews.com\\\/it\\\/\",\"name\":\"Accurate Reviews\",\"description\":\"\",\"potentialAction\":[{\"@type\":\"SearchAction\",\"target\":{\"@type\":\"EntryPoint\",\"urlTemplate\":\"https:\\\/\\\/www.accuratereviews.com\\\/it\\\/?s={search_term_string}\"},\"query-input\":{\"@type\":\"PropertyValueSpecification\",\"valueRequired\":true,\"valueName\":\"search_term_string\"}}],\"inLanguage\":\"it-IT\"}]}<\/script>\n<!-- \/ Yoast SEO plugin. -->","yoast_head_json":{"title":"Epicor Prophet 21: recensione software ERP - Accurate Reviews","description":"Epicor Prophet 21: recensione del sistema ERP di gestione aziendale progettato per industrie di distribuzione (idraulica, elettrica, medica ecc.).","robots":{"index":"index","follow":"follow","max-snippet":"max-snippet:-1","max-image-preview":"max-image-preview:large","max-video-preview":"max-video-preview:-1"},"canonical":"https:\/\/www.accuratereviews.com\/it\/software-erp-lista-software\/epicor-prophet-21-recensione\/","og_locale":"it_IT","og_type":"article","og_title":"Epicor Prophet 21: recensione software ERP - Accurate Reviews","og_description":"Epicor Prophet 21: recensione del sistema ERP di gestione aziendale progettato per industrie di distribuzione (idraulica, elettrica, medica ecc.).","og_url":"https:\/\/www.accuratereviews.com\/it\/software-erp-lista-software\/epicor-prophet-21-recensione\/","og_site_name":"Accurate Reviews","og_image":[{"width":500,"height":500,"url":"https:\/\/www.accuratereviews.com\/wp-content\/uploads\/2020\/01\/Bezlio-Website-Integration-Epicor-P21-ERP.png","type":"image\/png"}],"twitter_card":"summary_large_image","twitter_misc":{"Tempo di lettura stimato":"3 minuti"},"schema":{"@context":"https:\/\/schema.org","@graph":[{"@type":"WebPage","@id":"https:\/\/www.accuratereviews.com\/it\/software-erp-lista-software\/epicor-prophet-21-recensione\/","url":"https:\/\/www.accuratereviews.com\/it\/software-erp-lista-software\/epicor-prophet-21-recensione\/","name":"Epicor Prophet 21: recensione software ERP - Accurate Reviews","isPartOf":{"@id":"https:\/\/www.accuratereviews.com\/it\/#website"},"primaryImageOfPage":{"@id":"https:\/\/www.accuratereviews.com\/it\/software-erp-lista-software\/epicor-prophet-21-recensione\/#primaryimage"},"image":{"@id":"https:\/\/www.accuratereviews.com\/it\/software-erp-lista-software\/epicor-prophet-21-recensione\/#primaryimage"},"thumbnailUrl":"https:\/\/www.accuratereviews.com\/wp-content\/uploads\/2020\/01\/Bezlio-Website-Integration-Epicor-P21-ERP.png","datePublished":"2020-01-24T09:09:30+00:00","description":"Epicor Prophet 21: recensione del sistema ERP di gestione aziendale progettato per industrie di distribuzione (idraulica, elettrica, medica ecc.).","breadcrumb":{"@id":"https:\/\/www.accuratereviews.com\/it\/software-erp-lista-software\/epicor-prophet-21-recensione\/#breadcrumb"},"inLanguage":"it-IT","potentialAction":[{"@type":"ReadAction","target":["https:\/\/www.accuratereviews.com\/it\/software-erp-lista-software\/epicor-prophet-21-recensione\/"]}]},{"@type":"ImageObject","inLanguage":"it-IT","@id":"https:\/\/www.accuratereviews.com\/it\/software-erp-lista-software\/epicor-prophet-21-recensione\/#primaryimage","url":"https:\/\/www.accuratereviews.com\/wp-content\/uploads\/2020\/01\/Bezlio-Website-Integration-Epicor-P21-ERP.png","contentUrl":"https:\/\/www.accuratereviews.com\/wp-content\/uploads\/2020\/01\/Bezlio-Website-Integration-Epicor-P21-ERP.png","width":500,"height":500},{"@type":"BreadcrumbList","@id":"https:\/\/www.accuratereviews.com\/it\/software-erp-lista-software\/epicor-prophet-21-recensione\/#breadcrumb","itemListElement":[{"@type":"ListItem","position":1,"name":"Home","item":"https:\/\/www.accuratereviews.com\/it\/"},{"@type":"ListItem","position":2,"name":"ERP Software","item":"https:\/\/www.accuratereviews.com\/it\/software-erp-lista-software\/"},{"@type":"ListItem","position":3,"name":"Epicor Prophet 21"}]},{"@type":"WebSite","@id":"https:\/\/www.accuratereviews.com\/it\/#website","url":"https:\/\/www.accuratereviews.com\/it\/","name":"Accurate Reviews","description":"","potentialAction":[{"@type":"SearchAction","target":{"@type":"EntryPoint","urlTemplate":"https:\/\/www.accuratereviews.com\/it\/?s={search_term_string}"},"query-input":{"@type":"PropertyValueSpecification","valueRequired":true,"valueName":"search_term_string"}}],"inLanguage":"it-IT"}]}},"_links":{"self":[{"href":"https:\/\/www.accuratereviews.com\/it\/wp-json\/wp\/v2\/pages\/22466","targetHints":{"allow":["GET"]}}],"collection":[{"href":"https:\/\/www.accuratereviews.com\/it\/wp-json\/wp\/v2\/pages"}],"about":[{"href":"https:\/\/www.accuratereviews.com\/it\/wp-json\/wp\/v2\/types\/page"}],"author":[{"embeddable":true,"href":"https:\/\/www.accuratereviews.com\/it\/wp-json\/wp\/v2\/users\/17"}],"replies":[{"embeddable":true,"href":"https:\/\/www.accuratereviews.com\/it\/wp-json\/wp\/v2\/comments?post=22466"}],"version-history":[{"count":3,"href":"https:\/\/www.accuratereviews.com\/it\/wp-json\/wp\/v2\/pages\/22466\/revisions"}],"predecessor-version":[{"id":22474,"href":"https:\/\/www.accuratereviews.com\/it\/wp-json\/wp\/v2\/pages\/22466\/revisions\/22474"}],"up":[{"embeddable":true,"href":"https:\/\/www.accuratereviews.com\/it\/wp-json\/wp\/v2\/pages\/22029"}],"wp:featuredmedia":[{"embeddable":true,"href":"https:\/\/www.accuratereviews.com\/it\/wp-json\/wp\/v2\/media\/22467"}],"wp:attachment":[{"href":"https:\/\/www.accuratereviews.com\/it\/wp-json\/wp\/v2\/media?parent=22466"}],"wp:term":[{"taxonomy":"category","embeddable":true,"href":"https:\/\/www.accuratereviews.com\/it\/wp-json\/wp\/v2\/categories?post=22466"},{"taxonomy":"post_tag","embeddable":true,"href":"https:\/\/www.accuratereviews.com\/it\/wp-json\/wp\/v2\/tags?post=22466"},{"taxonomy":"features","embeddable":true,"href":"https:\/\/www.accuratereviews.com\/it\/wp-json\/wp\/v2\/features?post=22466"}],"curies":[{"name":"wp","href":"https:\/\/api.w.org\/{rel}","templated":true}]}}