{"id":22473,"date":"2020-01-24T16:25:29","date_gmt":"2020-01-24T16:25:29","guid":{"rendered":"https:\/\/www.accuratereviews.com\/?page_id=22473"},"modified":"2021-05-04T14:53:46","modified_gmt":"2021-05-04T14:53:46","slug":"deskera-recensione","status":"publish","type":"page","link":"https:\/\/www.accuratereviews.com\/it\/software-erp-lista-software\/deskera-recensione\/","title":{"rendered":"Deskera"},"content":{"rendered":"<p><strong>Deskera<\/strong> \u00e8 una <strong>piattaforma di gestione delle risorse aziendali<\/strong> con una vasta gamma di moduli e funzionalit\u00e0 in grado di affrontare qualsiasi problema delle imprese. Un importante lavoro del <strong>software ERP<\/strong> \u00e8 la gestione delle vendite e degli acquisti. Con questa soluzione, puoi gestire tutte le operazioni relative a preventivi, fatture e resi ecc. Inoltre, Deskera offre anche opzioni di integrazione in modo da poter collegare le tue scorte e le informazioni di produzione con il software. Le funzionalit\u00e0 di reporting nel <strong>cloud ERP<\/strong> sono state progettate per mantenere aggiornate tutte le informazioni finanziarie. I grafici intuitivi insieme all&#8217;analisi dettagliata consentono di essere sempre pronti per gli audit. Il <strong>cloud ERP Deskera<\/strong> gestisce e archivia tutti i dati garantendo allo stesso tempo la massima sicurezza. Pertanto, le informazioni riservate sono accessibili in qualsiasi momento e completamente sicure.<\/p>\n<h2>DESKERA &#8211; TUTORIAL<\/h2>\n<p>Guardiamo insieme il tutorial per scoprire come gestire le vendite e gli acquisti con questa<strong> soluzione ERP<\/strong>:<\/p>\n<div id=\"fluid-wrapper-counter-1\" class=\"g1-fluid-wrapper \" style=\"width:686px;\">\n<div style=\"padding-bottom:56.268221574344%;\"><iframe loading=\"lazy\" title=\"Deskera for Distribution Industry\" width=\"515\" height=\"386\" src=\"https:\/\/www.youtube.com\/embed\/videoseries?list=PLsAGlWXq09kVnhwSxD4lHR54TNlGLA6uP\" frameborder=\"0\" allow=\"accelerometer; autoplay; encrypted-media; gyroscope; picture-in-picture\" allowfullscreen><\/iframe><\/div>\n<\/div>\n<h2>DESKERA &#8211; CARATTERISTICHE<\/h2>\n<ul>\n<li>Sfrutta i dati per incrementare i profitti: ottieni informazioni preziose sui tuoi clienti. Identifica i prodotti pi\u00f9 venduti in base alle vendite e al volume in modo da poter agire<\/li>\n<li>Tieni sotto controllo le tue finanze: tieni traccia della tue finanze con una dashboard dettagliata, priva di errori e intuitiva in modo da poter prendere facilmente decisioni aziendali informate<\/li>\n<li>Mantieni la visibilit\u00e0 su tutto il tuo inventario: migliora le prestazioni e aumenta l&#8217;efficienza lungo la catena di approvvigionamento con le migliori funzionalit\u00e0 di gestione dell&#8217;inventario<\/li>\n<li>Ottieni benefici a lungo termine da transazioni tempestive: semplifica il processo di crescita dei lead, imposta regole per osservare e coinvolgere i lead in entrata e non lasciare mai che il tuo team di vendita salti un accordo<\/li>\n<li>Rapporti in tempo reale: monitora gli indicatori chiave di prestazione e ottieni un&#8217;istantanea delle tendenze attuali per prevedere meglio il futuro.<\/li>\n<\/ul>\n<h4>LE RECENSIONI DEGLI UTENTI<\/h4>\n<h4>Aarav D. &#8220;Il miglior sistema ERP integrato &#8211; Implementazione semplice e rapida&#8221;<\/h4>\n<p><strong>Vantaggi<\/strong>: stavamo cercando ERP e CRM insieme per gestire la nostra fabbrica, i nostri negozi e distributori da un unico posto, lieti che tutta l&#8217;integrazione sia disponibile in Deskera con facilit\u00e0 e semplicit\u00e0. L&#8217;esperienza di implementazione \u00e8 stata fantastica; il team di supporto \u00e8 sempre disponibile quando richiesto.<\/p>\n<p><strong>Inconvenienti<\/strong>: sono necessari ulteriori sforzi e tempo per comprendere le funzionalit\u00e0 avanzate, ma ne vale la pena. Il resto del prodotto \u00e8 fantastico e funziona senza problemi.<\/p>\n<h4>Ethan T. &#8220;Funzionalit\u00e0 e supporto straordinari&#8221;<\/h4>\n<p><strong>Commenti<\/strong>: Uso Deskera da circa 3 anni. Mi piace la conformit\u00e0 del sistema. Il sistema ERP \u00a0hanno la capacit\u00e0 di adattarsi alla maggior parte della tua azienda. La vera chiave del successo \u00e8 quanto bene ti permettono di estrarre e diffondere il software per soddisfare le tue esigenze aziendali. Deskera ERP eccelle in questo. Con moduli e report definiti dall&#8217;utente, avvisi personalizzabili per monitorare le modifiche del sistema e il rilevamento delle modifiche a livello di campo, fornisce gli strumenti di cui ho bisogno per gestire i nostri casi d&#8217;uso specifici. Sono anche molto soddisfatto del supporto fornito. Deskera fa un lavoro soddisfacente nel monitorare le esigenze degli utenti e nel lavorare per migliorare il sistema. Ci sono state molte nuove funzionalit\u00e0 aggiunte nel tempo che ci forniscono la migliore opzione per gestire la nostra attivit\u00e0.<\/p>\n<p><strong>Vantaggi<\/strong>: Facilit\u00e0 di personalizzazione.\u00a0Servizio Clienti<\/p>\n<p><strong>Inconvenienti<\/strong>: nessuno<\/p>\n<h4>Vinay S. &#8220;La qualit\u00e0 del prodotto \u00e8 molto buona, il servizio clienti pu\u00f2 essere migliorato.&#8221;<\/h4>\n<p><strong>Vantaggi<\/strong>: l&#8217;interfaccia utente \u00e8 abbastanza buona, mi impressiona davvero con il suo front-end e l&#8217;implementazione dei moduli.<\/p>\n<p><strong>Inconvenienti<\/strong>: il servizio clienti non \u00e8 affatto male, va bene e penso che possano essere buoni o molto buoni in quanto il prodotto \u00e8 bello e non ha alcun grande svantaggio che il tipo di servizio deve affrontare devono solo essere facilmente raggiungibili.<\/p>\n<p>&nbsp;<\/p>\n","protected":false},"excerpt":{"rendered":"<p>Deskera \u00e8 una piattaforma di gestione delle risorse aziendali completa con una vasta gamma di moduli e funzionalit\u00e0 in grado di affrontare praticamente qualsiasi problema delle imprese. Un importante lavoro del software ERP \u00e8 la gestione delle vendite e degli acquisti. Con questa soluzione, ora puoi gestire tutte le operazioni relative a preventivi, fatture e resi ecc.<\/p>\n","protected":false},"author":19,"featured_media":22481,"parent":22029,"menu_order":0,"comment_status":"open","ping_status":"closed","template":"g1_template_page_review_new.php","meta":{"_acf_changed":false,"cwp_meta_box_check":"No","cwp_rev_product_name":"","cwp_rev_product_image":"","wppr_links":[],"cwp_rev_price":"","wppr_options":[],"wppr_pros":[],"wppr_cons":[],"_monsterinsights_skip_tracking":false,"_monsterinsights_sitenote_active":false,"_monsterinsights_sitenote_note":"","_monsterinsights_sitenote_category":0,"footnotes":""},"categories":[120,1654],"tags":[396,1702,1664,1663,1701,1669,923,1667],"features":[],"class_list":{"0":"post-22473","1":"page","2":"type-page","3":"status-publish","4":"has-post-thumbnail","6":"category-crm-it","7":"category-enterprise-resource-planning-software-erp","8":"tag-cloud","9":"tag-deskera","10":"tag-enterprise-resource-planning","11":"tag-erp","12":"tag-gestione-delle-risorse-aziendali","13":"tag-piattaforma-erp","14":"tag-software-erp","15":"tag-soluzione-erp"},"wppr_data":{"cwp_meta_box_check":"No"},"acf":[],"yoast_head":"<!-- This site is optimized with the Yoast SEO plugin v27.4 - https:\/\/yoast.com\/product\/yoast-seo-wordpress\/ -->\n<title>Deskera: recensione software ERP - Accurate Reviews<\/title>\n<meta name=\"description\" content=\"Deskera: recensione piattaforma ERP completa con una vasta gamma di moduli e funzionalit\u00e0 in grado di affrontare qualsiasi problema delle imprese.\" \/>\n<meta name=\"robots\" content=\"index, follow, max-snippet:-1, max-image-preview:large, max-video-preview:-1\" \/>\n<link rel=\"canonical\" href=\"https:\/\/www.accuratereviews.com\/it\/software-erp-lista-software\/deskera-recensione\/\" \/>\n<meta property=\"og:locale\" content=\"it_IT\" \/>\n<meta property=\"og:type\" content=\"article\" \/>\n<meta property=\"og:title\" content=\"Deskera: recensione software ERP - Accurate Reviews\" \/>\n<meta property=\"og:description\" content=\"Deskera: recensione piattaforma ERP completa con una vasta gamma di moduli e funzionalit\u00e0 in grado di affrontare qualsiasi problema delle imprese.\" \/>\n<meta property=\"og:url\" content=\"https:\/\/www.accuratereviews.com\/it\/software-erp-lista-software\/deskera-recensione\/\" \/>\n<meta property=\"og:site_name\" content=\"Accurate Reviews\" \/>\n<meta property=\"article:modified_time\" content=\"2021-05-04T14:53:46+00:00\" \/>\n<meta property=\"og:image\" content=\"https:\/\/www.accuratereviews.com\/wp-content\/uploads\/2020\/01\/Deskera_Logo.png\" \/>\n\t<meta property=\"og:image:width\" content=\"1451\" \/>\n\t<meta property=\"og:image:height\" content=\"839\" \/>\n\t<meta property=\"og:image:type\" content=\"image\/png\" \/>\n<meta name=\"twitter:card\" content=\"summary_large_image\" \/>\n<meta name=\"twitter:label1\" content=\"Tempo di lettura stimato\" \/>\n\t<meta name=\"twitter:data1\" content=\"3 minuti\" \/>\n<script type=\"application\/ld+json\" class=\"yoast-schema-graph\">{\"@context\":\"https:\\\/\\\/schema.org\",\"@graph\":[{\"@type\":\"WebPage\",\"@id\":\"https:\\\/\\\/www.accuratereviews.com\\\/it\\\/software-erp-lista-software\\\/deskera-recensione\\\/\",\"url\":\"https:\\\/\\\/www.accuratereviews.com\\\/it\\\/software-erp-lista-software\\\/deskera-recensione\\\/\",\"name\":\"Deskera: recensione software ERP - Accurate Reviews\",\"isPartOf\":{\"@id\":\"https:\\\/\\\/www.accuratereviews.com\\\/it\\\/#website\"},\"primaryImageOfPage\":{\"@id\":\"https:\\\/\\\/www.accuratereviews.com\\\/it\\\/software-erp-lista-software\\\/deskera-recensione\\\/#primaryimage\"},\"image\":{\"@id\":\"https:\\\/\\\/www.accuratereviews.com\\\/it\\\/software-erp-lista-software\\\/deskera-recensione\\\/#primaryimage\"},\"thumbnailUrl\":\"https:\\\/\\\/www.accuratereviews.com\\\/wp-content\\\/uploads\\\/2020\\\/01\\\/Deskera_Logo.png\",\"datePublished\":\"2020-01-24T16:25:29+00:00\",\"dateModified\":\"2021-05-04T14:53:46+00:00\",\"description\":\"Deskera: recensione piattaforma ERP completa con una vasta gamma di moduli e funzionalit\u00e0 in grado di affrontare qualsiasi problema delle imprese.\",\"breadcrumb\":{\"@id\":\"https:\\\/\\\/www.accuratereviews.com\\\/it\\\/software-erp-lista-software\\\/deskera-recensione\\\/#breadcrumb\"},\"inLanguage\":\"it-IT\",\"potentialAction\":[{\"@type\":\"ReadAction\",\"target\":[\"https:\\\/\\\/www.accuratereviews.com\\\/it\\\/software-erp-lista-software\\\/deskera-recensione\\\/\"]}]},{\"@type\":\"ImageObject\",\"inLanguage\":\"it-IT\",\"@id\":\"https:\\\/\\\/www.accuratereviews.com\\\/it\\\/software-erp-lista-software\\\/deskera-recensione\\\/#primaryimage\",\"url\":\"https:\\\/\\\/www.accuratereviews.com\\\/wp-content\\\/uploads\\\/2020\\\/01\\\/Deskera_Logo.png\",\"contentUrl\":\"https:\\\/\\\/www.accuratereviews.com\\\/wp-content\\\/uploads\\\/2020\\\/01\\\/Deskera_Logo.png\",\"width\":1451,\"height\":839},{\"@type\":\"BreadcrumbList\",\"@id\":\"https:\\\/\\\/www.accuratereviews.com\\\/it\\\/software-erp-lista-software\\\/deskera-recensione\\\/#breadcrumb\",\"itemListElement\":[{\"@type\":\"ListItem\",\"position\":1,\"name\":\"Home\",\"item\":\"https:\\\/\\\/www.accuratereviews.com\\\/it\\\/\"},{\"@type\":\"ListItem\",\"position\":2,\"name\":\"ERP Software\",\"item\":\"https:\\\/\\\/www.accuratereviews.com\\\/it\\\/software-erp-lista-software\\\/\"},{\"@type\":\"ListItem\",\"position\":3,\"name\":\"Deskera\"}]},{\"@type\":\"WebSite\",\"@id\":\"https:\\\/\\\/www.accuratereviews.com\\\/it\\\/#website\",\"url\":\"https:\\\/\\\/www.accuratereviews.com\\\/it\\\/\",\"name\":\"Accurate Reviews\",\"description\":\"\",\"potentialAction\":[{\"@type\":\"SearchAction\",\"target\":{\"@type\":\"EntryPoint\",\"urlTemplate\":\"https:\\\/\\\/www.accuratereviews.com\\\/it\\\/?s={search_term_string}\"},\"query-input\":{\"@type\":\"PropertyValueSpecification\",\"valueRequired\":true,\"valueName\":\"search_term_string\"}}],\"inLanguage\":\"it-IT\"}]}<\/script>\n<!-- \/ Yoast SEO plugin. -->","yoast_head_json":{"title":"Deskera: recensione software ERP - Accurate Reviews","description":"Deskera: recensione piattaforma ERP completa con una vasta gamma di moduli e funzionalit\u00e0 in grado di affrontare qualsiasi problema delle imprese.","robots":{"index":"index","follow":"follow","max-snippet":"max-snippet:-1","max-image-preview":"max-image-preview:large","max-video-preview":"max-video-preview:-1"},"canonical":"https:\/\/www.accuratereviews.com\/it\/software-erp-lista-software\/deskera-recensione\/","og_locale":"it_IT","og_type":"article","og_title":"Deskera: recensione software ERP - Accurate Reviews","og_description":"Deskera: recensione piattaforma ERP completa con una vasta gamma di moduli e funzionalit\u00e0 in grado di affrontare qualsiasi problema delle imprese.","og_url":"https:\/\/www.accuratereviews.com\/it\/software-erp-lista-software\/deskera-recensione\/","og_site_name":"Accurate Reviews","article_modified_time":"2021-05-04T14:53:46+00:00","og_image":[{"width":1451,"height":839,"url":"https:\/\/www.accuratereviews.com\/wp-content\/uploads\/2020\/01\/Deskera_Logo.png","type":"image\/png"}],"twitter_card":"summary_large_image","twitter_misc":{"Tempo di lettura stimato":"3 minuti"},"schema":{"@context":"https:\/\/schema.org","@graph":[{"@type":"WebPage","@id":"https:\/\/www.accuratereviews.com\/it\/software-erp-lista-software\/deskera-recensione\/","url":"https:\/\/www.accuratereviews.com\/it\/software-erp-lista-software\/deskera-recensione\/","name":"Deskera: recensione software ERP - Accurate Reviews","isPartOf":{"@id":"https:\/\/www.accuratereviews.com\/it\/#website"},"primaryImageOfPage":{"@id":"https:\/\/www.accuratereviews.com\/it\/software-erp-lista-software\/deskera-recensione\/#primaryimage"},"image":{"@id":"https:\/\/www.accuratereviews.com\/it\/software-erp-lista-software\/deskera-recensione\/#primaryimage"},"thumbnailUrl":"https:\/\/www.accuratereviews.com\/wp-content\/uploads\/2020\/01\/Deskera_Logo.png","datePublished":"2020-01-24T16:25:29+00:00","dateModified":"2021-05-04T14:53:46+00:00","description":"Deskera: recensione piattaforma ERP completa con una vasta gamma di moduli e funzionalit\u00e0 in grado di affrontare qualsiasi problema delle imprese.","breadcrumb":{"@id":"https:\/\/www.accuratereviews.com\/it\/software-erp-lista-software\/deskera-recensione\/#breadcrumb"},"inLanguage":"it-IT","potentialAction":[{"@type":"ReadAction","target":["https:\/\/www.accuratereviews.com\/it\/software-erp-lista-software\/deskera-recensione\/"]}]},{"@type":"ImageObject","inLanguage":"it-IT","@id":"https:\/\/www.accuratereviews.com\/it\/software-erp-lista-software\/deskera-recensione\/#primaryimage","url":"https:\/\/www.accuratereviews.com\/wp-content\/uploads\/2020\/01\/Deskera_Logo.png","contentUrl":"https:\/\/www.accuratereviews.com\/wp-content\/uploads\/2020\/01\/Deskera_Logo.png","width":1451,"height":839},{"@type":"BreadcrumbList","@id":"https:\/\/www.accuratereviews.com\/it\/software-erp-lista-software\/deskera-recensione\/#breadcrumb","itemListElement":[{"@type":"ListItem","position":1,"name":"Home","item":"https:\/\/www.accuratereviews.com\/it\/"},{"@type":"ListItem","position":2,"name":"ERP Software","item":"https:\/\/www.accuratereviews.com\/it\/software-erp-lista-software\/"},{"@type":"ListItem","position":3,"name":"Deskera"}]},{"@type":"WebSite","@id":"https:\/\/www.accuratereviews.com\/it\/#website","url":"https:\/\/www.accuratereviews.com\/it\/","name":"Accurate Reviews","description":"","potentialAction":[{"@type":"SearchAction","target":{"@type":"EntryPoint","urlTemplate":"https:\/\/www.accuratereviews.com\/it\/?s={search_term_string}"},"query-input":{"@type":"PropertyValueSpecification","valueRequired":true,"valueName":"search_term_string"}}],"inLanguage":"it-IT"}]}},"_links":{"self":[{"href":"https:\/\/www.accuratereviews.com\/it\/wp-json\/wp\/v2\/pages\/22473","targetHints":{"allow":["GET"]}}],"collection":[{"href":"https:\/\/www.accuratereviews.com\/it\/wp-json\/wp\/v2\/pages"}],"about":[{"href":"https:\/\/www.accuratereviews.com\/it\/wp-json\/wp\/v2\/types\/page"}],"author":[{"embeddable":true,"href":"https:\/\/www.accuratereviews.com\/it\/wp-json\/wp\/v2\/users\/19"}],"replies":[{"embeddable":true,"href":"https:\/\/www.accuratereviews.com\/it\/wp-json\/wp\/v2\/comments?post=22473"}],"version-history":[{"count":9,"href":"https:\/\/www.accuratereviews.com\/it\/wp-json\/wp\/v2\/pages\/22473\/revisions"}],"predecessor-version":[{"id":41840,"href":"https:\/\/www.accuratereviews.com\/it\/wp-json\/wp\/v2\/pages\/22473\/revisions\/41840"}],"up":[{"embeddable":true,"href":"https:\/\/www.accuratereviews.com\/it\/wp-json\/wp\/v2\/pages\/22029"}],"wp:featuredmedia":[{"embeddable":true,"href":"https:\/\/www.accuratereviews.com\/it\/wp-json\/wp\/v2\/media\/22481"}],"wp:attachment":[{"href":"https:\/\/www.accuratereviews.com\/it\/wp-json\/wp\/v2\/media?parent=22473"}],"wp:term":[{"taxonomy":"category","embeddable":true,"href":"https:\/\/www.accuratereviews.com\/it\/wp-json\/wp\/v2\/categories?post=22473"},{"taxonomy":"post_tag","embeddable":true,"href":"https:\/\/www.accuratereviews.com\/it\/wp-json\/wp\/v2\/tags?post=22473"},{"taxonomy":"features","embeddable":true,"href":"https:\/\/www.accuratereviews.com\/it\/wp-json\/wp\/v2\/features?post=22473"}],"curies":[{"name":"wp","href":"https:\/\/api.w.org\/{rel}","templated":true}]}}