{"id":22488,"date":"2020-01-24T16:22:47","date_gmt":"2020-01-24T16:22:47","guid":{"rendered":"https:\/\/www.accuratereviews.com\/?page_id=22488"},"modified":"2021-05-10T14:10:56","modified_gmt":"2021-05-10T14:10:56","slug":"actouch-recensione","status":"publish","type":"page","link":"https:\/\/www.accuratereviews.com\/it\/software-erp-lista-software\/actouch-recensione\/","title":{"rendered":"AcTouch"},"content":{"rendered":"<p class=\"h2 mb-0\"><strong>AcTouch<\/strong>\u00a0\u00e8 un <strong>software ERP<\/strong> completo e facile da usare che migliora e ottimizza il lavoro di produttori, commercianti, distributori e grossisti. Si tratta di un sistema studiato per <strong>migliorare il tuo marchio aziendale<\/strong> collegando i tuoi distributori che potranno raccogliere gli ordini, controllare i dettagli di fattura e pagamento da direttamente dall&#8217;app mobile sul loro smartphone o tablet (<strong>dispositivi iOS e Android)<\/strong>. Anche il tuo team di vendita potr\u00e0 beneficiare di questo vantaggio perch\u00e8 verranno presi pi\u00f9 ordini e fatti pi\u00f9 affari poich\u00e8 basati sulle informazioni giuste, al prezzo e alla disponibilit\u00e0 di magazzino ecc.<br \/>\nQuesta <strong>soluzione ERP<\/strong> integra il reparto vendite, produzione, negozi, contabilit\u00e0, acquisti, magazzino e servizi.<\/p>\n<h2>COME FUNZIONA ACTOUCH &#8211; TUTORIAL<\/h2>\n<p>Diamo uno sguardo a questo video per capire qualcosa di pi\u00f9 al riguardo:<\/p>\n<div id=\"fluid-wrapper-counter-1\" class=\"g1-fluid-wrapper \" style=\"width:686px;\">\n<div style=\"padding-bottom:56.268221574344%;\"><iframe loading=\"lazy\" title=\"Logistic Module setup in ACTouch.com\" width=\"686\" height=\"386\" src=\"https:\/\/www.youtube.com\/embed\/zmenOmHM6Ow?feature=oembed&amp;wmode=transparent&amp;autohide=1&amp;autoplay=0&amp;disablekb=0&amp;fs=1&amp;loop=0&amp;enablejsapi=1&amp;rel=0&amp;controls=2&amp;showinfo=0&amp;wmode=transparent&amp;autohide=2&amp;autoplay=0&amp;disablekb=0&amp;fs=1&amp;loop=0&amp;enablejsapi=1&amp;rel=0&amp;controls=2&amp;showinfo=1\" frameborder=\"0\" allow=\"accelerometer; autoplay; encrypted-media; gyroscope; picture-in-picture\" allowfullscreen><\/iframe><\/div>\n<\/div>\n<h3>ACTOUCH &#8211; CARATTERISTICHE<\/h3>\n<p>Di seguito le sue caratteristiche principali:<\/p>\n<ul>\n<li><strong>Gestione delle vendite e delle fatture<\/strong>: crea fatture eleganti e belle per i tuoi clienti. \u00c8 possibile creare ordini cliente e gestire anche i resi<\/li>\n<li><strong>Gestione delle scorte<\/strong>: gestisci in modo efficiente le scorte con ABC Costing. Integrato con vendite, acquisti, produzione ecc.<\/li>\n<li><strong>Gestione degli acquisti e delle ricevute<\/strong>: tieni traccia dei tuoi acquisti e assicurati di non pagare mai pi\u00f9 di quello che hai acquistato<\/li>\n<li><strong>Creazione dell&#8217;offerta di vendita<\/strong>: invia un bellissimo preventivo al tuo cliente e vinci l&#8217;affare<\/li>\n<li><strong>Gestione dei pagamenti e delle ricevute<\/strong>: tieni traccia, gestisci i tuoi pagamenti e non perdere mai i crediti verso i clienti<\/li>\n<li><strong>Gestione della produzione<\/strong>: gestisci la tua produzione interna, il subappalto o il processo di lavoro<\/li>\n<li><strong>Sezione contabile<\/strong>: passa le voci del diario e della contropartita, prepara il bilancio, il saldo PL e il periodo di prova in NO TIME.<\/li>\n<\/ul>\n<h3>LE RECENSIONI DEGI UTENTI<\/h3>\n<p><strong>&#8220;Il prodotto \u00e8 buono e facile da usare. Il team \u00e8 molto favorevole.&#8221;<\/strong><br \/>\nIN GENERALE: mi ha aiutato a facilitare i miei affari.<br \/>\nPosso tenere traccia delle mie citazioni e follow-up.<br \/>\nPRO: ho iniziato a utilizzare questa applicazione dal 2014. \u00c8 facile da usare, facile da navigare attraverso l&#8217;applicazione. Stanno migliorando il prodotto a intervalli regolari e aggiungendo molte pi\u00f9 funzioni. Il loro sistema di supporto \u00e8 buono e accessibile.<br \/>\nCONTRO: Ho problemi con il &#8220;timeout&#8221;. Se aumentassero il periodo di tempo per questo, ci\u00f2 aiuterebbe i miei gentili utenti.<\/p>\n<p><strong>&#8220;Lo stato dell&#8217;azienda pu\u00f2 essere conosciuto nella punta delle dita ogni giorno.&#8221;<\/strong><br \/>\nIN GENERALE: risparmia tempo. Riduce la forza lavoro. Pi\u00f9 accurato.<br \/>\nPRO: il business sar\u00e0 sotto controllo. Di facile utilizzo. Molto facile da imparare. Meno lavoro di ufficio. Gli affari possono essere condotti da qualsiasi luogo.<br \/>\nCONTRO: Alcune funzionalit\u00e0 come le soluzioni per le risorse umane, la pianificazione devono essere implementate. La velocit\u00e0 dell&#8217;app \u00e8 stata aumentata durante l&#8217;apertura di alcune funzionalit\u00e0.<\/p>\n<p><strong>&#8220;Il pi\u00f9 semplice ma ottimo strumento di contabilit\u00e0 per gli imprenditori per gestire le loro attivit\u00e0 di contabilit\u00e0 quotidiana.&#8221;<\/strong><br \/>\nPRO: molto facile da gestire senza molta conoscenza della contabilit\u00e0.<br \/>\nNavigazione semplice<br \/>\nCopre la maggior parte delle attivit\u00e0 aziendali.<br \/>\nCONTRO: ci si potrebbe aspettare un miglioramento dei report.<br \/>\nRichiede un collegamento diretto a siti web come GST e E-Airway Bill che faciliter\u00e0 ulteriormente altre attivit\u00e0 correlate.<\/p>\n","protected":false},"excerpt":{"rendered":"<p>AcTouch.com \u00e8 un software ERP completo e facile da usare che migliora e ottimizza il lavoro di produttori, commercianti, distributori e grossisti. Si tratta di un sistema studiato per migliorare il tuo marchio aziendale collegando i tuoi distributori che potranno raccogliere gli ordini, controllare i dettagli di fattura e pagamento da direttamente dall&#8217;app mobile sul loro smartphone o tablet (dispositivi iOS e Android).<\/p>\n","protected":false},"author":17,"featured_media":22489,"parent":22029,"menu_order":0,"comment_status":"open","ping_status":"closed","template":"g1_template_page_review_new.php","meta":{"_acf_changed":false,"cwp_meta_box_check":"Yes","cwp_rev_product_name":"","cwp_rev_product_image":"","wppr_links":[],"cwp_rev_price":"","wppr_options":[],"wppr_pros":[],"wppr_cons":[],"_monsterinsights_skip_tracking":false,"_monsterinsights_sitenote_active":false,"_monsterinsights_sitenote_note":"","_monsterinsights_sitenote_category":0,"footnotes":""},"categories":[1654],"tags":[1664,1663,923,1667],"features":[],"class_list":{"0":"post-22488","1":"page","2":"type-page","3":"status-publish","4":"has-post-thumbnail","6":"category-enterprise-resource-planning-software-erp","7":"tag-enterprise-resource-planning","8":"tag-erp","9":"tag-software-erp","10":"tag-soluzione-erp"},"wppr_data":{"cwp_meta_box_check":"Yes","cwp_rev_product_name":"","cwp_rev_product_image":"","cwp_image_link":"image","cwp_rev_price":"","wppr_rating":"0.00"},"acf":[],"yoast_head":"<!-- This site is optimized with the Yoast SEO plugin v27.4 - https:\/\/yoast.com\/product\/yoast-seo-wordpress\/ -->\n<title>AcTouch: rcensione software ERP - Accurate Reviews<\/title>\n<meta name=\"description\" content=\"AcTouch: recensione del software ERP completo e facile da usare che migliora e ottimizza il lavoro di produttori, commercianti, distributori e grossisti.\" \/>\n<meta name=\"robots\" content=\"index, follow, max-snippet:-1, max-image-preview:large, max-video-preview:-1\" \/>\n<link rel=\"canonical\" href=\"https:\/\/www.accuratereviews.com\/it\/software-erp-lista-software\/actouch-recensione\/\" \/>\n<meta property=\"og:locale\" content=\"it_IT\" \/>\n<meta property=\"og:type\" content=\"article\" \/>\n<meta property=\"og:title\" content=\"AcTouch: rcensione software ERP - Accurate Reviews\" \/>\n<meta property=\"og:description\" content=\"AcTouch: recensione del software ERP completo e facile da usare che migliora e ottimizza il lavoro di produttori, commercianti, distributori e grossisti.\" \/>\n<meta property=\"og:url\" content=\"https:\/\/www.accuratereviews.com\/it\/software-erp-lista-software\/actouch-recensione\/\" \/>\n<meta property=\"og:site_name\" content=\"Accurate Reviews\" \/>\n<meta property=\"article:modified_time\" content=\"2021-05-10T14:10:56+00:00\" \/>\n<meta property=\"og:image\" content=\"https:\/\/www.accuratereviews.com\/wp-content\/uploads\/2020\/01\/actouch-com.jpg\" \/>\n\t<meta property=\"og:image:width\" content=\"364\" \/>\n\t<meta property=\"og:image:height\" content=\"364\" \/>\n\t<meta property=\"og:image:type\" content=\"image\/jpeg\" \/>\n<meta name=\"twitter:card\" content=\"summary_large_image\" \/>\n<meta name=\"twitter:label1\" content=\"Tempo di lettura stimato\" \/>\n\t<meta name=\"twitter:data1\" content=\"3 minuti\" \/>\n<script type=\"application\/ld+json\" class=\"yoast-schema-graph\">{\"@context\":\"https:\\\/\\\/schema.org\",\"@graph\":[{\"@type\":\"WebPage\",\"@id\":\"https:\\\/\\\/www.accuratereviews.com\\\/it\\\/software-erp-lista-software\\\/actouch-recensione\\\/\",\"url\":\"https:\\\/\\\/www.accuratereviews.com\\\/it\\\/software-erp-lista-software\\\/actouch-recensione\\\/\",\"name\":\"AcTouch: rcensione software ERP - Accurate Reviews\",\"isPartOf\":{\"@id\":\"https:\\\/\\\/www.accuratereviews.com\\\/it\\\/#website\"},\"primaryImageOfPage\":{\"@id\":\"https:\\\/\\\/www.accuratereviews.com\\\/it\\\/software-erp-lista-software\\\/actouch-recensione\\\/#primaryimage\"},\"image\":{\"@id\":\"https:\\\/\\\/www.accuratereviews.com\\\/it\\\/software-erp-lista-software\\\/actouch-recensione\\\/#primaryimage\"},\"thumbnailUrl\":\"https:\\\/\\\/www.accuratereviews.com\\\/wp-content\\\/uploads\\\/2020\\\/01\\\/actouch-com.jpg\",\"datePublished\":\"2020-01-24T16:22:47+00:00\",\"dateModified\":\"2021-05-10T14:10:56+00:00\",\"description\":\"AcTouch: recensione del software ERP completo e facile da usare che migliora e ottimizza il lavoro di produttori, commercianti, distributori e grossisti.\",\"breadcrumb\":{\"@id\":\"https:\\\/\\\/www.accuratereviews.com\\\/it\\\/software-erp-lista-software\\\/actouch-recensione\\\/#breadcrumb\"},\"inLanguage\":\"it-IT\",\"potentialAction\":[{\"@type\":\"ReadAction\",\"target\":[\"https:\\\/\\\/www.accuratereviews.com\\\/it\\\/software-erp-lista-software\\\/actouch-recensione\\\/\"]}]},{\"@type\":\"ImageObject\",\"inLanguage\":\"it-IT\",\"@id\":\"https:\\\/\\\/www.accuratereviews.com\\\/it\\\/software-erp-lista-software\\\/actouch-recensione\\\/#primaryimage\",\"url\":\"https:\\\/\\\/www.accuratereviews.com\\\/wp-content\\\/uploads\\\/2020\\\/01\\\/actouch-com.jpg\",\"contentUrl\":\"https:\\\/\\\/www.accuratereviews.com\\\/wp-content\\\/uploads\\\/2020\\\/01\\\/actouch-com.jpg\",\"width\":364,\"height\":364},{\"@type\":\"BreadcrumbList\",\"@id\":\"https:\\\/\\\/www.accuratereviews.com\\\/it\\\/software-erp-lista-software\\\/actouch-recensione\\\/#breadcrumb\",\"itemListElement\":[{\"@type\":\"ListItem\",\"position\":1,\"name\":\"Home\",\"item\":\"https:\\\/\\\/www.accuratereviews.com\\\/it\\\/\"},{\"@type\":\"ListItem\",\"position\":2,\"name\":\"ERP Software\",\"item\":\"https:\\\/\\\/www.accuratereviews.com\\\/it\\\/software-erp-lista-software\\\/\"},{\"@type\":\"ListItem\",\"position\":3,\"name\":\"AcTouch\"}]},{\"@type\":\"WebSite\",\"@id\":\"https:\\\/\\\/www.accuratereviews.com\\\/it\\\/#website\",\"url\":\"https:\\\/\\\/www.accuratereviews.com\\\/it\\\/\",\"name\":\"Accurate Reviews\",\"description\":\"\",\"potentialAction\":[{\"@type\":\"SearchAction\",\"target\":{\"@type\":\"EntryPoint\",\"urlTemplate\":\"https:\\\/\\\/www.accuratereviews.com\\\/it\\\/?s={search_term_string}\"},\"query-input\":{\"@type\":\"PropertyValueSpecification\",\"valueRequired\":true,\"valueName\":\"search_term_string\"}}],\"inLanguage\":\"it-IT\"}]}<\/script>\n<!-- \/ Yoast SEO plugin. -->","yoast_head_json":{"title":"AcTouch: rcensione software ERP - Accurate Reviews","description":"AcTouch: recensione del software ERP completo e facile da usare che migliora e ottimizza il lavoro di produttori, commercianti, distributori e grossisti.","robots":{"index":"index","follow":"follow","max-snippet":"max-snippet:-1","max-image-preview":"max-image-preview:large","max-video-preview":"max-video-preview:-1"},"canonical":"https:\/\/www.accuratereviews.com\/it\/software-erp-lista-software\/actouch-recensione\/","og_locale":"it_IT","og_type":"article","og_title":"AcTouch: rcensione software ERP - Accurate Reviews","og_description":"AcTouch: recensione del software ERP completo e facile da usare che migliora e ottimizza il lavoro di produttori, commercianti, distributori e grossisti.","og_url":"https:\/\/www.accuratereviews.com\/it\/software-erp-lista-software\/actouch-recensione\/","og_site_name":"Accurate Reviews","article_modified_time":"2021-05-10T14:10:56+00:00","og_image":[{"width":364,"height":364,"url":"https:\/\/www.accuratereviews.com\/wp-content\/uploads\/2020\/01\/actouch-com.jpg","type":"image\/jpeg"}],"twitter_card":"summary_large_image","twitter_misc":{"Tempo di lettura stimato":"3 minuti"},"schema":{"@context":"https:\/\/schema.org","@graph":[{"@type":"WebPage","@id":"https:\/\/www.accuratereviews.com\/it\/software-erp-lista-software\/actouch-recensione\/","url":"https:\/\/www.accuratereviews.com\/it\/software-erp-lista-software\/actouch-recensione\/","name":"AcTouch: rcensione software ERP - Accurate Reviews","isPartOf":{"@id":"https:\/\/www.accuratereviews.com\/it\/#website"},"primaryImageOfPage":{"@id":"https:\/\/www.accuratereviews.com\/it\/software-erp-lista-software\/actouch-recensione\/#primaryimage"},"image":{"@id":"https:\/\/www.accuratereviews.com\/it\/software-erp-lista-software\/actouch-recensione\/#primaryimage"},"thumbnailUrl":"https:\/\/www.accuratereviews.com\/wp-content\/uploads\/2020\/01\/actouch-com.jpg","datePublished":"2020-01-24T16:22:47+00:00","dateModified":"2021-05-10T14:10:56+00:00","description":"AcTouch: recensione del software ERP completo e facile da usare che migliora e ottimizza il lavoro di produttori, commercianti, distributori e grossisti.","breadcrumb":{"@id":"https:\/\/www.accuratereviews.com\/it\/software-erp-lista-software\/actouch-recensione\/#breadcrumb"},"inLanguage":"it-IT","potentialAction":[{"@type":"ReadAction","target":["https:\/\/www.accuratereviews.com\/it\/software-erp-lista-software\/actouch-recensione\/"]}]},{"@type":"ImageObject","inLanguage":"it-IT","@id":"https:\/\/www.accuratereviews.com\/it\/software-erp-lista-software\/actouch-recensione\/#primaryimage","url":"https:\/\/www.accuratereviews.com\/wp-content\/uploads\/2020\/01\/actouch-com.jpg","contentUrl":"https:\/\/www.accuratereviews.com\/wp-content\/uploads\/2020\/01\/actouch-com.jpg","width":364,"height":364},{"@type":"BreadcrumbList","@id":"https:\/\/www.accuratereviews.com\/it\/software-erp-lista-software\/actouch-recensione\/#breadcrumb","itemListElement":[{"@type":"ListItem","position":1,"name":"Home","item":"https:\/\/www.accuratereviews.com\/it\/"},{"@type":"ListItem","position":2,"name":"ERP Software","item":"https:\/\/www.accuratereviews.com\/it\/software-erp-lista-software\/"},{"@type":"ListItem","position":3,"name":"AcTouch"}]},{"@type":"WebSite","@id":"https:\/\/www.accuratereviews.com\/it\/#website","url":"https:\/\/www.accuratereviews.com\/it\/","name":"Accurate Reviews","description":"","potentialAction":[{"@type":"SearchAction","target":{"@type":"EntryPoint","urlTemplate":"https:\/\/www.accuratereviews.com\/it\/?s={search_term_string}"},"query-input":{"@type":"PropertyValueSpecification","valueRequired":true,"valueName":"search_term_string"}}],"inLanguage":"it-IT"}]}},"_links":{"self":[{"href":"https:\/\/www.accuratereviews.com\/it\/wp-json\/wp\/v2\/pages\/22488","targetHints":{"allow":["GET"]}}],"collection":[{"href":"https:\/\/www.accuratereviews.com\/it\/wp-json\/wp\/v2\/pages"}],"about":[{"href":"https:\/\/www.accuratereviews.com\/it\/wp-json\/wp\/v2\/types\/page"}],"author":[{"embeddable":true,"href":"https:\/\/www.accuratereviews.com\/it\/wp-json\/wp\/v2\/users\/17"}],"replies":[{"embeddable":true,"href":"https:\/\/www.accuratereviews.com\/it\/wp-json\/wp\/v2\/comments?post=22488"}],"version-history":[{"count":5,"href":"https:\/\/www.accuratereviews.com\/it\/wp-json\/wp\/v2\/pages\/22488\/revisions"}],"predecessor-version":[{"id":42384,"href":"https:\/\/www.accuratereviews.com\/it\/wp-json\/wp\/v2\/pages\/22488\/revisions\/42384"}],"up":[{"embeddable":true,"href":"https:\/\/www.accuratereviews.com\/it\/wp-json\/wp\/v2\/pages\/22029"}],"wp:featuredmedia":[{"embeddable":true,"href":"https:\/\/www.accuratereviews.com\/it\/wp-json\/wp\/v2\/media\/22489"}],"wp:attachment":[{"href":"https:\/\/www.accuratereviews.com\/it\/wp-json\/wp\/v2\/media?parent=22488"}],"wp:term":[{"taxonomy":"category","embeddable":true,"href":"https:\/\/www.accuratereviews.com\/it\/wp-json\/wp\/v2\/categories?post=22488"},{"taxonomy":"post_tag","embeddable":true,"href":"https:\/\/www.accuratereviews.com\/it\/wp-json\/wp\/v2\/tags?post=22488"},{"taxonomy":"features","embeddable":true,"href":"https:\/\/www.accuratereviews.com\/it\/wp-json\/wp\/v2\/features?post=22488"}],"curies":[{"name":"wp","href":"https:\/\/api.w.org\/{rel}","templated":true}]}}