{"id":22495,"date":"2020-01-24T16:26:38","date_gmt":"2020-01-24T16:26:38","guid":{"rendered":"https:\/\/www.accuratereviews.com\/?page_id=22495"},"modified":"2021-05-04T14:56:00","modified_gmt":"2021-05-04T14:56:00","slug":"e2-manufacturing-system-recensione","status":"publish","type":"page","link":"https:\/\/www.accuratereviews.com\/it\/software-erp-lista-software\/e2-manufacturing-system-recensione\/","title":{"rendered":"E2 Manufacturing System"},"content":{"rendered":"<p><strong>E2 Manufacturing System<\/strong> \u00e8 un <strong>sistema ERP<\/strong> modulare, offre solide applicazioni che consentono agli utenti di svolgere le proprie attivit\u00e0 in modo efficiente. Ci\u00f2 consente ai processi di lavoro dell&#8217;azienda di continuare a scorrere senza intoppi, poich\u00e9 funzionalit\u00e0 come il monitoraggio dell&#8217;inventario e la pianificazione delle attivit\u00e0 aiutano a eliminare eventuali problemi.\u00a0Il team di supporto \u00e8 pronto a rispondere a domande e richieste di assistenza tecnica. Inoltre, forniscono<strong> formazione programmata<\/strong> per i nuovi utenti per aiutarli a familiarizzare con la soluzione. La soluzione ha una<strong> funzionalit\u00e0 di codice a barre<\/strong> che consente agli utenti di inserire semplicemente la disponibilit\u00e0 di una risorsa nel sistema con una scansione. Questo, oltre alla mobilit\u00e0 del software, fa risparmiare tempo agli utenti e garantisce che il produttore disponga di materiali sufficienti per soddisfare le esigenze dei propri clienti.<\/p>\n<h2>E2 <b>MANUFACTURING SYSTEM &#8211; TUTORIAL<\/b><\/h2>\n<p>Guardiamo insieme il tutorial per capire come utilizzare questa<strong> soluzione ERP<\/strong> sui dispositivi mobili:<\/p>\n<div id=\"fluid-wrapper-counter-1\" class=\"g1-fluid-wrapper \" style=\"width:686px;\">\n<div style=\"padding-bottom:56.268221574344%;\"><iframe loading=\"lazy\" title=\"E2 MFG Employee DC App\" width=\"686\" height=\"386\" src=\"https:\/\/www.youtube.com\/embed\/GLs8aPnq_YA?feature=oembed&amp;wmode=transparent&amp;autohide=1&amp;autoplay=0&amp;disablekb=0&amp;fs=1&amp;loop=0&amp;enablejsapi=1&amp;rel=0&amp;controls=2&amp;showinfo=0&amp;wmode=transparent&amp;autohide=2&amp;autoplay=0&amp;disablekb=0&amp;fs=1&amp;loop=0&amp;enablejsapi=1&amp;rel=0&amp;controls=2&amp;showinfo=1\" frameborder=\"0\" allow=\"accelerometer; autoplay; encrypted-media; gyroscope; picture-in-picture\" allowfullscreen><\/iframe><\/div>\n<\/div>\n<h3>E2 <b>MANUFACTURING SYSTEM &#8211; CARATTERISTICHE<\/b><\/h3>\n<ul>\n<li>Visualizza le parti aggiunte all&#8217;inventario, complete di posizioni specifiche negli scaffali<\/li>\n<li>Calcola e visualizza le spese di spedizione e gestione per parti specifiche<\/li>\n<li>Monitorare le eccedenze e trasferire le parti non utilizzate dal lavoro e tornare all&#8217;officina.<\/li>\n<li>Tieni traccia delle spedizioni in modo rapido e in tempo reale in modo da poter fornire aggiornamenti immediati ai clienti<\/li>\n<li>Gestisci pi\u00f9 indirizzi di spedizione per i clienti<\/li>\n<li>Esamina rapidamente le cronologie degli ordini in modo da poter adattare gli acquisti alle variazioni stagionali<\/li>\n<li>Tieni traccia della consegna e delle prestazioni del fornitore per prendere decisioni di acquisto informate<\/li>\n<li>Utilizza la tecnologia drag-and-drop per spostare rapidamente i lavori in diversi centri di lavoro, turni, dipendenti e altro ancora<\/li>\n<li>Monitora la capacit\u00e0 e il carico di lavoro a terra e apporta le modifiche al volo secondo necessit\u00e0<\/li>\n<li>Confronta i costi stimati con i costi effettivi in \u200b\u200bmodo da poter migliorare il tuo preventivo, ridurre gli sprechi e migliorare la tua redditivit\u00e0<\/li>\n<li>Traccia il consumo di materiale e altri costi in base all&#8217;utilizzo effettivo, non alle stime del ballpark.<\/li>\n<\/ul>\n<h4>LE RECENSIONI DEGLI UTENTI<\/h4>\n<h4>Stephanie M.:&#8221;Eccellente servizio clienti &#8211; Utente MFG &#8220;<\/h4>\n<p><strong>Vantaggi<\/strong>: eccellente servizio clienti con supporto su domande su software e hardware. Ho ricevuto un supporto eccezionale dal gruppo di assistenza clienti che supporta il sistema EG MFG. Buon valore per il prodotto fornito. Il modulo di contabilit\u00e0 funziona bene per noi e ci consente di utilizzare un sistema per i nostri processi di produzione e le nostre funzioni contabili.<\/p>\n<p><strong>Inconvenienti<\/strong>: alcune delle modifiche apportate tramite gli aggiornamenti sono state piuttosto frustranti e sembrano concentrarsi su pochi clienti selezionati e non hanno senso per il resto. (esempio pi\u00f9 recente: Modulo acquisti &#8211; aggiunta della voce Ubicazione obbligatoria per i destinatari come impostazione predefinita anzich\u00e9 come scelta da effettuare all&#8217;interno delle preferenze dell&#8217;azienda).<\/p>\n<h4>Mackenzie W. &#8220;La mia recensione&#8221;<\/h4>\n<p><strong>Commenti<\/strong>: Adoro usare E2! Letteralmente il software pi\u00f9 semplice e veloce che abbia mai usato. Ci sono state volte in cui E2 mi si \u00e8 bloccato, ma il team di supporto mi ha aiutato a farlo funzionare in modo tempestivo e, per questo, sono grato.<\/p>\n<p><strong>Vantaggi<\/strong>: mi piace la velocit\u00e0 e la precisione di questo software. \u00c8 facile navigare e svolgere il lavoro molto pi\u00f9 rapidamente rispetto ad altri software con cui ho lavorato in passato.<\/p>\n<p><strong>Inconvenienti<\/strong>: a volte pu\u00f2 non essere cos\u00ec facile da usare, spesso mi confondo quando gli ordini non vengono &#8220;elabori&#8221;.<\/p>\n<h4>Aron S. &#8220;E2 Manufacturing Review&#8221;<\/h4>\n<p><strong>Commenti<\/strong>: Crescent ha avuto un&#8217;ottima esperienza con E2. Sento che stiamo scoprendo nuove funzionalit\u00e0 quasi ogni giorno. La lavagna e il modulo di programmazione ci hanno aiutato molto.<\/p>\n<p><strong>Vantaggi<\/strong>: E2 \u00e8 un enorme passo avanti rispetto a come eravamo organizzati. Le potenti funzionalit\u00e0 e le infinite opzioni rendono infinite le possibilit\u00e0 di questo software. Se vuoi eseguire una particolare funzione, le probabilit\u00e0 sono che E2 abbia un modo per farlo.<\/p>\n<p><strong>Inconvenienti<\/strong>: E2 \u00e8 stato un passaggio cos\u00ec drastico da dove veniamo che gli impiegati hanno impiegato molto tempo per adattarsi, quelli che sono disposti a sperimentare con il software e le sue capacit\u00e0 hanno avuto una transizione molto pi\u00f9 semplice di quelli che non lo sono.<\/p>\n<p>&nbsp;<\/p>\n<p>&nbsp;<\/p>\n","protected":false},"excerpt":{"rendered":"<p>E2 Manufacturing System \u00e8 un sistema ERP modulare, offre solide applicazioni che consentono agli utenti di svolgere le proprie attivit\u00e0 in modo efficiente. Ci\u00f2 consente ai processi di lavoro dell&#8217;azienda di continuare a scorrere senza intoppi, poich\u00e9 funzionalit\u00e0 come il monitoraggio dell&#8217;inventario e la pianificazione delle attivit\u00e0 aiutano a eliminare eventuali problemi.\u00a0<\/p>\n","protected":false},"author":19,"featured_media":22497,"parent":22029,"menu_order":0,"comment_status":"open","ping_status":"closed","template":"g1_template_page_review_new.php","meta":{"_acf_changed":false,"cwp_meta_box_check":"Yes","cwp_rev_product_name":"","cwp_rev_product_image":"","wppr_links":[],"cwp_rev_price":"","wppr_options":[],"wppr_pros":[],"wppr_cons":[],"_monsterinsights_skip_tracking":false,"_monsterinsights_sitenote_active":false,"_monsterinsights_sitenote_note":"","_monsterinsights_sitenote_category":0,"footnotes":""},"categories":[120,1654],"tags":[1703,1664,1663,1669,1671,923,1667],"features":[],"class_list":{"0":"post-22495","1":"page","2":"type-page","3":"status-publish","4":"has-post-thumbnail","6":"category-crm-it","7":"category-enterprise-resource-planning-software-erp","8":"tag-e2-manufacturing-system","9":"tag-enterprise-resource-planning","10":"tag-erp","11":"tag-piattaforma-erp","12":"tag-programma-erp","13":"tag-software-erp","14":"tag-soluzione-erp"},"wppr_data":{"cwp_meta_box_check":"Yes","cwp_rev_product_name":"","cwp_rev_product_image":"","cwp_image_link":"image","cwp_rev_price":"","wppr_rating":"0.00"},"acf":[],"yoast_head":"<!-- This site is optimized with the Yoast SEO plugin v27.4 - https:\/\/yoast.com\/product\/yoast-seo-wordpress\/ -->\n<title>E2 Manufacturing System: recensione software ERP - Accurate Reviews<\/title>\n<meta name=\"description\" content=\"E2 Manufacturing System: recensione sistema ERP modulare che consente agli utenti di svolgere le proprie attivit\u00e0 in modo efficiente.\" \/>\n<meta name=\"robots\" content=\"index, follow, max-snippet:-1, max-image-preview:large, max-video-preview:-1\" \/>\n<link rel=\"canonical\" href=\"https:\/\/www.accuratereviews.com\/it\/software-erp-lista-software\/e2-manufacturing-system-recensione\/\" \/>\n<meta property=\"og:locale\" content=\"it_IT\" \/>\n<meta property=\"og:type\" content=\"article\" \/>\n<meta property=\"og:title\" content=\"E2 Manufacturing System: recensione software ERP - Accurate Reviews\" \/>\n<meta property=\"og:description\" content=\"E2 Manufacturing System: recensione sistema ERP modulare che consente agli utenti di svolgere le proprie attivit\u00e0 in modo efficiente.\" \/>\n<meta property=\"og:url\" content=\"https:\/\/www.accuratereviews.com\/it\/software-erp-lista-software\/e2-manufacturing-system-recensione\/\" \/>\n<meta property=\"og:site_name\" content=\"Accurate Reviews\" \/>\n<meta property=\"article:modified_time\" content=\"2021-05-04T14:56:00+00:00\" \/>\n<meta property=\"og:image\" content=\"https:\/\/www.accuratereviews.com\/wp-content\/uploads\/2020\/01\/e2_mfg_logo_lg.png\" \/>\n\t<meta property=\"og:image:width\" content=\"956\" \/>\n\t<meta property=\"og:image:height\" content=\"404\" \/>\n\t<meta property=\"og:image:type\" content=\"image\/png\" \/>\n<meta name=\"twitter:card\" content=\"summary_large_image\" \/>\n<meta name=\"twitter:label1\" content=\"Tempo di lettura stimato\" \/>\n\t<meta name=\"twitter:data1\" content=\"3 minuti\" \/>\n<script type=\"application\/ld+json\" class=\"yoast-schema-graph\">{\"@context\":\"https:\\\/\\\/schema.org\",\"@graph\":[{\"@type\":\"WebPage\",\"@id\":\"https:\\\/\\\/www.accuratereviews.com\\\/it\\\/software-erp-lista-software\\\/e2-manufacturing-system-recensione\\\/\",\"url\":\"https:\\\/\\\/www.accuratereviews.com\\\/it\\\/software-erp-lista-software\\\/e2-manufacturing-system-recensione\\\/\",\"name\":\"E2 Manufacturing System: recensione software ERP - Accurate Reviews\",\"isPartOf\":{\"@id\":\"https:\\\/\\\/www.accuratereviews.com\\\/it\\\/#website\"},\"primaryImageOfPage\":{\"@id\":\"https:\\\/\\\/www.accuratereviews.com\\\/it\\\/software-erp-lista-software\\\/e2-manufacturing-system-recensione\\\/#primaryimage\"},\"image\":{\"@id\":\"https:\\\/\\\/www.accuratereviews.com\\\/it\\\/software-erp-lista-software\\\/e2-manufacturing-system-recensione\\\/#primaryimage\"},\"thumbnailUrl\":\"https:\\\/\\\/www.accuratereviews.com\\\/wp-content\\\/uploads\\\/2020\\\/01\\\/e2_mfg_logo_lg.png\",\"datePublished\":\"2020-01-24T16:26:38+00:00\",\"dateModified\":\"2021-05-04T14:56:00+00:00\",\"description\":\"E2 Manufacturing System: recensione sistema ERP modulare che consente agli utenti di svolgere le proprie attivit\u00e0 in modo efficiente.\",\"breadcrumb\":{\"@id\":\"https:\\\/\\\/www.accuratereviews.com\\\/it\\\/software-erp-lista-software\\\/e2-manufacturing-system-recensione\\\/#breadcrumb\"},\"inLanguage\":\"it-IT\",\"potentialAction\":[{\"@type\":\"ReadAction\",\"target\":[\"https:\\\/\\\/www.accuratereviews.com\\\/it\\\/software-erp-lista-software\\\/e2-manufacturing-system-recensione\\\/\"]}]},{\"@type\":\"ImageObject\",\"inLanguage\":\"it-IT\",\"@id\":\"https:\\\/\\\/www.accuratereviews.com\\\/it\\\/software-erp-lista-software\\\/e2-manufacturing-system-recensione\\\/#primaryimage\",\"url\":\"https:\\\/\\\/www.accuratereviews.com\\\/wp-content\\\/uploads\\\/2020\\\/01\\\/e2_mfg_logo_lg.png\",\"contentUrl\":\"https:\\\/\\\/www.accuratereviews.com\\\/wp-content\\\/uploads\\\/2020\\\/01\\\/e2_mfg_logo_lg.png\",\"width\":956,\"height\":404},{\"@type\":\"BreadcrumbList\",\"@id\":\"https:\\\/\\\/www.accuratereviews.com\\\/it\\\/software-erp-lista-software\\\/e2-manufacturing-system-recensione\\\/#breadcrumb\",\"itemListElement\":[{\"@type\":\"ListItem\",\"position\":1,\"name\":\"Home\",\"item\":\"https:\\\/\\\/www.accuratereviews.com\\\/it\\\/\"},{\"@type\":\"ListItem\",\"position\":2,\"name\":\"ERP Software\",\"item\":\"https:\\\/\\\/www.accuratereviews.com\\\/it\\\/software-erp-lista-software\\\/\"},{\"@type\":\"ListItem\",\"position\":3,\"name\":\"E2 Manufacturing System\"}]},{\"@type\":\"WebSite\",\"@id\":\"https:\\\/\\\/www.accuratereviews.com\\\/it\\\/#website\",\"url\":\"https:\\\/\\\/www.accuratereviews.com\\\/it\\\/\",\"name\":\"Accurate Reviews\",\"description\":\"\",\"potentialAction\":[{\"@type\":\"SearchAction\",\"target\":{\"@type\":\"EntryPoint\",\"urlTemplate\":\"https:\\\/\\\/www.accuratereviews.com\\\/it\\\/?s={search_term_string}\"},\"query-input\":{\"@type\":\"PropertyValueSpecification\",\"valueRequired\":true,\"valueName\":\"search_term_string\"}}],\"inLanguage\":\"it-IT\"}]}<\/script>\n<!-- \/ Yoast SEO plugin. -->","yoast_head_json":{"title":"E2 Manufacturing System: recensione software ERP - Accurate Reviews","description":"E2 Manufacturing System: recensione sistema ERP modulare che consente agli utenti di svolgere le proprie attivit\u00e0 in modo efficiente.","robots":{"index":"index","follow":"follow","max-snippet":"max-snippet:-1","max-image-preview":"max-image-preview:large","max-video-preview":"max-video-preview:-1"},"canonical":"https:\/\/www.accuratereviews.com\/it\/software-erp-lista-software\/e2-manufacturing-system-recensione\/","og_locale":"it_IT","og_type":"article","og_title":"E2 Manufacturing System: recensione software ERP - Accurate Reviews","og_description":"E2 Manufacturing System: recensione sistema ERP modulare che consente agli utenti di svolgere le proprie attivit\u00e0 in modo efficiente.","og_url":"https:\/\/www.accuratereviews.com\/it\/software-erp-lista-software\/e2-manufacturing-system-recensione\/","og_site_name":"Accurate Reviews","article_modified_time":"2021-05-04T14:56:00+00:00","og_image":[{"width":956,"height":404,"url":"https:\/\/www.accuratereviews.com\/wp-content\/uploads\/2020\/01\/e2_mfg_logo_lg.png","type":"image\/png"}],"twitter_card":"summary_large_image","twitter_misc":{"Tempo di lettura stimato":"3 minuti"},"schema":{"@context":"https:\/\/schema.org","@graph":[{"@type":"WebPage","@id":"https:\/\/www.accuratereviews.com\/it\/software-erp-lista-software\/e2-manufacturing-system-recensione\/","url":"https:\/\/www.accuratereviews.com\/it\/software-erp-lista-software\/e2-manufacturing-system-recensione\/","name":"E2 Manufacturing System: recensione software ERP - Accurate Reviews","isPartOf":{"@id":"https:\/\/www.accuratereviews.com\/it\/#website"},"primaryImageOfPage":{"@id":"https:\/\/www.accuratereviews.com\/it\/software-erp-lista-software\/e2-manufacturing-system-recensione\/#primaryimage"},"image":{"@id":"https:\/\/www.accuratereviews.com\/it\/software-erp-lista-software\/e2-manufacturing-system-recensione\/#primaryimage"},"thumbnailUrl":"https:\/\/www.accuratereviews.com\/wp-content\/uploads\/2020\/01\/e2_mfg_logo_lg.png","datePublished":"2020-01-24T16:26:38+00:00","dateModified":"2021-05-04T14:56:00+00:00","description":"E2 Manufacturing System: recensione sistema ERP modulare che consente agli utenti di svolgere le proprie attivit\u00e0 in modo efficiente.","breadcrumb":{"@id":"https:\/\/www.accuratereviews.com\/it\/software-erp-lista-software\/e2-manufacturing-system-recensione\/#breadcrumb"},"inLanguage":"it-IT","potentialAction":[{"@type":"ReadAction","target":["https:\/\/www.accuratereviews.com\/it\/software-erp-lista-software\/e2-manufacturing-system-recensione\/"]}]},{"@type":"ImageObject","inLanguage":"it-IT","@id":"https:\/\/www.accuratereviews.com\/it\/software-erp-lista-software\/e2-manufacturing-system-recensione\/#primaryimage","url":"https:\/\/www.accuratereviews.com\/wp-content\/uploads\/2020\/01\/e2_mfg_logo_lg.png","contentUrl":"https:\/\/www.accuratereviews.com\/wp-content\/uploads\/2020\/01\/e2_mfg_logo_lg.png","width":956,"height":404},{"@type":"BreadcrumbList","@id":"https:\/\/www.accuratereviews.com\/it\/software-erp-lista-software\/e2-manufacturing-system-recensione\/#breadcrumb","itemListElement":[{"@type":"ListItem","position":1,"name":"Home","item":"https:\/\/www.accuratereviews.com\/it\/"},{"@type":"ListItem","position":2,"name":"ERP Software","item":"https:\/\/www.accuratereviews.com\/it\/software-erp-lista-software\/"},{"@type":"ListItem","position":3,"name":"E2 Manufacturing System"}]},{"@type":"WebSite","@id":"https:\/\/www.accuratereviews.com\/it\/#website","url":"https:\/\/www.accuratereviews.com\/it\/","name":"Accurate Reviews","description":"","potentialAction":[{"@type":"SearchAction","target":{"@type":"EntryPoint","urlTemplate":"https:\/\/www.accuratereviews.com\/it\/?s={search_term_string}"},"query-input":{"@type":"PropertyValueSpecification","valueRequired":true,"valueName":"search_term_string"}}],"inLanguage":"it-IT"}]}},"_links":{"self":[{"href":"https:\/\/www.accuratereviews.com\/it\/wp-json\/wp\/v2\/pages\/22495","targetHints":{"allow":["GET"]}}],"collection":[{"href":"https:\/\/www.accuratereviews.com\/it\/wp-json\/wp\/v2\/pages"}],"about":[{"href":"https:\/\/www.accuratereviews.com\/it\/wp-json\/wp\/v2\/types\/page"}],"author":[{"embeddable":true,"href":"https:\/\/www.accuratereviews.com\/it\/wp-json\/wp\/v2\/users\/19"}],"replies":[{"embeddable":true,"href":"https:\/\/www.accuratereviews.com\/it\/wp-json\/wp\/v2\/comments?post=22495"}],"version-history":[{"count":10,"href":"https:\/\/www.accuratereviews.com\/it\/wp-json\/wp\/v2\/pages\/22495\/revisions"}],"predecessor-version":[{"id":41845,"href":"https:\/\/www.accuratereviews.com\/it\/wp-json\/wp\/v2\/pages\/22495\/revisions\/41845"}],"up":[{"embeddable":true,"href":"https:\/\/www.accuratereviews.com\/it\/wp-json\/wp\/v2\/pages\/22029"}],"wp:featuredmedia":[{"embeddable":true,"href":"https:\/\/www.accuratereviews.com\/it\/wp-json\/wp\/v2\/media\/22497"}],"wp:attachment":[{"href":"https:\/\/www.accuratereviews.com\/it\/wp-json\/wp\/v2\/media?parent=22495"}],"wp:term":[{"taxonomy":"category","embeddable":true,"href":"https:\/\/www.accuratereviews.com\/it\/wp-json\/wp\/v2\/categories?post=22495"},{"taxonomy":"post_tag","embeddable":true,"href":"https:\/\/www.accuratereviews.com\/it\/wp-json\/wp\/v2\/tags?post=22495"},{"taxonomy":"features","embeddable":true,"href":"https:\/\/www.accuratereviews.com\/it\/wp-json\/wp\/v2\/features?post=22495"}],"curies":[{"name":"wp","href":"https:\/\/api.w.org\/{rel}","templated":true}]}}