{"id":22505,"date":"2020-01-24T16:27:40","date_gmt":"2020-01-24T16:27:40","guid":{"rendered":"https:\/\/www.accuratereviews.com\/?page_id=22505"},"modified":"2020-01-24T16:27:40","modified_gmt":"2020-01-24T16:27:40","slug":"orderwise-recensione","status":"publish","type":"page","link":"https:\/\/www.accuratereviews.com\/it\/software-erp-lista-software\/orderwise-recensione\/","title":{"rendered":"OrderWise"},"content":{"rendered":"<p class=\"h2 mb-0\"><strong>OrderWise<\/strong> \u00e8 un <strong>software di Enterprise Resource Planning<\/strong> completo, scalabile e progettato per gestire e monitorare le operazioni in modo efficace ed efficiente. Si tratta di un <strong>programma ERP<\/strong> che si pone come obiettivo quello di far aumentare la produzione e migliorare l&#8217;organizzazione del tuo lavoro aziendale riuscendo anche a farti risparmiare tempo. Infatti ottimizza tutti i processi inerenti la tua azienda utilizzando strumenti avanzati per l&#8217;elaborazione degli ordini, la gestione delle scorte e dell&#8217;inventario, la contabilit\u00e0 e la gestione finanziaria. <strong>OrderWise<\/strong>, inoltre, va in contro alle esigenze di tutti consentendoti di acquistare solamente le funzionalit\u00e0 di cui hai bisogno.<\/p>\n<h2>COME UTILIZZARE ORDERWISE &#8211; TUTORIAL<\/h2>\n<p>Ecco un video che pu\u00f2 spiegarci come usare questo programma:<\/p>\n<div id=\"fluid-wrapper-counter-1\" class=\"g1-fluid-wrapper \" style=\"width:686px;\">\n<div style=\"padding-bottom:56.268221574344%;\"><iframe loading=\"lazy\" title=\"OrderWise Despatch Overview\" width=\"686\" height=\"386\" src=\"https:\/\/www.youtube.com\/embed\/mGu4Sem7e4I?feature=oembed&amp;wmode=transparent&amp;autohide=1&amp;autoplay=0&amp;disablekb=0&amp;fs=1&amp;loop=0&amp;enablejsapi=1&amp;rel=0&amp;controls=2&amp;showinfo=0&amp;wmode=transparent&amp;autohide=2&amp;autoplay=0&amp;disablekb=0&amp;fs=1&amp;loop=0&amp;enablejsapi=1&amp;rel=0&amp;controls=2&amp;showinfo=1\" frameborder=\"0\" allow=\"accelerometer; autoplay; encrypted-media; gyroscope; picture-in-picture\" allowfullscreen><\/iframe><\/div>\n<\/div>\n<h3>ORDERWISE &#8211; CARATTERISTICHE<\/h3>\n<p>Diamo un&#8217;occhiata alle sue caratteristiche principali:<\/p>\n<ul>\n<li><strong>Gestione dell&#8217;ecommerce<\/strong>: automatizza il trading gestendo tutti gli ordini di siti web, marketplace e EDI da un hub centrale<\/li>\n<li><strong>Controllo delle scorte<\/strong>: tieni traccia delle tue scorte in modo da avere una visione completa delle scorte su una o pi\u00f9 posizioni<\/li>\n<li><strong>Gestione degli acquisti<\/strong>: ottieni visibilit\u00e0 totale, soddisfa il potenziale di vendita e ottieni il controllo completo degli acquisti<\/li>\n<li><strong>Gestione del magazzino<\/strong>: riduci i costi e aumenta l&#8217;efficienza con potenti dispositivi mobili WMS e robotica di magazzino<\/li>\n<li><strong>Strumenti di Business Intelligence<\/strong>: identifica nuove opportunit\u00e0 di vendita, individua le tendenze e prendi decisioni in tempo reale con fiducia<\/li>\n<li><strong>Gestione delle relazioni con i clienti (CRM)<\/strong>: ottieni una visione completa di tutte le interazioni con i clienti per costruire relazioni pi\u00f9 redditizie e migliorare i livelli di servizio<\/li>\n<li><strong>Gestione della produzione<\/strong>: assumi la gestione completa della distinta base e degli ordini di lavoro, da bundle e kit a complesse build multistadio.<\/li>\n<\/ul>\n<h3>LE RECENSIONI DEGLI UTENTI<\/h3>\n<p><strong>&#8220;Ha rivoluzionato il nostro business&#8221;<\/strong><br \/>\nIN GENERALE: il team OrderWise \u00e8 stato fantastico. Il team di vendita, il team di formazione, il team dal vivo e ora il nostro account manager sono sempre stati cos\u00ec ben informati, accomodanti e molto cordiali. Lo sforzo che tutti hanno fatto per conoscere la nostra attivit\u00e0 e lavorare con noi \u00e8 stato fantastico.<br \/>\nPRO: OW ha la capacit\u00e0 di consentire all&#8217;azienda di crescere e il software cresce con noi. Ci sono cos\u00ec tante funzioni che rendono l&#8217;azienda pi\u00f9 efficiente.<br \/>\nCONTRO: Apprezzo il fatto che ci sia bisogno di un costo per lo sviluppo, ma ci sono state alcune richieste in cui pensavo che la funzione dovesse essere inclusa o il costo sarebbe stato ripido per un piccolo cambiamento.<\/p>\n<p><strong>&#8220;Trasformazione OrderWise&#8221;<\/strong><br \/>\nIN GENERALE: maggiore efficienza in tutta la mia attivit\u00e0, molto facile da usare per i clienti e gli utenti per quanto riguarda la disponibilit\u00e0 delle scorte, gli ordini arretrati, lo stato dei singoli conti, la rendicontazione \u00e8 sorprendente.<br \/>\nPRO: Facilit\u00e0 d&#8217;uso, miglior team di supporto che abbia mai visto, sviluppando sempre funzioni pi\u00f9 utili, convenienti.<br \/>\nCONTRO: Adoro tutto di questo software e ad oggi non ho trovato alcun aspetto negativo<\/p>\n<p><strong>&#8220;Grande personalizzazione&#8221;<\/strong><br \/>\nPRO: Le opzioni per la personalizzazione all&#8217;interno del software sono fantastiche, ci \u00e8 voluto un po&#8217; di tempo, ma siamo gradualmente riusciti a personalizzare il software in base alle nostre esigenze. Anche la capacit\u00e0 di creare nuovi report (con conoscenza di SQL) \u00e8 fantastica per poter aggiungere report per quasi tutto ci\u00f2 di cui hai bisogno<br \/>\nCONTRO: Alcune aree del software sono piuttosto rigide e non perdonano se si commette un errore. Tecnicamente questo pu\u00f2 essere molto utile per motivi di tracciabilit\u00e0, tuttavia, se sono state apportate molte modifiche allo stock, \u00e8 possibile rendere piuttosto complicati i report di tracciabilit\u00e0 dei lotti.<\/p>\n","protected":false},"excerpt":{"rendered":"<p>OrderWise \u00e8 un software di Enterprise Resource Planning completo, scalabile e progettato per gestire e monitorare le operazioni in modo efficace ed efficiente. Si tratta di un programma ERP che si pone come obiettivo quello di far aumentare la produzione e migliorare l&#8217;organizzazione del tuo lavoro aziendale riuscendo anche a farti risparmiare tempo.<\/p>\n","protected":false},"author":17,"featured_media":22507,"parent":22029,"menu_order":0,"comment_status":"open","ping_status":"closed","template":"g1_template_page_review_new.php","meta":{"_acf_changed":false,"cwp_meta_box_check":"Yes","cwp_rev_product_name":"","cwp_rev_product_image":"","wppr_links":[],"cwp_rev_price":"","wppr_options":[],"wppr_pros":[],"wppr_cons":[],"_monsterinsights_skip_tracking":false,"_monsterinsights_sitenote_active":false,"_monsterinsights_sitenote_note":"","_monsterinsights_sitenote_category":0,"footnotes":""},"categories":[1654],"tags":[1664,1663,1669,1704,923],"features":[],"class_list":{"0":"post-22505","1":"page","2":"type-page","3":"status-publish","4":"has-post-thumbnail","6":"category-enterprise-resource-planning-software-erp","7":"tag-enterprise-resource-planning","8":"tag-erp","9":"tag-piattaforma-erp","10":"tag-sistema-erp","11":"tag-software-erp"},"wppr_data":{"cwp_meta_box_check":"Yes","cwp_rev_product_name":"","cwp_rev_product_image":"","cwp_image_link":"image","cwp_rev_price":"","wppr_rating":"0.00"},"acf":[],"yoast_head":"<!-- This site is optimized with the Yoast SEO plugin v27.4 - https:\/\/yoast.com\/product\/yoast-seo-wordpress\/ -->\n<title>OrderWise: recensione software ERP - Accurate Reviews<\/title>\n<meta name=\"description\" content=\"OrderWise: recensione del software ERP completo, scalabile e progettato per gestire e monitorare le operazioni in modo efficace ed efficiente.\" \/>\n<meta name=\"robots\" content=\"index, follow, max-snippet:-1, max-image-preview:large, max-video-preview:-1\" \/>\n<link rel=\"canonical\" href=\"https:\/\/www.accuratereviews.com\/it\/software-erp-lista-software\/orderwise-recensione\/\" \/>\n<meta property=\"og:locale\" content=\"it_IT\" \/>\n<meta property=\"og:type\" content=\"article\" \/>\n<meta property=\"og:title\" content=\"OrderWise: recensione software ERP - Accurate Reviews\" \/>\n<meta property=\"og:description\" content=\"OrderWise: recensione del software ERP completo, scalabile e progettato per gestire e monitorare le operazioni in modo efficace ed efficiente.\" \/>\n<meta property=\"og:url\" content=\"https:\/\/www.accuratereviews.com\/it\/software-erp-lista-software\/orderwise-recensione\/\" \/>\n<meta property=\"og:site_name\" content=\"Accurate Reviews\" \/>\n<meta property=\"og:image\" content=\"https:\/\/www.accuratereviews.com\/wp-content\/uploads\/2020\/01\/Schermata-2020-01-24-alle-16.27.58.png\" \/>\n\t<meta property=\"og:image:width\" content=\"1002\" \/>\n\t<meta property=\"og:image:height\" content=\"550\" \/>\n\t<meta property=\"og:image:type\" content=\"image\/png\" \/>\n<meta name=\"twitter:card\" content=\"summary_large_image\" \/>\n<meta name=\"twitter:label1\" content=\"Tempo di lettura stimato\" \/>\n\t<meta name=\"twitter:data1\" content=\"3 minuti\" \/>\n<script type=\"application\/ld+json\" class=\"yoast-schema-graph\">{\"@context\":\"https:\\\/\\\/schema.org\",\"@graph\":[{\"@type\":\"WebPage\",\"@id\":\"https:\\\/\\\/www.accuratereviews.com\\\/it\\\/software-erp-lista-software\\\/orderwise-recensione\\\/\",\"url\":\"https:\\\/\\\/www.accuratereviews.com\\\/it\\\/software-erp-lista-software\\\/orderwise-recensione\\\/\",\"name\":\"OrderWise: recensione software ERP - Accurate Reviews\",\"isPartOf\":{\"@id\":\"https:\\\/\\\/www.accuratereviews.com\\\/it\\\/#website\"},\"primaryImageOfPage\":{\"@id\":\"https:\\\/\\\/www.accuratereviews.com\\\/it\\\/software-erp-lista-software\\\/orderwise-recensione\\\/#primaryimage\"},\"image\":{\"@id\":\"https:\\\/\\\/www.accuratereviews.com\\\/it\\\/software-erp-lista-software\\\/orderwise-recensione\\\/#primaryimage\"},\"thumbnailUrl\":\"https:\\\/\\\/www.accuratereviews.com\\\/wp-content\\\/uploads\\\/2020\\\/01\\\/Schermata-2020-01-24-alle-16.27.58.png\",\"datePublished\":\"2020-01-24T16:27:40+00:00\",\"description\":\"OrderWise: recensione del software ERP completo, scalabile e progettato per gestire e monitorare le operazioni in modo efficace ed efficiente.\",\"breadcrumb\":{\"@id\":\"https:\\\/\\\/www.accuratereviews.com\\\/it\\\/software-erp-lista-software\\\/orderwise-recensione\\\/#breadcrumb\"},\"inLanguage\":\"it-IT\",\"potentialAction\":[{\"@type\":\"ReadAction\",\"target\":[\"https:\\\/\\\/www.accuratereviews.com\\\/it\\\/software-erp-lista-software\\\/orderwise-recensione\\\/\"]}]},{\"@type\":\"ImageObject\",\"inLanguage\":\"it-IT\",\"@id\":\"https:\\\/\\\/www.accuratereviews.com\\\/it\\\/software-erp-lista-software\\\/orderwise-recensione\\\/#primaryimage\",\"url\":\"https:\\\/\\\/www.accuratereviews.com\\\/wp-content\\\/uploads\\\/2020\\\/01\\\/Schermata-2020-01-24-alle-16.27.58.png\",\"contentUrl\":\"https:\\\/\\\/www.accuratereviews.com\\\/wp-content\\\/uploads\\\/2020\\\/01\\\/Schermata-2020-01-24-alle-16.27.58.png\",\"width\":1002,\"height\":550},{\"@type\":\"BreadcrumbList\",\"@id\":\"https:\\\/\\\/www.accuratereviews.com\\\/it\\\/software-erp-lista-software\\\/orderwise-recensione\\\/#breadcrumb\",\"itemListElement\":[{\"@type\":\"ListItem\",\"position\":1,\"name\":\"Home\",\"item\":\"https:\\\/\\\/www.accuratereviews.com\\\/it\\\/\"},{\"@type\":\"ListItem\",\"position\":2,\"name\":\"ERP Software\",\"item\":\"https:\\\/\\\/www.accuratereviews.com\\\/it\\\/software-erp-lista-software\\\/\"},{\"@type\":\"ListItem\",\"position\":3,\"name\":\"OrderWise\"}]},{\"@type\":\"WebSite\",\"@id\":\"https:\\\/\\\/www.accuratereviews.com\\\/it\\\/#website\",\"url\":\"https:\\\/\\\/www.accuratereviews.com\\\/it\\\/\",\"name\":\"Accurate Reviews\",\"description\":\"\",\"potentialAction\":[{\"@type\":\"SearchAction\",\"target\":{\"@type\":\"EntryPoint\",\"urlTemplate\":\"https:\\\/\\\/www.accuratereviews.com\\\/it\\\/?s={search_term_string}\"},\"query-input\":{\"@type\":\"PropertyValueSpecification\",\"valueRequired\":true,\"valueName\":\"search_term_string\"}}],\"inLanguage\":\"it-IT\"}]}<\/script>\n<!-- \/ Yoast SEO plugin. -->","yoast_head_json":{"title":"OrderWise: recensione software ERP - Accurate Reviews","description":"OrderWise: recensione del software ERP completo, scalabile e progettato per gestire e monitorare le operazioni in modo efficace ed efficiente.","robots":{"index":"index","follow":"follow","max-snippet":"max-snippet:-1","max-image-preview":"max-image-preview:large","max-video-preview":"max-video-preview:-1"},"canonical":"https:\/\/www.accuratereviews.com\/it\/software-erp-lista-software\/orderwise-recensione\/","og_locale":"it_IT","og_type":"article","og_title":"OrderWise: recensione software ERP - Accurate Reviews","og_description":"OrderWise: recensione del software ERP completo, scalabile e progettato per gestire e monitorare le operazioni in modo efficace ed efficiente.","og_url":"https:\/\/www.accuratereviews.com\/it\/software-erp-lista-software\/orderwise-recensione\/","og_site_name":"Accurate Reviews","og_image":[{"width":1002,"height":550,"url":"https:\/\/www.accuratereviews.com\/wp-content\/uploads\/2020\/01\/Schermata-2020-01-24-alle-16.27.58.png","type":"image\/png"}],"twitter_card":"summary_large_image","twitter_misc":{"Tempo di lettura stimato":"3 minuti"},"schema":{"@context":"https:\/\/schema.org","@graph":[{"@type":"WebPage","@id":"https:\/\/www.accuratereviews.com\/it\/software-erp-lista-software\/orderwise-recensione\/","url":"https:\/\/www.accuratereviews.com\/it\/software-erp-lista-software\/orderwise-recensione\/","name":"OrderWise: recensione software ERP - Accurate Reviews","isPartOf":{"@id":"https:\/\/www.accuratereviews.com\/it\/#website"},"primaryImageOfPage":{"@id":"https:\/\/www.accuratereviews.com\/it\/software-erp-lista-software\/orderwise-recensione\/#primaryimage"},"image":{"@id":"https:\/\/www.accuratereviews.com\/it\/software-erp-lista-software\/orderwise-recensione\/#primaryimage"},"thumbnailUrl":"https:\/\/www.accuratereviews.com\/wp-content\/uploads\/2020\/01\/Schermata-2020-01-24-alle-16.27.58.png","datePublished":"2020-01-24T16:27:40+00:00","description":"OrderWise: recensione del software ERP completo, scalabile e progettato per gestire e monitorare le operazioni in modo efficace ed efficiente.","breadcrumb":{"@id":"https:\/\/www.accuratereviews.com\/it\/software-erp-lista-software\/orderwise-recensione\/#breadcrumb"},"inLanguage":"it-IT","potentialAction":[{"@type":"ReadAction","target":["https:\/\/www.accuratereviews.com\/it\/software-erp-lista-software\/orderwise-recensione\/"]}]},{"@type":"ImageObject","inLanguage":"it-IT","@id":"https:\/\/www.accuratereviews.com\/it\/software-erp-lista-software\/orderwise-recensione\/#primaryimage","url":"https:\/\/www.accuratereviews.com\/wp-content\/uploads\/2020\/01\/Schermata-2020-01-24-alle-16.27.58.png","contentUrl":"https:\/\/www.accuratereviews.com\/wp-content\/uploads\/2020\/01\/Schermata-2020-01-24-alle-16.27.58.png","width":1002,"height":550},{"@type":"BreadcrumbList","@id":"https:\/\/www.accuratereviews.com\/it\/software-erp-lista-software\/orderwise-recensione\/#breadcrumb","itemListElement":[{"@type":"ListItem","position":1,"name":"Home","item":"https:\/\/www.accuratereviews.com\/it\/"},{"@type":"ListItem","position":2,"name":"ERP Software","item":"https:\/\/www.accuratereviews.com\/it\/software-erp-lista-software\/"},{"@type":"ListItem","position":3,"name":"OrderWise"}]},{"@type":"WebSite","@id":"https:\/\/www.accuratereviews.com\/it\/#website","url":"https:\/\/www.accuratereviews.com\/it\/","name":"Accurate Reviews","description":"","potentialAction":[{"@type":"SearchAction","target":{"@type":"EntryPoint","urlTemplate":"https:\/\/www.accuratereviews.com\/it\/?s={search_term_string}"},"query-input":{"@type":"PropertyValueSpecification","valueRequired":true,"valueName":"search_term_string"}}],"inLanguage":"it-IT"}]}},"_links":{"self":[{"href":"https:\/\/www.accuratereviews.com\/it\/wp-json\/wp\/v2\/pages\/22505","targetHints":{"allow":["GET"]}}],"collection":[{"href":"https:\/\/www.accuratereviews.com\/it\/wp-json\/wp\/v2\/pages"}],"about":[{"href":"https:\/\/www.accuratereviews.com\/it\/wp-json\/wp\/v2\/types\/page"}],"author":[{"embeddable":true,"href":"https:\/\/www.accuratereviews.com\/it\/wp-json\/wp\/v2\/users\/17"}],"replies":[{"embeddable":true,"href":"https:\/\/www.accuratereviews.com\/it\/wp-json\/wp\/v2\/comments?post=22505"}],"version-history":[{"count":3,"href":"https:\/\/www.accuratereviews.com\/it\/wp-json\/wp\/v2\/pages\/22505\/revisions"}],"predecessor-version":[{"id":22518,"href":"https:\/\/www.accuratereviews.com\/it\/wp-json\/wp\/v2\/pages\/22505\/revisions\/22518"}],"up":[{"embeddable":true,"href":"https:\/\/www.accuratereviews.com\/it\/wp-json\/wp\/v2\/pages\/22029"}],"wp:featuredmedia":[{"embeddable":true,"href":"https:\/\/www.accuratereviews.com\/it\/wp-json\/wp\/v2\/media\/22507"}],"wp:attachment":[{"href":"https:\/\/www.accuratereviews.com\/it\/wp-json\/wp\/v2\/media?parent=22505"}],"wp:term":[{"taxonomy":"category","embeddable":true,"href":"https:\/\/www.accuratereviews.com\/it\/wp-json\/wp\/v2\/categories?post=22505"},{"taxonomy":"post_tag","embeddable":true,"href":"https:\/\/www.accuratereviews.com\/it\/wp-json\/wp\/v2\/tags?post=22505"},{"taxonomy":"features","embeddable":true,"href":"https:\/\/www.accuratereviews.com\/it\/wp-json\/wp\/v2\/features?post=22505"}],"curies":[{"name":"wp","href":"https:\/\/api.w.org\/{rel}","templated":true}]}}